{"id":109,"date":"2024-07-02T12:08:32","date_gmt":"2024-07-02T12:08:32","guid":{"rendered":"http:\/\/localhost\/hommywp\/pa-c6-c-outdoor-self-pizza-vending-machine-24-hours-a-day\/"},"modified":"2025-08-01T09:57:26","modified_gmt":"2025-08-01T09:57:26","slug":"pa-c6-c-distributeur-automatique-de-pizzas-en-plein-air-en-24-heures","status":"publish","type":"product","link":"https:\/\/www.hommy.com\/fr\/p\/pa-c6-c-distributeur-automatique-de-pizzas-en-plein-air-en-24-heures\/","title":{"rendered":"Pa-C6-C Distributeur automatique de pizzas pour l'ext\u00e9rieur 24 heures sur 24"},"content":{"rendered":"<div>\n<h1 style=\"text-align: center\"><span style=\"font-family: arial, helvetica, sans-serif\"><strong><span style=\"letter-spacing: 0px;font-size: 24px\"><a name=\"Outdoor Automatic Infrared Heating Vending Pizza Machine\"><\/a>Distributeur automatique de pizzas \u00e0 chauffage infrarouge pour l'ext\u00e9rieur<\/span><\/strong><\/span><\/h1>\n<p style=\"text-align: center\"><a href=\"#Outdoor Automatic Infrared Heating Vending Pizza Machine\" target=\"_self\" data-lv=\"0\" rel=\"noopener\"><span style=\"letter-spacing: 0px;font-family: arial, helvetica, sans-serif;font-size: 18px\">Distributeur automatique de pizzas \u00e0 chauffage infrarouge pour l'ext\u00e9rieur<\/span><\/a><span style=\"letter-spacing: 0px;font-family: arial, helvetica, sans-serif;font-size: 18px\">|<a href=\"#Product Features\" target=\"_self\" data-lv=\"0\" rel=\"noopener\">Caract\u00e9ristiques du produit<\/a>|<a href=\"#Product specification\" target=\"_self\" data-lv=\"0\" rel=\"noopener\">Sp\u00e9cification du produit<\/a>|<a href=\"#Product Advantage\" target=\"_self\" data-lv=\"0\" rel=\"noopener\">Avantages du produit<\/a><\/span><\/p>\n<p style=\"text-align: center\"><span style=\"font-family: arial, helvetica, sans-serif\"><strong><span style=\"letter-spacing: 0px;font-size: 24px\"><br \/><\/span><\/strong><\/span><\/p>\n<p><\/p>\n<p style=\"text-align: center\">&nbsp;&nbsp;&nbsp;&nbsp;<\/p>\n<p>Le distributeur automatique de pizzas pour l'ext\u00e9rieur est tr\u00e8s simple \u00e0 utiliser et est con\u00e7u pour vous servir des pizzas de la meilleure qualit\u00e9.<\/p>\n<p><\/p>\n<p>Nous fabriquons et fournissons des distributeurs automatiques de pizzas pour l'ext\u00e9rieur qui peuvent \u00eatre utilis\u00e9s par n'importe qui sans aucune comp\u00e9tence technique. Le distributeur automatique de pizzas pour l'ext\u00e9rieur est fabriqu\u00e9 dans notre unit\u00e9 de production bien \u00e9quip\u00e9e et constitue une solution simple pour commander et livrer des pizzas dans vos locaux.<\/p>\n<p><\/p>\n<p>Notre distributeur automatique de pizzas pour l'ext\u00e9rieur est con\u00e7u avec les derni\u00e8res technologies pour garantir que le produit est s\u00fbr et qu'il fournit les meilleures pizzas. Nous proposons diff\u00e9rents mod\u00e8les de distributeurs automatiques de pizzas pour l'ext\u00e9rieur sur le march\u00e9.<\/p>\n<p><span style=\"font-family:\u5b8b\u4f53;letter-spacing:0;font-size:29px\"><\/span><\/p>\n<div class=\"d-tem01-graphic tem01-graphic mockup\" data-detail=\"wrap\">\n<div class=\"cont-section clearfix d-clearfix\">\n<div class=\"col-md-6 col-sm-6 col-xs-6\"><\/p>\n<div class=\"graphic_pic animated wow bounceIn\" data-wow-delay=\".7s\">\n<p style=\"text-align:center\"><img decoding=\"async\" src=\"https:\/\/www.hommy.com\/wp-content\/uploads\/16104204436504.png\" alt=\"product-Hommy-PA-C6-C Distributeur automatique de pizzas pour l&#039;ext\u00e9rieur en 24 heures-img\" title=\"\"><\/p>\n<\/div>\n<\/div>\n<div class=\"col-md-6 col-sm-6 col-xs-6\">\n<div class=\"right-p\">\n<div class=\"h2 heading\">\n<h1 style=\"margin: 0px;text-indent: 0px;text-align: justify\"><strong><span style=\"letter-spacing: 0px;font-family: arial, helvetica, sans-serif;font-size: 24px\"><a name=\"Product Features\"><\/a>Caract\u00e9ristiques du produit<\/span><\/strong><\/h1>\n<p style=\"margin-top:0;margin-right:0;margin-bottom:0;margin-left:0;text-indent:0;text-align:justify\"><span style=\"font-family:\u5b8b\u4f53;letter-spacing:0;font-size:29px\"><br \/><\/span><\/p>\n<p><span style=\"font-family: arial, helvetica, sans-serif;font-size: 18px\">1. \u00c9cran de 55\" pour la promotion et \u00e9cran de 15\" pour l'exploitation.<\/span><\/p>\n<p><span style=\"font-family: arial, helvetica, sans-serif;font-size: 18px\">2. Le syst\u00e8me de paiement accepte les pi\u00e8ces de monnaie, les billets, les pi\u00e8ces de monnaie Exchang, les cartes de cr\u00e9dit.<\/span><\/p>\n<p><span style=\"font-family: arial, helvetica, sans-serif;font-size: 18px\">3. Le cong\u00e9lateur \u00e0 l'int\u00e9rieur peut conserver 48pcs 10 \"pizza et garder la temp\u00e9rature de -8\u2103 \u00e0 10\u2103. <\/span><\/p>\n<p><span style=\"font-family: arial, helvetica, sans-serif;font-size: 18px\">4. La machine contient 48 bo\u00eetes de papier.<\/span><\/p>\n<p><span style=\"font-family: arial, helvetica, sans-serif;font-size: 18px\">5. Carte de contr\u00f4le PC avanc\u00e9e, fonction bien programm\u00e9e et fonctionnement stable.<\/span><\/p>\n<p><span style=\"font-family: arial, helvetica, sans-serif;font-size: 18px\">6. L'int\u00e9rieur du cong\u00e9lateur est \u00e9quip\u00e9 d'un \u00e9cran publicitaire de grande taille et d'une fonction de pasteurisation. <\/span><\/p>\n<p style=\"margin-left:0;text-indent:0\"><span style=\"font-family: arial, helvetica, sans-serif;font-size: 18px\">7. La temp\u00e9rature du cong\u00e9lateur peut \u00eatre r\u00e9gl\u00e9e en fonction des diff\u00e9rents produits, avec une fonction de d\u00e9givrage automatique, afin de garantir le fonctionnement normal de la machine dans des conditions de temp\u00e9rature et d'humidit\u00e9 \u00e9lev\u00e9es ;<\/span><\/p>\n<p style=\"margin-left:0;text-indent:0\"><span style=\"letter-spacing: 0px;font-family: arial, helvetica, sans-serif;font-size: 18px\">8. Temp\u00e9rature de chauffage infrarouge <span style=\"letter-spacing: 0px;font-size: 21px;font-family: \u5b8b\u4f53\">\uff1a<\/span>60-300\u2103 besoin de 45-55 secondes pour cuire une pizza.<\/span><\/p>\n<p style=\"margin-left:0;text-indent:0\"><span style=\"letter-spacing: 0px;font-family: arial, helvetica, sans-serif;font-size: 18px\">9.  Dimensions de la maison infrarouge :400X400X300mm et puissance :3000W . <\/span><\/p>\n<p style=\"margin-left:0;text-indent:0\"><span style=\"font-family: arial, helvetica, sans-serif;font-size: 18px\">10. Il existe une fonction de protection contre les pannes de courant, la machine indique toujours l'\u00e9tat d'alimentation, poss\u00e8de la fonction de m\u00e9moire, la fonction de protection contre les fuites dues \u00e0 la surcharge, ce qui garantit un fonctionnement s\u00fbr de la machine. <\/span><\/p>\n<p style=\"margin-top:0;margin-right:0;margin-bottom:0;margin-left:0;text-indent:0;text-align:justify\"><span style=\"letter-spacing: 0px;font-family: arial, helvetica, sans-serif;font-size: 18px\">11. La langue peut \u00eatre adapt\u00e9e en fonction du pays. <\/span><\/p>\n<p style=\"margin-top:0;margin-right:0;margin-bottom:0;margin-left:0;text-indent:0;text-align:justify\"><span style=\"letter-spacing: 0px;font-family: arial, helvetica, sans-serif;font-size: 18px\">12. 48 jeux de pizzas sont stock\u00e9s \u00e0 l'int\u00e9rieur de la machine.<\/span><\/p>\n<p style=\"margin-left:0;text-indent:0\"><span style=\"font-family: arial, helvetica, sans-serif;font-size: 18px\">13. Syst\u00e8me informatique de gestion \u00e0 distance : interrogation des d\u00e9tails des ventes, rappel des p\u00e9nuries, rappel des pannes de machine.<\/span><\/p>\n<p style=\"margin-left:0;text-indent:0\"><span style=\"font-family: arial, helvetica, sans-serif;font-size: 18px\"><span style=\"font-family: Calibri;font-size: 21px\">14. si vous voulez placer la machine \u00e0 l'ext\u00e9rieur du centre commercial, vous pouvez ajouter un toit qui peut <\/span>maintenir \u00e0 l'\u00e9cart <span style=\"font-family: Calibri;font-size: 21px\">Vent et <\/span><\/span><\/p>\n<p><span style=\"font-size: 18px;font-family: arial, helvetica, sans-serif\">La pluie, ce toit en m\u00e9tal et la<\/span><span style=\"font-family: arial, helvetica, sans-serif;font-size: 18px\">n Peinture en a\u00e9rosol .&nbsp;&nbsp;<\/span><\/p>\n<p><span>&nbsp; &nbsp;<\/span><\/div>\n<\/div>\n<\/div>\n<\/div>\n<\/div>\n<h1><span style=\"font-family: arial, helvetica, sans-serif;font-size: 24px\"><strong><span style=\"font-family: arial, helvetica, sans-serif;letter-spacing: 0px\"><a name=\"Product specification\"><\/a>Sp\u00e9cification du produit<\/span><\/strong><\/span><\/h1>\n<p><img decoding=\"async\" src=\"https:\/\/www.hommy.com\/wp-content\/uploads\/16104204084083.png\" alt=\"produit-Hommy-img\" title=\"\"><\/p>\n<p><\/p>\n<p><span style=\"font-size: 24px;font-family: arial, helvetica, sans-serif\"><strong><span style=\"font-size: 24px;letter-spacing: 0px\"><a name=\"Product Advantage\"><\/a>Avantages du produit<\/span><\/strong><\/span><\/p>\n<p><span style=\"font-size: 24px;font-family: arial, helvetica, sans-serif\"><strong><span style=\"font-size: 24px;letter-spacing: 0px\"><\/span><\/strong><\/span><\/p>\n<div class=\"d-tem01-graphic tem01-graphic mockup\" data-detail=\"wrap\">\n<div class=\"cont-section clearfix d-clearfix\">\n<div class=\"col-md-6 col-sm-6 col-xs-6\">\n<div class=\"right-p\">\n<p><span style=\"font-family: arial, helvetica, sans-serif;font-size: 18px\">1. \u00c9cran de 55\" pour la promotion et \u00e9cran de 15\" pour l'exploitation.<\/span><\/p>\n<p><span style=\"font-family: Calibri;font-size: 21px\"><br \/><\/span><\/p>\n<p><span style=\"font-family: Calibri;font-size: 21px\"><br \/><\/span><\/p>\n<\/div>\n<div class=\"graphic_pic animated wow bounceIn\" data-wow-delay=\".7s\">\n<p style=\"text-align:center\"><img loading=\"lazy\" decoding=\"async\" src=\"https:\/\/www.hommy.com\/wp-content\/uploads\/16104196119247.jpg\" alt=\"produit-Hommy-img\" title=\"\" width=\"350\" height=\"500\" border=\"0\" vspace=\"0\" style=\"width: 350px;height: 500px\"><\/p>\n<\/div>\n<\/div>\n<div class=\"col-md-6 col-sm-6 col-xs-6\">\n<div class=\"right-p\">\n<div class=\"h2 heading\">\n<p style=\"margin-left:0;text-indent:0\"><span style=\"font-size: 18px;font-family: arial, helvetica, sans-serif\"><span style=\"font-size: 18px;letter-spacing: 0px\">2. Temp\u00e9rature de chauffage infrarouge <span style=\"font-size: 18px\">\uff1a<\/span><span style=\"font-size: 18px\">60-300\u2103 besoin de 45-55 secondes pour cuire une pizza<\/span><\/span><span style=\"font-size: 18px;letter-spacing: 0px\">&nbsp;et <\/span><span style=\"font-size: 18px;letter-spacing: 0px\">Dimensions de la maison infrarouge :400X400X300mm et puissance :3000W .&nbsp;<\/span><\/span><\/p>\n<\/div>\n<\/div>\n<div class=\"graphic_pic animated wow bounceIn\" data-wow-delay=\".7s\" style=\"text-align: center\"><img loading=\"lazy\" decoding=\"async\" src=\"https:\/\/www.hommy.com\/wp-content\/uploads\/16104196417509.jpg\" alt=\"produit-Hommy-img\" title=\"\" width=\"350\" height=\"500\" border=\"0\" vspace=\"0\" style=\"width: 350px;height: 500px\"><br \/>\n &nbsp; &nbsp; &nbsp; &nbsp; &nbsp; &nbsp;<\/div>\n<\/div>\n<\/div>\n<\/div>\n<p><span style=\"font-size: 24px;font-family: arial, helvetica, sans-serif\"><strong><span style=\"font-size: 24px;letter-spacing: 0px\"><\/span><\/strong><\/span><\/p>\n<div class=\"d-tem01-graphic tem01-graphic mockup\" data-detail=\"wrap\">\n<div class=\"cont-section clearfix d-clearfix\">\n<div class=\"col-md-6 col-sm-6 col-xs-6\">\n<div class=\"right-p\">\n<div class=\"h2 heading\">\n<p style=\"margin-top:0;margin-right:0;margin-bottom:0;margin-left:0;text-indent:0;text-align:justify\"><span style=\"font-family: arial, helvetica, sans-serif;font-size: 18px\"><span style=\"font-family: arial, helvetica, sans-serif;letter-spacing: 0px\">3. 48 pizzas sont stock\u00e9es \u00e0 l'int\u00e9rieur de la machine, ce qui permet de maintenir la temp\u00e9rature \u00e0 un niveau \u00e9lev\u00e9. <\/span><span style=\"font-family: arial, helvetica, sans-serif\">de -8\u2103 \u00e0 10\u2103.<\/span><\/span><\/p>\n<\/div>\n<\/div>\n<div class=\"graphic_pic animated wow bounceIn\" data-wow-delay=\".7s\">\n<p style=\"text-align:center\"><img loading=\"lazy\" decoding=\"async\" src=\"https:\/\/www.hommy.com\/wp-content\/uploads\/16104196714693.png\" alt=\"product-PA-C6-C Distributeur automatique de pizzas pour l&#039;ext\u00e9rieur en 24 heures-Hommy-img\" title=\"\" width=\"350\" height=\"500\" border=\"0\" vspace=\"0\" style=\"width: 350px;height: 500px\"><\/p>\n<\/div>\n<\/div>\n<div class=\"col-md-6 col-sm-6 col-xs-6\">\n<div class=\"right-p\">\n<div class=\"h2 heading\">\n<p><span style=\"font-family: arial, helvetica, sans-serif;font-size: 18px\">4. la machine contient 48 bo\u00eetes de papier.<\/span><\/p>\n<p><span style=\"font-family:Calibri;font-size:21px\"><br \/><\/span><\/p>\n<\/div>\n<\/div>\n<div class=\"graphic_pic animated wow bounceIn\" data-wow-delay=\".7s\">\n<p style=\"text-align:center\"><img loading=\"lazy\" decoding=\"async\" src=\"https:\/\/www.hommy.com\/wp-content\/uploads\/16104198243763.png\" alt=\"produit-Hommy-img\" title=\"\" width=\"350\" height=\"500\" border=\"0\" vspace=\"0\" style=\"width: 350px;height: 500px\"><\/p>\n<\/div>\n<\/div>\n<\/div>\n<\/div>\n<p><span style=\"font-size: 24px;font-family: arial, helvetica, sans-serif\"><strong><span style=\"font-size: 24px;letter-spacing: 0px\"><\/span><\/strong><\/span><\/p>\n<div class=\"d-tem01-graphic tem01-graphic mockup\" data-detail=\"wrap\">\n<div class=\"cont-section clearfix d-clearfix\">\n<div class=\"col-md-6 col-sm-6 col-xs-6\">\n<div class=\"right-p\">\n<div class=\"h2 heading\">\n<p><span style=\"font-family: arial, helvetica, sans-serif;font-size: 18px\"><span style=\"font-family: arial, helvetica, sans-serif;letter-spacing: 0px\">5.<\/span><span style=\"font-family: arial, helvetica, sans-serif\">Le syst\u00e8me de paiement accepte les pi\u00e8ces de monnaie, les billets, les pi\u00e8ces de monnaie Exchang, les cartes de cr\u00e9dit.<\/span><\/span><\/p>\n<p><span style=\"font-family:Calibri;font-size:21px\"><br \/><\/span><\/p>\n<\/div>\n<\/div>\n<div class=\"graphic_pic animated wow bounceIn\" data-wow-delay=\".7s\">\n<p style=\"text-align:center\"><img loading=\"lazy\" decoding=\"async\" src=\"https:\/\/www.hommy.com\/wp-content\/uploads\/16104201591239.png\" alt=\"produit-Hommy-PA-C6-C Distributeur automatique de pizzas pour l&#039;ext\u00e9rieur en 24 heures-img-1\" title=\"\" width=\"350\" height=\"500\" border=\"0\" vspace=\"0\" style=\"width: 350px;height: 500px\"><\/p>\n<\/div>\n<\/div>\n<div class=\"col-md-6 col-sm-6 col-xs-6\">\n<div class=\"right-p\">\n<div class=\"h2 heading\">\n<p><span style=\"font-family: arial, helvetica, sans-serif;font-size: 18px\">6. Syst\u00e8me de gestion \u00e0 distance par ordinateur : interrogation des d\u00e9tails des ventes, rappel des p\u00e9nuries, rappel des pannes de machine.<\/span><\/p>\n<\/div>\n<\/div>\n<div class=\"graphic_pic animated wow bounceIn\" data-wow-delay=\".7s\">\n<p style=\"text-align:center\"><img loading=\"lazy\" decoding=\"async\" src=\"https:\/\/www.hommy.com\/wp-content\/uploads\/16104201952697.jpg\" alt=\"produit-Hommy-img-1\" title=\"\" width=\"350\" height=\"500\" border=\"0\" vspace=\"0\" style=\"width: 350px;height: 500px\"><\/p>\n<\/div>\n<\/div>\n<\/div>\n<\/div>\n<p><span style=\"font-family:\u5b8b\u4f53;letter-spacing:0;font-size:29px\"><\/span><\/p>\n<h2>Comment est fabriqu\u00e9e la PizzaForno ?<\/h2>\n<p style=\"margin-top: 5px;margin-bottom: 5px\"><\/p>\n<p style=\"margin-top: 5px;margin-bottom: 5px\">PizzaForno est fabriqu\u00e9e \u00e0 partir des meilleurs ingr\u00e9dients, d'un magnifique four \u00e0 bois et de beaucoup d'amour.<\/p>\n<p style=\"margin-top: 5px;margin-bottom: 5px\"><\/p>\n<p style=\"margin-top: 5px;margin-bottom: 5px\">Nous pr\u00e9parons tout \u00e0 partir de z\u00e9ro, en utilisant les meilleurs ingr\u00e9dients que nous pouvons trouver. Nous aimons nous approvisionner en produits locaux, c'est pourquoi nous pr\u00e9parons nos pizzas avec de la farine biologique sans OGM, des \u0153ufs biologiques \u00e9lev\u00e9s en plein air et des produits laitiers biologiques. Nous ajoutons nos propres herbes fra\u00eeches et faisons tout \u00e0 partir de z\u00e9ro.<\/p>\n<p style=\"margin-top: 5px;margin-bottom: 5px\"><\/p>\n<h2>Combien co\u00fbte une pizzeria robotis\u00e9e ?<\/h2>\n<p style=\"margin-top: 5px;margin-bottom: 5px\"><\/p>\n<p style=\"margin-top: 5px;margin-bottom: 5px\">Si vous achetez pour la premi\u00e8re fois, vous pouvez lire notre article sur le co\u00fbt d'une machine \u00e0 pizza robotis\u00e9e ici. Si vous souhaitez acheter l'une des pizzas que nous recommandons, vous pouvez lire notre article sur son prix ici.<\/p>\n<p style=\"margin-top: 5px;margin-bottom: 5px\"><\/p>\n<h2>800 degr\u00e9s, c'est une cha\u00eene ?<\/h2>\n<p style=\"margin-top: 5px;margin-bottom: 5px\"><\/p>\n<p style=\"margin-top: 5px;margin-bottom: 5px\">A :<\/p>\n<p style=\"margin-top: 5px;margin-bottom: 5px\"><\/p>\n<p style=\"margin-top: 5px;margin-bottom: 5px\">La longueur de la cha\u00eene est la longueur de la cha\u00eene proprement dite, et non le nombre de maillons.  Les maillons sont les liens r\u00e9els entre les plateaux, g\u00e9n\u00e9ralement en aluminium ou en acier.<\/p>\n<p style=\"margin-top: 5px;margin-bottom: 5px\">La cha\u00eene ne peut pas s'\u00e9tirer au-del\u00e0 d'une certaine limite, et lorsqu'elle le fait, elle est endommag\u00e9e.  La cha\u00eene doit donc \u00eatre remplac\u00e9e lorsqu'elle s'\u00e9tire au-del\u00e0 de la longueur pr\u00e9vue.<\/p>\n<\/p><\/div>","protected":false},"excerpt":{"rendered":"<p>Outdoor Automatic Infrared Heating Vending Pizza Machine Outdoor Automatic Infrared Heating Vending Pizza Machine|Product Features|Product specification|Product Advantage &nbsp;&nbsp;&nbsp;&nbsp; Outdoor Self Pizza Vending Machine is very simple to operate and is designed to serve you with the best quality pizza. We manufacture and supply Outdoor Self Pizza Vending Machine that can be operated by anyone with [&hellip;]<\/p>\n","protected":false},"featured_media":101,"comment_status":"open","ping_status":"open","template":"","meta":{"_swt_meta_header_display":false,"_swt_meta_footer_display":false,"_swt_meta_site_title_display":false,"_swt_meta_sticky_header":false,"_swt_meta_transparent_header":false},"product_brand":[],"product_cat":[70,68],"product_tag":[],"class_list":{"0":"post-109","1":"product","2":"type-product","3":"status-publish","4":"has-post-thumbnail","6":"product_cat-pizza-vending-machine","7":"product_cat-vending-machine","9":"first","10":"instock","11":"shipping-taxable","12":"product-type-simple"},"_links":{"self":[{"href":"https:\/\/www.hommy.com\/fr\/wp-json\/wp\/v2\/product\/109","targetHints":{"allow":["GET"]}}],"collection":[{"href":"https:\/\/www.hommy.com\/fr\/wp-json\/wp\/v2\/product"}],"about":[{"href":"https:\/\/www.hommy.com\/fr\/wp-json\/wp\/v2\/types\/product"}],"replies":[{"embeddable":true,"href":"https:\/\/www.hommy.com\/fr\/wp-json\/wp\/v2\/comments?post=109"}],"wp:featuredmedia":[{"embeddable":true,"href":"https:\/\/www.hommy.com\/fr\/wp-json\/wp\/v2\/media\/101"}],"wp:attachment":[{"href":"https:\/\/www.hommy.com\/fr\/wp-json\/wp\/v2\/media?parent=109"}],"wp:term":[{"taxonomy":"product_brand","embeddable":true,"href":"https:\/\/www.hommy.com\/fr\/wp-json\/wp\/v2\/product_brand?post=109"},{"taxonomy":"product_cat","embeddable":true,"href":"https:\/\/www.hommy.com\/fr\/wp-json\/wp\/v2\/product_cat?post=109"},{"taxonomy":"product_tag","embeddable":true,"href":"https:\/\/www.hommy.com\/fr\/wp-json\/wp\/v2\/product_tag?post=109"}],"curies":[{"name":"wp","href":"https:\/\/api.w.org\/{rel}","templated":true}]}}