{"id":1056,"date":"2024-07-02T17:44:56","date_gmt":"2024-07-02T17:44:56","guid":{"rendered":"http:\/\/localhost\/hommywp\/hm123-3-tanks-ice-slushie-maker-slushy-juice-dispenser-supplier\/"},"modified":"2025-08-01T09:57:50","modified_gmt":"2025-08-01T09:57:50","slug":"hm123-machine-a-glace-fondante","status":"publish","type":"product","link":"https:\/\/www.hommy.com\/fr\/p\/hm123-machine-a-glace-fondante\/","title":{"rendered":"Hm123 Distributeur de glace \u00e0 3 r\u00e9servoirs, distributeur de glace et de jus de fruits Fournisseur"},"content":{"rendered":"<div>\n<p style=\"text-align: center;\">\n<p style=\"text-align: center;\"><strong style=\"color: inherit; font-family: inherit; font-size: 30px; text-align: center;\"><span style=\"letter-spacing: 0px; font-size: 29px; font-family: arial, helvetica, sans-serif;\"><a name=\"Slush ice machine\"><\/a>Machine \u00e0 glace fondante<\/span><\/strong><\/p>\n<p style=\"text-align: center;\"><a href=\"#Slush ice machine\" target=\"_self\" rel=\"noopener\" data-lv=\"0\"><span style=\"font-family: arial, helvetica, sans-serif; font-size: 16px;\">Machine \u00e0 glace fondante<\/span><\/a><span style=\"font-family: arial, helvetica, sans-serif; font-size: 16px;\">|<a href=\"#ProductFeatures\" target=\"_self\" rel=\"noopener\" data-lv=\"0\">ProduitCaract\u00e9ristiques<\/a>|<a href=\"#Product specification\" target=\"_self\" rel=\"noopener\" data-lv=\"0\">Sp\u00e9cification du produit<\/a>|<a href=\"#Product Advantage\" target=\"_self\" rel=\"noopener\" data-lv=\"0\">Avantages du produit<\/a><\/span><\/p>\n<h2><span style=\"letter-spacing: 0px; font-family: Helvetica; font-size: 16px;\">Ces machines sont fabriqu\u00e9es \u00e0 partir de mati\u00e8res premi\u00e8res de la plus haute qualit\u00e9, conform\u00e9ment aux normes industrielles \u00e9tablies. Ces slushie makers sont largement utilis\u00e9s dans l'industrie laiti\u00e8re, la transformation alimentaire, les jus et boissons, les brasseries, les boulangeries, les cr\u00e8mes glac\u00e9es, les confiseries, les boulangeries, les cr\u00e8mes glac\u00e9es et les industries de fabrication de boissons non alcoolis\u00e9es. La machine \u00e0 granit\u00e9s peut \u00eatre facilement utilis\u00e9e en mode manuel ou automatique. Cette machine est \u00e9quip\u00e9e d'un r\u00e9cipient \u00e0 hauteur r\u00e9glable pour distribuer la boisson gazeuse. Notre gamme de machines \u00e0 barbotine est utilis\u00e9e pour les boissons froides et chaudes.<\/span><\/h2>\n<div class=\"d-tem01-graphic tem01-graphic mockup\" data-detail=\"wrap\">\n<div class=\"cont-section clearfix d-clearfix\">\n<div class=\"col-md-6 col-sm-6 col-xs-6\">\n<div class=\"right-p\">\n<div class=\"h2 heading\"><img decoding=\"async\" style=\"text-align: center; font-size: 14px;\" title=\"\" src=\"https:\/\/www.hommy.com\/wp-content\/uploads\/16030983848017.jpg\" alt=\"produit-Hommy-img\"><\/div>\n<\/div>\n<\/div>\n<div class=\"col-md-6 col-sm-6 col-xs-6\">\n<div class=\"right-p\">\n<div class=\"h2 heading\">\n<p style=\"text-indent: 0; text-align: justify; margin: 0;\"><span style=\"font-size: 24px;\"><strong><span style=\"letter-spacing: 0px; font-family: arial, helvetica, sans-serif;\"><a name=\"Product Features\"><\/a>Caract\u00e9ristiques du produit<\/span><\/strong><\/span><\/p>\n<p style=\"text-indent: 0; text-align: justify; margin: 0;\"><span style=\"font-family: \u5b8b\u4f53; letter-spacing: 0; font-size: 29px;\">\u00a0<\/span><\/p>\n<p style=\"text-indent: 0; text-align: justify; margin: 0;\"><span style=\"font-family: arial, helvetica, sans-serif; font-size: 16px;\">1. Chaque bol dispose d'un contr\u00f4le ind\u00e9pendant de la temp\u00e9rature. <\/span><\/p>\n<p style=\"text-indent: 0; text-align: justify; margin: 0;\"><span style=\"font-family: arial, helvetica, sans-serif; font-size: 16px;\">2. Coque en acier inoxydable durable<\/span><\/p>\n<p style=\"text-indent: 0; text-align: justify; margin: 0;\"><span style=\"font-family: arial, helvetica, sans-serif; font-size: 16px;\">3. Simple \u00e0 entretenir et facile \u00e0 utiliser.<\/span><\/p>\n<p style=\"text-indent: 0; text-align: justify; margin: 0;\"><span style=\"font-family: arial, helvetica, sans-serif; font-size: 16px;\">4. Temp\u00e9rature de fonctionnement :-1,1\u00e0 -2,0drgree.Temps de refroidissement : 25-60 minutes <\/span><\/p>\n<p style=\"text-indent: 0; text-align: justify; margin: 0;\"><span style=\"font-family: arial, helvetica, sans-serif; font-size: 16px;\">5. Bol en ABS amovible.Capacit\u00e9 de chaque bol 15L<\/span><\/p>\n<p style=\"text-indent: 0; text-align: justify; margin: 0;\"><span style=\"font-family: arial, helvetica, sans-serif; font-size: 16px;\">6. Rendement \u00e9lev\u00e9 gr\u00e2ce \u00e0 l'agitation horizontale et \u00e9conomie d'\u00e9nergie gr\u00e2ce \u00e0 un cylindre puissant<\/span><\/p>\n<p style=\"text-indent: 0; text-align: justify; margin: 0;\"><span style=\"font-family: arial, helvetica, sans-serif; font-size: 16px;\">7. Bac de r\u00e9cup\u00e9ration amovible : pratique pour le nettoyage <\/span><\/p>\n<p style=\"text-indent: 0; text-align: justify; margin: 0;\"><span style=\"font-family: arial, helvetica, sans-serif; font-size: 16px;\">8. Cette machine peut produire de la neige fondue et de l'eau fra\u00eeche au choix.<\/span><\/p>\n<p style=\"text-indent: 0; text-align: justify; margin: 0;\"><span style=\"font-family: arial, helvetica, sans-serif; font-size: 16px;\">9. le couvercle est \u00e9quip\u00e9 d'une lumi\u00e8re LED, lorsque vous fermez le couvercle, celui-ci s'ouvre automatiquement. <\/span><\/p>\n<p style=\"text-indent: 0; text-align: justify; margin: 0;\"><span style=\"font-family: arial, helvetica, sans-serif; font-size: 16px;\">10. Distribue une vari\u00e9t\u00e9 de boissons telles que les granit\u00e9s, les cocktails glac\u00e9s, les jus de fruits, les smoothies, les caf\u00e9s, les cappuccinos et les th\u00e9s glac\u00e9s, ainsi que des boissons r\u00e9frig\u00e9r\u00e9es.<\/span><\/p>\n<\/div>\n<\/div>\n<\/div>\n<\/div>\n<\/div>\n<h2><span style=\"font-size: 24px;\"><strong><span style=\"letter-spacing: 0px; font-family: arial, helvetica, sans-serif;\"><a name=\"Product specification\"><\/a>Sp\u00e9cification du produit<\/span><\/strong><\/span><\/h2>\n<p><img loading=\"lazy\" decoding=\"async\" style=\"width: 1000px; height: 466px;\" title=\"\" src=\"https:\/\/www.hommy.com\/wp-content\/uploads\/16030983347155.png\" alt=\"produit-Hommy-img\" width=\"1000\" height=\"466\" border=\"0\" vspace=\"0\"><\/p>\n<p><strong><span style=\"letter-spacing: 0px; font-family: arial, helvetica, sans-serif; font-size: 24px;\"><a name=\"Product Advantage\"><\/a>Avantages du produit<\/span><\/strong><\/p>\n<div class=\"d-tem01-graphic tem01-graphic mockup\" data-detail=\"wrap\">\n<div class=\"cont-section clearfix d-clearfix\">\n<div class=\"col-md-6 col-sm-6 col-xs-6\">\n<div class=\"right-p\">\n<div class=\"h2 heading\">\n<p style=\"text-indent: 0; padding: 0; vertical-align: baseline;\"><span style=\"letter-spacing: 0px; font-size: 16px; font-family: arial, helvetica, sans-serif;\">1. Le couvercle est \u00e9quip\u00e9 d'une lumi\u00e8re LED, lorsque vous fermez le couvercle du r\u00e9servoir, il s'ouvre automatiquement, nous avons ajout\u00e9 un capteur \u00e0 l'int\u00e9rieur du bas du couvercle.<\/span><\/p>\n<p style=\"text-indent: 0; padding: 0; vertical-align: baseline;\"><span style=\"font-family: \u5b8b\u4f53; letter-spacing: 0; font-size: 20px;\">\u00a0<\/span><\/p>\n<p style=\"text-indent: 0; padding: 0; vertical-align: baseline;\"><span style=\"font-family: \u5b8b\u4f53; letter-spacing: 0; font-size: 20px;\">\u00a0<\/span><\/p>\n<\/div>\n<\/div>\n<div class=\"graphic_pic animated wow bounceIn\" data-wow-delay=\".7s\">\n<p style=\"text-align: center;\"><img loading=\"lazy\" decoding=\"async\" style=\"width: 350px; height: 500px;\" title=\"\" src=\"https:\/\/www.hommy.com\/wp-content\/uploads\/16030985995267.jpg\" alt=\"produit-Hommy-img\" width=\"350\" height=\"500\" border=\"0\" vspace=\"0\"><\/p>\n<\/div>\n<\/div>\n<div class=\"col-md-6 col-sm-6 col-xs-6\">\n<div class=\"right-p\">\n<div class=\"h2 heading\">\n<p style=\"text-indent: 0; padding: 0; vertical-align: baseline;\"><span style=\"letter-spacing: 0px; font-size: 16px; font-family: arial, helvetica, sans-serif;\">2. La machine peut produire de la neige fondue et de l'eau de refroidissement, selon votre choix. Nous utilisons la temp\u00e9rature pour la contr\u00f4ler, le capteur de temp\u00e9rature \u00e9tant un mat\u00e9riau tactile.<\/span><span style=\"font-family: \u5b8b\u4f53; letter-spacing: 0; font-size: 20px;\">\u00a0<\/span><\/p>\n<p style=\"text-indent: 0; padding: 0; vertical-align: baseline;\"><span style=\"font-family: \u5b8b\u4f53; letter-spacing: 0; font-size: 20px;\">\u00a0<\/span><\/p>\n<\/div>\n<\/div>\n<div class=\"graphic_pic animated wow bounceIn\" data-wow-delay=\".7s\">\n<p style=\"text-align: center;\"><img loading=\"lazy\" decoding=\"async\" style=\"width: 350px; height: 350px;\" title=\"\" src=\"https:\/\/www.hommy.com\/wp-content\/uploads\/16030986283305.jpg\" alt=\"produit-Hommy-HM123 slush ice machine-img\" width=\"350\" height=\"350\" border=\"0\" vspace=\"0\"><\/p>\n<\/div>\n<\/div>\n<\/div>\n<\/div>\n<div class=\"d-tem01-graphic tem01-graphic mockup\" data-detail=\"wrap\">\n<div class=\"cont-section clearfix d-clearfix\">\n<div class=\"col-md-6 col-sm-6 col-xs-6\">\n<div class=\"right-p\">\n<div class=\"h2 heading\">\n<p style=\"text-indent: 0; padding: 0; vertical-align: baseline;\"><span style=\"letter-spacing: 0px; font-family: arial, helvetica, sans-serif; font-size: 16px;\">3. Le milieu de la machine ajoute un bac qui fuit, lorsque le r\u00e9servoir quitte l'eau de refroidissement, ce bac est gard\u00e9 dans le bac \u00e0 d\u00e9chets.<\/span><span style=\"font-family: \u5b8b\u4f53; letter-spacing: 0; font-size: 20px;\">\u00a0<\/span><\/p>\n<\/div>\n<\/div>\n<div class=\"graphic_pic animated wow bounceIn\" data-wow-delay=\".7s\">\n<p style=\"text-align: center;\"><img loading=\"lazy\" decoding=\"async\" style=\"width: 350px; height: 500px;\" title=\"\" src=\"https:\/\/www.hommy.com\/wp-content\/uploads\/16030986689326.png\" alt=\"produit-Hommy-img\" width=\"350\" height=\"500\" border=\"0\" vspace=\"0\"><\/p>\n<\/div>\n<\/div>\n<div class=\"col-md-6 col-sm-6 col-xs-6\">\n<div class=\"right-p\">\n<div class=\"h2 heading\">\n<p style=\"text-indent: 0; padding: 0; vertical-align: baseline;\"><span style=\"letter-spacing: 0px; font-size: 16px; font-family: arial, helvetica, sans-serif;\">4. Chaque r\u00e9servoir est \u00e9quip\u00e9 d'un syst\u00e8me de contr\u00f4le individuel de la temp\u00e9rature. La machine convertit automatiquement et intelligemment la temp\u00e9rature actuelle de chaque r\u00e9servoir.<\/span><\/p>\n<\/div>\n<\/div>\n<div class=\"graphic_pic animated wow bounceIn\" data-wow-delay=\".7s\">\n<p style=\"text-align: center;\"><img loading=\"lazy\" decoding=\"async\" style=\"width: 350px; height: 500px;\" title=\"\" src=\"https:\/\/www.hommy.com\/wp-content\/uploads\/16030986943618.jpg\" alt=\"produit-HM123 machine \u00e0 gla\u00e7ons-Hommy-img\" width=\"350\" height=\"500\" border=\"0\" vspace=\"0\"><\/p>\n<\/div>\n<\/div>\n<\/div>\n<\/div>\n<p>Document :<img decoding=\"async\" style=\"margin-right: 2px;\" src=\"https:\/\/www.hommy.com\/wp-content\/uploads\/icon_pdf-85.gif\" alt=\"produit-Hommy-img-1\" title=\"\"><a style=\"font-size: 12px;\" title=\"16031724368516.pdf\" href=\"https:\/\/img80002414.weyesimg.com\/uploads\/www.hommy.com\/addon\/16031724368516.pdf\">16031724368516.pdf<\/a><\/p>\n<h2 style=\"font-family: sans-serif;\">Qu'est-ce que la neige fondue ?<\/h2>\n<p style=\"margin-top: 5px; margin-bottom: 5px; font-family: sans-serif; font-size: 16px;\">La neige fondue est un m\u00e9lange d'eau, de neige et de glace. Ce n'est pas comme la pluie, qui est de l'eau qui tombe du ciel et qui fond, devenant une flaque d'eau. La neige fondue est une forme solide d'eau, gel\u00e9e en un solide, et elle est solide parce que l'eau est gel\u00e9e, et l'eau est gel\u00e9e parce que la temp\u00e9rature de l'air est inf\u00e9rieure au point de cong\u00e9lation. La neige fondue appara\u00eet lorsque la neige fond dans un environnement froid et humide.<\/p>\n<p style=\"margin-top: 5px; margin-bottom: 5px; font-family: sans-serif; font-size: 16px;\">\n<h2 style=\"font-family: sans-serif;\">Comment pr\u00e9parer un Slurpee \u00e0 la pomme ?<\/h2>\n<p style=\"margin-top: 5px; margin-bottom: 5px; font-family: sans-serif; font-size: 16px;\">Tu commences par faire une tarte aux pommes, mais au lieu de la cannelle, tu y mets du jus de pomme. Ensuite, vous la congelez pendant la nuit et le lendemain, vous y versez du Coca ou du Sprite (cette \u00e9tape est facultative). (Cette \u00e9tape est facultative.) Je me souviens d'avoir \u00e9t\u00e9 assise dans ma chambre \u00e0 la Slurpee Factory la nuit pr\u00e9c\u00e9dant mon anniversaire. J'\u00e9tais sur mon lit, couvert de p\u00e2te \u00e0 tarte aux pommes collante et de sirop de Coca. Ma m\u00e8re se tenait dans le salon, faisant les cent pas, v\u00eatue d'un T-shirt, d'un jean et de baskets. Elle avait les m\u00eames cheveux que d'habitude et ses ongles \u00e9taient propres, mais elle semblait tendue et mal \u00e0 l'aise. \"Elle ne cessait de r\u00e9p\u00e9ter : \"Tu ferais mieux de faire attention, il y a beaucoup de sirop dehors\". L'odeur de tarte aux pommes \u00e9tait forte, si forte que je la sentais m\u00eame dans ma chambre.<\/p>\n<p style=\"margin-top: 5px; margin-bottom: 5px; font-family: sans-serif; font-size: 16px;\">\n<h2 style=\"font-family: sans-serif;\">Le sirop de c\u00f4ne de neige peut-il \u00eatre utilis\u00e9 pour les slushies ?<\/h2>\n<p style=\"margin-top: 5px; margin-bottom: 5px; font-family: sans-serif; font-size: 16px;\">R\u00e9ponse : Oui, c'est possible. Et son go\u00fbt est excellent. Ce sirop provient de la canne \u00e0 sucre et est tr\u00e8s populaire dans de nombreuses r\u00e9gions du monde. On peut acheter du sirop de canne \u00e0 sucre dans presque tous les magasins d'alimentation ou les \u00e9piceries asiatiques. Il s'agit d'une source naturelle de sucre. Et il a un pouvoir sucrant naturel qui donne un go\u00fbt d\u00e9licieux aux slushies !<\/p>\n<\/div>","protected":false},"excerpt":{"rendered":"<p>Slush ice machine Slush ice machine|ProductFeatures|Product specification|Product Advantage These machines are manufactured using the finest quality raw materials in compliance with set industry standards. These Slushie Makers are widely used in Dairy Industry, food processing, juice and beverage, breweries, bakeries, ice cream, confectionary, bakery, ice cream and soft drink manufacturing industries. Slushie Maker can be [&hellip;]<\/p>\n","protected":false},"featured_media":1049,"comment_status":"closed","ping_status":"closed","template":"","meta":{"_swt_meta_header_display":false,"_swt_meta_footer_display":false,"_swt_meta_site_title_display":false,"_swt_meta_sticky_header":false,"_swt_meta_transparent_header":false},"product_brand":[],"product_cat":[91],"product_tag":[],"class_list":{"0":"post-1056","1":"product","2":"type-product","3":"status-publish","4":"has-post-thumbnail","6":"product_cat-slush-machine","8":"first","9":"instock","10":"shipping-taxable","11":"product-type-simple"},"_links":{"self":[{"href":"https:\/\/www.hommy.com\/fr\/wp-json\/wp\/v2\/product\/1056","targetHints":{"allow":["GET"]}}],"collection":[{"href":"https:\/\/www.hommy.com\/fr\/wp-json\/wp\/v2\/product"}],"about":[{"href":"https:\/\/www.hommy.com\/fr\/wp-json\/wp\/v2\/types\/product"}],"replies":[{"embeddable":true,"href":"https:\/\/www.hommy.com\/fr\/wp-json\/wp\/v2\/comments?post=1056"}],"wp:featuredmedia":[{"embeddable":true,"href":"https:\/\/www.hommy.com\/fr\/wp-json\/wp\/v2\/media\/1049"}],"wp:attachment":[{"href":"https:\/\/www.hommy.com\/fr\/wp-json\/wp\/v2\/media?parent=1056"}],"wp:term":[{"taxonomy":"product_brand","embeddable":true,"href":"https:\/\/www.hommy.com\/fr\/wp-json\/wp\/v2\/product_brand?post=1056"},{"taxonomy":"product_cat","embeddable":true,"href":"https:\/\/www.hommy.com\/fr\/wp-json\/wp\/v2\/product_cat?post=1056"},{"taxonomy":"product_tag","embeddable":true,"href":"https:\/\/www.hommy.com\/fr\/wp-json\/wp\/v2\/product_tag?post=1056"}],"curies":[{"name":"wp","href":"https:\/\/api.w.org\/{rel}","templated":true}]}}