{"id":1048,"date":"2024-07-02T17:44:51","date_gmt":"2024-07-02T17:44:51","guid":{"rendered":"http:\/\/localhost\/hommywp\/hm121-commercial-one-tank-frozen-slush-machine-for-sale-price-list\/"},"modified":"2025-08-01T09:57:50","modified_gmt":"2025-08-01T09:57:50","slug":"hm121-machine-a-boue","status":"publish","type":"product","link":"https:\/\/www.hommy.com\/fr\/p\/hm121-machine-a-boue\/","title":{"rendered":"Hm121 Commercial One Tank Frozen Slush Machine For Sale Price List"},"content":{"rendered":"<div>\n<h2 style=\"margin: 0px;text-align: center\"><strong><span style=\"letter-spacing: 0px;font-family: arial, helvetica, sans-serif;font-size: 24px\"><a name=\"Slush machine\"><\/a>Machine \u00e0 bouillie <\/span><\/strong><span style=\"font-family:\u5b8b\u4f53;letter-spacing:0;font-size:29px\">&nbsp;<\/span><\/h2>\n<p style=\"margin: 0px;text-align: center\"><\/p>\n<p style=\", Helvetica, Arial, sans-serif;margin: 0px;text-align: center\"><\/p>\n<p style=\"margin: 0px;text-align: center\"><a href=\"#Slush machine\" target=\"_self\" data-lv=\"0\" rel=\"noopener\"><span style=\"letter-spacing: 0px;font-family: arial, helvetica, sans-serif;font-size: 16px\"><span style=\"font-family: arial, helvetica, sans-serif;font-size: 16px;text-align: center\">Machine \u00e0 bouillie<\/span><\/span><\/a><span style=\"letter-spacing: 0px;font-family: arial, helvetica, sans-serif;font-size: 16px\"><span style=\"font-family: arial, helvetica, sans-serif;font-size: 16px;text-align: center\"><\/span>|<a href=\"#Product Features\" target=\"_self\" data-lv=\"0\" rel=\"noopener\">Caract\u00e9ristiques du produit<\/a>|<a href=\"#Product specification\" target=\"_self\" data-lv=\"0\" rel=\"noopener\">Sp\u00e9cification du produit<\/a>|<a href=\"#Product Advantage\" target=\"_self\" data-lv=\"0\" rel=\"noopener\">Avantages du produit<\/a><\/span><\/p>\n<p style=\"margin-top:0;margin-right:0;margin-bottom:0;margin-left:0\"><span style=\"font-family:\u5b8b\u4f53;letter-spacing:0;font-size:29px\">&nbsp;&nbsp;<\/span><\/p>\n<p>Les machines \u00e0 bouillir sont fabriqu\u00e9es en utilisant de l'acier inoxydable de la meilleure qualit\u00e9. Les machines \u00e0 bouillir sont disponibles en diff\u00e9rents mod\u00e8les, tailles et configurations selon les besoins des clients.<\/p>\n<p><\/p>\n<p>Nous proposons \u00e9galement des machines \u00e0 bouillie \u00e0 des prix tr\u00e8s comp\u00e9titifs. Nos machines \u00e0 bouillir sont appr\u00e9ci\u00e9es sur le march\u00e9 pour leur qualit\u00e9, leurs performances et leur durabilit\u00e9.<\/p>\n<p style=\"margin-top:0;margin-right:0;margin-bottom:0;margin-left:0\"><span style=\"font-family:\u5b8b\u4f53;letter-spacing:0;font-size:29px\"><\/span><\/p>\n<div class=\"d-tem01-graphic tem01-graphic mockup\" data-detail=\"wrap\">\n<div class=\"cont-section clearfix d-clearfix\">\n<div class=\"col-md-6 col-sm-6 col-xs-6\">\n<div class=\"graphic_pic animated wow bounceIn\" data-wow-delay=\".7s\">\n<p style=\"text-align:center\"><img loading=\"lazy\" decoding=\"async\" src=\"https:\/\/www.hommy.com\/wp-content\/uploads\/16030924215415.png\" alt=\"produit-HM121 slush machine-Hommy-img\" title=\"\" width=\"200\" height=\"722\" border=\"0\" vspace=\"0\" style=\"width: 200px;height: 722px\"><\/p>\n<\/div>\n<\/div>\n<div class=\"col-md-6 col-sm-6 col-xs-6\">\n<div class=\"right-p\">\n<div class=\"h2 heading\">\n<h2 style=\"margin: 0px;text-indent: 0px;text-align: justify\"><strong><span style=\"letter-spacing: 0px;font-family: arial, helvetica, sans-serif;font-size: 24px\"><a name=\"Product Features\"><\/a>Caract\u00e9ristiques du produit<\/span><\/strong><\/h2>\n<p style=\"margin-top:0;margin-right:0;margin-bottom:0;margin-left:0;text-indent:0;text-align:justify\"><span style=\"letter-spacing: 0px;font-family: arial, helvetica, sans-serif;font-size: 16px\"><br \/><\/span><\/p>\n<p style=\"margin-top:0;margin-right:0;margin-bottom:0;margin-left:0;text-indent:0;text-align:justify\"><span style=\"font-size: 16px\">1. Chaque bol dispose d'un contr\u00f4le ind\u00e9pendant de la temp\u00e9rature. <\/span><\/p>\n<p style=\"margin-top:0;margin-right:0;margin-bottom:0;margin-left:0;text-indent:0;text-align:justify\"><span style=\"font-size: 16px\">2. Coque en acier inoxydable durable<\/span><\/p>\n<p style=\"margin-top:0;margin-right:0;margin-bottom:0;margin-left:0;text-indent:0;text-align:justify\"><span style=\"font-size: 16px\">3. Simple \u00e0 entretenir et facile \u00e0 utiliser.<\/span><\/p>\n<p style=\"margin-top:0;margin-right:0;margin-bottom:0;margin-left:0;text-indent:0;text-align:justify\"><span style=\"font-family: \u5b8b\u4f53;font-size: 16px\">4. Temp\u00e9rature de fonctionnement :-1,1\u00e0 -2,0drgree.Temps de refroidissement : 25-60 minutes <\/span><\/p>\n<p style=\"margin-top:0;margin-right:0;margin-bottom:0;margin-left:0;text-indent:0;text-align:justify\"><span style=\"font-size: 16px\">5. Bol en ABS amovible.Capacit\u00e9 de chaque bol 15L<\/span><\/p>\n<p style=\"margin-top:0;margin-right:0;margin-bottom:0;margin-left:0;text-indent:0;text-align:justify\"><span style=\"font-size: 16px\">6. Rendement \u00e9lev\u00e9 gr\u00e2ce \u00e0 l'agitation horizontale et \u00e9conomie d'\u00e9nergie gr\u00e2ce \u00e0 un cylindre puissant<\/span><\/p>\n<p style=\"margin-top:0;margin-right:0;margin-bottom:0;margin-left:0;text-indent:0;text-align:justify\"><span style=\"font-size: 16px\">7. Bac de r\u00e9cup\u00e9ration amovible : pratique pour le nettoyage <\/span><\/p>\n<p style=\"margin-top:0;margin-right:0;margin-bottom:0;margin-left:0;text-indent:0;text-align:justify\"><span style=\"font-size: 16px\">8. Cette machine peut produire de la neige fondue et de l'eau fra\u00eeche au choix.<\/span><\/p>\n<p style=\"margin-top:0;margin-right:0;margin-bottom:0;margin-left:0;text-indent:0;text-align:justify\"><span style=\"font-size: 16px\">9. le couvercle est \u00e9quip\u00e9 d'une lumi\u00e8re LED, lorsque vous fermez le couvercle, celui-ci s'ouvre automatiquement. <\/span><\/p>\n<p style=\"margin-top:0;margin-right:0;margin-bottom:0;margin-left:0;text-indent:0;text-align:justify\"><span style=\"font-size: 16px\">10. Distribue une vari\u00e9t\u00e9 de boissons telles que les granit\u00e9s, les cocktails glac\u00e9s, les jus de fruits, les smoothies, les caf\u00e9s, les cappuccinos et les th\u00e9s glac\u00e9s, ainsi que des boissons r\u00e9frig\u00e9r\u00e9es.<\/span><\/p>\n<\/div>\n<\/div>\n<p><\/div>\n<\/div>\n<\/div>\n<h2 style=\"margin: 0px;text-indent: 0px;text-align: justify\"><strong><span style=\"letter-spacing: 0px;font-family: arial, helvetica, sans-serif;font-size: 24px\"><a name=\"Product specification\"><\/a>Sp\u00e9cification du produit<\/span><\/strong><\/h2>\n<p><strong><span style=\"letter-spacing: 0px;font-family: arial, helvetica, sans-serif;font-size: 24px\"><br \/><\/span><\/strong><\/p>\n<p><img loading=\"lazy\" decoding=\"async\" src=\"https:\/\/www.hommy.com\/wp-content\/uploads\/16030911295872.png\" title=\"\" alt=\"produit-Hommy-img\" width=\"1000\" height=\"466\" border=\"0\" vspace=\"0\" style=\"width: 1000px;height: 466px\"><\/p>\n<p><\/p>\n<h2><span style=\"font-family: arial, helvetica, sans-serif;font-size: 24px\"><strong><span style=\"font-family: arial, helvetica, sans-serif;letter-spacing: 0px\"><a name=\"Product Advantage\"><\/a>Avantages du produit<\/span><\/strong><\/span><\/h2>\n<p><span style=\"font-family: arial, helvetica, sans-serif;font-size: 24px\"><strong><span style=\"font-family: arial, helvetica, sans-serif;letter-spacing: 0px\"><\/span><\/strong><\/span><\/p>\n<div class=\"d-tem01-graphic tem01-graphic mockup\" data-detail=\"wrap\">\n<div class=\"cont-section clearfix d-clearfix\">\n<div class=\"col-md-6 col-sm-6 col-xs-6\">\n<div class=\"right-p\">\n<p><span style=\"font-family: arial, helvetica, sans-serif;font-size: 16px\">1. Le couvercle est \u00e9quip\u00e9 d'une lumi\u00e8re LED, lorsque vous fermez le couvercle du r\u00e9servoir, il s'ouvre automatiquement, nous avons ajout\u00e9 un capteur \u00e0 l'int\u00e9rieur du bas du couvercle.<\/span><\/p>\n<p><span style=\"font-family: arial, helvetica, sans-serif;font-size: 16px\"><br \/><\/span><\/p>\n<p><span style=\"font-family: arial, helvetica, sans-serif;font-size: 16px\">&nbsp;<\/span><\/p>\n<\/div>\n<div class=\"graphic_pic animated wow bounceIn\" data-wow-delay=\".7s\">\n<p style=\"text-align:center\"><img loading=\"lazy\" decoding=\"async\" src=\"https:\/\/www.hommy.com\/wp-content\/uploads\/16030927928472.jpg\" alt=\"produit-Hommy-HM121 slush machine-img\" title=\"\" width=\"350\" height=\"500\" border=\"0\" vspace=\"0\" style=\"width: 350px;height: 500px\"><\/p>\n<\/div>\n<\/div>\n<div class=\"col-md-6 col-sm-6 col-xs-6\">\n<div class=\"right-p\">\n<div class=\"h2 heading\">\n<div class=\"right-p\" style=\"padding: 0px 0px 0px 30px\">\n<div class=\"h2 heading\" style=\"margin: 0px 0px 15px;font-size: 22px\">\n<p style=\"padding: 0px;vertical-align: baseline\"><span style=\"letter-spacing: 0px;font-family: arial, helvetica, sans-serif;font-size: 16px\">2. La machine peut produire de la neige fondue et de l'eau de refroidissement, selon votre choix. Nous utilisons la temp\u00e9rature pour la contr\u00f4ler, le capteur de temp\u00e9rature \u00e9tant un mat\u00e9riau tactile.<\/span><span style=\"font-family: \u5b8b\u4f53;letter-spacing: 0px;font-size: 20px\">&nbsp;<\/span><\/p>\n<p><span style=\"font-family: \u5b8b\u4f53;letter-spacing: 0px;font-size: 20px\"><br \/><\/span><\/div>\n<\/div>\n<\/div>\n<\/div>\n<div class=\"graphic_pic animated wow bounceIn\" data-wow-delay=\".7s\">\n<p style=\"text-align:center\"><img loading=\"lazy\" decoding=\"async\" src=\"https:\/\/www.hommy.com\/wp-content\/uploads\/16030928933359.jpg\" alt=\"produit-Hommy-img\" title=\"\" width=\"350\" height=\"500\" border=\"0\" vspace=\"0\" style=\"width: 350px;height: 500px\"><\/p>\n<\/div>\n<\/div>\n<\/div>\n<\/div>\n<div class=\"d-tem01-graphic tem01-graphic mockup\" data-detail=\"wrap\">\n<div class=\"cont-section clearfix d-clearfix\">\n<div class=\"col-md-6 col-sm-6 col-xs-6\">\n<div class=\"right-p\">\n<div class=\"h2 heading\">\n<p style=\"text-indent: 0;padding: 0;vertical-align: baseline\"><span style=\"letter-spacing: 0px;font-family: arial, helvetica, sans-serif;font-size: 16px\"><\/span><\/p>\n<p style=\"text-indent: 0;padding: 0;vertical-align: baseline\"><span style=\"letter-spacing: 0px;font-family: arial, helvetica, sans-serif;font-size: 16px\">3. Le milieu de la machine ajoute un bac qui fuit, lorsque le r\u00e9servoir quitte l'eau de refroidissement, ce bac est gard\u00e9 dans le bac \u00e0 d\u00e9chets.<\/span><span style=\"font-family: \u5b8b\u4f53;letter-spacing: 0;font-size: 20px\">&nbsp;<\/span><\/p>\n<p style=\"text-indent: 0;padding: 0;vertical-align: baseline\"><span style=\"letter-spacing: 0px;font-family: arial, helvetica, sans-serif;font-size: 16px\"><\/span><\/p>\n<\/div>\n<\/div>\n<div class=\"graphic_pic animated wow bounceIn\" data-wow-delay=\".7s\">\n<p style=\"text-align:center\"><img loading=\"lazy\" decoding=\"async\" src=\"https:\/\/www.hommy.com\/wp-content\/uploads\/16030929185677.png\" alt=\"produit-Hommy-img\" title=\"\" width=\"350\" height=\"500\" border=\"0\" vspace=\"0\" style=\"width: 350px;height: 500px\"><\/p>\n<\/div>\n<\/div>\n<div class=\"col-md-6 col-sm-6 col-xs-6\">\n<div class=\"right-p\">\n<p style=\"text-indent: 0;padding: 0;vertical-align: baseline\"><span style=\"letter-spacing: 0px;font-family: arial, helvetica, sans-serif;font-size: 16px\"><\/span><\/p>\n<p style=\"text-indent: 0;padding: 0;vertical-align: baseline\"><span style=\"letter-spacing: 0px;font-family: arial, helvetica, sans-serif;font-size: 16px\">4. Chaque r\u00e9servoir est \u00e9quip\u00e9 d'un syst\u00e8me de contr\u00f4le individuel de la temp\u00e9rature. La machine convertit automatiquement et intelligemment la temp\u00e9rature actuelle de chaque r\u00e9servoir.<\/span><\/p>\n<p style=\"text-indent: 0;padding: 0;vertical-align: baseline\"><span style=\"letter-spacing: 0px;font-family: arial, helvetica, sans-serif;font-size: 16px\"><br \/><\/span><\/p>\n<p style=\"text-indent: 0;padding: 0;vertical-align: baseline\"><span style=\"letter-spacing: 0px;font-family: arial, helvetica, sans-serif;font-size: 16px\"><br \/><\/span><\/p>\n<p style=\"text-align:center\"><img loading=\"lazy\" decoding=\"async\" src=\"https:\/\/www.hommy.com\/wp-content\/uploads\/16030929441107.jpg\" alt=\"produit-Hommy-img\" title=\"\" width=\"350\" height=\"500\" border=\"0\" vspace=\"0\" style=\"width: 350px;height: 500px\"><\/p>\n<\/div>\n<\/div>\n<\/div>\n<\/div>\n<p>Document\uff1a<img decoding=\"async\" src=\"https:\/\/www.hommy.com\/wp-content\/uploads\/icon_pdf-84.gif\" style=\"margin-right: 2px\" alt=\"produit-HM121 slush machine-Hommy-img-1\" title=\"\"><a href=\"https:\/\/img80002414.weyesimg.com\/uploads\/www.hommy.com\/addon\/16030931029898.pdf\" title=\"16030931029898.pdf\" style=\"font-size: 12px\">16030931029898.pdf<\/a><\/p>\n<h2>Pourquoi ma glace \u00e0 la vanille est-elle jaune ?<\/h2>\n<p style=\"margin-top: 5px;margin-bottom: 5px\"><\/p>\n<p style=\"margin-top: 5px;margin-bottom: 5px\">Aujourd'hui, nous allons pr\u00e9parer une glace \u00e0 la vanille. Ma recette pr\u00e9voit une moiti\u00e9 de lait et une moiti\u00e9 de cr\u00e8me. J'ai essay\u00e9 les deux et cela ne semble pas changer la couleur de la glace. J'ai ajout\u00e9 une cuill\u00e8re \u00e0 caf\u00e9 de colorant alimentaire jaune \u00e0 la cr\u00e8me et la glace est toujours jaune. Je pense que le probl\u00e8me se situe au niveau du lait. Est-ce possible ?<\/p>\n<p style=\"margin-top: 5px;margin-bottom: 5px\"><\/p>\n<p style=\"margin-top: 5px;margin-bottom: 5px\">A :<\/p>\n<p style=\"margin-top: 5px;margin-bottom: 5px\"><\/p>\n<p style=\"margin-top: 5px;margin-bottom: 5px\">Vous pouvez utiliser du lait d'une autre couleur. En fait, les ar\u00f4mes jaunes de la cr\u00e8me glac\u00e9e sont des extraits secs de lait et un peu de lait en poudre. Les solides du lait sont jaunes, mais le lait en poudre est blanc.&nbsp;<\/p>\n<p style=\"margin-top: 5px;margin-bottom: 5px\"><\/p>\n<h2>L'extrait de vanille fran\u00e7aise est-il identique \u00e0 l'extrait de vanille ?<\/h2>\n<p style=\"margin-top: 5px;margin-bottom: 5px\"><\/p>\n<p style=\"margin-top: 5px;margin-bottom: 5px\">Je sais qu'il existe des extraits pr\u00e9fabriqu\u00e9s, mais je me demande s'il y a une diff\u00e9rence entre l'extrait de vanille fran\u00e7aise et l'extrait de vanille. Je ne sais pas s'il est n\u00e9cessaire d'acheter un extrait de vanille et de le m\u00e9langer \u00e0 un ar\u00f4me sp\u00e9cifique pour en faire un extrait de vanille fran\u00e7aise ou si une gousse de vanille est tout aussi bonne.<\/p>\n<p style=\"margin-top: 5px;margin-bottom: 5px\"><\/p>\n<h2>Quelle est la dur\u00e9e de conservation de la glace \u00e0 l'italienne ?<\/h2>\n<p style=\"margin-top: 5px;margin-bottom: 5px\"><\/p>\n<p style=\"margin-top: 5px;margin-bottom: 5px\">Vous pouvez manger de la glace \u00e0 l'italienne n'importe quel jour de l'ann\u00e9e, mais elle est \u00e0 son meilleur entre juillet et d\u00e9cembre, selon l'American Dairy Association.<\/p>\n<p style=\"margin-top: 5px;margin-bottom: 5px\"><\/p>\n<p style=\"margin-top: 5px;margin-bottom: 5px\">Selon l'USDA, la cr\u00e8me glac\u00e9e peut \u00eatre congel\u00e9e pendant plusieurs mois.<\/p>\n<\/p><\/div>","protected":false},"excerpt":{"rendered":"<p>Slush machine &nbsp; Slush machine|Product Features|Product specification|Product Advantage &nbsp;&nbsp; Slush Machines are made using the finest quality stainless steel. The Slush Machines are available in different models, sizes and configurations as per the clients requirement. We also offer the Slush Machine at a highly competitive rate. Our Slush Machines are appreciated in the market for [&hellip;]<\/p>\n","protected":false},"featured_media":1041,"comment_status":"open","ping_status":"open","template":"","meta":{"_swt_meta_header_display":false,"_swt_meta_footer_display":false,"_swt_meta_site_title_display":false,"_swt_meta_sticky_header":false,"_swt_meta_transparent_header":false},"product_brand":[],"product_cat":[91],"product_tag":[],"class_list":{"0":"post-1048","1":"product","2":"type-product","3":"status-publish","4":"has-post-thumbnail","6":"product_cat-slush-machine","8":"first","9":"instock","10":"shipping-taxable","11":"product-type-simple"},"_links":{"self":[{"href":"https:\/\/www.hommy.com\/fr\/wp-json\/wp\/v2\/product\/1048","targetHints":{"allow":["GET"]}}],"collection":[{"href":"https:\/\/www.hommy.com\/fr\/wp-json\/wp\/v2\/product"}],"about":[{"href":"https:\/\/www.hommy.com\/fr\/wp-json\/wp\/v2\/types\/product"}],"replies":[{"embeddable":true,"href":"https:\/\/www.hommy.com\/fr\/wp-json\/wp\/v2\/comments?post=1048"}],"wp:featuredmedia":[{"embeddable":true,"href":"https:\/\/www.hommy.com\/fr\/wp-json\/wp\/v2\/media\/1041"}],"wp:attachment":[{"href":"https:\/\/www.hommy.com\/fr\/wp-json\/wp\/v2\/media?parent=1048"}],"wp:term":[{"taxonomy":"product_brand","embeddable":true,"href":"https:\/\/www.hommy.com\/fr\/wp-json\/wp\/v2\/product_brand?post=1048"},{"taxonomy":"product_cat","embeddable":true,"href":"https:\/\/www.hommy.com\/fr\/wp-json\/wp\/v2\/product_cat?post=1048"},{"taxonomy":"product_tag","embeddable":true,"href":"https:\/\/www.hommy.com\/fr\/wp-json\/wp\/v2\/product_tag?post=1048"}],"curies":[{"name":"wp","href":"https:\/\/api.w.org\/{rel}","templated":true}]}}