{"id":1040,"date":"2024-07-02T17:42:05","date_gmt":"2024-07-02T17:42:05","guid":{"rendered":"http:\/\/localhost\/hommywp\/pa-d2-pizza-cone-warmer-promotional-display-showcase-price-list\/"},"modified":"2025-08-01T09:57:50","modified_gmt":"2025-08-01T09:57:50","slug":"armoire-chauffante-electrique-pour-pizza-a-cone","status":"publish","type":"product","link":"https:\/\/www.hommy.com\/fr\/p\/armoire-chauffante-electrique-pour-pizza-a-cone\/","title":{"rendered":"Pa-D2 R\u00e9chauffeur de c\u00f4nes de pizza Pr\u00e9sentoir promotionnel Liste de prix"},"content":{"rendered":"<div>\n<p>&nbsp;<\/p>\n<h2 style=\"text-align: center\"><strong><span style=\"font-family: arial, helvetica, sans-serif;font-size: 24px\"><a name=\"Electric Cone Pizza Warmer Cabinet\/ Electronic cone pizza displayer\"><\/a>Armoire chauffante \u00e9lectrique pour pizzas \u00e0 c\u00f4ne\/ Pr\u00e9sentoir \u00e9lectronique pour pizzas \u00e0 c\u00f4ne<\/span><\/strong><\/h2>\n<p style=\"text-align: center\"><a href=\"#Electric Cone Pizza Warmer Cabinet\" target=\"_self\" data-lv=\"0\" rel=\"noopener\"><span style=\"font-family: arial, helvetica, sans-serif;font-size: 16px\">Armoire chauffante \u00e9lectrique \u00e0 c\u00f4ne pour pizzas<\/span><\/a><span style=\"font-family: arial, helvetica, sans-serif;font-size: 16px\">|<a href=\"#Pizza display warmer\" target=\"_self\" data-lv=\"0\" rel=\"noopener\">R\u00e9chauffeur de pr\u00e9sentoir \u00e0 pizza<\/a>|<a href=\"#PRODUCT SPECIFICATION\" target=\"_self\" data-lv=\"0\" rel=\"noopener\">SP\u00c9CIFICATION DU PRODUIT<\/a>|<a href=\"#PRODUCT DETAILS\" target=\"_self\" data-lv=\"0\" rel=\"noopener\">D\u00c9TAILS DU PRODUIT<\/a>|<a href=\"#PRODUCT ADVANTAGE\" target=\"_self\" data-lv=\"0\" rel=\"noopener\">AVANTAGE DU PRODUIT<\/a><\/span><\/p>\n<p style=\"text-align: center\">&nbsp;<\/p>\n<p><!-- Video start --><video poster=\"https:\/\/img80002414.weyesimg.com\/uploads\/wij2rdgc.allweyes.com\/video\/15553191989018.mp4?vframe\/jpg\/offset\/1\" id=\"video\" preload=\"auto\" controls=\"controls\" style=\"width:100%;height:510px\"><\/video><!-- Video end --><\/p>\n<p>Chacun des pr\u00e9sentoirs de r\u00e9chauffeur de c\u00f4nes de pizza que nous proposons poss\u00e8de diverses caract\u00e9ristiques qui permettent de l'utiliser pour une grande vari\u00e9t\u00e9 d'applications. De plus, nous livrons le pr\u00e9sentoir de r\u00e9chauffeur de c\u00f4nes \u00e0 pizza aux clients selon leurs exigences sp\u00e9cifiques.<\/p>\n<p><\/p>\n<p>Notre pr\u00e9sentoir chauffant pour c\u00f4nes de pizza est fabriqu\u00e9 \u00e0 partir de mat\u00e9riaux de qualit\u00e9 sup\u00e9rieure afin de garantir des performances optimales. En outre, nos ing\u00e9nieurs veillent \u00e0 ce qu'ils offrent une r\u00e9sistance optimale \u00e0 tout climat extr\u00eame. En outre, nous avons \u00e9galement install\u00e9 le pr\u00e9sentoir de r\u00e9chauffeur de c\u00f4nes de pizza aux endroits strat\u00e9giques pour leur donner une meilleure accessibilit\u00e9.&nbsp;<\/p>\n<div class=\"d-tem11-graphic tem11-graphic mockup\" data-detail=\"wrap\">\n<div class=\"tab_row\">\n<div class=\"img\" style=\"width:50%\">\n<p style=\"text-align:center\"><img loading=\"lazy\" decoding=\"async\" src=\"https:\/\/www.hommy.com\/wp-content\/uploads\/15795038361160.jpg\" alt=\"produit-Hommy-img\" title=\"\" width=\"400\" height=\"561\" border=\"0\" vspace=\"0\" style=\"width: 400px;height: 561px\"><\/p>\n<\/div>\n<div class=\"text_box\" style=\"width:50%\">\n<div class=\"txt\">\n<h2><span style=\"font-family: arial, helvetica, sans-serif;font-size: 24px\"><strong><span style=\"font-family: arial, helvetica, sans-serif\"><a name=\"Pizza display warmer\"><\/a>R\u00e9chauffeur de pr\u00e9sentoir \u00e0 pizza<\/span><\/strong><\/span><\/h2>\n<p><span style=\"font-size: 18px\"><br \/><\/span><\/p>\n<div class=\"description\">\n<p>Belle vitrine design<\/p>\n<p>Tablette rotative<\/p>\n<p>2 chauffages, stam et dry<\/p>\n<p>Peut convenir \u00e0 toutes les normes \u00e9lectriques<\/p>\n<p>Contr\u00f4le automatique de la temp\u00e9rature et de l'humidit\u00e9. Convection d'air forc\u00e9 avec verre sur tous les c\u00f4t\u00e9s<\/p>\n<p>Id\u00e9al pour pr\u00e9senter les pizzas et attirer les clients<\/p>\n<p><\/p>\n<\/div>\n<\/div>\n<\/div>\n<\/div>\n<\/div>\n<div class=\"text-left d-tem09-title d-interval\" data-detail=\"wrap\">\n<div class=\"title-header\">\n<h2><strong><span style=\"font-size: 24px;font-family: arial, helvetica, sans-serif\"><a name=\"PRODUCT SPECIFICATION\"><\/a>SP\u00c9CIFICATION DU PRODUIT<\/span><\/strong><\/h2>\n<div class=\"subtitle\"><span>L'excellence de l'exp\u00e9rience client est le point de d\u00e9part de Hommy.<\/span><\/div>\n<\/div>\n<\/div>\n<p>&nbsp;<\/p>\n<div class=\"table-responsive\">\n<table class=\"table table-bordered table-hover\">\n<tbody>\n<tr class=\"firstRow\">\n<td rowspan=\"2\" width=\"146\" valign=\"center\">\n<p style=\"text-align:center\">Produit<\/p>\n<\/td>\n<td rowspan=\"2\" width=\"89\" valign=\"center\">\n<p style=\"text-align:center\">Mod\u00e8le<\/p>\n<\/td>\n<td colspan=\"2\" width=\"135\" valign=\"center\">\n<p style=\"text-align:center\">Alimentation \u00e9lectrique<\/p>\n<\/td>\n<td rowspan=\"2\" width=\"117\" valign=\"center\">\n<p style=\"text-align:center\">Capacit\u00e9<\/p>\n<\/td>\n<td colspan=\"3\" width=\"266\" valign=\"center\">\n<p style=\"text-align:center\">Net. Dimensions (mm)<\/p>\n<\/td>\n<td rowspan=\"2\" width=\"124\" valign=\"center\">\n<p style=\"text-align:center\">Fonction<\/p>\n<\/td>\n<\/tr>\n<tr>\n<td width=\"61\" valign=\"center\">\n<p style=\"text-align:center\">Tension<\/p>\n<\/td>\n<td width=\"73\" valign=\"center\">\n<p style=\"text-align:center\">HZ<\/p>\n<\/td>\n<td width=\"86\" valign=\"center\">\n<p style=\"text-align:center\">Largeur<\/p>\n<\/td>\n<td width=\"93\" valign=\"center\">\n<p style=\"text-align:center\">Profondeur<\/p>\n<\/td>\n<td width=\"86\" valign=\"center\">\n<p style=\"text-align:center\">Hauteur<\/p>\n<\/td>\n<\/tr>\n<tr>\n<td width=\"146\" valign=\"center\">\n<p style=\"text-align:center\">Pr\u00e9sentoir de c\u00f4nes de pizza<\/p>\n<\/td>\n<td width=\"89\" valign=\"center\">\n<p style=\"text-align:center\">PA-D1<\/p>\n<\/td>\n<td width=\"61\" valign=\"center\">\n<p style=\"text-align:center\">220V<\/p>\n<\/td>\n<td width=\"73\" valign=\"center\">\n<p style=\"text-align:center\">50\/60HZ<\/p>\n<\/td>\n<td width=\"117\" valign=\"center\">\n<p style=\"text-align:center\">On obtient 12 c\u00f4nes en une seule fois.<\/p>\n<\/td>\n<td width=\"86\" valign=\"center\">\n<p style=\"text-align:center\">495<\/p>\n<\/td>\n<td width=\"93\" valign=\"center\">\n<p style=\"text-align:center\">495<\/p>\n<\/td>\n<td width=\"86\" valign=\"center\">\n<p style=\"text-align:center\">750<\/p>\n<\/td>\n<td width=\"124\" valign=\"center\">\n<p style=\"text-align:center\">Ajustement de la vitesse, rotation automatique, maintien au chaud<\/p>\n<\/td>\n<\/tr>\n<\/tbody>\n<\/table>\n<\/div>\n<p>&nbsp;<\/p>\n<div class=\"text-left d-tem09-title d-interval\" data-detail=\"wrap\">\n<div class=\"title-header\">\n<h2><strong><span style=\"font-size: 24px;font-family: arial, helvetica, sans-serif\"><a name=\"PRODUCT DETAILS\"><\/a>D\u00c9TAILS DU PRODUIT<\/span><\/strong><\/h2>\n<div class=\"subtitle\"><span>Apr\u00e8s des ann\u00e9es de d\u00e9veloppement, nous avons mis en place un r\u00e9seau de distribution \u00e0 grande \u00e9chelle dans diff\u00e9rents pays et nous recevons de bons commentaires de la part de nos clients.<\/span><\/div>\n<\/div>\n<\/div>\n<p>&nbsp;<\/p>\n<div class=\"d-tem18-graphic d-clearfix d-interval mockup clearfix\" data-detail=\"wrap\">\n<div class=\"col-lg-4 col-md-4 col-sm-4 col-xs-6\">\n<div class=\"item\">\n<div class=\"images\"><img decoding=\"async\" title=\"\" alt=\"produit-Hommy-img\" src=\"https:\/\/www.hommy.com\/wp-content\/uploads\/15553182887769.jpg\"><\/div>\n<\/div>\n<\/div>\n<div class=\"col-lg-4 col-md-4 col-sm-4 col-xs-6\">\n<div class=\"item\">\n<div class=\"images\"><img decoding=\"async\" title=\"\" alt=\"produit-Hommy-img\" src=\"https:\/\/www.hommy.com\/wp-content\/uploads\/15553182987214.jpg\"><\/div>\n<\/div>\n<\/div>\n<div class=\"col-lg-4 col-md-4 col-sm-4 col-xs-6\">\n<div class=\"item\">\n<div class=\"images\"><img decoding=\"async\" title=\"\" alt=\"product-Hommy-Electric Cone Pizza Warmer CabinetCone Pizza Display Warmer-img\" src=\"https:\/\/www.hommy.com\/wp-content\/uploads\/15553183059375.jpg\"><\/div>\n<\/div>\n<\/div>\n<\/div>\n<p>&nbsp;<\/p>\n<div class=\"d-tem18-graphic d-clearfix d-interval mockup clearfix\" data-detail=\"wrap\">\n<div class=\"col-lg-4 col-md-4 col-sm-4 col-xs-6\">\n<div class=\"item\">\n<div class=\"images\"><img decoding=\"async\" title=\"\" alt=\"produit-Hommy-img\" src=\"https:\/\/www.hommy.com\/wp-content\/uploads\/15553183145692.jpg\"><\/div>\n<\/div>\n<\/div>\n<div class=\"col-lg-4 col-md-4 col-sm-4 col-xs-6\">\n<div class=\"item\">\n<div class=\"images\"><img decoding=\"async\" title=\"\" alt=\"product-Electric Cone Pizza Warmer CabinetCone Pizza Display Warmer-Hommy-img\" src=\"https:\/\/www.hommy.com\/wp-content\/uploads\/15553183237331.jpg\"><\/div>\n<\/div>\n<\/div>\n<div class=\"col-lg-4 col-md-4 col-sm-4 col-xs-6\">\n<div class=\"item\">\n<div class=\"images\"><img decoding=\"async\" title=\"\" alt=\"produit-Hommy-img-1\" src=\"https:\/\/www.hommy.com\/wp-content\/uploads\/15553183308205.jpg\"><\/div>\n<\/div>\n<\/div>\n<\/div>\n<p>&nbsp;<\/p>\n<div class=\"text-left d-tem09-title d-interval\" data-detail=\"wrap\">\n<div class=\"title-header\">\n<h2><strong><span style=\"font-size: 24px;font-family: arial, helvetica, sans-serif\"><a name=\"PRODUCT ADVANTAGE\"><\/a>AVANTAGE DU PRODUIT<\/span><\/strong><\/h2>\n<p><span>En outre, des ing\u00e9nieurs hautement qualifi\u00e9s, des technologues comp\u00e9tents et un personnel bien inform\u00e9 contribuent largement au d\u00e9veloppement de l'entreprise.<\/span><\/p>\n<p><span><img loading=\"lazy\" decoding=\"async\" title=\"\" alt=\"produit-Hommy-img-1\" src=\"https:\/\/www.hommy.com\/wp-content\/uploads\/15553183434867.jpg\" style=\"font-size: 0px;width: 300px;height: 600px\" width=\"300\" height=\"600\" border=\"0\" vspace=\"0\"><\/span><\/p>\n<ol style=\"list-style-type: decimal\">\n<li>\n<p>Le pr\u00e9sentoir rotatif de c\u00f4nes \u00e0 pizza permet de maintenir tous les aliments au chaud.&nbsp; &nbsp; &nbsp; &nbsp; &nbsp; &nbsp; &nbsp; &nbsp; &nbsp; &nbsp; &nbsp; &nbsp; &nbsp; &nbsp;<img loading=\"lazy\" decoding=\"async\" title=\"\" alt=\"produit-Hommy-img-1\" src=\"https:\/\/www.hommy.com\/wp-content\/uploads\/15553183498826.jpg\" style=\"font-size: 0px;width: 300px;height: 200px\" width=\"300\" height=\"200\" border=\"0\" vspace=\"0\"><\/p>\n<\/li>\n<\/ol>\n<p>&nbsp; &nbsp; &nbsp; &nbsp; 2. le r\u00e9servoir peut conserver les aliments mous pendant une longue p\u00e9riode.<\/p>\n<p><span><br \/><\/span><\/p>\n<\/div>\n<\/div>\n<p><\/p>\n<p>Document\uff1a<img decoding=\"async\" src=\"https:\/\/www.hommy.com\/wp-content\/uploads\/icon_pdf-83.gif\" style=\"margin-right: 2px\" alt=\"product-Hommy-Electric Cone Pizza Warmer CabinetCone Pizza Display Warmer-img-1\" title=\"\"><a href=\"https:\/\/img80002414.weyesimg.com\/uploads\/www.hommy.com\/addon\/16028167588950.pdf\" title=\"16028167588950.pdf\" style=\"font-size: 12px\">16028167588950.pdf<\/a>&nbsp; &nbsp; &nbsp; &nbsp; &nbsp; &nbsp; &nbsp; &nbsp; &nbsp; &nbsp; &nbsp; &nbsp; &nbsp; &nbsp; &nbsp; &nbsp; &nbsp; &nbsp; &nbsp; &nbsp; &nbsp; &nbsp; &nbsp; &nbsp; &nbsp; &nbsp; &nbsp;&nbsp;<\/p>\n<\/div><\/div>","protected":false},"excerpt":{"rendered":"<p>&nbsp; Electric Cone Pizza Warmer Cabinet\/&nbsp;Electronic cone pizza displayer Electric Cone Pizza Warmer Cabinet|Pizza display warmer|PRODUCT SPECIFICATION|PRODUCT DETAILS|PRODUCT ADVANTAGE &nbsp; Each of the Pizza Cone Warmer Display offered by us has various features that enables the use for a wide variety of applications. Moreover, we deliver the Pizza Cone Warmer Display to the client as [&hellip;]<\/p>\n","protected":false},"featured_media":1030,"comment_status":"open","ping_status":"open","template":"","meta":{"_swt_meta_header_display":false,"_swt_meta_footer_display":false,"_swt_meta_site_title_display":false,"_swt_meta_sticky_header":false,"_swt_meta_transparent_header":false},"product_brand":[],"product_cat":[90],"product_tag":[],"class_list":{"0":"post-1040","1":"product","2":"type-product","3":"status-publish","4":"has-post-thumbnail","6":"product_cat-pizza-cone-machine","8":"first","9":"instock","10":"shipping-taxable","11":"product-type-simple"},"_links":{"self":[{"href":"https:\/\/www.hommy.com\/fr\/wp-json\/wp\/v2\/product\/1040","targetHints":{"allow":["GET"]}}],"collection":[{"href":"https:\/\/www.hommy.com\/fr\/wp-json\/wp\/v2\/product"}],"about":[{"href":"https:\/\/www.hommy.com\/fr\/wp-json\/wp\/v2\/types\/product"}],"replies":[{"embeddable":true,"href":"https:\/\/www.hommy.com\/fr\/wp-json\/wp\/v2\/comments?post=1040"}],"wp:featuredmedia":[{"embeddable":true,"href":"https:\/\/www.hommy.com\/fr\/wp-json\/wp\/v2\/media\/1030"}],"wp:attachment":[{"href":"https:\/\/www.hommy.com\/fr\/wp-json\/wp\/v2\/media?parent=1040"}],"wp:term":[{"taxonomy":"product_brand","embeddable":true,"href":"https:\/\/www.hommy.com\/fr\/wp-json\/wp\/v2\/product_brand?post=1040"},{"taxonomy":"product_cat","embeddable":true,"href":"https:\/\/www.hommy.com\/fr\/wp-json\/wp\/v2\/product_cat?post=1040"},{"taxonomy":"product_tag","embeddable":true,"href":"https:\/\/www.hommy.com\/fr\/wp-json\/wp\/v2\/product_tag?post=1040"}],"curies":[{"name":"wp","href":"https:\/\/api.w.org\/{rel}","templated":true}]}}