{"id":1029,"date":"2024-07-02T17:42:00","date_gmt":"2024-07-02T17:42:00","guid":{"rendered":"http:\/\/localhost\/hommywp\/3-heads-semi-automatic-pizza-cone-press-mould-forming-machine\/"},"modified":"2025-08-01T09:57:50","modified_gmt":"2025-08-01T09:57:50","slug":"machine-a-presser-les-cones-de-pizza","status":"publish","type":"product","link":"https:\/\/www.hommy.com\/fr\/p\/machine-a-presser-les-cones-de-pizza\/","title":{"rendered":"Machine de formage de moules \u00e0 c\u00f4nes de pizza semi-automatique \u00e0 3 t\u00eates"},"content":{"rendered":"<div>\n<h2 style=\"text-align: center;\"><strong><span style=\"font-family: arial, helvetica, sans-serif; font-size: 24px;\"><a name=\"Pizza cone press machine\"><\/a>Machine \u00e0 presser les c\u00f4nes de pizza<\/span><\/strong><\/h2>\n<p style=\"text-align: center;\"><span style=\"font-family: arial, helvetica, sans-serif; font-size: 16px;\"><a href=\"#Pizza cone press machine\" target=\"_self\" rel=\"noopener\" data-lv=\"0\">Machine \u00e0 presser les c\u00f4nes de pizza<\/a>|<a href=\"#PRODUCT DETAILS\" target=\"_self\" rel=\"noopener\" data-lv=\"0\">D\u00c9TAILS DU PRODUIT<\/a>|<a href=\"#Machine introduction of pizza production line\" target=\"_self\" rel=\"noopener\" data-lv=\"0\">Pr\u00e9sentation de la machine de production de pizzas<\/a>|<a href=\"#PRODUCT SPECIFICATION\" target=\"_self\" rel=\"noopener\" data-lv=\"0\">SP\u00c9CIFICATION DU PRODUIT<\/a>|<a href=\"#PRODUCT ADVANTAGE\" target=\"_self\" rel=\"noopener\" data-lv=\"0\">AVANTAGE DU PRODUIT<\/a><\/span><\/p>\n<p style=\"text-align: center;\">\n<p><!-- Video start --><video id=\"video\" style=\"width: 100%; height: 510px;\" poster=\"https:\/\/img80002414.weyesimg.com\/uploads\/wij2rdgc.allweyes.com\/video\/15553191989018.mp4?vframe\/jpg\/offset\/1\" preload=\"auto\" controls=\"controls\" width=\"300\" height=\"150\"><\/video><!-- Video end --><\/p>\n<p><!-- Video start --><video id=\"video\" style=\"width: 100%; height: 510px;\" poster=\"https:\/\/img80002414.weyesimg.com\/uploads\/wij2rdgc.allweyes.com\/video\/15553192576846.mp4?vframe\/jpg\/offset\/1\" preload=\"auto\" controls=\"controls\" width=\"300\" height=\"150\"><\/video><!-- Video end --><\/p>\n<p>Pour l'industrie de la transformation des pizzas, ce moule \u00e0 pizza est extr\u00eamement utile car il permet d'\u00e9conomiser du temps et de l'argent dans l'industrie de la transformation des aliments. Vous serez surpris par la qualit\u00e9 de ce moule \u00e0 pizza. Sur le march\u00e9, vous pouvez trouver diff\u00e9rentes marques de moules pour c\u00f4nes \u00e0 pizza, mais elles offrent toutes le m\u00eame produit. L'avantage de ce moule pour c\u00f4ne de pizza est qu'il r\u00e9duit consid\u00e9rablement le travail de transformation de votre produit. Vous obtiendrez facilement des c\u00f4nes \u00e0 pizza de haute qualit\u00e9. Le moule \u00e0 c\u00f4ne \u00e0 pizza est tr\u00e8s facile \u00e0 utiliser. Vous pouvez ajuster le produit en fonction de vos besoins. Il s'agit d'un produit tr\u00e8s durable. Avec beaucoup d'exp\u00e9rience et de connaissances, les produits sont fabriqu\u00e9s \u00e0 la main pour garantir une qualit\u00e9 maximale. Les produits sont fabriqu\u00e9s conform\u00e9ment aux normes \u00e9tablies. Nous sommes connus pour fabriquer des produits de haute qualit\u00e9 qui sont tr\u00e8s durables et qui durent longtemps. Vous pouvez profiter des avantages de notre soci\u00e9t\u00e9.<\/p>\n<div class=\"text-left d-tem09-title d-interval\" data-detail=\"wrap\">\n<div class=\"title-header\">\n<h2><strong><span style=\"font-size: 24px; font-family: arial, helvetica, sans-serif;\"><a name=\"PRODUCT DETAILS\"><\/a>D\u00c9TAILS DU PRODUIT<\/span><\/strong><\/h2>\n<div class=\"subtitle\">Apr\u00e8s des ann\u00e9es de d\u00e9veloppement, nous avons mis en place un r\u00e9seau de distribution \u00e0 grande \u00e9chelle dans diff\u00e9rents pays et nous recevons de bons commentaires de la part de nos clients.<\/div>\n<\/div>\n<\/div>\n<div class=\"d-tem11-graphic tem11-graphic mockup\" data-detail=\"wrap\">\n<div class=\"tab_row\">\n<div class=\"img\" style=\"width: 50%;\"><img decoding=\"async\" title=\"\" src=\"https:\/\/www.hommy.com\/wp-content\/uploads\/15553196899069.jpg\" alt=\"produit-Hommy-img\"><\/div>\n<div class=\"text_box\" style=\"width: 50%;\">\n<div class=\"txt\">\n<h2><strong><span style=\"font-family: arial, helvetica, sans-serif; font-size: 24px;\"><a name=\"Machine introduction of pizza production line\"><\/a>Pr\u00e9sentation de la machine de production de pizzas<\/span><\/strong><\/h2>\n<p style=\"line-height: 2em;\">M\u00e9langeur de p\u00e2te : m\u00e9langer la farine et les \u0153ufs \u00e0 la p\u00e2te de farine.<br \/>\nMachine \u00e0 fabriquer des boules de p\u00e2te \u00e0 pizza : produire des p\u00e2tons ronds \u00e0 partir d'une grande p\u00e2te de farine.<br \/>\nMachine \u00e0 mouler les c\u00f4nes de pizza : la p\u00e2te ronde prend la forme d'un c\u00f4ne de pizza.<br \/>\nFour \u00e0 c\u00f4nes de pizza : pour r\u00f4tir les c\u00f4nes de pizza. Il permet de r\u00e9gler la temp\u00e9rature du four et la vitesse en fonction des diff\u00e9rents mat\u00e9riaux du c\u00f4ne \u00e0 pizza.<br \/>\nPr\u00e9sentoir pour c\u00f4nes de pizza : pr\u00e9sentez le c\u00f4ne de pizza fini.<br \/>\nUne pizza dans un c\u00f4ne ! Le PA-C4A est une machine automatique \u00e0 former des c\u00f4nes de pizza de petite taille. Il suffit de charger la p\u00e2te \u00e0 pizza divis\u00e9e par le diviseur de p\u00e2te \u00e0 pizza PA-C4A, puis de placer la boule de p\u00e2te dans le module du c\u00f4ne et d'appuyer sur un bouton de d\u00e9marrage, d'attendre la cuisson du c\u00f4ne, puis de remplir les c\u00f4nes pr\u00e9cuits avec toutes sortes de garnitures de pizza. Remettez les c\u00f4nes remplis dans le four rotatif ou le gril \u00e0 c\u00f4nes \u00e0 pizza PA-C4A et faites cuire jusqu'\u00e0 ce que la cro\u00fbte du c\u00f4ne \u00e0 pizza soit dor\u00e9e et que les garnitures fassent des bulles. Les c\u00f4nes \u00e0 pizza sont une nouvelle fa\u00e7on amusante et unique de pr\u00e9parer et de servir des pizzas personnalis\u00e9es \u00e0 la maison, dans un petit magasin ou dans un kiosque... laissez votre propre c\u00f4ne \u00e0 pizza se faire plus rapidement, de mani\u00e8re \u00e9gale et automatique.<\/p>\n<\/div>\n<\/div>\n<\/div>\n<\/div>\n<div class=\"text-left d-tem09-title d-interval\" data-detail=\"wrap\">\n<div class=\"title-header\">\n<h2><strong><span style=\"font-size: 24px; font-family: arial, helvetica, sans-serif;\"><a name=\"PRODUCT SPECIFICATION\"><\/a>SP\u00c9CIFICATION DU PRODUIT<\/span><\/strong><\/h2>\n<div class=\"subtitle\">L'excellence de l'exp\u00e9rience client est le point de d\u00e9part de Hommy.<\/div>\n<\/div>\n<\/div>\n<p style=\"line-height: 2em;\">Taille du moule au choix du client<\/p>\n<p style=\"line-height: 2em;\">A : \u03a660mm (diam\u00e8tre) x 140mm (hauteur) x 5mm (\u00e9paisseur)<\/p>\n<p style=\"line-height: 2em;\">B : \u03a645mm (diam\u00e8tre) x 75mm (hauteur) x 5mm (\u00e9paisseur)<\/p>\n<p style=\"line-height: 2em;\">C:\u03a670mm (Diam\u00e8tre) x 160mm (Hauteur) x 5-6mm (Epaisseur) +USD150<\/p>\n<p>Corps en acier inoxydable facile \u00e0 nettoyer.<\/p>\n<p>Le mat\u00e9riau du moule est de l'aluminium de qualit\u00e9 alimentaire.<\/p>\n<p>L'utilisation d'un syst\u00e8me de contr\u00f4le de la s\u00e9paration pour chaque moule permet, en fonction du client, de choisir diff\u00e9rents mat\u00e9riaux pour r\u00e9gler diff\u00e9rentes temp\u00e9ratures.<\/p>\n<p>L'\u00e9paisseur du c\u00f4ne de pizza peut \u00eatre ajust\u00e9e en fonction du client, de 4 mm \u00e0 8 mm.<\/p>\n<div class=\"table-responsive\">\n<table class=\"table table-bordered table-hover\">\n<tbody>\n<tr class=\"firstRow\">\n<td rowspan=\"2\" valign=\"center\" width=\"146\">\n<p style=\"text-align: center;\">Produit<\/p>\n<\/td>\n<td rowspan=\"2\" valign=\"center\" width=\"89\">\n<p style=\"text-align: center;\">Mod\u00e8le<\/p>\n<\/td>\n<td colspan=\"2\" valign=\"center\" width=\"135\">\n<p style=\"text-align: center;\">Alimentation \u00e9lectrique<\/p>\n<\/td>\n<td rowspan=\"2\" valign=\"center\" width=\"117\">\n<p style=\"text-align: center;\">Production horaire (pieses)<\/p>\n<\/td>\n<td colspan=\"3\" valign=\"center\" width=\"266\">\n<p style=\"text-align: center;\">Net. Dimensions (mm)<\/p>\n<\/td>\n<td rowspan=\"2\" valign=\"center\" width=\"124\">\n<p style=\"text-align: center;\">Fonctionnement<\/p>\n<\/td>\n<\/tr>\n<tr>\n<td valign=\"center\" width=\"63\">\n<p style=\"text-align: center;\">Tension<\/p>\n<\/td>\n<td valign=\"center\" width=\"72\">\n<p style=\"text-align: center;\">HZ<\/p>\n<\/td>\n<td valign=\"center\" width=\"82\">\n<p style=\"text-align: center;\">Largeur<\/p>\n<\/td>\n<td valign=\"center\" width=\"91\">\n<p style=\"text-align: center;\">Profondeur<\/p>\n<\/td>\n<td valign=\"center\" width=\"93\">\n<p style=\"text-align: center;\">Hauteur<\/p>\n<\/td>\n<\/tr>\n<tr>\n<td valign=\"center\" width=\"146\">\n<p style=\"text-align: center;\"><a style=\"color: blue;\" href=\"https:\/\/www.hommy.com\/fr\/machine-a-cone-de-pizza\/\">Machine \u00e0 c\u00f4nes de pizza<\/a><\/p>\n<\/td>\n<td valign=\"center\" width=\"89\">\n<p style=\"text-align: center;\"><a name=\"OLE_LINK6\"><\/a>PA-C4A<\/p>\n<\/td>\n<td valign=\"center\" width=\"63\">\n<p style=\"text-align: center;\">220V<\/p>\n<\/td>\n<td valign=\"center\" width=\"72\">\n<p style=\"text-align: center;\">50\/60HZ<\/p>\n<\/td>\n<td valign=\"center\" width=\"117\">\n<p style=\"text-align: center;\">150-180pcs\/Hr<\/p>\n<\/td>\n<td valign=\"center\" width=\"82\">\n<p style=\"text-align: center;\">660<\/p>\n<\/td>\n<td valign=\"center\" width=\"91\">\n<p style=\"text-align: center;\">520<\/p>\n<\/td>\n<td valign=\"center\" width=\"93\">\n<p style=\"text-align: center;\">770<\/p>\n<\/td>\n<td valign=\"center\" width=\"124\">\n<p style=\"text-align: center;\">Semi-automatique<\/p>\n<\/td>\n<\/tr>\n<\/tbody>\n<\/table>\n<\/div>\n<div class=\"text-left d-tem09-title d-interval\" data-detail=\"wrap\">\n<div class=\"title-header\">\n<h2><strong><span style=\"font-size: 24px; font-family: arial, helvetica, sans-serif;\"><a name=\"PRODUCT ADVANTAGE\"><\/a>AVANTAGE DU PRODUIT<\/span><\/strong><\/h2>\n<div class=\"subtitle\">En outre, des ing\u00e9nieurs hautement qualifi\u00e9s, des technologues comp\u00e9tents et un personnel bien inform\u00e9 contribuent largement au d\u00e9veloppement de l'entreprise.<\/div>\n<\/div>\n<\/div>\n<p><img loading=\"lazy\" decoding=\"async\" style=\"font-size: 0px; width: 200px; height: 600px;\" title=\"\" src=\"https:\/\/www.hommy.com\/wp-content\/uploads\/15553199014187.jpg\" alt=\"produit-Hommy-img\" width=\"200\" height=\"600\" border=\"0\" vspace=\"0\"><\/p>\n<ol style=\"list-style-type: decimal;\">\n<li>Groupe de boutons de commande, pour une cuisson facile du c\u00f4ne \u00e0 pizza.\n<p><img loading=\"lazy\" decoding=\"async\" style=\"font-size: 0px; width: 200px; height: 600px;\" title=\"\" src=\"https:\/\/www.hommy.com\/wp-content\/uploads\/15553199084905.jpg\" alt=\"produit-Hommy-img\" width=\"200\" height=\"600\" border=\"0\" vspace=\"0\"><\/li>\n<\/ol>\n<p>2. ajuster la taille du c\u00f4ne de pizza.<\/p>\n<p>Document\uff1a<img decoding=\"async\" style=\"margin-right: 2px;\" src=\"https:\/\/www.hommy.com\/wp-content\/uploads\/icon_pdf-82.gif\" alt=\"produit-Machine \u00e0 presser les c\u00f4nes de pizzamachine \u00e0 mouler les c\u00f4nes de pizza-Hommy-img\" title=\"\"><a style=\"font-size: 12px;\" title=\"16028161916647.pdf\" href=\"https:\/\/img80002414.weyesimg.com\/uploads\/www.hommy.com\/addon\/16028161916647.pdf\">16028161916647.pdf<\/a><\/p>\n<\/div>","protected":false},"excerpt":{"rendered":"<p>Pizza cone press machine Pizza cone press machine|PRODUCT DETAILS|Machine introduction of pizza production line|PRODUCT SPECIFICATION|PRODUCT ADVANTAGE For the pizza food processing industry this pizza mould is of extreme use as it saves time and money on the food processing industries. You will be amazed with the product quality of this pizza cone mould product. In [&hellip;]<\/p>\n","protected":false},"featured_media":1025,"comment_status":"closed","ping_status":"closed","template":"","meta":{"_swt_meta_header_display":false,"_swt_meta_footer_display":false,"_swt_meta_site_title_display":false,"_swt_meta_sticky_header":false,"_swt_meta_transparent_header":false},"product_brand":[],"product_cat":[90],"product_tag":[],"class_list":{"0":"post-1029","1":"product","2":"type-product","3":"status-publish","4":"has-post-thumbnail","6":"product_cat-pizza-cone-machine","8":"first","9":"instock","10":"shipping-taxable","11":"product-type-simple"},"_links":{"self":[{"href":"https:\/\/www.hommy.com\/fr\/wp-json\/wp\/v2\/product\/1029","targetHints":{"allow":["GET"]}}],"collection":[{"href":"https:\/\/www.hommy.com\/fr\/wp-json\/wp\/v2\/product"}],"about":[{"href":"https:\/\/www.hommy.com\/fr\/wp-json\/wp\/v2\/types\/product"}],"replies":[{"embeddable":true,"href":"https:\/\/www.hommy.com\/fr\/wp-json\/wp\/v2\/comments?post=1029"}],"wp:featuredmedia":[{"embeddable":true,"href":"https:\/\/www.hommy.com\/fr\/wp-json\/wp\/v2\/media\/1025"}],"wp:attachment":[{"href":"https:\/\/www.hommy.com\/fr\/wp-json\/wp\/v2\/media?parent=1029"}],"wp:term":[{"taxonomy":"product_brand","embeddable":true,"href":"https:\/\/www.hommy.com\/fr\/wp-json\/wp\/v2\/product_brand?post=1029"},{"taxonomy":"product_cat","embeddable":true,"href":"https:\/\/www.hommy.com\/fr\/wp-json\/wp\/v2\/product_cat?post=1029"},{"taxonomy":"product_tag","embeddable":true,"href":"https:\/\/www.hommy.com\/fr\/wp-json\/wp\/v2\/product_tag?post=1029"}],"curies":[{"name":"wp","href":"https:\/\/api.w.org\/{rel}","templated":true}]}}