{"id":1024,"date":"2024-07-02T17:41:57","date_gmt":"2024-07-02T17:41:57","guid":{"rendered":"http:\/\/localhost\/hommywp\/pa-1-electric-rotating-pizza-cone-oven-stainless-steel\/"},"modified":"2025-08-01T09:57:50","modified_gmt":"2025-08-01T09:57:50","slug":"four-a-cones-a-pizza-rotatif-machine-a-cones-a-pizza","status":"publish","type":"product","link":"https:\/\/www.hommy.com\/fr\/p\/four-a-cones-a-pizza-rotatif-machine-a-cones-a-pizza\/","title":{"rendered":"Pa-1 Four \u00e9lectrique \u00e0 c\u00f4ne de pizza rotatif en acier inoxydable"},"content":{"rendered":"<div>\n<p>&nbsp;<\/p>\n<h2 style=\"text-align: center\"><strong><span style=\"font-family: arial, helvetica, sans-serif;font-size: 24px\"><a name=\"Rotating pizza cone oven\"><\/a>Four \u00e0 c\u00f4ne \u00e0 pizza rotatif<\/span><\/strong><\/h2>\n<p style=\"text-align: center\"><a href=\"#Rotating pizza cone oven\" target=\"_self\" data-lv=\"0\" rel=\"noopener\"><span style=\"font-size: 16px;font-family: arial, helvetica, sans-serif\">Four \u00e0 c\u00f4ne \u00e0 pizza rotatif<\/span><\/a><span style=\"font-size: 16px;font-family: arial, helvetica, sans-serif\">|<a href=\"#PRODUCT FEATURES\" target=\"_self\" data-lv=\"0\" rel=\"noopener\">CARACT\u00c9RISTIQUES DU PRODUIT<\/a>|<a href=\"#PRODUCT SPECIFICATION\" target=\"_self\" data-lv=\"0\" rel=\"noopener\">SP\u00c9CIFICATION DU PRODUIT<\/a>|<a href=\"#PRODUCT ADVANTAGE\" target=\"_self\" data-lv=\"0\" rel=\"noopener\">AVANTAGE DU PRODUIT<\/a><\/span><\/p>\n<p><strong><span style=\"font-family: arial, helvetica, sans-serif;font-size: 24px\"><br \/><\/span><\/strong><\/p>\n<p style=\"text-align: center\">&nbsp;<\/p>\n<p><!-- Video start --><video poster=\"https:\/\/img80002414.weyesimg.com\/uploads\/wij2rdgc.allweyes.com\/video\/15553202093041.mp4?vframe\/jpg\/offset\/1\" id=\"video\" preload=\"auto\" controls=\"controls\" style=\"width:100%;height:510px\"><\/video><!-- Video end --><\/p>\n<p><!-- Video start --><video poster=\"https:\/\/img80002414.weyesimg.com\/uploads\/wij2rdgc.allweyes.com\/video\/15553202911904.mp4?vframe\/jpg\/offset\/1\" id=\"video\" preload=\"auto\" controls=\"controls\" style=\"width:100%;height:510px\"><\/video><!-- Video end --><\/p>\n<p>&nbsp;<\/p>\n<p>Le four \u00e0 c\u00f4ne \u00e0 pizza rotatif est con\u00e7u par nos professionnels \u00e0 l'aide d'une technologie de pointe et en conformit\u00e9 avec les normes internationales. Les clients peuvent obtenir ce four \u00e0 c\u00f4ne \u00e0 pizza rotatif en plusieurs tailles et finitions pour r\u00e9pondre \u00e0 leurs besoins sp\u00e9cifiques.<\/p>\n<p><\/p>\n<p>Gr\u00e2ce \u00e0 notre comp\u00e9tence, ce four \u00e0 c\u00f4ne \u00e0 pizza rotatif est largement demand\u00e9 dans divers h\u00f4tels, restaurants, foyers, etc.<\/p>\n<div class=\"text-left d-tem09-title d-interval\" data-detail=\"wrap\">\n<div class=\"title-header\">\n<h2><strong><span style=\"font-size: 24px;font-family: arial, helvetica, sans-serif\"><a name=\"PRODUCT FEATURES\"><\/a>CARACT\u00c9RISTIQUES DU PRODUIT<\/span><\/strong><\/h2>\n<div class=\"subtitle\"><span>L'usine de Hommy couvre une superficie de 30 500 m\u00e8tres carr\u00e9s dans la ville de Xinhui Jiangmen. Elle comprend des lignes de production flexibles, un laboratoire de R&amp;D, un centre d'apprentissage et un atelier \u00e9quip\u00e9 de mat\u00e9riel de pointe.<\/span><\/div>\n<\/div>\n<\/div>\n<p>&nbsp;<\/p>\n<div class=\"d-tem11-graphic tem11-graphic mockup\" data-detail=\"wrap\">\n<div class=\"tab_row\">\n<div class=\"img\" style=\"width: 50%\"><img decoding=\"async\" title=\"\" alt=\"produit-Hommy-img\" src=\"https:\/\/www.hommy.com\/wp-content\/uploads\/15553211873727.jpg\"><\/div>\n<div class=\"text_box\" style=\"width: 50%\">\n<div class=\"txt\">\n<p>&nbsp;<\/p>\n<div class=\"title\">Four \u00e0 c\u00f4ne \u00e0 pizza rotatif<\/div>\n<p>&nbsp;<\/p>\n<p style=\"line-height: 2em\">Corps en acier inoxydable facile \u00e0 nettoyer et \u00e0 faire passer les aliments.&nbsp;<br \/>La temp\u00e9rature et la vitesse peuvent \u00eatre ajust\u00e9es en fonction des diff\u00e9rents mat\u00e9riaux.<br \/>Le r\u00e9chauffeur est un tube de lumi\u00e8re qui p\u00e9n\u00e8tre \u00e0 l'int\u00e9rieur des aliments.&nbsp;<br \/>Le four \u00e0 c\u00f4ne rotatif pour pizzas permet de maintenir la chaleur \u00e0 un niveau \u00e9gal.<br \/>Le c\u00f4ne de pizza marche, le client se sent frais.<\/p>\n<p>&nbsp;<\/p>\n<\/div>\n<\/div>\n<\/div>\n<\/div>\n<p>&nbsp;<\/p>\n<div class=\"text-left d-tem09-title d-interval\" data-detail=\"wrap\">\n<div class=\"title-header\">\n<h2><strong><span style=\"font-size: 24px;font-family: arial, helvetica, sans-serif\"><a name=\"PRODUCT SPECIFICATION\"><\/a>SP\u00c9CIFICATION DU PRODUIT<\/span><\/strong><\/h2>\n<div class=\"subtitle\"><span>L'excellence de l'exp\u00e9rience client est le point de d\u00e9part de Hommy.<\/span><\/div>\n<\/div>\n<\/div>\n<p>&nbsp;<\/p>\n<div class=\"table-responsive\">\n<table class=\"table table-bordered table-hover\">\n<tbody>\n<tr class=\"firstRow\">\n<td rowspan=\"2\" width=\"119\" valign=\"center\">\n<p style=\"text-align:center\">Produit<\/p>\n<\/td>\n<td rowspan=\"2\" width=\"59\" valign=\"center\">\n<p style=\"text-align:center\">Mod\u00e8le<\/p>\n<\/td>\n<td colspan=\"2\" width=\"139\" valign=\"center\">\n<p style=\"text-align:center\">Alimentation \u00e9lectrique<\/p>\n<\/td>\n<td rowspan=\"2\" width=\"184\" valign=\"center\">\n<p style=\"text-align:center\">Capacit\u00e9<\/p>\n<\/td>\n<td colspan=\"3\" width=\"210\" valign=\"center\">\n<p style=\"text-align:center\">Net. Dimensions (mm)<\/p>\n<\/td>\n<td rowspan=\"2\" width=\"167\" valign=\"center\">\n<p style=\"text-align:center\">Fonction<\/p>\n<\/td>\n<\/tr>\n<tr>\n<td width=\"63\" valign=\"center\">\n<p style=\"text-align:center\">Tension<\/p>\n<\/td>\n<td width=\"76\" valign=\"center\">\n<p style=\"text-align:center\">HZ<\/p>\n<\/td>\n<td width=\"68\" valign=\"center\">\n<p style=\"text-align:center\">Largeur<\/p>\n<\/td>\n<td width=\"74\" valign=\"center\">\n<p style=\"text-align:center\">Profondeur<\/p>\n<\/td>\n<td width=\"68\" valign=\"center\">\n<p style=\"text-align:center\">Hauteur<\/p>\n<\/td>\n<\/tr>\n<tr>\n<td width=\"119\" valign=\"center\">\n<p style=\"text-align:center\">Four \u00e0 c\u00f4ne \u00e0 pizza<\/p>\n<\/td>\n<td width=\"59\" valign=\"center\">\n<p style=\"text-align:center\">PA-1<\/p>\n<\/td>\n<td width=\"63\" valign=\"center\">\n<p style=\"text-align:center\">220V<\/p>\n<\/td>\n<td width=\"76\" valign=\"center\">\n<p style=\"text-align:center\">50\/60HZ<\/p>\n<\/td>\n<td width=\"184\" valign=\"center\">\n<p style=\"text-align:center\">On obtient 12 c\u00f4nes en une seule fois.<\/p>\n<\/td>\n<td width=\"68\" valign=\"center\">\n<p style=\"text-align:center\">660<\/p>\n<\/td>\n<td width=\"74\" valign=\"center\">\n<p style=\"text-align:center\">520<\/p>\n<\/td>\n<td width=\"68\" valign=\"center\">\n<p style=\"text-align:center\">770<\/p>\n<\/td>\n<td width=\"167\" valign=\"center\">\n<p style=\"text-align:center\">Ajustement de la vitesse, rotation automatique, maintien au chaud<\/p>\n<\/td>\n<\/tr>\n<tr>\n<td width=\"119\" valign=\"center\">\n<p style=\"text-align:center\">Four \u00e0 c\u00f4ne \u00e0 pizza<\/p>\n<\/td>\n<td width=\"59\" valign=\"center\">\n<p style=\"text-align:center\">PA-3<\/p>\n<\/td>\n<td width=\"63\" valign=\"center\">\n<p style=\"text-align:center\">220V<\/p>\n<\/td>\n<td width=\"76\" valign=\"center\">\n<p style=\"text-align:center\">50\/60HZ<\/p>\n<\/td>\n<td width=\"184\" valign=\"center\">\n<p style=\"text-align:center\">On obtient 12 c\u00f4nes en une seule fois.<\/p>\n<\/td>\n<td width=\"68\" valign=\"center\">\n<p style=\"text-align:center\">650<\/p>\n<\/td>\n<td width=\"74\" valign=\"center\">\n<p style=\"text-align:center\">620<\/p>\n<\/td>\n<td width=\"68\" valign=\"center\">\n<p style=\"text-align:center\">600<\/p>\n<\/td>\n<td width=\"167\" valign=\"center\">\n<p style=\"text-align:center\">Ajustement de la vitesse, rotation automatique, maintien au chaud<\/p>\n<\/td>\n<\/tr>\n<\/tbody>\n<\/table>\n<\/div>\n<p>&nbsp;<\/p>\n<div class=\"text-left d-tem09-title d-interval\" data-detail=\"wrap\">\n<div class=\"title-header\">\n<h2><span style=\"font-family: arial, helvetica, sans-serif\"><strong><span style=\"font-size: 24px\"><a name=\"PRODUCT ADVANTAGE\"><\/a>AVANTAGE DU PRODUIT<\/span><\/strong><\/span><\/h2>\n<p><span>En outre, des ing\u00e9nieurs hautement qualifi\u00e9s, des technologues comp\u00e9tents et un personnel bien inform\u00e9 contribuent largement au d\u00e9veloppement de l'entreprise.<\/span><\/p>\n<p><span><\/span><\/p>\n<p><span><img loading=\"lazy\" decoding=\"async\" src=\"https:\/\/www.hommy.com\/wp-content\/uploads\/15553200629141.jpg\" title=\"\" alt=\"produit-Hommy-img\" width=\"300\" height=\"800\" border=\"0\" vspace=\"0\" style=\"width: 300px;height: 800px\"><\/span><\/p>\n<p><span><\/span><\/p>\n<p>1. ajuster la vitesse de rotation en fonction du choix du mat\u00e9riau du c\u00f4ne \u00e0 pizza \u00e0 l'int\u00e9rieur.<\/p>\n<p><\/p>\n<p><img decoding=\"async\" src=\"https:\/\/www.hommy.com\/wp-content\/uploads\/15795053819851.jpg\" alt=\"produit-Hommy-img\" title=\"\"><\/p>\n<p>2. ajuster la temp\u00e9rature en fonction du c\u00f4ne de pizza \u00e0 l'int\u00e9rieur choisir le mat\u00e9riau.<\/p>\n<p><img loading=\"lazy\" decoding=\"async\" src=\"https:\/\/www.hommy.com\/wp-content\/uploads\/15795053272563.png\" title=\"\" alt=\"produit-Hommy-img\" width=\"200\" height=\"750\" border=\"0\" vspace=\"0\" style=\"width: 200px;height: 750px\"><\/p>\n<p><\/p>\n<p>3. lorsque la machine tourne pour attirer l'attention des passants<\/p>\n<p><img loading=\"lazy\" decoding=\"async\" src=\"https:\/\/www.hommy.com\/wp-content\/uploads\/15553200627014.jpg\" title=\"\" alt=\"produit-Four \u00e0 c\u00f4nes de pizza rotatifsFour \u00e9lectrique en acier inoxydable pour r\u00e9chauffer les c\u00f4nes de pizza-Hommy-img\" width=\"200\" height=\"800\" border=\"0\" vspace=\"0\" style=\"width: 200px;height: 800px\">&nbsp;.<\/p>\n<p><\/p>\n<p>4. facile \u00e0 nettoyer.<\/p>\n<p><span><br \/><\/span><\/p>\n<p><span><br \/><\/span><\/p>\n<\/div>\n<\/div>\n<p>Document\uff1a<img decoding=\"async\" src=\"https:\/\/www.hommy.com\/wp-content\/uploads\/icon_pdf-81.gif\" style=\"margin-right: 2px\" alt=\"product-Hommy-Four \u00e0 c\u00f4nes de pizza rotatifFour \u00e9lectrique en acier inoxydable pour r\u00e9chauffer les c\u00f4nes de pizza-img\" title=\"\"><a href=\"https:\/\/img80002414.weyesimg.com\/uploads\/www.hommy.com\/addon\/16028164619911.pdf\" title=\"16028164619911.pdf\" style=\"font-size: 12px\">16028164619911.pdf<\/a><\/p>\n<p><\/p>\n<\/div><\/div>","protected":false},"excerpt":{"rendered":"<p>&nbsp; Rotating pizza cone oven Rotating pizza cone oven|PRODUCT FEATURES|PRODUCT SPECIFICATION|PRODUCT ADVANTAGE &nbsp; &nbsp; The rotating pizza cone oven is designed by our professionals using the advanced technology and in compliance with international standards. The customers can avail this rotating pizza cone oven from us in several sizes and finishes to meet their specific needs. [&hellip;]<\/p>\n","protected":false},"featured_media":1018,"comment_status":"open","ping_status":"open","template":"","meta":{"_swt_meta_header_display":false,"_swt_meta_footer_display":false,"_swt_meta_site_title_display":false,"_swt_meta_sticky_header":false,"_swt_meta_transparent_header":false},"product_brand":[],"product_cat":[90],"product_tag":[],"class_list":{"0":"post-1024","1":"product","2":"type-product","3":"status-publish","4":"has-post-thumbnail","6":"product_cat-pizza-cone-machine","8":"first","9":"instock","10":"shipping-taxable","11":"product-type-simple"},"_links":{"self":[{"href":"https:\/\/www.hommy.com\/fr\/wp-json\/wp\/v2\/product\/1024","targetHints":{"allow":["GET"]}}],"collection":[{"href":"https:\/\/www.hommy.com\/fr\/wp-json\/wp\/v2\/product"}],"about":[{"href":"https:\/\/www.hommy.com\/fr\/wp-json\/wp\/v2\/types\/product"}],"replies":[{"embeddable":true,"href":"https:\/\/www.hommy.com\/fr\/wp-json\/wp\/v2\/comments?post=1024"}],"wp:featuredmedia":[{"embeddable":true,"href":"https:\/\/www.hommy.com\/fr\/wp-json\/wp\/v2\/media\/1018"}],"wp:attachment":[{"href":"https:\/\/www.hommy.com\/fr\/wp-json\/wp\/v2\/media?parent=1024"}],"wp:term":[{"taxonomy":"product_brand","embeddable":true,"href":"https:\/\/www.hommy.com\/fr\/wp-json\/wp\/v2\/product_brand?post=1024"},{"taxonomy":"product_cat","embeddable":true,"href":"https:\/\/www.hommy.com\/fr\/wp-json\/wp\/v2\/product_cat?post=1024"},{"taxonomy":"product_tag","embeddable":true,"href":"https:\/\/www.hommy.com\/fr\/wp-json\/wp\/v2\/product_tag?post=1024"}],"curies":[{"name":"wp","href":"https:\/\/api.w.org\/{rel}","templated":true}]}}