{"id":1017,"date":"2024-07-02T17:41:51","date_gmt":"2024-07-02T17:41:51","guid":{"rendered":"http:\/\/localhost\/hommywp\/pa-3-stainless-steel-commercial-pizza-cone-oven-factory-cost\/"},"modified":"2025-08-01T09:57:49","modified_gmt":"2025-08-01T09:57:49","slug":"four-a-cone-a-pizza-pa-3","status":"publish","type":"product","link":"https:\/\/www.hommy.com\/fr\/p\/four-a-cone-a-pizza-pa-3\/","title":{"rendered":"Four \u00e0 c\u00f4ne \u00e0 pizza commercial en acier inoxydable Pa-3 Co\u00fbt d'usine"},"content":{"rendered":"<div>\n<p><\/p>\n<h2 style=\"text-align: center\"><strong><span style=\"font-size: 29px;font-family: arial, helvetica, sans-serif\"><a name=\"Cone Pizza Oven\"><\/a>Four \u00e0 pizza \u00e0 c\u00f4nes<\/span><\/strong><\/h2>\n<p style=\"text-align: center\"><a href=\"#Cone Pizza Oven\" target=\"_self\" data-lv=\"0\" rel=\"noopener\"><span style=\"font-family: arial, helvetica, sans-serif;font-size: 16px\">Four \u00e0 pizza \u00e0 c\u00f4nes<\/span><\/a><span style=\"font-family: arial, helvetica, sans-serif;font-size: 16px\">|<a href=\"#Product Features\" target=\"_self\" data-lv=\"0\" rel=\"noopener\">Caract\u00e9ristiques du produit<\/a>|<a href=\"#Product specification\" target=\"_self\" data-lv=\"0\" rel=\"noopener\">Sp\u00e9cification du produit<\/a><\/span><\/p>\n<p><\/p>\n<p style=\"text-align: center\">&nbsp;&nbsp;&nbsp;&nbsp;<\/p>\n<p>Nos clients sont satisfaits de la gamme de fours \u00e0 pizza que nous leur proposons. Nous pouvons vous assurer la meilleure qualit\u00e9 dans notre gamme. Le four est con\u00e7u et fabriqu\u00e9 par nos professionnels exp\u00e9riment\u00e9s. Nous suivons les normes industrielles pour le contr\u00f4le de la qualit\u00e9 de nos produits.<\/p>\n<p>Notre produit est utilis\u00e9 dans les restaurants, les h\u00f4tels, les bars et les pubs pour fournir des pizzas savoureuses \u00e0 leurs clients. Notre produit est propos\u00e9 en diff\u00e9rentes tailles, conceptions et capacit\u00e9s. Nous fabriquons \u00e9galement des gammes personnalis\u00e9es en fonction des exigences des clients.<\/p>\n<p><\/p>\n<div class=\"d-tem01-graphic tem01-graphic mockup\" data-detail=\"wrap\">\n<div class=\"cont-section clearfix d-clearfix\">\n<div class=\"col-md-6 col-sm-6 col-xs-6\"><\/p>\n<div class=\"graphic_pic animated wow bounceIn\" data-wow-delay=\".7s\">\n<p style=\"text-align:center\"><img loading=\"lazy\" decoding=\"async\" src=\"https:\/\/www.hommy.com\/wp-content\/uploads\/16031720176609.png\" alt=\"produit-Hommy-img\" title=\"\" width=\"400\" height=\"500\" border=\"0\" vspace=\"0\" style=\"width: 400px;height: 500px\"><\/p>\n<\/div>\n<\/div>\n<div class=\"col-md-6 col-sm-6 col-xs-6\">\n<div class=\"right-p\">\n<div class=\"h2 heading\">\n<h2><span style=\"font-family: arial, helvetica, sans-serif;font-size: 24px\"><strong><span style=\"font-family: arial, helvetica, sans-serif;letter-spacing: 0px\"><br \/><\/span><\/strong><\/span><\/h2>\n<h2><span style=\"font-family: arial, helvetica, sans-serif;font-size: 24px\"><strong><span style=\"font-family: arial, helvetica, sans-serif;letter-spacing: 0px\"><a name=\"Product Features\"><\/a>Produit <\/span><span style=\"font-family: arial, helvetica, sans-serif\">Caract\u00e9ristiques<\/span><\/strong><\/span><\/h2>\n<p><span style=\"font-family:Calibri;font-size:32px\"><br \/><\/span><\/p>\n<p><span style=\"font-size: 16px;font-family: arial, helvetica, sans-serif\">Corps en acier inoxydable facile \u00e0 nettoyer et \u00e0 faire passer les aliments. <\/span><\/p>\n<p><span style=\"font-size: 16px;font-family: arial, helvetica, sans-serif\">La temp\u00e9rature et la vitesse peuvent \u00eatre ajust\u00e9es en fonction des diff\u00e9rents mat\u00e9riaux.<\/span><\/p>\n<p><span style=\"font-size: 16px;font-family: arial, helvetica, sans-serif\">Le r\u00e9chauffeur est un tube de lumi\u00e8re qui p\u00e9n\u00e8tre \u00e0 l'int\u00e9rieur des aliments. <\/span><\/p>\n<p><span style=\"font-family: arial, helvetica, sans-serif\"><span style=\"font-family: Calibri;font-size: 16px\">Rota<\/span><span style=\"font-family: \u5b8b\u4f53;font-size: 16px\">t<\/span><span style=\"font-family: Calibri;font-size: 16px\">Le four \u00e0 c\u00f4nes pour pizzas peut maintenir l'\u00e9galisation \u00e0 chaud.<\/span><\/span><\/p>\n<p><span style=\"font-family: arial, helvetica, sans-serif\"><span style=\"font-family: Calibri;font-size: 16px\">Le c\u00f4ne de pizza marche, le client a l'impression d'\u00eatre frais et de se sentir \u00e0 l'aise.<\/span><span style=\"font-family: \u5b8b\u4f53;font-size: 16px\">&nbsp;orectique<\/span><span style=\"font-family: Calibri;font-size: 16px\">.<\/span><\/span><\/p>\n<p><span> &nbsp; &nbsp;<\/span><\/div>\n<\/div>\n<\/div>\n<\/div>\n<\/div>\n<h2><strong><span style=\"letter-spacing: 0px;font-family: arial, helvetica, sans-serif;font-size: 24px\"><a name=\"Product specification\"><\/a>Sp\u00e9cification du produit<\/span><\/strong><\/h2>\n<p><strong><span style=\"letter-spacing: 0px;font-family: arial, helvetica, sans-serif;font-size: 24px\"><img decoding=\"async\" src=\"https:\/\/www.hommy.com\/wp-content\/uploads\/16031719827174.png\" alt=\"produit-PA-3 four \u00e0 c\u00f4ne \u00e0 pizza-Hommy-img\" title=\"\"><\/span><\/strong><\/p>\n<p><strong><span style=\"letter-spacing: 0px;font-family: arial, helvetica, sans-serif;font-size: 24px\"><br \/><\/span><\/strong><\/p>\n<p><span style=\"font-family: arial, helvetica, sans-serif;font-size: 16px\">Document\uff1a<\/span><img decoding=\"async\" src=\"https:\/\/www.hommy.com\/wp-content\/uploads\/icon_pdf-80.gif\" style=\"margin-right: 2px\" alt=\"produit-Hommy-img\" title=\"\"><a href=\"https:\/\/img80002414.weyesimg.com\/uploads\/www.hommy.com\/addon\/16031723351787.pdf\" title=\"16031723351787.pdf\" style=\"font-size: 12px\">16031723351787.pd<\/a><\/p>\n<p><\/p>\n<\/div><\/div>","protected":false},"excerpt":{"rendered":"<p>Cone Pizza Oven Cone Pizza Oven|Product Features|Product specification &nbsp;&nbsp;&nbsp;&nbsp; Our clients are happy with the range of pizza oven we are offering to them. We can assure you the best quality in our range. The oven is designed and fabricated by our well-experienced professionals. We follow industry standard for quality checking of our product. Our [&hellip;]<\/p>\n","protected":false},"featured_media":1014,"comment_status":"open","ping_status":"open","template":"","meta":{"_swt_meta_header_display":false,"_swt_meta_footer_display":false,"_swt_meta_site_title_display":false,"_swt_meta_sticky_header":false,"_swt_meta_transparent_header":false},"product_brand":[],"product_cat":[90],"product_tag":[],"class_list":{"0":"post-1017","1":"product","2":"type-product","3":"status-publish","4":"has-post-thumbnail","6":"product_cat-pizza-cone-machine","8":"first","9":"instock","10":"shipping-taxable","11":"product-type-simple"},"_links":{"self":[{"href":"https:\/\/www.hommy.com\/fr\/wp-json\/wp\/v2\/product\/1017","targetHints":{"allow":["GET"]}}],"collection":[{"href":"https:\/\/www.hommy.com\/fr\/wp-json\/wp\/v2\/product"}],"about":[{"href":"https:\/\/www.hommy.com\/fr\/wp-json\/wp\/v2\/types\/product"}],"replies":[{"embeddable":true,"href":"https:\/\/www.hommy.com\/fr\/wp-json\/wp\/v2\/comments?post=1017"}],"wp:featuredmedia":[{"embeddable":true,"href":"https:\/\/www.hommy.com\/fr\/wp-json\/wp\/v2\/media\/1014"}],"wp:attachment":[{"href":"https:\/\/www.hommy.com\/fr\/wp-json\/wp\/v2\/media?parent=1017"}],"wp:term":[{"taxonomy":"product_brand","embeddable":true,"href":"https:\/\/www.hommy.com\/fr\/wp-json\/wp\/v2\/product_brand?post=1017"},{"taxonomy":"product_cat","embeddable":true,"href":"https:\/\/www.hommy.com\/fr\/wp-json\/wp\/v2\/product_cat?post=1017"},{"taxonomy":"product_tag","embeddable":true,"href":"https:\/\/www.hommy.com\/fr\/wp-json\/wp\/v2\/product_tag?post=1017"}],"curies":[{"name":"wp","href":"https:\/\/api.w.org\/{rel}","templated":true}]}}