{"id":1009,"date":"2024-07-02T17:36:46","date_gmt":"2024-07-02T17:36:46","guid":{"rendered":"http:\/\/localhost\/hommywp\/standing-huge-fake-ice-cream-point-of-sale-display-promotional-model\/"},"modified":"2025-08-01T09:57:49","modified_gmt":"2025-08-01T09:57:49","slug":"moule-pour-cones-de-gelato","status":"publish","type":"product","link":"https:\/\/www.hommy.com\/fr\/p\/moule-pour-cones-de-gelato\/","title":{"rendered":"Mod\u00e8le promotionnel d'\u00e9talage de fausse cr\u00e8me glac\u00e9e sur pied pour point de vente"},"content":{"rendered":"<div>\n<p style=\"margin-top:0;margin-right:0;margin-bottom:0;margin-left:0;text-indent:0;text-align:justify\"><\/p>\n<p style=\"margin-top:0;margin-right:0;margin-bottom:0;margin-left:0;text-indent:0;text-align:justify\"><\/p>\n<h2 style=\"margin: 0px;text-indent: 0px;text-align: center\"><strong><span style=\"letter-spacing: 0px;font-size: 29px;font-family: arial, helvetica, sans-serif\"><a name=\"Gelato cone mould\"><\/a>Moule pour c\u00f4nes de gelato<\/span><\/strong><\/h2>\n<p style=\"margin: 0px;text-indent: 0px;text-align: center\"><span style=\"letter-spacing: 0px;font-family: arial, helvetica, sans-serif;font-size: 14px\"><a href=\"#Gelato cone mould\" target=\"_self\" data-lv=\"0\" rel=\"noopener\">Moule pour c\u00f4nes de gelato<\/a>|<a href=\"#Product specification\" target=\"_self\" data-lv=\"0\" rel=\"noopener\">Sp\u00e9cification du produit<\/a>|<a href=\"#Product Features\" target=\"_self\" data-lv=\"0\" rel=\"noopener\">Caract\u00e9ristiques du produit<\/a>|<a href=\"#Product Advantage\" target=\"_self\" data-lv=\"0\" rel=\"noopener\">Avantages du produit<\/a><\/span><\/p>\n<p><strong><span style=\"letter-spacing: 0px;font-size: 24px;font-family: arial, helvetica, sans-serif\"><\/span><\/strong><\/p>\n<p>Il s'agit d'une glace promotionnelle innovante et de haute qualit\u00e9 pour les clients du commerce de d\u00e9tail. Un mod\u00e8le de glace promotionnelle peut faire des merveilles pour votre magasin. C'est un moyen id\u00e9al de se faire remarquer.<\/p>\n<p>Nous avons tous les <a style=\"color:blue\" href=\"https:\/\/www.hommy.com\/fr\/modele-de-glace\/\">mod\u00e8le promotionnel de cr\u00e8me glac\u00e9e<\/a>Pour plus d'informations sur les mod\u00e8les promotionnels disponibles dans notre inventaire, n'h\u00e9sitez pas \u00e0 nous contacter. Notre mod\u00e8le promotionnel n'est pas seulement unique par son aspect mais aussi par sa fonctionnalit\u00e9 et nous sommes l'un des principaux fabricants et exportateurs dans ce domaine.<\/p>\n<p><strong><span style=\"letter-spacing: 0px;font-size: 24px;font-family: arial, helvetica, sans-serif\"><a name=\"Product specification\"><\/a>Sp\u00e9cification du produit\uff1a<\/span><\/strong><\/p>\n<h2><span style=\"font-size: 24px\"><strong><span style=\"font-family: \u5b8b\u4f53;letter-spacing: 0px\"><br \/><\/span><\/strong><\/span><\/h2>\n<p style=\"text-align:center\"><span style=\"font-family:\u5b8b\u4f53;letter-spacing:0;font-size:29px\"><img decoding=\"async\" src=\"https:\/\/www.hommy.com\/wp-content\/uploads\/16014274909173.png\" alt=\"produit-Hommy-img\" title=\"\"><\/span><\/p>\n<p><span style=\"font-family:\u5b8b\u4f53;letter-spacing:0;font-size:29px\"><br \/><\/span><\/p>\n<p><span style=\"font-family:\u5b8b\u4f53;letter-spacing:0;font-size:29px\"><\/span><\/p>\n<div class=\"d-tem01-graphic tem01-graphic mockup\" data-detail=\"wrap\">\n<div class=\"cont-section clearfix d-clearfix\">\n<div class=\"col-md-6 col-sm-6 col-xs-6\"><\/p>\n<div class=\"graphic_pic animated wow bounceIn\" data-wow-delay=\".7s\">\n<p style=\"text-align:center\"><img loading=\"lazy\" decoding=\"async\" src=\"https:\/\/www.hommy.com\/wp-content\/uploads\/16014276873099.jpg\" alt=\"produit-Hommy-img\" title=\"\" width=\"300\" height=\"256\" border=\"0\" vspace=\"0\" style=\"width: 300px;height: 256px\"><\/p>\n<\/div>\n<\/div>\n<div class=\"col-md-6 col-sm-6 col-xs-6\">\n<div class=\"right-p\">\n<div class=\"h2 heading\">\n<p style=\"margin-top:0;margin-right:0;margin-bottom:0;margin-left:0;text-indent:0;text-align:justify\"><span style=\"font-family:\u5b8b\u4f53;letter-spacing:0;font-size:29px\"><br \/><\/span><\/p>\n<p style=\"margin-top:0;margin-right:0;margin-bottom:0;margin-left:0;text-indent:0;text-align:justify\"><span style=\"font-family:\u5b8b\u4f53;letter-spacing:0;font-size:29px\"><br \/><\/span><\/p>\n<h2 style=\"margin: 0px;text-indent: 0px;text-align: justify\"><span style=\"font-size: 24px\"><strong><span style=\"letter-spacing: 0px;font-family: arial, helvetica, sans-serif\"><a name=\"Product Features\"><\/a>Caract\u00e9ristiques du produit :<\/span><\/strong><\/span><span style=\"font-family:\u5b8b\u4f53;letter-spacing:0;font-size:29px\"> <\/span><\/h2>\n<h2 style=\"margin: 0px;text-indent: 0px;text-align: justify\"><span style=\"font-family:\u5b8b\u4f53;letter-spacing:0;font-size:29px\"><br \/><\/span><\/h2>\n<p style=\"text-align:justify\"><span style=\"font-family: Calibri;letter-spacing: 0;font-size: 19px\">\u25c6 100% Haut degr\u00e9 de simulation<\/span><span style=\"letter-spacing: 0px;font-size: 19px;font-family: \u5b8b\u4f53\">&nbsp;<\/span><span style=\"font-family: Calibri;letter-spacing: 0;font-size: 19px\">et de haute qualit\u00e9<\/span><\/p>\n<p style=\"text-align:justify\"><span style=\"font-family: Calibri;letter-spacing: 0;font-size: 19px\"><br \/><\/span><\/p>\n<p style=\"text-align:justify\"><span style=\"font-family: Calibri;letter-spacing: 0;font-size: 19px\"><span style=\"font-family: Calibri;font-size: 19px;text-align: justify\">\u25c6&nbsp;<\/span>Fabriqu\u00e9 \u00e0 partir de mati\u00e8res premi\u00e8res de haute qualit\u00e9<\/span><\/p>\n<p style=\"text-align:justify\"><span style=\"font-family: Calibri;letter-spacing: 0;font-size: 19px\"><br \/><\/span><\/p>\n<p style=\"text-align:justify\"><span style=\"font-family: Calibri;letter-spacing: 0;font-size: 19px\"><span style=\"font-family: Calibri;font-size: 19px;text-align: justify\">\u25c6&nbsp;<\/span>R\u00e9utilisable, antiadh\u00e9sif ; facile \u00e0 utiliser et \u00e0 nettoyer<\/span><\/p>\n<p style=\"text-align:justify\"><span style=\"font-family: Calibri;letter-spacing: 0;font-size: 19px\"><br \/><\/span><\/p>\n<p style=\"text-align:justify\"><span style=\"font-family: Calibri;letter-spacing: 0;font-size: 19px\"><span style=\"font-family: Calibri;font-size: 19px;text-align: justify\">\u25c6&nbsp;<\/span>Peu d'huiles et odeur particuli\u00e8re de la moisissure<\/span><\/p>\n<p style=\"text-align:justify\"><span style=\"font-family: Calibri;letter-spacing: 0;font-size: 19px\"><br \/><\/span><\/p>\n<p style=\"text-align:justify\"><span style=\"font-family: Calibri;letter-spacing: 0;font-size: 19px\"><span style=\"font-family: Calibri;font-size: 19px;text-align: justify\">\u25c6&nbsp;<\/span>Ne se d\u00e9forme pas facilement et a une longue dur\u00e9e de vie<\/span><\/p>\n<\/div>\n<\/div>\n<p>&nbsp; &nbsp; &nbsp; &nbsp; &nbsp; &nbsp;<\/p><\/div>\n<\/div>\n<\/div>\n<h2><strong><span style=\"letter-spacing: 0px;font-family: arial, helvetica, sans-serif;font-size: 24px\"><a name=\"Product Advantage\"><\/a>Avantage du produit :<\/span><\/strong><\/h2>\n<h2><span style=\"font-family:\u5b8b\u4f53;letter-spacing:0;font-size:29px\"><\/span><\/h2>\n<div class=\"d-tem01-graphic tem01-graphic mockup\" data-detail=\"wrap\">\n<div class=\"cont-section clearfix d-clearfix\">\n<div class=\"col-md-6 col-sm-6 col-xs-6\">\n<div class=\"right-p\">\n<div class=\"h2 heading\">\n<h2 style=\"text-align: justify\"><span style=\"letter-spacing: 0px;font-family: arial, helvetica, sans-serif;font-size: 16px\">1. L'aspect haut attire la curiosit\u00e9 des clients, ce qui peut augmenter les ventes de glaces.<\/span><\/h2>\n<p style=\"text-align:justify\"><span style=\"letter-spacing: 0px;font-family: arial, helvetica, sans-serif;font-size: 16px\"><br \/><\/span><\/p>\n<p style=\"text-align:justify\"><span style=\"letter-spacing: 0px;font-family: arial, helvetica, sans-serif;font-size: 16px\"><br \/><\/span><\/p>\n<\/div>\n<\/div>\n<div class=\"graphic_pic animated wow bounceIn\" data-wow-delay=\".7s\">\n<p style=\"text-align:center\"><img loading=\"lazy\" decoding=\"async\" src=\"https:\/\/www.hommy.com\/wp-content\/uploads\/16014277297216.jpg\" alt=\"produit-moule \u00e0 c\u00f4ne gelato-Hommy-img\" title=\"\" width=\"300\" height=\"256\" border=\"0\" vspace=\"0\" style=\"width: 300px;height: 256px\"><\/p>\n<\/div>\n<\/div>\n<div class=\"col-md-6 col-sm-6 col-xs-6\">\n<div class=\"right-p\">\n<div class=\"h2 heading\">\n<p><span style=\"letter-spacing: 0px;font-size: 16px;font-family: arial, helvetica, sans-serif\">2. Vous pouvez faire des d\u00e9corations \u00e0 l'ext\u00e9rieur et dire \u00e0 l'autre partie qu'il y a des ventes de glaces dans le magasin pour attirer les clients.<\/span><span style=\"font-family: \u5b8b\u4f53;letter-spacing: 0;font-size: 19px\">&nbsp;<\/span><\/p>\n<p><span style=\"font-family: \u5b8b\u4f53;letter-spacing: 0;font-size: 19px\"><br \/><\/span><\/p>\n<p><span style=\"font-family: \u5b8b\u4f53;letter-spacing: 0;font-size: 19px\"><br \/><\/span><\/p>\n<\/div>\n<\/div>\n<div class=\"graphic_pic animated wow bounceIn\" data-wow-delay=\".7s\">\n<p style=\"text-align:center\"><img loading=\"lazy\" decoding=\"async\" src=\"https:\/\/www.hommy.com\/wp-content\/uploads\/16014277532840.png\" alt=\"produit-Hommy-img\" title=\"\" width=\"300\" height=\"500\" border=\"0\" vspace=\"0\" style=\"width: 300px;height: 500px\"><\/p>\n<\/div>\n<\/div>\n<\/div>\n<\/div>\n<p><span style=\"font-family:Calibri;font-size:14px\"><\/span><\/p>\n<p><span style=\"font-family:Calibri;font-size:14px\">Document<\/span><span style=\"font-family: Calibri\">:<\/span><img decoding=\"async\" src=\"https:\/\/www.hommy.com\/wp-content\/uploads\/icon_pdf-78.gif\" style=\"margin-right: 2px\" alt=\"produit-Hommy-img\" title=\"\"><a href=\"https:\/\/img80002414.weyesimg.com\/uploads\/www.hommy.com\/addon\/16025750768669.pdf\" title=\"16025750768669.pdf\" style=\"font-size: 12px\">16025750768669.pdf<\/a><\/p>\n<p><span style=\"font-family:Calibri;font-size:14px\"><\/span><\/p>\n<\/div><\/div>","protected":false},"excerpt":{"rendered":"<p>Gelato cone mould Gelato cone mould|Product specification|Product Features|Product Advantage This is a high quality and innovative promotional ice cream for retail customers. An ice cream promotion model can work wonders for your store. This is an ideal way to get noticed. We have all the promotional ice cream models available in our inventory, please ask [&hellip;]<\/p>\n","protected":false},"featured_media":1946,"comment_status":"open","ping_status":"open","template":"","meta":{"_swt_meta_header_display":false,"_swt_meta_footer_display":false,"_swt_meta_site_title_display":false,"_swt_meta_sticky_header":false,"_swt_meta_transparent_header":false},"product_brand":[],"product_cat":[89],"product_tag":[],"class_list":{"0":"post-1009","1":"product","2":"type-product","3":"status-publish","4":"has-post-thumbnail","6":"product_cat-ice-cream-model","8":"first","9":"instock","10":"shipping-taxable","11":"product-type-simple"},"_links":{"self":[{"href":"https:\/\/www.hommy.com\/fr\/wp-json\/wp\/v2\/product\/1009","targetHints":{"allow":["GET"]}}],"collection":[{"href":"https:\/\/www.hommy.com\/fr\/wp-json\/wp\/v2\/product"}],"about":[{"href":"https:\/\/www.hommy.com\/fr\/wp-json\/wp\/v2\/types\/product"}],"replies":[{"embeddable":true,"href":"https:\/\/www.hommy.com\/fr\/wp-json\/wp\/v2\/comments?post=1009"}],"wp:featuredmedia":[{"embeddable":true,"href":"https:\/\/www.hommy.com\/fr\/wp-json\/wp\/v2\/media\/1946"}],"wp:attachment":[{"href":"https:\/\/www.hommy.com\/fr\/wp-json\/wp\/v2\/media?parent=1009"}],"wp:term":[{"taxonomy":"product_brand","embeddable":true,"href":"https:\/\/www.hommy.com\/fr\/wp-json\/wp\/v2\/product_brand?post=1009"},{"taxonomy":"product_cat","embeddable":true,"href":"https:\/\/www.hommy.com\/fr\/wp-json\/wp\/v2\/product_cat?post=1009"},{"taxonomy":"product_tag","embeddable":true,"href":"https:\/\/www.hommy.com\/fr\/wp-json\/wp\/v2\/product_tag?post=1009"}],"curies":[{"name":"wp","href":"https:\/\/api.w.org\/{rel}","templated":true}]}}