{"id":1003,"date":"2024-07-02T17:36:42","date_gmt":"2024-07-02T17:36:42","guid":{"rendered":"http:\/\/localhost\/hommywp\/plastic-giant-replica-large-ice-cream-cone-advertise-3d-model\/"},"modified":"2025-08-01T09:57:49","modified_gmt":"2025-08-01T09:57:49","slug":"moule-pour-cone-de-creme-glacee-machine-a-sucettes-glacees","status":"publish","type":"product","link":"https:\/\/www.hommy.com\/fr\/p\/moule-pour-cone-de-creme-glacee-machine-a-sucettes-glacees\/","title":{"rendered":"R\u00e9plique g\u00e9ante en plastique d'un grand c\u00f4ne de cr\u00e8me glac\u00e9e Annonce mod\u00e8le 3d"},"content":{"rendered":"<div>\n<p style=\"text-align: center\">&nbsp;<\/p>\n<h2 style=\"text-align: center\"><strong><span style=\"font-size: 30px;text-align: center;font-family: arial, helvetica, sans-serif\"><a name=\"Ice cream cone mould\"><\/a>Moule pour c\u00f4nes de glace<\/span><\/strong><\/h2>\n<p style=\"text-align: center\"><a href=\"#Ice cream cone mould\" target=\"_self\" data-lv=\"0\" rel=\"noopener\"><span style=\"text-align: center;font-size: 16px\">Moule pour c\u00f4nes de glace<\/span><\/a><span style=\"text-align: center;font-size: 16px\">|<a href=\"#Product specification\" target=\"_self\" data-lv=\"0\" rel=\"noopener\">Sp\u00e9cification du produit<\/a>|<a href=\"#Product Features\" target=\"_self\" data-lv=\"0\" rel=\"noopener\">Caract\u00e9ristiques du produit<\/a>|<a href=\"#Product Advantage\" target=\"_self\" data-lv=\"0\" rel=\"noopener\">Avantages du produit<\/a><\/span><\/p>\n<p><span style=\"font-size: 30px;text-align: center\"><\/span><\/p>\n<p>Si vous \u00eates \u00e0 la recherche d'un mod\u00e8le publicitaire de cornet de glace de haute qualit\u00e9 et r\u00e9aliste, vous \u00eates au bon endroit. En tant que fabricant professionnel de mod\u00e8les publicitaires de c\u00f4nes de glace, nous nous engageons \u00e0 fournir \u00e0 nos clients des produits et des services de la plus haute qualit\u00e9 possible. Nos c\u00f4nes de glace sont fabriqu\u00e9s \u00e0 partir de mati\u00e8res premi\u00e8res de la plus haute qualit\u00e9 et sont 100% r\u00e9alistes. Ils sont r\u00e9utilisables, antiadh\u00e9sifs, faciles \u00e0 utiliser et \u00e0 nettoyer, et ont une longue dur\u00e9e de vie.<\/p>\n<p>Si vous \u00eates pr\u00eat \u00e0 faire passer votre publicit\u00e9 pour les cornets de cr\u00e8me glac\u00e9e au niveau sup\u00e9rieur, contactez-nous d\u00e8s aujourd'hui pour commencer. Nous sommes impatients de vous aider \u00e0 d\u00e9velopper votre activit\u00e9 !<\/p>\n<p><\/p>\n<p><span style=\"font-size: 30px;text-align: center\"><\/span><\/p>\n<h2 style=\"margin: 0px;text-indent: 0px;text-align: justify\"><strong><span style=\"letter-spacing: 0px;font-size: 24px;font-family: arial, helvetica, sans-serif\"><a name=\"Product specification\"><\/a>Sp\u00e9cification du produit\uff1a<\/span><\/strong><\/h2>\n<h2 style=\"margin: 0px;text-indent: 0px;text-align: justify\"><strong><span style=\"letter-spacing: 0px;font-size: 24px;font-family: arial, helvetica, sans-serif\"><br \/><\/span><\/strong><\/h2>\n<p style=\"margin-top:0;margin-right:0;margin-bottom:0;margin-left:0;text-indent:0;text-align:justify\"><strong><span style=\"letter-spacing: 0px;font-size: 24px;font-family: arial, helvetica, sans-serif\"><br \/><\/span><\/strong><\/p>\n<p><span style=\"font-size: 30px;text-align: center\"><\/span><\/p>\n<p style=\"text-align:center\"><img decoding=\"async\" src=\"https:\/\/www.hommy.com\/wp-content\/uploads\/16014267297115.png\" alt=\"produit-Hommy-img\" title=\"\"><\/p>\n<p><\/p>\n<p>&nbsp;<\/p>\n<div class=\"d-tem11-graphic tem11-graphic mockup\" data-detail=\"wrap\">\n<div class=\"tab_row\">\n<div class=\"img\" style=\"width: 50%\">\n<p style=\"text-align:center\"><img loading=\"lazy\" decoding=\"async\" title=\"\" alt=\"produit-Hommy-img\" src=\"https:\/\/www.hommy.com\/wp-content\/uploads\/15553223371322.jpg\" width=\"500\" height=\"593\" border=\"0\" vspace=\"0\" style=\"width: 500px;height: 593px\"><\/p>\n<\/div>\n<div class=\"text_box\" style=\"width: 50%\">\n<div class=\"txt\">\n<div class=\"title\">\n<h2><span style=\"font-family: arial, helvetica, sans-serif;font-size: 24px\"><a name=\"Product Features\"><\/a>&nbsp;<span style=\"font-family: arial, helvetica, sans-serif;letter-spacing: 0px;text-align: justify\">Caract\u00e9ristiques du produit\uff1a<\/span><\/span><\/h2>\n<h2><span style=\"font-family: arial, helvetica, sans-serif;font-size: 24px\"><span style=\"font-family: arial, helvetica, sans-serif;letter-spacing: 0px;text-align: justify\"><br \/><\/span><\/span><\/h2>\n<p style=\"text-align:justify\"><span style=\"font-family: Calibri;letter-spacing: 0;font-size: 19px\">\u25c6&nbsp;<\/span><span style=\"font-family: Calibri;letter-spacing: 0;font-size: 19px\">100% <\/span><span style=\"font-family: Calibri;letter-spacing: 0;font-size: 19px\">Haut degr\u00e9 de simulation&nbsp;<\/span><span style=\"font-family: Calibri;letter-spacing: 0;font-size: 19px\">et de haute qualit\u00e9<\/span><\/p>\n<p style=\"text-align:justify\"><span style=\"font-family: Calibri;letter-spacing: 0;font-size: 19px\"><br \/><\/span><\/p>\n<p style=\"text-align:justify\"><span style=\"font-family: Calibri;letter-spacing: 0;font-size: 19px\"><span style=\"font-family: Calibri;font-size: 19px;font-weight: 700;text-align: justify\">\u25c6&nbsp;<\/span><\/span><span style=\"font-family: Calibri;letter-spacing: 0;font-size: 19px\">Fabriqu\u00e9 \u00e0 partir de mati\u00e8res premi\u00e8res de haute qualit\u00e9<\/span><\/p>\n<p style=\"text-align:justify\"><span style=\"font-family: Calibri;letter-spacing: 0;font-size: 19px\"><br \/><\/span><\/p>\n<p style=\"text-align:justify\"><span style=\"font-family: Calibri;letter-spacing: 0;font-size: 19px\"><span style=\"font-family: Calibri;font-size: 19px;font-weight: 700;text-align: justify\">\u25c6&nbsp;<\/span><\/span><span style=\"font-family: Calibri;letter-spacing: 0;font-size: 19px\">R\u00e9utilisable, antiadh\u00e9sif ; facile \u00e0 utiliser et \u00e0 nettoyer<\/span><\/p>\n<p style=\"text-align:justify\"><span style=\"font-family: Calibri;letter-spacing: 0;font-size: 19px\"><br \/><\/span><\/p>\n<p style=\"text-align:justify\"><span style=\"font-family: Calibri;letter-spacing: 0;font-size: 19px\"><span style=\"font-family: Calibri;font-size: 19px;font-weight: 700;text-align: justify\">\u25c6&nbsp;<\/span><\/span><span style=\"font-family: Calibri;letter-spacing: 0;font-size: 19px\">Peu d'huiles et odeur particuli\u00e8re de la moisissure<\/span><\/p>\n<p style=\"text-align:justify\"><span style=\"font-family: Calibri;letter-spacing: 0;font-size: 19px\"><br \/><\/span><\/p>\n<p style=\"text-align:justify\"><span style=\"font-family: Calibri;letter-spacing: 0;font-size: 19px\"><span style=\"font-family: Calibri;font-size: 19px;font-weight: 700;text-align: justify\">\u25c6&nbsp;<\/span><\/span><span style=\"font-family: Calibri;letter-spacing: 0;font-size: 19px\">Ne se d\u00e9forme pas facilement et a une longue dur\u00e9e de vie<\/span><\/p>\n<p>&nbsp; &nbsp; &nbsp;<br \/>\n &nbsp; &nbsp; &nbsp; &nbsp; &nbsp; &nbsp; &nbsp; &nbsp;<\/div>\n<p>&nbsp;<\/p>\n<\/div>\n<\/div>\n<\/div>\n<\/div>\n<p>&nbsp;<\/p>\n<p><strong style=\"font-size: 24px\"><span style=\"letter-spacing: 0px;font-family: arial, helvetica, sans-serif\"><br \/><\/span><\/strong><\/p>\n<h2><strong style=\"font-size: 24px\"><span style=\"letter-spacing: 0px;font-family: arial, helvetica, sans-serif\"><a name=\"Product Advantage\"><\/a>Avantage du produit :<\/span><\/strong><\/h2>\n<div class=\"d-tem01-graphic tem01-graphic mockup\" data-detail=\"wrap\">\n<div class=\"cont-section clearfix d-clearfix\">\n<div class=\"col-md-6 col-sm-6 col-xs-6\">\n<div class=\"right-p\">\n<div class=\"h2 heading\">\n<h2 style=\"text-align: justify\"><span style=\"letter-spacing: 0px;font-family: arial, helvetica, sans-serif;font-size: 16px\">1. L'aspect haut attire la curiosit\u00e9 des clients, ce qui peut augmenter les ventes de glaces.<\/span><\/h2>\n<p style=\"text-align:justify\"><span style=\"letter-spacing: 0px;font-family: arial, helvetica, sans-serif;font-size: 16px\"><br \/><\/span><\/p>\n<p style=\"text-align:justify\"><span style=\"letter-spacing: 0px;font-family: arial, helvetica, sans-serif;font-size: 16px\"><br \/><\/span><\/p>\n<\/div>\n<\/div>\n<div class=\"graphic_pic animated wow bounceIn\" data-wow-delay=\".7s\">\n<p style=\"text-align:center\"><img loading=\"lazy\" decoding=\"async\" src=\"https:\/\/www.hommy.com\/wp-content\/uploads\/16014270517328.png\" alt=\"produit-Hommy-img\" title=\"\" width=\"150\" height=\"464\" border=\"0\" vspace=\"0\" style=\"width: 150px;height: 464px\"><\/p>\n<\/div>\n<\/div>\n<div class=\"col-md-6 col-sm-6 col-xs-6\">\n<div class=\"right-p\">\n<div class=\"h2 heading\">\n<p><span style=\"letter-spacing: 0px;font-size: 16px;font-family: arial, helvetica, sans-serif\">2. Vous pouvez faire des d\u00e9corations \u00e0 l'ext\u00e9rieur et dire \u00e0 l'autre partie qu'il y a des ventes de glaces dans le magasin pour attirer les clients.&nbsp;<\/span><span style=\"font-family: \u5b8b\u4f53;letter-spacing: 0;font-size: 19px\">&nbsp;<\/span><\/p>\n<p><span style=\"font-family: \u5b8b\u4f53;letter-spacing: 0;font-size: 19px\"><br \/><\/span><\/p>\n<p><span style=\"font-family: \u5b8b\u4f53;letter-spacing: 0;font-size: 19px\"><br \/><\/span><\/p>\n<\/div>\n<\/div>\n<div class=\"graphic_pic animated wow bounceIn\" data-wow-delay=\".7s\">\n<p style=\"text-align:center\"><img loading=\"lazy\" decoding=\"async\" src=\"https:\/\/www.hommy.com\/wp-content\/uploads\/16014270759514.png\" alt=\"produit-moule pour cornet de glace-Hommy-img\" title=\"\" width=\"350\" height=\"300\" border=\"0\" vspace=\"0\" style=\"width: 350px;height: 300px\"><\/p>\n<\/div>\n<\/div>\n<\/div>\n<\/div>\n<p>Document :<img decoding=\"async\" src=\"https:\/\/www.hommy.com\/wp-content\/uploads\/icon_pdf-77.gif\" style=\"margin-right: 2px\" alt=\"produit-Hommy-img\" title=\"\"><a href=\"https:\/\/img80002414.weyesimg.com\/uploads\/www.hommy.com\/addon\/16025752979141.pdf\" title=\"16025752979141.pdf\" style=\"font-size: 12px\">16025752979141.pdf<\/a><\/p>\n<\/div><\/div>","protected":false},"excerpt":{"rendered":"<p>&nbsp; Ice cream cone mould Ice cream cone mould|Product specification|Product Features|Product Advantage If you&#039;re looking for a high quality ice cream cone advertising model that looks realistic, then you&#039;ve come to the right place. As a professional ice cream cone advertise model manufacturer, we are committed to providing our customers with the highest quality products [&hellip;]<\/p>\n","protected":false},"featured_media":1945,"comment_status":"open","ping_status":"open","template":"","meta":{"_swt_meta_header_display":false,"_swt_meta_footer_display":false,"_swt_meta_site_title_display":false,"_swt_meta_sticky_header":false,"_swt_meta_transparent_header":false},"product_brand":[],"product_cat":[89],"product_tag":[],"class_list":{"0":"post-1003","1":"product","2":"type-product","3":"status-publish","4":"has-post-thumbnail","6":"product_cat-ice-cream-model","8":"first","9":"instock","10":"shipping-taxable","11":"product-type-simple"},"_links":{"self":[{"href":"https:\/\/www.hommy.com\/fr\/wp-json\/wp\/v2\/product\/1003","targetHints":{"allow":["GET"]}}],"collection":[{"href":"https:\/\/www.hommy.com\/fr\/wp-json\/wp\/v2\/product"}],"about":[{"href":"https:\/\/www.hommy.com\/fr\/wp-json\/wp\/v2\/types\/product"}],"replies":[{"embeddable":true,"href":"https:\/\/www.hommy.com\/fr\/wp-json\/wp\/v2\/comments?post=1003"}],"wp:featuredmedia":[{"embeddable":true,"href":"https:\/\/www.hommy.com\/fr\/wp-json\/wp\/v2\/media\/1945"}],"wp:attachment":[{"href":"https:\/\/www.hommy.com\/fr\/wp-json\/wp\/v2\/media?parent=1003"}],"wp:term":[{"taxonomy":"product_brand","embeddable":true,"href":"https:\/\/www.hommy.com\/fr\/wp-json\/wp\/v2\/product_brand?post=1003"},{"taxonomy":"product_cat","embeddable":true,"href":"https:\/\/www.hommy.com\/fr\/wp-json\/wp\/v2\/product_cat?post=1003"},{"taxonomy":"product_tag","embeddable":true,"href":"https:\/\/www.hommy.com\/fr\/wp-json\/wp\/v2\/product_tag?post=1003"}],"curies":[{"name":"wp","href":"https:\/\/api.w.org\/{rel}","templated":true}]}}