{"id":100,"date":"2024-07-02T12:08:31","date_gmt":"2024-07-02T12:08:31","guid":{"rendered":"http:\/\/localhost\/hommywp\/pa-al-12-aluminum-pizza-pan-vending-machine-parts\/"},"modified":"2025-08-01T09:57:26","modified_gmt":"2025-08-01T09:57:26","slug":"poele-a-pizza-en-aluminium-pa-al-12","status":"publish","type":"product","link":"https:\/\/www.hommy.com\/fr\/p\/poele-a-pizza-en-aluminium-pa-al-12\/","title":{"rendered":"Pa-Al-12\" Aluminium Pizza Pan Vending Machine Parts"},"content":{"rendered":"<div>\n<p style=\"text-align: center\"><span style=\"font-family:Calibri;font-size:29px\">Distributeur automatique de pizzas Italie <\/span><\/p>\n<p><\/p>\n<p style=\"margin-bottom:0;text-align:justify\"><span style=\"font-family:\u5b8b\u4f53;font-size:29px\">Caract\u00e9ristiques du produit : <\/span><\/p>\n<p><span style=\"font-family:Calibri;font-size:21px\">1.&nbsp;<\/span><span style=\"font-family:Calibri;font-size:21px\">La plaque \u00e0 pizza en aluminium de 12 pouces est fabriqu\u00e9e \u00e0 partir d'un mat\u00e9riau de qualit\u00e9 alimentaire. &nbsp;<\/span><\/p>\n<p><span style=\"font-family:Calibri;font-size:21px\">2.&nbsp;<\/span><span style=\"font-family:Calibri;font-size:21px\">La base de la plaque \u00e0 pizza en aluminium sur la bo\u00eete \u00e0 pizza hommy pour faire le design qui est le diam\u00e8tre de 30cm.<\/span><\/p>\n<p><span style=\"font-family:Calibri;font-size:21px\">3.&nbsp;<\/span><span style=\"font-family:Calibri;font-size:21px\">Des trous et des fosses suppl\u00e9mentaires \u00e0 l'int\u00e9rieur du moule permettent d'\u00e9vacuer la vapeur d'eau, ce qui rend la pizza encore plus savoureuse. <\/span><\/p>\n<p><span style=\"font-family:Calibri;font-size:21px\">4.&nbsp;<\/span><span style=\"font-family:Calibri;font-size:21px\">La bo\u00eete \u00e0 pizza en aluminium est sp\u00e9cialement con\u00e7ue pour le distributeur automatique de pizzas hommy. <\/span><\/p>\n<p><span style=\"font-family:Calibri;font-size:21px\">5.&nbsp;<\/span><span style=\"font-family:Calibri;font-size:21px\">La bo\u00eete \u00e0 pizza et la plaque \u00e0 pizza en aluminium constituent un ensemble pour le fonctionnement du distributeur automatique de pizzas Hommy.<\/span><\/p>\n<p><span style=\"font-family:Calibri;font-size:21px\">Scell\u00e9e avec des composants de qualit\u00e9 alimentaire, la plaque \u00e0 pizza en aluminium est un produit de longue dur\u00e9e et convient aux applications de qualit\u00e9 alimentaire.<\/span><\/p>\n<p><span style=\"font-family:Calibri;font-size:21px\"><\/span><\/p>\n<h2>Quelle est l'importance du secteur des distributeurs automatiques aux \u00c9tats-Unis ?<\/h2>\n<p style=\"margin-top: 5px;margin-bottom: 5px\">L'industrie am\u00e9ricaine des distributeurs automatiques repr\u00e9sente environ $22,4 milliards de dollars en 2017. En 2017, l'industrie am\u00e9ricaine des distributeurs automatiques a \u00e9t\u00e9 domin\u00e9e par le segment des aliments et des boissons, qui a contribu\u00e9 \u00e0 plus de la moiti\u00e9 des revenus du march\u00e9. Le deuxi\u00e8me plus grand segment \u00e9tait le segment des collations et des confiseries. Le march\u00e9 devrait cro\u00eetre \u00e0 un TCAC d'environ 2,6% au cours des cinq prochaines ann\u00e9es.<\/p>\n<p style=\"margin-top: 5px;margin-bottom: 5px\"><\/p>\n<h2>Comment cr\u00e9er un distributeur automatique sain ?<\/h2>\n<p style=\"margin-top: 5px;margin-bottom: 5px\">C'est la th\u00e9orie de la Healthy Vending Initiative, une coalition de responsables de la sant\u00e9 publique, d'administrateurs d'\u00e9coles et d'autres personnes qui tentent de changer la fa\u00e7on dont les distributeurs automatiques sont vendus et utilis\u00e9s.Au cours des derni\u00e8res ann\u00e9es, les distributeurs automatiques sont devenus un \u00e9l\u00e9ment essentiel sur de nombreux lieux de travail. Ces machines sont un excellent moyen d'\u00e9conomiser de l'argent et d'aider vos employ\u00e9s \u00e0 manger plus sainement. Si vous souhaitez cr\u00e9er un distributeur automatique de produits sains sur votre lieu de travail, voici quelques conseils qui vous aideront \u00e0 le faire.<\/p>\n<p style=\"margin-top: 5px;margin-bottom: 5px\"><\/p>\n<h2>Les distributeurs automatiques sont-ils rentables au Canada ?<\/h2>\n<p style=\"margin-top: 5px;margin-bottom: 5px\">Partout dans le monde, on trouve un distributeur automatique. C'est souvent la premi\u00e8re chose que l'on voit en entrant dans un b\u00e2timent. Au Canada, il existe de nombreux types de distributeurs automatiques. Certains vendent des bonbons, d'autres de l'eau, d'autres encore de la bi\u00e8re.&nbsp;<\/p>\n<p style=\"margin-top: 5px;margin-bottom: 5px\"><br style=\"font-family: sans-serif;font-size: 16px\" \/><\/p>\n<p><span style=\"font-family:Calibri;font-size:21px\"><br \/><\/span><\/p>\n<\/p><\/div>","protected":false},"excerpt":{"rendered":"<p>Pizza vending machine Italy Product Features : 1.&nbsp;12\u201d aluminum pizza pan choose material that have pass food grade . &nbsp; 2.&nbsp;The aluminum pizza pan base on &nbsp;hommy pizza box to do the design that is diameter 30cm . 3.&nbsp;There are additional holes and pits inside the pan to drain away water vapor, making the pizza [&hellip;]<\/p>\n","protected":false},"featured_media":1957,"comment_status":"open","ping_status":"open","template":"","meta":{"_swt_meta_header_display":false,"_swt_meta_footer_display":false,"_swt_meta_site_title_display":false,"_swt_meta_sticky_header":false,"_swt_meta_transparent_header":false},"product_brand":[],"product_cat":[70,68],"product_tag":[],"class_list":{"0":"post-100","1":"product","2":"type-product","3":"status-publish","4":"has-post-thumbnail","6":"product_cat-pizza-vending-machine","7":"product_cat-vending-machine","9":"first","10":"instock","11":"shipping-taxable","12":"product-type-simple"},"_links":{"self":[{"href":"https:\/\/www.hommy.com\/fr\/wp-json\/wp\/v2\/product\/100","targetHints":{"allow":["GET"]}}],"collection":[{"href":"https:\/\/www.hommy.com\/fr\/wp-json\/wp\/v2\/product"}],"about":[{"href":"https:\/\/www.hommy.com\/fr\/wp-json\/wp\/v2\/types\/product"}],"replies":[{"embeddable":true,"href":"https:\/\/www.hommy.com\/fr\/wp-json\/wp\/v2\/comments?post=100"}],"wp:featuredmedia":[{"embeddable":true,"href":"https:\/\/www.hommy.com\/fr\/wp-json\/wp\/v2\/media\/1957"}],"wp:attachment":[{"href":"https:\/\/www.hommy.com\/fr\/wp-json\/wp\/v2\/media?parent=100"}],"wp:term":[{"taxonomy":"product_brand","embeddable":true,"href":"https:\/\/www.hommy.com\/fr\/wp-json\/wp\/v2\/product_brand?post=100"},{"taxonomy":"product_cat","embeddable":true,"href":"https:\/\/www.hommy.com\/fr\/wp-json\/wp\/v2\/product_cat?post=100"},{"taxonomy":"product_tag","embeddable":true,"href":"https:\/\/www.hommy.com\/fr\/wp-json\/wp\/v2\/product_tag?post=100"}],"curies":[{"name":"wp","href":"https:\/\/api.w.org\/{rel}","templated":true}]}}