{"id":2790,"date":"2025-10-25T10:14:30","date_gmt":"2025-10-25T10:14:30","guid":{"rendered":"https:\/\/www.hommy.com\/?page_id=2790"},"modified":"2025-10-25T11:44:46","modified_gmt":"2025-10-25T11:44:46","slug":"blog","status":"publish","type":"page","link":"https:\/\/www.hommy.com\/fr\/blog\/","title":{"rendered":"blog"},"content":{"rendered":"<div class=\"wp-block-query is-layout-flow wp-block-query-is-layout-flow\"><ul class=\"columns-3 wp-block-post-template is-layout-grid wp-container-core-post-template-is-layout-572542b5 wp-block-post-template-is-layout-grid\"><li class=\"wp-block-post post-2964 post type-post status-publish format-standard hentry category-news\">\n<a href=\"https:\/\/www.hommy.com\/fr\/comment-les-distributeurs-automatiques-de-distributeurs-automatiques-de-korea-cu-franchissent-les-barrieres-saisonnieres\/\"><figure class=\"wp-block-image is-placeholder\" style=\"height:400px;\"><svg width=\"30\" height=\"30\" viewbox=\"0 0 40 40\" fill=\"currentColor\" xmlns=\"http:\/\/www.w3.org\/2000\/svg\" role=\"img\" aria-labelledby=\"icon-69f53e4a67cd0\" data-icon=\"placeholder\" class=\"wp-block-image__placeholder-icon\"><title id=\"icon-69f53e4a67cd0\">Placeholderic\u00f4ne<\/title>\n<g opacity=\"0.2\" clip-path=\"url(#clip0_601_10810)\" id=\"mask0_601_10810\" style=\"mask-type:luminance\" maskunits=\"userSpaceOnUse\" x=\"0\" y=\"0\" width=\"40\" height=\"40\"><path d=\"M40 0H0V40H40V0Z\" fill=\"var(--wp--preset--color--surface)\"><\/path><g mask=\"url(#mask0_601_10810)\"><path fill-rule=\"evenodd\" clip-rule=\"evenodd\" d=\"M20 40C31.0458 40 40 31.0458 40 20C40 8.95429 31.0458 0 20 0C8.95429 0 0 8.95429 0 20C0 31.0458 8.95429 40 20 40ZM26.1503 25.86C27.3066 25.129 28 23.9059 28 22.5969C28 20.778 26.672 19.1962 24.7885 18.7717L19.1451 17.371C18.6131 17.2511 18.4856 16.5951 18.9383 16.3065L23.3349 13.5021C25.3814 12.1967 25.9135 9.58069 24.5234 7.65898C24.3496 7.41874 24.0014 7.35629 23.7455 7.51949L13.8134 14.2191C12.6791 14.9426 12 16.1466 12 17.4341C12 19.2314 13.312 20.794 15.1731 21.2135L20.9084 22.635C21.4416 22.7552 21.568 23.4134 21.1131 23.7009L16.6841 26.5007C14.6319 27.7981 14.0883 30.4121 15.4699 32.3393C15.6426 32.5801 15.9906 32.644 16.2471 32.4817L26.1503 25.86Z\" fill=\"var(--wp--preset--color--heading)\"><\/path><\/g><\/g><defs><clippath id=\"clip0_601_10810\"><rect width=\"40\" height=\"40\" fill=\"white\"><\/rect><\/clippath><\/defs><\/svg><\/figure><\/a>\n\n\n<h2 class=\"wp-block-post-title has-large-font-size\"><a href=\"https:\/\/www.hommy.com\/fr\/comment-les-distributeurs-automatiques-de-distributeurs-automatiques-de-korea-cu-franchissent-les-barrieres-saisonnieres\/\" target=\"_self\" >Comment les distributeurs automatiques de distributeurs automatiques de services de d\u00e9pannage en Cor\u00e9e brisent les barri\u00e8res saisonni\u00e8res\u00a0?<\/a><\/h2>\n<\/li><li class=\"wp-block-post post-2962 post type-post status-publish format-standard hentry category-news\">\n<a href=\"https:\/\/www.hommy.com\/fr\/comment-les-distributeurs-automatiques-de-hommy-sont-devenus-le-secret-de-lamelioration-des-revenus-pour-les-corees-cu-gs25-et-les-cafes-sans-pilote\/\"><figure class=\"wp-block-image is-placeholder\" style=\"height:400px;\"><svg width=\"30\" height=\"30\" viewbox=\"0 0 40 40\" fill=\"currentColor\" xmlns=\"http:\/\/www.w3.org\/2000\/svg\" role=\"img\" aria-labelledby=\"icon-69f53e4a689d2\" data-icon=\"placeholder\" class=\"wp-block-image__placeholder-icon\"><title id=\"icon-69f53e4a689d2\">Placeholderic\u00f4ne<\/title>\n<g opacity=\"0.2\" clip-path=\"url(#clip0_601_10810)\" id=\"mask0_601_10810\" style=\"mask-type:luminance\" maskunits=\"userSpaceOnUse\" x=\"0\" y=\"0\" width=\"40\" height=\"40\"><path d=\"M40 0H0V40H40V0Z\" fill=\"var(--wp--preset--color--surface)\"><\/path><g mask=\"url(#mask0_601_10810)\"><path fill-rule=\"evenodd\" clip-rule=\"evenodd\" d=\"M20 40C31.0458 40 40 31.0458 40 20C40 8.95429 31.0458 0 20 0C8.95429 0 0 8.95429 0 20C0 31.0458 8.95429 40 20 40ZM26.1503 25.86C27.3066 25.129 28 23.9059 28 22.5969C28 20.778 26.672 19.1962 24.7885 18.7717L19.1451 17.371C18.6131 17.2511 18.4856 16.5951 18.9383 16.3065L23.3349 13.5021C25.3814 12.1967 25.9135 9.58069 24.5234 7.65898C24.3496 7.41874 24.0014 7.35629 23.7455 7.51949L13.8134 14.2191C12.6791 14.9426 12 16.1466 12 17.4341C12 19.2314 13.312 20.794 15.1731 21.2135L20.9084 22.635C21.4416 22.7552 21.568 23.4134 21.1131 23.7009L16.6841 26.5007C14.6319 27.7981 14.0883 30.4121 15.4699 32.3393C15.6426 32.5801 15.9906 32.644 16.2471 32.4817L26.1503 25.86Z\" fill=\"var(--wp--preset--color--heading)\"><\/path><\/g><\/g><defs><clippath id=\"clip0_601_10810\"><rect width=\"40\" height=\"40\" fill=\"white\"><\/rect><\/clippath><\/defs><\/svg><\/figure><\/a>\n\n\n<h2 class=\"wp-block-post-title has-large-font-size\"><a href=\"https:\/\/www.hommy.com\/fr\/comment-les-distributeurs-automatiques-de-hommy-sont-devenus-le-secret-de-lamelioration-des-revenus-pour-les-corees-cu-gs25-et-les-cafes-sans-pilote\/\" target=\"_self\" >Comment les distributeurs automatiques de Hommy sont devenus le \u201c secret de relance des revenus \u201d pour les caf\u00e9s cor\u00e9ens CU, GS25 et sans pilote<\/a><\/h2>\n<\/li><li class=\"wp-block-post post-2960 post type-post status-publish format-standard hentry category-news\">\n<a href=\"https:\/\/www.hommy.com\/fr\/le-depanneur-cu-coree-du-sud-entre-sur-le-marche-hawaien-avec-un-bond-de-ventes\/\"><figure class=\"wp-block-image is-placeholder\" style=\"height:400px;\"><svg width=\"30\" height=\"30\" viewbox=\"0 0 40 40\" fill=\"currentColor\" xmlns=\"http:\/\/www.w3.org\/2000\/svg\" role=\"img\" aria-labelledby=\"icon-69f53e4a6936e\" data-icon=\"placeholder\" class=\"wp-block-image__placeholder-icon\"><title id=\"icon-69f53e4a6936e\">Placeholderic\u00f4ne<\/title>\n<g opacity=\"0.2\" clip-path=\"url(#clip0_601_10810)\" id=\"mask0_601_10810\" style=\"mask-type:luminance\" maskunits=\"userSpaceOnUse\" x=\"0\" y=\"0\" width=\"40\" height=\"40\"><path d=\"M40 0H0V40H40V0Z\" fill=\"var(--wp--preset--color--surface)\"><\/path><g mask=\"url(#mask0_601_10810)\"><path fill-rule=\"evenodd\" clip-rule=\"evenodd\" d=\"M20 40C31.0458 40 40 31.0458 40 20C40 8.95429 31.0458 0 20 0C8.95429 0 0 8.95429 0 20C0 31.0458 8.95429 40 20 40ZM26.1503 25.86C27.3066 25.129 28 23.9059 28 22.5969C28 20.778 26.672 19.1962 24.7885 18.7717L19.1451 17.371C18.6131 17.2511 18.4856 16.5951 18.9383 16.3065L23.3349 13.5021C25.3814 12.1967 25.9135 9.58069 24.5234 7.65898C24.3496 7.41874 24.0014 7.35629 23.7455 7.51949L13.8134 14.2191C12.6791 14.9426 12 16.1466 12 17.4341C12 19.2314 13.312 20.794 15.1731 21.2135L20.9084 22.635C21.4416 22.7552 21.568 23.4134 21.1131 23.7009L16.6841 26.5007C14.6319 27.7981 14.0883 30.4121 15.4699 32.3393C15.6426 32.5801 15.9906 32.644 16.2471 32.4817L26.1503 25.86Z\" fill=\"var(--wp--preset--color--heading)\"><\/path><\/g><\/g><defs><clippath id=\"clip0_601_10810\"><rect width=\"40\" height=\"40\" fill=\"white\"><\/rect><\/clippath><\/defs><\/svg><\/figure><\/a>\n\n\n<h2 class=\"wp-block-post-title has-large-font-size\"><a href=\"https:\/\/www.hommy.com\/fr\/le-depanneur-cu-coree-du-sud-entre-sur-le-marche-hawaien-avec-un-bond-de-ventes\/\" target=\"_self\" >Le d\u00e9panneur CU Cor\u00e9e du Sud entre sur le march\u00e9 hawa\u00efen avec un bond de ventes<\/a><\/h2>\n<\/li><li class=\"wp-block-post post-2958 post type-post status-publish format-standard hentry category-news\">\n<a href=\"https:\/\/www.hommy.com\/fr\/7-eleven-vietnam-est-en-plein-essor-alors-ce-qui-est-si-attrayant-avec-le-distributeur-automatique-de-smoothies\/\"><figure class=\"wp-block-image is-placeholder\" style=\"height:400px;\"><svg width=\"30\" height=\"30\" viewbox=\"0 0 40 40\" fill=\"currentColor\" xmlns=\"http:\/\/www.w3.org\/2000\/svg\" role=\"img\" aria-labelledby=\"icon-69f53e4a69c42\" data-icon=\"placeholder\" class=\"wp-block-image__placeholder-icon\"><title id=\"icon-69f53e4a69c42\">Placeholderic\u00f4ne<\/title>\n<g opacity=\"0.2\" clip-path=\"url(#clip0_601_10810)\" id=\"mask0_601_10810\" style=\"mask-type:luminance\" maskunits=\"userSpaceOnUse\" x=\"0\" y=\"0\" width=\"40\" height=\"40\"><path d=\"M40 0H0V40H40V0Z\" fill=\"var(--wp--preset--color--surface)\"><\/path><g mask=\"url(#mask0_601_10810)\"><path fill-rule=\"evenodd\" clip-rule=\"evenodd\" d=\"M20 40C31.0458 40 40 31.0458 40 20C40 8.95429 31.0458 0 20 0C8.95429 0 0 8.95429 0 20C0 31.0458 8.95429 40 20 40ZM26.1503 25.86C27.3066 25.129 28 23.9059 28 22.5969C28 20.778 26.672 19.1962 24.7885 18.7717L19.1451 17.371C18.6131 17.2511 18.4856 16.5951 18.9383 16.3065L23.3349 13.5021C25.3814 12.1967 25.9135 9.58069 24.5234 7.65898C24.3496 7.41874 24.0014 7.35629 23.7455 7.51949L13.8134 14.2191C12.6791 14.9426 12 16.1466 12 17.4341C12 19.2314 13.312 20.794 15.1731 21.2135L20.9084 22.635C21.4416 22.7552 21.568 23.4134 21.1131 23.7009L16.6841 26.5007C14.6319 27.7981 14.0883 30.4121 15.4699 32.3393C15.6426 32.5801 15.9906 32.644 16.2471 32.4817L26.1503 25.86Z\" fill=\"var(--wp--preset--color--heading)\"><\/path><\/g><\/g><defs><clippath id=\"clip0_601_10810\"><rect width=\"40\" height=\"40\" fill=\"white\"><\/rect><\/clippath><\/defs><\/svg><\/figure><\/a>\n\n\n<h2 class=\"wp-block-post-title has-large-font-size\"><a href=\"https:\/\/www.hommy.com\/fr\/7-eleven-vietnam-est-en-plein-essor-alors-ce-qui-est-si-attrayant-avec-le-distributeur-automatique-de-smoothies\/\" target=\"_self\" >7\u2011Seize Vietnam est en plein essor ! Alors, qu'est-ce qui est si attrayant dans le distributeur automatique de smoothies<\/a><\/h2>\n<\/li><li class=\"wp-block-post post-2956 post type-post status-publish format-standard hentry category-news\">\n<a href=\"https:\/\/www.hommy.com\/fr\/les-distributeurs-automatiques-de-hommy-smoothie-sont-une-realite-dans-le-geant-malaisien-aeon\/\"><figure class=\"wp-block-image is-placeholder\" style=\"height:400px;\"><svg width=\"30\" height=\"30\" viewbox=\"0 0 40 40\" fill=\"currentColor\" xmlns=\"http:\/\/www.w3.org\/2000\/svg\" role=\"img\" aria-labelledby=\"icon-69f53e4a6a5af\" data-icon=\"placeholder\" class=\"wp-block-image__placeholder-icon\"><title id=\"icon-69f53e4a6a5af\">Placeholderic\u00f4ne<\/title>\n<g opacity=\"0.2\" clip-path=\"url(#clip0_601_10810)\" id=\"mask0_601_10810\" style=\"mask-type:luminance\" maskunits=\"userSpaceOnUse\" x=\"0\" y=\"0\" width=\"40\" height=\"40\"><path d=\"M40 0H0V40H40V0Z\" fill=\"var(--wp--preset--color--surface)\"><\/path><g mask=\"url(#mask0_601_10810)\"><path fill-rule=\"evenodd\" clip-rule=\"evenodd\" d=\"M20 40C31.0458 40 40 31.0458 40 20C40 8.95429 31.0458 0 20 0C8.95429 0 0 8.95429 0 20C0 31.0458 8.95429 40 20 40ZM26.1503 25.86C27.3066 25.129 28 23.9059 28 22.5969C28 20.778 26.672 19.1962 24.7885 18.7717L19.1451 17.371C18.6131 17.2511 18.4856 16.5951 18.9383 16.3065L23.3349 13.5021C25.3814 12.1967 25.9135 9.58069 24.5234 7.65898C24.3496 7.41874 24.0014 7.35629 23.7455 7.51949L13.8134 14.2191C12.6791 14.9426 12 16.1466 12 17.4341C12 19.2314 13.312 20.794 15.1731 21.2135L20.9084 22.635C21.4416 22.7552 21.568 23.4134 21.1131 23.7009L16.6841 26.5007C14.6319 27.7981 14.0883 30.4121 15.4699 32.3393C15.6426 32.5801 15.9906 32.644 16.2471 32.4817L26.1503 25.86Z\" fill=\"var(--wp--preset--color--heading)\"><\/path><\/g><\/g><defs><clippath id=\"clip0_601_10810\"><rect width=\"40\" height=\"40\" fill=\"white\"><\/rect><\/clippath><\/defs><\/svg><\/figure><\/a>\n\n\n<h2 class=\"wp-block-post-title has-large-font-size\"><a href=\"https:\/\/www.hommy.com\/fr\/les-distributeurs-automatiques-de-hommy-smoothie-sont-une-realite-dans-le-geant-malaisien-aeon\/\" target=\"_self\" >Les distributeurs automatiques de Hommy Smoothie sont une r\u00e9alit\u00e9 dans le g\u00e9ant malaisien Aeon<\/a><\/h2>\n<\/li><li class=\"wp-block-post post-2954 post type-post status-publish format-standard hentry category-news\">\n<a href=\"https:\/\/www.hommy.com\/fr\/le-distributeur-automatique-de-smoothies-a-integre-la-fonction-de-leau-chaude-ce-qui-peut-donc-etre-utilise-tout-au-long-de-lannee\/\"><figure class=\"wp-block-image is-placeholder\" style=\"height:400px;\"><svg width=\"30\" height=\"30\" viewbox=\"0 0 40 40\" fill=\"currentColor\" xmlns=\"http:\/\/www.w3.org\/2000\/svg\" role=\"img\" aria-labelledby=\"icon-69f53e4a6aefa\" data-icon=\"placeholder\" class=\"wp-block-image__placeholder-icon\"><title id=\"icon-69f53e4a6aefa\">Placeholderic\u00f4ne<\/title>\n<g opacity=\"0.2\" clip-path=\"url(#clip0_601_10810)\" id=\"mask0_601_10810\" style=\"mask-type:luminance\" maskunits=\"userSpaceOnUse\" x=\"0\" y=\"0\" width=\"40\" height=\"40\"><path d=\"M40 0H0V40H40V0Z\" fill=\"var(--wp--preset--color--surface)\"><\/path><g mask=\"url(#mask0_601_10810)\"><path fill-rule=\"evenodd\" clip-rule=\"evenodd\" d=\"M20 40C31.0458 40 40 31.0458 40 20C40 8.95429 31.0458 0 20 0C8.95429 0 0 8.95429 0 20C0 31.0458 8.95429 40 20 40ZM26.1503 25.86C27.3066 25.129 28 23.9059 28 22.5969C28 20.778 26.672 19.1962 24.7885 18.7717L19.1451 17.371C18.6131 17.2511 18.4856 16.5951 18.9383 16.3065L23.3349 13.5021C25.3814 12.1967 25.9135 9.58069 24.5234 7.65898C24.3496 7.41874 24.0014 7.35629 23.7455 7.51949L13.8134 14.2191C12.6791 14.9426 12 16.1466 12 17.4341C12 19.2314 13.312 20.794 15.1731 21.2135L20.9084 22.635C21.4416 22.7552 21.568 23.4134 21.1131 23.7009L16.6841 26.5007C14.6319 27.7981 14.0883 30.4121 15.4699 32.3393C15.6426 32.5801 15.9906 32.644 16.2471 32.4817L26.1503 25.86Z\" fill=\"var(--wp--preset--color--heading)\"><\/path><\/g><\/g><defs><clippath id=\"clip0_601_10810\"><rect width=\"40\" height=\"40\" fill=\"white\"><\/rect><\/clippath><\/defs><\/svg><\/figure><\/a>\n\n\n<h2 class=\"wp-block-post-title has-large-font-size\"><a href=\"https:\/\/www.hommy.com\/fr\/le-distributeur-automatique-de-smoothies-a-integre-la-fonction-de-leau-chaude-ce-qui-peut-donc-etre-utilise-tout-au-long-de-lannee\/\" target=\"_self\" >Le distributeur automatique de smoothies a int\u00e9gr\u00e9 la fonction de l'eau chaude, ce qui peut donc \u00eatre utilis\u00e9 tout au long de l'ann\u00e9e.<\/a><\/h2>\n<\/li><li class=\"wp-block-post post-2951 post type-post status-publish format-standard hentry category-news\">\n<a href=\"https:\/\/www.hommy.com\/fr\/ce-smoothie-aux-fruits-est-vendu-a-hong-kong-boeuf-bang-hot-pot-et-vendu-plus-de-300-tasses-par-jour\/\"><figure class=\"wp-block-image is-placeholder\" style=\"height:400px;\"><svg width=\"30\" height=\"30\" viewbox=\"0 0 40 40\" fill=\"currentColor\" xmlns=\"http:\/\/www.w3.org\/2000\/svg\" role=\"img\" aria-labelledby=\"icon-69f53e4a6b7d9\" data-icon=\"placeholder\" class=\"wp-block-image__placeholder-icon\"><title id=\"icon-69f53e4a6b7d9\">Placeholderic\u00f4ne<\/title>\n<g opacity=\"0.2\" clip-path=\"url(#clip0_601_10810)\" id=\"mask0_601_10810\" style=\"mask-type:luminance\" maskunits=\"userSpaceOnUse\" x=\"0\" y=\"0\" width=\"40\" height=\"40\"><path d=\"M40 0H0V40H40V0Z\" fill=\"var(--wp--preset--color--surface)\"><\/path><g mask=\"url(#mask0_601_10810)\"><path fill-rule=\"evenodd\" clip-rule=\"evenodd\" d=\"M20 40C31.0458 40 40 31.0458 40 20C40 8.95429 31.0458 0 20 0C8.95429 0 0 8.95429 0 20C0 31.0458 8.95429 40 20 40ZM26.1503 25.86C27.3066 25.129 28 23.9059 28 22.5969C28 20.778 26.672 19.1962 24.7885 18.7717L19.1451 17.371C18.6131 17.2511 18.4856 16.5951 18.9383 16.3065L23.3349 13.5021C25.3814 12.1967 25.9135 9.58069 24.5234 7.65898C24.3496 7.41874 24.0014 7.35629 23.7455 7.51949L13.8134 14.2191C12.6791 14.9426 12 16.1466 12 17.4341C12 19.2314 13.312 20.794 15.1731 21.2135L20.9084 22.635C21.4416 22.7552 21.568 23.4134 21.1131 23.7009L16.6841 26.5007C14.6319 27.7981 14.0883 30.4121 15.4699 32.3393C15.6426 32.5801 15.9906 32.644 16.2471 32.4817L26.1503 25.86Z\" fill=\"var(--wp--preset--color--heading)\"><\/path><\/g><\/g><defs><clippath id=\"clip0_601_10810\"><rect width=\"40\" height=\"40\" fill=\"white\"><\/rect><\/clippath><\/defs><\/svg><\/figure><\/a>\n\n\n<h2 class=\"wp-block-post-title has-large-font-size\"><a href=\"https:\/\/www.hommy.com\/fr\/ce-smoothie-aux-fruits-est-vendu-a-hong-kong-boeuf-bang-hot-pot-et-vendu-plus-de-300-tasses-par-jour\/\" target=\"_self\" >Ce smoothie aux fruits est vendu \u00e0 Hong Kong Boeuf Bang Hot Pot et vendu plus de 300 tasses par jour<\/a><\/h2>\n<\/li><li class=\"wp-block-post post-2949 post type-post status-publish format-standard hentry category-news\">\n<a href=\"https:\/\/www.hommy.com\/fr\/un-nouveau-collaborateur-de-central-kitchens-ajoute-des-repas-legers-et-des-smoothies-frais-a-votre-menu\/\"><figure class=\"wp-block-image is-placeholder\" style=\"height:400px;\"><svg width=\"30\" height=\"30\" viewbox=\"0 0 40 40\" fill=\"currentColor\" xmlns=\"http:\/\/www.w3.org\/2000\/svg\" role=\"img\" aria-labelledby=\"icon-69f53e4a6c0c2\" data-icon=\"placeholder\" class=\"wp-block-image__placeholder-icon\"><title id=\"icon-69f53e4a6c0c2\">Placeholderic\u00f4ne<\/title>\n<g opacity=\"0.2\" clip-path=\"url(#clip0_601_10810)\" id=\"mask0_601_10810\" style=\"mask-type:luminance\" maskunits=\"userSpaceOnUse\" x=\"0\" y=\"0\" width=\"40\" height=\"40\"><path d=\"M40 0H0V40H40V0Z\" fill=\"var(--wp--preset--color--surface)\"><\/path><g mask=\"url(#mask0_601_10810)\"><path fill-rule=\"evenodd\" clip-rule=\"evenodd\" d=\"M20 40C31.0458 40 40 31.0458 40 20C40 8.95429 31.0458 0 20 0C8.95429 0 0 8.95429 0 20C0 31.0458 8.95429 40 20 40ZM26.1503 25.86C27.3066 25.129 28 23.9059 28 22.5969C28 20.778 26.672 19.1962 24.7885 18.7717L19.1451 17.371C18.6131 17.2511 18.4856 16.5951 18.9383 16.3065L23.3349 13.5021C25.3814 12.1967 25.9135 9.58069 24.5234 7.65898C24.3496 7.41874 24.0014 7.35629 23.7455 7.51949L13.8134 14.2191C12.6791 14.9426 12 16.1466 12 17.4341C12 19.2314 13.312 20.794 15.1731 21.2135L20.9084 22.635C21.4416 22.7552 21.568 23.4134 21.1131 23.7009L16.6841 26.5007C14.6319 27.7981 14.0883 30.4121 15.4699 32.3393C15.6426 32.5801 15.9906 32.644 16.2471 32.4817L26.1503 25.86Z\" fill=\"var(--wp--preset--color--heading)\"><\/path><\/g><\/g><defs><clippath id=\"clip0_601_10810\"><rect width=\"40\" height=\"40\" fill=\"white\"><\/rect><\/clippath><\/defs><\/svg><\/figure><\/a>\n\n\n<h2 class=\"wp-block-post-title has-large-font-size\"><a href=\"https:\/\/www.hommy.com\/fr\/un-nouveau-collaborateur-de-central-kitchens-ajoute-des-repas-legers-et-des-smoothies-frais-a-votre-menu\/\" target=\"_self\" >Un nouveau collaborateur de Central Kitchens : ajoutez des repas l\u00e9gers et des smoothies frais \u00e0 votre menu<\/a><\/h2>\n<\/li><li class=\"wp-block-post post-2947 post type-post status-publish format-standard hentry category-news\">\n<a href=\"https:\/\/www.hommy.com\/fr\/les-distributeurs-automatiques-de-hommy-experiences-a-un-niveau-different-en-liberant-de-nouvelles-experiences-dans-les-hotels-haut-de-gamme\/\"><figure class=\"wp-block-image is-placeholder\" style=\"height:400px;\"><svg width=\"30\" height=\"30\" viewbox=\"0 0 40 40\" fill=\"currentColor\" xmlns=\"http:\/\/www.w3.org\/2000\/svg\" role=\"img\" aria-labelledby=\"icon-69f53e4a6c939\" data-icon=\"placeholder\" class=\"wp-block-image__placeholder-icon\"><title id=\"icon-69f53e4a6c939\">Placeholderic\u00f4ne<\/title>\n<g opacity=\"0.2\" clip-path=\"url(#clip0_601_10810)\" id=\"mask0_601_10810\" style=\"mask-type:luminance\" maskunits=\"userSpaceOnUse\" x=\"0\" y=\"0\" width=\"40\" height=\"40\"><path d=\"M40 0H0V40H40V0Z\" fill=\"var(--wp--preset--color--surface)\"><\/path><g mask=\"url(#mask0_601_10810)\"><path fill-rule=\"evenodd\" clip-rule=\"evenodd\" d=\"M20 40C31.0458 40 40 31.0458 40 20C40 8.95429 31.0458 0 20 0C8.95429 0 0 8.95429 0 20C0 31.0458 8.95429 40 20 40ZM26.1503 25.86C27.3066 25.129 28 23.9059 28 22.5969C28 20.778 26.672 19.1962 24.7885 18.7717L19.1451 17.371C18.6131 17.2511 18.4856 16.5951 18.9383 16.3065L23.3349 13.5021C25.3814 12.1967 25.9135 9.58069 24.5234 7.65898C24.3496 7.41874 24.0014 7.35629 23.7455 7.51949L13.8134 14.2191C12.6791 14.9426 12 16.1466 12 17.4341C12 19.2314 13.312 20.794 15.1731 21.2135L20.9084 22.635C21.4416 22.7552 21.568 23.4134 21.1131 23.7009L16.6841 26.5007C14.6319 27.7981 14.0883 30.4121 15.4699 32.3393C15.6426 32.5801 15.9906 32.644 16.2471 32.4817L26.1503 25.86Z\" fill=\"var(--wp--preset--color--heading)\"><\/path><\/g><\/g><defs><clippath id=\"clip0_601_10810\"><rect width=\"40\" height=\"40\" fill=\"white\"><\/rect><\/clippath><\/defs><\/svg><\/figure><\/a>\n\n\n<h2 class=\"wp-block-post-title has-large-font-size\"><a href=\"https:\/\/www.hommy.com\/fr\/les-distributeurs-automatiques-de-hommy-experiences-a-un-niveau-different-en-liberant-de-nouvelles-experiences-dans-les-hotels-haut-de-gamme\/\" target=\"_self\" >Hommy Vending Machines : des exp\u00e9riences de service intelligentes \u00e0 un niveau diff\u00e9rent en lib\u00e9rant de nouvelles exp\u00e9riences dans les h\u00f4tels haut de gamme<\/a><\/h2>\n<\/li><li class=\"wp-block-post post-2939 post type-post status-publish format-standard has-post-thumbnail hentry category-news category-company-news\">\n<figure style=\"aspect-ratio:auto;height:400px;\" class=\"wp-block-post-featured-image\"><a href=\"https:\/\/www.hommy.com\/fr\/lancement-des-distributeurs-automatiques-de-smoothie-a-hommy-au-chili-dans-les-magasins-copec\/\" target=\"_self\"  style=\"height:400px\"><img loading=\"lazy\" decoding=\"async\" width=\"800\" height=\"422\" src=\"https:\/\/www.hommy.com\/wp-content\/uploads\/Hommy_x_COPEC_smoothie_vending_machine-8952377401.jpg\" class=\"attachment-full size-full wp-post-image\" alt=\"Lancement des distributeurs automatiques de smoothie \u00e0 Hommy au Chili dans les magasins Copec\" style=\"width:100%;height:100%;object-fit:contain;\" srcset=\"https:\/\/www.hommy.com\/wp-content\/uploads\/Hommy_x_COPEC_smoothie_vending_machine-8952377401.jpg 800w, https:\/\/www.hommy.com\/wp-content\/uploads\/Hommy_x_COPEC_smoothie_vending_machine-8952377401-300x158.jpg 300w, https:\/\/www.hommy.com\/wp-content\/uploads\/Hommy_x_COPEC_smoothie_vending_machine-8952377401-768x405.jpg 768w, https:\/\/www.hommy.com\/wp-content\/uploads\/Hommy_x_COPEC_smoothie_vending_machine-8952377401-18x9.jpg 18w, https:\/\/www.hommy.com\/wp-content\/uploads\/Hommy_x_COPEC_smoothie_vending_machine-8952377401-600x317.jpg 600w\" sizes=\"auto, (max-width: 800px) 100vw, 800px\" title=\"\"><\/a><\/figure>\n\n<h2 class=\"wp-block-post-title has-large-font-size\"><a href=\"https:\/\/www.hommy.com\/fr\/lancement-des-distributeurs-automatiques-de-smoothie-a-hommy-au-chili-dans-les-magasins-copec\/\" target=\"_self\" >Lancement des distributeurs automatiques de smoothie \u00e0 Hommy au Chili dans les magasins Copec<\/a><\/h2>\n<\/li><li class=\"wp-block-post post-2899 post type-post status-publish format-standard has-post-thumbnail hentry category-news\">\n<figure style=\"aspect-ratio:auto;height:400px;\" class=\"wp-block-post-featured-image\"><a href=\"https:\/\/www.hommy.com\/fr\/distributeur-automatique-de-pizzas-de-restaurant-hommy\/\" target=\"_self\"  style=\"height:400px\"><img loading=\"lazy\" decoding=\"async\" width=\"600\" height=\"600\" src=\"https:\/\/www.hommy.com\/wp-content\/uploads\/16427462972540.png\" class=\"attachment-full size-full wp-post-image\" alt=\"D\u00e9marrez votre entreprise de pizzas 24\/7 | Hommy Unmanned Pizzeria Solution\" style=\"width:100%;height:100%;object-fit:contain;\" srcset=\"https:\/\/www.hommy.com\/wp-content\/uploads\/16427462972540.png 600w, https:\/\/www.hommy.com\/wp-content\/uploads\/16427462972540-300x300.png 300w, https:\/\/www.hommy.com\/wp-content\/uploads\/16427462972540-100x100.png 100w, https:\/\/www.hommy.com\/wp-content\/uploads\/16427462972540-150x150.png 150w\" sizes=\"auto, (max-width: 600px) 100vw, 600px\" title=\"\"><\/a><\/figure>\n\n<h2 class=\"wp-block-post-title has-large-font-size\"><a href=\"https:\/\/www.hommy.com\/fr\/distributeur-automatique-de-pizzas-de-restaurant-hommy\/\" target=\"_self\" >D\u00e9marrez votre entreprise de pizzas 24\/7 | Hommy Unmanned Pizzeria Solution<\/a><\/h2>\n<\/li><li class=\"wp-block-post post-2781 post type-post status-publish format-standard has-post-thumbnail hentry category-case category-education-sector\">\n<figure style=\"aspect-ratio:auto;height:400px;\" class=\"wp-block-post-featured-image\"><a href=\"https:\/\/www.hommy.com\/fr\/hommy-revolutionne-le-rafraichissement-du-campus-dans-les-principales-universites-bresiliennes-avec-des-distributeurs-automatiques-de-smoothies\/\" target=\"_self\"  style=\"height:400px\"><img loading=\"lazy\" decoding=\"async\" width=\"431\" height=\"515\" src=\"https:\/\/www.hommy.com\/wp-content\/uploads\/smoothie-vending-machine-Brazil-Universities-h1.jpg\" class=\"attachment-full size-full wp-post-image\" alt=\"Hommy r\u00e9volutionne le rafra\u00eechissement du campus dans les principales universit\u00e9s br\u00e9siliennes avec des distributeurs automatiques de smoothies\" style=\"width:100%;height:100%;object-fit:contain;\" srcset=\"https:\/\/www.hommy.com\/wp-content\/uploads\/smoothie-vending-machine-Brazil-Universities-h1.jpg 431w, https:\/\/www.hommy.com\/wp-content\/uploads\/smoothie-vending-machine-Brazil-Universities-h1-251x300.jpg 251w, https:\/\/www.hommy.com\/wp-content\/uploads\/smoothie-vending-machine-Brazil-Universities-h1-10x12.jpg 10w\" sizes=\"auto, (max-width: 431px) 100vw, 431px\" title=\"\"><\/a><\/figure>\n\n<h2 class=\"wp-block-post-title has-large-font-size\"><a href=\"https:\/\/www.hommy.com\/fr\/hommy-revolutionne-le-rafraichissement-du-campus-dans-les-principales-universites-bresiliennes-avec-des-distributeurs-automatiques-de-smoothies\/\" target=\"_self\" >Hommy r\u00e9volutionne le rafra\u00eechissement du campus dans les principales universit\u00e9s br\u00e9siliennes avec des distributeurs automatiques de smoothies<\/a><\/h2>\n<\/li><\/ul>\n\n<nav class=\"wp-block-query-pagination is-layout-flex wp-block-query-pagination-is-layout-flex\" aria-label=\"pagination\">\n\n\n<div class=\"wp-block-query-pagination-numbers\"><span aria-label=\"Page 1\" aria-current=\"page\" class=\"page-numbers current\" data-no-translation-aria-label=\"\">1<\/span>\n<a aria-label=\"Page 2\" class=\"page-numbers\" href=\"?query-17-page=2\" data-no-translation-aria-label=\"\">2<\/a>\n<a aria-label=\"Page 3\" class=\"page-numbers\" href=\"?query-17-page=3\" data-no-translation-aria-label=\"\">3<\/a>\n<span class=\"page-numbers dots\">...<\/span>\n<a aria-label=\"Page 13\" class=\"page-numbers\" href=\"?query-17-page=13\" data-no-translation-aria-label=\"\">13<\/a><\/div>\n\n<a href=\"\/fr\/wp-json\/wp\/v2\/pages\/2790?query-17-page=2\" class=\"wp-block-query-pagination-next\">Page suivant<\/a>\n<\/nav>\n\n<\/div>","protected":false},"excerpt":{"rendered":"","protected":false},"author":1,"featured_media":0,"parent":0,"menu_order":0,"comment_status":"closed","ping_status":"closed","template":"","meta":{"_swt_meta_header_display":false,"_swt_meta_footer_display":false,"_swt_meta_site_title_display":false,"_swt_meta_sticky_header":false,"_swt_meta_transparent_header":false,"footnotes":""},"class_list":["post-2790","page","type-page","status-publish","hentry"],"_links":{"self":[{"href":"https:\/\/www.hommy.com\/fr\/wp-json\/wp\/v2\/pages\/2790","targetHints":{"allow":["GET"]}}],"collection":[{"href":"https:\/\/www.hommy.com\/fr\/wp-json\/wp\/v2\/pages"}],"about":[{"href":"https:\/\/www.hommy.com\/fr\/wp-json\/wp\/v2\/types\/page"}],"author":[{"embeddable":true,"href":"https:\/\/www.hommy.com\/fr\/wp-json\/wp\/v2\/users\/1"}],"replies":[{"embeddable":true,"href":"https:\/\/www.hommy.com\/fr\/wp-json\/wp\/v2\/comments?post=2790"}],"version-history":[{"count":21,"href":"https:\/\/www.hommy.com\/fr\/wp-json\/wp\/v2\/pages\/2790\/revisions"}],"predecessor-version":[{"id":2841,"href":"https:\/\/www.hommy.com\/fr\/wp-json\/wp\/v2\/pages\/2790\/revisions\/2841"}],"wp:attachment":[{"href":"https:\/\/www.hommy.com\/fr\/wp-json\/wp\/v2\/media?parent=2790"}],"curies":[{"name":"wp","href":"https:\/\/api.w.org\/{rel}","templated":true}]}}