{"id":1539,"date":"2024-07-03T13:05:16","date_gmt":"2024-07-03T13:05:16","guid":{"rendered":"http:\/\/localhost\/hommywp\/?page_id=1539"},"modified":"2024-11-15T15:13:46","modified_gmt":"2024-11-15T15:13:46","slug":"solution","status":"publish","type":"page","link":"https:\/\/www.hommy.com\/fr\/solution\/","title":{"rendered":"Solution"},"content":{"rendered":"<p><strong>1. Magasin de glaces Bango<\/strong><\/p>\n\n\n\n<p>Avec 20 ans d'exp\u00e9rience dans la fabrication de machines \u00e0 glace, Hommy Enterprise (Xinhui) Co., LTD. sait parfaitement comment fabriquer des glaces de bonne qualit\u00e9 (machine \u00e0 glace professionnelle et machine de traitement des aliments). Fort de cette riche exp\u00e9rience, le fondateur de Hommy, M. Daniel Lai, a cr\u00e9\u00e9 Bango International Catering Management Co., Ltd. en 2011.<\/p>\n\n\n\n<p>Bango, l'un des grands groupes de restauration, exploite des cha\u00eenes de magasins dans le secteur des glaces et devient le fournisseur de franchises de glaces qui se d\u00e9veloppent rapidement.<\/p>\n\n\n\n<p>Bango fournit un service complet de cha\u00eenes de magasins de glaces aux clients en fonction de leurs besoins et de leurs budgets, y compris la conception des magasins, les installations alimentaires, la formation \u00e0 l'exploitation des magasins, etc.<\/p>\n\n\n\n<figure class=\"wp-block-gallery has-nested-images columns-default is-cropped columns-3 wp-block-gallery-1 is-layout-flex wp-block-gallery-is-layout-flex\">\n<figure class=\"wp-block-image size-medium\"><img loading=\"lazy\" decoding=\"async\" width=\"480\" height=\"390\" data-id=\"1541\" src=\"https:\/\/www.hommy.com\/wp-content\/uploads\/image-3.webp\" alt=\"Vue int\u00e9rieure du magasin de glaces Bango\" class=\"wp-image-1541\" title=\"Vue int\u00e9rieure du magasin de glaces Bango\" srcset=\"https:\/\/www.hommy.com\/wp-content\/uploads\/image-3.webp 480w, https:\/\/www.hommy.com\/wp-content\/uploads\/image-3-300x244.webp 300w\" sizes=\"auto, (max-width: 480px) 100vw, 480px\" \/><\/figure>\n\n\n\n<figure class=\"wp-block-image size-medium\"><img loading=\"lazy\" decoding=\"async\" width=\"800\" height=\"650\" data-id=\"1559\" src=\"https:\/\/www.hommy.com\/wp-content\/uploads\/image-35.png\" alt=\"Magasin de glaces Bango ext\u00e9rieur\" class=\"wp-image-1559\" title=\"Magasin de glaces Bango ext\u00e9rieur\" srcset=\"https:\/\/www.hommy.com\/wp-content\/uploads\/image-35.png 800w, https:\/\/www.hommy.com\/wp-content\/uploads\/image-35-600x488.png 600w, https:\/\/www.hommy.com\/wp-content\/uploads\/image-35-300x244.png 300w, https:\/\/www.hommy.com\/wp-content\/uploads\/image-35-768x624.png 768w\" sizes=\"auto, (max-width: 800px) 100vw, 800px\" \/><\/figure>\n\n\n\n<figure class=\"wp-block-image size-medium\"><img loading=\"lazy\" decoding=\"async\" width=\"480\" height=\"390\" data-id=\"1544\" src=\"https:\/\/www.hommy.com\/wp-content\/uploads\/image-6.webp\" alt=\"Des clients d\u00e9gustent une glace chez Bango\" class=\"wp-image-1544\" title=\"Des clients d\u00e9gustent une glace chez Bango\" srcset=\"https:\/\/www.hommy.com\/wp-content\/uploads\/image-6.webp 480w, https:\/\/www.hommy.com\/wp-content\/uploads\/image-6-300x244.webp 300w\" sizes=\"auto, (max-width: 480px) 100vw, 480px\" \/><\/figure>\n<\/figure>\n\n\n\n<p><strong>PROCESSUS D'OUVERTURE D'UN MAGASIN<\/strong><\/p>\n\n\n\n<p>Les principaux produits sont les suivants : machine \u00e0 glace molle, machine \u00e0 glace, machine \u00e0 boissons froides, presse \u00e0 jus de canne \u00e0 sucre, machine \u00e0 glace, etc.<\/p>\n\n\n\n<p>Les OEM et ODM sont \u00e9galement les bienvenus.<\/p>\n\n\n\n<figure class=\"wp-block-gallery has-nested-images columns-default is-cropped columns-3 wp-block-gallery-2 is-layout-flex wp-block-gallery-is-layout-flex\">\n<figure class=\"wp-block-image size-medium\"><img loading=\"lazy\" decoding=\"async\" width=\"800\" height=\"650\" data-id=\"1545\" src=\"https:\/\/www.hommy.com\/wp-content\/uploads\/image-7.webp\" alt=\"Apprendre la politique de coop\u00e9ration et conna\u00eetre la culture de la marque &quot;Bango&quot;.\" class=\"wp-image-1545\" title=\"Apprendre la politique de coop\u00e9ration et conna\u00eetre la culture de la marque &quot;Bango&quot;.\" srcset=\"https:\/\/www.hommy.com\/wp-content\/uploads\/image-7.webp 800w, https:\/\/www.hommy.com\/wp-content\/uploads\/image-7-600x488.webp 600w, https:\/\/www.hommy.com\/wp-content\/uploads\/image-7-300x244.webp 300w, https:\/\/www.hommy.com\/wp-content\/uploads\/image-7-768x624.webp 768w\" sizes=\"auto, (max-width: 800px) 100vw, 800px\" \/><figcaption class=\"wp-element-caption\">1. Apprendre la politique de coop\u00e9ration et conna\u00eetre la culture de la marque \"Bango\".<\/figcaption><\/figure>\n\n\n\n<figure class=\"wp-block-image size-medium\"><img loading=\"lazy\" decoding=\"async\" width=\"800\" height=\"650\" data-id=\"1546\" src=\"https:\/\/www.hommy.com\/wp-content\/uploads\/image-8.webp\" alt=\"Remplir et envoyer le formulaire de demande\" class=\"wp-image-1546\" title=\"Remplir et envoyer le formulaire de demande\" srcset=\"https:\/\/www.hommy.com\/wp-content\/uploads\/image-8.webp 800w, https:\/\/www.hommy.com\/wp-content\/uploads\/image-8-600x488.webp 600w, https:\/\/www.hommy.com\/wp-content\/uploads\/image-8-300x244.webp 300w, https:\/\/www.hommy.com\/wp-content\/uploads\/image-8-768x624.webp 768w\" sizes=\"auto, (max-width: 800px) 100vw, 800px\" \/><figcaption class=\"wp-element-caption\">2. Remplir et soumettre le formulaire de demande<\/figcaption><\/figure>\n\n\n\n<figure class=\"wp-block-image size-medium\"><img loading=\"lazy\" decoding=\"async\" width=\"800\" height=\"650\" data-id=\"1547\" src=\"https:\/\/www.hommy.com\/wp-content\/uploads\/image-9.webp\" alt=\"Attendre l&#039;\u00e9valuation de qualification de Bango\" class=\"wp-image-1547\" title=\"Attendre l&#039;\u00e9valuation de qualification de Bango\" srcset=\"https:\/\/www.hommy.com\/wp-content\/uploads\/image-9.webp 800w, https:\/\/www.hommy.com\/wp-content\/uploads\/image-9-600x488.webp 600w, https:\/\/www.hommy.com\/wp-content\/uploads\/image-9-300x244.webp 300w, https:\/\/www.hommy.com\/wp-content\/uploads\/image-9-768x624.webp 768w\" sizes=\"auto, (max-width: 800px) 100vw, 800px\" \/><figcaption class=\"wp-element-caption\">3. Attendre l'\u00e9valuation de qualification de Bango<\/figcaption><\/figure>\n<\/figure>\n\n\n\n<figure class=\"wp-block-gallery has-nested-images columns-default is-cropped columns-3 wp-block-gallery-3 is-layout-flex wp-block-gallery-is-layout-flex\">\n<figure class=\"wp-block-image size-medium\"><img loading=\"lazy\" decoding=\"async\" width=\"800\" height=\"650\" data-id=\"1548\" src=\"https:\/\/www.hommy.com\/wp-content\/uploads\/image-10.webp\" alt=\"Communiquer les r\u00e8gles de coop\u00e9ration en d\u00e9tail \u00e0 Bango\" class=\"wp-image-1548\" title=\"Communiquer les r\u00e8gles de coop\u00e9ration en d\u00e9tail \u00e0 Bango\" srcset=\"https:\/\/www.hommy.com\/wp-content\/uploads\/image-10.webp 800w, https:\/\/www.hommy.com\/wp-content\/uploads\/image-10-600x488.webp 600w, https:\/\/www.hommy.com\/wp-content\/uploads\/image-10-300x244.webp 300w, https:\/\/www.hommy.com\/wp-content\/uploads\/image-10-768x624.webp 768w\" sizes=\"auto, (max-width: 800px) 100vw, 800px\" \/><figcaption class=\"wp-element-caption\">4. Communiquer en d\u00e9tail les r\u00e8gles de coop\u00e9ration \u00e0 Bango.<\/figcaption><\/figure>\n\n\n\n<figure class=\"wp-block-image size-medium\"><img loading=\"lazy\" decoding=\"async\" width=\"800\" height=\"650\" data-id=\"1549\" src=\"https:\/\/www.hommy.com\/wp-content\/uploads\/image-11.webp\" alt=\"Compr\u00e9hension totale de la marque Bango et du concept commercial\" class=\"wp-image-1549\" title=\"Compr\u00e9hension totale de la marque Bango et du concept commercial\" srcset=\"https:\/\/www.hommy.com\/wp-content\/uploads\/image-11.webp 800w, https:\/\/www.hommy.com\/wp-content\/uploads\/image-11-600x488.webp 600w, https:\/\/www.hommy.com\/wp-content\/uploads\/image-11-300x244.webp 300w, https:\/\/www.hommy.com\/wp-content\/uploads\/image-11-768x624.webp 768w\" sizes=\"auto, (max-width: 800px) 100vw, 800px\" \/><figcaption class=\"wp-element-caption\">5. Compr\u00e9hension totale de la marque Bango et du concept commercial<\/figcaption><\/figure>\n\n\n\n<figure class=\"wp-block-image size-medium\"><img loading=\"lazy\" decoding=\"async\" width=\"800\" height=\"650\" data-id=\"1550\" src=\"https:\/\/www.hommy.com\/wp-content\/uploads\/image-12.webp\" alt=\"Visite et s\u00e9lection de l&#039;adresse de l&#039;entreprise, \u00e9valuation du projet et confirmation du mode de fonctionnement de l&#039;entreprise\" class=\"wp-image-1550\" title=\"Visite et s\u00e9lection de l&#039;adresse de l&#039;entreprise, \u00e9valuation du projet et confirmation du mode de fonctionnement de l&#039;entreprise\" srcset=\"https:\/\/www.hommy.com\/wp-content\/uploads\/image-12.webp 800w, https:\/\/www.hommy.com\/wp-content\/uploads\/image-12-600x488.webp 600w, https:\/\/www.hommy.com\/wp-content\/uploads\/image-12-300x244.webp 300w, https:\/\/www.hommy.com\/wp-content\/uploads\/image-12-768x624.webp 768w\" sizes=\"auto, (max-width: 800px) 100vw, 800px\" \/><figcaption class=\"wp-element-caption\">6. Visiter et s\u00e9lectionner l'adresse de l'entreprise, \u00e9valuer le projet et confirmer le mode de fonctionnement de l'entreprise<\/figcaption><\/figure>\n<\/figure>\n\n\n\n<figure class=\"wp-block-gallery has-nested-images columns-default is-cropped columns-3 wp-block-gallery-4 is-layout-flex wp-block-gallery-is-layout-flex\">\n<figure class=\"wp-block-image size-medium\"><img loading=\"lazy\" decoding=\"async\" width=\"800\" height=\"650\" data-id=\"1551\" src=\"https:\/\/www.hommy.com\/wp-content\/uploads\/image-13.webp\" alt=\"Signer le contrat d&#039;entreprise\" class=\"wp-image-1551\" title=\"Signer le contrat d&#039;entreprise\" srcset=\"https:\/\/www.hommy.com\/wp-content\/uploads\/image-13.webp 800w, https:\/\/www.hommy.com\/wp-content\/uploads\/image-13-600x488.webp 600w, https:\/\/www.hommy.com\/wp-content\/uploads\/image-13-300x244.webp 300w, https:\/\/www.hommy.com\/wp-content\/uploads\/image-13-768x624.webp 768w\" sizes=\"auto, (max-width: 800px) 100vw, 800px\" \/><figcaption class=\"wp-element-caption\">7. Signer le contrat d'entreprise<\/figcaption><\/figure>\n\n\n\n<figure class=\"wp-block-image size-medium\"><img loading=\"lazy\" decoding=\"async\" width=\"800\" height=\"650\" data-id=\"1554\" src=\"https:\/\/www.hommy.com\/wp-content\/uploads\/image-16.webp\" alt=\"Concevoir et d\u00e9corer le magasin Bango, recruter du personnel et pr\u00e9parer le mat\u00e9riel et le certificat d&#039;activit\u00e9.\" class=\"wp-image-1554\" title=\"Concevoir et d\u00e9corer le magasin Bango, recruter du personnel et pr\u00e9parer le mat\u00e9riel et le certificat d&#039;activit\u00e9.\" srcset=\"https:\/\/www.hommy.com\/wp-content\/uploads\/image-16.webp 800w, https:\/\/www.hommy.com\/wp-content\/uploads\/image-16-600x488.webp 600w, https:\/\/www.hommy.com\/wp-content\/uploads\/image-16-300x244.webp 300w, https:\/\/www.hommy.com\/wp-content\/uploads\/image-16-768x624.webp 768w\" sizes=\"auto, (max-width: 800px) 100vw, 800px\" \/><figcaption class=\"wp-element-caption\">8. Concevoir et d\u00e9corer le magasin Bango, recruter du personnel et pr\u00e9parer le mat\u00e9riel et le certificat d'activit\u00e9.<\/figcaption><\/figure>\n\n\n\n<figure class=\"wp-block-image size-medium\"><img loading=\"lazy\" decoding=\"async\" width=\"800\" height=\"650\" data-id=\"1552\" src=\"https:\/\/www.hommy.com\/wp-content\/uploads\/image-14.webp\" alt=\"Former le personnel, lancer la publicit\u00e9 et la promotion des ventes\" class=\"wp-image-1552\" title=\"Former le personnel, lancer la publicit\u00e9 et la promotion des ventes\" srcset=\"https:\/\/www.hommy.com\/wp-content\/uploads\/image-14.webp 800w, https:\/\/www.hommy.com\/wp-content\/uploads\/image-14-600x488.webp 600w, https:\/\/www.hommy.com\/wp-content\/uploads\/image-14-300x244.webp 300w, https:\/\/www.hommy.com\/wp-content\/uploads\/image-14-768x624.webp 768w\" sizes=\"auto, (max-width: 800px) 100vw, 800px\" \/><figcaption class=\"wp-element-caption\">9. Former le personnel, lancer la publicit\u00e9 et la promotion des ventes<\/figcaption><\/figure>\n<\/figure>\n\n\n\n<figure class=\"wp-block-gallery has-nested-images columns-default is-cropped columns-3 wp-block-gallery-5 is-layout-flex wp-block-gallery-is-layout-flex\">\n<figure class=\"wp-block-image size-medium\"><img loading=\"lazy\" decoding=\"async\" width=\"800\" height=\"650\" data-id=\"1553\" src=\"https:\/\/www.hommy.com\/wp-content\/uploads\/image-15.webp\" alt=\"Essai d&#039;ouverture et am\u00e9lioration de chaque r\u00e8gle de l&#039;atelier au cours de l&#039;essai\" class=\"wp-image-1553\" title=\"Essai d&#039;ouverture et am\u00e9lioration de chaque r\u00e8gle de l&#039;atelier au cours de l&#039;essai\" srcset=\"https:\/\/www.hommy.com\/wp-content\/uploads\/image-15.webp 800w, https:\/\/www.hommy.com\/wp-content\/uploads\/image-15-600x488.webp 600w, https:\/\/www.hommy.com\/wp-content\/uploads\/image-15-300x244.webp 300w, https:\/\/www.hommy.com\/wp-content\/uploads\/image-15-768x624.webp 768w\" sizes=\"auto, (max-width: 800px) 100vw, 800px\" \/><figcaption class=\"wp-element-caption\">10. Essai d'ouverture et am\u00e9lioration de chaque r\u00e8gle de l'atelier au cours de l'essai<\/figcaption><\/figure>\n\n\n\n<figure class=\"wp-block-image size-medium\"><img loading=\"lazy\" decoding=\"async\" width=\"800\" height=\"650\" data-id=\"1555\" src=\"https:\/\/www.hommy.com\/wp-content\/uploads\/image-17.webp\" alt=\"Ouverture officielle du magasin Bango\" class=\"wp-image-1555\" title=\"Ouverture officielle du magasin Bango\" srcset=\"https:\/\/www.hommy.com\/wp-content\/uploads\/image-17.webp 800w, https:\/\/www.hommy.com\/wp-content\/uploads\/image-17-600x488.webp 600w, https:\/\/www.hommy.com\/wp-content\/uploads\/image-17-300x244.webp 300w, https:\/\/www.hommy.com\/wp-content\/uploads\/image-17-768x624.webp 768w\" sizes=\"auto, (max-width: 800px) 100vw, 800px\" \/><figcaption class=\"wp-element-caption\">11. Ouverture officielle du magasin Bango<\/figcaption><\/figure>\n\n\n\n<figure class=\"wp-block-image size-medium\"><img loading=\"lazy\" decoding=\"async\" width=\"800\" height=\"650\" data-id=\"1557\" src=\"https:\/\/www.hommy.com\/wp-content\/uploads\/image-19.webp\" alt=\"Superviser et guider l&#039;investisseur dans la gestion du magasin\" class=\"wp-image-1557\" title=\"Superviser et guider l&#039;investisseur dans la gestion du magasin\" srcset=\"https:\/\/www.hommy.com\/wp-content\/uploads\/image-19.webp 800w, https:\/\/www.hommy.com\/wp-content\/uploads\/image-19-600x488.webp 600w, https:\/\/www.hommy.com\/wp-content\/uploads\/image-19-300x244.webp 300w, https:\/\/www.hommy.com\/wp-content\/uploads\/image-19-768x624.webp 768w\" sizes=\"auto, (max-width: 800px) 100vw, 800px\" \/><figcaption class=\"wp-element-caption\">12. Superviser et guider l'investisseur dans la gestion du magasin<\/figcaption><\/figure>\n<\/figure>\n\n\n\n<p><strong>2. Distributeur automatique de glaces<\/strong><\/p>\n\n\n\n<figure class=\"wp-block-image size-large\"><img loading=\"lazy\" decoding=\"async\" width=\"929\" height=\"568\" src=\"https:\/\/www.hommy.com\/wp-content\/uploads\/image-18.webp\" alt=\"Distributeur automatique de glaces\" class=\"wp-image-1556\" title=\"Distributeur automatique de glaces\" srcset=\"https:\/\/www.hommy.com\/wp-content\/uploads\/image-18.webp 929w, https:\/\/www.hommy.com\/wp-content\/uploads\/image-18-600x367.webp 600w, https:\/\/www.hommy.com\/wp-content\/uploads\/image-18-300x183.webp 300w, https:\/\/www.hommy.com\/wp-content\/uploads\/image-18-768x470.webp 768w\" sizes=\"auto, (max-width: 929px) 100vw, 929px\" \/><\/figure>\n\n\n\n<p>Dans le magasin de glaces Bango, vous pourrez voir que certaines machines \u00e0 glaces sont fabriqu\u00e9es \u00e0 la main, mais aussi que certaines sont automatiques. Les distributeurs automatiques de glaces sont \u00e9galement d\u00e9velopp\u00e9s et fabriqu\u00e9s par Hommy.<\/p>\n\n\n\n<p>Pour aider les clients \u00e0 faire de bonnes affaires dans l'industrie des glaces, nous recommandons d'investir dans des distributeurs automatiques de glaces autour de votre magasin. Une fois que vous aurez votre propre magasin Bango et une \u00e9quipe de service exp\u00e9riment\u00e9e, vous pourrez envoyer votre \u00e9quipe g\u00e9rer les distributeurs automatiques localement afin de d\u00e9velopper davantage votre activit\u00e9 dans le domaine des glaces.<\/p>\n\n\n\n<p>Les distributeurs automatiques de glaces sont facilement d\u00e9montables et peuvent \u00eatre plac\u00e9s de mani\u00e8re flexible dans diff\u00e9rents endroits pour l'entreprise, tels que les cin\u00e9mas, les universit\u00e9s, les restaurants, les centres commerciaux, les sites pittoresques, etc. Cette forme d'entreprise \"magasin de glaces artisanales + distributeur automatique de glaces\" est appel\u00e9e \"\u00e9cosyst\u00e8me commercial des glaces\".<\/p>\n\n\n\n<p><strong>Lieu d'application du distributeur automatique de glaces<\/strong><\/p>\n\n\n\n<figure class=\"wp-block-image size-large\"><img loading=\"lazy\" decoding=\"async\" width=\"1400\" height=\"696\" src=\"https:\/\/www.hommy.com\/wp-content\/uploads\/image-7.jpeg\" alt=\"Distributeur automatique de glaces \u00e0 diff\u00e9rents endroits\" class=\"wp-image-1558\" title=\"Distributeur automatique de glaces \u00e0 diff\u00e9rents endroits\" srcset=\"https:\/\/www.hommy.com\/wp-content\/uploads\/image-7.jpeg 1400w, https:\/\/www.hommy.com\/wp-content\/uploads\/image-7-600x298.jpeg 600w, https:\/\/www.hommy.com\/wp-content\/uploads\/image-7-300x149.jpeg 300w, https:\/\/www.hommy.com\/wp-content\/uploads\/image-7-1024x509.jpeg 1024w, https:\/\/www.hommy.com\/wp-content\/uploads\/image-7-768x382.jpeg 768w\" sizes=\"auto, (max-width: 1400px) 100vw, 1400px\" \/><\/figure>","protected":false},"excerpt":{"rendered":"<p>1. Bango Ice Cream Store With 20 years in manufacturing ice cream machines, Hommy Enterprise (Xinhui) Co., LTD. knows well how to make ice cream in good quality (Professional Ice cream maker machine &amp; food processing machine). Based on this rich experience, the founder of Hommy, Mr. Daniel Lai set up Bango International Catering Management [&hellip;]<\/p>\n","protected":false},"author":1,"featured_media":0,"parent":0,"menu_order":0,"comment_status":"closed","ping_status":"closed","template":"","meta":{"_swt_meta_header_display":false,"_swt_meta_footer_display":false,"_swt_meta_site_title_display":false,"_swt_meta_sticky_header":false,"_swt_meta_transparent_header":false,"footnotes":""},"class_list":["post-1539","page","type-page","status-publish","hentry"],"_links":{"self":[{"href":"https:\/\/www.hommy.com\/fr\/wp-json\/wp\/v2\/pages\/1539","targetHints":{"allow":["GET"]}}],"collection":[{"href":"https:\/\/www.hommy.com\/fr\/wp-json\/wp\/v2\/pages"}],"about":[{"href":"https:\/\/www.hommy.com\/fr\/wp-json\/wp\/v2\/types\/page"}],"author":[{"embeddable":true,"href":"https:\/\/www.hommy.com\/fr\/wp-json\/wp\/v2\/users\/1"}],"replies":[{"embeddable":true,"href":"https:\/\/www.hommy.com\/fr\/wp-json\/wp\/v2\/comments?post=1539"}],"version-history":[{"count":0,"href":"https:\/\/www.hommy.com\/fr\/wp-json\/wp\/v2\/pages\/1539\/revisions"}],"wp:attachment":[{"href":"https:\/\/www.hommy.com\/fr\/wp-json\/wp\/v2\/media?parent=1539"}],"curies":[{"name":"wp","href":"https:\/\/api.w.org\/{rel}","templated":true}]}}