{"id":1535,"date":"2024-07-03T12:55:03","date_gmt":"2024-07-03T12:55:03","guid":{"rendered":"http:\/\/localhost\/hommywp\/?page_id=1535"},"modified":"2024-11-15T15:15:17","modified_gmt":"2024-11-15T15:15:17","slug":"ce-dont-nous-avons-besoin","status":"publish","type":"page","link":"https:\/\/www.hommy.com\/fr\/ce-dont-nous-avons-besoin\/","title":{"rendered":"De quoi avons-nous besoin ? Besoin d'avoir ci-dessous n'importe quel article :"},"content":{"rendered":"<p><strong>A.Vous souhaitez disposer d'une \u00e9quipe professionnelle de maintenance apr\u00e8s-vente.<\/strong><\/p>\n\n\n\n<p><strong>B.Vous avez besoin d'un ing\u00e9nieur en m\u00e9canique qui doit comprendre certaines parties \u00e9lectriques.<\/strong><\/p>","protected":false},"excerpt":{"rendered":"<p>A.Vous voulez une \u00e9quipe professionnelle de maintenance apr\u00e8s-vente. B.Vous avez besoin d'un ing\u00e9nieur machine qui doit comprendre certaines parties \u00e9lectriques.<\/p>","protected":false},"author":1,"featured_media":0,"parent":0,"menu_order":0,"comment_status":"closed","ping_status":"closed","template":"","meta":{"_swt_meta_header_display":false,"_swt_meta_footer_display":false,"_swt_meta_site_title_display":false,"_swt_meta_sticky_header":false,"_swt_meta_transparent_header":false,"footnotes":""},"class_list":["post-1535","page","type-page","status-publish","hentry"],"_links":{"self":[{"href":"https:\/\/www.hommy.com\/fr\/wp-json\/wp\/v2\/pages\/1535","targetHints":{"allow":["GET"]}}],"collection":[{"href":"https:\/\/www.hommy.com\/fr\/wp-json\/wp\/v2\/pages"}],"about":[{"href":"https:\/\/www.hommy.com\/fr\/wp-json\/wp\/v2\/types\/page"}],"author":[{"embeddable":true,"href":"https:\/\/www.hommy.com\/fr\/wp-json\/wp\/v2\/users\/1"}],"replies":[{"embeddable":true,"href":"https:\/\/www.hommy.com\/fr\/wp-json\/wp\/v2\/comments?post=1535"}],"version-history":[{"count":0,"href":"https:\/\/www.hommy.com\/fr\/wp-json\/wp\/v2\/pages\/1535\/revisions"}],"wp:attachment":[{"href":"https:\/\/www.hommy.com\/fr\/wp-json\/wp\/v2\/media?parent=1535"}],"curies":[{"name":"wp","href":"https:\/\/api.w.org\/{rel}","templated":true}]}}