{"id":1512,"date":"2024-07-03T11:24:20","date_gmt":"2024-07-03T11:24:20","guid":{"rendered":"http:\/\/localhost\/hommywp\/?page_id=1512"},"modified":"2024-07-23T09:38:54","modified_gmt":"2024-07-23T09:38:54","slug":"histoire-du-fondateur","status":"publish","type":"page","link":"https:\/\/www.hommy.com\/fr\/histoire-du-fondateur\/","title":{"rendered":"L'histoire du fondateur"},"content":{"rendered":"<figure class=\"wp-block-image aligncenter size-full\"><a href=\"javascript:;\"><img loading=\"lazy\" decoding=\"async\" width=\"480\" height=\"301\" src=\"https:\/\/www.hommy.com\/wp-content\/uploads\/image.webp\" alt=\"\" class=\"wp-image-1513\" title=\"\" srcset=\"https:\/\/www.hommy.com\/wp-content\/uploads\/image.webp 480w, https:\/\/www.hommy.com\/wp-content\/uploads\/image-300x188.webp 300w\" sizes=\"auto, (max-width: 480px) 100vw, 480px\" \/><\/a><\/figure>\n\n\n\n<p class=\"has-text-align-center\">M. Daniel, fondateur de Hommy Enterprise (Xinhui) Co, Ltd.<\/p>\n\n\n\n<p>M. Daniel Lai a obtenu son dipl\u00f4me universitaire en 1988, avec une sp\u00e9cialisation en fabrication m\u00e9canique. Apr\u00e8s avoir obtenu son dipl\u00f4me, il a travaill\u00e9 \u00e0 la Xinhui Machinery Company pour se lancer dans la production et la recherche de machines \u00e0 cr\u00e8me glac\u00e9e, et a appris beaucoup d'informations et de technologies sur les machines \u00e0 cr\u00e8me glac\u00e9e dans le monde entier. En 1999, M. Daniel a cr\u00e9\u00e9 la soci\u00e9t\u00e9 Hommy Enterprise (Xinhui) Co. LTD, sp\u00e9cialis\u00e9e dans la fabrication de toutes sortes de produits r\u00e9frig\u00e9rants et de machines de traitement des aliments, y compris les machines \u00e0 cr\u00e8me glac\u00e9e, les distributeurs automatiques de cr\u00e8me glac\u00e9e, etc. Jusqu'\u00e0 pr\u00e9sent, M. Daniel s'est consacr\u00e9 \u00e0 l'industrie des machines \u00e0 glace pendant plus de 30 ans.<a href=\"javascript:;\"><\/a><\/p>","protected":false},"excerpt":{"rendered":"<p>Mr. Daniel, Founder of Hommy Enterprise (Xinhui) Co., Ltd. Mr. Daniel Lai was graduated from university in 1988, he majored in Mechanical Manufacturing. After his graduation, he worked in Xinhui Machinery Company to go in for ice cream machine producing and researching, and learn much information and technology about ice cream machine all over the [&hellip;]<\/p>\n","protected":false},"author":1,"featured_media":0,"parent":0,"menu_order":0,"comment_status":"closed","ping_status":"closed","template":"","meta":{"_swt_meta_header_display":false,"_swt_meta_footer_display":false,"_swt_meta_site_title_display":false,"_swt_meta_sticky_header":false,"_swt_meta_transparent_header":false,"footnotes":""},"class_list":["post-1512","page","type-page","status-publish","hentry"],"_links":{"self":[{"href":"https:\/\/www.hommy.com\/fr\/wp-json\/wp\/v2\/pages\/1512","targetHints":{"allow":["GET"]}}],"collection":[{"href":"https:\/\/www.hommy.com\/fr\/wp-json\/wp\/v2\/pages"}],"about":[{"href":"https:\/\/www.hommy.com\/fr\/wp-json\/wp\/v2\/types\/page"}],"author":[{"embeddable":true,"href":"https:\/\/www.hommy.com\/fr\/wp-json\/wp\/v2\/users\/1"}],"replies":[{"embeddable":true,"href":"https:\/\/www.hommy.com\/fr\/wp-json\/wp\/v2\/comments?post=1512"}],"version-history":[{"count":0,"href":"https:\/\/www.hommy.com\/fr\/wp-json\/wp\/v2\/pages\/1512\/revisions"}],"wp:attachment":[{"href":"https:\/\/www.hommy.com\/fr\/wp-json\/wp\/v2\/media?parent=1512"}],"curies":[{"name":"wp","href":"https:\/\/api.w.org\/{rel}","templated":true}]}}