{"id":1453,"date":"2024-07-03T10:07:44","date_gmt":"2024-07-03T10:07:44","guid":{"rendered":"http:\/\/localhost\/hommywp\/?page_id=1453"},"modified":"2024-07-23T11:09:38","modified_gmt":"2024-07-23T11:09:38","slug":"a-propos-de-nous","status":"publish","type":"page","link":"https:\/\/www.hommy.com\/fr\/a-propos-de-nous\/","title":{"rendered":"\u00c0 propos de nous"},"content":{"rendered":"<p>Fond\u00e9e en 1999, Hommy Enterprise (Xinhui) Co. est une entreprise professionnelle de haute technologie sp\u00e9cialis\u00e9e dans la fabrication de produits de haute technologie.&nbsp;<strong>distributeurs automatiques<\/strong>&nbsp;(cr\u00e8me glac\u00e9e, pizza, pop-corn, boissons gazeuses, frites, aliments chauds et surgel\u00e9s), machine \u00e0 cr\u00e8me glac\u00e9e et \u00e0 yaourt glac\u00e9, machine \u00e0 jus de canne \u00e0 sucre, machine \u00e0 pop-corn, machine \u00e0 gla\u00e7ons, machine \u00e0 blocs de glace, machine \u00e0 c\u00f4nes de pizza, machine \u00e0 barbotine, etc. Nous sommes \u00e9galement heureux d'accueillir&nbsp;<strong>OEM<\/strong>&nbsp;et&nbsp;<strong>ODM<\/strong>.<\/p>\n\n\n\n<p>L'usine de Hommy couvre une superficie de&nbsp;<strong>30500<\/strong>&nbsp;L'entreprise dispose de lignes de production flexibles, d'un laboratoire de R&amp;D, d'un centre d'apprentissage et d'un atelier \u00e9quip\u00e9 d'un mat\u00e9riel de pointe. En outre, des ing\u00e9nieurs hautement qualifi\u00e9s, des technologues comp\u00e9tents et un personnel bien inform\u00e9 contribuent largement au d\u00e9veloppement de l'entreprise.<\/p>\n\n\n\n<p>L'excellence de l'exp\u00e9rience client est le point de d\u00e9part de Hommy. Apr\u00e8s des ann\u00e9es de d\u00e9veloppement, nous avons \u00e9tabli un r\u00e9seau de distribution \u00e0 grande \u00e9chelle dans diff\u00e9rents pays et nous recevons de bons commentaires de la part de nos clients. Nous travaillons en \u00e9troite collaboration avec des entreprises et des instituts renomm\u00e9s et nous sommes universellement reconnus comme un partenaire fiable, gr\u00e2ce \u00e0 la qualit\u00e9 \u00e9lev\u00e9e et \u00e0 la circonspection de nos services.<\/p>\n\n\n\n<div class=\"wp-block-buttons is-content-justification-center is-layout-flex wp-container-core-buttons-is-layout-a89b3969 wp-block-buttons-is-layout-flex\">\n<div class=\"wp-block-button\"><a class=\"wp-block-button__link has-vivid-cyan-blue-background-color has-background wp-element-button\" href=\"https:\/\/www.hommy.com\/fr\/nous-contacter\/\">Nous contacter<\/a><\/div>\n<\/div>\n\n\n\n<figure class=\"wp-block-video\"><video controls poster=\"https:\/\/img80002414.weyesimg.com\/uploads\/wij2rdgc.allweyes.com\/images\/15535020757231.jpg?imageView2\/2\/w\/1920\/q\/70\/format\/webp\" preload=\"none\" src=\"https:\/\/img80002414.weyesimg.com\/uploads\/wij2rdgc.allweyes.com\/video\/15535044898255.mp4\"><\/video><\/figure>","protected":false},"excerpt":{"rendered":"<p>Established in&nbsp;1999, Hommy Enterprise (Xinhui) Co., LTD. is a professional high-tech enterprise specialized in manufacturing&nbsp;vending machines&nbsp;series(ice cream, pizza, popcorn, soda drinks, french fries, hot and frozen food), ice cream frozen yogurt machine, sugarcane juice machine, popcorn machine, popsicle machine, ice block machine, pizza cone machine, slush machine and more.&nbsp;Also we are welcome&nbsp;OEM&nbsp;and&nbsp;ODM. Hommy\u2019s plant is [&hellip;]<\/p>\n","protected":false},"author":1,"featured_media":0,"parent":0,"menu_order":0,"comment_status":"closed","ping_status":"closed","template":"","meta":{"_swt_meta_header_display":false,"_swt_meta_footer_display":false,"_swt_meta_site_title_display":false,"_swt_meta_sticky_header":false,"_swt_meta_transparent_header":false,"footnotes":""},"class_list":["post-1453","page","type-page","status-publish","hentry"],"_links":{"self":[{"href":"https:\/\/www.hommy.com\/fr\/wp-json\/wp\/v2\/pages\/1453","targetHints":{"allow":["GET"]}}],"collection":[{"href":"https:\/\/www.hommy.com\/fr\/wp-json\/wp\/v2\/pages"}],"about":[{"href":"https:\/\/www.hommy.com\/fr\/wp-json\/wp\/v2\/types\/page"}],"author":[{"embeddable":true,"href":"https:\/\/www.hommy.com\/fr\/wp-json\/wp\/v2\/users\/1"}],"replies":[{"embeddable":true,"href":"https:\/\/www.hommy.com\/fr\/wp-json\/wp\/v2\/comments?post=1453"}],"version-history":[{"count":0,"href":"https:\/\/www.hommy.com\/fr\/wp-json\/wp\/v2\/pages\/1453\/revisions"}],"wp:attachment":[{"href":"https:\/\/www.hommy.com\/fr\/wp-json\/wp\/v2\/media?parent=1453"}],"curies":[{"name":"wp","href":"https:\/\/api.w.org\/{rel}","templated":true}]}}