{"id":997,"date":"2024-07-02T17:33:09","date_gmt":"2024-07-02T17:33:09","guid":{"rendered":"http:\/\/localhost\/hommywp\/commercial-auto-ice-cream-vending-machine-with-robot-arm-price\/"},"modified":"2025-08-01T09:57:49","modified_gmt":"2025-08-01T09:57:49","slug":"maquina-expendedora-de-helados-con-robot","status":"publish","type":"product","link":"https:\/\/www.hommy.com\/es\/p\/maquina-expendedora-de-helados-con-robot\/","title":{"rendered":"Comercial Auto m\u00e1quina expendedora de helados con el brazo del robot Precio"},"content":{"rendered":"<div>\n<p style=\"text-align: center\"><span style=\"font-family:Calibri;font-size:29px\"><a style=\"color:blue\" href=\"\/es\/\">M\u00e1quina de helados<\/a> robot <\/span><\/p>\n<p style=\"text-align: center\"><a href=\"https:\/\/youtu.be\/JgNQ3w-MsYQ\" rel=\"nofollow noopener\" target=\"_blank\"><span style=\"font-family:Calibri;font-size:29px\">https:\/\/youtu.be\/JgNQ3w-MsYQ<\/span><\/a><span style=\"font-family:Calibri;font-size:29px\">&nbsp;<\/span><\/p>\n<p><span style=\"font-family:Calibri;font-size:29px\">&nbsp;Ofrecemos <a style=\"color:blue\" href=\"https:\/\/www.hommy.com\/es\/maquina-expendedora\/\">M\u00e1quina expendedora de helados<\/a> Con Brazo Robot en diferentes especificaciones seg\u00fan los requisitos de nuestros clientes. Estos est\u00e1n disponibles en diferentes tama\u00f1os, dise\u00f1os y colores.<\/span><\/p>\n<p><span style=\"font-family:\u5b8b\u4f53;font-size:29px\">Especificaciones del producto:<\/span><\/p>\n<p><span style=\"font-family:\u5b8b\u4f53;font-size:29px\"><\/span><\/p>\n<p><img decoding=\"async\" src=\"https:\/\/www.hommy.com\/wp-content\/uploads\/16431787687218.png\" alt=\"producto-M\u00e1quina expendedora de helados con robot-Hommy-img\" title=\"\"><\/p>\n<p><img decoding=\"async\" src=\"https:\/\/www.hommy.com\/wp-content\/uploads\/16431787709998.png\" alt=\"producto-Hommy-img\" title=\"\"><\/p>\n<p><span style=\"font-family:\u5b8b\u4f53;font-size:14px\">La m\u00e1quina de helados<\/span><span style=\"font-family:Calibri;font-size:14px\">&nbsp;<\/span><span style=\"font-family:\u5b8b\u4f53;font-size:14px\">funci\u00f3n :&nbsp;&nbsp;<\/span><\/p>\n<p><\/p>\n<p style=\"margin-bottom:0;text-align:justify\"><span style=\"font-family:\u5b8b\u4f53;font-size:14px\">\u25cf<\/span><span style=\"font-family:Calibri;font-size:14px\">P de Preenfriamiento : Mantener la temperatura de la tolva entre 2-5 <\/span><span style=\"font-family:\u5b8b\u4f53;font-size:14px\">\u2103<\/span><span style=\"font-family:Calibri;font-size:14px\">para mantener fresco el material de la tolva durante los modos autom\u00e1tico y de espera. La baja temperatura puede prevenir las bacterias. bacterias &nbsp;&nbsp;&nbsp;<\/span><\/p>\n<p style=\"margin-bottom:0;text-align:justify\"><span style=\"font-family:\u5b8b\u4f53;font-size:14px\">\u25cf<\/span><span style=\"font-family:Calibri;font-size:14px\">&nbsp;M de Mezclador: Mezcla uniforme. Mezclador de alta velocidad en hooper mantiene el material que fluye en la tolva en caso de helado. El helado ser\u00e1 m\u00e1s suave despu\u00e9s de mezclar completamente con aire. &nbsp;&nbsp;&nbsp;&nbsp;&nbsp;&nbsp;&nbsp;&nbsp;&nbsp;&nbsp;<\/span><\/p>\n<p style=\"margin-bottom:0;text-align:justify\"><span style=\"font-family:\u5b8b\u4f53;font-size:14px\">\u25cf<\/span><span style=\"font-family:Calibri;font-size:14px\">C de Contador: Permite al operador ver el n\u00famero de raciones dispensadas.<\/span><\/p>\n<p style=\"margin-bottom:0\"><span style=\"font-family:\u5b8b\u4f53;font-size:14px\">\u25cf<\/span><span style=\"font-family:\u5b8b\u4f53;font-size:14px\">D para descongelar: Esta funci\u00f3n puede derretir r\u00e1pidamente el helado en el cilindro congelador en l\u00edquido que reduce significativamente los restos de antes de lavar. Adem\u00e1s,&nbsp;<\/span><\/p>\n<p style=\"margin-bottom:0\"><span style=\"font-family:\u5b8b\u4f53;font-size:14px\">Entrar\u00e1 en el modo de producci\u00f3n para reproducir el helado en el cilindro para que sea suave y lisa si la m\u00e1quina no funciona durante mucho tiempo<\/span><\/p>\n<p style=\"margin-bottom:0\"><span style=\"font-family:\u5b8b\u4f53;font-size:14px\">\u25cf<\/span><span style=\"font-family:\u5b8b\u4f53;font-size:14px\">D de desinfecci\u00f3n: Vierta agua en la tolva. Subir\u00e1 a 30\u00ba.<\/span><span style=\"font-family:\u5b8b\u4f53;font-size:14px\">\u2103<\/span><span style=\"font-family:\u5b8b\u4f53;font-size:14px\">&nbsp;para limpiar la m\u00e1quina. No es necesario quitar la garganta para limpiar la m\u00e1quina.<\/span><\/p>\n<p style=\"margin-bottom:0\"><span style=\"font-family:\u5b8b\u4f53;font-size:14px\">\u25cf<\/span><span style=\"font-family:\u5b8b\u4f53;font-size:14px\">Control de la pantalla de bloqueo: Despu\u00e9s de configurar toda la informaci\u00f3n como desee, no se puede cambiar f\u00e1cilmente por otros.<\/span><\/p>\n<p style=\"margin-bottom:0;text-align:justify\"><span style=\"font-family:\u5b8b\u4f53;font-size:14px\">\u25cf<\/span><span style=\"font-family:\u5b8b\u4f53;font-size:14px\">Alarma ac\u00fastica: Cuando el material est\u00e9 por debajo del sensor de nivel, sonar\u00e1 una alarma para avisarle de que est\u00e1 a\u00f1adiendo material.<\/span><\/p>\n<p><span style=\"font-family:\u5b8b\u4f53;font-size:14px\">\u25cf<\/span><span style=\"font-family:\u5b8b\u4f53;font-size:14px\">&nbsp;Batidor de acero inoxidable<\/span><\/p>\n<p><span style=\"font-family:\u5b8b\u4f53;font-size:14px\">\u25cf<\/span><span style=\"font-family:\u5b8b\u4f53;font-size:14px\">&nbsp;Chapa de acero inoxidable para la cubierta exterior. &nbsp;&nbsp;&nbsp;&nbsp;&nbsp;&nbsp;&nbsp;&nbsp;&nbsp;&nbsp;&nbsp;&nbsp;&nbsp;&nbsp;&nbsp;<\/span><\/p>\n<p><span style=\"font-family:\u5b8b\u4f53;font-size:14px\">\u25cf<\/span><span style=\"font-family:\u5b8b\u4f53;font-size:14px\">&nbsp;Material del dep\u00f3sito : 13L *2&nbsp;&nbsp;<\/span><\/p>\n<p><span style=\"font-family:\u5b8b\u4f53;font-size:14px\">\u25cf<\/span><span style=\"font-family:\u5b8b\u4f53;font-size:14px\">&nbsp;Controlador t\u00e1ctil de pantalla&nbsp;<\/span><\/p>\n<p><span style=\"font-family:\u5b8b\u4f53;font-size:14px\">\u25cf<\/span><span style=\"font-family:\u5b8b\u4f53;font-size:14px\">&nbsp;Sensor de protecci\u00f3n de presi\u00f3n&nbsp;<\/span><\/p>\n<p><span style=\"font-family:\u5b8b\u4f53;font-size:14px\"><br \/><\/span><\/p>\n<p><span style=\"font-family:\u5b8b\u4f53;font-size:14px\"><\/span><\/p>\n<p><span style=\"font-family:\u5b8b\u4f53;font-size:29px\">Ventaja del producto:<\/span><\/p>\n<p><span style=\"font-family:Calibri;font-size:16px\">1.&nbsp;<\/span><span style=\"font-family:Calibri;font-size:16px\">Descongelaci\u00f3n<\/span><span style=\"font-family:\u5b8b\u4f53;font-size:16px\">&nbsp;Cuando la m\u00e1quina est\u00e1 trabajando 2 horas no se venden a cabo helado, cilindro alg\u00fan tiempo ser\u00e1 bloque, que la configuraci\u00f3n del sistema de descongelaci\u00f3n autom\u00e1tica, por lo que la m\u00e1quina puede seguir trabajando y descongelar el hielo en el interior e hizo helado de buena calidad o yogur congelado. <\/span><\/p>\n<p><img loading=\"lazy\" decoding=\"async\" src=\"https:\/\/www.hommy.com\/wp-content\/uploads\/16431791126320.png\" title=\"\" alt=\"producto-Hommy-img\" width=\"350\" height=\"206\" border=\"0\" vspace=\"0\" style=\"width: 350px;height: 206px\"><\/p>\n<p><span style=\"font-family:\u5b8b\u4f53;font-size:16px\">2.&nbsp;<\/span><span style=\"font-family:\u5b8b\u4f53;font-size:16px\">Tubo expandido : rebasamiento ajustable de 20% a 40% , reducir la generaci\u00f3n de cristales de hielo , hecho yogur congelado (helado ) sabor suave y aspecto blanco ; reducir el uso de materias primas , aumentar los beneficios . <\/span><\/p>\n<p><img loading=\"lazy\" decoding=\"async\" src=\"https:\/\/www.hommy.com\/wp-content\/uploads\/16431791336579.jpg\" title=\"\" alt=\"producto-Hommy-img\" width=\"350\" height=\"1000\" border=\"0\" vspace=\"0\" style=\"width: 350px;height: 1000px\"><\/p>\n<p><span style=\"font-family:\u5b8b\u4f53;font-size:16px\">3.&nbsp;<\/span><span style=\"font-family:\u5b8b\u4f53;font-size:16px\">Si usted vende a cabo el helado en la noche la configuraci\u00f3n autom\u00e1tica del sistema Pasteurizaci\u00f3n : Puede matar a <\/span><span style=\"font-family:Calibri;font-size:16px\">las bacterias <\/span><span style=\"font-family:\u5b8b\u4f53;font-size:16px\">que <\/span><span style=\"font-family:Calibri;font-size:16px\">producir<\/span><span style=\"font-family:\u5b8b\u4f53;font-size:16px\">&nbsp;<\/span><span style=\"font-family:Calibri;font-size:16px\">dentro de la m\u00e1quina<\/span><span style=\"font-family:\u5b8b\u4f53;font-size:16px\">&nbsp;de -5<\/span><span style=\"font-family:\u5b8b\u4f53;font-size:16px\">\u2103<\/span><span style=\"font-family:\u5b8b\u4f53;font-size:16px\">&nbsp;<\/span><span style=\"font-family:Arial;font-size:16px\">\u2192<\/span><span style=\"font-family:\u5b8b\u4f53;font-size:16px\">&nbsp;<\/span><span style=\"font-family:\u5b8b\u4f53;font-size:16px\">65<\/span><span style=\"font-family:\u5b8b\u4f53;font-size:16px\">\u2103<\/span><span style=\"font-family:Arial;font-size:16px\">\u2192<\/span><span style=\"font-family:\u5b8b\u4f53;font-size:16px\">&nbsp;-5<\/span><span style=\"font-family:\u5b8b\u4f53;font-size:16px\">\u2103<\/span><span style=\"font-family:Calibri;font-size:16px\">proceso<\/span><span style=\"font-family:\u5b8b\u4f53;font-size:16px\">&nbsp;( desinfectar el cilindro de carga y la materia prima en el interior , a continuaci\u00f3n, refrigerar al estado de reserva ) . por lo que puede mantener la m\u00e1quina cada 14 d\u00edas una vez . <\/span><\/p>\n<p><img loading=\"lazy\" decoding=\"async\" src=\"https:\/\/www.hommy.com\/wp-content\/uploads\/16431792047204.png\" title=\"\" alt=\"producto-Hommy-M\u00e1quina expendedora de helados con robot-img\" width=\"350\" height=\"289\" border=\"0\" vspace=\"0\" style=\"width: 350px;height: 289px\"><\/p>\n<p><span style=\"font-family:\u5b8b\u4f53;font-size:16px\">4.<\/span><span style=\"font-family:\u5b8b\u4f53;font-size:16px\">Dejar incensario tener <\/span><span style=\"font-family:Calibri;font-size:16px\">Segunda etapa, la primera etapa de alarma de nivel de material faltante, la segunda etapa de apagado autom\u00e1tico.<\/span><span style=\"font-family:\u5b8b\u4f53;font-size:16px\">&nbsp;Cuando reciba el primer mensaje, tiene un tiempo para a\u00f1adir material, no es necesario que la m\u00e1quina se detenga para trabajar.<\/span><\/p>\n<p><span style=\"font-family:\u5b8b\u4f53;font-size:16px\"><img loading=\"lazy\" decoding=\"async\" src=\"https:\/\/www.hommy.com\/wp-content\/uploads\/16431792398959.jpg\" title=\"\" alt=\"producto-Hommy-img\" width=\"350\" height=\"1920\" border=\"0\" vspace=\"0\" style=\"width: 350px;height: 1920px\"><\/span><\/p>\n<p><span style=\"font-family:\u5b8b\u4f53;font-size:16px\">5.<\/span><span style=\"font-family:\u5b8b\u4f53;font-size:16px\">La m\u00e1quina en el interior tienen la funci\u00f3n de promoci\u00f3n, la configuraci\u00f3n de lunes a viernes en 10:00 a 12:00 comprar helado con alg\u00fan descuento <\/span><\/p>\n<p><span style=\"font-family:\u5b8b\u4f53;font-size:16px\">&nbsp;Eso puede ayudarle a a\u00f1adir cantidad de sell out . <\/span><\/p>\n<p><img loading=\"lazy\" decoding=\"async\" src=\"https:\/\/www.hommy.com\/wp-content\/uploads\/16431793222540.png\" title=\"\" alt=\"producto-M\u00e1quina expendedora de helados con robot-Hommy-img-1\" width=\"350\" height=\"263\" border=\"0\" vspace=\"0\" style=\"width: 350px;height: 263px\"><\/p>\n<p><span style=\"font-family:\u5b8b\u4f53;font-size:16px\">6.<\/span><span style=\"font-family:\u5b8b\u4f53;font-size:16px\">La m\u00e1quina en el interior tienen m\u00e1s idiomas para que usted elija: chino, Ingl\u00e9s, Polonia, Arabia Saudita, Malasia, Tailandia, Espa\u00f1a.<\/span><\/p>\n<p><img loading=\"lazy\" decoding=\"async\" src=\"https:\/\/www.hommy.com\/wp-content\/uploads\/16431793651126.png\" title=\"\" alt=\"producto-Hommy-img-1\" width=\"350\" height=\"421\" border=\"0\" vspace=\"0\" style=\"width: 350px;height: 421px\"><\/p>\n<h2>\u00bfCu\u00e1nto cuesta comprar una m\u00e1quina expendedora de hielo?<\/h2>\n<p style=\"margin-top: 5px;margin-bottom: 5px\">Como fabricante l\u00edder de m\u00e1quinas expendedoras de hielo, ofrecemos a nuestros valiosos clientes una amplia variedad de opciones entre las que elegir. Hay algunos factores importantes a tener en cuenta a la hora de seleccionar una m\u00e1quina expendedora de hielo, como el volumen deseado de salida de producto, la eficiencia energ\u00e9tica y el coste global.<\/p>\n<p style=\"margin-top: 5px;margin-bottom: 5px\"><\/p>\n<h2>\u00bfC\u00f3mo se espesa el helado?<\/h2>\n<p style=\"margin-top: 5px;margin-bottom: 5px\">Si utilizas nata espesa o leche, puedes utilizar el sencillo m\u00e9todo de la batidora de inmersi\u00f3n. Si usas leche u otros ingredientes sin l\u00e1cteos, puedes usar agar agar, una forma de alga.<\/p>\n<p style=\"margin-top: 5px;margin-bottom: 5px\"><\/p>\n<h2>\u00bfC\u00f3mo consigo que la gente compre en mi m\u00e1quina expendedora?<\/h2>\n<p style=\"margin-top: 5px;margin-bottom: 5px\">Esta es una pregunta que me hacen a menudo. Y la respuesta es que depende del tipo de m\u00e1quina expendedora que tenga y de c\u00f3mo la comercialice. Por ejemplo, si est\u00e1 en una ciudad universitaria y tiene una m\u00e1quina expendedora de refrescos, tendr\u00e1 que averiguar qu\u00e9 les gusta beber a los universitarios y dirigirse a ese mercado. Si tiene una m\u00e1quina expendedora de refrescos, tendr\u00e1 que competir con la empresa local de Pepsi o Coca-Cola y ver qu\u00e9 puede hacer para ganarles. Lo primero que hay que hacer es asegurarse de que la m\u00e1quina vende. Tienes que probarla y ver si lo hace.<\/p>\n<\/p><\/div>","protected":false},"excerpt":{"rendered":"<p>Ice cream machine robot https:\/\/youtu.be\/JgNQ3w-MsYQ&nbsp; &nbsp;We are offering Ice Cream Vending Machine With Robot Arm in different specifications as per the requirements of our clients. These are available in different sizes, designs and colors. Product specificatio: The ice cream machine&nbsp;function :&nbsp;&nbsp; \u25cfP for &nbsp;Pre-cooling : Keep hopper temperature from 2-5 \u2103to make the material in [&hellip;]<\/p>\n","protected":false},"featured_media":1969,"comment_status":"open","ping_status":"open","template":"","meta":{"_swt_meta_header_display":false,"_swt_meta_footer_display":false,"_swt_meta_site_title_display":false,"_swt_meta_sticky_header":false,"_swt_meta_transparent_header":false},"product_brand":[],"product_cat":[88,68],"product_tag":[],"class_list":{"0":"post-997","1":"product","2":"type-product","3":"status-publish","4":"has-post-thumbnail","6":"product_cat-robot-ice-cream-shop","7":"product_cat-vending-machine","9":"first","10":"instock","11":"shipping-taxable","12":"product-type-simple"},"_links":{"self":[{"href":"https:\/\/www.hommy.com\/es\/wp-json\/wp\/v2\/product\/997","targetHints":{"allow":["GET"]}}],"collection":[{"href":"https:\/\/www.hommy.com\/es\/wp-json\/wp\/v2\/product"}],"about":[{"href":"https:\/\/www.hommy.com\/es\/wp-json\/wp\/v2\/types\/product"}],"replies":[{"embeddable":true,"href":"https:\/\/www.hommy.com\/es\/wp-json\/wp\/v2\/comments?post=997"}],"wp:featuredmedia":[{"embeddable":true,"href":"https:\/\/www.hommy.com\/es\/wp-json\/wp\/v2\/media\/1969"}],"wp:attachment":[{"href":"https:\/\/www.hommy.com\/es\/wp-json\/wp\/v2\/media?parent=997"}],"wp:term":[{"taxonomy":"product_brand","embeddable":true,"href":"https:\/\/www.hommy.com\/es\/wp-json\/wp\/v2\/product_brand?post=997"},{"taxonomy":"product_cat","embeddable":true,"href":"https:\/\/www.hommy.com\/es\/wp-json\/wp\/v2\/product_cat?post=997"},{"taxonomy":"product_tag","embeddable":true,"href":"https:\/\/www.hommy.com\/es\/wp-json\/wp\/v2\/product_tag?post=997"}],"curies":[{"name":"wp","href":"https:\/\/api.w.org\/{rel}","templated":true}]}}