{"id":99,"date":"2024-07-02T12:08:28","date_gmt":"2024-07-02T12:08:28","guid":{"rendered":"http:\/\/localhost\/hommywp\/pa-c6-b-24-7-pizza-vending-machine-with-infrared-for-school\/"},"modified":"2025-08-01T09:57:26","modified_gmt":"2025-08-01T09:57:26","slug":"pa-c6-b-maquina-expendedora-de-pizza-con-infrarrojos-en-exterior","status":"publish","type":"product","link":"https:\/\/www.hommy.com\/es\/p\/pa-c6-b-maquina-expendedora-de-pizza-con-infrarrojos-en-exterior\/","title":{"rendered":"Pa-C6-B M\u00e1quina expendedora de pizzas 24\/7 con infrarrojos para colegios"},"content":{"rendered":"<div>\n<p style=\"margin: 0px;text-align: center\"><strong><span style=\"letter-spacing: 0px;font-size: 24px;font-family: arial, helvetica, sans-serif\"><br \/><\/span><\/strong><\/p>\n<p style=\"margin: 0px;text-align: center\"><strong><span style=\"letter-spacing: 0px;font-size: 24px;font-family: arial, helvetica, sans-serif\"><a name=\"Outdoor Automatic Infrared Heating Vending Pizza Machine\"><\/a>M\u00e1quina expendedora autom\u00e1tica de pizza por infrarrojos para exteriores<\/span><\/strong><\/p>\n<p style=\"margin: 0px;text-align: center\"><a href=\"#Outdoor Automatic Infrared Heating Vending Pizza Machine\" target=\"_self\" data-lv=\"0\" rel=\"noopener\"><span style=\"letter-spacing: 0px;font-size: 18px;font-family: arial, helvetica, sans-serif\">M\u00e1quina expendedora autom\u00e1tica de pizza por infrarrojos para exteriores<\/span><\/a><span style=\"letter-spacing: 0px;font-size: 18px;font-family: arial, helvetica, sans-serif\">|<a href=\"#Product Features\" target=\"_self\" data-lv=\"0\" rel=\"noopener\">Caracter\u00edsticas del producto<\/a>|<a href=\"#Product specification\" target=\"_self\" data-lv=\"0\" rel=\"noopener\">Especificaci\u00f3n del producto<\/a>|<a href=\"#Product Advantage\" target=\"_self\" data-lv=\"0\" rel=\"noopener\">Ventajas del producto<\/a><\/span><\/p>\n<p style=\"margin: 0px\"><span style=\"font-family:\u5b8b\u4f53;letter-spacing:0;font-size:29px\"><br \/><\/span><\/p>\n<p><\/p>\n<p style=\"text-align: center\">&nbsp;&nbsp;&nbsp;&nbsp;<\/p>\n<p>Las m\u00e1quinas expendedoras de pizza 24\/7 permiten a los clientes simplemente pulsar un bot\u00f3n y, en pocos minutos, disponer de pizzas frescas y calientes, a\u00fan humeantes, reci\u00e9n salidas del pizzero. Ayudamos a las pizzer\u00edas a vender pizza utilizando nuestras m\u00e1quinas expendedoras, esto les ayudar\u00e1 a vender pizza en cualquier momento y en cualquier lugar. Esta es una gran manera de promover sus pizzas.<\/p>\n<p><\/p>\n<p>Esta m\u00e1quina est\u00e1 dise\u00f1ada y desarrollada con un sofisticado sistema de control, que utiliza la \u00faltima tecnolog\u00eda para garantizar la correcta ejecuci\u00f3n y gesti\u00f3n de las operaciones. Todos los componentes de las m\u00e1quinas se someten a pruebas de funcionamiento antes de su entrega y la producci\u00f3n se comprueba sobre el terreno.<\/p>\n<p><\/p>\n<p>M\u00e1quinas expendedoras de pizza ofrecidos por nosotros est\u00e1n hechos con pl\u00e1sticos de alta calidad y materiales de acero inoxidable, lo que garantiza un alto rendimiento y larga vida \u00fatil. Estas m\u00e1quinas son probados por nuestros expertos en control de calidad para asegurar que cumplen con los estrictos est\u00e1ndares de calidad y durabilidad de la industria.<\/p>\n<p><\/p>\n<p>Nuestra empresa est\u00e1 comprometida con la satisfacci\u00f3n del cliente, y por ello les ofrecemos M\u00e1quinas Expendedoras de Pizza a los precios m\u00e1s competitivos del sector. Entendemos su importancia y estamos seguros de que podemos satisfacer sus necesidades y entregarlos de la manera m\u00e1s oportuna. Nuestros profesionales tienen muchos a\u00f1os de experiencia en el campo de las m\u00e1quinas expendedoras de pizza, y dise\u00f1an las m\u00e1quinas para satisfacer sus necesidades espec\u00edficas. Para obtener m\u00e1s informaci\u00f3n sobre nuestra gama de m\u00e1quinas expendedoras de pizza, p\u00f3ngase en contacto con nuestro servicio de atenci\u00f3n al cliente.  Le guiar\u00e1n a lo largo del proceso de compra y responder\u00e1n a todas sus preguntas.<\/p>\n<p><span style=\"font-family:\u5b8b\u4f53;letter-spacing:0;font-size:29px\"><\/span><\/p>\n<div class=\"d-tem01-graphic tem01-graphic mockup\" data-detail=\"wrap\">\n<div class=\"cont-section clearfix d-clearfix\">\n<div class=\"col-md-6 col-sm-6 col-xs-6\"><\/p>\n<p><\/p>\n<p><img decoding=\"async\" src=\"https:\/\/www.hommy.com\/wp-content\/uploads\/16104175807471.jpg\" alt=\"product-PA-C6-B M\u00e1quina expendedora de pizza con infrarrojos en exterior-Hommy-img\" title=\"\"><br \/>\n &nbsp; &nbsp; &nbsp; &nbsp; &nbsp; &nbsp;<\/p>\n<\/div>\n<div class=\"col-md-6 col-sm-6 col-xs-6\">\n<div class=\"right-p\">\n<div class=\"h2 heading\">\n<h1 style=\"margin: 0px;text-indent: 0px;text-align: justify\"><strong><span style=\"letter-spacing: 0px;font-family: arial, helvetica, sans-serif;font-size: 24px\"><a name=\"Product Features\"><\/a>Caracter\u00edsticas del producto<\/span><\/strong><\/h1>\n<p style=\"margin-top:0;margin-right:0;margin-bottom:0;margin-left:0;text-indent:0;text-align:justify\"><span style=\"letter-spacing: 0px;font-family: arial, helvetica, sans-serif;font-size: 18px\"><br \/><\/span><\/p>\n<p><span style=\"font-size: 18px;font-family: arial, helvetica, sans-serif\">1. Pantalla de 55\" para promoci\u00f3n y funcionamiento de la pantalla de 15\" .<\/span><\/p>\n<p><span style=\"font-size: 18px;font-family: arial, helvetica, sans-serif\">2. El sistema de pago puede aceptar: moneda, billete, moneda Exchang, interfaz de tarjeta de cr\u00e9dito.<\/span><\/p>\n<p><span style=\"font-size: 18px;font-family: arial, helvetica, sans-serif\">3. El congelador interior puede mantener 48pcs 10 \"pizza y mantener la temperatura de -8\u2103 a 10\u2103. <\/span><\/p>\n<p><span style=\"font-size: 18px;font-family: arial, helvetica, sans-serif\">4. La m\u00e1quina dentro de mantener 48 cajas de papel conjunto .<\/span><\/p>\n<p><span style=\"font-size: 18px;font-family: arial, helvetica, sans-serif\">5. Placa de control avanzada de la PC, funci\u00f3n bien programada y funcionamiento estable.<\/span><\/p>\n<p><span style=\"font-size: 18px;font-family: arial, helvetica, sans-serif\">6. El congelador interior tiene pantalla de publicidad de mayor tama\u00f1o y funci\u00f3n de pasteurizaci\u00f3n. <\/span><\/p>\n<p style=\"margin-left:0;text-indent:0\"><span style=\"font-size: 18px;font-family: arial, helvetica, sans-serif\">7. La temperatura del congelador se puede configurar en base a diferentes productos, con la funci\u00f3n de descongelaci\u00f3n autom\u00e1tica, para asegurar que la m\u00e1quina en alta temperatura y alta humedad tiempo en condiciones normales de funcionamiento;<\/span><\/p>\n<p style=\"margin-left:0;text-indent:0\"><span style=\"letter-spacing: 0px;font-size: 18px;font-family: arial, helvetica, sans-serif\">8. Temperatura de calentamiento por infrarrojos <span style=\"letter-spacing: 0px;font-size: 18px;font-family: \u5b8b\u4f53\">\uff1a<\/span>60-300\u2103 necesitan 45-55 segundos para hornear una pizza.<\/span><\/p>\n<p style=\"margin-left:0;text-indent:0\"><span style=\"letter-spacing: 0px;font-size: 18px;font-family: arial, helvetica, sans-serif\">9.  Tama\u00f1o de la casa de infrarrojos :400X400X300mm y potencia :3000W . <\/span><\/p>\n<p style=\"margin-left:0;text-indent:0\"><span style=\"font-size: 18px;font-family: arial, helvetica, sans-serif\">10. Hay una funci\u00f3n de protecci\u00f3n contra fallos de alimentaci\u00f3n, la m\u00e1quina sigue mostrando el poder de estado, tiene la funci\u00f3n de memoria, la funci\u00f3n de protecci\u00f3n contra fugas de sobrecarga, garantizar el funcionamiento seguro de la m\u00e1quina.<\/span><span style=\"font-family: Calibri;font-size: 18px\"> <\/span><\/p>\n<p style=\"margin-top:0;margin-right:0;margin-bottom:0;margin-left:0;text-indent:0;text-align:justify\"><span style=\"letter-spacing: 0px;font-size: 18px;font-family: arial, helvetica, sans-serif\">11. El lenguaje puede basarse en diferentes pa\u00edses para ajustarlo. <\/span><\/p>\n<p style=\"margin-top:0;margin-right:0;margin-bottom:0;margin-left:0;text-indent:0;text-align:justify\"><span style=\"letter-spacing: 0px;font-size: 18px;font-family: arial, helvetica, sans-serif\">12. Dentro de la m\u00e1quina se almacenan 48 juegos de pizza.<\/span><\/p>\n<p style=\"margin-left:0;text-indent:0\"><span style=\"font-size: 18px;font-family: arial, helvetica, sans-serif\">13. 13. Sistema de gesti\u00f3n remota por ordenador: consulta de detalles de ventas, recordatorio de falta de existencias, recordatorio de aver\u00eda de la m\u00e1quina.<\/span><\/p>\n<p style=\"margin-left:0;text-indent:0\"><span style=\"font-family: arial, helvetica, sans-serif;font-size: 18px\">14. si usted quiere poner la m\u00e1quina fuera de centro comercial, usted puede agregar un tejado que pueda guardar hacia fuera viento y <\/span><\/p>\n<p><span style=\"font-family: arial, helvetica, sans-serif;font-size: 18px\">Lluvia, este techo hecho en metal y luego pintura en aerosol .&nbsp;<\/span><span style=\"font-size: 18px;font-family: arial, helvetica, sans-serif\">&nbsp;<\/span><\/p>\n<p><span>&nbsp; &nbsp; &nbsp; &nbsp;<\/span><\/div>\n<\/div>\n<\/div>\n<\/div>\n<\/div>\n<h1><strong><span style=\"letter-spacing: 0px;font-family: arial, helvetica, sans-serif;font-size: 24px\"><a name=\"Product specification\"><\/a>Especificaci\u00f3n del producto<\/span><\/strong><\/h1>\n<p><strong><span style=\"letter-spacing: 0px;font-family: arial, helvetica, sans-serif;font-size: 24px\"><br \/><\/span><\/strong><\/p>\n<p><img decoding=\"async\" src=\"https:\/\/www.hommy.com\/wp-content\/uploads\/16104184705197.png\" alt=\"producto-Hommy-img\" title=\"\"><\/p>\n<p><\/p>\n<h1><span style=\"font-family: arial, helvetica, sans-serif;font-size: 24px\"><strong><span style=\"font-family: arial, helvetica, sans-serif;letter-spacing: 0px\"><a name=\"Product Advantage\"><\/a>Ventajas del producto<\/span><\/strong><\/span><\/h1>\n<p><span style=\"font-family: arial, helvetica, sans-serif;font-size: 24px\"><strong><span style=\"font-family: arial, helvetica, sans-serif;letter-spacing: 0px\"><\/span><\/strong><\/span><\/p>\n<div class=\"d-tem01-graphic tem01-graphic mockup\" data-detail=\"wrap\">\n<div class=\"cont-section clearfix d-clearfix\">\n<div class=\"col-md-6 col-sm-6 col-xs-6\">\n<div class=\"right-p\">\n<div class=\"h2 heading\">\n<p><span style=\"font-family: arial, helvetica, sans-serif;font-size: 18px\">1. Pantalla de 55\" para promoci\u00f3n y funcionamiento de la pantalla de 15\" .<\/span><\/p>\n<p><span style=\"font-family: arial, helvetica, sans-serif;font-size: 18px\"><br \/><\/span><\/p>\n<p><span style=\"font-family: arial, helvetica, sans-serif;font-size: 18px\"><br \/><\/span><\/p>\n<\/div>\n<\/div>\n<div class=\"graphic_pic animated wow bounceIn\" data-wow-delay=\".7s\">\n<p style=\"text-align:center\"><img loading=\"lazy\" decoding=\"async\" src=\"https:\/\/www.hommy.com\/wp-content\/uploads\/16104181619234.jpg\" alt=\"producto-Hommy-img\" title=\"\" width=\"350\" height=\"350\" border=\"0\" vspace=\"0\" style=\"width: 350px;height: 350px\"><\/p>\n<\/div>\n<\/div>\n<div class=\"col-md-6 col-sm-6 col-xs-6\">\n<div class=\"right-p\">\n<div class=\"h2 heading\">\n<p style=\"margin-left:0;text-indent:0\"><span style=\"font-family: arial, helvetica, sans-serif;letter-spacing: 0px;font-size: 18px\">2. Temperatura de calentamiento por infrarrojos \uff1a60-300\u2103 necesidad de 45-55 segundos para hornear una pizza y el tama\u00f1o de la casa de infrarrojos: 400X400X300mm y potencia: 3000W.&nbsp;<\/span><\/p>\n<\/div>\n<\/div>\n<div class=\"graphic_pic animated wow bounceIn\" data-wow-delay=\".7s\">\n<p style=\"text-align:center\"><img loading=\"lazy\" decoding=\"async\" src=\"https:\/\/www.hommy.com\/wp-content\/uploads\/16104182663582.jpg\" alt=\"producto-Hommy-img\" title=\"\" width=\"350\" height=\"500\" border=\"0\" vspace=\"0\" style=\"width: 350px;height: 500px\"><\/p>\n<\/div>\n<\/div>\n<\/div>\n<\/div>\n<p><span style=\"font-family: arial, helvetica, sans-serif;font-size: 24px\"><strong><span style=\"font-family: arial, helvetica, sans-serif;letter-spacing: 0px\"><\/span><\/strong><\/span><\/p>\n<div class=\"d-tem01-graphic tem01-graphic mockup\" data-detail=\"wrap\">\n<div class=\"cont-section clearfix d-clearfix\">\n<div class=\"col-md-6 col-sm-6 col-xs-6\">\n<div class=\"right-p\">\n<div class=\"h2 heading\">\n<p style=\"margin-top:0;margin-right:0;margin-bottom:0;margin-left:0;text-indent:0;text-align:justify\"><span style=\"font-family: arial, helvetica, sans-serif;font-size: 18px\"><span style=\"font-family: arial, helvetica, sans-serif;letter-spacing: 0px\">3. 48 conjuntos de pizza se almacenan dentro de la m\u00e1quina, mantener la temperatura <\/span><span style=\"font-family: arial, helvetica, sans-serif\">de -8\u2103 a 10\u2103.<\/span><\/span><\/p>\n<p style=\"margin-top:0;margin-right:0;margin-bottom:0;margin-left:0;text-indent:0;text-align:justify\"><span style=\"font-family: arial, helvetica, sans-serif;font-size: 18px\"><span style=\"font-family: arial, helvetica, sans-serif\"><br \/><\/span><\/span><\/p>\n<\/div>\n<\/div>\n<div class=\"graphic_pic animated wow bounceIn\" data-wow-delay=\".7s\">\n<p style=\"text-align:center\"><img loading=\"lazy\" decoding=\"async\" src=\"https:\/\/www.hommy.com\/wp-content\/uploads\/16104183055640.png\" alt=\"product-Hommy-PA-C6-B M\u00e1quina expendedora de pizzas con infrarrojos en exterior-img\" title=\"\" width=\"350\" height=\"500\" border=\"0\" vspace=\"0\" style=\"width: 350px;height: 500px\"><\/p>\n<\/div>\n<\/div>\n<div class=\"col-md-6 col-sm-6 col-xs-6\">\n<div class=\"right-p\">\n<div class=\"h2 heading\">\n<p><span style=\"font-family: arial, helvetica, sans-serif;font-size: 18px\">4. La m\u00e1quina dentro de mantener 48 cajas de papel conjunto .<\/span><\/p>\n<p><\/p>\n<\/div>\n<\/div>\n<div class=\"graphic_pic animated wow bounceIn\" data-wow-delay=\".7s\">\n<p style=\"text-align:center\"><img loading=\"lazy\" decoding=\"async\" src=\"https:\/\/www.hommy.com\/wp-content\/uploads\/16104183403363.png\" alt=\"producto-Hommy-img\" title=\"\" width=\"350\" height=\"500\" border=\"0\" vspace=\"0\" style=\"width: 350px;height: 500px\"><\/p>\n<\/div>\n<\/div>\n<\/div>\n<\/div>\n<p><span style=\"font-family: arial, helvetica, sans-serif;font-size: 24px\"><strong><span style=\"font-family: arial, helvetica, sans-serif;letter-spacing: 0px\"><\/span><\/strong><\/span><\/p>\n<div class=\"d-tem01-graphic tem01-graphic mockup\" data-detail=\"wrap\">\n<div class=\"cont-section clearfix d-clearfix\">\n<div class=\"col-md-6 col-sm-6 col-xs-6\">\n<div class=\"right-p\">\n<div class=\"h2 heading\">\n<p><span style=\"font-family: arial, helvetica, sans-serif;font-size: 18px\"><span style=\"font-family: arial, helvetica, sans-serif;letter-spacing: 0px\">5.&nbsp;<\/span><span style=\"font-family: arial, helvetica, sans-serif\">El sistema de pago puede aceptar: moneda, billete, moneda de cambio, interfaz de tarjeta de cr\u00e9dito.<\/span><\/span><\/p>\n<p><span style=\"font-family: arial, helvetica, sans-serif;font-size: 18px\"><span style=\"font-family: arial, helvetica, sans-serif\"><br \/><\/span><\/span><\/p>\n<\/div>\n<\/div>\n<div class=\"graphic_pic animated wow bounceIn\" data-wow-delay=\".7s\">\n<p style=\"text-align:center\"><img loading=\"lazy\" decoding=\"async\" src=\"https:\/\/www.hommy.com\/wp-content\/uploads\/16104183868145.png\" alt=\"product-PA-C6-B M\u00e1quina expendedora de pizza con infrarrojos en exterior-Hommy-img-1\" title=\"\" width=\"350\" height=\"500\" border=\"0\" vspace=\"0\" style=\"width: 350px;height: 500px\"><\/p>\n<\/div>\n<\/div>\n<div class=\"col-md-6 col-sm-6 col-xs-6\">\n<div class=\"right-p\">\n<div class=\"h2 heading\">\n<p><span style=\"font-family: arial, helvetica, sans-serif;font-size: 18px\">6. 6. Sistema de gesti\u00f3n remota por ordenador: consulta de detalles de ventas, recordatorio de faltas, recordatorio de aver\u00edas de la m\u00e1quina.<\/span><\/p>\n<\/div>\n<\/div>\n<div class=\"graphic_pic animated wow bounceIn\" data-wow-delay=\".7s\">\n<p style=\"text-align:center\"><img loading=\"lazy\" decoding=\"async\" src=\"https:\/\/www.hommy.com\/wp-content\/uploads\/16104184304129.jpg\" alt=\"producto-Hommy-img-1\" title=\"\" width=\"350\" height=\"500\" border=\"0\" vspace=\"0\" style=\"width: 350px;height: 500px\"><\/p>\n<\/div>\n<\/div>\n<\/div>\n<\/div>\n<p><strong><span style=\"letter-spacing: 0px;font-family: arial, helvetica, sans-serif;font-size: 24px\"><\/span><\/strong><\/p>\n<h2 style=\"font-family: sans-serif\">\u00bfQui\u00e9n fabrica las m\u00e1quinas expendedoras de pizza?<\/h2>\n<p style=\"margin-top: 5px;margin-bottom: 5px;font-family: sans-serif;font-size: 16px\">\u00bfQu\u00e9 har\u00eda que las m\u00e1quinas expendedoras fueran m\u00e1s atractivas que otras opciones para un tentempi\u00e9? La verdad es que es la pizza. Y, desde hace muchos a\u00f1os, eso es precisamente lo que venden las m\u00e1quinas expendedoras de pizza: porciones de pizza.<\/p>\n<p style=\"margin-top: 5px;margin-bottom: 5px;font-family: sans-serif;font-size: 16px\"><\/p>\n<h2 style=\"font-family: sans-serif\">\u00bfQu\u00e9 tipo de horno de pizza utiliza Dominos?<\/h2>\n<p style=\"margin-top: 5px;margin-bottom: 5px;font-family: sans-serif;font-size: 16px\">Puede que le sorprenda saber que hay un par de tipos diferentes de hornos de pizza que utilizamos en nuestras pizzer\u00edas. Te voy a dar los diferentes tipos y los pros y los contras de cada uno de ellos. A continuaci\u00f3n, voy a decirle qu\u00e9 horno de pizza funciona mejor para un domin\u00f3. Pero primero, tengo que explicar el tipo de horno de pizza utilizado por dominos.utilizamos dos tipos de hornos de pizza. Ambos son fabricados por la misma empresa. Uno es un horno de pizza de gas natural y el otro es un horno de pizza de carb\u00f3n. Pero no son iguales. Quiero explicarte por qu\u00e9.<\/p>\n<p style=\"margin-top: 5px;margin-bottom: 5px;font-family: sans-serif;font-size: 16px\"><\/p>\n<p style=\"margin-top: 5px;margin-bottom: 5px;font-family: sans-serif;font-size: 16px\"><\/p>\n<h2 style=\"font-family: sans-serif\">\u00bfCu\u00e1nta electricidad consume un horno de pizza?<\/h2>\n<p style=\"margin-top: 5px;margin-bottom: 5px;font-family: sans-serif;font-size: 16px\">Seg\u00fan el informe anual sobre energ\u00eda de la EPA, el hogar medio estadounidense consume unos 1.000 kilovatios-hora (kWh) de electricidad al a\u00f1o. Eso equivale a casi medio gal\u00f3n de gasolina. Sin embargo, un horno de pizza mediano de Amazon puede consumir hasta 4.000 kWh de electricidad al a\u00f1o. Si te preguntas cu\u00e1nta energ\u00eda es eso, esta calculadora te ayudar\u00e1 a saber exactamente cu\u00e1nto consume el horno que est\u00e1s mirando.<\/p>\n<\/p><\/div>","protected":false},"excerpt":{"rendered":"<p>Outdoor Automatic Infrared Heating Vending Pizza Machine Outdoor Automatic Infrared Heating Vending Pizza Machine|Product Features|Product specification|Product Advantage &nbsp;&nbsp;&nbsp;&nbsp; 24\/7 Pizza Vending Machines enable customers to simply press a button and within a few minutes, have fresh hot pizzas, still steaming from the pizza maker.The pizza vending machine can be used in restaurants, hotels, pubs, bars, [&hellip;]<\/p>\n","protected":false},"featured_media":89,"comment_status":"open","ping_status":"open","template":"","meta":{"_swt_meta_header_display":false,"_swt_meta_footer_display":false,"_swt_meta_site_title_display":false,"_swt_meta_sticky_header":false,"_swt_meta_transparent_header":false},"product_brand":[],"product_cat":[70,68],"product_tag":[],"class_list":{"0":"post-99","1":"product","2":"type-product","3":"status-publish","4":"has-post-thumbnail","6":"product_cat-pizza-vending-machine","7":"product_cat-vending-machine","9":"first","10":"instock","11":"shipping-taxable","12":"product-type-simple"},"_links":{"self":[{"href":"https:\/\/www.hommy.com\/es\/wp-json\/wp\/v2\/product\/99","targetHints":{"allow":["GET"]}}],"collection":[{"href":"https:\/\/www.hommy.com\/es\/wp-json\/wp\/v2\/product"}],"about":[{"href":"https:\/\/www.hommy.com\/es\/wp-json\/wp\/v2\/types\/product"}],"replies":[{"embeddable":true,"href":"https:\/\/www.hommy.com\/es\/wp-json\/wp\/v2\/comments?post=99"}],"wp:featuredmedia":[{"embeddable":true,"href":"https:\/\/www.hommy.com\/es\/wp-json\/wp\/v2\/media\/89"}],"wp:attachment":[{"href":"https:\/\/www.hommy.com\/es\/wp-json\/wp\/v2\/media?parent=99"}],"wp:term":[{"taxonomy":"product_brand","embeddable":true,"href":"https:\/\/www.hommy.com\/es\/wp-json\/wp\/v2\/product_brand?post=99"},{"taxonomy":"product_cat","embeddable":true,"href":"https:\/\/www.hommy.com\/es\/wp-json\/wp\/v2\/product_cat?post=99"},{"taxonomy":"product_tag","embeddable":true,"href":"https:\/\/www.hommy.com\/es\/wp-json\/wp\/v2\/product_tag?post=99"}],"curies":[{"name":"wp","href":"https:\/\/api.w.org\/{rel}","templated":true}]}}