{"id":988,"date":"2024-07-02T17:33:02","date_gmt":"2024-07-02T17:33:02","guid":{"rendered":"http:\/\/localhost\/hommywp\/intelligent-robotic-arm-ice-cream-self-vending-machine-cost\/"},"modified":"2025-08-01T09:57:48","modified_gmt":"2025-08-01T09:57:48","slug":"robot-expendedor-de-helados","status":"publish","type":"product","link":"https:\/\/www.hommy.com\/es\/p\/robot-expendedor-de-helados\/","title":{"rendered":"Coste de la m\u00e1quina autoexpendedora de helados con brazo rob\u00f3tico inteligente"},"content":{"rendered":"<div>\n<p style=\"text-align: center\"><span style=\"font-family:Calibri;font-size:29px\"><a style=\"color:blue\" href=\"\/es\/\">M\u00e1quina de helados<\/a> robot <\/span><\/p>\n<p style=\"text-align: center\"><a href=\"https:\/\/youtu.be\/Xqo74RBQzXE\" rel=\"nofollow noopener\" target=\"_blank\"><span style=\"font-family:Calibri;font-size:29px\">https:\/\/youtu.be\/Xqo74RBQzXE<\/span><\/a><span style=\"font-family:Calibri;font-size:29px\">&nbsp;<\/span><\/p>\n<p><span style=\"font-family:Calibri;font-size:29px\">&nbsp;<\/span><\/p>\n<p><span style=\"font-family:\u7b49\u7ebf;font-size:29px\">&nbsp;Estas m\u00e1quinas se utilizan ampliamente para la automatizaci\u00f3n del proceso de dispensaci\u00f3n de helados. Brazo rob\u00f3tico <a style=\"color:blue\" href=\"https:\/\/www.hommy.com\/es\/maquina-expendedora\/\">m\u00e1quina expendedora de helados<\/a>s se utilizan para dispensar el helado de forma controlada, garantizando una distribuci\u00f3n uniforme del mismo. Son ideales para peque\u00f1as y medianas empresas que necesitan ofrecer un producto de calidad a un precio razonable. Estas m\u00e1quinas expendedoras de helados de brazo robotizado est\u00e1n disponibles en diferentes tama\u00f1os y dise\u00f1os.<\/span><\/p>\n<p><span style=\"font-family:\u5b8b\u4f53;font-size:29px\">Especificaciones del producto:<\/span><\/p>\n<p><img decoding=\"async\" src=\"https:\/\/www.hommy.com\/wp-content\/uploads\/16431773625701.png\" alt=\"producto-Hommy-img\" title=\"\"><\/p>\n<p style=\"margin-bottom:0;text-align:justify\"><span style=\"font-family:\u5b8b\u4f53;font-size:29px\">Caracter\u00edsticas del producto: <\/span><\/p>\n<p style=\"margin-bottom:0;text-align:justify\"><em><span style=\"font-family: Calibri;font-size: 16px\">Pantalla t\u00e1ctil de 10,1 pulgadas con control tipo tableta<\/span><\/em><span style=\"font-family:Calibri;font-size:16px\">er con<\/span><span style=\"font-family:\u5b8b\u4f53;font-size:16px\">&nbsp;<\/span><span style=\"font-family:Calibri;font-size:16px\">Sistema Android<\/span><\/p>\n<p style=\"margin-bottom:0;text-align:justify\"><span style=\"font-family:\u7b49\u7ebf;font-size:16px\">2<\/span><span style=\"font-family:Calibri;font-size:16px\">Pantalla de 7\" para publicidad . <\/span><\/p>\n<p style=\"margin-bottom:0;text-align:justify\"><span style=\"font-family:\u7b49\u7ebf;font-size:16px\">1<\/span><span style=\"font-family:Calibri;font-size:16px\">. Brazo de 4 ejes . <\/span><\/p>\n<p style=\"margin-bottom:0;text-align:justify\"><span style=\"font-family:Calibri;font-size:16px\">2<\/span><span style=\"font-family:\u5b8b\u4f53;font-size:16px\">.<\/span><span style=\"font-family:Calibri;font-size:16px\">&nbsp;3 sabores m\u00e1quina de helados HM706 .<\/span><\/p>\n<p style=\"margin-bottom:0;text-align:justify\"><span style=\"font-family:Calibri;font-size:16px\">3<\/span><span style=\"font-family:\u5b8b\u4f53;font-size:16px\">. <\/span><span style=\"font-family:Calibri;font-size:16px\">3 topping y 3 salsas . <\/span><\/p>\n<p style=\"margin-bottom:0;text-align:justify\"><span style=\"font-family:Calibri;font-size:16px\">4. Copa de helado con cuchara 300 uds. <\/span><\/p>\n<p style=\"margin-bottom:0;text-align:justify\"><span style=\"font-family:Calibri;font-size:16px\">5<\/span><span style=\"font-family:\u5b8b\u4f53;font-size:16px\">. sistema de pago: <\/span><span style=\"font-family:Calibri;font-size:16px\">billete , moneda de cambio moneda , tarjeta de cr\u00e9dito con interfaz . <\/span><\/p>\n<p style=\"margin-bottom:0;text-align:justify\"><span style=\"font-family:Calibri;font-size:16px\">6<\/span><span style=\"font-family:\u5b8b\u4f53;font-size:16px\">.we puede hacer OEM personalizado la vivienda como usted.<\/span><\/p>\n<p style=\"margin-bottom:0;text-align:justify\"><span style=\"font-family: \u5b8b\u4f53;font-size: 16px\">7.<\/span><span style=\"font-family: Calibri;font-size: 16px\">&nbsp;con otro idioma .<\/span><\/p>\n<p style=\"margin-bottom:0;text-align:justify\"><span style=\"font-family: Calibri;font-size: 16px\"><\/span><\/p>\n<p style=\"margin-bottom:0;text-align:justify\"><span style=\"font-family:\u5b8b\u4f53;font-size:14px\">La m\u00e1quina de helados<\/span><span style=\"font-family:Calibri;font-size:14px\">&nbsp;<\/span><span style=\"font-family:\u5b8b\u4f53;font-size:14px\">funci\u00f3n : &nbsp;<\/span><\/p>\n<p style=\"margin-bottom:0;text-align:justify\"><span style=\"font-family:\u5b8b\u4f53;font-size:14px\">\u25cf<\/span><span style=\"font-family:Calibri;font-size:14px\">P de Preenfriamiento : Mantener la temperatura de la tolva entre 2-5 <\/span><span style=\"font-family:\u5b8b\u4f53;font-size:14px\">\u2103<\/span><span style=\"font-family:Calibri;font-size:14px\">para mantener fresco el material de la tolva durante los modos autom\u00e1tico y de espera. La baja temperatura puede prevenir frombacteria. &nbsp;&nbsp;&nbsp;&nbsp;&nbsp;&nbsp;&nbsp;&nbsp;&nbsp;&nbsp;&nbsp;&nbsp;&nbsp;&nbsp;&nbsp;&nbsp;&nbsp;&nbsp;&nbsp;&nbsp;&nbsp;&nbsp;&nbsp;&nbsp;&nbsp;&nbsp;&nbsp;&nbsp;&nbsp;&nbsp;&nbsp;&nbsp;&nbsp;&nbsp;&nbsp;&nbsp;&nbsp;&nbsp;&nbsp;&nbsp;&nbsp;&nbsp;&nbsp;&nbsp;&nbsp;&nbsp;&nbsp;&nbsp;&nbsp;&nbsp;&nbsp;&nbsp;&nbsp;&nbsp;&nbsp;&nbsp;&nbsp;&nbsp;&nbsp;&nbsp;&nbsp;&nbsp;&nbsp;&nbsp;&nbsp;&nbsp;&nbsp;&nbsp;&nbsp;&nbsp;&nbsp;&nbsp;&nbsp;&nbsp;&nbsp;&nbsp;&nbsp;&nbsp;&nbsp;&nbsp;&nbsp;&nbsp;&nbsp;&nbsp;&nbsp;&nbsp;&nbsp;&nbsp;&nbsp;&nbsp;&nbsp;&nbsp;&nbsp;&nbsp;&nbsp;&nbsp;&nbsp;&nbsp;&nbsp;&nbsp;&nbsp;&nbsp;&nbsp;&nbsp;&nbsp;&nbsp;&nbsp;&nbsp;&nbsp;&nbsp;&nbsp;&nbsp;&nbsp;&nbsp;&nbsp;&nbsp;&nbsp;&nbsp;&nbsp;&nbsp;&nbsp;&nbsp;&nbsp;&nbsp;&nbsp;&nbsp;&nbsp;&nbsp;<\/span><\/p>\n<p style=\"margin-bottom:0;text-align:justify\"><span style=\"font-family:Calibri;font-size:14px\">&nbsp;<\/span><span style=\"font-family:\u5b8b\u4f53;font-size:14px\">\u25cf<\/span><span style=\"font-family:Calibri;font-size:14px\">M de Mezclador: Mezcla uniforme. Mezclador de alta velocidad en hooper mantiene el material que fluye en la tolva en caso de helado. El helado ser\u00e1 m\u00e1s suave despu\u00e9s de mezclar completamente con aire. &nbsp;&nbsp;&nbsp;&nbsp;&nbsp;&nbsp;&nbsp;&nbsp;&nbsp;&nbsp;<\/span><\/p>\n<p style=\"margin-bottom:0;text-align:justify\"><span style=\"font-family:\u5b8b\u4f53;font-size:14px\">\u25cf<\/span><span style=\"font-family:Calibri;font-size:14px\">C de Contador: Permite al operador ver el n\u00famero de raciones dispensadas.<\/span><\/p>\n<p style=\"margin-bottom:0;text-align:justify\"><span style=\"font-family:\u5b8b\u4f53;font-size:14px\">\u25cf<\/span><span style=\"font-family:Calibri;font-size:14px\">P de Preenfriamiento : Mantener la temperatura de la tolva entre 2-5 <\/span><span style=\"font-family:\u5b8b\u4f53;font-size:14px\">\u2103<\/span><span style=\"font-family:Calibri;font-size:14px\">para mantener fresco el material de la tolva durante los modos autom\u00e1tico y de espera. La baja temperatura puede prevenir frombacteria. &nbsp;&nbsp;&nbsp;&nbsp;&nbsp;&nbsp;&nbsp;&nbsp;&nbsp;&nbsp;&nbsp;&nbsp;&nbsp;&nbsp;&nbsp;&nbsp;&nbsp;&nbsp;&nbsp;&nbsp;&nbsp;&nbsp;&nbsp;&nbsp;&nbsp;&nbsp;&nbsp;&nbsp;&nbsp;&nbsp;&nbsp;&nbsp;&nbsp;&nbsp;&nbsp;&nbsp;&nbsp;&nbsp;&nbsp;&nbsp;&nbsp;&nbsp;&nbsp;&nbsp;&nbsp;&nbsp;&nbsp;&nbsp;&nbsp;&nbsp;&nbsp;&nbsp;&nbsp;&nbsp;&nbsp;&nbsp;&nbsp;&nbsp;&nbsp;&nbsp;&nbsp;&nbsp;&nbsp;&nbsp;&nbsp;&nbsp;&nbsp;&nbsp;&nbsp;&nbsp;&nbsp;&nbsp;&nbsp;&nbsp;&nbsp;&nbsp;&nbsp;&nbsp;&nbsp;&nbsp;&nbsp;&nbsp;&nbsp;&nbsp;&nbsp;&nbsp;&nbsp;&nbsp;&nbsp;&nbsp;&nbsp;&nbsp;&nbsp;&nbsp;&nbsp;&nbsp;&nbsp;&nbsp;&nbsp;&nbsp;&nbsp;&nbsp;&nbsp;&nbsp;&nbsp;&nbsp;&nbsp;&nbsp;&nbsp;&nbsp;&nbsp;&nbsp;&nbsp;&nbsp;&nbsp;&nbsp;&nbsp;&nbsp;&nbsp;&nbsp;&nbsp;&nbsp;&nbsp;&nbsp;&nbsp;&nbsp;&nbsp;&nbsp;&nbsp;&nbsp;&nbsp;<\/span><\/p>\n<p style=\"margin-bottom:0;text-align:justify\"><span style=\"font-family:Calibri;font-size:14px\">&nbsp;<\/span><span style=\"font-family:\u5b8b\u4f53;font-size:14px\">\u25cf<\/span><span style=\"font-family:Calibri;font-size:14px\">&nbsp;M de Mezclador: Mezcla uniforme. Mezclador de alta velocidad en hooper mantiene el material que fluye en la tolva en caso de helado. El helado ser\u00e1 m\u00e1s suave despu\u00e9s de mezclar completamente con aire. &nbsp;&nbsp;&nbsp;&nbsp;&nbsp;&nbsp;&nbsp;&nbsp;&nbsp;&nbsp;<\/span><\/p>\n<p style=\"margin-bottom:0;text-align:justify\"><span style=\"font-family:\u5b8b\u4f53;font-size:14px\">\u25cf<\/span><span style=\"font-family:Calibri;font-size:14px\">C de Contador: Permite al operador ver el n\u00famero de raciones dispensadas.<\/span><\/p>\n<p style=\"margin-bottom:0\"><span style=\"font-family:\u5b8b\u4f53;font-size:14px\">\u25cf<\/span><span style=\"font-family:\u5b8b\u4f53;font-size:14px\">D para descongelar: Esta funci\u00f3n puede derretir r\u00e1pidamente el helado en el cilindro congelador en l\u00edquido que reduce significativamente los restos de antes de lavar. Adem\u00e1s,&nbsp;<\/span><\/p>\n<p style=\"margin-bottom:0\"><span style=\"font-family:\u5b8b\u4f53;font-size:14px\">Entrar\u00e1 en el modo de producci\u00f3n para reproducir el helado en el cilindro para que sea suave y lisa si la m\u00e1quina no funciona durante mucho tiempo<\/span><\/p>\n<p style=\"margin-bottom:0\"><span style=\"font-family:\u5b8b\u4f53;font-size:14px\">\u25cf<\/span><span style=\"font-family:\u5b8b\u4f53;font-size:14px\">D de desinfecci\u00f3n: Vierta agua en la tolva. Subir\u00e1 a 30\u00ba.<\/span><span style=\"font-family:\u5b8b\u4f53;font-size:14px\">\u2103<\/span><span style=\"font-family:\u5b8b\u4f53;font-size:14px\">&nbsp;para limpiar la m\u00e1quina. No es necesario quitar la garganta para limpiar la m\u00e1quina.<\/span><\/p>\n<p style=\"margin-bottom:0\"><span style=\"font-family:\u5b8b\u4f53;font-size:14px\">\u25cf<\/span><span style=\"font-family:\u5b8b\u4f53;font-size:14px\">Control de la pantalla de bloqueo: Despu\u00e9s de configurar toda la informaci\u00f3n como desee, no se puede cambiar f\u00e1cilmente por otros.<\/span><\/p>\n<p style=\"margin-bottom:0;text-align:justify\"><span style=\"font-family:\u5b8b\u4f53;font-size:14px\">\u25cf<\/span><span style=\"font-family:\u5b8b\u4f53;font-size:14px\">Alarma ac\u00fastica: Cuando el material est\u00e9 por debajo del sensor de nivel, sonar\u00e1 una alarma para avisarle de que est\u00e1 a\u00f1adiendo material.<\/span><\/p>\n<p><span style=\"font-family:\u5b8b\u4f53;font-size:14px\">\u25cf<\/span><span style=\"font-family:\u5b8b\u4f53;font-size:14px\">&nbsp;Batidor de acero inoxidable&nbsp;<\/span><\/p>\n<p><span style=\"font-family:\u5b8b\u4f53;font-size:14px\">\u25cf<\/span><span style=\"font-family:\u5b8b\u4f53;font-size:14px\">&nbsp;Chapa de acero inoxidable para la cubierta exterior.&nbsp; &nbsp; &nbsp; &nbsp; &nbsp; &nbsp; &nbsp; &nbsp; &nbsp; &nbsp; &nbsp; &nbsp; &nbsp; &nbsp; &nbsp; &nbsp; &nbsp; &nbsp; &nbsp; &nbsp; &nbsp; &nbsp; &nbsp; &nbsp; &nbsp; &nbsp; &nbsp; &nbsp; &nbsp; &nbsp; &nbsp; &nbsp; &nbsp; &nbsp; &nbsp; &nbsp; &nbsp; &nbsp; &nbsp; &nbsp; &nbsp; &nbsp; &nbsp; &nbsp; &nbsp; &nbsp; &nbsp; &nbsp; &nbsp; &nbsp; &nbsp; &nbsp; &nbsp; &nbsp; &nbsp;<\/span><\/p>\n<p><span style=\"font-family:\u5b8b\u4f53;font-size:14px\">\u25cf<\/span><span style=\"font-family:\u5b8b\u4f53;font-size:14px\">&nbsp;Material del dep\u00f3sito:13L * 2<\/span><\/p>\n<p><span style=\"font-family:\u5b8b\u4f53;font-size:14px\">\u25cf<\/span><span style=\"font-family:\u5b8b\u4f53;font-size:14px\">&nbsp;Controlador t\u00e1ctil de pantalla&nbsp;<\/span><\/p>\n<p><span style=\"font-family:\u5b8b\u4f53;font-size:14px\">\u25cf<\/span><span style=\"font-family:\u5b8b\u4f53;font-size:14px\">&nbsp;Sensor de protecci\u00f3n de presi\u00f3n&nbsp; &nbsp;&nbsp;<\/span><\/p>\n<p><span style=\"font-family:\u5b8b\u4f53;font-size:14px\">\u25cf<\/span><span style=\"font-family:\u5b8b\u4f53;font-size:14px\">&nbsp;Indicador de nivel de mezcla&nbsp; &nbsp;&nbsp;<\/span><\/p>\n<p><span style=\"font-family:\u5b8b\u4f53;font-size:14px\">\u25cf<\/span><span style=\"font-family:\u5b8b\u4f53;font-size:14px\">&nbsp;Compresor principal fabricado en Francia &nbsp;<\/span><span style=\"font-family:\u5b8b\u4f53;font-size:14px\">\uff08<\/span><span style=\"font-family:\u5b8b\u4f53;font-size:14px\">&nbsp;la m\u00e1quina tiene 3 compresor para separar contrll para cada cyliner )<\/span><\/p>\n<p style=\"margin-bottom:0;text-align:justify\"><span style=\"font-family: Calibri;font-size: 16px\"><br \/><\/span><\/p>\n<p style=\"margin-bottom:0;text-align:justify\"><span style=\"font-family:\u5b8b\u4f53;font-size:16px\"><\/span><\/p>\n<p style=\"margin-bottom:0;text-align:justify\"><\/p>\n<p style=\"margin-bottom:0;text-align:justify\"><\/p>\n<p><span style=\"font-family:\u5b8b\u4f53;font-size:29px\">Ventaja del producto:<\/span><\/p>\n<p><span style=\"font-family:Calibri;font-size:16px\">1.&nbsp;<\/span><span style=\"font-family:Calibri;font-size:16px\">Descongelaci\u00f3n<\/span><span style=\"font-family:\u5b8b\u4f53;font-size:16px\">Cuando la m\u00e1quina est\u00e1 trabajando 2 horas no se venden a cabo helado, cilindro alg\u00fan tiempo ser\u00e1 bloque, que la configuraci\u00f3n del sistema de descongelaci\u00f3n autom\u00e1tica, por lo que la m\u00e1quina puede seguir trabajando y descongelar el hielo en el interior e hizo helado de buena calidad o yogur congelado. <\/span><\/p>\n<p><img loading=\"lazy\" decoding=\"async\" src=\"https:\/\/www.hommy.com\/wp-content\/uploads\/16431775403625.png\" title=\"\" alt=\"producto-Hommy-img\" width=\"350\" height=\"206\" border=\"0\" vspace=\"0\" style=\"width: 350px;height: 206px\"><\/p>\n<p><span style=\"font-family:\u5b8b\u4f53;font-size:16px\">2.<\/span><span style=\"font-family:\u5b8b\u4f53;font-size:16px\">Tubo expandido: rebasamiento ajustable de 20% a 40%, reducir la generaci\u00f3n de cristales de hielo, hecho yogur congelado (helado) sabor suave y aspecto blanco; reducir el uso de materias primas, aumentar los beneficios.<\/span><\/p>\n<p><span style=\"font-family:\u5b8b\u4f53;font-size:16px\"><img loading=\"lazy\" decoding=\"async\" src=\"https:\/\/www.hommy.com\/wp-content\/uploads\/16431775659016.jpg\" title=\"\" alt=\"producto-Hommy-img\" width=\"350\" height=\"1000\" border=\"0\" vspace=\"0\" style=\"width: 350px;height: 1000px\"><\/span><\/p>\n<p><span style=\"font-family:\u5b8b\u4f53;font-size:16px\">3.<\/span><span style=\"font-family:\u5b8b\u4f53;font-size:16px\">Si usted vende a cabo el helado en la noche la configuraci\u00f3n autom\u00e1tica del sistema de pasteurizaci\u00f3n: Puede matar <\/span><span style=\"font-family:Calibri;font-size:16px\">las bacterias <\/span><span style=\"font-family:\u5b8b\u4f53;font-size:16px\">que <\/span><span style=\"font-family:Calibri;font-size:16px\">producir<\/span><span style=\"font-family:\u5b8b\u4f53;font-size:16px\">&nbsp;<\/span><span style=\"font-family:Calibri;font-size:16px\">dentro de la m\u00e1quina<\/span><span style=\"font-family:\u5b8b\u4f53;font-size:16px\">&nbsp;de -5<\/span><span style=\"font-family:\u5b8b\u4f53;font-size:16px\">\u2103<\/span><span style=\"font-family:\u5b8b\u4f53;font-size:16px\">&nbsp;<\/span><span style=\"font-family:Arial;font-size:16px\">\u2192<\/span><span style=\"font-family:\u5b8b\u4f53;font-size:16px\">&nbsp;<\/span><span style=\"font-family:\u5b8b\u4f53;font-size:16px\">65<\/span><span style=\"font-family:\u5b8b\u4f53;font-size:16px\">\u2103<\/span><span style=\"font-family:Arial;font-size:16px\">\u2192<\/span><span style=\"font-family:\u5b8b\u4f53;font-size:16px\">&nbsp;-5<\/span><span style=\"font-family:\u5b8b\u4f53;font-size:16px\">\u2103<\/span><span style=\"font-family:Calibri;font-size:16px\">proceso<\/span><span style=\"font-family:\u5b8b\u4f53;font-size:16px\">&nbsp;( desinfectar el cilindro de carga y la materia prima en el interior , a continuaci\u00f3n, refrigerar al estado de reserva ) . por lo que puede mantener la m\u00e1quina cada 14 d\u00edas una vez . <\/span><\/p>\n<p><img loading=\"lazy\" decoding=\"async\" src=\"https:\/\/www.hommy.com\/wp-content\/uploads\/16431776004768.png\" title=\"\" alt=\"producto-M\u00e1quina expendedora de helados robot-Hommy-img\" width=\"350\" height=\"289\" border=\"0\" vspace=\"0\" style=\"width: 350px;height: 289px\"><\/p>\n<p><span style=\"font-family:\u5b8b\u4f53;font-size:16px\">4.<\/span><span style=\"font-family:\u5b8b\u4f53;font-size:16px\">Dejar incensario tener <\/span><span style=\"font-family:Calibri;font-size:16px\">Segunda etapa, la primera etapa de alarma de nivel de material faltante, la segunda etapa de apagado autom\u00e1tico.<\/span><span style=\"font-family:\u5b8b\u4f53;font-size:16px\">&nbsp;Cuando reciba el primer mensaje, tiene un tiempo para a\u00f1adir material, no es necesario que la m\u00e1quina se detenga para trabajar.<\/span><\/p>\n<p><span style=\"font-family:\u5b8b\u4f53;font-size:16px\"><img loading=\"lazy\" decoding=\"async\" src=\"https:\/\/www.hommy.com\/wp-content\/uploads\/16431776407939.jpg\" title=\"\" alt=\"producto-Hommy-img\" width=\"350\" height=\"1920\" border=\"0\" vspace=\"0\" style=\"width: 350px;height: 1920px\"><\/span><\/p>\n<p><span style=\"font-family:\u5b8b\u4f53;font-size:16px\">5.<\/span><span style=\"font-family:\u5b8b\u4f53;font-size:16px\">La m\u00e1quina en el interior tienen la funci\u00f3n de promoci\u00f3n, la configuraci\u00f3n de lunes a viernes en 10:00 a 12:00 comprar helado con alg\u00fan descuento <\/span><\/p>\n<p><span style=\"font-family:\u5b8b\u4f53;font-size:16px\">Eso puede ayudarle a a\u00f1adir cantidad de sell out . <\/span><\/p>\n<p><img loading=\"lazy\" decoding=\"async\" src=\"https:\/\/www.hommy.com\/wp-content\/uploads\/16431776807330.png\" title=\"\" alt=\"producto-Hommy-Robot m\u00e1quina expendedora de helados-img\" width=\"350\" height=\"263\" border=\"0\" vspace=\"0\" style=\"width: 350px;height: 263px\"><\/p>\n<p><span style=\"font-family:\u5b8b\u4f53;font-size:16px\">6.<\/span><span style=\"font-family:\u5b8b\u4f53;font-size:16px\">La m\u00e1quina interior tiene m\u00e1s idiomas para que usted elija: Chino, Ingl\u00e9s, Polonia, Arabia Saudita, Malasia, Tailandia, Espa\u00f1a.<\/span><\/p>\n<p><img loading=\"lazy\" decoding=\"async\" src=\"https:\/\/www.hommy.com\/wp-content\/uploads\/16431777088028.png\" title=\"\" alt=\"producto-Hommy-img-1\" width=\"350\" height=\"421\" border=\"0\" vspace=\"0\" style=\"width: 350px;height: 421px\"><\/p>\n<\/p><\/div>","protected":false},"excerpt":{"rendered":"<p>Ice cream machine robot https:\/\/youtu.be\/Xqo74RBQzXE&nbsp; &nbsp; &nbsp;These machines are widely used for the automation of the ice cream dispensing process. Robotic arm ice cream vending machines are used to dispense the ice cream in a controlled manner, ensuring a uniform distribution of the ice cream. They are ideal for small to medium-sized business that need [&hellip;]<\/p>\n","protected":false},"featured_media":1968,"comment_status":"open","ping_status":"open","template":"","meta":{"_swt_meta_header_display":false,"_swt_meta_footer_display":false,"_swt_meta_site_title_display":false,"_swt_meta_sticky_header":false,"_swt_meta_transparent_header":false},"product_brand":[],"product_cat":[88,68],"product_tag":[],"class_list":{"0":"post-988","1":"product","2":"type-product","3":"status-publish","4":"has-post-thumbnail","6":"product_cat-robot-ice-cream-shop","7":"product_cat-vending-machine","9":"first","10":"instock","11":"shipping-taxable","12":"product-type-simple"},"_links":{"self":[{"href":"https:\/\/www.hommy.com\/es\/wp-json\/wp\/v2\/product\/988","targetHints":{"allow":["GET"]}}],"collection":[{"href":"https:\/\/www.hommy.com\/es\/wp-json\/wp\/v2\/product"}],"about":[{"href":"https:\/\/www.hommy.com\/es\/wp-json\/wp\/v2\/types\/product"}],"replies":[{"embeddable":true,"href":"https:\/\/www.hommy.com\/es\/wp-json\/wp\/v2\/comments?post=988"}],"wp:featuredmedia":[{"embeddable":true,"href":"https:\/\/www.hommy.com\/es\/wp-json\/wp\/v2\/media\/1968"}],"wp:attachment":[{"href":"https:\/\/www.hommy.com\/es\/wp-json\/wp\/v2\/media?parent=988"}],"wp:term":[{"taxonomy":"product_brand","embeddable":true,"href":"https:\/\/www.hommy.com\/es\/wp-json\/wp\/v2\/product_brand?post=988"},{"taxonomy":"product_cat","embeddable":true,"href":"https:\/\/www.hommy.com\/es\/wp-json\/wp\/v2\/product_cat?post=988"},{"taxonomy":"product_tag","embeddable":true,"href":"https:\/\/www.hommy.com\/es\/wp-json\/wp\/v2\/product_tag?post=988"}],"curies":[{"name":"wp","href":"https:\/\/api.w.org\/{rel}","templated":true}]}}