{"id":980,"date":"2024-07-02T17:29:32","date_gmt":"2024-07-02T17:29:32","guid":{"rendered":"http:\/\/localhost\/hommywp\/bdpop-b-4-heads-mould-baking-ice-cream-cone-machinery-price-list\/"},"modified":"2025-08-01T09:57:48","modified_gmt":"2025-08-01T09:57:48","slug":"bdpop-b-maquina-para-hacer-conos-de-helado","status":"publish","type":"product","link":"https:\/\/www.hommy.com\/es\/p\/bdpop-b-maquina-para-hacer-conos-de-helado\/","title":{"rendered":"Bdpop-B 4 cabezas de molde de hornear helado Cono Maquinaria Lista de precios"},"content":{"rendered":"<div>\n<p><\/p>\n<h2 style=\"text-align: center\"><strong><span style=\"font-family: arial, helvetica, sans-serif;font-size: 24px\"><span style=\"font-family: arial, helvetica, sans-serif\"><a name=\"Ice Cream Cone Maker\"><\/a>I<\/span><span style=\"font-family: arial, helvetica, sans-serif;letter-spacing: 0px\">fabricante de conos de helado<\/span><\/span><\/strong><\/h2>\n<p style=\"text-align: center\"><a href=\"#Ice Cream Cone Maker\" target=\"_self\" data-lv=\"0\" rel=\"noopener\"><span style=\"font-size: 16px\">Creador de conos de helado<\/span><\/a><span style=\"font-size: 16px\">|<a href=\"#Ice Cream Cone Machine\" target=\"_self\" data-lv=\"0\" rel=\"noopener\">M\u00e1quina de conos de helado<\/a>|<a href=\"#Product specification\" target=\"_self\" data-lv=\"0\" rel=\"noopener\">Especificaci\u00f3n del producto<\/a>|<a href=\"#Product making\" target=\"_self\" data-lv=\"0\" rel=\"noopener\">Fabricaci\u00f3n de productos<\/a><\/span><\/p>\n<p><\/p>\n<p><\/p>\n<p style=\"text-align: center\">&nbsp;&nbsp;&nbsp;&nbsp;<\/p>\n<p>Nuestro principal objetivo es ofrecer la mejor calidad de molde de cono de helado a nuestros valiosos clientes. Nuestra f\u00e1brica est\u00e1 bien equipada con la \u00faltima tecnolog\u00eda y maquinaria para la fabricaci\u00f3n de molde de cono de helado de una manera rentable. La m\u00e1quina ofrecida se fabrica utilizando materias primas de alta calidad y t\u00e9cnicas modernas bajo la direcci\u00f3n de profesionales experimentados. Esta m\u00e1quina est\u00e1 disponible en diferentes tama\u00f1os y dise\u00f1os seg\u00fan los requisitos de nuestros clientes.<\/p>\n<p><\/p>\n<p>La m\u00e1quina ofrecida se fabrica utilizando material de calidad y t\u00e9cnicas modernas seg\u00fan las normas de calidad internacionales.<\/p>\n<p><\/p>\n<div class=\"d-tem01-graphic tem01-graphic mockup\" data-detail=\"wrap\">\n<div class=\"cont-section clearfix d-clearfix\">\n<div class=\"col-md-6 col-sm-6 col-xs-6\"><\/p>\n<div class=\"graphic_pic animated wow bounceIn\" data-wow-delay=\".7s\">\n<p style=\"text-align:center\"><img loading=\"lazy\" decoding=\"async\" src=\"https:\/\/www.hommy.com\/wp-content\/uploads\/16034196664709.png\" alt=\"producto-BDPOP-B m\u00e1quina para hacer conos de helado-Hommy-img\" title=\"\" width=\"500\" height=\"450\" border=\"0\" vspace=\"0\" style=\"width: 500px;height: 450px\"><\/p>\n<\/div>\n<\/div>\n<div class=\"col-md-6 col-sm-6 col-xs-6\">\n<div class=\"right-p\">\n<div class=\"h2 heading\">\n<p><span style=\"font-family: arial, helvetica, sans-serif;font-size: 24px\"><strong><a name=\"Ice Cream Cone Machine\"><\/a>Hielo <\/strong><strong>M\u00e1quina de conos de nata<\/strong><\/span><\/p>\n<p><span style=\"font-family: arial, helvetica, sans-serif;font-size: 24px\"><strong><br \/><\/strong><\/span><\/p>\n<p style=\"margin-left:32px\"><span style=\"font-family: Calibri;font-size: 16px\">- M\u00e1quina semiautom\u00e1tica se utilizan para hornear conos de helado, cono de az\u00facar y tazas.<\/span><\/p>\n<p style=\"margin-left:32px\"><span style=\"font-family: Calibri;font-size: 16px\">- Una unidad de troquelado puede hornear y producir un solo tipo de cono\/taza .<\/span><\/p>\n<p><span style=\"font-family: arial, helvetica, sans-serif;font-size: 16px\"><span style=\"font-family: Calibri;font-size: 16px\">&nbsp;Esta m\u00e1quina de f\u00e1cil operaci\u00f3n, puede ser f\u00e1cilmente <\/span><span style=\"font-family: \u5b8b\u4f53;font-size: 16px\">a <\/span><span style=\"font-family: Calibri;font-size: 16px\">operados por cualquier operario no cualificado mediante la realizaci\u00f3n de unas pocas tareas sencillas .<\/span><\/span><\/p>\n<p style=\"margin-left:32px\"><span style=\"font-family: Calibri;font-size: 16px\">- Podemos basarnos en la forma c\u00f3nica, el logotipo y el tama\u00f1o del cliente para fabricarlo.<\/span><\/p>\n<p style=\"margin-left:32px\"><span style=\"font-family: Calibri;font-size: 16px\">- Puede pedir una m\u00e1quina con un molde de forma diferente, los moldes superior e inferior son intercambiables. En dos o tres horas puede cambiar todo el conjunto de moldes y empezar a producir con otro tipo de cono.<\/span><\/p>\n<p style=\"margin-left:32px\"><span style=\"font-family: Calibri;font-size: 16px\">- La calefacci\u00f3n se realiza mediante calefactores el\u00e9ctricos dise\u00f1ados para optimizar el uso de la energ\u00eda y la distribuci\u00f3n t\u00e9rmica.<\/span><\/p>\n<p style=\"margin-left:32px\"><span style=\"font-family: Calibri;font-size: 16px\">- Molde c\u00f3nico inofensivo duradero conforme a la norma de saneamiento fabricado en aluminio .<\/span><\/p>\n<p style=\"margin-left:32px\"><span style=\"font-family: arial, helvetica, sans-serif;font-size: 16px\"><span style=\"font-family: Calibri;font-size: 16px\">- base en la forma del cono para ajustar la temperatura y ajustar el tiempo para controlar el cono<\/span><span style=\"font-family: \u5b8b\u4f53;font-size: 16px\">&nbsp;<\/span><span style=\"font-family: Calibri;font-size: 16px\">forma y dureza .<\/span><\/span><\/p>\n<\/div>\n<\/div>\n<p>&nbsp; &nbsp; &nbsp; &nbsp; &nbsp; &nbsp;<\/p><\/div>\n<\/div>\n<\/div>\n<p><span style=\"font-family: arial, helvetica, sans-serif;font-size: 24px\"><strong><span style=\"font-family: arial, helvetica, sans-serif;letter-spacing: 0px\"><a name=\"Product specification\"><\/a>Especificaci\u00f3n del producto<\/span><\/strong><\/span><\/p>\n<p><span style=\"font-family: arial, helvetica, sans-serif;font-size: 24px\"><strong><span style=\"font-family: arial, helvetica, sans-serif;letter-spacing: 0px\"><br \/><\/span><\/strong><\/span><\/p>\n<p><span style=\"font-family: arial, helvetica, sans-serif;font-size: 24px\"><strong><span style=\"font-family: arial, helvetica, sans-serif;letter-spacing: 0px\"><img loading=\"lazy\" decoding=\"async\" src=\"https:\/\/www.hommy.com\/wp-content\/uploads\/16034194719148.png\" title=\"\" alt=\"producto-Hommy-img\" width=\"1000\" height=\"494\" border=\"0\" vspace=\"0\" style=\"width: 1000px;height: 494px\"><\/span><\/strong><\/span><\/p>\n<p><span style=\"font-family: arial, helvetica, sans-serif;font-size: 24px\"><strong><span style=\"font-family: arial, helvetica, sans-serif;letter-spacing: 0px\"><br \/><\/span><\/strong><\/span><\/p>\n<p><span style=\"font-family: arial, helvetica, sans-serif;font-size: 24px\"><strong><span style=\"font-family: arial, helvetica, sans-serif;letter-spacing: 0px\"><\/span><\/strong><\/span><\/p>\n<p style=\"margin-top:0;margin-right:0;margin-bottom:0;margin-left:0;text-indent:0;text-align:justify\"><span style=\"font-family: arial, helvetica, sans-serif;font-size: 24px\"><strong><span style=\"font-family: arial, helvetica, sans-serif;letter-spacing: 0px\"><a name=\"Product making\"><\/a>Fabricaci\u00f3n de productos<\/span><\/strong><\/span><\/p>\n<p style=\"margin-top:0;margin-right:0;margin-bottom:0;margin-left:0;text-indent:0;text-align:justify\"><span style=\"font-family: arial, helvetica, sans-serif;font-size: 24px\"><strong><span style=\"font-family: arial, helvetica, sans-serif;letter-spacing: 0px\"><br \/><\/span><\/strong><\/span><\/p>\n<p style=\"text-indent: 0;padding: 0;line-height: 30px\"><span style=\"font-family: arial, helvetica, sans-serif;font-size: 16px\"><strong><span style=\"font-family: Arial;letter-spacing: 0px\">Adem\u00e1s, los ingenieros m\u00e1s cualificados, los tecn\u00f3logos m\u00e1s h\u00e1biles y el personal con m\u00e1s conocimientos contribuyen en gran medida al desarrollo de la empresa.<\/span><\/strong><\/span><\/p>\n<p style=\"margin-top:0;margin-right:0;margin-bottom:0;margin-left:0;line-height:28px\"><span style=\"font-family: arial, helvetica, sans-serif;font-size: 16px\"><strong><span style=\"font-family: Arial;letter-spacing: 0px;font-size: 14px\">Breve introducci\u00f3n sobre el funcionamiento del Cone Maker<\/span><\/strong><\/span><\/p>\n<p style=\"margin-top:0;margin-right:0;margin-bottom:0;margin-left:0;line-height:28px\"><span style=\"font-family: arial, helvetica, sans-serif;font-size: 16px\"><strong><span style=\"font-family: Arial;letter-spacing: 0px;font-size: 14px\"><br \/><\/span><\/strong><\/span><\/p>\n<p style=\"margin-top:0;margin-right:0;margin-bottom:0;margin-left:0\"><span style=\"letter-spacing: 0px;font-family: arial, helvetica, sans-serif;font-size: 16px\">1.Connent el poder y el envase en la parte posterior af la m\u00e1quina. A continuaci\u00f3n, abra el molde y lubrique los moldes c\u00f3nicos con aceite vegetal.<\/span><\/p>\n<p style=\"margin-top:0;margin-right:0;margin-bottom:0;margin-left:0\"><span style=\"font-family: arial, helvetica, sans-serif;font-size: 16px\">&nbsp;<\/span><\/p>\n<p style=\"margin-top:0;margin-right:0;margin-bottom:0;margin-left:0\"><span style=\"letter-spacing: 0px;font-family: arial, helvetica, sans-serif;font-size: 16px\">2.Cierre los moldes y deje que la m\u00e1quina se precaliente durante 15-20 minutos.<\/span><\/p>\n<p style=\"margin-top:0;margin-right:0;margin-bottom:0;margin-left:0\"><span style=\"font-family: arial, helvetica, sans-serif;font-size: 16px\">&nbsp;<\/span><\/p>\n<p style=\"margin-top:0;margin-right:0;margin-bottom:0;margin-left:0\"><span style=\"letter-spacing: 0px;font-family: arial, helvetica, sans-serif;font-size: 16px\">3.Abrir el molde superior<\/span><\/p>\n<p style=\"margin-top:0;margin-right:0;margin-bottom:0;margin-left:0\"><span style=\"font-family: arial, helvetica, sans-serif;font-size: 16px\">&nbsp;<\/span><\/p>\n<p style=\"margin-top:0;margin-right:0;margin-bottom:0;margin-left:0\"><span style=\"letter-spacing: 0px;font-family: arial, helvetica, sans-serif;font-size: 16px\">4.Rellena los moldes con la mezcla y vi\u00e9rtelos en el molde inferior<\/span><\/p>\n<p style=\"margin-top:0;margin-right:0;margin-bottom:0;margin-left:0\"><span style=\"font-family: arial, helvetica, sans-serif;font-size: 16px\">&nbsp;<\/span><\/p>\n<p style=\"margin-top:0;margin-right:0;margin-bottom:0;margin-left:0\"><span style=\"letter-spacing: 0px;font-family: arial, helvetica, sans-serif;font-size: 16px\">5.Cierre el molde superior y deje que la m\u00e1quina se hornee durante unos dos minutos.<\/span><\/p>\n<p style=\"margin-top:0;margin-right:0;margin-bottom:0;margin-left:0\"><span style=\"font-family: arial, helvetica, sans-serif;font-size: 16px\">&nbsp;<\/span><\/p>\n<p style=\"margin-top:0;margin-right:0;margin-bottom:0;margin-left:0\"><span style=\"letter-spacing: 0px;font-family: arial, helvetica, sans-serif;font-size: 16px\">6.Dos minutos despu\u00e9s, sonar\u00e1 el zumbador y se encender\u00e1 la luz de aviso para indicarle que los conos est\u00e1n listos. Abra el molde superior y el inferior.<\/span><\/p>\n<p style=\"margin-top:0;margin-right:0;margin-bottom:0;margin-left:0\"><span style=\"font-family: arial, helvetica, sans-serif;font-size: 16px\">&nbsp;<\/span><\/p>\n<p style=\"margin-top:0;margin-right:0;margin-bottom:0;margin-left:0\"><span style=\"letter-spacing: 0px;font-family: arial, helvetica, sans-serif;font-size: 16px\">7.Los conos caer\u00e1n a la v\u00eda de deslizamiento y se deslizar\u00e1n dentro del contenedor.<\/span><\/p>\n<p style=\"margin-top:0;margin-right:0;margin-bottom:0;margin-left:0\"><span style=\"letter-spacing: 0px;font-family: arial, helvetica, sans-serif;font-size: 16px\"><br \/><\/span><\/p>\n<p style=\"margin-top:0;margin-right:0;margin-bottom:0;margin-left:0\"><span style=\"letter-spacing: 0px;font-family: arial, helvetica, sans-serif;font-size: 16px\"><br \/><\/span><\/p>\n<p><span style=\"letter-spacing: 0px;font-family: arial, helvetica, sans-serif;font-size: 16px\">Documento\uff1a<\/span><img decoding=\"async\" src=\"https:\/\/www.hommy.com\/wp-content\/uploads\/icon_pdf-76.gif\" style=\"margin-right: 2px\" alt=\"producto-Hommy-img\" title=\"\"><a href=\"https:\/\/img80002414.weyesimg.com\/uploads\/www.hommy.com\/addon\/16034196021442.pdf\" title=\"16034196021442.pdf\" style=\"font-size: 12px\">16034196021442.pdf<\/a><\/p>\n<p><span style=\"letter-spacing: 0px;font-family: arial, helvetica, sans-serif;font-size: 16px\"><\/span><\/p>\n<h2>\u00bfPor qu\u00e9 no debe comer helado?<\/h2>\n<p style=\"margin-top: 5px;margin-bottom: 5px\"><\/p>\n<p style=\"margin-top: 5px;margin-bottom: 5px\">Para empezar, el helado es muy cal\u00f3rico. Una bola de helado tiene casi 700 calor\u00edas y una pinta unas 1.000 calor\u00edas. Est\u00e1 lleno de az\u00facar, sal y grasa. Tambi\u00e9n tiene una larga lista de ingredientes de los que probablemente nunca hayas o\u00eddo hablar.<\/p>\n<p style=\"margin-top: 5px;margin-bottom: 5px\"><\/p>\n<p style=\"margin-top: 5px;margin-bottom: 5px\">Pero la raz\u00f3n principal por la que no debes comer helado es que est\u00e1 lleno de aditivos que pueden ser muy perjudiciales para la salud.<\/p>\n<p style=\"margin-top: 5px;margin-bottom: 5px\"><\/p>\n<p style=\"margin-top: 5px;margin-bottom: 5px\">La verdad es que los helados que compramos en las tiendas suelen llevar ingredientes poco saludables.<\/p>\n<p style=\"margin-top: 5px;margin-bottom: 5px\"><\/p>\n<p style=\"margin-top: 5px;margin-bottom: 5px\"><\/p>\n<h2>\u00bfCu\u00e1nto dinero se necesita para montar una f\u00e1brica de helados?<\/h2>\n<p style=\"margin-top: 5px;margin-bottom: 5px\"><\/p>\n<p style=\"margin-top: 5px;margin-bottom: 5px\">Sabemos que el coste de creaci\u00f3n de una f\u00e1brica depende de muchos factores, como la naturaleza del producto que se desea producir, la naturaleza de las instalaciones de fabricaci\u00f3n, el tama\u00f1o de la f\u00e1brica y el n\u00famero de empleados que se necesitan. El precio de montar una f\u00e1brica de helados depende del n\u00famero de empleados y del volumen de producci\u00f3n. El coste de una f\u00e1brica peque\u00f1a suele rondar $1 mill\u00f3n, mientras que una f\u00e1brica grande probablemente cueste $10 millones o m\u00e1s.<\/p>\n<p style=\"margin-top: 5px;margin-bottom: 5px\"><\/p>\n<p style=\"margin-top: 5px;margin-bottom: 5px\">\u00bfEs el helado enrollado m\u00e1s sano que el helado normal? En una palabra: s\u00ed. El helado se elabora con leche o nata, o una combinaci\u00f3n de ambas, y luego se congela. El ingrediente principal del helado es la leche o la nata, no el az\u00facar, por lo que a\u00f1adir los az\u00facares naturales de la fruta o el sirope tendr\u00e1 un efecto insignificante sobre el contenido cal\u00f3rico. Sin embargo, el az\u00facar es la raz\u00f3n principal por la que el helado es tan delicioso.<\/p>\n<\/div><\/div>","protected":false},"excerpt":{"rendered":"<p>Ice Cream Cone Maker Ice Cream Cone Maker|Ice Cream Cone Machine|Product specification|Product making &nbsp;&nbsp;&nbsp;&nbsp; Our main objective is to offer best quality of ice cream cone mould to our valuable customers. Our factory is well equipped with latest technology and machinery to manufacture ice cream cone mould in a cost effective manner. The offered machine [&hellip;]<\/p>\n","protected":false},"featured_media":977,"comment_status":"open","ping_status":"open","template":"","meta":{"_swt_meta_header_display":false,"_swt_meta_footer_display":false,"_swt_meta_site_title_display":false,"_swt_meta_sticky_header":false,"_swt_meta_transparent_header":false},"product_brand":[],"product_cat":[87],"product_tag":[],"class_list":{"0":"post-980","1":"product","2":"type-product","3":"status-publish","4":"has-post-thumbnail","6":"product_cat-ice-cream-cone-machine","8":"first","9":"instock","10":"shipping-taxable","11":"product-type-simple"},"_links":{"self":[{"href":"https:\/\/www.hommy.com\/es\/wp-json\/wp\/v2\/product\/980","targetHints":{"allow":["GET"]}}],"collection":[{"href":"https:\/\/www.hommy.com\/es\/wp-json\/wp\/v2\/product"}],"about":[{"href":"https:\/\/www.hommy.com\/es\/wp-json\/wp\/v2\/types\/product"}],"replies":[{"embeddable":true,"href":"https:\/\/www.hommy.com\/es\/wp-json\/wp\/v2\/comments?post=980"}],"wp:featuredmedia":[{"embeddable":true,"href":"https:\/\/www.hommy.com\/es\/wp-json\/wp\/v2\/media\/977"}],"wp:attachment":[{"href":"https:\/\/www.hommy.com\/es\/wp-json\/wp\/v2\/media?parent=980"}],"wp:term":[{"taxonomy":"product_brand","embeddable":true,"href":"https:\/\/www.hommy.com\/es\/wp-json\/wp\/v2\/product_brand?post=980"},{"taxonomy":"product_cat","embeddable":true,"href":"https:\/\/www.hommy.com\/es\/wp-json\/wp\/v2\/product_cat?post=980"},{"taxonomy":"product_tag","embeddable":true,"href":"https:\/\/www.hommy.com\/es\/wp-json\/wp\/v2\/product_tag?post=980"}],"curies":[{"name":"wp","href":"https:\/\/api.w.org\/{rel}","templated":true}]}}