{"id":976,"date":"2024-07-02T17:29:28","date_gmt":"2024-07-02T17:29:28","guid":{"rendered":"http:\/\/localhost\/hommywp\/bdpop-c-10-heads-commercial-ice-cream-sugar-cone-maker\/"},"modified":"2025-08-01T09:57:48","modified_gmt":"2025-08-01T09:57:48","slug":"bdpop-c-maquina-para-hacer-conos-de-helado","status":"publish","type":"product","link":"https:\/\/www.hommy.com\/es\/p\/bdpop-c-maquina-para-hacer-conos-de-helado\/","title":{"rendered":"Bdpop-C 10 Cabezas Heladora Comercial de Conos de Az\u00facar"},"content":{"rendered":"<div>\n<p><\/p>\n<p><\/p>\n<p style=\"text-align: center\"><strong><span style=\"font-family: arial, helvetica, sans-serif;font-size: 24px\"><span style=\"font-family: arial, helvetica, sans-serif\"><a name=\"Ice Cream Cone Maker\"><\/a>I<\/span><span style=\"font-family: arial, helvetica, sans-serif;letter-spacing: 0px\">fabricante de conos de helado<\/span><\/span><\/strong><\/p>\n<p style=\"text-align: center\"><a href=\"#Ice Cream Cone Maker\" target=\"_self\" data-lv=\"0\" rel=\"noopener\"><span style=\"font-family: arial, helvetica, sans-serif;font-size: 16px\">Creador de conos de helado<\/span><\/a><span style=\"font-family: arial, helvetica, sans-serif;font-size: 16px\">|<a href=\"#Ice Cream Cone Machine\" target=\"_self\" data-lv=\"0\" rel=\"noopener\">M\u00e1quina de conos de helado<\/a>|<a href=\"#Product specification\" target=\"_self\" data-lv=\"0\" rel=\"noopener\">Especificaci\u00f3n del producto<\/a>|<a href=\"#Product making\" target=\"_self\" data-lv=\"0\" rel=\"noopener\">Fabricaci\u00f3n de productos<\/a><\/span><\/p>\n<p><\/p>\n<p style=\"text-align: center\">&nbsp;&nbsp;&nbsp;&nbsp;<\/p>\n<p>Si est\u00e1 buscando una m\u00e1quina para hacer conos de helado, ha llegado al lugar adecuado. Nuestra selecci\u00f3n de fabricantes de conos es insuperable, y estamos seguros de que tenemos el modelo adecuado para sus necesidades.<\/p>\n<p>Sabemos que elegir bien <a style=\"color:blue\" href=\"https:\/\/www.hommy.com\/es\/maquina-de-cucuruchos-de-helado\/\">m\u00e1quina para hacer conos de helado<\/a> puede ser una tarea desalentadora, pero estamos aqu\u00ed para ayudarle. Nuestro experto personal est\u00e1 siempre disponible para responder a cualquier pregunta que pueda tener, y nos aseguraremos de que encuentre la conificadora perfecta para su negocio.<\/p>\n<p>\u00bfA qu\u00e9 est\u00e1 esperando? Venga a nuestra tienda y compruebe usted mismo por qu\u00e9 somos el mejor lugar para comprar una m\u00e1quina para hacer conos de helado. Le garantizamos que no quedar\u00e1 decepcionado.<\/p>\n<p><\/p>\n<div class=\"d-tem01-graphic tem01-graphic mockup\" data-detail=\"wrap\">\n<div class=\"cont-section clearfix d-clearfix\">\n<div class=\"col-md-6 col-sm-6 col-xs-6\">\n<div class=\"right-p\">\n<div class=\"h2 heading\"><img decoding=\"async\" src=\"https:\/\/www.hommy.com\/wp-content\/uploads\/16034204435477.jpg\" alt=\"producto-BDPOP-C m\u00e1quina para hacer cucuruchos de helado-Hommy-img\" style=\"font-size: 14px\" title=\"\"><span style=\"font-size: 14px\">&nbsp; &nbsp; &nbsp; &nbsp; &nbsp; &nbsp; &nbsp;<\/span><\/div>\n<\/div>\n<\/div>\n<div class=\"col-md-6 col-sm-6 col-xs-6\">\n<div class=\"right-p\">\n<div class=\"h2 heading\">\n<p><span style=\"font-family: arial, helvetica, sans-serif;font-size: 24px\"><strong><span style=\"font-family: arial, helvetica, sans-serif\"><a name=\"Ice Cream Cone Machine\"><\/a><\/span><\/strong><\/span><\/p>\n<p><span style=\"font-family: arial, helvetica, sans-serif;font-size: 24px\"><strong><span style=\"font-family: arial, helvetica, sans-serif\"><br \/><\/span><\/strong><\/span><\/p>\n<p><span style=\"font-family: arial, helvetica, sans-serif;font-size: 24px\"><strong><span style=\"font-family: arial, helvetica, sans-serif\">M\u00e1quina de conos de helado<\/span><\/strong><\/span><\/p>\n<p><strong><span style=\"font-family: Calibri;font-size: 19px\"><br \/><\/span><\/strong><\/p>\n<p style=\"margin-left:32px\"><span style=\"font-family:Calibri;font-size:16px\">- M\u00e1quina semiautom\u00e1tica se utilizan para hornear conos de helado, cono de az\u00facar y tazas.<\/span><\/p>\n<p style=\"margin-left:32px\"><span style=\"font-family:Calibri;font-size:16px\">- Una unidad de troquelado puede hornear y producir un solo tipo de cono\/taza .<\/span><\/p>\n<p><span style=\"font-family:Calibri;font-size:16px\">&nbsp;Esta m\u00e1quina de f\u00e1cil operaci\u00f3n, puede ser f\u00e1cilmente <\/span><span style=\"font-family:\u5b8b\u4f53;font-size:16px\">a <\/span><span style=\"font-family:Calibri;font-size:16px\">operados por cualquier operario no cualificado mediante la realizaci\u00f3n de unas pocas tareas sencillas .<\/span><\/p>\n<p style=\"margin-left:32px\"><span style=\"font-family:Calibri;font-size:16px\">- Podemos basarnos en la forma c\u00f3nica, el logotipo y el tama\u00f1o del cliente para fabricarlo.<\/span><\/p>\n<p style=\"margin-left:32px\"><span style=\"font-family:Calibri;font-size:16px\">- Puede pedir una m\u00e1quina con un molde de forma diferente, los moldes superior e inferior son intercambiables. En dos o tres horas puede cambiar todo el conjunto de moldes y empezar a producir con otro tipo de cono.<\/span><\/p>\n<p style=\"margin-left:32px\"><span style=\"font-family:Calibri;font-size:16px\">- La calefacci\u00f3n se realiza mediante calefactores el\u00e9ctricos dise\u00f1ados para optimizar el uso de la energ\u00eda y la distribuci\u00f3n t\u00e9rmica.<\/span><\/p>\n<p style=\"margin-left:32px\"><span style=\"font-family:Calibri;font-size:16px\">- Molde c\u00f3nico inofensivo duradero conforme a la norma de saneamiento fabricado en aluminio .<\/span><\/p>\n<p style=\"margin-left:32px\"><span style=\"font-family:Calibri;font-size:16px\">- base en la forma del cono para ajustar la temperatura y ajustar el tiempo para controlar el cono<\/span><span style=\"font-size: 16px\"><span style=\"font-family:\u5b8b\u4f53\">&nbsp;<\/span><\/span><span style=\"font-family:Calibri;font-size:16px\">forma y dureza .<\/span><\/p>\n<\/div>\n<\/div>\n<p>&nbsp; &nbsp; &nbsp; &nbsp; &nbsp; &nbsp;<\/p><\/div>\n<\/div>\n<\/div>\n<h2><strong><span style=\"letter-spacing: 0px;font-family: arial, helvetica, sans-serif;font-size: 24px\"><a name=\"Product specification\"><\/a>Especificaci\u00f3n del producto<\/span><\/strong><\/h2>\n<p><strong><span style=\"letter-spacing: 0px;font-family: arial, helvetica, sans-serif;font-size: 24px\"><img loading=\"lazy\" decoding=\"async\" src=\"https:\/\/www.hommy.com\/wp-content\/uploads\/16034204943236.png\" title=\"\" alt=\"producto-Hommy-img\" width=\"1000\" height=\"69\" border=\"0\" vspace=\"0\" style=\"width: 1000px;height: 69px\"><\/span><\/strong><\/p>\n<p><strong><span style=\"letter-spacing: 0px;font-family: arial, helvetica, sans-serif;font-size: 24px\"><br \/><\/span><\/strong><\/p>\n<p><\/p>\n<p style=\"margin-top:0;margin-right:0;margin-bottom:0;margin-left:0;text-indent:0;text-align:justify\"><span style=\"font-size: 24px\"><strong><span style=\"letter-spacing: 0px;font-family: arial, helvetica, sans-serif\"><a name=\"Product making\"><\/a>Fabricaci\u00f3n de productos<\/span><\/strong><\/span><\/p>\n<p style=\"margin-top:0;margin-right:0;margin-bottom:0;margin-left:0;text-indent:0;text-align:justify\"><strong><span style=\"letter-spacing: 0px;font-family: arial, helvetica, sans-serif;font-size: 16px\"><br \/><\/span><\/strong><\/p>\n<p style=\"text-indent: 0;padding: 0;line-height: 30px\"><strong><span style=\"letter-spacing: 0px;font-family: arial, helvetica, sans-serif;font-size: 16px\">Adem\u00e1s, los ingenieros m\u00e1s cualificados, los tecn\u00f3logos m\u00e1s h\u00e1biles y el personal con m\u00e1s conocimientos contribuyen en gran medida al desarrollo de la empresa.<\/span><\/strong><\/p>\n<p style=\"margin-top:0;margin-right:0;margin-bottom:0;margin-left:0;line-height:28px\"><strong><span style=\"letter-spacing: 0px;font-family: arial, helvetica, sans-serif;font-size: 16px\">Breve introducci\u00f3n sobre el funcionamiento del Cone Maker<\/span><\/strong><\/p>\n<p style=\"margin-top:0;margin-right:0;margin-bottom:0;margin-left:0;line-height:28px\"><span style=\"letter-spacing: 0px;font-family: arial, helvetica, sans-serif;font-size: 16px\"><br \/><\/span><\/p>\n<p style=\"margin-top:0;margin-right:0;margin-bottom:0;margin-left:0\"><span style=\"letter-spacing: 0px;font-family: arial, helvetica, sans-serif;font-size: 16px\">1.Connent el poder y el envase en la parte posterior af la m\u00e1quina. A continuaci\u00f3n, abra el molde y lubrique los moldes c\u00f3nicos con aceite vegetal.<\/span><\/p>\n<p style=\"margin-top:0;margin-right:0;margin-bottom:0;margin-left:0\"><span style=\"font-family: arial, helvetica, sans-serif;font-size: 16px\">&nbsp;<\/span><\/p>\n<p style=\"margin-top:0;margin-right:0;margin-bottom:0;margin-left:0\"><span style=\"letter-spacing: 0px;font-family: arial, helvetica, sans-serif;font-size: 16px\">2.Cierre los moldes y deje que la m\u00e1quina se precaliente durante 15-20 minutos.<\/span><\/p>\n<p style=\"margin-top:0;margin-right:0;margin-bottom:0;margin-left:0\"><span style=\"font-family: arial, helvetica, sans-serif;font-size: 16px\">&nbsp;<\/span><\/p>\n<p style=\"margin-top:0;margin-right:0;margin-bottom:0;margin-left:0\"><span style=\"letter-spacing: 0px;font-family: arial, helvetica, sans-serif;font-size: 16px\">3.Abrir el molde superior<\/span><\/p>\n<p style=\"margin-top:0;margin-right:0;margin-bottom:0;margin-left:0\"><span style=\"font-family: arial, helvetica, sans-serif;font-size: 16px\">&nbsp;<\/span><\/p>\n<p style=\"margin-top:0;margin-right:0;margin-bottom:0;margin-left:0\"><span style=\"letter-spacing: 0px;font-family: arial, helvetica, sans-serif;font-size: 16px\">4.Rellena los moldes con la mezcla y vi\u00e9rtelos en el molde inferior<\/span><\/p>\n<p style=\"margin-top:0;margin-right:0;margin-bottom:0;margin-left:0\"><span style=\"font-family: arial, helvetica, sans-serif;font-size: 16px\">&nbsp;<\/span><\/p>\n<p style=\"margin-top:0;margin-right:0;margin-bottom:0;margin-left:0\"><span style=\"letter-spacing: 0px;font-family: arial, helvetica, sans-serif;font-size: 16px\">5.Cierre el molde superior y deje que la m\u00e1quina se hornee durante unos dos minutos.<\/span><\/p>\n<p style=\"margin-top:0;margin-right:0;margin-bottom:0;margin-left:0\"><span style=\"font-family: arial, helvetica, sans-serif;font-size: 16px\">&nbsp;<\/span><\/p>\n<p style=\"margin-top:0;margin-right:0;margin-bottom:0;margin-left:0\"><span style=\"letter-spacing: 0px;font-family: arial, helvetica, sans-serif;font-size: 16px\">6.Dos minutos despu\u00e9s, sonar\u00e1 el zumbador y se encender\u00e1 la luz de aviso para indicarle que los conos est\u00e1n listos. Abra el molde superior y el inferior.<\/span><\/p>\n<p style=\"margin-top:0;margin-right:0;margin-bottom:0;margin-left:0\"><span style=\"font-family: arial, helvetica, sans-serif;font-size: 16px\">&nbsp;<\/span><\/p>\n<p style=\"margin-top:0;margin-right:0;margin-bottom:0;margin-left:0\"><span style=\"letter-spacing: 0px;font-family: arial, helvetica, sans-serif;font-size: 16px\">7.Los conos caer\u00e1n a la v\u00eda de deslizamiento y se deslizar\u00e1n dentro del contenedor.<\/span><\/p>\n<p><span style=\"font-family: arial, helvetica, sans-serif;font-size: 16px\"><strong><span style=\"letter-spacing: 0px;font-family: arial, helvetica, sans-serif;font-size: 24px\"><br \/><\/span><\/strong>Documento\uff1a<\/span><img decoding=\"async\" src=\"https:\/\/www.hommy.com\/wp-content\/uploads\/icon_pdf-75.gif\" style=\"margin-right: 2px\" alt=\"producto-Hommy-img\" title=\"\"><a href=\"https:\/\/img80002414.weyesimg.com\/uploads\/www.hommy.com\/addon\/16034205911000.pdf\" title=\"16034205911000.pdf\" style=\"font-size: 12px\">16034205911000.pdf<\/a><\/p>\n<p><span style=\"font-family: arial, helvetica, sans-serif;font-size: 16px\"><\/span><\/p>\n<h2>\u00bfSe puede utilizar una gofrera para hacer conos?<\/h2>\n<p style=\"margin-top: 5px;margin-bottom: 5px\">Tengo una gofrera que utilizo para hacer gofres. Es una gofrera decente con dos cavidades y un mango con resorte. No quiero utilizar la gofrera para cocinarlos. Me refiero a utilizarla para mantener la masa en los conos. He pensado en utilizar una gofrera para hacer los conos, pero quiero poder hornearlos en casa.<\/p>\n<p style=\"margin-top: 5px;margin-bottom: 5px\"><\/p>\n<h2>\u00bfA qu\u00e9 huele un cucurucho de helado?<\/h2>\n<p style=\"margin-top: 5px;margin-bottom: 5px\">Depende del tipo de helado que lleve. Los helados de crema, como los soft serve, suelen tener un ligero aroma a vainilla. Pero imagina que pudieras inhalar el olor de un helado de un sabor concreto, por ejemplo, un helado cremoso de vainilla reci\u00e9n hecho.<\/p>\n<p style=\"margin-top: 5px;margin-bottom: 5px\"><\/p>\n<h2>\u00bfC\u00f3mo se mantienen crujientes los cucuruchos de helado?&nbsp;<\/h2>\n<p style=\"margin-top: 5px;margin-bottom: 5px\">Con un peque\u00f1o secreto: bicarbonato de sodio. \u00bfO es un peque\u00f1o secreto? Sin duda es lo primero que se oye cuando se coge el tel\u00e9fono y se llama a una helader\u00eda local, y la pregunta es constante. Se ve por todas partes en Internet. Pero, \u00bfes cierto? \u00bfDe verdad mantiene los cucuruchos de helado crujientes? La respuesta es... s\u00ed. Y no. Mantiene los cucuruchos de helado crujientes. Pero... tiene un efecto secundario. Que es... que no evita que el helado se derrita.<\/p>\n<\/div><\/div>","protected":false},"excerpt":{"rendered":"<p>Ice Cream Cone Maker Ice Cream Cone Maker|Ice Cream Cone Machine|Product specification|Product making &nbsp;&nbsp;&nbsp;&nbsp; If you&#039;re in the market for an ice cream sugar cone maker, you&#039;ve come to the right place. Our selection of cone makers is second to none, and we&#039;re confident that we have the right model for your needs. We know [&hellip;]<\/p>\n","protected":false},"featured_media":973,"comment_status":"open","ping_status":"open","template":"","meta":{"_swt_meta_header_display":false,"_swt_meta_footer_display":false,"_swt_meta_site_title_display":false,"_swt_meta_sticky_header":false,"_swt_meta_transparent_header":false},"product_brand":[],"product_cat":[87],"product_tag":[],"class_list":{"0":"post-976","1":"product","2":"type-product","3":"status-publish","4":"has-post-thumbnail","6":"product_cat-ice-cream-cone-machine","8":"first","9":"instock","10":"shipping-taxable","11":"product-type-simple"},"_links":{"self":[{"href":"https:\/\/www.hommy.com\/es\/wp-json\/wp\/v2\/product\/976","targetHints":{"allow":["GET"]}}],"collection":[{"href":"https:\/\/www.hommy.com\/es\/wp-json\/wp\/v2\/product"}],"about":[{"href":"https:\/\/www.hommy.com\/es\/wp-json\/wp\/v2\/types\/product"}],"replies":[{"embeddable":true,"href":"https:\/\/www.hommy.com\/es\/wp-json\/wp\/v2\/comments?post=976"}],"wp:featuredmedia":[{"embeddable":true,"href":"https:\/\/www.hommy.com\/es\/wp-json\/wp\/v2\/media\/973"}],"wp:attachment":[{"href":"https:\/\/www.hommy.com\/es\/wp-json\/wp\/v2\/media?parent=976"}],"wp:term":[{"taxonomy":"product_brand","embeddable":true,"href":"https:\/\/www.hommy.com\/es\/wp-json\/wp\/v2\/product_brand?post=976"},{"taxonomy":"product_cat","embeddable":true,"href":"https:\/\/www.hommy.com\/es\/wp-json\/wp\/v2\/product_cat?post=976"},{"taxonomy":"product_tag","embeddable":true,"href":"https:\/\/www.hommy.com\/es\/wp-json\/wp\/v2\/product_tag?post=976"}],"curies":[{"name":"wp","href":"https:\/\/api.w.org\/{rel}","templated":true}]}}