{"id":972,"date":"2024-07-02T17:29:24","date_gmt":"2024-07-02T17:29:24","guid":{"rendered":"http:\/\/localhost\/hommywp\/bdpop-a-32-heads-ice-cream-waffle-cone-moulding-machine-cost\/"},"modified":"2025-08-01T09:57:48","modified_gmt":"2025-08-01T09:57:48","slug":"maquina-para-hacer-conos-de-helado-oem-odm","status":"publish","type":"product","link":"https:\/\/www.hommy.com\/es\/p\/maquina-para-hacer-conos-de-helado-oem-odm\/","title":{"rendered":"Bdpop-A 32 Cabezas Helado Waffle Cone Moulding Machine Costo"},"content":{"rendered":"<div>\n<p>&nbsp;<\/p>\n<h2 style=\"text-align: center\"><strong><span style=\"font-family: arial, helvetica, sans-serif;font-size: 24px\"><a name=\"Ice cream cone machine\"><\/a>M\u00e1quina de cucuruchos de helado<\/span><\/strong><\/h2>\n<p style=\"text-align: center\"><a href=\"#Ice cream cone machine\" target=\"_self\" data-lv=\"0\" rel=\"noopener\"><span style=\"font-size: 16px;font-family: arial, helvetica, sans-serif\">M\u00e1quina de cucuruchos de helado<\/span><\/a><span style=\"font-size: 16px;font-family: arial, helvetica, sans-serif\">|<a href=\"#Ice Cream Cone Machine\" target=\"_self\" data-lv=\"0\" rel=\"noopener\">M\u00e1quina de conos de helado<\/a>|<a href=\"#PRODUCT SPECIFICATION\" target=\"_self\" data-lv=\"0\" rel=\"noopener\">ESPECIFICACI\u00d3N DEL PRODUCTO<\/a>|<a href=\"#Product making\" target=\"_self\" data-lv=\"0\" rel=\"noopener\">Fabricaci\u00f3n de productos<\/a><\/span><\/p>\n<p style=\"text-align: center\"><video src=\"https:\/\/img80002414.weyesimg.com\/uploads\/wij2rdgc.allweyes.com\/video\/15554038518346.mp4\" preload=\"none\" controls=\"\" poster=\"https:\/\/img80002414.weyesimg.com\/uploads\/wij2rdgc.allweyes.com\/images\/15554038317994.jpg\" data-setup=\"{}\" width=\"900\" height=\"640\"><\/video><\/p>\n<p>Somos un fabricante l\u00edder de m\u00e1quinas de moldeo de conos de helado. Nuestras m\u00e1quinas semiautom\u00e1ticas se utilizan para moldear conos de helado, conos de az\u00facar y copas. Tenemos una amplia gama de m\u00e1quinas para satisfacer sus necesidades y nuestro equipo de expertos est\u00e1 siempre a su disposici\u00f3n para asesorarle sobre la mejor m\u00e1quina para sus necesidades. Nuestras m\u00e1quinas son f\u00e1ciles de usar y tienen un a\u00f1o de garant\u00eda. Pida su m\u00e1quina hoy mismo y empiece a hacer deliciosos conos de helado.<\/p>\n<p><\/p>\n<div class=\"d-tem11-graphic tem11-graphic mockup\" data-detail=\"wrap\">\n<div class=\"tab_row\">\n<div class=\"img\" style=\"width: 50%\">\n<p style=\"text-align:center\"><img loading=\"lazy\" decoding=\"async\" title=\"\" alt=\"product-BDPOP-Una m\u00e1quina para hacer cucuruchos de helado-Hommy-img\" src=\"https:\/\/www.hommy.com\/wp-content\/uploads\/15795124372418.png\" width=\"350\" height=\"751\" border=\"0\" vspace=\"0\" style=\"width: 350px;height: 751px\"><\/p>\n<\/div>\n<div class=\"text_box\" style=\"width: 50%\">\n<div class=\"txt\">\n<p>&nbsp;<\/p>\n<h2><strong><span style=\"font-family: arial, helvetica, sans-serif;font-size: 24px\"><a name=\"Ice Cream Cone Machine\"><\/a>M\u00e1quina de conos de helado<\/span><\/strong><\/h2>\n<p>&nbsp;<\/p>\n<p style=\"line-height: 2em\">M\u00e1quina semiautom\u00e1tica se utilizan para hornear conos de helado, cono de az\u00facar y tazas.<br \/>Una unidad de troquelado puede hornear y producir s\u00f3lo un tipo de cono\/taza .<br \/>Esta m\u00e1quina de f\u00e1cil operaci\u00f3n, puede ser f\u00e1cilmente operado por cualquier operador no calificado mediante la realizaci\u00f3n de unas tareas sencillas.<br \/>Podemos basarnos en la forma c\u00f3nica, el logotipo y el tama\u00f1o del cliente para fabricarlo.<br \/>Puede pedir una m\u00e1quina con un molde de forma diferente, los moldes superior e inferior son intercambiables. En dos o tres horas puede cambiar todo el conjunto de moldes y empezar a producir con otro tipo de cono.<br \/>La calefacci\u00f3n se realiza mediante calefactores el\u00e9ctricos dise\u00f1ados para optimizar el uso de la energ\u00eda y la distribuci\u00f3n t\u00e9rmica.<br \/>Molde c\u00f3nico inofensivo duradero conforme a la norma de saneamiento fabricado en aluminio .<br \/>Basado en la forma del cono para ajustar la temperatura y ajustar el tiempo para controlar la forma del cono y la dureza.<\/p>\n<p>&nbsp;<\/p>\n<\/div>\n<\/div>\n<\/div>\n<\/div>\n<p>&nbsp;<\/p>\n<div class=\"text-left d-tem09-title d-interval\" data-detail=\"wrap\">\n<div class=\"title-header\">\n<h2><strong><span style=\"font-size: 24px;font-family: arial, helvetica, sans-serif\"><a name=\"PRODUCT SPECIFICATION\"><\/a>ESPECIFICACI\u00d3N DEL PRODUCTO<\/span><\/strong><\/h2>\n<p><img loading=\"lazy\" decoding=\"async\" src=\"https:\/\/www.hommy.com\/wp-content\/uploads\/16034186879364.png\" title=\"\" alt=\"producto-Hommy-img\" width=\"1000\" height=\"494\" border=\"0\" vspace=\"0\" style=\"width: 1000px;height: 494px\"><\/p>\n<\/div>\n<\/div>\n<p><\/p>\n<p style=\"margin-top:0;margin-right:0;margin-bottom:0;margin-left:0;text-indent:0;text-align:justify\"><strong><span style=\"letter-spacing: 0px;font-family: arial, helvetica, sans-serif;font-size: 24px\"><a name=\"Product making\"><\/a>Fabricaci\u00f3n de productos<\/span><\/strong><\/p>\n<p style=\"margin-top:0;margin-right:0;margin-bottom:0;margin-left:0;text-indent:0;text-align:justify\"><strong><span style=\"letter-spacing: 0px;font-family: arial, helvetica, sans-serif;font-size: 24px\"><br \/><\/span><\/strong><\/p>\n<p style=\"text-indent: 0;padding: 0;line-height: 30px\"><strong><span style=\"letter-spacing: 0px;font-family: arial, helvetica, sans-serif;font-size: 16px\">Adem\u00e1s, los ingenieros m\u00e1s cualificados, los tecn\u00f3logos m\u00e1s h\u00e1biles y el personal con m\u00e1s conocimientos contribuyen en gran medida al desarrollo de la empresa.<\/span><\/strong><\/p>\n<p style=\"margin-top:0;margin-right:0;margin-bottom:0;margin-left:0;line-height:28px\"><strong><span style=\"letter-spacing: 0px;font-family: arial, helvetica, sans-serif;font-size: 16px\">Breve introducci\u00f3n sobre el funcionamiento del Cone Maker<\/span><\/strong><\/p>\n<p style=\"margin-top:0;margin-right:0;margin-bottom:0;margin-left:0;line-height:28px\"><span style=\"letter-spacing: 0px;font-family: arial, helvetica, sans-serif;font-size: 16px\"><br \/><\/span><\/p>\n<p style=\"margin-top:0;margin-right:0;margin-bottom:0;margin-left:0\"><span style=\"letter-spacing: 0px;font-family: arial, helvetica, sans-serif;font-size: 16px\">1.Connent el poder y el envase en la parte posterior af la m\u00e1quina. A continuaci\u00f3n, abra el molde y lubrique los moldes c\u00f3nicos con aceite vegetal.<\/span><\/p>\n<p style=\"margin-top:0;margin-right:0;margin-bottom:0;margin-left:0\"><span style=\"font-family: arial, helvetica, sans-serif;font-size: 16px\">&nbsp;<\/span><\/p>\n<p style=\"margin-top:0;margin-right:0;margin-bottom:0;margin-left:0\"><span style=\"letter-spacing: 0px;font-family: arial, helvetica, sans-serif;font-size: 16px\">2.Cierre los moldes y deje que la m\u00e1quina se precaliente durante 15-20 minutos.<\/span><\/p>\n<p style=\"margin-top:0;margin-right:0;margin-bottom:0;margin-left:0\"><span style=\"font-family: arial, helvetica, sans-serif;font-size: 16px\">&nbsp;<\/span><\/p>\n<p style=\"margin-top:0;margin-right:0;margin-bottom:0;margin-left:0\"><span style=\"letter-spacing: 0px;font-family: arial, helvetica, sans-serif;font-size: 16px\">3.Abrir el molde superior<\/span><\/p>\n<p style=\"margin-top:0;margin-right:0;margin-bottom:0;margin-left:0\"><span style=\"font-family: arial, helvetica, sans-serif;font-size: 16px\">&nbsp;<\/span><\/p>\n<p style=\"margin-top:0;margin-right:0;margin-bottom:0;margin-left:0\"><span style=\"letter-spacing: 0px;font-family: arial, helvetica, sans-serif;font-size: 16px\">4.Rellena los moldes con la mezcla y vi\u00e9rtelos en el molde inferior<\/span><\/p>\n<p style=\"margin-top:0;margin-right:0;margin-bottom:0;margin-left:0\"><span style=\"font-family:Calibri;font-size:16px\">&nbsp;<\/span><\/p>\n<p style=\"margin-top:0;margin-right:0;margin-bottom:0;margin-left:0\"><span style=\"font-family: Arial;letter-spacing: 0;font-size: 14px\">5.Cierre el molde superior y deje que la m\u00e1quina se hornee durante unos dos minutos.<\/span><\/p>\n<p style=\"margin-top:0;margin-right:0;margin-bottom:0;margin-left:0\"><span style=\"font-family:Calibri;font-size:16px\">&nbsp;<\/span><\/p>\n<p style=\"margin-top:0;margin-right:0;margin-bottom:0;margin-left:0\"><span style=\"font-family: Arial;letter-spacing: 0;font-size: 14px\">6.Dos minutos despu\u00e9s, sonar\u00e1 el zumbador y se encender\u00e1 la luz de aviso para indicarle que los conos est\u00e1n listos. Abra el molde superior y el inferior.<\/span><\/p>\n<p style=\"margin-top:0;margin-right:0;margin-bottom:0;margin-left:0\"><span style=\"font-family:Calibri;font-size:16px\">&nbsp;<\/span><\/p>\n<p style=\"margin-top:0;margin-right:0;margin-bottom:0;margin-left:0\"><span style=\"font-family: Arial;letter-spacing: 0;font-size: 14px\">7.Los conos caer\u00e1n a la v\u00eda de deslizamiento y se deslizar\u00e1n dentro del contenedor.<\/span><\/p>\n<p style=\"margin-top:0;margin-right:0;margin-bottom:0;margin-left:0\"><span style=\"font-family: Arial;letter-spacing: 0;font-size: 14px\"><br \/><\/span><\/p>\n<p><\/p>\n<p>Documento\uff1a<img decoding=\"async\" src=\"https:\/\/www.hommy.com\/wp-content\/uploads\/icon_pdf-74.gif\" style=\"margin-right: 2px\" alt=\"producto-Hommy-img\" title=\"\"><a href=\"https:\/\/img80002414.weyesimg.com\/uploads\/www.hommy.com\/addon\/16028150818760.pdf\" title=\"16028150818760.pdf\" style=\"font-size: 12px\">16028150818760.pdf<\/a><\/p>\n<h2 style=\"font-family: sans-serif\">\u00bfC\u00f3mo funcionan las m\u00e1quinas expendedoras de comida japonesas?<\/h2>\n<p style=\"margin-top: 5px;margin-bottom: 5px;font-family: sans-serif;font-size: 16px\">Ya sabes c\u00f3mo funcionan las m\u00e1quinas expendedoras, \u00bfverdad? Coges un vale, introduces el dinero y te dan un tentempi\u00e9, una bebida o un caf\u00e9, pero en Jap\u00f3n es un poco diferente. No se obtiene un vale y se utiliza en una m\u00e1quina expendedora. El sistema de puntos de venta forma parte de un sistema conocido como la sociedad sin dinero en efectivo, en la que no es necesario entregar efectivo para pagar. En su lugar, se utiliza el sistema de pago de las m\u00e1quinas expendedoras, supermercados y tiendas de conveniencia para cambiar efectivo por cr\u00e9dito en su tarjeta prepago.<\/p>\n<p style=\"margin-top: 5px;margin-bottom: 5px;font-family: sans-serif;font-size: 16px\"><\/p>\n<h2 style=\"font-family: sans-serif\">\u00bfMerecen la pena las m\u00e1quinas expendedoras de hielo?<\/h2>\n<p style=\"margin-top: 5px;margin-bottom: 5px;font-family: sans-serif;font-size: 16px\">A primera vista, parece que soy la \u00faltima persona a la que se le ocurrir\u00eda pensar en la viabilidad de las m\u00e1quinas expendedoras de hielo. Pero despu\u00e9s de los \u00faltimos tres d\u00edas, me alegrar\u00e9 de haber le\u00eddo este art\u00edculo: C\u00f3mo las m\u00e1quinas expendedoras de hielo son la forma perfecta de enfriar tus bebidas. No me gusta el sabor de los cubitos de hielo, y no bebo de un gran vaso, as\u00ed que no comprar\u00eda uno si no fuera al cine.El art\u00edculo empieza afirmando que las m\u00e1quinas expendedoras de hielo est\u00e1n de moda ahora que llega el verano. \u00bfPor qu\u00e9? Porque hace calor y hay que estar preparado con cosas congeladas. Bueno, \u00a1eso es una estupidez!<\/p>\n<p style=\"margin-top: 5px;margin-bottom: 5px;font-family: sans-serif;font-size: 16px\"><\/p>\n<h2 style=\"font-family: sans-serif\">\u00bfPor qu\u00e9 una m\u00e1quina expendedora me cobra m\u00e1s?<\/h2>\n<p style=\"margin-top: 5px;margin-bottom: 5px;font-family: sans-serif;font-size: 16px\">Por ejemplo, cuando estaba en el instituto, ten\u00eda mi propia bicicleta. Por desgracia, el taller de reparaci\u00f3n de bicicletas del instituto no ten\u00eda un ordenador que funcionara, as\u00ed que llamaban a mi padre, que s\u00ed ten\u00eda, y le dec\u00edan que la llevara. Cuando mi padre llegaba a la escuela, el personal del taller recib\u00eda un mensaje de que yo estaba all\u00ed y llamaban a mi padre para decirle que ya estaba listo. Por desgracia, a veces llamaban a pap\u00e1 al trabajo, lo que, dependiendo de su turno, pod\u00eda suponerle 5 horas de viaje de ida y vuelta. Empez\u00f3 a enfadarse un poco con tantas llamadas y dijo al taller que s\u00f3lo aceptar\u00eda llevarles la moto si le dejaban el tel\u00e9fono libre. El taller accedi\u00f3 y pap\u00e1 recibi\u00f3 llamadas todos los d\u00edas a las 11 de la ma\u00f1ana, a las 12 del mediod\u00eda, a la 1 y as\u00ed sucesivamente, hasta que les dijo que pararan.<\/p>\n<\/div><\/div>","protected":false},"excerpt":{"rendered":"<p>&nbsp; Ice cream cone machine Ice cream cone machine|Ice Cream Cone Machine|PRODUCT SPECIFICATION|Product making We are a leading manufacturer of Ice Cream Cone moulding machines. Our semi-automatic machines are used for baking ice cream cones, sugar cones and cups. We have a wide range of machines to suit your needs and our team of experts [&hellip;]<\/p>\n","protected":false},"featured_media":969,"comment_status":"open","ping_status":"open","template":"","meta":{"_swt_meta_header_display":false,"_swt_meta_footer_display":false,"_swt_meta_site_title_display":false,"_swt_meta_sticky_header":false,"_swt_meta_transparent_header":false},"product_brand":[],"product_cat":[87],"product_tag":[],"class_list":{"0":"post-972","1":"product","2":"type-product","3":"status-publish","4":"has-post-thumbnail","6":"product_cat-ice-cream-cone-machine","8":"first","9":"instock","10":"shipping-taxable","11":"product-type-simple"},"_links":{"self":[{"href":"https:\/\/www.hommy.com\/es\/wp-json\/wp\/v2\/product\/972","targetHints":{"allow":["GET"]}}],"collection":[{"href":"https:\/\/www.hommy.com\/es\/wp-json\/wp\/v2\/product"}],"about":[{"href":"https:\/\/www.hommy.com\/es\/wp-json\/wp\/v2\/types\/product"}],"replies":[{"embeddable":true,"href":"https:\/\/www.hommy.com\/es\/wp-json\/wp\/v2\/comments?post=972"}],"wp:featuredmedia":[{"embeddable":true,"href":"https:\/\/www.hommy.com\/es\/wp-json\/wp\/v2\/media\/969"}],"wp:attachment":[{"href":"https:\/\/www.hommy.com\/es\/wp-json\/wp\/v2\/media?parent=972"}],"wp:term":[{"taxonomy":"product_brand","embeddable":true,"href":"https:\/\/www.hommy.com\/es\/wp-json\/wp\/v2\/product_brand?post=972"},{"taxonomy":"product_cat","embeddable":true,"href":"https:\/\/www.hommy.com\/es\/wp-json\/wp\/v2\/product_cat?post=972"},{"taxonomy":"product_tag","embeddable":true,"href":"https:\/\/www.hommy.com\/es\/wp-json\/wp\/v2\/product_tag?post=972"}],"curies":[{"name":"wp","href":"https:\/\/api.w.org\/{rel}","templated":true}]}}