{"id":968,"date":"2024-07-02T17:29:21","date_gmt":"2024-07-02T17:29:21","guid":{"rendered":"http:\/\/localhost\/hommywp\/bdpop-d-60-heads-automatic-ice-cream-cone-machine-for-sale\/"},"modified":"2025-08-01T09:57:48","modified_gmt":"2025-08-01T09:57:48","slug":"bdpop-d-maquina-automatica-de-conos-de-helado","status":"publish","type":"product","link":"https:\/\/www.hommy.com\/es\/p\/bdpop-d-maquina-automatica-de-conos-de-helado\/","title":{"rendered":"Bdpop-D 60 cabezas de m\u00e1quina autom\u00e1tica de cono de helado para la venta"},"content":{"rendered":"<div>\n<p><\/p>\n<p style=\"text-align: center\"><strong><span style=\"font-family: arial, helvetica, sans-serif;font-size: 24px\"><span style=\"font-family: arial, helvetica, sans-serif\"><a name=\"Automatic Ice Cream Cone Machine\"><\/a>A<\/span><span style=\"font-family: arial, helvetica, sans-serif;letter-spacing: 0px\">M\u00e1quina autom\u00e1tica de conos de helado<\/span><\/span><\/strong><\/p>\n<p style=\"text-align: center\"><a href=\"#Automatic Ice Cream Cone Machine\" target=\"_self\" data-lv=\"0\" rel=\"noopener\"><span style=\"font-family: arial, helvetica, sans-serif;font-size: 16px\">M\u00e1quina autom\u00e1tica de conos de helado<\/span><\/a><span style=\"font-family: arial, helvetica, sans-serif;font-size: 16px\">|<a href=\"#Ice Cream Cone Machine\" target=\"_self\" data-lv=\"0\" rel=\"noopener\">M\u00e1quina de conos de helado<\/a>|<a href=\"#Product specification\" target=\"_self\" data-lv=\"0\" rel=\"noopener\">Especificaci\u00f3n del producto<\/a>|<a href=\"#Product making\" target=\"_self\" data-lv=\"0\" rel=\"noopener\">Fabricaci\u00f3n de productos<\/a><\/span><\/p>\n<p><\/p>\n<p><\/p>\n<p style=\"text-align: center\">&nbsp;&nbsp;&nbsp;&nbsp;<\/p>\n<p>Estas m\u00e1quinas se fabrican con materias primas de primera calidad y la \u00faltima tecnolog\u00eda de acuerdo con las normas de la industria. Debido a la calidad superior y caracter\u00edsticas, nuestra gama ofrecida de m\u00e1quinas de cono de helado es muy demandada en el mercado. Las m\u00e1quinas ofrecidas son controlados por nuestros controladores de calidad en varios par\u00e1metros.<\/p>\n<p><\/p>\n<div class=\"d-tem01-graphic tem01-graphic mockup\" data-detail=\"wrap\">\n<div class=\"cont-section clearfix d-clearfix\">\n<div class=\"col-md-6 col-sm-6 col-xs-6\">\n<div class=\"right-p\">\n<h2><img loading=\"lazy\" decoding=\"async\" src=\"https:\/\/www.hommy.com\/wp-content\/uploads\/16034215628478.jpg\" alt=\"producto-BDPOP-D m\u00e1quina autom\u00e1tica de cucuruchos de helado-Hommy-img\" style=\"font-size: 14px;width: 500px;height: 326px\" title=\"\" width=\"500\" height=\"326\" border=\"0\" vspace=\"0\"><span style=\"font-size: 14px\">&nbsp; &nbsp; &nbsp; <span style=\"font-size: 14px;font-family: arial, helvetica, sans-serif\"><strong><span style=\"font-size: 24px\"><a name=\"        Ice Cream Cone Machine\"><\/a>&nbsp; &nbsp; &nbsp; &nbsp;<\/span><\/strong><\/span><\/span><\/h2>\n<\/div>\n<\/div>\n<div class=\"col-md-6 col-sm-6 col-xs-6\">\n<div class=\"right-p\">\n<div class=\"h2 heading\">\n<h2><span style=\"font-family: arial, helvetica, sans-serif;font-size: 24px\"><strong><span style=\"font-family: arial, helvetica, sans-serif\"><a name=\"Ice Cream Cone Machine\"><\/a>M\u00e1quina de conos de helado<\/span><\/strong><strong><span style=\"font-family: arial, helvetica, sans-serif\"><\/span><\/strong><\/span><\/h2>\n<p><strong><span style=\"font-family: Calibri;font-size: 19px\"><br \/><\/span><\/strong><\/p>\n<p style=\"margin-left:32px\"><span style=\"font-family:Calibri;font-size:16px\">- M\u00e1quina semiautom\u00e1tica se utilizan para hornear conos de helado, cono de az\u00facar y tazas.<\/span><\/p>\n<p style=\"margin-left:32px\"><span style=\"font-family:Calibri;font-size:16px\">- Una unidad de troquelado puede hornear y producir un solo tipo de cono\/taza .<\/span><\/p>\n<p><span style=\"font-family:Calibri;font-size:16px\">&nbsp;Esta m\u00e1quina de f\u00e1cil operaci\u00f3n, puede ser f\u00e1cilmente <\/span><span style=\"font-family:\u5b8b\u4f53;font-size:16px\">a <\/span><span style=\"font-family:Calibri;font-size:16px\">operados por cualquier operario no cualificado mediante la realizaci\u00f3n de unas pocas tareas sencillas .<\/span><\/p>\n<p style=\"margin-left:32px\"><span style=\"font-family:Calibri;font-size:16px\">- Podemos basarnos en la forma c\u00f3nica, el logotipo y el tama\u00f1o del cliente para fabricarlo.<\/span><\/p>\n<p style=\"margin-left:32px\"><span style=\"font-family:Calibri;font-size:16px\">- Puede pedir una m\u00e1quina con un molde de forma diferente, los moldes superior e inferior son intercambiables. En dos o tres horas puede cambiar todo el conjunto de moldes y empezar a producir con otro tipo de cono.<\/span><\/p>\n<p style=\"margin-left:32px\"><span style=\"font-family:Calibri;font-size:16px\">- La calefacci\u00f3n se realiza mediante calefactores el\u00e9ctricos dise\u00f1ados para optimizar el uso de la energ\u00eda y la distribuci\u00f3n t\u00e9rmica.<\/span><\/p>\n<p style=\"margin-left:32px\"><span style=\"font-family:Calibri;font-size:16px\">- Molde c\u00f3nico inofensivo duradero conforme a la norma de saneamiento fabricado en aluminio .<\/span><\/p>\n<p style=\"margin-left:32px\"><span style=\"font-family:Calibri;font-size:16px\">- base en la forma del cono para ajustar la temperatura y ajustar el tiempo para controlar el cono<\/span><span style=\"font-family:\u5b8b\u4f53;font-size:16px\">&nbsp;<\/span><span style=\"font-family:Calibri;font-size:16px\">forma y dureza .<\/span><\/p>\n<p><span><\/span><\/div>\n<\/div>\n<\/div>\n<\/div>\n<\/div>\n<p><strong><span style=\"letter-spacing: 0px;font-family: arial, helvetica, sans-serif;font-size: 24px\"><a name=\"Product specification\"><\/a>Especificaci\u00f3n del producto<\/span><\/strong><\/p>\n<p><strong><span style=\"letter-spacing: 0px;font-family: arial, helvetica, sans-serif;font-size: 24px\"><img loading=\"lazy\" decoding=\"async\" src=\"https:\/\/www.hommy.com\/wp-content\/uploads\/16034212553308.png\" title=\"\" alt=\"producto-Hommy-img\" width=\"1000\" height=\"494\" border=\"0\" vspace=\"0\" style=\"width: 1000px;height: 494px\"><\/span><\/strong><\/p>\n<p><strong><span style=\"letter-spacing: 0px;font-family: arial, helvetica, sans-serif;font-size: 24px\"><br \/><\/span><\/strong><\/p>\n<p><\/p>\n<p style=\"margin-top:0;margin-right:0;margin-bottom:0;margin-left:0;text-indent:0;text-align:justify\"><span style=\"font-size: 24px\"><strong><span style=\"letter-spacing: 0px;font-family: arial, helvetica, sans-serif\"><a name=\"Product making\"><\/a>Fabricaci\u00f3n de productos<\/span><\/strong><\/span><\/p>\n<p style=\"margin-top:0;margin-right:0;margin-bottom:0;margin-left:0;text-indent:0;text-align:justify\"><span style=\"letter-spacing: 0px;font-family: arial, helvetica, sans-serif;font-size: 16px\"><br \/><\/span><\/p>\n<p style=\"text-indent: 0;padding: 0;line-height: 30px\"><span style=\"letter-spacing: 0px;font-family: arial, helvetica, sans-serif;font-size: 16px\">Adem\u00e1s, los ingenieros m\u00e1s cualificados, los tecn\u00f3logos m\u00e1s h\u00e1biles y el personal con m\u00e1s conocimientos contribuyen en gran medida al desarrollo de la empresa.<\/span><\/p>\n<p style=\"margin-top:0;margin-right:0;margin-bottom:0;margin-left:0;line-height:28px\"><span style=\"letter-spacing: 0px;font-family: arial, helvetica, sans-serif;font-size: 16px\">Breve introducci\u00f3n sobre el funcionamiento del Cone Maker<\/span><\/p>\n<p style=\"margin-top:0;margin-right:0;margin-bottom:0;margin-left:0;line-height:28px\"><span style=\"letter-spacing: 0px;font-family: arial, helvetica, sans-serif;font-size: 16px\"><br \/><\/span><\/p>\n<p style=\"margin-top:0;margin-right:0;margin-bottom:0;margin-left:0\"><span style=\"letter-spacing: 0px;font-family: arial, helvetica, sans-serif;font-size: 16px\">1.Connent el poder y el envase en la parte posterior af la m\u00e1quina. A continuaci\u00f3n, abra el molde y lubrique los moldes c\u00f3nicos con aceite vegetal.<\/span><\/p>\n<p style=\"margin-top:0;margin-right:0;margin-bottom:0;margin-left:0\"><span style=\"font-family: arial, helvetica, sans-serif;font-size: 16px\">&nbsp;<\/span><\/p>\n<p style=\"margin-top:0;margin-right:0;margin-bottom:0;margin-left:0\"><span style=\"letter-spacing: 0px;font-family: arial, helvetica, sans-serif;font-size: 16px\">2.Cierre los moldes y deje que la m\u00e1quina se precaliente durante 15-20 minutos.<\/span><\/p>\n<p style=\"margin-top:0;margin-right:0;margin-bottom:0;margin-left:0\"><span style=\"font-family: arial, helvetica, sans-serif;font-size: 16px\">&nbsp;<\/span><\/p>\n<p style=\"margin-top:0;margin-right:0;margin-bottom:0;margin-left:0\"><span style=\"letter-spacing: 0px;font-family: arial, helvetica, sans-serif;font-size: 16px\">3.Abrir el molde superior<\/span><\/p>\n<p style=\"margin-top:0;margin-right:0;margin-bottom:0;margin-left:0\"><span style=\"font-family: arial, helvetica, sans-serif;font-size: 16px\">&nbsp;<\/span><\/p>\n<p style=\"margin-top:0;margin-right:0;margin-bottom:0;margin-left:0\"><span style=\"letter-spacing: 0px;font-family: arial, helvetica, sans-serif;font-size: 16px\">4.Rellena los moldes con la mezcla y vi\u00e9rtelos en el molde inferior<\/span><\/p>\n<p style=\"margin-top:0;margin-right:0;margin-bottom:0;margin-left:0\"><span style=\"font-family: arial, helvetica, sans-serif;font-size: 16px\">&nbsp;<\/span><\/p>\n<p style=\"margin-top:0;margin-right:0;margin-bottom:0;margin-left:0\"><span style=\"letter-spacing: 0px;font-family: arial, helvetica, sans-serif;font-size: 16px\">5.Cierre el molde superior y deje que la m\u00e1quina se hornee durante unos dos minutos.<\/span><\/p>\n<p style=\"margin-top:0;margin-right:0;margin-bottom:0;margin-left:0\"><span style=\"font-family: arial, helvetica, sans-serif;font-size: 16px\">&nbsp;<\/span><\/p>\n<p style=\"margin-top:0;margin-right:0;margin-bottom:0;margin-left:0\"><span style=\"letter-spacing: 0px;font-family: arial, helvetica, sans-serif;font-size: 16px\">6.Dos minutos despu\u00e9s, sonar\u00e1 el zumbador y se encender\u00e1 la luz de aviso para indicarle que los conos est\u00e1n listos. Abra el molde superior y el inferior.<\/span><\/p>\n<p style=\"margin-top:0;margin-right:0;margin-bottom:0;margin-left:0\"><span style=\"font-family: arial, helvetica, sans-serif;font-size: 16px\">&nbsp;<\/span><\/p>\n<p style=\"margin-top:0;margin-right:0;margin-bottom:0;margin-left:0\"><span style=\"letter-spacing: 0px;font-family: arial, helvetica, sans-serif;font-size: 16px\">7.Los conos caer\u00e1n a la v\u00eda de deslizamiento y se deslizar\u00e1n dentro del contenedor.<\/span><\/p>\n<p><span style=\"font-family: arial, helvetica, sans-serif;font-size: 16px\"><strong><span style=\"letter-spacing: 0px;font-family: arial, helvetica, sans-serif;font-size: 24px\"><br \/><\/span><\/strong>Documento:<\/span><img decoding=\"async\" src=\"https:\/\/www.hommy.com\/wp-content\/uploads\/icon_pdf-73.gif\" style=\"margin-right: 2px\" alt=\"producto-Hommy-img\" title=\"\"><a href=\"https:\/\/img80002414.weyesimg.com\/uploads\/www.hommy.com\/addon\/16034215175307.pdf\" title=\"16034215175307.pdf\" style=\"font-size: 12px\">16034215175307.pdf<\/a><\/p>\n<p><span style=\"font-family: arial, helvetica, sans-serif;font-size: 16px\"><\/span><\/p>\n<h2>\u00bfC\u00f3mo se mantiene blando el helado despu\u00e9s de congelarlo?<\/h2>\n<p style=\"margin-top: 5px;margin-bottom: 5px\"><\/p>\n<p style=\"margin-top: 5px;margin-bottom: 5px\">Hoy he hecho helado (ver mi otro post sobre helados), y despu\u00e9s de congelarlo, lo he vuelto a meter en el congelador para que se mantuviera blando. No ha funcionado. El helado se ha puesto duro. \u00bfC\u00f3mo se mantiene blando el helado despu\u00e9s de congelarlo?<\/p>\n<p style=\"margin-top: 5px;margin-bottom: 5px\"><\/p>\n<p style=\"margin-top: 5px;margin-bottom: 5px\">Yo met\u00ed el m\u00edo en el congelador durante una hora m\u00e1s o menos, luego en la nevera durante 3 horas m\u00e1s o menos, y despu\u00e9s en el congelador de nuevo durante 3-4 horas. Me di cuenta de que si lo pongo en el congelador durante demasiado tiempo, el helado se vuelve un poco granulada.<\/p>\n<p style=\"margin-top: 5px;margin-bottom: 5px\"><\/p>\n<h2>\u00bfC\u00f3mo se espesa el helado en <a style=\"color:blue\" href=\"\/es\/\">heladora<\/a>?<\/h2>\n<p style=\"margin-top: 5px;margin-bottom: 5px\"><\/p>\n<p style=\"margin-top: 5px;margin-bottom: 5px\">\u00a1Hola a todos! Este fin de semana voy a hacer helado por primera vez. Tengo algunas preguntas sobre la congelaci\u00f3n del helado. He estado usando esta receta: http:\/\/www.thekitchn.com\/a-simple-homemade-vanilla-ice-cream-recipe-151473.<\/p>\n<p style=\"margin-top: 5px;margin-bottom: 5px\"><\/p>\n<p style=\"margin-top: 5px;margin-bottom: 5px\">1) \u00bfNecesito a\u00f1adir algo m\u00e1s a la heladora? S\u00f3lo estoy usando una heladora que tengo.<\/p>\n<p style=\"margin-top: 5px;margin-bottom: 5px\"><\/p>\n<p style=\"margin-top: 5px;margin-bottom: 5px\">2) \u00bfDebo a\u00f1adir algo m\u00e1s a la mezcla de helado una vez hecha? Tengo un lote muy grande (8 tazas) de helado de vainilla<\/p>\n<p style=\"margin-top: 5px;margin-bottom: 5px\"><\/p>\n<h2>\u00bfNecesita sal gema para la heladora?<\/h2>\n<p style=\"margin-top: 5px;margin-bottom: 5px\"><\/p>\n<p style=\"margin-top: 5px;margin-bottom: 5px\">Esta es una continuaci\u00f3n de mi post anterior sobre c\u00f3mo hice con \u00e9xito helado con mi heladora. He recibido algunas preguntas sobre la sal que utilic\u00e9 en mi heladora. Voy a explicar el proceso un poco m\u00e1s para ayudar a entenderlo un poco mejor.<\/p>\n<\/div><\/div>","protected":false},"excerpt":{"rendered":"<p>Automatic Ice Cream Cone Machine Automatic Ice Cream Cone Machine|Ice Cream Cone Machine|Product specification|Product making &nbsp;&nbsp;&nbsp;&nbsp; These machines are manufactured using premium quality raw materials and latest technology in accordance with the industry norms. Owing to the superior quality and features, our offered range of Ice Cream Cone Machines is highly demanded in the market. [&hellip;]<\/p>\n","protected":false},"featured_media":965,"comment_status":"open","ping_status":"open","template":"","meta":{"_swt_meta_header_display":false,"_swt_meta_footer_display":false,"_swt_meta_site_title_display":false,"_swt_meta_sticky_header":false,"_swt_meta_transparent_header":false},"product_brand":[],"product_cat":[87],"product_tag":[],"class_list":{"0":"post-968","1":"product","2":"type-product","3":"status-publish","4":"has-post-thumbnail","6":"product_cat-ice-cream-cone-machine","8":"first","9":"instock","10":"shipping-taxable","11":"product-type-simple"},"_links":{"self":[{"href":"https:\/\/www.hommy.com\/es\/wp-json\/wp\/v2\/product\/968","targetHints":{"allow":["GET"]}}],"collection":[{"href":"https:\/\/www.hommy.com\/es\/wp-json\/wp\/v2\/product"}],"about":[{"href":"https:\/\/www.hommy.com\/es\/wp-json\/wp\/v2\/types\/product"}],"replies":[{"embeddable":true,"href":"https:\/\/www.hommy.com\/es\/wp-json\/wp\/v2\/comments?post=968"}],"wp:featuredmedia":[{"embeddable":true,"href":"https:\/\/www.hommy.com\/es\/wp-json\/wp\/v2\/media\/965"}],"wp:attachment":[{"href":"https:\/\/www.hommy.com\/es\/wp-json\/wp\/v2\/media?parent=968"}],"wp:term":[{"taxonomy":"product_brand","embeddable":true,"href":"https:\/\/www.hommy.com\/es\/wp-json\/wp\/v2\/product_brand?post=968"},{"taxonomy":"product_cat","embeddable":true,"href":"https:\/\/www.hommy.com\/es\/wp-json\/wp\/v2\/product_cat?post=968"},{"taxonomy":"product_tag","embeddable":true,"href":"https:\/\/www.hommy.com\/es\/wp-json\/wp\/v2\/product_tag?post=968"}],"curies":[{"name":"wp","href":"https:\/\/api.w.org\/{rel}","templated":true}]}}