{"id":964,"date":"2024-07-02T17:25:13","date_gmt":"2024-07-02T17:25:13","guid":{"rendered":"http:\/\/localhost\/hommywp\/hm22-smoothie-blender-ice-cream-mixer-machine-gelato-milkshake\/"},"modified":"2025-08-01T09:57:48","modified_gmt":"2025-08-01T09:57:48","slug":"venta-al-por-mayor-batidora-de-helados-batidora-de-helados","status":"publish","type":"product","link":"https:\/\/www.hommy.com\/es\/p\/venta-al-por-mayor-batidora-de-helados-batidora-de-helados\/","title":{"rendered":"Hm22 Licuadora, Batidora de Helados, Batido de Gelato"},"content":{"rendered":"<div>\n<h2 style=\"text-align: center;\"><strong><span style=\"font-size: 24px; font-family: arial, helvetica, sans-serif;\">Batidora<\/span><\/strong><\/h2>\n<p style=\"text-align: center;\"><a href=\"#Smoothie Maker\" target=\"_self\" rel=\"noopener\" data-lv=\"0\">Batidora<\/a>|<a href=\"#Product specification\" target=\"_self\" rel=\"noopener\" data-lv=\"0\">Especificaci\u00f3n del producto<\/a>|<a href=\"#Product Features\" target=\"_self\" rel=\"noopener\" data-lv=\"0\">Caracter\u00edsticas del producto<\/a>|<a href=\"#Product Advantage\" target=\"_self\" rel=\"noopener\" data-lv=\"0\">Ventajas del producto<\/a><\/p>\n<p>&nbsp;<\/p>\n<p>Disponemos de una documentaci\u00f3n completa de este fabricante para garantizar que nuestros clientes reciben lo mejor de nuestros fabricantes.<\/p>\n<p>&nbsp;<\/p>\n<p>Le ofrecemos esta batidora capaz de preparar los batidos m\u00e1s espesos y sabrosos. Es ideal para su uso en cafeter\u00edas, hoteles, restaurantes, catering u otros lugares donde sirvan bebidas batidas. Tambi\u00e9n son muy \u00fatiles para los amantes de los batidos, que siempre necesitan batidos para hidratar su cuerpo.<\/p>\n<p>Las batidoras profesionales de nueva generaci\u00f3n son muy diferentes de las antiguas. As\u00ed, la licuadora para batidos tiene muchas funciones nuevas y es m\u00e1s razonable para diferentes necesidades.<\/p>\n<p>&nbsp;<\/p>\n<h2>&nbsp;<\/h2>\n<p>&nbsp;<\/p>\n<div class=\"text-left d-tem09-title d-interval\" data-detail=\"wrap\">\n<div class=\"title-header\">\n<div class=\"title\">\n<h2><span style=\"letter-spacing: 0px; font-size: 24px; font-family: arial, helvetica, sans-serif;\"><a name=\"Product specification\"><\/a>Especificaci\u00f3n del producto<\/span><\/h2>\n<p>&nbsp;<\/p>\n<\/div>\n<div class=\"subtitle\">\n<p style=\"text-indent: 0; padding: 0; line-height: 30px;\">&nbsp;<\/p>\n<figure><img decoding=\"async\" src=\"https:\/\/www.hommy.com\/wp-content\/uploads\/16013494393409.png\" alt=\"producto-HM22 batidora-Hommy-img\" title=\"\"><\/figure><p style=\"text-align: center;\"><span style=\"letter-spacing: 0px; font-family: arial, helvetica, sans-serif; font-size: 16px;\"><\/span><\/p>\n<p style=\"text-indent: 0;\"><span style=\"font-family: Arial; letter-spacing: 0; font-size: 14px;\">&nbsp;<\/span><\/p>\n<p>&nbsp;<\/p>\n<\/div>\n<\/div>\n<\/div>\n<p>&nbsp;<\/p>\n<div class=\"d-tem11-graphic tem11-graphic mockup\" data-detail=\"wrap\">\n<div class=\"tab_row\">\n<div class=\"img\" style=\"width: 50%;\">\n<figure><img loading=\"lazy\" decoding=\"async\" style=\"width: 350px; height: 533px;\" title=\"\" src=\"https:\/\/www.hommy.com\/wp-content\/uploads\/16013494779858.jpg\" alt=\"producto-Hommy-img\" width=\"350\" height=\"533\" border=\"0\" vspace=\"0\"><\/figure><p style=\"text-align: center;\"><\/p>\n<\/div>\n<div class=\"text_box\" style=\"width: 50%;\">\n<div class=\"txt\">\n<div class=\"title\">\n<h2><strong style=\"font-size: 24px; text-align: justify;\"><span style=\"letter-spacing: 0px; font-family: arial, helvetica, sans-serif;\"><a name=\"Product Features\"><\/a>Caracter\u00edsticas del producto:<\/span><\/strong><\/h2>\n<p><span style=\"font-family: Tahoma; font-size: 16px;\">Oferta de productos: Ideal para preparar las mezclas deseadas a partir de diversos ingredientes.<\/span><\/p>\n<p style=\"text-indent: 0; text-align: justify; margin: 0;\"><span style=\"font-family: Calibri; letter-spacing: 0; font-size: 16px;\">\"F\u00e1cil de usar. <\/span><\/p>\n<p style=\"text-indent: 0; text-align: justify; margin: 0;\"><span style=\"font-family: Calibri; letter-spacing: 0; font-size: 16px;\">F\u00e1cil de limpiar. <\/span><\/p>\n<p style=\"text-indent: 0; text-align: justify; margin: 0;\"><span style=\"font-family: Calibri; letter-spacing: 0; font-size: 16px;\">*Seguro para el usuario.<\/span><\/p>\n<p style=\"text-indent: 0; text-align: justify; margin: 0;\"><span style=\"font-family: Calibri; letter-spacing: 0; font-size: 16px;\">Agitador permanente:<\/span><\/p>\n<p style=\"text-indent: 0; text-align: justify; margin: 0;\"><span style=\"font-family: Calibri; letter-spacing: 0; font-size: 16px;\">Mezclar los ingredientes como caramelos duros, galletas en yogur helado, helado blando o helado duro con agitador permanente para hacer las mezclas deseadas.<\/span><\/p>\n<p style=\"text-indent: 0; text-align: justify; margin: 0;\"><span style=\"font-family: Calibri; letter-spacing: 0; font-size: 16px;\">Agitadores:<\/span><\/p>\n<p style=\"text-indent: 0; text-align: justify; margin: 0;\"><span style=\"font-family: Calibri; letter-spacing: 0; font-size: 16px;\">Dispone de tres cuchillas separadas para diferentes ingredientes. <\/span><\/p>\n<p style=\"text-indent: 0; text-align: justify; margin: 0;\"><span style=\"font-family: Calibri; letter-spacing: 0; font-size: 16px;\">*Especial para batidos.<\/span><\/p>\n<p style=\"text-indent: 0; text-align: justify; margin: 0;\"><span style=\"font-family: Calibri; letter-spacing: 0; font-size: 16px;\">*Especial para helados duros.<\/span><\/p>\n<p style=\"text-indent: 0; text-align: justify; margin: 0;\"><span style=\"font-family: Calibri; letter-spacing: 0; font-size: 16px;\">*Especial para crema softice.<\/span><\/p>\n<\/div>\n<\/div>\n<\/div>\n<\/div>\n<\/div>\n<p>&nbsp;<\/p>\n<div class=\"text-left d-tem09-title d-interval\" data-detail=\"wrap\">\n<div class=\"title-header\">\n<div class=\"title\">\n<h2><span style=\"font-family: arial, helvetica, sans-serif; font-size: 24px;\"><a name=\"Product Advantage\"><\/a><a name=\"Product Advantage\"><\/a>Ventajas del producto<\/span><\/h2>\n<p>&nbsp;<\/p>\n<\/div>\n<\/div>\n<\/div>\n<div class=\"d-tem01-graphic tem01-graphic mockup\" data-detail=\"wrap\">\n<div class=\"cont-section clearfix d-clearfix\">\n<div class=\"col-md-6 col-sm-6 col-xs-6\">\n<div class=\"right-p\">\n<div class=\"h2 heading\">\n<p><span style=\"letter-spacing: 0px; font-size: 16px; font-family: arial, helvetica, sans-serif;\">Utilice una m\u00e1quina puede hacer m\u00e1s productos, s\u00f3lo cambiar la licuadora y elegir diferentes materiales que pueden hacer batido y smoothie.&nbsp;<\/span><\/p>\n<p><span style=\"font-family: \u5b8b\u4f53; letter-spacing: 0; font-size: 16px;\">&nbsp;<\/span><\/p>\n<p>&nbsp;<\/p>\n<p>&nbsp;<\/p>\n<p>&nbsp;<\/p>\n<p><span style=\"font-family: \u5b8b\u4f53; letter-spacing: 0; font-size: 16px;\">&nbsp;<\/span><\/p>\n<\/div>\n<\/div>\n<div class=\"graphic_pic animated wow bounceIn\" data-wow-delay=\".7s\">\n<figure><img loading=\"lazy\" decoding=\"async\" style=\"width: 500px; height: 264px;\" title=\"\" src=\"https:\/\/www.hommy.com\/wp-content\/uploads\/16013496037383.png\" alt=\"producto-Hommy-img\" width=\"500\" height=\"264\" border=\"0\" vspace=\"0\"><\/figure><p style=\"text-align: center;\"><\/p>\n<\/div>\n<\/div>\n<div class=\"col-md-6 col-sm-6 col-xs-6\">\n<div class=\"right-p\">\n<div class=\"h2 heading\">\n<p><span style=\"font-family: arial, helvetica, sans-serif;\"><span style=\"letter-spacing: 0px; font-size: 16px;\">HM22 con <a style=\"color: blue;\" href=\"\/es\/\">m\u00e1quina de helados<\/a> Mezclar para hacer batido o smoothie. <\/span><span style=\"letter-spacing: 0px; font-size: 16px;\">Los ingredientes principales del batido son frutas y verduras (frescas, congeladas, zumo de fruta), con una peque\u00f1a cantidad de sirope o yogur con leche, e incluso mantequilla de cacahuete con sabor a chocolate. Los ingredientes principales del batido son la leche, el yogur o el helado (todos ellos productos l\u00e1cteos), y tambi\u00e9n los nutrientes aromatizantes, como el sirope y el zumo de fruta. El batido es principalmente hidratos de carbono (az\u00facar, fibra alimentaria), y el batido se compone principalmente de grasas y prote\u00ednas procedentes de los productos l\u00e1cteos.<\/span><\/span><\/p>\n<p><span style=\"font-family: Calibri; letter-spacing: 0; font-size: 16px;\">&nbsp;<\/span><\/p>\n<\/div>\n<\/div>\n<div class=\"graphic_pic animated wow bounceIn\" data-wow-delay=\".7s\">\n<figure><img loading=\"lazy\" decoding=\"async\" style=\"width: 400px; height: 505px;\" title=\"\" src=\"https:\/\/www.hommy.com\/wp-content\/uploads\/16013497935430.png\" alt=\"producto-Hommy-img\" width=\"400\" height=\"505\" border=\"0\" vspace=\"0\"><\/figure><p style=\"text-align: center;\"><\/p>\n<\/div>\n<\/div>\n<\/div>\n<\/div>\n<p><span style=\"font-family: Calibri; font-size: 14px;\">Documento:<\/span><img decoding=\"async\" style=\"margin-right: 2px;\" src=\"https:\/\/www.hommy.com\/wp-content\/uploads\/icon_pdf-72.gif\" alt=\"producto-Hommy-img\" title=\"\"><a style=\"font-size: 12px;\" title=\"16025790539753.pdf\" href=\"https:\/\/img80002414.weyesimg.com\/uploads\/www.hommy.com\/addon\/16025790539753.pdf\">16025790539753.pdf<\/a><\/p>\n<p>&nbsp;<\/p>\n<h2>\u00bfQu\u00e9 puedo utilizar en lugar de un <a style=\"color: blue;\" href=\"\/es\/\">heladora<\/a>?<\/h2>\n<p>&nbsp;<\/p>\n<p>Se trata de una pregunta muy com\u00fan. La mayor\u00eda de las heladeras constan de un compartimento de congelaci\u00f3n que se mantiene por debajo del punto de congelaci\u00f3n y un recipiente de helado que se sit\u00faa encima del compartimento de congelaci\u00f3n. El compartimento de congelaci\u00f3n est\u00e1 lleno de hielo y la mezcla se remueve continuamente, lo que permite la formaci\u00f3n de cristales de hielo en la mezcla. Cuando se han formado los cristales de hielo, se apaga la heladora. A continuaci\u00f3n, la mezcla se transfiere al recipiente y se sirve.<\/p>\n<p>&nbsp;<\/p>\n<h2>\u00bfC\u00f3mo se hacen los cucuruchos de helado en una batidora?<\/h2>\n<p>&nbsp;<\/p>\n<p>1. Mezclar el helado<\/p>\n<p>&nbsp;<\/p>\n<p>2. Mezclar la mezcla en la batidora<\/p>\n<p>&nbsp;<\/p>\n<p>3. A\u00f1adir todos los conos<\/p>\n<p>&nbsp;<\/p>\n<p>4. Mezclar en la batidora<\/p>\n<p>&nbsp;<\/p>\n<p>5. A\u00f1adir colorante alimentario<\/p>\n<p>&nbsp;<\/p>\n<p>6. Mezclar<\/p>\n<p>&nbsp;<\/p>\n<p>7. Estirar la masa y cortar<\/p>\n<p>&nbsp;<\/p>\n<p>8. Hornear<\/p>\n<p>&nbsp;<\/p>\n<h2>\u00bfC\u00f3mo se hace nata con leche en una batidora?<\/h2>\n<p>&nbsp;<\/p>\n<p>&nbsp;Es una pregunta que me hago de vez en cuando en las redes sociales. No es una pregunta inusual y estoy seguro de que hay muchas formas de conseguirlo.<\/p>\n<p>&nbsp;<\/p>\n<p>He probado un par de m\u00e9todos diferentes, pero los dos que me han parecido m\u00e1s f\u00e1ciles son el m\u00e9todo de congelar la leche primero y a\u00f1adir la nata despu\u00e9s. Y tambi\u00e9n est\u00e1 el m\u00e9todo de hacer la nata con leche en polvo. Estos m\u00e9todos tambi\u00e9n son los m\u00e1s f\u00e1ciles, al menos para m\u00ed.<\/p>\n<p>&nbsp;<\/p>\n<p>En el primer m\u00e9todo, congelo la leche. Luego la escurro en un bol y la vuelvo a poner en la batidora. A\u00f1ado la nata y mezclo los dos ingredientes hasta que adquieren la consistencia perfecta.<\/p>\n<p>&nbsp;<\/p>\n<\/div>","protected":false},"excerpt":{"rendered":"<p>Smoothie Maker Smoothie Maker|Product specification|Product Features|Product Advantage &nbsp; We hold a complete documentation of this manufacturer to ensure that our customers receive the best from our manufacturers. &nbsp; We are offering this smoothie blender which is capable of making the thickest and most tasty of smoothies. This is ideal for use in cafes, hotels, restaurants, [&hellip;]<\/p>\n","protected":false},"featured_media":1952,"comment_status":"closed","ping_status":"closed","template":"","meta":{"_swt_meta_header_display":false,"_swt_meta_footer_display":false,"_swt_meta_site_title_display":false,"_swt_meta_sticky_header":false,"_swt_meta_transparent_header":false},"product_brand":[],"product_cat":[86],"product_tag":[],"class_list":{"0":"post-964","1":"product","2":"type-product","3":"status-publish","4":"has-post-thumbnail","6":"product_cat-one-shot-machine","8":"first","9":"instock","10":"shipping-taxable","11":"product-type-simple"},"_links":{"self":[{"href":"https:\/\/www.hommy.com\/es\/wp-json\/wp\/v2\/product\/964","targetHints":{"allow":["GET"]}}],"collection":[{"href":"https:\/\/www.hommy.com\/es\/wp-json\/wp\/v2\/product"}],"about":[{"href":"https:\/\/www.hommy.com\/es\/wp-json\/wp\/v2\/types\/product"}],"replies":[{"embeddable":true,"href":"https:\/\/www.hommy.com\/es\/wp-json\/wp\/v2\/comments?post=964"}],"wp:featuredmedia":[{"embeddable":true,"href":"https:\/\/www.hommy.com\/es\/wp-json\/wp\/v2\/media\/1952"}],"wp:attachment":[{"href":"https:\/\/www.hommy.com\/es\/wp-json\/wp\/v2\/media?parent=964"}],"wp:term":[{"taxonomy":"product_brand","embeddable":true,"href":"https:\/\/www.hommy.com\/es\/wp-json\/wp\/v2\/product_brand?post=964"},{"taxonomy":"product_cat","embeddable":true,"href":"https:\/\/www.hommy.com\/es\/wp-json\/wp\/v2\/product_cat?post=964"},{"taxonomy":"product_tag","embeddable":true,"href":"https:\/\/www.hommy.com\/es\/wp-json\/wp\/v2\/product_tag?post=964"}],"curies":[{"name":"wp","href":"https:\/\/api.w.org\/{rel}","templated":true}]}}