{"id":958,"date":"2024-07-02T17:25:08","date_gmt":"2024-07-02T17:25:08","guid":{"rendered":"http:\/\/localhost\/hommywp\/hm23-diy-ice-cream-razzle-blender-for-sale-mixer-price\/"},"modified":"2025-08-01T09:57:47","modified_gmt":"2025-08-01T09:57:47","slug":"batidoras-de-helados-comerciales-razzle","status":"publish","type":"product","link":"https:\/\/www.hommy.com\/es\/p\/batidoras-de-helados-comerciales-razzle\/","title":{"rendered":"Hm23 Diy Helado Razzle Licuadora Para La Venta Mezclador Precio"},"content":{"rendered":"<div>\n<p style=\"text-align: center\"><\/p>\n<h2 style=\"text-align: center\"><span style=\"text-indent: 264px;font-family: arial, helvetica, sans-serif;font-size: 24px\"><strong><a name=\"Razzle Commercial Blenders\"><\/a>Licuadoras comerciales Razzle<\/strong><\/span><\/h2>\n<p style=\"text-align: center\"><a href=\"http:\/\/\" target=\"_self\" data-lv=\"0\" rel=\"noopener\"><span style=\"text-indent: 264px;font-family: arial, helvetica, sans-serif;font-size: 16px\">Licuadoras comerciales Razzle<\/span><\/a><span style=\"text-indent: 264px;font-family: arial, helvetica, sans-serif;font-size: 16px\">|<a href=\"#Product specification\" target=\"_self\" data-lv=\"0\" rel=\"noopener\">Especificaci\u00f3n del producto<\/a>|<a href=\"#Product Features\" target=\"_self\" data-lv=\"0\" rel=\"noopener\">Caracter\u00edsticas del producto<\/a>|<a href=\"#Product Advantage\" target=\"_self\" data-lv=\"0\" rel=\"noopener\">Ventajas del producto<\/a><\/span><\/p>\n<p><span style=\"font-size: 18px\"><\/span><\/p>\n<p><span style=\"font-family: \u5b8b\u4f53;letter-spacing: 0px;font-size: 18px\"><\/span><\/p>\n<p style=\"text-align: center\"><span style=\"font-size: 24px\"><\/span><\/p>\n<p style=\"margin-top:0;margin-right:0;margin-bottom:0;margin-left:0;text-indent:264px\"><\/p>\n<p style=\"text-align: center\"><span style=\"font-size: 24px\">&nbsp;<\/span><\/p>\n<p><!-- Video start --><video poster=\"https:\/\/img80002414.weyesimg.com\/uploads\/www.hommy.com\/video\/15794850915361.mp4?vframe\/jpg\/offset\/1\" id=\"video\" preload=\"auto\" controls=\"controls\" style=\"width:100%;height:510px\"><\/video><!-- Video end --><\/p>\n<div class=\"text-left d-tem09-title d-interval\" data-detail=\"wrap\">\n<div class=\"title-header\">\n<div class=\"title\">\n<p><span style=\"font-size: 16px\"><span style=\"letter-spacing: 0px;font-family: arial, helvetica, sans-serif\">Si est\u00e1 buscando una batidora que pueda crear sabores \u00fanicos y deliciosos de helado, la batidora Razzle es la elecci\u00f3n perfecta. Con la posibilidad de elegir diferentes ingredientes y mezclarlos entre s\u00ed, puede crear cualquier sabor que pueda imaginar. Tanto si busca un sabor tradicional como algo m\u00e1s exclusivo, la batidora Razzle Blender puede ayudarle a crear el capricho perfecto. Tanto si es principiante como profesional, la batidora Razzle es f\u00e1cil de usar y produce resultados de alta calidad. \u00bfPor qu\u00e9 no probarla? Puede que se sorprenda de lo mucho que disfruta haciendo su propio helado.<\/span><\/span><\/p>\n<h2><strong><span style=\"letter-spacing: 0px;font-family: arial, helvetica, sans-serif;font-size: 24px\">Especificaci\u00f3n del producto:<\/span><span style=\"font-family:\u5b8b\u4f53;letter-spacing:0;font-size:29px\">&nbsp;<\/span><\/strong><\/h2>\n<p style=\"text-align:center\"><span style=\"font-family:\u5b8b\u4f53;letter-spacing:0;font-size:29px\"><img loading=\"lazy\" decoding=\"async\" src=\"https:\/\/www.hommy.com\/wp-content\/uploads\/16012547528885.png\" title=\"\" alt=\"producto-Hommy-img\" width=\"700\" height=\"381\" border=\"0\" vspace=\"0\" style=\"width: 700px;height: 381px\"><\/span><\/p>\n<\/div>\n<\/div>\n<\/div>\n<p>&nbsp;<\/p>\n<div class=\"d-tem11-graphic tem11-graphic mockup\" data-detail=\"wrap\">\n<div class=\"tab_row\">\n<div class=\"img\" style=\"width: 50%\"><img loading=\"lazy\" decoding=\"async\" title=\"\" alt=\"producto-Hommy-img\" src=\"https:\/\/www.hommy.com\/wp-content\/uploads\/15584256689390.jpg\" width=\"700\" height=\"593\" border=\"0\" vspace=\"0\" style=\"width: 700px;height: 593px\"><\/div>\n<div class=\"text_box\" style=\"width: 50%\">\n<div class=\"txt\">\n<div class=\"title\">\n<h2><strong><span style=\"letter-spacing: 0px;text-align: justify;font-family: arial, helvetica, sans-serif;font-size: 24px\"><a name=\"Product Features\"><\/a>Caracter\u00edsticas del producto:<\/span><\/strong><\/h2>\n<p><span style=\"font-family: arial, helvetica, sans-serif;font-size: 16px\"><\/span><\/p>\n<p><span style=\"font-family:Tahoma;font-size:16px\">Oferta de productos: Ideal para preparar las mezclas deseadas a partir de diversos ingredientes.<\/span><\/p>\n<p><span style=\"font-family:Tahoma;font-size:16px\">Agitador permanente: <\/span><\/p>\n<p><span style=\"font-family:Tahoma;font-size:16px\">Mezclar los ingredientes como caramelos duros, galletas en yogur helado, helado blando o helado duro con permanente<\/span><span style=\"font-family:Tahoma;font-size:16px\">&nbsp;<\/span><span style=\"font-family:Tahoma;font-size:16px\">agitador para hacer las mezclas deseadas.<\/span><\/p>\n<p><span style=\"font-family:Tahoma;font-size:16px\">Helado DIY: <\/span><\/p>\n<p><span style=\"font-family:Tahoma;font-size:16px\">En base a su preferencia personal para elegir diferentes ingredientes, mezclando junto con esta m\u00e1quina para hacer sabor especial y \u00fanico<\/span><span style=\"font-family:Tahoma;font-size:16px\">&nbsp;<\/span><span style=\"font-family:Tahoma;font-size:16px\">helado. <\/span><\/p>\n<p><span style=\"font-family:Tahoma;font-size:16px\">Operaci\u00f3n:<\/span><\/p>\n<p><span style=\"font-family:Tahoma;font-size:16px\">Dispense el helado directamente en el vaso de servir. A\u00f1ada los ingredientes que desee, coloque la tapa en el vaso, mezcle y sirva.<\/span><\/p>\n<p><span style=\"font-family:Tahoma;font-size:16px\">Opcional<\/span><\/p>\n<p><span style=\"font-family:Tahoma;font-size:16px\">Marco de caramelo<\/span><span style=\"font-family:Tahoma;font-size:16px\">&nbsp;, <\/span><span style=\"font-family:Tahoma;font-size:16px\">Vaso de papel<\/span><\/p>\n<p><span style=\"font-family:Tahoma;font-size:16px\">Soporte de seguridad de acero inoxidable BM-01<\/span><\/p>\n<p><span style=\"font-family:Tahoma;font-size:16px\">Cuchara con punto de masaje BM-02<\/span><\/p>\n<\/div>\n<p>&nbsp;<\/p>\n<\/div>\n<\/div>\n<\/div>\n<\/div>\n<p>&nbsp;<\/p>\n<div class=\"text-left d-tem09-title d-interval\" data-detail=\"wrap\">\n<div class=\"title-header\">\n<div class=\"title\"><span style=\"font-size: 24px\"><\/span><\/p>\n<h2><strong><span style=\"letter-spacing: 0px;font-family: arial, helvetica, sans-serif;font-size: 24px\"><a name=\"Product Advantage\"><\/a>Ventaja del producto:<\/span><\/strong><\/h2>\n<p style=\"margin-top:0;margin-right:0;margin-bottom:0;margin-left:0\"><span style=\"font-size: 16px;font-family: arial, helvetica, sans-serif\">Adem\u00e1s, los ingenieros m\u00e1s cualificados, los tecn\u00f3logos m\u00e1s h\u00e1biles y el personal con m\u00e1s conocimientos contribuyen en gran medida al desarrollo de la empresa.<\/span><\/p>\n<p><span><\/span><\/div>\n<\/div>\n<\/div>\n<p>&nbsp;<\/p>\n<div class=\"d-tem01-graphic tem01-graphic mockup\" data-detail=\"wrap\">\n<div class=\"cont-section clearfix d-clearfix\">\n<div class=\"col-md-6 col-sm-6 col-xs-6\">\n<div class=\"right-p\">\n<div class=\"h2 heading\">\n<p style=\"margin-top:0;margin-right:0;margin-bottom:0\"><span style=\"font-size: 16px\"><span style=\"font-family: Arial;letter-spacing: 0px\">1. Elija las velocidades espec\u00edficas en funci\u00f3n de las mezclas deseadas de varios ingredientes. Adem\u00e1s de poder mezclar galletas, chocolate y helado, la p<\/span><span style=\"font-family: Arial;letter-spacing: 0px\">agitador permanente<\/span><span style=\"font-family: Arial;letter-spacing: 0px\">&nbsp;tambi\u00e9n puede romper nueces duras.<\/span><\/span><\/p>\n<p style=\"margin-top:0;margin-right:0;margin-bottom:0\"><span style=\"font-size: 16px\"><span style=\"font-family: Arial;letter-spacing: 0px\"><br \/><\/span><\/span><\/p>\n<p style=\"margin-top:0;margin-right:0;margin-bottom:0\"><span style=\"font-size: 16px\"><span style=\"font-family: Arial;letter-spacing: 0px\"><br \/><\/span><\/span><\/p>\n<\/div>\n<\/div>\n<div class=\"graphic_pic animated wow bounceIn\" data-wow-delay=\".7s\">\n<p style=\"text-align:center\"><img decoding=\"async\" src=\"https:\/\/www.hommy.com\/wp-content\/uploads\/16012551006942.png\" alt=\"producto-HM23 Razzle Blender-Hommy-img\" title=\"\"><\/p>\n<\/div>\n<\/div>\n<div class=\"col-md-6 col-sm-6 col-xs-6\">\n<div class=\"right-p\">\n<div class=\"h2 heading\">\n<p style=\"margin-top:0;margin-right:0;margin-bottom:0;margin-left:0;text-indent:0\"><span style=\"font-family: Arial;letter-spacing: 0px;font-size: 14px\">2. Helado DIY: En base a su preferencia personal para elegir diferentes ingredientes, mezclando junto con esta m\u00e1quina para hacer helado sabor especial y \u00fanico.<\/span><\/p>\n<p style=\"margin-top:0;margin-right:0;margin-bottom:0;margin-left:0;text-indent:0\"><span style=\"font-family: Arial;letter-spacing: 0px;font-size: 14px\"><br \/><\/span><\/p>\n<p style=\"margin-top:0;margin-right:0;margin-bottom:0;margin-left:0;text-indent:0\"><span style=\"font-family: Arial;letter-spacing: 0px;font-size: 14px\"><br \/><\/span><\/p>\n<p style=\"margin-top:0;margin-right:0;margin-bottom:0;margin-left:0;text-indent:0\"><span style=\"font-family: Arial;letter-spacing: 0px;font-size: 14px\"><br \/><\/span><\/p>\n<\/div>\n<\/div>\n<div class=\"graphic_pic animated wow bounceIn\" data-wow-delay=\".7s\">\n<p style=\"text-align:center\"><img loading=\"lazy\" decoding=\"async\" src=\"https:\/\/www.hommy.com\/wp-content\/uploads\/16012551193278.jpg\" alt=\"producto-Hommy-img\" title=\"\" width=\"350\" height=\"502\" border=\"0\" vspace=\"0\" style=\"width: 350px;height: 502px\"><\/p>\n<\/div>\n<\/div>\n<\/div>\n<\/div>\n<p>Documento\uff1a<img decoding=\"async\" src=\"https:\/\/www.hommy.com\/wp-content\/uploads\/icon_pdf-71.gif\" style=\"margin-right: 2px\" alt=\"producto-Hommy-img\" title=\"\"><a href=\"https:\/\/img80002414.weyesimg.com\/uploads\/www.hommy.com\/addon\/16026423309154.pdf\" title=\"16026423309154.pdf\" style=\"font-size: 12px\">16026423309154.pdf<\/a><\/p>\n<div>\n<div>\n<h2 class=\"otl-heading\" style=\"text-indent: 0em;padding-left: 0em\">Ofrecemos Razzle Blender a nuestros clientes.<\/h2>\n<p><span style=\"font-size:13px\">Somos el \u00fanico fabricante de una batidora que realmente puede funcionar. Tiene un control de velocidad variable para velocidades altas\/bajas y es totalmente programable. Est\u00e1 dise\u00f1ado para realizar una variedad de tareas tales como moler, mezclar, picar, triturar, mezclar, triturar, lavar, deshidratar y secar. Tiene una capacidad de 5 galones. Est\u00e1 dise\u00f1ada para funcionar a velocidades de hasta 4000 RPM. Con la ayuda de esta m\u00e1quina, usted puede hacer deliciosas bebidas para sus clientes en cualquier momento. As\u00ed, tendr\u00e1 la oportunidad de impresionar a sus clientes. Es una m\u00e1quina avanzada con una capacidad de 300 ml. Puede hacer diferentes tipos de bebidas como refrescos, zumos y t\u00e9 con esta m\u00e1quina. Es una m\u00e1quina compacta que cabe f\u00e1cilmente en su cocina.<\/span><\/p>\n<p><\/p>\n<h2 class=\"otl-heading\" style=\"text-indent: 0em;padding-left: 0em\">\u00bfPuede una licuadora ninja picar hielo?<\/h2>\n<p><span style=\"font-size:13px\">La respuesta es s\u00ed. Esta licuadora Ninja Ice Crush cuenta con un potente motor y una trituradora de hielo de alta eficiencia. La cuchilla gira a altas velocidades, triturando hasta 15 libras de hielo por minuto. El potente motor con una funci\u00f3n de reversa autom\u00e1tica significa que comenzar\u00e1 a triturar hielo incluso si no est\u00e1 utilizando el accesorio de vaso o jarra.<\/span><\/p>\n<p><\/p>\n<h2 class=\"otl-heading\" style=\"text-indent: 0em;padding-left: 0em\">\u00bfPuedo utilizar mi KitchenAid para hacer helado?<\/h2>\n<p><span style=\"font-size:13px\">S\u00ed, puede utilizar su KitchenAid <a style=\"color:blue\" href=\"\/es\/\">heladora<\/a> para hacer helado. Hay algunas cosas que debe tener en cuenta cuando utilice su KitchenAid para hacer helado. En primer lugar, no debe a\u00f1adir ingredientes que puedan derretir el helado. Esto incluye sal, az\u00facar, especias y algunos tipos de alcohol. Algunas personas recomiendan utilizar la m\u00e1quina para hacer helados KitchenAid s\u00f3lo para hacer helados cremosos porque se puede poner cualquier ingrediente que desee en el helado.<\/span><\/p>\n<p><\/p>\n<\/div>\n<\/div>\n<p><\/p>\n<\/div><\/div>","protected":false},"excerpt":{"rendered":"<p>Razzle Commercial Blenders Razzle Commercial Blenders|Product specification|Product Features|Product Advantage &nbsp; If you&#039;re looking for a blender that can create unique and delicious flavors of ice cream, the Razzle Blender is the perfect choice. With the ability to choose different ingredients and blending them together, you can create any flavor you can imagine. Whether you&#039;re looking [&hellip;]<\/p>\n","protected":false},"featured_media":1951,"comment_status":"open","ping_status":"open","template":"","meta":{"_swt_meta_header_display":false,"_swt_meta_footer_display":false,"_swt_meta_site_title_display":false,"_swt_meta_sticky_header":false,"_swt_meta_transparent_header":false},"product_brand":[],"product_cat":[86],"product_tag":[],"class_list":{"0":"post-958","1":"product","2":"type-product","3":"status-publish","4":"has-post-thumbnail","6":"product_cat-one-shot-machine","8":"first","9":"instock","10":"shipping-taxable","11":"product-type-simple"},"_links":{"self":[{"href":"https:\/\/www.hommy.com\/es\/wp-json\/wp\/v2\/product\/958","targetHints":{"allow":["GET"]}}],"collection":[{"href":"https:\/\/www.hommy.com\/es\/wp-json\/wp\/v2\/product"}],"about":[{"href":"https:\/\/www.hommy.com\/es\/wp-json\/wp\/v2\/types\/product"}],"replies":[{"embeddable":true,"href":"https:\/\/www.hommy.com\/es\/wp-json\/wp\/v2\/comments?post=958"}],"wp:featuredmedia":[{"embeddable":true,"href":"https:\/\/www.hommy.com\/es\/wp-json\/wp\/v2\/media\/1951"}],"wp:attachment":[{"href":"https:\/\/www.hommy.com\/es\/wp-json\/wp\/v2\/media?parent=958"}],"wp:term":[{"taxonomy":"product_brand","embeddable":true,"href":"https:\/\/www.hommy.com\/es\/wp-json\/wp\/v2\/product_brand?post=958"},{"taxonomy":"product_cat","embeddable":true,"href":"https:\/\/www.hommy.com\/es\/wp-json\/wp\/v2\/product_cat?post=958"},{"taxonomy":"product_tag","embeddable":true,"href":"https:\/\/www.hommy.com\/es\/wp-json\/wp\/v2\/product_tag?post=958"}],"curies":[{"name":"wp","href":"https:\/\/api.w.org\/{rel}","templated":true}]}}