{"id":952,"date":"2024-07-02T17:25:02","date_gmt":"2024-07-02T17:25:02","guid":{"rendered":"http:\/\/localhost\/hommywp\/sjiii-k100-capsule-injection-machine-ice-cream-filling\/"},"modified":"2025-08-01T09:57:47","modified_gmt":"2025-08-01T09:57:47","slug":"maquina-inyectora-de-capsulas-sjiii-k100","status":"publish","type":"product","link":"https:\/\/www.hommy.com\/es\/p\/maquina-inyectora-de-capsulas-sjiii-k100\/","title":{"rendered":"M\u00e1quina inyectora de c\u00e1psulas de helado Sjiii-K100"},"content":{"rendered":"<div>\n<p>&nbsp; &nbsp;&nbsp;<a name=\"Capsule Injection Machine\"><\/a><\/p>\n<h2 style=\"text-align: center\"><span style=\"font-family: arial, helvetica, sans-serif\"><strong><span style=\"letter-spacing: 0px;font-size: 29px\"><a name=\"Capsule Injection Machine\"><\/a>M\u00e1quina inyectora de c\u00e1psulas<\/span><\/strong><\/span><\/h2>\n<p style=\"text-align: center\"><span style=\"font-family: arial, helvetica, sans-serif;font-size: 16px\"><span style=\"font-family: arial, helvetica, sans-serif;letter-spacing: 0px\"><a href=\"#Capsule Injection Machine\" target=\"_self\" data-lv=\"0\" rel=\"noopener\">M\u00e1quina inyectora de c\u00e1psulas<\/a>|<a href=\"#Product specification\" target=\"_self\" data-lv=\"0\" rel=\"noopener\">Especificaci\u00f3n del producto<\/a>|<\/span><a href=\"#Product Features\" target=\"_self\" data-lv=\"0\" rel=\"noopener\"><span style=\"font-family: arial, helvetica, sans-serif;letter-spacing: 0px\">Caracter\u00edsticas del producto<\/span><span style=\"font-family: arial, helvetica, sans-serif;letter-spacing: 0px\"><\/span><\/a><\/span><\/p>\n<p><\/p>\n<p style=\"text-align: center\">\n<p>Si usted tiene un negocio que vende helados, entonces necesita una m\u00e1quina que pueda llenar sus conos con la cantidad perfecta de helado. Con nuestras m\u00e1quinas, usted ser\u00e1 capaz de llenar sus conos con facilidad, y sin ning\u00fan tipo de suciedad. Adem\u00e1s, nuestras m\u00e1quinas est\u00e1n dise\u00f1adas para trabajar con cualquier tipo de helado, por lo que siempre puede obtener el relleno perfecto, no importa cu\u00e1l sea su sabor de elecci\u00f3n. Ofrecemos una gran variedad de m\u00e1quinas para satisfacer sus necesidades, y nuestro personal experto est\u00e1 siempre disponible para responder a cualquier pregunta que pueda tener. P\u00f3ngase en contacto con nosotros hoy mismo para obtener m\u00e1s informaci\u00f3n sobre nuestras m\u00e1quinas llenadoras de helados y c\u00f3mo pueden ayudarle a que su negocio tenga \u00e9xito.<\/p>\n<h2 style=\"margin: 0px;text-indent: 0px;text-align: justify\"><strong><span style=\"letter-spacing: 0px;font-family: arial, helvetica, sans-serif;font-size: 24px\"><br \/><\/span><\/strong><\/h2>\n<h2 style=\"margin: 0px;text-indent: 0px;text-align: justify\"><strong><span style=\"letter-spacing: 0px;font-family: arial, helvetica, sans-serif;font-size: 24px\"><a name=\"Product specification\"><\/a>Especificaci\u00f3n del producto:<\/span><\/strong><\/h2>\n<p style=\"margin-top:0;margin-right:0;margin-bottom:0;margin-left:0;text-indent:0;text-align:justify\"><span style=\"letter-spacing: 0px;font-family: arial, helvetica, sans-serif;font-size: 16px\">La m\u00e1quina de llenado es un producto de hommy que se transforma e innova con referencia a la tecnolog\u00eda avanzada extranjera de m\u00e1quinas de llenado. Su estructura es m\u00e1s simple y m\u00e1s razonable, con alta precisi\u00f3n y operaci\u00f3n m\u00e1s f\u00e1cil. Equipo ideal para el llenado de altos l\u00edquidos.<\/span><\/p>\n<p style=\"margin-top:0;margin-right:0;margin-bottom:0;margin-left:0;text-indent:0;text-align:justify\"><span style=\"letter-spacing: 0px;font-family: arial, helvetica, sans-serif;font-size: 16px\"><br \/><\/span><\/p>\n<p><\/p>\n<p style=\"text-align: center\"><img decoding=\"async\" src=\"https:\/\/www.hommy.com\/wp-content\/uploads\/16012721392846.png\" alt=\"producto-Hommy-img\" title=\"\"><\/p>\n<p><\/p>\n<p style=\"text-align: center\">&nbsp;<img decoding=\"async\" src=\"https:\/\/www.hommy.com\/wp-content\/uploads\/16012721818160.png\" alt=\"producto-Hommy-img\" title=\"\"><\/p>\n<p><\/p>\n<p><\/p>\n<p><\/p>\n<div class=\"d-tem01-graphic tem01-graphic mockup\" data-detail=\"wrap\">\n<div class=\"cont-section clearfix d-clearfix\">\n<div class=\"col-md-6 col-sm-6 col-xs-6\">\n<div class=\"right-p\">\n<div class=\"h2 heading\">\n<p style=\"text-align:center\"><img decoding=\"async\" src=\"https:\/\/www.hommy.com\/wp-content\/uploads\/16012727922896.png\" alt=\"producto-SJIII-K100 Inyectora de c\u00e1psulas-Hommy-img\" style=\"font-size: 14px\" title=\"\"><\/p>\n<p><span style=\"font-size: 14px\">&nbsp; &nbsp; &nbsp; &nbsp; &nbsp; &nbsp; &nbsp;<\/span><\/div>\n<\/div>\n<\/div>\n<div class=\"col-md-6 col-sm-6 col-xs-6\">\n<div class=\"right-p\">\n<div class=\"h2 heading\">\n<h2 style=\"margin: 0px;text-indent: 0px;text-align: justify\"><strong><span style=\"letter-spacing: 0px;font-family: arial, helvetica, sans-serif;font-size: 24px\"><a name=\"Product Features\"><\/a>Caracter\u00edsticas del producto:<\/span><\/strong><\/h2>\n<p style=\"text-indent: 0\"><span style=\"letter-spacing: 0px;font-family: arial, helvetica, sans-serif;font-size: 16px\">Adem\u00e1s, los ingenieros m\u00e1s cualificados, los tecn\u00f3logos m\u00e1s h\u00e1biles y el personal con m\u00e1s conocimientos contribuyen en gran medida al desarrollo de la empresa.<\/span><\/p>\n<p style=\"text-indent: 0\"><span style=\"letter-spacing: 0px;font-family: arial, helvetica, sans-serif;font-size: 16px\">1. La m\u00e1quina de llenado de fluidos de alta concentraci\u00f3n utiliza el principio de un pist\u00f3n accionado por un cilindro para extraer y expulsar materiales de alta concentraci\u00f3n, y controlar la carrera del cilindro con un interruptor de l\u00e1minas para ajustar el volumen de llenado. La m\u00e1quina puede funcionar sin electricidad, es m\u00e1s segura, y su dise\u00f1o humanizado se ajusta m\u00e1s a los requisitos de las empresas modernas.<\/span><\/p>\n<p style=\"text-indent: 0\"><span style=\"letter-spacing: 0px;font-family: arial, helvetica, sans-serif;font-size: 16px\">2. Acero: El cuerpo es de acero inoxidable, y las partes en contacto con el material son de acero inoxidable 304 sanitario, que cumple con los requisitos de seguridad GMP y QS.<\/span><\/p>\n<p style=\"text-indent: 0\"><span style=\"letter-spacing: 0px;font-family: arial, helvetica, sans-serif;font-size: 16px\">3. Dosis de llenado: El volumen de llenado y la velocidad de llenado se pueden ajustar arbitrariamente, y la precisi\u00f3n de llenado es alta.<\/span><\/p>\n<p style=\"text-indent: 0\"><span style=\"letter-spacing: 0px;font-family: arial, helvetica, sans-serif;font-size: 16px\">4. El mamparo de llenado adopta un dispositivo de llenado antigoteo y antiextracci\u00f3n y un dispositivo de llenado elevador.<\/span><\/p>\n<p style=\"text-indent: 0\"><span style=\"letter-spacing: 0px;font-family: arial, helvetica, sans-serif;font-size: 16px\">5. Con agitaci\u00f3n, es m\u00e1s adecuado para productos con alta viscosidad y poca fluidez.<\/span><\/p>\n<p style=\"text-indent: 0\"><span style=\"letter-spacing: 0px;font-family: arial, helvetica, sans-serif;font-size: 16px\">6. Dado que las piezas de la m\u00e1quina en contacto con los materiales son todas de acero inoxidable, tiene una resistencia antidesgaste y anticorrosi\u00f3n.<\/span><\/p>\n<p style=\"text-indent: 0\"><span style=\"letter-spacing: 0px;font-family: arial, helvetica, sans-serif;font-size: 16px\">7. Esta m\u00e1quina est\u00e1 completamente controlada por aire comprimido, no necesita alimentaci\u00f3n el\u00e9ctrica, y se utiliza especialmente en entornos a prueba de explosiones con alta seguridad;<\/span><\/p>\n<p style=\"text-indent: 0\"><span style=\"letter-spacing: 0px;font-family: arial, helvetica, sans-serif;font-size: 16px\">8. Debido al control neum\u00e1tico y posicionamiento mec\u00e1nico, la precisi\u00f3n de llenado es alta, que se controla dentro de 0,5 \u2030;<\/span><\/p>\n<p style=\"text-indent: 0\"><span style=\"letter-spacing: 0px;font-family: arial, helvetica, sans-serif;font-size: 16px\">9. El funcionamiento es sencillo y f\u00e1cil de usar; la tasa de fallos es baja.<\/span><\/p>\n<\/div>\n<\/div>\n<p>&nbsp; &nbsp; &nbsp; &nbsp; &nbsp; &nbsp;<\/p><\/div>\n<\/div>\n<\/div>\n<p><\/p>\n<h2>\u00bfCu\u00e1nto dura un <a style=\"color:blue\" href=\"\/es\/\">heladora<\/a> \u00bfnecesita congelarse?<\/h2>\n<p style=\"margin-top: 5px;margin-bottom: 5px\"><\/p>\n<p style=\"margin-top: 5px;margin-bottom: 5px\">Nuestra heladora es una Heladora Prestige con una vida \u00fatil de 3-4 a\u00f1os. Si ha adquirido la m\u00e1quina despu\u00e9s de junio de 2009, tendr\u00e1 hasta 3 a\u00f1os cuando la reciba.<\/p>\n<p style=\"margin-top: 5px;margin-bottom: 5px\"><\/p>\n<p style=\"margin-top: 5px;margin-bottom: 5px\">Si tiene una Heladera Prestige con una vida \u00fatil inferior a 3 a\u00f1os, la vida \u00fatil ser\u00e1 de 1-2 a\u00f1os.<\/p>\n<p style=\"margin-top: 5px;margin-bottom: 5px\"><\/p>\n<p style=\"margin-top: 5px;margin-bottom: 5px\"><\/p>\n<h2>\u00bfCu\u00e1nto tiempo se tarda en batir un helado en una heladora?<\/h2>\n<p style=\"margin-top: 5px;margin-bottom: 5px\"><\/p>\n<p style=\"margin-top: 5px;margin-bottom: 5px\">A:<\/p>\n<p style=\"margin-top: 5px;margin-bottom: 5px\"><\/p>\n<p style=\"margin-top: 5px;margin-bottom: 5px\">He utilizado heladeras que pueden hacer helado en menos de una hora.  Tambi\u00e9n he utilizado heladeras que pueden tardar de tres a cuatro horas en hacer un lote de helado.  Todo depende del tama\u00f1o de la heladora.&nbsp;&nbsp;<\/p>\n<p style=\"margin-top: 5px;margin-bottom: 5px\">La heladora que tengo ahora es un poco m\u00e1s grande que la mayor\u00eda de las heladoras.  He visto que las heladeras m\u00e1s grandes tardan hasta ocho horas en batir el helado.<\/p>\n<p style=\"margin-top: 5px;margin-bottom: 5px\"><\/p>\n<h2>\u00bfCu\u00e1nta sal debo poner en mi heladora?<\/h2>\n<p style=\"margin-top: 5px;margin-bottom: 5px\"><\/p>\n<p style=\"margin-top: 5px;margin-bottom: 5px\">Estoy buscando la mejor cantidad de sal para hacer helado. Tengo una m\u00e1quina Breville. Hace una libra de helado a la vez. Quiero hacer helado de chocolate, de galleta y de pl\u00e1tano.<\/p>\n<p style=\"margin-top: 5px;margin-bottom: 5px\"><\/p>\n<p style=\"margin-top: 5px;margin-bottom: 5px\">No s\u00e9 cu\u00e1nta sal utilizar. He probado una receta y est\u00e1 muy salada. La otra receta es un poco demasiado dulce para m\u00ed.<\/p>\n<\/div><\/div>","protected":false},"excerpt":{"rendered":"<p>&nbsp; &nbsp;&nbsp; Capsule Injection Machine Capsule Injection Machine|Product specification|Product Features If you have a business that sells ice cream, then you need a machine that can fill your cones with the perfect amount of ice cream. With our machines, you&#039;ll be able to fill your cones with ease, and without any mess. Plus, our machines [&hellip;]<\/p>\n","protected":false},"featured_media":1950,"comment_status":"open","ping_status":"open","template":"","meta":{"_swt_meta_header_display":false,"_swt_meta_footer_display":false,"_swt_meta_site_title_display":false,"_swt_meta_sticky_header":false,"_swt_meta_transparent_header":false},"product_brand":[],"product_cat":[86],"product_tag":[],"class_list":{"0":"post-952","1":"product","2":"type-product","3":"status-publish","4":"has-post-thumbnail","6":"product_cat-one-shot-machine","8":"first","9":"instock","10":"shipping-taxable","11":"product-type-simple"},"_links":{"self":[{"href":"https:\/\/www.hommy.com\/es\/wp-json\/wp\/v2\/product\/952","targetHints":{"allow":["GET"]}}],"collection":[{"href":"https:\/\/www.hommy.com\/es\/wp-json\/wp\/v2\/product"}],"about":[{"href":"https:\/\/www.hommy.com\/es\/wp-json\/wp\/v2\/types\/product"}],"replies":[{"embeddable":true,"href":"https:\/\/www.hommy.com\/es\/wp-json\/wp\/v2\/comments?post=952"}],"wp:featuredmedia":[{"embeddable":true,"href":"https:\/\/www.hommy.com\/es\/wp-json\/wp\/v2\/media\/1950"}],"wp:attachment":[{"href":"https:\/\/www.hommy.com\/es\/wp-json\/wp\/v2\/media?parent=952"}],"wp:term":[{"taxonomy":"product_brand","embeddable":true,"href":"https:\/\/www.hommy.com\/es\/wp-json\/wp\/v2\/product_brand?post=952"},{"taxonomy":"product_cat","embeddable":true,"href":"https:\/\/www.hommy.com\/es\/wp-json\/wp\/v2\/product_cat?post=952"},{"taxonomy":"product_tag","embeddable":true,"href":"https:\/\/www.hommy.com\/es\/wp-json\/wp\/v2\/product_tag?post=952"}],"curies":[{"name":"wp","href":"https:\/\/api.w.org\/{rel}","templated":true}]}}