{"id":948,"date":"2024-07-02T17:24:59","date_gmt":"2024-07-02T17:24:59","guid":{"rendered":"http:\/\/localhost\/hommywp\/hm24-commercial-one-shot-ice-cream-uk-mcflurry-machine\/"},"modified":"2025-08-01T09:57:47","modified_gmt":"2025-08-01T09:57:47","slug":"gran-batidora-eficiente-mcflurry-batidora-de-leche-mcflurry-maker-con-una-cuchara-de-apagado","status":"publish","type":"product","link":"https:\/\/www.hommy.com\/es\/p\/gran-batidora-eficiente-mcflurry-batidora-de-leche-mcflurry-maker-con-una-cuchara-de-apagado\/","title":{"rendered":"Hm24 Comercial One Shot Helado Uk, Mcflurry M\u00e1quina"},"content":{"rendered":"<div>\n<p>&nbsp;<\/p>\n<h2 style=\"text-align: center\"><strong><span style=\"font-family: arial, helvetica, sans-serif\"><span style=\"letter-spacing: 0px;font-size: 29px\"><a name=\"Mcflurry Maker\"><\/a>M<\/span><span style=\"letter-spacing: 0px;font-size: 29px\">cflurry <\/span><span style=\"letter-spacing: 0px;font-size: 29px\">M<\/span><span style=\"letter-spacing: 0px;font-size: 29px\">aker<\/span><\/span><\/strong><\/h2>\n<p style=\"text-align: center\"><a href=\"#Mcflurry Maker\" target=\"_self\" data-lv=\"0\" rel=\"noopener\">Mcflurry Maker<\/a><span style=\"text-align: center\">&nbsp;|&nbsp;<\/span><a href=\"#Product Features\" target=\"_self\" data-lv=\"0\" rel=\"noopener\">Caracter\u00edsticas del producto<\/a><span style=\"text-align: center\">&nbsp;|&nbsp;<\/span><a href=\"#Product specification\" target=\"_self\" data-lv=\"0\" rel=\"noopener\">Especificaci\u00f3n del producto<\/a><span style=\"text-align: center\">&nbsp;|&nbsp;<\/span><a href=\"#Product Advantage\" target=\"_self\" data-lv=\"0\" rel=\"noopener\">Ventajas del producto<\/a><\/p>\n<p><\/p>\n<p><!-- Video start --><video poster=\"https:\/\/img80002414.weyesimg.com\/uploads\/wij2rdgc.allweyes.com\/video\/15554009561193.mp4?vframe\/jpg\/offset\/1\" id=\"video\" preload=\"auto\" controls=\"controls\" style=\"width:100%;height:510px\"><\/video><!-- Video end --><\/p>\n<p><!-- Video start --><video poster=\"https:\/\/img80002414.weyesimg.com\/uploads\/wij2rdgc.allweyes.com\/video\/15554010357001.mp4?vframe\/jpg\/offset\/1\" id=\"video\" preload=\"auto\" controls=\"controls\" style=\"width:100%;height:510px\"><\/video><!-- Video end --><\/p>\n<p>&nbsp;Nuestras m\u00e1quinas Mcflurry est\u00e1n disponibles en varias capacidades diferentes y pueden configurarse seg\u00fan los requisitos del cliente. Las m\u00e1quinas pueden ser instalados f\u00e1cilmente y mantenidos por los t\u00e9cnicos para garantizar que funcionen con eficacia. Nuestras m\u00e1quinas ofrecidas se fabrican utilizando las mejores materias primas de calidad y son conocidos por su durabilidad y calidad. Somos un fabricante de renombre de la m\u00e1quina Mcflurry, y por lo tanto, son los preferidos por los clientes por su funcionamiento fiable.<\/p>\n<div class=\"text-left d-tem09-title d-interval\" data-detail=\"wrap\">\n<div class=\"title-header\">\n<div class=\"title\"><span style=\"font-size: 24px\"><\/span><\/p>\n<h2 style=\"margin: 0px;text-indent: 0px;text-align: justify\"><strong><span style=\"letter-spacing: 0px;font-family: arial, helvetica, sans-serif;font-size: 24px\"><a name=\"Product specification\"><\/a>Especificaci\u00f3n del producto:<\/span><\/strong><\/h2>\n<p style=\"margin: 0px;text-indent: 0px;text-align: justify\"><span style=\"letter-spacing: 0px;font-family: arial, helvetica, sans-serif;font-size: 16px\">La m\u00e1quina McFlurry de HOMMY es el<span style=\"font-family: arial, helvetica, sans-serif;letter-spacing: 0px\">l\u00edder en el mercado. Puede mezclar caramelos, galletas y otros ingredientes dif\u00edciles de mezclar en helados duros o blandos o yogur helado para hacer golosinas congeladas de alta rentabilidad.<\/span><\/span><\/p>\n<p style=\"margin: 0px;text-indent: 0px;text-align: justify\"><span style=\"letter-spacing: 0px;font-family: arial, helvetica, sans-serif;font-size: 16px\"><span style=\"font-family: arial, helvetica, sans-serif;letter-spacing: 0px\"><br \/><\/span><\/span><\/p>\n<p style=\"margin-top:0;margin-right:0;margin-bottom:0;margin-left:0;text-indent:0;text-align:justify\"><span style=\"letter-spacing: 0px;font-family: arial, helvetica, sans-serif;font-size: 16px\"><span style=\"font-family: arial, helvetica, sans-serif;letter-spacing: 0px\"><br \/><\/span><\/span><\/p>\n<p style=\"margin: 0px;text-indent: 0px;text-align: center\"><span style=\"letter-spacing: 0px;font-family: arial, helvetica, sans-serif;font-size: 16px\"><span style=\"font-family: arial, helvetica, sans-serif;letter-spacing: 0px\"><img decoding=\"async\" src=\"https:\/\/www.hommy.com\/wp-content\/uploads\/16012564379295.png\" alt=\"producto-Hommy-img\" title=\"\"><\/span><\/span><\/p>\n<p><span><\/span><\/div>\n<\/div>\n<\/div>\n<p>&nbsp;<\/p>\n<div class=\"d-tem11-graphic tem11-graphic mockup\" data-detail=\"wrap\">\n<div class=\"tab_row\">\n<div class=\"img\" style=\"width: 50%\">\n<p style=\"text-align:center\"><img loading=\"lazy\" decoding=\"async\" title=\"\" alt=\"producto-Hommy-img\" src=\"https:\/\/www.hommy.com\/wp-content\/uploads\/16012565281773.png\" width=\"380\" height=\"765\" border=\"0\" vspace=\"0\" style=\"width: 380px;height: 765px\"><\/p>\n<\/div>\n<div class=\"text_box\" style=\"width: 50%\">\n<div class=\"txt\">\n<div class=\"title\">\n<h2><span style=\"letter-spacing: 0px;text-align: justify;font-family: arial, helvetica, sans-serif;font-size: 24px\"><a name=\"Product Features\"><\/a><strong>Caracter\u00edsticas del producto:<\/strong><\/span><\/h2>\n<h2><strong><span style=\"font-size: 16px;font-family: arial, helvetica, sans-serif\">*Sencillo de usar.<\/span><\/strong><\/h2>\n<p><span style=\"font-size: 16px;font-family: arial, helvetica, sans-serif\">*F\u00e1cil de limpiar.<\/span><\/p>\n<p><span style=\"font-size: 16px;font-family: arial, helvetica, sans-serif\">*Seguro para el usuario.<\/span><\/p>\n<p><span style=\"font-size: 16px;font-family: arial, helvetica, sans-serif\">Cuchara de dise\u00f1o especial desmontable para servir los productos de forma m\u00e1s higi\u00e9nica y c\u00f3moda.<\/span><\/p>\n<p><span style=\"font-size: 16px;font-family: arial, helvetica, sans-serif\">Agitador permanente, cuchara especial como cuchilla:<\/span><\/p>\n<p><span style=\"font-size: 16px;font-family: arial, helvetica, sans-serif\">* Mezcla los mix-ins con diferentes ingredientes.<\/span><\/p>\n<p><span style=\"font-size: 16px;font-family: arial, helvetica, sans-serif\">Adopta una cuchara especial como cuchilla de la batidora para servir productos sanitarios con mayor comodidad. No hay necesidad de limpiar la cuchilla si sirve diferentes sabores continuamente.<\/span><\/p>\n<p><span style=\"font-family: arial, helvetica, sans-serif\"><span style=\"font-family: Calibri;font-size: 16px\">Control Sneed:<\/span><span style=\"font-family: \u5b8b\u4f53;font-size: 16px\">&nbsp;<\/span><span style=\"font-family: Calibri;font-size: 16px\">Base en diferentes ingredientes para ajustar la velocidad de mezcla.<\/span><\/span><\/p>\n<p><span style=\"font-size: 16px;font-family: arial, helvetica, sans-serif\">Se garantiza un rendimiento \u00f3ptimo.<\/span><\/p>\n<p><span style=\"font-size: 16px;font-family: arial, helvetica, sans-serif\">Potente y duradero:<\/span><\/p>\n<p><span style=\"font-size: 16px;font-family: arial, helvetica, sans-serif\">Garantiza una mezcla completa.<\/span><\/p>\n<p><span style=\"font-size: 16px;font-family: arial, helvetica, sans-serif\">El motor de alta resistencia y la construcci\u00f3n de acero inoxidable de la m\u00e1quina est\u00e1n dise\u00f1ados espec\u00edficamente para las exigentes helader\u00edas, tiendas de batidos y los restaturants.<\/span><\/p>\n<p><span style=\"font-family: arial, helvetica, sans-serif\"><span style=\"font-family: Calibri;font-size: 16px\">Helado DIY:<\/span><span style=\"font-family: \u5b8b\u4f53;font-size: 16px\">&nbsp;<\/span><span style=\"font-family: Calibri;font-size: 16px\">En funci\u00f3n de sus preferencias personales<\/span><span style=\"font-family: \u5b8b\u4f53;font-size: 16px\">&nbsp;<\/span><span style=\"font-family: Calibri;font-size: 16px\">ingredientes, mezcl\u00e1ndolos con esta m\u00e1quina para hacer<\/span><span style=\"font-family: \u5b8b\u4f53;font-size: 16px\">&nbsp;<\/span><span style=\"font-family: Calibri;font-size: 16px\">helados de sabores especiales y \u00fanicos.<\/span><\/span><\/p>\n<p><span style=\"font-family: arial, helvetica, sans-serif\"><span style=\"font-family: Calibri;font-size: 16px\">Funcionamiento:Dispense el helado directamente en el vaso de servir. A\u00f1ada el<\/span><span style=\"font-family: \u5b8b\u4f53;font-size: 16px\">&nbsp;<\/span><span style=\"font-family: Calibri;font-size: 16px\">ingredientes deseados, acople la cuchara al adaptador de la m\u00e1quina, mezcle y sirva.<\/span><\/span><\/p>\n<\/div>\n<\/div>\n<\/div>\n<\/div>\n<\/div>\n<p>&nbsp;<\/p>\n<div class=\"text-left d-tem09-title d-interval\" data-detail=\"wrap\">\n<div class=\"title-header\">\n<h2><span style=\"letter-spacing: 0px;font-family: arial, helvetica, sans-serif;font-size: 24px\"><a name=\"Product Advantage\"><\/a><strong>Ventaja del producto:<\/strong><\/span><\/h2>\n<h2><span style=\"font-size: 24px\"><\/span><\/h2>\n<\/div>\n<\/div>\n<div class=\"d-tem01-graphic tem01-graphic mockup\" data-detail=\"wrap\">\n<div class=\"cont-section clearfix d-clearfix\">\n<div class=\"col-md-6 col-sm-6 col-xs-6\">\n<div class=\"right-p\">\n<div class=\"h2 heading\">\n<h2 style=\"margin: 0px;text-indent: 0px;padding: 0px;vertical-align: baseline\"><span style=\"font-family: arial, helvetica, sans-serif;letter-spacing: 0px;font-size: 16px\">1.Control de velocidad:<\/span><\/h2>\n<p style=\"margin-top:0;margin-right:0;margin-bottom:0;margin-left:0;text-indent:0;padding:0 0 0 0;vertical-align:baseline\"><span style=\"font-family: arial, helvetica, sans-serif;font-size: 16px;letter-spacing: 0px\">que el establecimiento de una velocidad para controlar cada vez que hizo la calidad del helado es el mismo .&nbsp;<\/span><\/p>\n<p style=\"margin-top:0;margin-right:0;margin-bottom:0;margin-left:0;text-indent:0;padding:0 0 0 0;vertical-align:baseline\"><span style=\"font-family: arial, helvetica, sans-serif;font-size: 16px;letter-spacing: 0px\"><br \/><\/span><\/p>\n<p style=\"margin-top:0;margin-right:0;margin-bottom:0;margin-left:0;text-indent:0;padding:0 0 0 0;vertical-align:baseline\"><\/p>\n<p style=\"margin-top:0;margin-right:0;margin-bottom:0;margin-left:0;text-indent:0;padding:0 0 0 0;vertical-align:baseline\"><span style=\"font-family: arial, helvetica, sans-serif;font-size: 16px;letter-spacing: 0px\"><br \/><\/span><\/p>\n<p style=\"margin-top:0;margin-right:0;margin-bottom:0;margin-left:0;text-indent:0;padding:0 0 0 0;vertical-align:baseline\"><span style=\"font-family: arial, helvetica, sans-serif;font-size: 16px;letter-spacing: 0px\"><br \/><\/span><\/p>\n<\/div>\n<\/div>\n<div class=\"graphic_pic animated wow bounceIn\" data-wow-delay=\".7s\">\n<p style=\"text-align:center\"><img loading=\"lazy\" decoding=\"async\" src=\"https:\/\/www.hommy.com\/wp-content\/uploads\/16013491719869.png\" alt=\"producto-Hommy-HM24 helado one shot uk-img\" title=\"\" width=\"350\" height=\"437\" border=\"0\" vspace=\"0\" style=\"width: 350px;height: 437px\"><\/p>\n<\/div>\n<\/div>\n<div class=\"col-md-6 col-sm-6 col-xs-6\">\n<div class=\"right-p\">\n<p style=\"margin-top:0;margin-right:0;margin-bottom:0;padding:0 0 0 0;vertical-align:baseline\"><span style=\"font-size: 16px;font-family: arial, helvetica, sans-serif\"><span style=\"font-size: 16px;letter-spacing: 0px\">2.<\/span><span style=\"font-size: 16px;letter-spacing: 0px\">Cuchara de dise\u00f1o especial desmontable para servir los productos de forma m\u00e1s higi\u00e9nica y c\u00f3moda.<\/span><span style=\"font-size: 16px;letter-spacing: 0px\">&nbsp;<\/span><span style=\"font-size: 16px;letter-spacing: 0px\">Mezcla los mix-ins con diferentes ingredientes.<\/span><\/span><\/p>\n<p style=\"margin-top:0;margin-right:0;margin-bottom:0;padding:0 0 0 0;vertical-align:baseline\"><span style=\"letter-spacing: 0px;font-size: 16px;font-family: arial, helvetica, sans-serif\">Adopta una cuchara especial como cuchilla de la batidora para servir productos sanitarios con mayor comodidad. No hay necesidad de limpiar la cuchilla si sirve diferentes sabores continuamente.<\/span><\/p>\n<p style=\"margin-top:0;margin-right:0;margin-bottom:0;padding:0 0 0 0;vertical-align:baseline\"><span style=\"letter-spacing: 0px;font-size: 16px;font-family: arial, helvetica, sans-serif\"><br \/><\/span><\/p>\n<p style=\"margin-top:0;margin-right:0;margin-bottom:0;padding:0 0 0 0;vertical-align:baseline\"><\/p>\n<p style=\"margin-top:0;margin-right:0;margin-bottom:0;padding:0 0 0 0;vertical-align:baseline\"><span style=\"letter-spacing: 0px;font-size: 16px;font-family: arial, helvetica, sans-serif\"><br \/><\/span><\/p>\n<p style=\"text-align:center\"><img loading=\"lazy\" decoding=\"async\" src=\"https:\/\/www.hommy.com\/wp-content\/uploads\/16012568365845.png\" alt=\"producto-Hommy-img\" title=\"\" width=\"350\" height=\"144\" border=\"0\" vspace=\"0\" style=\"width: 350px;height: 144px\"><\/p>\n<\/div>\n<\/div>\n<\/div>\n<\/div>\n<div class=\"d-tem01-graphic tem01-graphic mockup\" data-detail=\"wrap\">\n<div class=\"cont-section clearfix d-clearfix\">\n<div class=\"col-md-6 col-sm-6 col-xs-6\">\n<div class=\"right-p\">\n<div class=\"h2 heading\">\n<p style=\"margin-top:0;margin-right:0;margin-bottom:0;margin-left:0;text-indent:0;padding:0 0 0 0;vertical-align:baseline\"><span style=\"font-family: \u5b8b\u4f53;letter-spacing: 0;font-size: 19px\">3.<\/span><span style=\"font-family: Calibri;letter-spacing: 0;font-size: 19px\">Helado DIY:<\/span><\/p>\n<p style=\"margin-top:0;margin-right:0;margin-bottom:0;margin-left:0;text-indent:0;padding:0 0 0 0;vertical-align:baseline\"><span style=\"font-family: Calibri;letter-spacing: 0;font-size: 19px\">En funci\u00f3n de su <\/span><span style=\"font-family: \u5b8b\u4f53;letter-spacing: 0;font-size: 19px\">preferencia<\/span><span style=\"font-family: Calibri;letter-spacing: 0;font-size: 19px\">&nbsp;para elegir diferentes ingredientes, mezclando junto con esta m\u00e1quina para hacer helado de sabor especial y \u00fanico.<\/span><\/p>\n<p style=\"margin-top:0;margin-right:0;margin-bottom:0;margin-left:0;text-indent:0;padding:0 0 0 0;vertical-align:baseline\"><span style=\"font-family: Calibri;letter-spacing: 0;font-size: 19px\"><br \/><\/span><\/p>\n<p style=\"margin-top:0;margin-right:0;margin-bottom:0;margin-left:0;text-indent:0;padding:0 0 0 0;vertical-align:baseline\"><span style=\"font-family: Calibri;letter-spacing: 0;font-size: 19px\"><br \/><\/span><\/p>\n<\/div>\n<\/div>\n<div class=\"graphic_pic animated wow bounceIn\" data-wow-delay=\".7s\">\n<p style=\"text-align:center\"><img loading=\"lazy\" decoding=\"async\" src=\"https:\/\/www.hommy.com\/wp-content\/uploads\/16012568747281.jpg\" alt=\"producto-Hommy-img\" title=\"\" width=\"350\" height=\"437\" border=\"0\" vspace=\"0\" style=\"width: 350px;height: 437px\"><\/p>\n<\/div>\n<\/div>\n<p>&nbsp; &nbsp; &nbsp; &nbsp; &nbsp; &nbsp;<\/div>\n<\/div>\n<p>Documento\uff1a<img decoding=\"async\" src=\"https:\/\/www.hommy.com\/wp-content\/uploads\/icon_jpg-1.gif\" style=\"margin-right: 2px\" alt=\"producto-HM24 helado one shot uk-Hommy-img\" title=\"\"><a href=\"https:\/\/img80002414.weyesimg.com\/uploads\/www.hommy.com\/images\/16025740166936.jpg\" title=\"16025740166936.jpg\" style=\"font-size: 12px\">16025740166936.jpg<\/a><\/p>\n<h2>\u00bfC\u00f3mo puedo hacer nata espesa en casa?<\/h2>\n<p style=\"margin-top: 5px;margin-bottom: 5px\">La nata espesa se prepara retirando el agua suficiente para que adquiera la consistencia adecuada. La mayor\u00eda de las veces, la gente utiliza un batidor para pasar la nata por un colador fino o un tamiz para conseguir un sabor suave y rico.Una buena t\u00e9cnica es mezclar la nata y el queso hasta que quede suave. A continuaci\u00f3n, para evitar que se formen grumos, se remueve suavemente hasta que adquiera la consistencia adecuada.<\/p>\n<p style=\"margin-top: 5px;margin-bottom: 5px\"><\/p>\n<h2>\u00bfQu\u00e9 es mejor, Ninja o Vitamix?<\/h2>\n<p style=\"margin-top: 5px;margin-bottom: 5px\">Llevo unos a\u00f1os usando una batidora Ninja y la he usado para todo, desde batidos hasta sopas, pasando por salsas, sopas, pan y de todo. Me preguntaba si alguien m\u00e1s ha probado una Vitamix o si alguien ha utilizado ambas batidoras... Adem\u00e1s, si ha utilizado ambas y la Vitamix es mejor, por favor, indique sus pros y sus contras.<\/p>\n<p style=\"margin-top: 5px;margin-bottom: 5px\"><\/p>\n<h2>\u00bfEn qu\u00e9 pa\u00eds se come m\u00e1s helado?<\/h2>\n<p style=\"margin-top: 5px;margin-bottom: 5px\">&nbsp;Seg\u00fan el Informe Mundial sobre el Helado (publicado anualmente por la Ice Cream Association of America), Jap\u00f3n tiene el mayor consumo per c\u00e1pita de helado (casi 20 libras por persona al a\u00f1o). Estados Unidos ocupa el segundo lugar con casi 19 libras, seguido de Italia, Francia y Alemania.<\/p>\n<\/div><\/div>","protected":false},"excerpt":{"rendered":"<p>&nbsp; Mcflurry Maker Mcflurry Maker&nbsp;|&nbsp;Product Features&nbsp;|&nbsp;Product specification&nbsp;|&nbsp;Product Advantage &nbsp;Our Mcflurry machines are available in various different capacities and can be configured as per the requirement of the customer. The machines can be installed easily and maintained by the technicians to ensure that they function effectively. Our offered machines are manufactured using the finest quality raw [&hellip;]<\/p>\n","protected":false},"featured_media":1949,"comment_status":"open","ping_status":"open","template":"","meta":{"_swt_meta_header_display":false,"_swt_meta_footer_display":false,"_swt_meta_site_title_display":false,"_swt_meta_sticky_header":false,"_swt_meta_transparent_header":false},"product_brand":[],"product_cat":[86],"product_tag":[],"class_list":{"0":"post-948","1":"product","2":"type-product","3":"status-publish","4":"has-post-thumbnail","6":"product_cat-one-shot-machine","8":"first","9":"instock","10":"shipping-taxable","11":"product-type-simple"},"_links":{"self":[{"href":"https:\/\/www.hommy.com\/es\/wp-json\/wp\/v2\/product\/948","targetHints":{"allow":["GET"]}}],"collection":[{"href":"https:\/\/www.hommy.com\/es\/wp-json\/wp\/v2\/product"}],"about":[{"href":"https:\/\/www.hommy.com\/es\/wp-json\/wp\/v2\/types\/product"}],"replies":[{"embeddable":true,"href":"https:\/\/www.hommy.com\/es\/wp-json\/wp\/v2\/comments?post=948"}],"wp:featuredmedia":[{"embeddable":true,"href":"https:\/\/www.hommy.com\/es\/wp-json\/wp\/v2\/media\/1949"}],"wp:attachment":[{"href":"https:\/\/www.hommy.com\/es\/wp-json\/wp\/v2\/media?parent=948"}],"wp:term":[{"taxonomy":"product_brand","embeddable":true,"href":"https:\/\/www.hommy.com\/es\/wp-json\/wp\/v2\/product_brand?post=948"},{"taxonomy":"product_cat","embeddable":true,"href":"https:\/\/www.hommy.com\/es\/wp-json\/wp\/v2\/product_cat?post=948"},{"taxonomy":"product_tag","embeddable":true,"href":"https:\/\/www.hommy.com\/es\/wp-json\/wp\/v2\/product_tag?post=948"}],"curies":[{"name":"wp","href":"https:\/\/api.w.org\/{rel}","templated":true}]}}