{"id":941,"date":"2024-07-02T17:24:54","date_gmt":"2024-07-02T17:24:54","guid":{"rendered":"http:\/\/localhost\/hommywp\/hm25apl-automatic-capsule-filling-production-line-for-one-shot\/"},"modified":"2025-08-01T09:57:47","modified_gmt":"2025-08-01T09:57:47","slug":"hm25apl-linea-de-produccion-de-llenado-automatico-de-un-disparo","status":"publish","type":"product","link":"https:\/\/www.hommy.com\/es\/p\/hm25apl-linea-de-produccion-de-llenado-automatico-de-un-disparo\/","title":{"rendered":"Hm25apl L\u00ednea de producci\u00f3n autom\u00e1tica de llenado de c\u00e1psulas de un solo paso"},"content":{"rendered":"<div>\n<p>&nbsp;&nbsp;&nbsp;&nbsp;<\/p>\n<h2 style=\"text-align: center\"><strong><span style=\"letter-spacing: 0px;font-size: 29px;font-family: arial, helvetica, sans-serif\"><a name=\"Capsule Automatic Filling Production Line\"><\/a>L\u00ednea de producci\u00f3n autom\u00e1tica de c\u00e1psulas de gelatina dura<\/span><\/strong><span style=\"font-family:\u5b8b\u4f53;letter-spacing:0;font-size:29px\">&nbsp;<\/span><\/h2>\n<p style=\"text-align: center\"><a href=\"#Capsule Automatic Filling Production Line\" target=\"_self\" data-lv=\"0\" rel=\"noopener\"><span style=\"font-family: \u5b8b\u4f53;letter-spacing: 0px;font-size: 16px\">L\u00ednea de producci\u00f3n autom\u00e1tica de c\u00e1psulas de gelatina dura<\/span><\/a><span style=\"font-family: \u5b8b\u4f53;letter-spacing: 0px;font-size: 16px\">|<a href=\"#Product specification\" target=\"_self\" data-lv=\"0\" rel=\"noopener\">Especificaci\u00f3n del producto<\/a>|<a href=\"#Product Features\" target=\"_self\" data-lv=\"0\" rel=\"noopener\">Caracter\u00edsticas del producto<\/a><\/span><\/p>\n<p><\/p>\n<p style=\"text-align: center\">\n<p style=\"text-align: center\">&nbsp;&nbsp;&nbsp;&nbsp;<\/p>\n<p>Estamos ofreciendo nuestra l\u00ednea de producci\u00f3n de llenado de c\u00e1psulas de una sola toma en la mejor calidad a precios m\u00e1s competitivos. La l\u00ednea de producci\u00f3n ofrecido est\u00e1 hecho de materiales de calidad probada para asegurar el funcionamiento suave y eficiente de la l\u00ednea de producci\u00f3n. Adem\u00e1s, la l\u00ednea de producci\u00f3n est\u00e1 dise\u00f1ado seg\u00fan las normas internacionales para garantizar el perfecto funcionamiento de la m\u00e1quina.&nbsp;<\/p>\n<h2 style=\"margin: 0px;text-indent: 0px;text-align: justify\"><span style=\"letter-spacing: 0px;font-family: arial, helvetica, sans-serif;font-size: 24px\"><a name=\"Product specification\"><\/a>Especificaci\u00f3n del producto:<\/span><\/h2>\n<p style=\"margin-top:0;margin-right:0;margin-bottom:0;margin-left:0;text-indent:0;text-align:justify\"><span style=\"letter-spacing: 0px;font-family: arial, helvetica, sans-serif;font-size: 16px\">La m\u00e1quina One-Shot ha cambiado todas las reglas para dispensar postres helados, incluyendo helado, yogur helado ...... La m\u00e1quina One-Shot es el verdadero cambio de juego. No hay necesidad de estar encerrado en el legado de la tecnolog\u00eda de servicio suave , y tambi\u00e9n puede reducir las complicaciones de la f\u00e1brica de helados. La pesadilla asociada a la desinfecci\u00f3n, los elevados costes energ\u00e9ticos, la calidad variable y la integridad del producto, as\u00ed como los considerables residuos, no ser\u00e1n un problema.<\/span><\/p>\n<p style=\"margin-top:0;margin-right:0;margin-bottom:0;margin-left:0;text-indent:0;text-align:justify\"><span style=\"letter-spacing: 0px;font-family: arial, helvetica, sans-serif;font-size: 16px\"><br \/><\/span><\/p>\n<p style=\"margin-top:0;margin-right:0;margin-bottom:0;margin-left:0;text-indent:0;text-align:justify\"><span style=\"letter-spacing: 0px;font-family: arial, helvetica, sans-serif;font-size: 16px\"><br \/><\/span><\/p>\n<p style=\"text-align:center\"><span style=\"letter-spacing: 0px;font-family: arial, helvetica, sans-serif;font-size: 16px\"><img decoding=\"async\" src=\"https:\/\/www.hommy.com\/wp-content\/uploads\/16013395079190.png\" alt=\"producto-Hommy-img\" title=\"\"><\/span><\/p>\n<p style=\"text-align: left\"><span style=\"letter-spacing: 0px;font-family: arial, helvetica, sans-serif;font-size: 16px\"><br \/><\/span><\/p>\n<p style=\"text-align: left\"><span style=\"letter-spacing: 0px;font-family: arial, helvetica, sans-serif;font-size: 16px\"><\/span><\/p>\n<div class=\"d-tem01-graphic tem01-graphic mockup\" data-detail=\"wrap\">\n<div class=\"cont-section clearfix d-clearfix\">\n<div class=\"col-md-6 col-sm-6 col-xs-6\"><\/p>\n<div class=\"graphic_pic animated wow bounceIn\" data-wow-delay=\".7s\">\n<p style=\"text-align:center\"><img decoding=\"async\" src=\"https:\/\/www.hommy.com\/wp-content\/uploads\/16013395291695.jpg\" alt=\"producto-HM25APL L\u00ednea de producci\u00f3n de llenado autom\u00e1tico de una toma-Hommy-img\" title=\"\"><\/p>\n<\/div>\n<\/div>\n<div class=\"col-md-6 col-sm-6 col-xs-6\">\n<div class=\"right-p\">\n<div class=\"h2 heading\">\n<h2 style=\"margin: 0px;text-indent: 0px;text-align: justify\"><strong><span style=\"letter-spacing: 0px;font-family: arial, helvetica, sans-serif;font-size: 24px\"><a name=\"Product Features\"><\/a>Caracter\u00edsticas del producto:<\/span><\/strong><\/h2>\n<p style=\"margin-top:0;margin-right:0;margin-bottom:0;margin-left:0;text-indent:0;text-align:justify\"><span style=\"letter-spacing: 0px;font-size: 16px;font-family: arial, helvetica, sans-serif\"><br \/><\/span><\/p>\n<p style=\"margin-top:0;margin-right:0;margin-bottom:0;margin-left:0;text-indent:0;text-align:justify\"><span style=\"letter-spacing: 0px;font-size: 16px;font-family: arial, helvetica, sans-serif\">A: M\u00e1quina autom\u00e1tica para el llenado de c\u00e1psulas de gelatina dura <\/span><\/p>\n<p><span style=\"font-size: 16px;font-family: arial, helvetica, sans-serif\">1. Esta l\u00ednea de producci\u00f3n que dise\u00f1amos base en 3000-4000pcs cada d\u00eda base en 8-10 horas de trabajo, <\/span><\/p>\n<p><span style=\"font-size: 16px;font-family: arial, helvetica, sans-serif\">&nbsp;&nbsp;Utilice un solo hombre para trabajar . producir una taza alrededor de 6 segundos . <\/span><\/p>\n<p style=\"margin-left:0;text-indent:0\"><span style=\"font-size: 16px;font-family: arial, helvetica, sans-serif\">2. El volumen de la taza cada vez puede mantener 72pcs ( 9pcs X 8 l\u00ednea ) <\/span><\/p>\n<p style=\"margin-left:0;text-indent:0\"><span style=\"font-size: 16px;font-family: arial, helvetica, sans-serif\">3. L\u00ednea de producci\u00f3n que mantienen 18pcs portavasos . <\/span><\/p>\n<p style=\"margin-left:0;text-indent:0\"><span style=\"font-size: 16px;font-family: arial, helvetica, sans-serif\">4. M\u00e1quina de inyecci\u00f3n conectar con <a style=\"color:blue\" href=\"https:\/\/www.hommy.com\/es\/maquina-de-helados-blandos\/\">m\u00e1quina de helados blandos<\/a> inyectar directamente el helado en la taza e hizo que el helado no es f\u00e1cil de derretir. <\/span><\/p>\n<p style=\"margin-left:0;text-indent:0\"><span style=\"font-family: arial, helvetica, sans-serif;font-size: 16px\">5. papel de sellado cada rodillo cerca de 1500pcs<\/span><span style=\"font-family: arial, helvetica, sans-serif;font-size: 13px\"> <\/span><\/p>\n<p style=\"margin-left:0;text-indent:0\"><span style=\"font-size: 16px;font-family: arial, helvetica, sans-serif\">6. A\u00f1adir un sello por d\u00eda .<\/span><\/p>\n<p><span style=\"letter-spacing: 0px;font-size: 16px;font-family: arial, helvetica, sans-serif\">B: m\u00e1quina de helados blandos &amp; <a style=\"color:blue\" href=\"https:\/\/www.hommy.com\/es\/maquina-de-helados-duros\/\">m\u00e1quina de helados duros<\/a> <\/span><\/p>\n<p><span style=\"font-size: 16px;font-family: arial, helvetica, sans-serif\">Elegimos 2 unidades de la m\u00e1quina HM726 porque no podemos hacer que la l\u00ednea de producci\u00f3n se detenga para producir helado, por lo que necesitamos una m\u00e1quina para<\/span><\/p>\n<p><span style=\"font-size: 16px;font-family: arial, helvetica, sans-serif\">&nbsp;producir lote para esperar a la pr\u00f3xima vez a la inyecci\u00f3n . <\/span><\/p>\n<p><span style=\"font-family: arial, helvetica, sans-serif;font-size: 16px\"><span style=\"font-family: arial, helvetica, sans-serif\">C:&nbsp;<\/span><span style=\"font-family: arial, helvetica, sans-serif\">F<\/span><span style=\"font-family: arial, helvetica, sans-serif\">ast flujo de t\u00fanel fr\u00edo<\/span><\/span><\/p>\n<p><span style=\"font-family: arial, helvetica, sans-serif;font-size: 16px\"><span style=\"font-family: arial, helvetica, sans-serif\">1.&nbsp;&nbsp;<\/span><span style=\"font-family: arial, helvetica, sans-serif\">La m\u00e1quina en el interior elegir el transportador de acero inoxidable que es el transporte secundario, el primer env\u00edo de helado en el interior del refrigerador, segundo de congelaci\u00f3n, mientras que el transporte de helado.<\/span><\/span><span style=\"font-family: arial, helvetica, sans-serif;font-size: 13px\"> <\/span><\/p>\n<p style=\"margin-left:0;text-indent:0\"><span style=\"font-size: 16px;font-family: arial, helvetica, sans-serif\">2. El compresor es 5 ph empresa m\u00e1s grande , puede pasar la temperatura alrededor de -18C . <\/span><\/p>\n<p style=\"margin-left:0;text-indent:0\"><span style=\"font-size: 16px;font-family: arial, helvetica, sans-serif\">3. A\u00f1ada dos ventanas para observar si el funcionamiento interno de la m\u00e1quina es normal. <\/span><\/p>\n<p style=\"margin-left:0;text-indent:0\"><span style=\"font-size: 16px;font-family: arial, helvetica, sans-serif\">4. La velocidad del transportador puede ajustarla, puede terminar un c\u00edrculo en 5-20 minutos, base en su cantidad la ajusta. <\/span><\/p>\n<p style=\"margin-left:0;text-indent:0\"><span style=\"font-size: 16px;font-family: arial, helvetica, sans-serif\">5. Tama\u00f1o de la m\u00e1quina :1.3 X1.6X0.8m&nbsp;<\/span><\/p>\n<\/div>\n<\/div>\n<p>&nbsp; &nbsp; &nbsp; &nbsp; &nbsp; &nbsp;<\/p><\/div>\n<\/div>\n<\/div>\n<p>Documento\uff1a<img decoding=\"async\" src=\"https:\/\/www.hommy.com\/wp-content\/uploads\/icon_pdf-70.gif\" style=\"margin-right: 2px\" alt=\"producto-Hommy-img\" title=\"\"><a href=\"https:\/\/img80002414.weyesimg.com\/uploads\/www.hommy.com\/addon\/16025788495560.pdf\" title=\"16025788495560.pdf\" style=\"font-size: 12px\">16025788495560.pdf<\/a><\/p>\n<h2>\u00bfC\u00f3mo hacer helado casero en 5 minutos?<\/h2>\n<p style=\"margin-top: 5px;margin-bottom: 5px\">Esta receta de helado utiliza ingredientes frescos y se prepara en menos de 5 minutos. Es muy rico y cremoso, y tiene una textura suave y blanda. Es una delicia perfecta para el verano, y nos encanta tomarlo despu\u00e9s de cenar en una calurosa tarde de verano.Sol\u00eda hacer esta receta simplemente poniendo todos los ingredientes en un procesador de alimentos y bati\u00e9ndolo, pero \u00faltimamente he estado usando un <a style=\"color:blue\" href=\"\/es\/\">m\u00e1quina de helados<\/a>.<\/p>\n<p style=\"margin-top: 5px;margin-bottom: 5px\"><\/p>\n<h2>\u00bfCu\u00e1nto tiempo necesito para batir el helado?<\/h2>\n<p style=\"margin-top: 5px;margin-bottom: 5px\">La batidora de helados es la herramienta m\u00e1s importante de su cocina. Es la que toma los ingredientes crudos y los convierte en una delicia cremosa y deliciosa. Si no dispone de batidora de pie o de mano, es muy f\u00e1cil batir el helado con una cuchara y un bol. Si tiene una batidora de pie, una batidora de mano o una batidora de pie con un accesorio de mano, debe batir durante unos 8-10 minutos, o hasta que el helado est\u00e9 suave y cremoso.<\/p>\n<p style=\"margin-top: 5px;margin-bottom: 5px\"><\/p>\n<h2>\u00bfPor qu\u00e9 mi nata espesa es tan espesa?<\/h2>\n<p style=\"margin-top: 5px;margin-bottom: 5px\">Llevo a\u00f1os haciendo mi propia nata espesa y siempre he seguido las instrucciones de esta receta de King Arthur Flour. Desde hace poco, la hago en una jarra de cristal y nunca me ha quedado demasiado espesa, ni siquiera con un poco m\u00e1s de una taza de nata. He le\u00eddo que si dejas la nata fuera para que se enfr\u00ede, el agua de la nata se separar\u00e1 y la crema espesar\u00e1. He estado haciendo eso, y en realidad no la ha espesado, s\u00f3lo la ha hecho m\u00e1s espesa.<\/p>\n<\/div><\/div>","protected":false},"excerpt":{"rendered":"<p>&nbsp;&nbsp;&nbsp;&nbsp; Capsule Automatic Filling Production Line&nbsp; Capsule Automatic Filling Production Line|Product specification|Product Features &nbsp;&nbsp;&nbsp;&nbsp; We are offering our Capsule Filling Production Line for One-Shot in the best quality at most competitive prices. The offered production line is made of quality tested materials to ensure the smooth and efficient functioning of the production line. Furthermore, the [&hellip;]<\/p>\n","protected":false},"featured_media":1948,"comment_status":"open","ping_status":"open","template":"","meta":{"_swt_meta_header_display":false,"_swt_meta_footer_display":false,"_swt_meta_site_title_display":false,"_swt_meta_sticky_header":false,"_swt_meta_transparent_header":false},"product_brand":[],"product_cat":[86],"product_tag":[],"class_list":{"0":"post-941","1":"product","2":"type-product","3":"status-publish","4":"has-post-thumbnail","6":"product_cat-one-shot-machine","8":"first","9":"instock","10":"shipping-taxable","11":"product-type-simple"},"_links":{"self":[{"href":"https:\/\/www.hommy.com\/es\/wp-json\/wp\/v2\/product\/941","targetHints":{"allow":["GET"]}}],"collection":[{"href":"https:\/\/www.hommy.com\/es\/wp-json\/wp\/v2\/product"}],"about":[{"href":"https:\/\/www.hommy.com\/es\/wp-json\/wp\/v2\/types\/product"}],"replies":[{"embeddable":true,"href":"https:\/\/www.hommy.com\/es\/wp-json\/wp\/v2\/comments?post=941"}],"wp:featuredmedia":[{"embeddable":true,"href":"https:\/\/www.hommy.com\/es\/wp-json\/wp\/v2\/media\/1948"}],"wp:attachment":[{"href":"https:\/\/www.hommy.com\/es\/wp-json\/wp\/v2\/media?parent=941"}],"wp:term":[{"taxonomy":"product_brand","embeddable":true,"href":"https:\/\/www.hommy.com\/es\/wp-json\/wp\/v2\/product_brand?post=941"},{"taxonomy":"product_cat","embeddable":true,"href":"https:\/\/www.hommy.com\/es\/wp-json\/wp\/v2\/product_cat?post=941"},{"taxonomy":"product_tag","embeddable":true,"href":"https:\/\/www.hommy.com\/es\/wp-json\/wp\/v2\/product_tag?post=941"}],"curies":[{"name":"wp","href":"https:\/\/api.w.org\/{rel}","templated":true}]}}