{"id":937,"date":"2024-07-02T17:24:50","date_gmt":"2024-07-02T17:24:50","guid":{"rendered":"http:\/\/localhost\/hommywp\/hm25-one-shot-machine-for-ice-cream-frozen-yogurt-manufacturer\/"},"modified":"2025-09-14T00:52:22","modified_gmt":"2025-09-14T00:52:22","slug":"dispensador-de-postres-helados-one-off-heladera-one-shot","status":"publish","type":"product","link":"https:\/\/www.hommy.com\/es\/p\/dispensador-de-postres-helados-one-off-heladera-one-shot\/","title":{"rendered":"Hm25 One Shot M\u00e1quina Para Helados, Fabricante De Yogurt Congelado"},"content":{"rendered":"<h2 class=\"wp-block-heading has-text-align-center has-arial-helvetica-sans-serif-font-family\" id=\"One shot ice cream machine\" style=\"font-size:29px;font-style:normal;font-weight:700;letter-spacing:0px\">M\u00e1quina de helados de una sola toma<\/h2>\n\n\n\n<p class=\"has-text-align-center\" style=\"font-size:16px\"><a href=\"#One shot ice cream machine\" target=\"_self\" rel=\"noopener\" data-lv=\"0\">M\u00e1quina de helados de una sola toma<\/a>|<a href=\"#Product specification\" target=\"_self\" rel=\"noopener\" data-lv=\"0\">Especificaci\u00f3n del producto<\/a>|<a href=\"#Product Features\" target=\"_self\" rel=\"noopener\" data-lv=\"0\">Caracter\u00edsticas del producto<\/a>|<a href=\"#Product Advantage\" target=\"_self\" rel=\"noopener\" data-lv=\"0\">Ventajas del producto<\/a><\/p>\n\n\n\n<p class=\"has-text-align-center\">Los helados One Shot disponibles en el mercado se procesan con sumo cuidado para a\u00f1adir la cantidad deseada de sabores. Los helados One Shot no contienen conservantes. Es s\u00f3lo una combinaci\u00f3n de fruta y otros sabores naturales. Los helados One Shot se fabrican con productos l\u00e1cteos de la mejor calidad para garantizar su frescura y sabor.<\/p>\n\n\n\n<h2 class=\"wp-block-heading has-arial-helvetica-sans-serif-font-family\" id=\"Product specification\" style=\"font-size:24px;font-style:normal;font-weight:700\">Especificaci\u00f3n del producto :<\/h2>\n\n\n\n<p class=\"has-arial-helvetica-sans-serif-font-family\" style=\"font-size:16px\">La m\u00e1quina One-Shot ha cambiado todas las reglas para la dispensaci\u00f3n de postres congelados, incluyendo helado, yogur helado ...... m\u00e1quina One-Shot es el verdadero cambio de juego. No hay necesidad de estar encerrado en el legado de la tecnolog\u00eda de servicio suave , y tambi\u00e9n puede reducir las complicaciones de la f\u00e1brica de helados . La pesadilla de desinfecci\u00f3n asociada, el aumento de los costos de energ\u00eda, la calidad variable y la integridad del producto y los residuos sustanciales no ser\u00e1n una cuesti\u00f3n.<\/p>\n\n\n\n<figure class=\"wp-block-image aligncenter size-full\"><img loading=\"lazy\" decoding=\"async\" width=\"590\" height=\"800\" src=\"https:\/\/www.hommy.com\/wp-content\/uploads\/HM25op-6.jpg\" alt=\"\" class=\"wp-image-2604\" title=\"\" srcset=\"https:\/\/www.hommy.com\/wp-content\/uploads\/HM25op-6.jpg 590w, https:\/\/www.hommy.com\/wp-content\/uploads\/HM25op-6-221x300.jpg 221w, https:\/\/www.hommy.com\/wp-content\/uploads\/HM25op-6-9x12.jpg 9w\" sizes=\"auto, (max-width: 590px) 100vw, 590px\" \/><\/figure>\n\n\n\n<div style=\"height:100px\" aria-hidden=\"true\" class=\"wp-block-spacer\"><\/div>\n\n\n\n<div class=\"wp-block-columns is-layout-flex wp-container-core-columns-is-layout-28f84493 wp-block-columns-is-layout-flex\">\n<div class=\"wp-block-column is-layout-flow wp-block-column-is-layout-flow\">\n<figure class=\"wp-block-image aligncenter size-full\"><img loading=\"lazy\" decoding=\"async\" width=\"600\" height=\"645\" src=\"https:\/\/www.hommy.com\/wp-content\/uploads\/HM25_new_mainpic.jpg\" alt=\"\" class=\"wp-image-2598\" title=\"\" srcset=\"https:\/\/www.hommy.com\/wp-content\/uploads\/HM25_new_mainpic.jpg 600w, https:\/\/www.hommy.com\/wp-content\/uploads\/HM25_new_mainpic-279x300.jpg 279w, https:\/\/www.hommy.com\/wp-content\/uploads\/HM25_new_mainpic-11x12.jpg 11w\" sizes=\"auto, (max-width: 600px) 100vw, 600px\" \/><\/figure>\n<\/div>\n\n\n\n<div class=\"wp-block-column is-layout-flow wp-block-column-is-layout-flow\">\n<h2 class=\"wp-block-heading has-arial-helvetica-sans-serif-font-family\" id=\"Product Features\" style=\"font-size:24px;font-style:normal;font-weight:700\">Caracter\u00edsticas del producto\uff1a<\/h2>\n\n\n\n<ul style=\"font-size:19px\" class=\"wp-block-list has-arial-helvetica-sans-serif-font-family\">\n<li>Equipo econ\u00f3mico.<\/li>\n\n\n\n<li>F\u00e1cil de usar.<\/li>\n\n\n\n<li>Sin suciedad, sin limpieza, sin residuos.<\/li>\n\n\n\n<li>Seguro para el usuario.<\/li>\n\n\n\n<li>R\u00e1pido retorno de la inversi\u00f3n en equipos.<\/li>\n\n\n\n<li>utilizar s\u00f3lo alimentaci\u00f3n 24V .&nbsp;<\/li>\n<\/ul>\n<\/div>\n<\/div>\n\n\n\n<p class=\"has-arial-helvetica-sans-serif-font-family\" style=\"font-size:16px\">El nuevo mundo de la m\u00e1quina One-Shot puede ayudarle a combinar el beneficio con la integridad del producto.<\/p>\n\n\n\n<h2 class=\"wp-block-heading has-arial-helvetica-sans-serif-font-family\" id=\"Product Advantage\" style=\"font-size:24px;font-style:normal;font-weight:700\">Ventaja del producto:<\/h2>\n\n\n\n<p class=\"has-arial-helvetica-sans-serif-font-family\">1. Tenemos dos tipos de taza para que usted elija HM25-C y HM26-C. HM25-C s\u00f3lo se puede utilizar una vez. HM25-C s\u00f3lo se puede utilizar una vez, HM26-C se puede utilizar 2-3 veces.<\/p>\n\n\n\n<figure class=\"wp-block-image aligncenter size-large\"><img decoding=\"async\" src=\"https:\/\/www.hommy.com\/wp-content\/uploads\/16012590642288.png\" alt=\"producto-Hommy-un dispensador de helados para la venta-img\" style=\"object-fit:cover\" title=\"\"><\/figure>\n\n\n\n<p class=\"has-arial-helvetica-sans-serif-font-family\">2. Esta m\u00e1quina utiliza energ\u00eda de 24V, utilizamos adaptador el\u00e9ctrico a 110V, 220V,240V.<\/p>\n\n\n\n<figure class=\"wp-block-image aligncenter size-full\"><img loading=\"lazy\" decoding=\"async\" width=\"360\" height=\"800\" src=\"https:\/\/www.hommy.com\/wp-content\/uploads\/HM25op-4.jpg\" alt=\"\" class=\"wp-image-2602\" title=\"\" srcset=\"https:\/\/www.hommy.com\/wp-content\/uploads\/HM25op-4.jpg 360w, https:\/\/www.hommy.com\/wp-content\/uploads\/HM25op-4-135x300.jpg 135w, https:\/\/www.hommy.com\/wp-content\/uploads\/HM25op-4-5x12.jpg 5w\" sizes=\"auto, (max-width: 360px) 100vw, 360px\" \/><\/figure>\n\n\n\n<p style=\"font-size:19px\">3.\u00a0\u00a0 Las c\u00e1psulas se producen en la f\u00e1brica directamente en la m\u00e1quina y se presionan. La mano del operador no ha tocado el helado, por lo que no hay un requisito espec\u00edfico para la colocaci\u00f3n.<\/p>\n\n\n\n<figure class=\"wp-block-image aligncenter size-full\"><img loading=\"lazy\" decoding=\"async\" width=\"360\" height=\"800\" src=\"https:\/\/www.hommy.com\/wp-content\/uploads\/HM25op-3.jpg\" alt=\"\" class=\"wp-image-2601\" style=\"object-fit:cover\" title=\"\" srcset=\"https:\/\/www.hommy.com\/wp-content\/uploads\/HM25op-3.jpg 360w, https:\/\/www.hommy.com\/wp-content\/uploads\/HM25op-3-135x300.jpg 135w, https:\/\/www.hommy.com\/wp-content\/uploads\/HM25op-3-5x12.jpg 5w\" sizes=\"auto, (max-width: 360px) 100vw, 360px\" \/><\/figure>\n\n\n\n<figure class=\"wp-block-gallery has-nested-images columns-default is-cropped wp-block-gallery-1 is-layout-flex wp-block-gallery-is-layout-flex\">\n<figure class=\"wp-block-image size-large\"><img loading=\"lazy\" decoding=\"async\" width=\"360\" height=\"800\" data-id=\"2600\" src=\"https:\/\/www.hommy.com\/wp-content\/uploads\/HM25op-2.jpg\" alt=\"\" class=\"wp-image-2600\" title=\"\" srcset=\"https:\/\/www.hommy.com\/wp-content\/uploads\/HM25op-2.jpg 360w, https:\/\/www.hommy.com\/wp-content\/uploads\/HM25op-2-135x300.jpg 135w, https:\/\/www.hommy.com\/wp-content\/uploads\/HM25op-2-5x12.jpg 5w\" sizes=\"auto, (max-width: 360px) 100vw, 360px\" \/><\/figure>\n\n\n\n<figure class=\"wp-block-image size-large\"><img loading=\"lazy\" decoding=\"async\" width=\"600\" height=\"800\" data-id=\"2603\" src=\"https:\/\/www.hommy.com\/wp-content\/uploads\/HM25op-5.jpg\" alt=\"\" class=\"wp-image-2603\" title=\"\" srcset=\"https:\/\/www.hommy.com\/wp-content\/uploads\/HM25op-5.jpg 600w, https:\/\/www.hommy.com\/wp-content\/uploads\/HM25op-5-225x300.jpg 225w, https:\/\/www.hommy.com\/wp-content\/uploads\/HM25op-5-9x12.jpg 9w\" sizes=\"auto, (max-width: 600px) 100vw, 600px\" \/><\/figure>\n\n\n\n<figure class=\"wp-block-image size-large\"><img loading=\"lazy\" decoding=\"async\" width=\"800\" height=\"520\" data-id=\"2599\" src=\"https:\/\/www.hommy.com\/wp-content\/uploads\/HM25op-1.jpg\" alt=\"\" class=\"wp-image-2599\" title=\"\" srcset=\"https:\/\/www.hommy.com\/wp-content\/uploads\/HM25op-1.jpg 800w, https:\/\/www.hommy.com\/wp-content\/uploads\/HM25op-1-300x195.jpg 300w, https:\/\/www.hommy.com\/wp-content\/uploads\/HM25op-1-768x499.jpg 768w, https:\/\/www.hommy.com\/wp-content\/uploads\/HM25op-1-18x12.jpg 18w, https:\/\/www.hommy.com\/wp-content\/uploads\/HM25op-1-600x390.jpg 600w\" sizes=\"auto, (max-width: 800px) 100vw, 800px\" \/><\/figure>\n<\/figure>\n\n\n\n<figure class=\"wp-block-image aligncenter size-large\"><img decoding=\"async\" src=\"https:\/\/www.hommy.com\/wp-content\/uploads\/16012592586627.png\" alt=\"producto-Hommy-img\" title=\"\"><\/figure>\n\n\n\n<div class=\"wp-block-file\"><a id=\"wp-block-file--pdf-1\" href=\"https:\/\/img80002414.weyesimg.com\/uploads\/www.hommy.com\/addon\/16026420112105.pdf\">16026420112105.pdf<\/a><a href=\"https:\/\/img80002414.weyesimg.com\/uploads\/www.hommy.com\/addon\/16026420112105.pdf\" class=\"wp-block-file__button wp-element-button\" download aria-describedby=\"wp-block-file--pdf-1\">\u4e0b\u8f09<\/a><\/div>\n\n\n<div id=\"rank-math-faq\" class=\"rank-math-block\">\n<div class=\"rank-math-list\">\n<div id=\"faq-question-166851911\" class=\"rank-math-list-item\">\n<h3 class=\"rank-math-question\">\u00bfQu\u00e9 pasa si bates suero de leche?<\/h3>\n<div class=\"rank-math-answer\">\n\n<p>La diferencia b\u00e1sica entre una nata l\u00e1ctea y una no l\u00e1ctea es que la grasa but\u00edrica de la nata l\u00e1ctea tiene un punto de fusi\u00f3n de unos 56 grados, que es superior al del agua del suero de leche o el yogur. Esto significa que si se bate la nata, la grasa but\u00edrica se batir\u00e1 y no se separar\u00e1 siempre que se bata durante unos minutos.<\/p>\n\n<\/div>\n<\/div>\n<div id=\"faq-question-166851912\" class=\"rank-math-list-item\">\n<h3 class=\"rank-math-question\">\u00bfC\u00f3mo se mezcla el hielo en la batidora?<\/h3>\n<div class=\"rank-math-answer\">\n\n<p>He probado varios m\u00e9todos, pero ninguno de ellos funciona del todo bien. Intent\u00e9 mezclar hielo en el congelador y se convierte en aguanieve. Intent\u00e9 mezclar hielo y luego dejarlo en el congelador durante la noche, pero luego tengo que rasparlo al d\u00eda siguiente y hace demasiado fr\u00edo. Intent\u00e9 mezclar hielo y luego ponerlo en una licuadora para que se enfr\u00ede, pero tengo que agregar agua a la licuadora para que funcione.<\/p>\n\n<\/div>\n<\/div>\n<div id=\"faq-question-166851913\" class=\"rank-math-list-item\">\n<h3 class=\"rank-math-question\">\u00bfQu\u00e9 ingrediente hace que el helado sea m\u00e1s cremoso?<\/h3>\n<div class=\"rank-math-answer\">\n\n<p>La base del helado se compone de grasa emulsionada o nata (mezclada con agua o leche) que luego se congela. Puede tener diferentes consistencias, de blanda a firme, dependiendo del contenido de grasa y de la cantidad de aire que se incorpore durante el proceso de congelaci\u00f3n.<\/p>\n\n<\/div>\n<\/div>\n<\/div>\n<\/div>","protected":false},"excerpt":{"rendered":"<p>One shot ice cream machine One shot ice cream machine|Product specification|Product Features|Product Advantage The One shot ice creams available in the market are being processed with the utmost care to add the desired amount of flavours. One shot ice creams do not contain any preservatives. It is only a combination of fruit and other natural [&hellip;]<\/p>\n","protected":false},"featured_media":2598,"comment_status":"open","ping_status":"open","template":"","meta":{"_swt_meta_header_display":false,"_swt_meta_footer_display":false,"_swt_meta_site_title_display":false,"_swt_meta_sticky_header":false,"_swt_meta_transparent_header":false},"product_brand":[],"product_cat":[86],"product_tag":[],"class_list":{"0":"post-937","1":"product","2":"type-product","3":"status-publish","4":"has-post-thumbnail","6":"product_cat-one-shot-machine","8":"first","9":"instock","10":"shipping-taxable","11":"product-type-simple"},"_links":{"self":[{"href":"https:\/\/www.hommy.com\/es\/wp-json\/wp\/v2\/product\/937","targetHints":{"allow":["GET"]}}],"collection":[{"href":"https:\/\/www.hommy.com\/es\/wp-json\/wp\/v2\/product"}],"about":[{"href":"https:\/\/www.hommy.com\/es\/wp-json\/wp\/v2\/types\/product"}],"replies":[{"embeddable":true,"href":"https:\/\/www.hommy.com\/es\/wp-json\/wp\/v2\/comments?post=937"}],"wp:featuredmedia":[{"embeddable":true,"href":"https:\/\/www.hommy.com\/es\/wp-json\/wp\/v2\/media\/2598"}],"wp:attachment":[{"href":"https:\/\/www.hommy.com\/es\/wp-json\/wp\/v2\/media?parent=937"}],"wp:term":[{"taxonomy":"product_brand","embeddable":true,"href":"https:\/\/www.hommy.com\/es\/wp-json\/wp\/v2\/product_brand?post=937"},{"taxonomy":"product_cat","embeddable":true,"href":"https:\/\/www.hommy.com\/es\/wp-json\/wp\/v2\/product_cat?post=937"},{"taxonomy":"product_tag","embeddable":true,"href":"https:\/\/www.hommy.com\/es\/wp-json\/wp\/v2\/product_tag?post=937"}],"curies":[{"name":"wp","href":"https:\/\/api.w.org\/{rel}","templated":true}]}}