{"id":929,"date":"2024-07-02T17:24:45","date_gmt":"2024-07-02T17:24:45","guid":{"rendered":"http:\/\/localhost\/hommywp\/sd-216-hot-sale-display-showcase-freezer-for-one-shot-machine\/"},"modified":"2025-08-01T09:57:46","modified_gmt":"2025-08-01T09:57:46","slug":"congelador-expositor-comercial-de-helados-congelador-expositor-comercial-de-helados-con-puerta-de-cristal-curvada","status":"publish","type":"product","link":"https:\/\/www.hommy.com\/es\/p\/congelador-expositor-comercial-de-helados-congelador-expositor-comercial-de-helados-con-puerta-de-cristal-curvada\/","title":{"rendered":"Sd 216 Hot Sale Vitrina Congelador Para M\u00e1quina De Un Solo Tiro"},"content":{"rendered":"<div>\n<p style=\"text-align: center\"><\/p>\n<p style=\"text-align: center\"><\/p>\n<h2 style=\"text-align: center\"><strong><span style=\"font-family: arial, helvetica, sans-serif;font-size: 29px;letter-spacing: 0px\"><a name=\"One-shot display showcase freezer\"><\/a>Congelador vitrina de un solo uso<\/span><\/strong><br \/><\/h2>\n<p style=\"text-align: center\"><a href=\"#One-shot display showcase freezer\" target=\"_self\" data-lv=\"0\" rel=\"noopener\"><span style=\"font-size: 16px\">Congelador vitrina de un solo uso<\/span><\/a><span style=\"font-size: 16px\">|<a href=\"#Product specification\" target=\"_self\" data-lv=\"0\" rel=\"noopener\">Especificaci\u00f3n del producto<\/a>|<a href=\"#Product Features\" target=\"_self\" data-lv=\"0\" rel=\"noopener\">Caracter\u00edsticas del producto<\/a>|<a href=\"#PRODUCT ADVANTAGE\" target=\"_self\" data-lv=\"0\" rel=\"noopener\">VENTAJA DEL PRODUCTO<\/a>|<a href=\"#Suitable size|Classification basin\" target=\"_self\" data-lv=\"0\" rel=\"noopener\">Tama\u00f1o adecuado|Cuenca de clasificaci\u00f3n<\/a><\/span><\/p>\n<p style=\"text-align: left\"><\/p>\n<p style=\"text-align: center\"><span style=\"font-size: 24px;text-align: left\">&nbsp;<\/span><\/p>\n<p><span style=\"font-size: 24px;text-align: left\"><\/span><\/p>\n<p style=\"margin-top:0;margin-right:0;margin-bottom:0;margin-left:0;text-indent:0;text-align:justify\"><span style=\"font-size: 24px\"><strong><span style=\"letter-spacing: 0px;font-family: arial, helvetica, sans-serif\"><\/span><\/strong><\/span><\/p>\n<p>El congelador vitrina ofrecido se desarrolla utilizando material de primera calidad que asegura una alta durabilidad. Por otra parte, este congelador escaparate est\u00e1 dise\u00f1ado por nuestros profesionales con el fin de proporcionar a un precio competitivo. Por otra parte, este congelador vitrina est\u00e1 disponible en diferentes tama\u00f1os y dise\u00f1os seg\u00fan el requisito de los clientes.<\/p>\n<p style=\"margin-top:0;margin-right:0;margin-bottom:0;margin-left:0;text-indent:0;text-align:justify\"><span style=\"font-size: 24px\"><strong><span style=\"letter-spacing: 0px;font-family: arial, helvetica, sans-serif\"><\/span><\/strong><\/span><\/p>\n<h2 style=\"margin: 0px;text-indent: 0px;text-align: justify\"><span style=\"font-size: 24px\"><strong><span style=\"letter-spacing: 0px;font-family: arial, helvetica, sans-serif\"><a name=\"Product specification\"><\/a>Especificaciones del producto\uff1a<\/span><\/strong><\/span><span style=\"letter-spacing: 0px;font-size: 16px;font-family: arial, helvetica, sans-serif\"> <\/span><\/h2>\n<p style=\"margin-top:0;margin-right:0;margin-bottom:0;margin-left:0;text-indent:0;text-align:justify\"><span style=\"letter-spacing: 0px;font-size: 16px;font-family: arial, helvetica, sans-serif\">Este congelador expositor comercial de helados puede ser el equipo necesario de la F\u00e1brica y el equipo necesario de la Peque\u00f1a tienda.<\/span><\/p>\n<p style=\"margin-top:0;margin-right:0;margin-bottom:0;margin-left:0;text-indent:0;text-align:justify\"><span style=\"letter-spacing: 0px;font-size: 16px;font-family: arial, helvetica, sans-serif\">Despu\u00e9s de terminar la producci\u00f3n de helado y envasarlo en la copa, entonces, el encargado de la tienda puede enviar la copa en el helado peque\u00f1o<\/span><\/p>\n<p style=\"margin-top:0;margin-right:0;margin-bottom:0;margin-left:0;text-indent:0;text-align:justify\"><span style=\"letter-spacing: 0px;font-size: 16px;font-family: arial, helvetica, sans-serif\">congelador de exposici\u00f3n en diferentes ubicaciones.<\/span><\/p>\n<p style=\"margin-top:0;margin-right:0;margin-bottom:0;margin-left:0;text-indent:0;text-align:justify\"><span style=\"letter-spacing: 0px;font-size: 16px;font-family: arial, helvetica, sans-serif\"><br \/><\/span><\/p>\n<p><span style=\"font-size: 24px;text-align: left\"><\/span><\/p>\n<table class=\"table table-bordered table-hover\" width=\"747\">\n<tbody>\n<tr class=\"firstRow\">\n<td width=\"80\" valign=\"center\" style=\"line-height: 1.42857\">\n<p style=\"text-align: center\">Modelo<\/p>\n<\/td>\n<td width=\"128\" valign=\"center\" style=\"line-height: 1.42857\">\n<p style=\"text-align: center\">Dimensiones (mm)<\/p>\n<\/td>\n<td width=\"73\" valign=\"center\" style=\"line-height: 1.42857\">\n<p style=\"text-align: center\">Capacidad del congelador<\/p>\n<\/td>\n<td width=\"195\" valign=\"center\" style=\"line-height: 1.42857\">\n<p style=\"text-align: center\">Consumo de energ\u00eda&nbsp;<br \/>&nbsp; &nbsp; &nbsp;(kw.h\/24h)<\/p>\n<\/td>\n<td width=\"197\" valign=\"center\" style=\"line-height: 1.42857\">\n<p style=\"text-align: center\">Consumo de energ\u00eda&nbsp;<br \/>&nbsp; &nbsp; &nbsp;(kw.h\/24h)<\/p>\n<\/td>\n<td width=\"109\" valign=\"center\" style=\"line-height: 1.42857\">\n<p style=\"text-align: center\">Temperatura<\/p>\n<\/td>\n<td width=\"96\" valign=\"center\" style=\"line-height: 1.42857\">\n<p style=\"text-align: center\">Refrigerante<\/p>\n<\/td>\n<\/tr>\n<tr>\n<td width=\"80\" valign=\"center\" style=\"line-height: 1.42857\">\n<p style=\"text-align: center\">SD-216<\/p>\n<\/td>\n<td width=\"128\" valign=\"center\" style=\"line-height: 1.42857\">\n<p style=\"text-align: center\">625*755*1100<\/p>\n<\/td>\n<td width=\"73\" valign=\"center\" style=\"line-height: 1.42857\">\n<p style=\"text-align: center\">163L<\/p>\n<\/td>\n<td width=\"195\" valign=\"center\" style=\"line-height: 1.42857\">\n<p style=\"text-align: center\">1.50<\/p>\n<\/td>\n<td width=\"197\" valign=\"center\" style=\"line-height: 1.42857\">\n<p style=\"text-align: center\">55<\/p>\n<\/td>\n<td width=\"109\" valign=\"center\" style=\"line-height: 1.42857\">\n<p style=\"text-align: center\">-18\u22640\u226410<\/p>\n<\/td>\n<td width=\"96\" valign=\"center\" style=\"line-height: 1.42857\">\n<p style=\"text-align: center\">134a<\/p>\n<\/td>\n<\/tr>\n<\/tbody>\n<\/table>\n<p><span style=\"font-size: 24px\">&nbsp;<\/span><\/p>\n<div class=\"d-tem11-graphic tem11-graphic mockup\" data-detail=\"wrap\">\n<div class=\"tab_row\">\n<div class=\"img\" style=\"width: 50%\">\n<p style=\"text-align:center\"><\/p>\n<p style=\"text-align:center\"><img loading=\"lazy\" decoding=\"async\" title=\"\" alt=\"producto-Hommy-img\" src=\"https:\/\/www.hommy.com\/wp-content\/uploads\/16012694865063.jpg\" width=\"500\" height=\"300\" border=\"0\" vspace=\"0\" style=\"width: 500px;height: 300px\"><\/p>\n<\/div>\n<div class=\"text_box\" style=\"width: 50%\">\n<div class=\"txt\">\n<div class=\"title\">\n<h2><span style=\"font-family: arial, helvetica, sans-serif\"><strong><span style=\"font-size: 29px;letter-spacing: 0px\"><a name=\"Product Features\"><\/a>Caracter\u00edsticas del producto\uff1a<\/span><\/strong><\/span><\/h2>\n<\/div>\n<p>&nbsp;<\/p>\n<p style=\"text-indent: 0\"><span style=\"font-family: Arial;letter-spacing: 0;font-size: 14px\">Adem\u00e1s, los ingenieros m\u00e1s cualificados, los tecn\u00f3logos m\u00e1s h\u00e1biles y el personal con m\u00e1s conocimientos contribuyen en gran medida al desarrollo de la empresa.<\/span><\/p>\n<p style=\"text-indent: 0\"><span style=\"font-family: Arial;letter-spacing: 0;font-size: 14px\"><\/span><\/p>\n<p style=\"text-indent: 0\"><span style=\"font-family: Arial;letter-spacing: 0;font-size: 14px\">1. Espumado integral de capa de espuma m\u00e1s uniforme y compacta para un mejor efecto aislante.&nbsp;<\/span><\/p>\n<p style=\"text-indent: 0\"><span style=\"font-family: Arial;letter-spacing: 0;font-size: 14px\">2. Tubo de bobinado para todo el gabinete , muy estrecha y compacta entre cada capa.&nbsp;<\/span><\/p>\n<p style=\"text-indent: 0\"><span style=\"font-family: Arial;letter-spacing: 0;font-size: 14px\">3. El sistema de refrigeraci\u00f3n razonable y cient\u00edfico proporciona una gran potencia y un bajo consumo de energ\u00eda.&nbsp;<\/span><\/p>\n<p style=\"text-indent: 0\"><span style=\"font-family: Arial;letter-spacing: 0;font-size: 14px\">4. Puerta de cristal templado revestido para una mejor visualizaci\u00f3n y efecto aislante, garantizando al mismo tiempo un tacto seguro.&nbsp;<\/span><\/p>\n<p style=\"text-indent: 0\"><span style=\"font-family: Arial;letter-spacing: 0;font-size: 14px\">5. 5. Gu\u00eda de puerta lisa para facilitar la apertura y el cierre.&nbsp;<\/span><\/p>\n<p style=\"text-indent: 0\"><span style=\"font-family: Arial;letter-spacing: 0;font-size: 14px\">6. Compresor de marca con gran potencia y alta eficiencia.&nbsp;<\/span><\/p>\n<p style=\"text-indent: 0\"><span style=\"font-family: Arial;letter-spacing: 0;font-size: 14px\">7. Equipado con cestas regulables para aprovechar al m\u00e1ximo el espacio.&nbsp;<\/span><\/p>\n<p><span style=\"font-family:\u5b8b\u4f53;font-size:16px\">8.<\/span><span style=\"font-family:Calibri;font-size:16px\">Control de temperatura opcional, muy c\u00f3modo de usar;<\/span><span style=\"font-family:Calibri;font-size:16px\"><br \/><\/span><span style=\"font-family:\u5b8b\u4f53;font-size:16px\">9.<\/span><span style=\"font-family:Calibri;font-size:16px\">Todo el cuerpo con gr\u00e1ficos publicitarios seg\u00fan sus necesidades.<\/span><span style=\"font-family:Calibri;font-size:16px\"><br \/><\/span><span style=\"font-family:\u5b8b\u4f53;font-size:16px\">10. <\/span><span style=\"font-family:Calibri;font-size:16px\">Ruedas de f\u00e1cil desplazamiento;<\/span><\/p>\n<\/div>\n<\/div>\n<\/div>\n<\/div>\n<p>&nbsp;<\/p>\n<h2><strong><span style=\"font-size: 24px\"><a name=\"PRODUCT ADVANTAGE\"><\/a>VENTAJA DEL PRODUCTO<\/span><\/strong><\/h2>\n<p><span style=\"font-size: 16px;font-family: arial, helvetica, sans-serif\">Adem\u00e1s, los ingenieros m\u00e1s cualificados, los tecn\u00f3logos m\u00e1s h\u00e1biles y el personal con m\u00e1s conocimientos contribuyen en gran medida al desarrollo de la empresa.<\/span><\/p>\n<p><span style=\"font-size: 24px\"><\/span><\/p>\n<p>&nbsp; &nbsp; &nbsp; &nbsp; &nbsp; &nbsp;<\/p>\n<div class=\"d-tem01-graphic tem01-graphic mockup\" data-detail=\"wrap\">\n<div class=\"cont-section clearfix d-clearfix\">\n<div class=\"col-md-6 col-sm-6 col-xs-6\">\n<div class=\"right-p\">\n<h2><strong><span style=\"font-size: 24px;font-family: arial, helvetica, sans-serif\"><a name=\"Suitable size\"><\/a>Tama\u00f1o adecuado<\/span><\/strong><\/h2>\n<p><\/p>\n<p style=\"margin-top:0;margin-right:0;margin-bottom:0;margin-left:0\"><span style=\"font-size: 16px\"><span style=\"font-family: Arial;letter-spacing: 0px\">La estructura de la vitrina es sencilla y razonable, el efecto de ventilaci\u00f3n es muy bueno,<\/span><span style=\"font-family: Arial;letter-spacing: 0px\">el tama\u00f1o del escaparate es peque\u00f1o.<\/span><\/span><\/p>\n<p><\/p>\n<p><\/p>\n<p><\/p>\n<p><\/p>\n<\/div>\n<div class=\"graphic_pic animated wow bounceIn\" data-wow-delay=\".7s\">\n<p style=\"text-align:center\"><img loading=\"lazy\" decoding=\"async\" src=\"https:\/\/www.hommy.com\/wp-content\/uploads\/16012694322123.jpg\" alt=\"producto-SD 216 vitrina expositora congelador-Hommy-img\" title=\"\" width=\"350\" height=\"637\" border=\"0\" vspace=\"0\" style=\"width: 350px;height: 637px\"><\/p>\n<\/div>\n<\/div>\n<div class=\"col-md-6 col-sm-6 col-xs-6\">\n<div class=\"right-p\">\n<h2><strong><span style=\"font-size: 24px;font-family: arial, helvetica, sans-serif\"><a name=\"Classification basin\"><\/a>Cuenca de clasificaci\u00f3n<\/span><\/strong><\/h2>\n<p><\/p>\n<p style=\"margin-top:0;margin-right:0;margin-bottom:0;margin-left:0\"><span style=\"font-size: 16px;font-family: arial, helvetica, sans-serif\">La pantalla interior tiene 2 cuencas de clasificaci\u00f3n para separar los diferentes productos, que puede ser f\u00e1cil de vender para el cliente.<\/span><\/p>\n<p style=\"margin-top:0;margin-right:0;margin-bottom:0;margin-left:0\"><span style=\"font-family:Calibri;font-size:16px\"><br \/><\/span><\/p>\n<p><\/p>\n<p><\/p>\n<p><\/p>\n<p style=\"text-align:center\"><\/p>\n<p style=\"text-align:center\"><img loading=\"lazy\" decoding=\"async\" src=\"https:\/\/www.hommy.com\/wp-content\/uploads\/15794966926267.jpg\" alt=\"producto-Hommy-img\" title=\"\" width=\"350\" height=\"458\" border=\"0\" vspace=\"0\" style=\"width: 350px;height: 458px\"><\/p>\n<p><span>&nbsp; &nbsp; &nbsp; &nbsp; &nbsp; &nbsp; &nbsp;<\/span><\/p>\n<\/div>\n<\/div>\n<\/div>\n<\/div>\n<p>Documento\uff1a<img decoding=\"async\" src=\"https:\/\/www.hommy.com\/wp-content\/uploads\/icon_pdf-68.gif\" style=\"margin-right: 2px\" alt=\"producto-Hommy-img\" title=\"\"><a href=\"https:\/\/img80002414.weyesimg.com\/uploads\/www.hommy.com\/addon\/16026409838814.pdf\" title=\"16026409838814.pdf\" style=\"font-size: 12px\">16026409838814.pdf<\/a>&nbsp; &nbsp; &nbsp; &nbsp;&nbsp;<\/p>\n<h2>\u00bfEs rentable la venta de agua?<\/h2>\n<p style=\"margin-top: 5px;margin-bottom: 5px\"><\/p>\n<p style=\"margin-top: 5px;margin-bottom: 5px\">La venta de agua es una buena idea si sabes c\u00f3mo hacerlo. Hay muchas formas de ganar dinero con ello, y a\u00fan m\u00e1s formas de perderlo.<\/p>\n<p style=\"margin-top: 5px;margin-bottom: 5px\"><\/p>\n<p style=\"margin-top: 5px;margin-bottom: 5px\">En este art\u00edculo, le mostraremos c\u00f3mo ganar dinero con la venta de agua y tambi\u00e9n le explicaremos cu\u00e1les son las estrategias de venta de agua m\u00e1s rentables.<\/p>\n<p style=\"margin-top: 5px;margin-bottom: 5px\"><\/p>\n<p style=\"margin-top: 5px;margin-bottom: 5px\">Si ya tienes un negocio, es posible que te hayan propuesto una idea de venta de agua y quieras saber si puedes ganar dinero con ella.<\/p>\n<p style=\"margin-top: 5px;margin-bottom: 5px\"><\/p>\n<p style=\"margin-top: 5px;margin-bottom: 5px\"><\/p>\n<h2>\u00bfGanan dinero las m\u00e1quinas expendedoras de agua?<\/h2>\n<p style=\"margin-top: 5px;margin-bottom: 5px\"><\/p>\n<p style=\"margin-top: 5px;margin-bottom: 5px\">Una m\u00e1quina expendedora de agua podr\u00eda ser la pr\u00f3xima gran novedad del vending.<\/p>\n<p style=\"margin-top: 5px;margin-bottom: 5px\"><\/p>\n<p style=\"margin-top: 5px;margin-bottom: 5px\">El agua es un bien valioso, especialmente en Estados Unidos, donde los residentes se ven obligados con frecuencia a pagar precios exorbitantes por el producto.<\/p>\n<p style=\"margin-top: 5px;margin-bottom: 5px\"><\/p>\n<p style=\"margin-top: 5px;margin-bottom: 5px\">La Asociaci\u00f3n M\u00e9dica Americana (AMA) calcula que el hogar medio gasta $1.000 al a\u00f1o en agua embotellada.<\/p>\n<p style=\"margin-top: 5px;margin-bottom: 5px\"><\/p>\n<p style=\"margin-top: 5px;margin-bottom: 5px\">Es mucho dinero, sobre todo teniendo en cuenta que puedes conseguir la misma cantidad de agua por $0,11 por gal\u00f3n en una gasolinera.<\/p>\n<p style=\"margin-top: 5px;margin-bottom: 5px\"><\/p>\n<p style=\"margin-top: 5px;margin-bottom: 5px\">\u00bfExiste alg\u00fan fabricador de hielo que haga hielo como Sonic? No me refiero a una 3-tonic, ni a una independiente, ni siquiera a una compacta. Me refiero a una m\u00e1quina de hielo de verdad, de las que se ponen en el congelador.<\/p>\n<p style=\"margin-top: 5px;margin-bottom: 5px\"><\/p>\n<p style=\"margin-top: 5px;margin-bottom: 5px\">Durante a\u00f1os, me hac\u00eda mis propios cubitos de hielo en una bolsa de pl\u00e1stico. Me levantaba en mitad de la noche para hacer hielo, cuando quer\u00eda hielo, y luego ten\u00eda hielo, cuando quer\u00eda hielo. En verano, met\u00eda el hielo en el congelador para hacer helado. En invierno, lo met\u00eda en el congelador para hacer limonada fr\u00eda.&nbsp; &nbsp; &nbsp; &nbsp; &nbsp; &nbsp; &nbsp; &nbsp; &nbsp; &nbsp; &nbsp; &nbsp; &nbsp; &nbsp; &nbsp; &nbsp; &nbsp; &nbsp; &nbsp; &nbsp; &nbsp; &nbsp; &nbsp; &nbsp;<\/p>\n<\/div><\/div>","protected":false},"excerpt":{"rendered":"<p>One-shot display showcase freezer One-shot display showcase freezer|Product specification|Product Features|PRODUCT ADVANTAGE|Suitable size|Classification basin &nbsp; The offered showcase freezer is developed using finest quality material that assures high durability. Moreover, this showcase freezer is designed by our professionals with a view to provide it at competitive price. Moreover, this showcase freezer is available in different sizes [&hellip;]<\/p>\n","protected":false},"featured_media":925,"comment_status":"open","ping_status":"open","template":"","meta":{"_swt_meta_header_display":false,"_swt_meta_footer_display":false,"_swt_meta_site_title_display":false,"_swt_meta_sticky_header":false,"_swt_meta_transparent_header":false},"product_brand":[],"product_cat":[86],"product_tag":[],"class_list":{"0":"post-929","1":"product","2":"type-product","3":"status-publish","4":"has-post-thumbnail","6":"product_cat-one-shot-machine","8":"first","9":"instock","10":"shipping-taxable","11":"product-type-simple"},"_links":{"self":[{"href":"https:\/\/www.hommy.com\/es\/wp-json\/wp\/v2\/product\/929","targetHints":{"allow":["GET"]}}],"collection":[{"href":"https:\/\/www.hommy.com\/es\/wp-json\/wp\/v2\/product"}],"about":[{"href":"https:\/\/www.hommy.com\/es\/wp-json\/wp\/v2\/types\/product"}],"replies":[{"embeddable":true,"href":"https:\/\/www.hommy.com\/es\/wp-json\/wp\/v2\/comments?post=929"}],"wp:featuredmedia":[{"embeddable":true,"href":"https:\/\/www.hommy.com\/es\/wp-json\/wp\/v2\/media\/925"}],"wp:attachment":[{"href":"https:\/\/www.hommy.com\/es\/wp-json\/wp\/v2\/media?parent=929"}],"wp:term":[{"taxonomy":"product_brand","embeddable":true,"href":"https:\/\/www.hommy.com\/es\/wp-json\/wp\/v2\/product_brand?post=929"},{"taxonomy":"product_cat","embeddable":true,"href":"https:\/\/www.hommy.com\/es\/wp-json\/wp\/v2\/product_cat?post=929"},{"taxonomy":"product_tag","embeddable":true,"href":"https:\/\/www.hommy.com\/es\/wp-json\/wp\/v2\/product_tag?post=929"}],"curies":[{"name":"wp","href":"https:\/\/api.w.org\/{rel}","templated":true}]}}