{"id":924,"date":"2024-07-02T17:24:40","date_gmt":"2024-07-02T17:24:40","guid":{"rendered":"http:\/\/localhost\/hommywp\/hm26-one-shot-ice-cream-uk-dispenser-machine-factory-cost\/"},"modified":"2025-08-01T09:57:46","modified_gmt":"2025-08-01T09:57:46","slug":"maquina-de-helados-de-un-solo-golpe-dispensador-de-helados","status":"publish","type":"product","link":"https:\/\/www.hommy.com\/es\/p\/maquina-de-helados-de-un-solo-golpe-dispensador-de-helados\/","title":{"rendered":"Hm26 One Shot Helado Uk M\u00e1quina Dispensadora Costo de F\u00e1brica"},"content":{"rendered":"<div>\n<p>&nbsp;&nbsp;&nbsp;&nbsp;<\/p>\n<h2 style=\"text-align: center\"><span style=\"letter-spacing: 0px;font-size: 29px;font-family: arial, helvetica, sans-serif\"><a name=\"One shot ice cream machine UK\"><\/a>M\u00e1quina de helados One shot UK<\/span><\/h2>\n<p style=\"text-align: center\"><a href=\"#One shot ice cream machine UK\" target=\"_self\" data-lv=\"0\" rel=\"noopener\"><span style=\"letter-spacing: 0px;font-family: arial, helvetica, sans-serif;font-size: 16px\">M\u00e1quina de helados One shot UK<\/span><\/a><span style=\"letter-spacing: 0px;font-family: arial, helvetica, sans-serif;font-size: 16px\">|<a href=\"#Product specification\" target=\"_self\" data-lv=\"0\" rel=\"noopener\">Especificaci\u00f3n del producto<\/a>|<a href=\"#Product Features\" target=\"_self\" data-lv=\"0\" rel=\"noopener\">Caracter\u00edsticas del producto<\/a>|<a href=\"#Product Advantage\" target=\"_self\" data-lv=\"0\" rel=\"noopener\">Ventajas del producto<\/a><\/span><\/p>\n<p>Nuestro tiro <a style=\"color:blue\" href=\"\/es\/\">m\u00e1quina de helados<\/a>s son ampliamente apreciados por nuestros consumidores por su calidad, que se ofrece en varios sabores, ofrecemos una amplia gama de un disparo m\u00e1quina de helados en el Reino Unido. Estos son ampliamente demandados en el mercado por su calidad suprema y precios bajos. Ofrecido en varios tama\u00f1os, ofrecemos los mejores productos de calidad a nuestros clientes.<\/p>\n<p style=\"text-align: center\">\n<p><\/p>\n<p style=\"margin-top:0;margin-right:0;margin-bottom:0;margin-left:0;text-indent:0;text-align:justify\"><span style=\"font-size: 24px\"><strong><span style=\"letter-spacing: 0px;font-family: arial, helvetica, sans-serif\"><a name=\"Product specification\"><\/a><br \/><\/span><\/strong><\/span><\/p>\n<h2 style=\"margin: 0px;text-indent: 0px;text-align: justify\"><span style=\"font-size: 24px\"><strong><span style=\"letter-spacing: 0px;font-family: arial, helvetica, sans-serif\"><a name=\"Product specification\"><\/a>Especificaci\u00f3n del producto:<\/span><\/strong><\/span><\/h2>\n<p style=\"margin-top:0;margin-right:0;margin-bottom:0;margin-left:0;text-indent:0;text-align:justify\"><span style=\"letter-spacing: 0px;font-family: arial, helvetica, sans-serif;font-size: 16px\">La m\u00e1quina One-Shot ha cambiado todas las reglas para la dispensaci\u00f3n de postres congelados, incluyendo helado, yogur helado ...... m\u00e1quina One-Shot es el verdadero cambio de juego. No hay necesidad de estar encerrado en el legado de la tecnolog\u00eda de servicio suave , y tambi\u00e9n puede reducir las complicaciones de la f\u00e1brica de helados . La pesadilla de desinfecci\u00f3n asociada, el aumento de los costos de energ\u00eda, la calidad variable y la integridad del producto y los residuos sustanciales no ser\u00e1n una cuesti\u00f3n.<\/span><\/p>\n<p style=\"margin-top:0;margin-right:0;margin-bottom:0;margin-left:0;text-indent:0;text-align:justify\"><span style=\"letter-spacing: 0px;font-family: arial, helvetica, sans-serif;font-size: 16px\"><br \/><\/span><\/p>\n<p style=\"text-align: center\"><\/p>\n<p style=\"text-align: center\"><img decoding=\"async\" src=\"https:\/\/www.hommy.com\/wp-content\/uploads\/16012600217515.png\" alt=\"producto-Hommy-img\" title=\"\"><\/p>\n<p><\/p>\n<p><\/p>\n<p><span style=\"letter-spacing: 0px;font-size: 24px;font-family: arial, helvetica, sans-serif\"><\/span><\/p>\n<div class=\"d-tem01-graphic tem01-graphic mockup\" data-detail=\"wrap\">\n<div class=\"cont-section clearfix d-clearfix\">\n<div class=\"col-md-6 col-sm-6 col-xs-6\">\n<div class=\"right-p\">\n<p style=\"text-align:center\"><img loading=\"lazy\" decoding=\"async\" src=\"https:\/\/www.hommy.com\/wp-content\/uploads\/16012603409210.png\" alt=\"producto-Hommy-img\" title=\"\" width=\"350\" height=\"500\" border=\"0\" vspace=\"0\" style=\"width: 350px;height: 500px\"><\/p>\n<p><\/p>\n<p><\/p>\n<div class=\"description\">\n<p style=\"margin-top:0;margin-right:0;margin-bottom:0;margin-left:0;text-indent:0;text-align:justify\"><span style=\"letter-spacing: 0px;font-size: 16px;font-family: arial, helvetica, sans-serif\">El nuevo mundo de la m\u00e1quina One-Shot puede ayudarle a combinar el beneficio con la integridad del producto.<\/span><\/p>\n<\/div>\n<\/div>\n<p>&nbsp; &nbsp; &nbsp; &nbsp; &nbsp; &nbsp; &nbsp;<\/p><\/div>\n<div class=\"col-md-6 col-sm-6 col-xs-6\">\n<div class=\"right-p\">\n<div class=\"h2 heading\">\n<h2 style=\"margin: 0px;text-indent: 0px;text-align: justify\"><span style=\"font-size: 24px\"><strong><span style=\"letter-spacing: 0px;font-family: arial, helvetica, sans-serif\"><a name=\"Product Features\"><\/a>Caracter\u00edsticas del producto:<\/span><\/strong><\/span><\/h2>\n<p style=\"margin-top:0;margin-right:0;margin-bottom:0;margin-left:0;text-indent:0;text-align:justify\"><strong><span style=\"letter-spacing: 0px;font-size: 16px;font-family: arial, helvetica, sans-serif\"><br \/><\/span><\/strong><\/p>\n<p style=\"margin-top:0;margin-right:0;margin-bottom:0;margin-left:0;text-indent:0;text-align:justify\"><span style=\"letter-spacing: 0px;font-size: 16px;font-family: arial, helvetica, sans-serif\">Demostraci\u00f3n de la l\u00ednea de producci\u00f3n:<\/span><\/p>\n<p style=\"margin-top:0;margin-right:0;margin-bottom:0;margin-left:0;text-indent:0;text-align:justify\"><span style=\"font-size: 16px;font-family: Symbol\">\u00a8&nbsp;<\/span><span style=\"font-size: 16px;font-family: Calibri\">F\u00e1cil de usar.<\/span><\/p>\n<p style=\"margin-top:0;margin-right:0;margin-bottom:0;margin-left:0;text-indent:0;text-align:justify\"><span style=\"font-size: 16px;font-family: Symbol\">\u00a8&nbsp;<\/span><span style=\"font-size: 16px;font-family: Calibri\">Sin l\u00edos, sin limpieza, sin residuos.<\/span><\/p>\n<p style=\"margin-top:0;margin-right:0;margin-bottom:0;margin-left:0;text-indent:0;text-align:justify\"><span style=\"font-size: 16px;font-family: Symbol\">\u00a8&nbsp;<\/span><span style=\"font-size: 16px;font-family: Calibri\">Seguro para el usuario.<\/span><\/p>\n<p style=\"margin-top:0;margin-right:0;margin-bottom:0;margin-left:0;text-indent:0;text-align:justify\"><span style=\"font-size: 16px;font-family: Symbol\">\u00a8&nbsp;<\/span><span style=\"font-size: 16px;font-family: Calibri\">Seleccione su postre helado sabroso del congelador.<\/span><\/p>\n<p style=\"margin-left:0;text-indent:0\"><span style=\"font-size: 16px;font-family: arial, helvetica, sans-serif\"><span style=\"font-family: Symbol;font-size: 16px\">\u00a8&nbsp;<\/span><span style=\"font-family: Calibri;font-size: 16px\">Retire la leng\u00fceta protectora y col\u00f3quelo en el dispensador.<\/span><\/span><\/p>\n<p style=\"margin-left:0;text-indent:0\"><span style=\"font-size: 16px;font-family: arial, helvetica, sans-serif\"><span style=\"font-family: Symbol;font-size: 16px\">\u00a8&nbsp;<\/span><span style=\"font-family: Calibri;font-size: 16px\">Pulse el bot\u00f3n dispensador y el delicioso postre helado estar\u00e1 listo en unos segundos.<\/span><\/span><\/p>\n<p style=\"margin-left:0;text-indent:0\"><span style=\"font-size: 16px;font-family: Symbol\">\u00a8&nbsp;<\/span><span style=\"font-size: 16px;font-family: Calibri\">La taza est\u00e1 fabricada con un material especial, lo que garantiza su solidez.<\/span><\/p>\n<p style=\"margin-left:0;text-indent:0\"><span style=\"font-size: 16px;font-family: Symbol\">\u00a8&nbsp;<\/span><span style=\"font-size: 16px;font-family: Calibri\">Con leng\u00fceta protectora extra\u00edble en la parte superior.<\/span><\/p>\n<p style=\"margin-left:0;text-indent:0\"><span style=\"font-size: 16px;font-family: Symbol\">\u00a8&nbsp;<\/span><span style=\"font-size: 16px;font-family: Calibri\">Dise\u00f1o especial: el postre helado se sirve de la taza al cono. Sin masa y sin desperdicio.<\/span><\/p>\n<p style=\"margin-left:0;text-indent:0\"><span style=\"font-size: 16px;font-family: Symbol\">\u00a8&nbsp;<\/span><span style=\"font-size: 16px;font-family: Calibri\">Exterior: 250 x 200 x 630 mm<\/span><\/p>\n<p style=\"margin-left:0;text-indent:0\"><span style=\"font-size: 16px;font-family: Symbol\">\u00a8&nbsp;<\/span><span style=\"font-size: 16px;font-family: \u5b8b\u4f53\">Poder\uff1a<\/span><span style=\"font-size: 16px;font-family: Calibri\">220~240V 50Hz.<\/span><span style=\"font-size: 16px;font-family: \u5b8b\u4f53\">&nbsp;,<\/span><span style=\"font-size: 16px;font-family: Calibri\">208~230V 60Hz.<\/span><\/p>\n<p><span>&nbsp; &nbsp; &nbsp; &nbsp;<\/span><\/div>\n<\/div>\n<\/div>\n<\/div>\n<\/div>\n<h2><strong><span style=\"letter-spacing: 0px;font-size: 24px;font-family: arial, helvetica, sans-serif\"><a name=\"Product Advantage\"><\/a>Ventaja del producto:<\/span><\/strong><\/h2>\n<p><span style=\"letter-spacing: 0px;font-size: 24px;font-family: arial, helvetica, sans-serif\"><\/span><\/p>\n<div class=\"d-tem01-graphic tem01-graphic mockup\" data-detail=\"wrap\">\n<div class=\"cont-section clearfix d-clearfix\">\n<div class=\"col-md-6 col-sm-6 col-xs-6\">\n<div class=\"right-p\">\n<div class=\"h2 heading\">\n<p><span style=\"font-family: arial, helvetica, sans-serif;font-size: 16px\">1. Tenemos dos tipos de taza para que usted elija HM25-C y HM26-C. HM25-C s\u00f3lo se puede utilizar una vez, HM26-C se puede utilizar 2-3 veces.<\/span><\/p>\n<p><span style=\"font-family: arial, helvetica, sans-serif;font-size: 16px\"><br \/><\/span><\/p>\n<p><span style=\"font-family: arial, helvetica, sans-serif;font-size: 16px\"><br \/><\/span><\/p>\n<p><span style=\"font-family: arial, helvetica, sans-serif;font-size: 16px\"><br \/><\/span><\/p>\n<\/div>\n<\/div>\n<div class=\"graphic_pic animated wow bounceIn\" data-wow-delay=\".7s\">\n<p style=\"text-align:center\"><img loading=\"lazy\" decoding=\"async\" src=\"https:\/\/www.hommy.com\/wp-content\/uploads\/16012607085625.png\" alt=\"producto-Hommy-HM26 helado one shot uk-img\" title=\"\" width=\"350\" height=\"377\" border=\"0\" vspace=\"0\" style=\"width: 350px;height: 377px\"><\/p>\n<\/div>\n<\/div>\n<div class=\"col-md-6 col-sm-6 col-xs-6\">\n<div class=\"right-p\">\n<div class=\"h2 heading\">\n<p style=\"margin-top:12px;margin-bottom:12px;margin-left:0;text-indent:0\"><span style=\"font-size: 16px\"><span style=\"font-family: Calibri\">2.Las c\u00e1psulas se producen en la f\u00e1brica directamente en la m\u00e1quina y se presionan hacia fuera. La mano del operador no ha tocado el helado, por lo que no hay ning\u00fan requisito espec\u00edfico para la colocaci\u00f3n<\/span><span style=\"font-family:\u5b8b\u4f53\">.<\/span><\/span><\/p>\n<p style=\"margin-top:12px;margin-bottom:12px;margin-left:0;text-indent:0\"><\/p>\n<p style=\"margin-top:12px;margin-bottom:12px;margin-left:0;text-indent:0\"><\/p>\n<p style=\"margin-top:12px;margin-bottom:12px;margin-left:0;text-indent:0\"><\/p>\n<p style=\"margin-top:12px;margin-bottom:12px;margin-left:0;text-indent:0\"><img decoding=\"async\" src=\"https:\/\/www.hommy.com\/wp-content\/uploads\/16012607454594.png\" alt=\"producto-Hommy-img\" style=\"font-size: 14px\" title=\"\"><span style=\"font-size: 14px\">&nbsp; &nbsp; &nbsp; &nbsp; &nbsp; &nbsp; &nbsp;<\/span><\/p>\n<\/div>\n<\/div>\n<\/div>\n<\/div>\n<\/div>\n<p><span style=\"font-family: inherit\"><\/span><\/p>\n<p><img loading=\"lazy\" decoding=\"async\" src=\"https:\/\/www.hommy.com\/wp-content\/uploads\/16012606001125.jpg\" style=\"width: 1200px;height: 503px\" title=\"\" alt=\"producto-HM26 one shot ice cream uk-Hommy-img\" width=\"1200\" height=\"503\" border=\"0\" vspace=\"0\"><\/p>\n<p><img loading=\"lazy\" decoding=\"async\" src=\"https:\/\/www.hommy.com\/wp-content\/uploads\/16012606023506.jpg\" style=\"width: 1200px;height: 413px\" title=\"\" alt=\"producto-Hommy-img\" width=\"1200\" height=\"413\" border=\"0\" vspace=\"0\"><\/p>\n<p><\/p>\n<p>Documento\uff1a<img decoding=\"async\" src=\"https:\/\/www.hommy.com\/wp-content\/uploads\/icon_pdf-67.gif\" style=\"margin-right: 2px\" alt=\"producto-Hommy-img-1\" title=\"\"><a href=\"https:\/\/img80002414.weyesimg.com\/uploads\/www.hommy.com\/addon\/16026391409903.pdf\" title=\"16026391409903.pdf\" style=\"font-size: 12px\">16026391409903.pdf<\/a><\/p>\n<p><span style=\"font-family: inherit\">&nbsp; &nbsp; &nbsp; &nbsp; &nbsp; &nbsp; &nbsp;<\/span><\/p>\n<p style=\"margin-top: 12px;margin-bottom: 12px\"><span style=\"font-size: 14px\">&nbsp; &nbsp; &nbsp; &nbsp; &nbsp; &nbsp; &nbsp;<\/span><\/p>\n<h2>\u00bfCon qu\u00e9 frecuencia limpia McDonalds su m\u00e1quina de helados?<\/h2>\n<p style=\"margin-top: 5px;margin-bottom: 5px\">La m\u00e1quina de helados de McDonald's se limpia una vez a la semana. McDonald's tiene un amplio programa de limpieza y desinfecci\u00f3n que incluye un ciclo semanal de todos sus restaurantes. Este consiste en la limpieza de todas las superficies de la cocina, as\u00ed como de todos los aseos y accesorios de los mismos. El proceso implica la aplicaci\u00f3n de un producto de limpieza patentado y un lavado a fondo a mano y a m\u00e1quina, as\u00ed como la limpieza de todas las superficies a base de agua\/hielo, que incluye la <a style=\"color:blue\" href=\"https:\/\/www.hommy.com\/es\/escaparate\/\">congelador de helados<\/a>s. El proceso de desinfecci\u00f3n tambi\u00e9n incluye la aplicaci\u00f3n de un desinfectante a base de agua, que se realiza en todas las superficies interiores del restaurante y en todas las superficies exteriores.<\/p>\n<p style=\"margin-top: 5px;margin-bottom: 5px\"><\/p>\n<h2>\u00bfC\u00f3mo funciona una KitchenAid <a style=\"color:blue\" href=\"\/es\/\">heladora<\/a> \u00bfTrabajar?<\/h2>\n<p style=\"margin-top: 5px;margin-bottom: 5px\">Las heladeras KitchenAid son las heladeras perfectas para fiestas, son f\u00e1ciles de usar y manejar, \u00a1y tienen un aspecto precioso! La heladora KitchenAid, como se ve arriba, cuenta con un recipiente interior de cobre que est\u00e1 unido a una unidad de refrigeraci\u00f3n de gran alcance que crea un efecto de batido. La heladora KitchenAid est\u00e1 disponible en una selecci\u00f3n de formas. Nuestra heladora KitchenAid es la heladora Perfect Serve, est\u00e1 disponible en forma redonda o cuadrada. La heladora KitchenAid redonda s\u00f3lo est\u00e1 disponible en acabado negro, mientras que la heladora KitchenAid cuadrada est\u00e1 disponible en acabado blanco o negro. La heladora KitchenAid, como se ve arriba, cuenta con cuatro cuencos de helado de dos litros que hacen hasta ocho postres individuales.<\/p>\n<p style=\"margin-top: 5px;margin-bottom: 5px\"><\/p>\n<h2>\u00bfEs lo mismo la leche condensada que la nata espesa?<\/h2>\n<p style=\"margin-top: 5px;margin-bottom: 5px\">La leche condensada es la leche espesa y azucarada que queda despu\u00e9s de eliminar la grasa but\u00edrica de la nata. Generalmente se denomina leche condensada, aunque puede llamarse leche condensada, nata o leche dulce seg\u00fan el fabricante. Es un alimento dulce, espeso y cremoso que se utiliza como edulcorante o en reposter\u00eda. Se elabora calentando la leche hasta que empieza a hervir y eliminando el agua a trav\u00e9s de un filtro, lo que deja s\u00f3lo la grasa y los s\u00f3lidos l\u00e1cteos. Los s\u00f3lidos se recogen en una lata o tarro y el resto de la leche se utiliza para elaborar otros productos.<\/p>\n<p>&nbsp; &nbsp; &nbsp; &nbsp; &nbsp; &nbsp; &nbsp;<\/p>\n<p><\/p>\n<\/div><\/div>","protected":false},"excerpt":{"rendered":"<p>&nbsp;&nbsp;&nbsp;&nbsp; One shot ice cream machine UK One shot ice cream machine UK|Product specification|Product Features|Product Advantage Our shot ice cream machines are widely appreciated by our consumers for their quality, Offered in various flavors, we offer a large range of one shot ice cream machine in UK. These are widely demanded in the market for [&hellip;]<\/p>\n","protected":false},"featured_media":917,"comment_status":"open","ping_status":"open","template":"","meta":{"_swt_meta_header_display":false,"_swt_meta_footer_display":false,"_swt_meta_site_title_display":false,"_swt_meta_sticky_header":false,"_swt_meta_transparent_header":false},"product_brand":[],"product_cat":[86],"product_tag":[],"class_list":{"0":"post-924","1":"product","2":"type-product","3":"status-publish","4":"has-post-thumbnail","6":"product_cat-one-shot-machine","8":"first","9":"instock","10":"shipping-taxable","11":"product-type-simple"},"_links":{"self":[{"href":"https:\/\/www.hommy.com\/es\/wp-json\/wp\/v2\/product\/924","targetHints":{"allow":["GET"]}}],"collection":[{"href":"https:\/\/www.hommy.com\/es\/wp-json\/wp\/v2\/product"}],"about":[{"href":"https:\/\/www.hommy.com\/es\/wp-json\/wp\/v2\/types\/product"}],"replies":[{"embeddable":true,"href":"https:\/\/www.hommy.com\/es\/wp-json\/wp\/v2\/comments?post=924"}],"wp:featuredmedia":[{"embeddable":true,"href":"https:\/\/www.hommy.com\/es\/wp-json\/wp\/v2\/media\/917"}],"wp:attachment":[{"href":"https:\/\/www.hommy.com\/es\/wp-json\/wp\/v2\/media?parent=924"}],"wp:term":[{"taxonomy":"product_brand","embeddable":true,"href":"https:\/\/www.hommy.com\/es\/wp-json\/wp\/v2\/product_brand?post=924"},{"taxonomy":"product_cat","embeddable":true,"href":"https:\/\/www.hommy.com\/es\/wp-json\/wp\/v2\/product_cat?post=924"},{"taxonomy":"product_tag","embeddable":true,"href":"https:\/\/www.hommy.com\/es\/wp-json\/wp\/v2\/product_tag?post=924"}],"curies":[{"name":"wp","href":"https:\/\/api.w.org\/{rel}","templated":true}]}}