{"id":92,"date":"2024-07-02T12:08:27","date_gmt":"2024-07-02T12:08:27","guid":{"rendered":"http:\/\/localhost\/hommywp\/pa-c7b-automatic-frozen-self-service-pizza-vending-machine-factory\/"},"modified":"2025-08-01T09:57:26","modified_gmt":"2025-08-01T09:57:26","slug":"pa-c7b-maquina-expendedora-automatica-de-pizza-congelada-1","status":"publish","type":"product","link":"https:\/\/www.hommy.com\/es\/p\/pa-c7b-maquina-expendedora-automatica-de-pizza-congelada-1\/","title":{"rendered":"Pa-C7b M\u00e1quina expendedora autom\u00e1tica de pizzas congeladas autoservicio de f\u00e1brica"},"content":{"rendered":"<div>\n<h1 style=\"text-align: center\"><strong><span style=\"letter-spacing: 0px;font-size: 24px;font-family: arial, helvetica, sans-serif\"><a name=\"Americal Frozen Pizza Vending Machine\"><\/a>M\u00e1quina expendedora de pizza congelada Americal<\/span><\/strong><\/h1>\n<p style=\"text-align: center\"><a href=\"#Americal Frozen Pizza Vending Machine\" target=\"_self\" data-lv=\"0\" rel=\"noopener\"><span style=\"font-size: 18px\"><span style=\"letter-spacing: 0px;font-family: arial, helvetica, sans-serif\">M\u00e1quina expendedora de pizza congelada Americal<\/span><\/span><\/a><span style=\"font-size: 18px\"><span style=\"letter-spacing: 0px;font-family: arial, helvetica, sans-serif\">|<a href=\"#Product Features\" target=\"_self\" data-lv=\"0\" rel=\"noopener\">Caracter\u00edsticas del producto<\/a>|<a href=\"#Product specification\" target=\"_self\" data-lv=\"0\" rel=\"noopener\">Especificaci\u00f3n del producto<\/a>|<a href=\"#Product Advantage\" target=\"_self\" data-lv=\"0\" rel=\"noopener\">Ventajas del producto<\/a><\/span><\/span><\/p>\n<p><\/p>\n<p style=\"text-align: center\">&nbsp;&nbsp;&nbsp;&nbsp;<\/p>\n<p>Nuestra m\u00e1quina expendedora de pizza de autoservicio es f\u00e1cil de instalar y es ampliamente aclamada por su durabilidad. La unidad viene con caracter\u00edsticas que son f\u00e1ciles de usar y est\u00e1n hechos de materiales de calidad que son resistentes a la corrosi\u00f3n. Adem\u00e1s, la m\u00e1quina expendedora de pizza de autoservicio que ofrecemos es f\u00e1cil de mantener, fiable y muy duradera.<\/p>\n<div class=\"d-tem01-graphic tem01-graphic mockup\" data-detail=\"wrap\">\n<div class=\"cont-section clearfix d-clearfix\">\n<div class=\"col-md-6 col-sm-6 col-xs-6\">\n<p><\/p>\n<p><\/p>\n<p><\/p>\n<h1><img decoding=\"async\" src=\"https:\/\/www.hommy.com\/wp-content\/uploads\/16097230975676.jpg\" alt=\"producto-Hommy-img\" title=\"\"> <strong><span style=\"font-family: arial, helvetica, sans-serif;font-size: 24px\">&nbsp; &nbsp; &nbsp; &nbsp; &nbsp; &nbsp;<\/span><\/strong><\/h1>\n<\/div>\n<div class=\"col-md-6 col-sm-6 col-xs-6\">\n<div class=\"right-p\">\n<div class=\"h2 heading\">\n<h1><strong><span style=\"letter-spacing: 0px;font-family: arial, helvetica, sans-serif;font-size: 24px\"><a name=\"Product Features\"><\/a>Caracter\u00edsticas del producto<\/span><\/strong><\/h1>\n<\/div>\n<div class=\"description\">\n<p><span style=\"font-family: arial, helvetica, sans-serif;font-size: 18px\">1. Pantalla de 43\" para promoci\u00f3n y operaci\u00f3n .<\/span><\/p>\n<p><span style=\"font-family: arial, helvetica, sans-serif;font-size: 18px\"><span style=\"font-family: \u5b8b\u4f53;letter-spacing: 0px;font-size: 21px\">2.<\/span><span style=\"font-family: Calibri;font-size: 21px\">&nbsp;El sistema de pago puede aceptar: moneda, billete, moneda de cambio, interfaz de tarjeta de cr\u00e9dito.<\/span><\/span><\/p>\n<p><span style=\"font-family: arial, helvetica, sans-serif;font-size: 18px\"><span style=\"font-family: Calibri;font-size: 21px\">3. El congelador interior puede mantener 30pcs pizza \uff08this es caja de embalaje de pizza de estilo americano :41X41X4.5cm) si su tama\u00f1o de la caja de embalaje de pizza es peque\u00f1o que ser\u00e1 m\u00e1s cantidad y mantener la temperatura de -8<\/span><span style=\"font-family: \u5b8b\u4f53;font-size: 21px\">\u2103<\/span><span style=\"font-family: Calibri;font-size: 21px\">&nbsp;a 10<\/span><span style=\"font-family: \u5b8b\u4f53;font-size: 21px\">\u2103<\/span><span style=\"font-family: Calibri;font-size: 21px\">. <\/span><\/span><\/p>\n<p><span style=\"font-family: arial, helvetica, sans-serif;font-size: 18px\">4. Tablero de control avanzado de la PC, funci\u00f3n bien programada y funcionamiento estable.<\/span><\/p>\n<p><span style=\"font-family: arial, helvetica, sans-serif;font-size: 18px\">5. La temperatura del congelador se puede configurar en base a diferentes productos, con la funci\u00f3n de descongelaci\u00f3n autom\u00e1tica, para asegurar que la m\u00e1quina en alta temperatura y alta humedad tiempo en condiciones normales de funcionamiento y la funci\u00f3n de pasteurizaci\u00f3n;<\/span><\/p>\n<p><span style=\"font-family: arial, helvetica, sans-serif;font-size: 18px\">6. Hay una funci\u00f3n de protecci\u00f3n contra fallos de alimentaci\u00f3n, la m\u00e1quina sigue mostrando el poder de estado, tiene la funci\u00f3n de memoria, la funci\u00f3n de protecci\u00f3n contra fugas de sobrecarga, garantizar el funcionamiento seguro de la m\u00e1quina. <\/span><\/p>\n<p style=\"margin-top:0;margin-right:0;margin-bottom:0;text-align:justify\"><span style=\"letter-spacing: 0px;font-family: arial, helvetica, sans-serif;font-size: 18px\">7. El idioma es el ingl\u00e9s . &nbsp;<\/span><\/p>\n<p><span style=\"font-family: arial, helvetica, sans-serif;font-size: 18px\">8. 8. Sistema de gesti\u00f3n remota por ordenador: consulta de detalles de ventas, recordatorio de falta de existencias, recordatorio de aver\u00eda de la m\u00e1quina.<\/span><\/p>\n<p><span>&nbsp; &nbsp; &nbsp; &nbsp;<\/span><\/div>\n<\/div>\n<\/div>\n<\/div>\n<\/div>\n<p><strong><span style=\"letter-spacing: 0px;font-family: arial, helvetica, sans-serif;font-size: 24px\"><a name=\"Product specification\"><\/a>Especificaci\u00f3n del producto<\/span><\/strong><\/p>\n<p><strong><span style=\"letter-spacing: 0px;font-family: arial, helvetica, sans-serif;font-size: 24px\"><img decoding=\"async\" src=\"https:\/\/www.hommy.com\/wp-content\/uploads\/16097232943411.png\" alt=\"product-Hommy-PA-C7B M\u00e1quina expendedora autom\u00e1tica de pizza congelada-img\" title=\"\"><\/span><\/strong><\/p>\n<p><strong><span style=\"letter-spacing: 0px;font-family: arial, helvetica, sans-serif;font-size: 24px\"><br \/><\/span><\/strong><\/p>\n<p><strong><span style=\"letter-spacing: 0px;font-family: arial, helvetica, sans-serif;font-size: 24px\"><\/span><\/strong><\/p>\n<h1><strong><span style=\"letter-spacing: 0px;font-family: arial, helvetica, sans-serif;font-size: 24px\">Ventajas del producto<\/span><\/strong><\/h1>\n<p><strong><span style=\"letter-spacing: 0px;font-family: arial, helvetica, sans-serif;font-size: 24px\"><\/span><\/strong><\/p>\n<div class=\"d-tem01-graphic tem01-graphic mockup\" data-detail=\"wrap\">\n<div class=\"cont-section clearfix d-clearfix\">\n<div class=\"col-md-6 col-sm-6 col-xs-6\">\n<div class=\"right-p\">\n<div class=\"h2 heading\">\n<p><span style=\"font-size: 18px;font-family: arial, helvetica, sans-serif\">1. Pantalla de 43\" para promoci\u00f3n y operaci\u00f3n .<\/span><\/p>\n<p><span style=\"font-family:Calibri;font-size:21px\"><br \/><\/span><\/p>\n<p><span style=\"font-family:Calibri;font-size:21px\"><br \/><\/span><\/p>\n<\/div>\n<\/div>\n<div class=\"graphic_pic animated wow bounceIn\" data-wow-delay=\".7s\">\n<p style=\"text-align:center\"><img loading=\"lazy\" decoding=\"async\" src=\"https:\/\/www.hommy.com\/wp-content\/uploads\/16097233783290.jpg\" alt=\"product-PA-C7B M\u00e1quina expendedora autom\u00e1tica de pizzas congeladas-Hommy-img\" title=\"\" width=\"350\" height=\"551\" border=\"0\" vspace=\"0\" style=\"width: 350px;height: 551px\"><\/p>\n<\/div>\n<\/div>\n<div class=\"col-md-6 col-sm-6 col-xs-6\">\n<div class=\"right-p\">\n<div class=\"h2 heading\">\n<p style=\"margin-top:0;margin-right:0;margin-bottom:0;margin-left:0;text-indent:0;text-align:justify\"><span style=\"font-family: arial, helvetica, sans-serif;font-size: 18px\"><span style=\"font-family: arial, helvetica, sans-serif;letter-spacing: 0px\">2. 30 juegos de pizza mantener en la caja de papel que almacena dentro de la m\u00e1quina, mantener la temperatura <\/span><span style=\"font-family: arial, helvetica, sans-serif\">de -8\u2103 a 10\u2103.<\/span><\/span><\/p>\n<\/div>\n<\/div>\n<div class=\"graphic_pic animated wow bounceIn\" data-wow-delay=\".7s\">\n<p style=\"text-align:center\"><img loading=\"lazy\" decoding=\"async\" src=\"https:\/\/www.hommy.com\/wp-content\/uploads\/16097234237602.jpg\" alt=\"producto-Hommy-img\" title=\"\" width=\"350\" height=\"551\" border=\"0\" vspace=\"0\" style=\"width: 350px;height: 551px\"><\/p>\n<\/div>\n<\/div>\n<\/div>\n<\/div>\n<p><strong><span style=\"letter-spacing: 0px;font-family: arial, helvetica, sans-serif;font-size: 24px\"><\/span><\/strong><\/p>\n<div class=\"d-tem01-graphic tem01-graphic mockup\" data-detail=\"wrap\">\n<div class=\"cont-section clearfix d-clearfix\">\n<div class=\"col-md-6 col-sm-6 col-xs-6\">\n<div class=\"right-p\">\n<div class=\"h2 heading\">\n<p><span style=\"font-family: arial, helvetica, sans-serif;font-size: 18px\">3. El sistema de pago puede aceptar: moneda, factura, moneda Exchang, interfaz de tarjeta de cr\u00e9dito.<\/span><\/p>\n<p><span style=\"font-family:Calibri;font-size:21px\"><br \/><\/span><\/p>\n<\/div>\n<\/div>\n<div class=\"graphic_pic animated wow bounceIn\" data-wow-delay=\".7s\">\n<p style=\"text-align:center\"><img loading=\"lazy\" decoding=\"async\" src=\"https:\/\/www.hommy.com\/wp-content\/uploads\/16097234802004.png\" alt=\"producto-Hommy-img\" title=\"\" width=\"350\" height=\"546\" border=\"0\" vspace=\"0\" style=\"width: 350px;height: 546px\"><\/p>\n<\/div>\n<\/div>\n<div class=\"col-md-6 col-sm-6 col-xs-6\">\n<div class=\"right-p\">\n<div class=\"h2 heading\">\n<p><span style=\"font-size: 18px;font-family: arial, helvetica, sans-serif\">4. 4. Sistema de gesti\u00f3n remota por ordenador: consulta de detalles de ventas, recordatorios de escasez, recordatorio de aver\u00eda de la m\u00e1quina.<\/span><\/p>\n<\/div>\n<\/div>\n<div class=\"graphic_pic animated wow bounceIn\" data-wow-delay=\".7s\">\n<p style=\"text-align:center\"><img loading=\"lazy\" decoding=\"async\" src=\"https:\/\/www.hommy.com\/wp-content\/uploads\/16097235239491.jpg\" alt=\"producto-Hommy-img\" title=\"\" width=\"350\" height=\"551\" border=\"0\" vspace=\"0\" style=\"width: 350px;height: 551px\"><\/p>\n<\/div>\n<\/div>\n<\/div>\n<\/div>\n<p><strong><span style=\"letter-spacing: 0px;font-family: arial, helvetica, sans-serif;font-size: 24px\"><\/span><\/strong><\/p>\n<h2 style=\"font-family: sans-serif\">\u00bfHay m\u00e1quinas expendedoras de pizza en Italia?<\/h2>\n<p style=\"margin-top: 5px;margin-bottom: 5px;font-family: sans-serif;font-size: 16px\">La respuesta a esa pregunta es un rotundo \"s\u00ed\". En Italia hay m\u00e1quinas expendedoras de pizza. Aunque podr\u00eda haber incluido las fotos y el v\u00eddeo en el art\u00edculo, no quiero bombardear tu Facebook ni el de otras personas a las que no les interesa saber lo incre\u00edble que puede ser la pizza italiana. As\u00ed que se las dejo aqu\u00ed.<\/p>\n<h2 style=\"font-family: sans-serif\">\u00bfQui\u00e9n fabrica las m\u00e1quinas expendedoras de pizza?<\/h2>\n<p style=\"margin-top: 5px;margin-bottom: 5px;font-family: sans-serif;font-size: 16px\">Hoy en d\u00eda existen muchas m\u00e1quinas expendedoras de pizza en el mercado. Las m\u00e1quinas expendedoras de pizza est\u00e1n presentes en casi todas las ciudades de EE.UU. y del mundo. La mayor\u00eda de las m\u00e1quinas expendedoras de pizza son operadas por cadenas de pizzer\u00edas. La mayor\u00eda de las m\u00e1quinas expendedoras de pizza tienen unos pocos botones. Suelen incluir un bot\u00f3n de pedido y otro de entrega. Algunas m\u00e1quinas expendedoras de pizza tambi\u00e9n tienen una opci\u00f3n para llevar. Por supuesto, hoy en d\u00eda hay muchas m\u00e1s m\u00e1quinas expendedoras de pizza que hace unos a\u00f1os.<\/p>\n<h2 style=\"font-family: sans-serif\">\u00bfEs halal PizzaForno?<\/h2>\n<p style=\"margin-top: 5px;margin-bottom: 5px;font-family: sans-serif;font-size: 16px\">PizzaForno es 100% kosher. De hecho, es 100% kosher desde hace 15 a\u00f1os, porque ya en 2001 hicimos pizzas para la comunidad jud\u00eda de Brooklyn y Queens. La ley jud\u00eda proh\u00edbe mezclar carne y l\u00e1cteos, pero en nuestras pizzas la salsa de tomate no contiene carne. Es puramente vegetariana. Y los \u00fanicos ingredientes son harina sin gluten, harina de ma\u00edz, hierbas, especias y tomates (de temporada). Estamos orgullosos de nuestras \"sanas pizzas kosher\" y queremos que todos nuestros clientes las disfruten tanto como nuestros fans.<\/p>\n<\/p><\/div>","protected":false},"excerpt":{"rendered":"<p>Americal Frozen Pizza Vending Machine Americal Frozen Pizza Vending Machine|Product Features|Product specification|Product Advantage &nbsp;&nbsp;&nbsp;&nbsp; Our offered self service pizza vending machine is easy to install and is widely acclaimed for its durability. The unit comes with features that are user friendly and are made of quality materials that are corrosion resistant. Further, the offered self [&hellip;]<\/p>\n","protected":false},"featured_media":84,"comment_status":"open","ping_status":"open","template":"","meta":{"_swt_meta_header_display":false,"_swt_meta_footer_display":false,"_swt_meta_site_title_display":false,"_swt_meta_sticky_header":false,"_swt_meta_transparent_header":false},"product_brand":[],"product_cat":[70,68],"product_tag":[],"class_list":{"0":"post-92","1":"product","2":"type-product","3":"status-publish","4":"has-post-thumbnail","6":"product_cat-pizza-vending-machine","7":"product_cat-vending-machine","9":"first","10":"instock","11":"shipping-taxable","12":"product-type-simple"},"_links":{"self":[{"href":"https:\/\/www.hommy.com\/es\/wp-json\/wp\/v2\/product\/92","targetHints":{"allow":["GET"]}}],"collection":[{"href":"https:\/\/www.hommy.com\/es\/wp-json\/wp\/v2\/product"}],"about":[{"href":"https:\/\/www.hommy.com\/es\/wp-json\/wp\/v2\/types\/product"}],"replies":[{"embeddable":true,"href":"https:\/\/www.hommy.com\/es\/wp-json\/wp\/v2\/comments?post=92"}],"wp:featuredmedia":[{"embeddable":true,"href":"https:\/\/www.hommy.com\/es\/wp-json\/wp\/v2\/media\/84"}],"wp:attachment":[{"href":"https:\/\/www.hommy.com\/es\/wp-json\/wp\/v2\/media?parent=92"}],"wp:term":[{"taxonomy":"product_brand","embeddable":true,"href":"https:\/\/www.hommy.com\/es\/wp-json\/wp\/v2\/product_brand?post=92"},{"taxonomy":"product_cat","embeddable":true,"href":"https:\/\/www.hommy.com\/es\/wp-json\/wp\/v2\/product_cat?post=92"},{"taxonomy":"product_tag","embeddable":true,"href":"https:\/\/www.hommy.com\/es\/wp-json\/wp\/v2\/product_tag?post=92"}],"curies":[{"name":"wp","href":"https:\/\/api.w.org\/{rel}","templated":true}]}}