{"id":916,"date":"2024-07-02T17:13:53","date_gmt":"2024-07-02T17:13:53","guid":{"rendered":"http:\/\/localhost\/hommywp\/keep-fresh-temperature-adjustable-ice-cream-display-freezer-price\/"},"modified":"2025-08-01T09:57:46","modified_gmt":"2025-08-01T09:57:46","slug":"equipo-para-barra-de-coberturas-de-yogur-helado-vitrinas-para-helados","status":"publish","type":"product","link":"https:\/\/www.hommy.com\/es\/p\/equipo-para-barra-de-coberturas-de-yogur-helado-vitrinas-para-helados\/","title":{"rendered":"Congelador Expositor de Helados Keep Fresh Temperatura Ajustable Precio"},"content":{"rendered":"<div>\n<p>&nbsp;<\/p>\n<p><\/p>\n<p><span style=\"font-size: 20px\"><\/span><\/p>\n<p style=\"text-align: center\"><span style=\"font-size: 24px\"><\/span><\/p>\n<h2 style=\"margin: 0px;text-align: center\"><strong><span style=\"letter-spacing: 0px;font-size: 29px;font-family: arial, helvetica, sans-serif\"><a name=\"Frozen Yogurt display showcase freezer\"><\/a>Congelador expositor de yogur helado&nbsp;<\/span><\/strong><\/h2>\n<p style=\"text-align: center\"><a href=\"http:\/\/\" target=\"_self\" data-lv=\"0\" rel=\"noopener\"><span style=\"font-size: 16px\"><span style=\"letter-spacing: 0px;font-family: arial, helvetica, sans-serif\">Congelador expositor de yogur helado<\/span><\/span><\/a><span style=\"font-size: 16px\"><span style=\"letter-spacing: 0px;font-family: arial, helvetica, sans-serif\">|<a href=\"#Product specification\" target=\"_self\" data-lv=\"0\" rel=\"noopener\">Especificaci\u00f3n del producto<\/a>|<a href=\"#Product Features\" target=\"_self\" data-lv=\"0\" rel=\"noopener\">Caracter\u00edsticas del producto<\/a>|<a href=\"#Product Advantage\" target=\"_self\" data-lv=\"0\" rel=\"noopener\">Ventajas del producto<\/a><\/span><\/span><\/p>\n<p style=\"margin: 0px\"><strong><span style=\"letter-spacing: 0px;font-size: 29px;font-family: arial, helvetica, sans-serif\"><br \/><\/span><\/strong><\/p>\n<p style=\"text-align: center\"><span style=\"font-size: 24px\"><span style=\"text-align: center\"><\/span><\/span><\/p>\n<p><!-- Video start --><video poster=\"https:\/\/img80002414.weyesimg.com\/uploads\/www.hommy.com\/video\/15795016809540.mp4?vframe\/jpg\/offset\/1\" id=\"video\" preload=\"auto\" controls=\"controls\" style=\"width:100%;height:510px\"><\/video><!-- Video end --><\/p>\n<h2 style=\"margin: 0px;text-indent: 0px;text-align: justify\"><strong><span style=\"font-family: arial, helvetica, sans-serif;font-size: 29px\"><\/span><\/strong><\/h2>\n<p>Los congeladores se fabrican de acuerdo con las normas de calidad mundiales y se llevan a cabo estrictos controles de calidad en todas las materias primas utilizadas para la fabricaci\u00f3n de congeladores. Est\u00e1n dise\u00f1ados de tal manera que proporciona sin problemas y f\u00e1cil de usar de trabajo con el fin de facilitar el uso de los productos. Con el fin de atender a las diversas necesidades de los clientes, congeladores tambi\u00e9n se personalizan seg\u00fan las especificaciones proporcionadas por el cliente.<\/p>\n<p><\/p>\n<p>Estos congeladores est\u00e1n disponibles en diferentes tama\u00f1os y especificaciones seg\u00fan los requisitos de los clientes y tambi\u00e9n se pueden personalizar seg\u00fan sus necesidades. Estos congeladores se instalan en lugares donde se requieren productos sensibles a la temperatura, con el fin de garantizar que no se produzcan da\u00f1os en los productos almacenados en el congelador.<\/p>\n<h2 style=\"margin: 0px;text-indent: 0px;text-align: justify\"><strong><span style=\"font-family: arial, helvetica, sans-serif;font-size: 24px\"><br \/><\/span><\/strong><\/h2>\n<h2 style=\"margin: 0px;text-indent: 0px;text-align: justify\"><strong><span style=\"font-family: arial, helvetica, sans-serif;font-size: 24px\"><a name=\"Product specification\"><\/a>Especificaci\u00f3n del producto<\/span><\/strong><br \/><\/h2>\n<p style=\"margin-top:0;margin-right:0;margin-bottom:0;margin-left:0;text-indent:0;text-align:justify\"><span style=\"font-family: arial, helvetica, sans-serif;font-size: 29px\"><br \/><\/span><\/p>\n<p style=\"text-align:center\"><span style=\"font-family: arial, helvetica, sans-serif;font-size: 29px\"><img decoding=\"async\" src=\"https:\/\/www.hommy.com\/wp-content\/uploads\/16010814811002.png\" alt=\"producto-SD 201 Vitrina de yogures helados-Hommy-img\" title=\"\"><\/span><\/p>\n<p>&nbsp;<\/p>\n<div class=\"d-tem11-graphic tem11-graphic mockup\" data-detail=\"wrap\">\n<div class=\"tab_row\">\n<div class=\"img\" style=\"width: 50%\">\n<p style=\"text-align:center\"><img loading=\"lazy\" decoding=\"async\" title=\"\" alt=\"producto-Hommy-img\" src=\"https:\/\/www.hommy.com\/wp-content\/uploads\/16010815784948.png\" width=\"450\" height=\"500\" border=\"0\" vspace=\"0\" style=\"width: 450px;height: 500px\"><\/p>\n<\/div>\n<div class=\"text_box\" style=\"width: 50%\">\n<div class=\"txt\">\n<div class=\"title\">\n<p>&nbsp;<\/p>\n<h2><strong><span style=\"font-size: 24px;font-family: arial, helvetica, sans-serif\"><a name=\"Product Features\"><\/a>Caracter\u00edsticas del producto<\/span><\/strong><\/h2>\n<p><\/p>\n<\/div>\n<p style=\"text-indent: 0\"><span style=\"font-family: Arial;letter-spacing: 0;font-size: 14px\">Adem\u00e1s, los ingenieros m\u00e1s cualificados, los tecn\u00f3logos m\u00e1s h\u00e1biles y el personal con m\u00e1s conocimientos contribuyen en gran medida al desarrollo de la empresa.<\/span><\/p>\n<p style=\"text-indent: 0\"><span style=\"font-family: Arial;letter-spacing: 0;font-size: 14px\"><\/span><\/p>\n<p style=\"margin-left:0;text-indent:0\"><span style=\"font-family:Symbol;font-size:16px\">\u00a8&nbsp;<\/span><span style=\"font-family:Calibri;font-size:16px\">Guarda 1<\/span><span style=\"font-family:Calibri;font-size:16px\">0<\/span><span style=\"font-family:Calibri;font-size:16px\">&nbsp;cobertura de sabor.<\/span><\/p>\n<p style=\"margin-left:0;text-indent:0\"><span style=\"font-family:Symbol;font-size:16px\">\u00a8&nbsp;<\/span><span style=\"font-family:Calibri;font-size:16px\">Tama\u00f1o del dep\u00f3sito: <\/span><span style=\"font-family:Calibri;font-size:16px\">176x162x100mm <\/span><\/p>\n<p style=\"margin-left:0;text-indent:0\"><span style=\"font-family:Symbol;font-size:16px\">\u00a8&nbsp;<\/span><span style=\"font-family:Calibri;font-size:16px\">Con sistema de refrigeraci\u00f3n por aire para mantenerse fresco.<\/span><\/p>\n<p style=\"margin-left:0;text-indent:0\"><span style=\"font-family:Symbol;font-size:16px\">\u00a8&nbsp;<\/span><span style=\"font-family:Calibri;font-size:16px\">La temperatura puede ajustarse de 0\u2103 a 10\u2103.<\/span><\/p>\n<p style=\"margin-left:0;text-indent:0\"><span style=\"font-family:Symbol;font-size:16px\">\u00a8&nbsp;<\/span><span style=\"font-family:Calibri;font-size:16px\">Construcci\u00f3n completa en acero inoxidable para una mayor durabilidad con t<\/span><span style=\"font-family:Calibri;font-size:16px\">vidrio templado<\/span><span style=\"font-family:Calibri;font-size:16px\">&nbsp;como guardia de sanidad.<\/span><\/p>\n<p style=\"margin-left:0;text-indent:0\"><span style=\"font-family: Symbol;font-size: 16px\">\u00a8&nbsp;<\/span><span style=\"font-family: Calibri;font-size: 16px\">Dimensiones de la m\u00e1quina : 960x520x800mm <\/span><strong><span style=\"font-family: Calibri;font-size: 16px\">&nbsp;<\/span><\/strong><\/p>\n<p style=\"text-indent: 0\"><span style=\"font-family: Arial;letter-spacing: 0;font-size: 14px\"><br \/><\/span><\/p>\n<p><span style=\"font-family:Calibri;font-size:16px\"> <\/span><\/p>\n<p><\/p>\n<p style=\"line-height: 1.75em\">&nbsp;<\/p>\n<\/div>\n<\/div>\n<\/div>\n<\/div>\n<p>&nbsp;<\/p>\n<div class=\"text-left d-tem09-title d-interval\" data-detail=\"wrap\">\n<div class=\"title-header\">\n<div class=\"title\">\n<h2><strong><span style=\"letter-spacing: 0px;font-family: arial, helvetica, sans-serif;font-size: 24px\"><a name=\"Product Advantage\"><\/a>Ventajas del producto<\/span><\/strong><\/h2>\n<p><span style=\"font-size: 24px\"><\/span><\/div>\n<\/div>\n<\/div>\n<div class=\"d-tem01-graphic tem01-graphic mockup\" data-detail=\"wrap\">\n<div class=\"cont-section clearfix d-clearfix\">\n<div class=\"col-md-6 col-sm-6 col-xs-6\">\n<div class=\"right-p\">\n<div class=\"h2 heading\">\n<p><span style=\"font-size: 16px\"><span style=\"letter-spacing: 0px;font-family: arial, helvetica, sans-serif\">1. utilizamos la cacerola hecha en el pl\u00e1stico que tienen comida del paso alegre, tambi\u00e9n tenemos 3 tama\u00f1o para que usted elija.<\/span><span style=\"font-family: \u5b8b\u4f53;letter-spacing: 0px\">&nbsp;<\/span><\/span><\/p>\n<p><span style=\"font-size: 16px\"><span style=\"font-family: \u5b8b\u4f53;letter-spacing: 0px\"><br \/><\/span><\/span><\/p>\n<p><span style=\"font-size: 16px\"><span style=\"font-family: \u5b8b\u4f53;letter-spacing: 0px\"><br \/><\/span><\/span><\/p>\n<\/div>\n<\/div>\n<div class=\"graphic_pic animated wow bounceIn\" data-wow-delay=\".7s\">\n<p style=\"text-align:center\"><img loading=\"lazy\" decoding=\"async\" src=\"https:\/\/www.hommy.com\/wp-content\/uploads\/16010848242935.png\" alt=\"producto-Hommy-img\" title=\"\" width=\"350\" height=\"500\" border=\"0\" vspace=\"0\" style=\"width: 350px;height: 500px\"><\/p>\n<\/div>\n<\/div>\n<div class=\"col-md-6 col-sm-6 col-xs-6\">\n<div class=\"right-p\">\n<div class=\"h2 heading\">\n<p style=\"margin-top: 0;margin-right: 0;margin-bottom: 0;padding: 0;vertical-align: baseline\"><span style=\"font-family: Calibri;letter-spacing: 0px;font-size: 16px\">2. parte superior de la m\u00e1quina a\u00f1adimos vidrio templado puede detener el vendedor de dejar caer algunas cosas.<\/span><\/p>\n<p style=\"margin-top: 0;margin-right: 0;margin-bottom: 0;padding: 0;vertical-align: baseline\"><span style=\"font-family: Calibri;letter-spacing: 0px;font-size: 16px\"><br \/><\/span><\/p>\n<p style=\"margin-top: 0;margin-right: 0;margin-bottom: 0;padding: 0;vertical-align: baseline\"><span style=\"font-family: Calibri;letter-spacing: 0px;font-size: 16px\"><br \/><\/span><\/p>\n<\/div>\n<\/div>\n<div class=\"graphic_pic animated wow bounceIn\" data-wow-delay=\".7s\">\n<p style=\"text-align:center\"><img loading=\"lazy\" decoding=\"async\" src=\"https:\/\/www.hommy.com\/wp-content\/uploads\/16010848502472.png\" alt=\"producto-Hommy-img\" title=\"\" width=\"350\" height=\"500\" border=\"0\" vspace=\"0\" style=\"width: 350px;height: 500px\"><\/p>\n<\/div>\n<\/div>\n<\/div>\n<\/div>\n<p><\/p>\n<p><\/p>\n<p><\/p>\n<p>Documento\uff1a<img decoding=\"async\" src=\"https:\/\/www.hommy.com\/wp-content\/uploads\/icon_jpg.gif\" style=\"margin-right: 2px\" alt=\"producto-Hommy-img\" title=\"\"><a href=\"https:\/\/img80002414.weyesimg.com\/uploads\/www.hommy.com\/images\/16026461202016.jpg\" title=\"16026461202016.jpg\" style=\"font-size: 12px\">16026461202016.jpg<\/a><\/p>\n<h2 style=\"font-family: sans-serif\">\u00bfC\u00f3mo se utiliza un <a style=\"color:blue\" href=\"https:\/\/www.hommy.com\/es\/maquina-de-helados-duros\/\">congelador de lotes<\/a>?<\/h2>\n<p style=\"margin-top: 5px;margin-bottom: 5px;font-family: sans-serif;font-size: 16px\"><\/p>\n<p style=\"margin-top: 5px;margin-bottom: 5px;font-family: sans-serif;font-size: 16px\">R:Un congelador por lotes es una herramienta \u00fatil y econ\u00f3mica, especialmente para filetes de pescado de tama\u00f1o peque\u00f1o o mediano, filetes u otros art\u00edculos c\u00e1rnicos que tardan mucho tiempo en congelarse (por ejemplo, los filetes y bistecs tienen que descongelarse y cortarse antes de servir). Como son mucho menos eficaces para congelar alimentos que hay que cortar antes de congelar (por ejemplo, pechugas de pollo, filetes o bistecs, tartas enteras, etc.), no son ideales para esos alimentos.<\/p>\n<p style=\"margin-top: 5px;margin-bottom: 5px;font-family: sans-serif;font-size: 16px\"><\/p>\n<h2 style=\"font-family: sans-serif\">\u00bfC\u00f3mo funciona un congelador continuo?<\/h2>\n<p style=\"margin-top: 5px;margin-bottom: 5px;font-family: sans-serif;font-size: 16px\"><\/p>\n<p style=\"margin-top: 5px;margin-bottom: 5px;font-family: sans-serif;font-size: 16px\">El congelador continuo es un proceso de flujo continuo. La principal ventaja del congelador continuo es la producci\u00f3n de mayores rendimientos que el proceso por lotes. La clave de la mayor producci\u00f3n es el flujo continuo de material y la transferencia constante de calor entre el material y el fluido de trabajo. En otras palabras, la producci\u00f3n de los congeladores continuos es muy similar a la producci\u00f3n de los congeladores por lotes, s\u00f3lo que el procesamiento es continuo.<\/p>\n<p style=\"margin-top: 5px;margin-bottom: 5px;font-family: sans-serif;font-size: 16px\"><\/p>\n<h2 style=\"font-family: sans-serif\">\u00bfQu\u00e9 es un buen congelador r\u00e1pido?<\/h2>\n<p style=\"margin-top: 5px;margin-bottom: 5px;font-family: sans-serif;font-size: 16px\"><\/p>\n<p style=\"margin-top: 5px;margin-bottom: 5px;font-family: sans-serif;font-size: 16px\">Quiero tener un congelador de r\u00e1faga en mi casa y me preguntaba lo que ustedes han encontrado para ser el mejor y por qu\u00e9. \u00bfHay un determinado tipo de congelador que sugerir\u00eda o te gusta cualquier marca? Estaba comprando uno peque\u00f1o de segunda mano en el Goodwill que parec\u00eda un buen valor.&nbsp;<\/p>\n<\/div><\/div>","protected":false},"excerpt":{"rendered":"<p>&nbsp; Frozen Yogurt display showcase freezer&nbsp; Frozen Yogurt display showcase freezer|Product specification|Product Features|Product Advantage The freezers are fabricated as per the global quality standards and stringent quality checks are carried on all the raw material used for the manufacturing of freezers. They are designed in such a way that provides hassle free and easy to [&hellip;]<\/p>\n","protected":false},"featured_media":1928,"comment_status":"open","ping_status":"open","template":"","meta":{"_swt_meta_header_display":false,"_swt_meta_footer_display":false,"_swt_meta_site_title_display":false,"_swt_meta_sticky_header":false,"_swt_meta_transparent_header":false},"product_brand":[],"product_cat":[85],"product_tag":[],"class_list":{"0":"post-916","1":"product","2":"type-product","3":"status-publish","4":"has-post-thumbnail","6":"product_cat-display-showcase","8":"first","9":"instock","10":"shipping-taxable","11":"product-type-simple"},"_links":{"self":[{"href":"https:\/\/www.hommy.com\/es\/wp-json\/wp\/v2\/product\/916","targetHints":{"allow":["GET"]}}],"collection":[{"href":"https:\/\/www.hommy.com\/es\/wp-json\/wp\/v2\/product"}],"about":[{"href":"https:\/\/www.hommy.com\/es\/wp-json\/wp\/v2\/types\/product"}],"replies":[{"embeddable":true,"href":"https:\/\/www.hommy.com\/es\/wp-json\/wp\/v2\/comments?post=916"}],"wp:featuredmedia":[{"embeddable":true,"href":"https:\/\/www.hommy.com\/es\/wp-json\/wp\/v2\/media\/1928"}],"wp:attachment":[{"href":"https:\/\/www.hommy.com\/es\/wp-json\/wp\/v2\/media?parent=916"}],"wp:term":[{"taxonomy":"product_brand","embeddable":true,"href":"https:\/\/www.hommy.com\/es\/wp-json\/wp\/v2\/product_brand?post=916"},{"taxonomy":"product_cat","embeddable":true,"href":"https:\/\/www.hommy.com\/es\/wp-json\/wp\/v2\/product_cat?post=916"},{"taxonomy":"product_tag","embeddable":true,"href":"https:\/\/www.hommy.com\/es\/wp-json\/wp\/v2\/product_tag?post=916"}],"curies":[{"name":"wp","href":"https:\/\/api.w.org\/{rel}","templated":true}]}}