{"id":910,"date":"2024-07-02T17:13:50","date_gmt":"2024-07-02T17:13:50","guid":{"rendered":"http:\/\/localhost\/hommywp\/stainless-steel-shelf-frozen-yogurt-topping-display-refrigerator\/"},"modified":"2025-08-01T09:57:46","modified_gmt":"2025-08-01T09:57:46","slug":"equipo-de-barra-de-coberturas-e-cream-display-freezer","status":"publish","type":"product","link":"https:\/\/www.hommy.com\/es\/p\/equipo-de-barra-de-coberturas-e-cream-display-freezer\/","title":{"rendered":"Estante de acero inoxidable Yogur Congelado Topping Display Refrigerador"},"content":{"rendered":"<div>\n<p>&nbsp;<\/p>\n<p><\/p>\n<p><span style=\"font-size: 24px\"><\/span><\/p>\n<h2 style=\"text-align: center\"><strong><span style=\"letter-spacing: 0px;font-size: 29px;font-family: arial, helvetica, sans-serif\"><a name=\"Frozen Yogurt Topping Cabinet \"><\/a>Armario para yogur helado&nbsp;<\/span><\/strong><\/h2>\n<p style=\"text-align: center\"><a href=\"http:\/\/\" target=\"_self\" data-lv=\"0\" rel=\"noopener\"><span style=\"font-size: 16px\"><span style=\"letter-spacing: 0px;font-family: arial, helvetica, sans-serif\">Armario para yogur helado<\/span><\/span><\/a><span style=\"font-size: 16px\"><span style=\"letter-spacing: 0px;font-family: arial, helvetica, sans-serif\">|<a href=\"#Product specification\" target=\"_self\" data-lv=\"0\" rel=\"noopener\">Especificaci\u00f3n del producto<\/a>|<a href=\"#Product Features\" target=\"_self\" data-lv=\"0\" rel=\"noopener\">Caracter\u00edsticas del producto<\/a>|<a href=\"#Product Advantage\" target=\"_self\" data-lv=\"0\" rel=\"noopener\">Ventajas del producto<\/a><\/span><\/span><\/p>\n<p style=\"text-align: center\"><video src=\"https:\/\/img80002414.weyesimg.com\/uploads\/wij2rdgc.allweyes.com\/video\/15553170572985.mp4\" preload=\"none\" controls=\"\" poster=\"https:\/\/img80002414.weyesimg.com\/uploads\/wij2rdgc.allweyes.com\/images\/15553170467995.jpg\" data-setup=\"{}\" width=\"900\" height=\"640\"><\/video><\/p>\n<p>&nbsp;<\/p>\n<p>Frozen Yogurt topping pantalla se fabrica con ingredientes de la mejor calidad en el cumplimiento de las normas y directrices internacionales. Adem\u00e1s de esto, nuestros clientes pueden hacer uso de esta de nosotros en los precios m\u00e1s nominales.<\/p>\n<p><\/p>\n<p>Nos cuentan entre el proveedor m\u00e1s prominente de una amplia colecci\u00f3n de Frozen Yogurt topping pantalla.<\/p>\n<div class=\"text-left d-tem09-title d-interval\" data-detail=\"wrap\">\n<div class=\"title-header\">\n<div class=\"title\"><span style=\"font-size: 24px\"><\/span><\/p>\n<h2 style=\"margin: 0px;text-indent: 0px;text-align: justify\"><strong><span style=\"letter-spacing: 0px;font-size: 29px;font-family: arial, helvetica, sans-serif\"><a name=\"Product specification\"><\/a><span style=\"letter-spacing: 0px;font-family: arial, helvetica, sans-serif;font-size: 24px\">Especificaciones del producto\uff1a<\/span><\/span><\/strong><span style=\"font-family:\u5b8b\u4f53;letter-spacing:0;font-size:29px\"> <\/span><\/h2>\n<p style=\"margin-top:0;margin-right:0;margin-bottom:0;margin-left:0;text-indent:0;text-align:justify\"><span style=\"letter-spacing: 0px;font-size: 29px;font-family: arial, helvetica, sans-serif\"><br \/><\/span><\/p>\n<p style=\"margin-top:0;margin-right:0;margin-bottom:0;margin-left:0;text-indent:0;text-align:justify\"><span style=\"letter-spacing: 0px;font-size: 16px;font-family: arial, helvetica, sans-serif\">La maquina de Yogurt Congelado puede mantener fruta, nueces, azucar dentro de ella, asi que la maquina tiene dos tipos de bandeja, una se mantiene fresca que puede mantener fruta y azucar, la otra es sin enfriador puede mantener nueces, azucar. si usted abre una tienda de Yogurt Congelado, usted necesita escoger una de estas maquinas.&nbsp;<\/span><\/p>\n<p style=\"margin-top:0;margin-right:0;margin-bottom:0;margin-left:0;text-indent:0;text-align:justify\"><span style=\"letter-spacing: 0px;font-size: 16px;font-family: arial, helvetica, sans-serif\"><br \/><\/span><\/p>\n<p style=\"margin-top:0;margin-right:0;margin-bottom:0;margin-left:0;text-indent:0;text-align:justify\"><span style=\"letter-spacing: 0px;font-size: 16px;font-family: arial, helvetica, sans-serif\"><br \/><\/span><\/p>\n<p style=\"text-align:center\"><span style=\"letter-spacing: 0px;font-size: 16px;font-family: arial, helvetica, sans-serif\"><img decoding=\"async\" src=\"https:\/\/www.hommy.com\/wp-content\/uploads\/16010883542643.png\" alt=\"producto-Hommy-img\" title=\"\"><\/span><\/p>\n<\/div>\n<\/div>\n<\/div>\n<p>&nbsp;<\/p>\n<div class=\"d-tem11-graphic tem11-graphic mockup\" data-detail=\"wrap\">\n<div class=\"tab_row\">\n<div class=\"img\" style=\"width: 50%\"><img decoding=\"async\" title=\"\" alt=\"product-SD 203 Armarios para yogures helados-Hommy-img\" src=\"https:\/\/www.hommy.com\/wp-content\/uploads\/15553173297708.jpg\"><\/div>\n<div class=\"text_box\" style=\"width: 50%\">\n<div class=\"txt\">\n<div class=\"title\">\n<p><\/p>\n<h2 style=\"margin: 0px;text-indent: 0px;text-align: justify\"><strong><span style=\"letter-spacing: 0px;font-family: arial, helvetica, sans-serif;font-size: 24px\"><a name=\"Product Features\"><\/a>Caracter\u00edsticas del producto\uff1a<\/span><\/strong><span style=\"font-family:\u5b8b\u4f53;letter-spacing:0;font-size:29px\"> <\/span><\/h2>\n<p style=\"margin-top:0;margin-right:0;margin-bottom:0;margin-left:0;text-indent:0;text-align:justify\"><span style=\"letter-spacing: 0px;font-family: arial, helvetica, sans-serif;font-size: 24px\"><br \/><\/span><\/p>\n<p style=\"text-indent: 0\"><span style=\"letter-spacing: 0px;font-size: 14px;font-family: arial, helvetica, sans-serif\">Adem\u00e1s, los ingenieros m\u00e1s cualificados, los tecn\u00f3logos m\u00e1s h\u00e1biles y el personal con m\u00e1s conocimientos contribuyen en gran medida al desarrollo de la empresa.<\/span><\/p>\n<p style=\"text-indent: 0\"><span style=\"letter-spacing: 0px;font-size: 14px;font-family: arial, helvetica, sans-serif\">&nbsp;<\/span><\/p>\n<p style=\"text-indent: 0\"><span style=\"letter-spacing: 0px;font-size: 14px;font-family: arial, helvetica, sans-serif\">M\u00e1quina de topping refrigerada<\/span><\/p>\n<p style=\"text-indent: 0\"><span style=\"letter-spacing: 0px;font-size: 14px;font-family: arial, helvetica, sans-serif\">Protector contra estornudos de fibra de vidrio transparente<\/span><\/p>\n<p style=\"text-indent: 0\"><span style=\"letter-spacing: 0px;font-size: 14px;font-family: arial, helvetica, sans-serif\">Estante de acero inoxidable<\/span><\/p>\n<p style=\"text-indent: 0\"><span style=\"letter-spacing: 0px;font-size: 14px;font-family: arial, helvetica, sans-serif\">Colocaci\u00f3n de superficie de piedra artificial alrededor de las dos secciones<\/span><\/p>\n<p style=\"text-indent: 0\"><span style=\"letter-spacing: 0px;font-size: 14px;font-family: arial, helvetica, sans-serif\">12 cacerolas: secci\u00f3n refrigerada, que puede mantener la temperatura 5-10 grados . <\/span><\/p>\n<p style=\"text-indent: 0\"><span style=\"letter-spacing: 0px;font-size: 14px;font-family: arial, helvetica, sans-serif\">9 sartenes: secci\u00f3n de temperatura normal<\/span><\/p>\n<p style=\"text-indent: 0\"><span style=\"letter-spacing: 0px;font-size: 14px;font-family: arial, helvetica, sans-serif\">Bandeja acr\u00edlica transparente para uso alimentario (con tapa)<\/span><\/p>\n<p style=\"text-indent: 0\"><span style=\"letter-spacing: 0px;font-size: 14px;font-family: arial, helvetica, sans-serif\">Nevera peque\u00f1a para almacenamiento<\/span><\/p>\n<p style=\"text-indent: 0\"><span style=\"letter-spacing: 0px;font-size: 14px;font-family: arial, helvetica, sans-serif\">que tienen 3 tipos de fibra de vidrio transparente para que usted elija .&nbsp;<\/span><\/p>\n<\/div>\n<\/div>\n<\/div>\n<\/div>\n<\/div>\n<p>&nbsp;<\/p>\n<div class=\"text-left d-tem09-title d-interval\" data-detail=\"wrap\">\n<div class=\"title-header\">\n<div class=\"title\">\n<h2><span style=\"font-size: 24px\"><strong><span style=\"letter-spacing: 0px;font-family: arial, helvetica, sans-serif\"><a name=\"Product Advantage\"><\/a>Ventaja del producto:<\/span><\/strong><\/span><\/h2>\n<p><span style=\"font-size: 24px\"><\/span><\/div>\n<\/div>\n<\/div>\n<div class=\"d-tem01-graphic tem01-graphic mockup\" data-detail=\"wrap\">\n<div class=\"cont-section clearfix d-clearfix\">\n<div class=\"col-md-6 col-sm-6 col-xs-6\">\n<div class=\"right-p\">\n<div class=\"h2 heading\">\n<p><span style=\"letter-spacing: 0px;font-family: arial, helvetica, sans-serif;font-size: 16px\">1. utilizamos la cacerola hecha en el pl\u00e1stico que tienen comida del paso alegre, tambi\u00e9n tenemos 3 tama\u00f1o para que usted elija.&nbsp;<\/span><\/p>\n<p><span style=\"letter-spacing: 0px;font-family: arial, helvetica, sans-serif;font-size: 16px\"><br \/><\/span><\/p>\n<p><span style=\"letter-spacing: 0px;font-family: arial, helvetica, sans-serif;font-size: 16px\"><br \/><\/span><\/p>\n<\/div>\n<\/div>\n<div class=\"graphic_pic animated wow bounceIn\" data-wow-delay=\".7s\">\n<p style=\"text-align:center\"><img loading=\"lazy\" decoding=\"async\" src=\"https:\/\/www.hommy.com\/wp-content\/uploads\/16010886153254.png\" alt=\"producto-Hommy-img\" title=\"\" width=\"350\" height=\"533\" border=\"0\" vspace=\"0\" style=\"width: 350px;height: 533px\"><\/p>\n<p><span style=\"font-family: arial, helvetica, sans-serif;font-size: 16px\"><br \/>\n &nbsp; &nbsp; &nbsp; &nbsp; &nbsp; &nbsp;<\/span><\/div>\n<\/div>\n<div class=\"col-md-6 col-sm-6 col-xs-6\">\n<div class=\"right-p\">\n<div class=\"h2 heading\">\n<p style=\"text-indent: 0\"><span style=\"font-family: arial, helvetica, sans-serif;font-size: 16px\"><span style=\"font-family: Calibri;letter-spacing: 0px;font-size: 20px\">2. en la parte superior de la m\u00e1quina a\u00f1adimos un protector de estornudos de fibra de vidrio transparente<\/span><span style=\"font-family: \u5b8b\u4f53;letter-spacing: 0px;font-size: 20px\">.<\/span><\/span><\/p>\n<p style=\"text-indent: 0\"><span style=\"font-family: arial, helvetica, sans-serif;font-size: 16px\"><span style=\"font-family: \u5b8b\u4f53;letter-spacing: 0px;font-size: 20px\"><br \/><\/span><\/span><\/p>\n<p style=\"text-indent: 0\"><span style=\"font-family: arial, helvetica, sans-serif;font-size: 16px\"><span style=\"font-family: \u5b8b\u4f53;letter-spacing: 0px;font-size: 20px\"><br \/><\/span><\/span><\/p>\n<\/div>\n<\/div>\n<div class=\"graphic_pic animated wow bounceIn\" data-wow-delay=\".7s\">\n<p style=\"text-align:center\"><img loading=\"lazy\" decoding=\"async\" src=\"https:\/\/www.hommy.com\/wp-content\/uploads\/16010887562800.png\" alt=\"producto-Hommy-img\" title=\"\" width=\"350\" height=\"356\" border=\"0\" vspace=\"0\" style=\"width: 350px;height: 356px\"><\/p>\n<\/div>\n<\/div>\n<\/div>\n<\/div>\n<div class=\"d-tem01-graphic tem01-graphic mockup\" data-detail=\"wrap\">\n<div class=\"cont-section clearfix d-clearfix\">\n<div class=\"col-md-6 col-sm-6 col-xs-6\">\n<div class=\"right-p\">\n<div class=\"h2 heading\">\n<p><span style=\"font-family: arial, helvetica, sans-serif;font-size: 16px\"><span style=\"font-family: arial, helvetica, sans-serif;letter-spacing: 0px\">3. El interior de la m\u00e1quina tienen 14pans , que 7 pan sin refrigerador , otros 7 sartenes con refrigerador que puede temperatura<\/span><span style=\"font-family: arial, helvetica, sans-serif\">0\u2103 a 10\u2103.<\/span><\/span><\/p>\n<p><span style=\"font-family: arial, helvetica, sans-serif;font-size: 16px\"><span style=\"font-family: arial, helvetica, sans-serif\"><br \/><\/span><\/span><\/p>\n<\/div>\n<\/div>\n<div class=\"graphic_pic animated wow bounceIn\" data-wow-delay=\".7s\">\n<p style=\"text-align:center\"><img loading=\"lazy\" decoding=\"async\" src=\"https:\/\/www.hommy.com\/wp-content\/uploads\/16010887806760.png\" alt=\"producto-Hommy-img\" title=\"\" width=\"500\" height=\"138\" border=\"0\" vspace=\"0\" style=\"width: 500px;height: 138px\"><\/p>\n<p><span style=\"font-family: arial, helvetica, sans-serif;font-size: 16px\"><br \/>\n &nbsp; &nbsp; &nbsp; &nbsp; &nbsp; &nbsp;<\/span><\/div>\n<\/div>\n<div class=\"col-md-6 col-sm-6 col-xs-6\">\n<div class=\"right-p\">\n<div class=\"h2 heading\">\n<p><span style=\"font-family: arial, helvetica, sans-serif;font-size: 16px\">4. El fondo de la m\u00e1quina tiene peque\u00f1o refrigerador como almacenamiento.<\/span><\/p>\n<p><span style=\"font-family: arial, helvetica, sans-serif;font-size: 16px\"><br \/><\/span><\/p>\n<p><span style=\"font-family: arial, helvetica, sans-serif;font-size: 16px\">&nbsp;<\/span><\/p>\n<\/div>\n<\/div>\n<div class=\"graphic_pic animated wow bounceIn\" data-wow-delay=\".7s\">\n<p style=\"text-align:center\"><img loading=\"lazy\" decoding=\"async\" src=\"https:\/\/www.hommy.com\/wp-content\/uploads\/16010888103489.jpg\" alt=\"product-Hommy-SD 203 Armarios para yogur helado-img\" title=\"\" width=\"350\" height=\"583\" border=\"0\" vspace=\"0\" style=\"width: 350px;height: 583px\"><\/p>\n<\/div>\n<\/div>\n<\/div>\n<\/div>\n<p>Documento\uff1a<img decoding=\"async\" src=\"https:\/\/www.hommy.com\/wp-content\/uploads\/icon_pdf-66.gif\" style=\"margin-right: 2px\" alt=\"producto-Hommy-img-1\" title=\"\"><a href=\"https:\/\/img80002414.weyesimg.com\/uploads\/www.hommy.com\/addon\/16026443785191.pdf\" title=\"16026443785191.pdf\" style=\"font-size: 12px\">16026443785191.pdf<\/a><\/p>\n<h2>\u00bfQu\u00e9 puedo vender en una m\u00e1quina expendedora?<\/h2>\n<p style=\"margin-top: 5px;margin-bottom: 5px\"><\/p>\n<p style=\"margin-top: 5px;margin-bottom: 5px\">Llevo un tiempo investigando las m\u00e1quinas expendedoras. He estado mirando las<\/p>\n<p style=\"margin-top: 5px;margin-bottom: 5px\">vendedores como 7 Eleven y Circle K. Estaba pensando en montar una m\u00e1quina.<\/p>\n<p style=\"margin-top: 5px;margin-bottom: 5px\">Soy propietaria de un negocio y tengo un presupuesto limitado, as\u00ed que tengo que asegurarme de saber qu\u00e9<\/p>\n<p style=\"margin-top: 5px;margin-bottom: 5px\">Puedo vender y ganar dinero con ello. Me preguntaba qu\u00e9 art\u00edculos podr\u00eda vender en un<\/p>\n<p style=\"margin-top: 5px;margin-bottom: 5px\">\u00bfM\u00e1quina expendedora? Pienso sobre todo en aperitivos y bebidas.<\/p>\n<p style=\"margin-top: 5px;margin-bottom: 5px\"><\/p>\n<p style=\"margin-top: 5px;margin-bottom: 5px\">\u00bfCu\u00e1nto gana de media al a\u00f1o una m\u00e1quina expendedora? $2.700 millones.<\/p>\n<p style=\"margin-top: 5px;margin-bottom: 5px\"><\/p>\n<p style=\"margin-top: 5px;margin-bottom: 5px\">Las m\u00e1quinas expendedoras, las omnipresentes m\u00e1quinas que venden de todo, desde perritos calientes a cerveza y cigarrillos, son pr\u00e1cticamente el alma de la econom\u00eda estadounidense. En Estados Unidos hay m\u00e1s de 15.000 y generan la friolera de 1.700 millones de euros al a\u00f1o. Son muchas m\u00e1quinas expendedoras.<\/p>\n<p style=\"margin-top: 5px;margin-bottom: 5px\"><\/p>\n<p style=\"margin-top: 5px;margin-bottom: 5px\">Durante a\u00f1os me han fascinado estas cosas. De ni\u00f1o pas\u00e9 muchas horas jugando con muchos de sus juguetes y juegos. Tambi\u00e9n com\u00ed mucha comida en ellos, incluidos los infames gusanos de goma.<\/p>\n<p style=\"margin-top: 5px;margin-bottom: 5px\"><\/p>\n<h2>\u00bfCu\u00e1nto cuesta fabricar tu propio hielo?<\/h2>\n<p style=\"margin-top: 5px;margin-bottom: 5px\"><\/p>\n<p style=\"margin-top: 5px;margin-bottom: 5px\">Estoy interesado en hacer mi propio hielo, me preguntaba \u00bfcu\u00e1l es la forma m\u00e1s barata de hacerlo? No me preocupa mucho la calidad del hielo. S\u00f3lo quiero saber cu\u00e1nto cuesta.<\/p>\n<p style=\"margin-top: 5px;margin-bottom: 5px\"><\/p>\n<p style=\"margin-top: 5px;margin-bottom: 5px\">Estaba pensando en comprar el quemador de propano, y hacer el hielo con \u00e9l.<\/p>\n<\/div><\/div>","protected":false},"excerpt":{"rendered":"<p>&nbsp; Frozen Yogurt Topping Cabinet&nbsp; Frozen Yogurt Topping Cabinet|Product specification|Product Features|Product Advantage &nbsp; Frozen Yogurt topping display is manufactured using best quality ingredients in adherence with international standards and guidelines. In addition to this, our clients can avail this from us at the most nominal prices. We are counted amongst the most prominent supplier of [&hellip;]<\/p>\n","protected":false},"featured_media":1927,"comment_status":"open","ping_status":"open","template":"","meta":{"_swt_meta_header_display":false,"_swt_meta_footer_display":false,"_swt_meta_site_title_display":false,"_swt_meta_sticky_header":false,"_swt_meta_transparent_header":false},"product_brand":[],"product_cat":[85],"product_tag":[],"class_list":{"0":"post-910","1":"product","2":"type-product","3":"status-publish","4":"has-post-thumbnail","6":"product_cat-display-showcase","8":"first","9":"instock","10":"shipping-taxable","11":"product-type-simple"},"_links":{"self":[{"href":"https:\/\/www.hommy.com\/es\/wp-json\/wp\/v2\/product\/910","targetHints":{"allow":["GET"]}}],"collection":[{"href":"https:\/\/www.hommy.com\/es\/wp-json\/wp\/v2\/product"}],"about":[{"href":"https:\/\/www.hommy.com\/es\/wp-json\/wp\/v2\/types\/product"}],"replies":[{"embeddable":true,"href":"https:\/\/www.hommy.com\/es\/wp-json\/wp\/v2\/comments?post=910"}],"wp:featuredmedia":[{"embeddable":true,"href":"https:\/\/www.hommy.com\/es\/wp-json\/wp\/v2\/media\/1927"}],"wp:attachment":[{"href":"https:\/\/www.hommy.com\/es\/wp-json\/wp\/v2\/media?parent=910"}],"wp:term":[{"taxonomy":"product_brand","embeddable":true,"href":"https:\/\/www.hommy.com\/es\/wp-json\/wp\/v2\/product_brand?post=910"},{"taxonomy":"product_cat","embeddable":true,"href":"https:\/\/www.hommy.com\/es\/wp-json\/wp\/v2\/product_cat?post=910"},{"taxonomy":"product_tag","embeddable":true,"href":"https:\/\/www.hommy.com\/es\/wp-json\/wp\/v2\/product_tag?post=910"}],"curies":[{"name":"wp","href":"https:\/\/api.w.org\/{rel}","templated":true}]}}