{"id":902,"date":"2024-07-02T17:13:44","date_gmt":"2024-07-02T17:13:44","guid":{"rendered":"http:\/\/localhost\/hommywp\/frozen-yogurt-toppings-bar-display-cabinet-with-air-cooling-system\/"},"modified":"2025-08-01T09:57:46","modified_gmt":"2025-08-01T09:57:46","slug":"equipo-expositor-para-barra-de-toppings-de-yogur-helado","status":"publish","type":"product","link":"https:\/\/www.hommy.com\/es\/p\/equipo-expositor-para-barra-de-toppings-de-yogur-helado\/","title":{"rendered":"Vitrina para yogur helado con sistema de refrigeraci\u00f3n por aire"},"content":{"rendered":"<div>\n<p><span style=\"font-size: 20px\"><\/span><\/p>\n<p style=\"text-align: center\"><span style=\"font-size: 24px\"><\/span><\/p>\n<p style=\"margin-top:0;margin-right:0;margin-bottom:0;margin-left:0\"><span style=\"font-family:\u5b8b\u4f53;letter-spacing:0;font-size:29px\"><br \/><\/span><\/p>\n<h2 style=\"margin: 0px;text-align: center\"><strong><span style=\"letter-spacing: 0px;font-size: 29px;font-family: arial, helvetica, sans-serif\"><a name=\"Fruit Topping freezer\"><\/a>Congelador de frutas<\/span><\/strong><span style=\"font-family:\u5b8b\u4f53;letter-spacing:0;font-size:29px\">&nbsp;<\/span><\/h2>\n<p style=\"text-align: center\"><a href=\"#Fruit Topping freezer\" target=\"_self\" data-lv=\"0\" rel=\"noopener\"><span style=\"font-family: \u5b8b\u4f53;letter-spacing: 0px;font-size: 16px\">Congelador de frutas<\/span><\/a><span style=\"font-family: \u5b8b\u4f53;letter-spacing: 0px;font-size: 16px\">|<a href=\"#Product specification\" target=\"_self\" data-lv=\"0\" rel=\"noopener\">Especificaci\u00f3n del producto<\/a>|<a href=\"#Product Features\" target=\"_self\" data-lv=\"0\" rel=\"noopener\">Caracter\u00edsticas del producto<\/a>|<\/span><a href=\"#Product Advantage\" target=\"_self\" data-lv=\"0\" rel=\"noopener\"><span style=\"font-size: 16px\"><span style=\"letter-spacing: 0px;font-family: arial, helvetica, sans-serif\">Ventajas del producto<\/span><span style=\"letter-spacing: 0px;font-family: arial, helvetica, sans-serif\"><\/span><\/span><\/a><\/p>\n<p style=\"text-align: center\"><span style=\"font-family: \u5b8b\u4f53;letter-spacing: 0px;font-size: 16px\"><\/span><\/p>\n<p style=\"text-align: center\"><span style=\"font-size: 24px;text-align: center\"><\/span><\/p>\n<p><\/p>\n<p><!-- Video start --><video poster=\"https:\/\/img80002414.weyesimg.com\/uploads\/www.hommy.com\/video\/15795015012354.mp4?vframe\/jpg\/offset\/1\" id=\"video\" preload=\"auto\" controls=\"controls\" style=\"width:100%;height:510px\"><\/video><!-- Video end --><\/p>\n<p style=\"text-align: left\"><span style=\"font-family: arial, helvetica, sans-serif;font-size: 24px\"><\/span><\/p>\n<p>Es un producto r\u00e1pido y popular que tiene una buena vida \u00fatil de un a\u00f1o. Nuestro producto se somete a pruebas en cada fase de su fabricaci\u00f3n para garantizar que est\u00e9 listo para su uso sin ning\u00fan defecto.<\/p>\n<p><\/p>\n<p>La barra de toppings para yogur helado est\u00e1 disponible en unidades personalizadas y premontadas.<\/p>\n<p><\/p>\n<p>Estamos considerados como el principal fabricante y proveedor de Frozen yogurt toppings bar. Nos hemos dedicado a la fabricaci\u00f3n de estas barras durante muchos a\u00f1os. Nuestro producto es popular en el mercado como la calidad de las barras es consistente en todo.<span style=\"font-family: arial, helvetica, sans-serif;font-size: 24px\">&nbsp; &nbsp;<\/span><\/p>\n<div class=\"text-left d-tem09-title d-interval\" data-detail=\"wrap\">\n<div class=\"title-header\">\n<div class=\"title\">\n<h2><strong><span style=\"letter-spacing: 0px;font-family: arial, helvetica, sans-serif;font-size: 24px\"><a name=\"Product specification\"><\/a>Especificaciones del producto\uff1a<\/span><\/strong><\/h2>\n<p><span style=\"letter-spacing: 0px;font-family: arial, helvetica, sans-serif;font-size: 24px\"><br \/><\/span><\/p>\n<p><span style=\"font-size: 24px\"><\/span><\/div>\n<div class=\"subtitle\">\n<p style=\"text-align:center\"><img decoding=\"async\" src=\"https:\/\/www.hommy.com\/wp-content\/uploads\/16010837494671.png\" alt=\"producto-Hommy-img\" title=\"\"><\/p>\n<p><\/p>\n<p><\/p>\n<\/div>\n<\/div>\n<\/div>\n<div class=\"d-tem01-graphic tem01-graphic mockup\" data-detail=\"wrap\">\n<div class=\"cont-section clearfix d-clearfix\">\n<div class=\"col-md-6 col-sm-6 col-xs-6\"><\/p>\n<div class=\"graphic_pic animated wow bounceIn\" data-wow-delay=\".7s\">\n<p style=\"text-align:center\"><img loading=\"lazy\" decoding=\"async\" src=\"https:\/\/www.hommy.com\/wp-content\/uploads\/16010839231686.png\" alt=\"producto-Hommy-img\" title=\"\" width=\"400\" height=\"528\" border=\"0\" vspace=\"0\" style=\"width: 400px;height: 528px\"><\/p>\n<\/div>\n<\/div>\n<div class=\"col-md-6 col-sm-6 col-xs-6\">\n<div class=\"right-p\">\n<div class=\"h2 heading\">\n<h2 style=\"margin: 0px;text-indent: 0px;text-align: justify\"><strong><span style=\"letter-spacing: 0px;font-size: 24px;font-family: arial, helvetica, sans-serif\"><a name=\"Product Features\"><\/a>Caracter\u00edsticas del producto :<\/span><\/strong><span style=\"font-family:\u5b8b\u4f53;letter-spacing:0;font-size:29px\"> <\/span><\/h2>\n<p style=\"margin-top:0;margin-right:0;margin-bottom:0;margin-left:0;text-indent:0;text-align:justify\"><span style=\"letter-spacing: 0px;font-size: 24px;font-family: arial, helvetica, sans-serif\"><br \/><\/span><\/p>\n<p style=\"text-indent: 0\"><span style=\"font-family: Arial;letter-spacing: 0;font-size: 14px\">Adem\u00e1s, los ingenieros m\u00e1s cualificados, los tecn\u00f3logos m\u00e1s h\u00e1biles y el personal con m\u00e1s conocimientos contribuyen en gran medida al desarrollo de la empresa.<\/span><\/p>\n<p style=\"margin-left:0;text-indent:0\"><span style=\"font-family:Symbol;font-size:16px\">\u00a8&nbsp;<\/span><span style=\"font-family:Calibri;font-size:16px\">Guarda 28 topping de sabores. (14 piezas con funci\u00f3n de refrigeraci\u00f3n, las otras 14 piezas sin funci\u00f3n de refrigeraci\u00f3n).<\/span><\/p>\n<p style=\"margin-left:0;text-indent:0\"><span style=\"font-family:Symbol;font-size:16px\">\u00a8&nbsp;<\/span><span style=\"font-family:Calibri;font-size:16px\">Tama\u00f1o del dep\u00f3sito: 10,5 x 173. x 6,5 cm<\/span><\/p>\n<p style=\"margin-left:0;text-indent:0\"><span style=\"font-family:Symbol;font-size:16px\">\u00a8&nbsp;<\/span><span style=\"font-family:Calibri;font-size:16px\">Con sistema de refrigeraci\u00f3n por aire para mantenerse fresco.<\/span><\/p>\n<p style=\"margin-left:0;text-indent:0\"><span style=\"font-family:Symbol;font-size:16px\">\u00a8&nbsp;<\/span><span style=\"font-family:Calibri;font-size:16px\">La temperatura puede ajustarse de 0\u2103 a 10\u2103.<\/span><\/p>\n<p style=\"margin-left:0;text-indent:0\"><span style=\"font-family:Symbol;font-size:16px\">\u00a8&nbsp;<\/span><span style=\"font-family:Calibri;font-size:16px\">Construcci\u00f3n completa en acero inoxidable para mayor durabilidad con cristal templado como protecci\u00f3n para mayor higiene.<\/span><\/p>\n<p style=\"margin-left:0;text-indent:0\"><span style=\"font-family:Symbol;font-size:16px\">\u00a8&nbsp;<\/span><span style=\"font-family:Calibri;font-size:16px\">Machine dimensions:1880x540x800mm&nbsp;<\/span><\/p>\n<\/div>\n<\/div>\n<p>&nbsp; &nbsp; &nbsp; &nbsp; &nbsp; &nbsp;<\/p><\/div>\n<\/div>\n<\/div>\n<div class=\"text-left d-tem09-title d-interval\" data-detail=\"wrap\">\n<div class=\"title-header\">\n<div class=\"title\">\n<h2><strong><span style=\"letter-spacing: 0px;font-size: 24px;font-family: arial, helvetica, sans-serif\"><a name=\"Product Advantage\"><\/a>Ventaja del producto:<\/span><\/strong><\/h2>\n<p><span style=\"font-size: 24px\"><\/span><\/div>\n<\/div>\n<\/div>\n<div class=\"d-tem01-graphic tem01-graphic mockup\" data-detail=\"wrap\">\n<div class=\"cont-section clearfix d-clearfix\">\n<div class=\"col-md-6 col-sm-6 col-xs-6\">\n<div class=\"right-p\">\n<div class=\"h2 heading\">\n<p><span style=\"letter-spacing: 0px;font-family: arial, helvetica, sans-serif;font-size: 16px\">utilizamos la cacerola hecha en el pl\u00e1stico que tienen comida del paso alegre, tambi\u00e9n tenemos 3 tama\u00f1o para que usted elija.<\/span><\/p>\n<p><span style=\"letter-spacing: 0px;font-family: arial, helvetica, sans-serif;font-size: 16px\"><br \/><\/span><\/p>\n<p><span style=\"letter-spacing: 0px;font-family: arial, helvetica, sans-serif;font-size: 16px\"><br \/><\/span><\/p>\n<\/div>\n<\/div>\n<div class=\"graphic_pic animated wow bounceIn\" data-wow-delay=\".7s\">\n<p style=\"text-align:center\"><img loading=\"lazy\" decoding=\"async\" src=\"https:\/\/www.hommy.com\/wp-content\/uploads\/16010841332600.png\" alt=\"product-Hommy-SD 202 M\u00e1quina para hacer toppings de yogur helado-img\" title=\"\" width=\"350\" height=\"500\" border=\"0\" vspace=\"0\" style=\"width: 350px;height: 500px\"><\/p>\n<p><\/p>\n<p><\/p>\n<p><\/p>\n<\/div>\n<\/div>\n<div class=\"col-md-6 col-sm-6 col-xs-6\">\n<div class=\"right-p\">\n<div class=\"h2 heading\">\n<p style=\"margin-top: 0;margin-right: 0;margin-bottom: 0;padding: 0;vertical-align: baseline\"><span style=\"font-family: Calibri;letter-spacing: 0px;font-size: 16px\">parte superior de la m\u00e1quina a\u00f1adimos vidrio templado puede detener el vendedor de dejar caer algunas cosas.<\/span><\/p>\n<p style=\"margin-top: 0;margin-right: 0;margin-bottom: 0;padding: 0;vertical-align: baseline\"><span style=\"font-family: Calibri;letter-spacing: 0px;font-size: 16px\"><br \/><\/span><\/p>\n<p style=\"margin-top: 0;margin-right: 0;margin-bottom: 0;padding: 0;vertical-align: baseline\"><span style=\"font-family: Calibri;letter-spacing: 0px;font-size: 16px\"><br \/><\/span><\/p>\n<\/div>\n<\/div>\n<div class=\"graphic_pic animated wow bounceIn\" data-wow-delay=\".7s\">\n<p style=\"text-align:center\"><img loading=\"lazy\" decoding=\"async\" src=\"https:\/\/www.hommy.com\/wp-content\/uploads\/16010846329890.png\" alt=\"producto-Hommy-img\" title=\"\" width=\"400\" height=\"350\" border=\"0\" vspace=\"0\" style=\"width: 400px;height: 350px\"><\/p>\n<\/div>\n<\/div>\n<\/div>\n<\/div>\n<div class=\"d-tem01-graphic tem01-graphic mockup\" data-detail=\"wrap\">\n<div class=\"cont-section clearfix d-clearfix\">\n<div class=\"col-md-6 col-sm-6 col-xs-6\">\n<div class=\"right-p\">\n<div class=\"h2 heading\">\n<p><span style=\"font-family: arial, helvetica, sans-serif;font-size: 16px\"><span style=\"font-family: arial, helvetica, sans-serif;letter-spacing: 0px\">El interior de la m\u00e1quina tiene 14 sartenes, que 7 sartenes sin refrigerador, otros 7 sartenes con refrigerador que puede temperatura<\/span><span style=\"font-family: arial, helvetica, sans-serif\">0\u2103 a 10\u2103.<\/span><\/span><\/p>\n<p><span style=\"font-size: 16px;font-family: arial, helvetica, sans-serif\"><br \/><\/span><\/p>\n<\/div>\n<\/div>\n<div class=\"graphic_pic animated wow bounceIn\" data-wow-delay=\".7s\">\n<p style=\"text-align:center\"><img loading=\"lazy\" decoding=\"async\" src=\"https:\/\/www.hommy.com\/wp-content\/uploads\/16010847107565.png\" alt=\"producto-Hommy-img\" title=\"\" width=\"450\" height=\"230\" border=\"0\" vspace=\"0\" style=\"width: 450px;height: 230px\"><\/p>\n<\/div>\n<\/div>\n<p>&nbsp; &nbsp; &nbsp; &nbsp; &nbsp; &nbsp;<\/div>\n<\/div>\n<p>Documento\uff1a<img decoding=\"async\" src=\"https:\/\/www.hommy.com\/wp-content\/uploads\/icon_pdf-65.gif\" style=\"margin-right: 2px\" alt=\"producto-SD 202 M\u00e1quina para hacer toppings de yogur helado-Hommy-img\" title=\"\"><a href=\"https:\/\/img80002414.weyesimg.com\/uploads\/www.hommy.com\/addon\/16026597519736.pdf\" title=\"16026597519736.pdf\" style=\"font-size: 12px\">16026597519736.pdf<\/a><\/p>\n<h2 style=\"font-family: sans-serif\">\u00bfCu\u00e1nto generan las m\u00e1quinas expendedoras?<\/h2>\n<p style=\"margin-top: 5px;margin-bottom: 5px;font-family: sans-serif;font-size: 16px\">La cantidad que generan estas m\u00e1quinas var\u00eda en funci\u00f3n de la m\u00e1quina concreta. Muchas de ellas pueden generar hasta $35.000 al a\u00f1o. Tambi\u00e9n hay algunas que ganan mucho. Algunas incluso valen millones. Echemos un vistazo m\u00e1s de cerca a lo que valen y cu\u00e1nto dinero generan.<\/p>\n<p style=\"margin-top: 5px;margin-bottom: 5px;font-family: sans-serif;font-size: 16px\"><\/p>\n<h2 style=\"font-family: sans-serif\">\u00bfPuedo meter un billete de 20 d\u00f3lares en una m\u00e1quina expendedora?<\/h2>\n<p style=\"margin-top: 5px;margin-bottom: 5px;font-family: sans-serif;font-size: 16px\">\u00bfPuedo poner un billete de 20 d\u00f3lares en una m\u00e1quina expendedora? R. No. Aunque el dinero pasara por un canal de pago adecuado, le ser\u00eda devuelto antes de llegar a la m\u00e1quina expendedora.<\/p>\n<p style=\"margin-top: 5px;margin-bottom: 5px;font-family: sans-serif;font-size: 16px\"><\/p>\n<h2 style=\"font-family: sans-serif\">\u00bfPor qu\u00e9 la m\u00e1quina expendedora no acepta mi dinero?<\/h2>\n<p style=\"margin-top: 5px;margin-bottom: 5px;font-family: sans-serif;font-size: 16px\">Las m\u00e1quinas expendedoras del campus son propiedad de la Universidad. El estudiante UU y su familia son propietarios de la m\u00e1quina expendedora por una cuota de licencia de $20.000. Si tiene problemas para sacar dinero de la m\u00e1quina expendedora del estudiante UU puede ser que haya puesto la m\u00e1quina fuera de secuencia.<\/p>\n<\/div><\/div>","protected":false},"excerpt":{"rendered":"<p>Fruit Topping freezer&nbsp; Fruit Topping freezer|Product specification|Product Features|Product Advantage It is a fast and popular product that has a good shelf life of one years. Our product is tested at every stage of its manufacturing to ensure that it is ready for using without any defects. The Frozen yogurt toppings bar is made available in [&hellip;]<\/p>\n","protected":false},"featured_media":1926,"comment_status":"open","ping_status":"open","template":"","meta":{"_swt_meta_header_display":false,"_swt_meta_footer_display":false,"_swt_meta_site_title_display":false,"_swt_meta_sticky_header":false,"_swt_meta_transparent_header":false},"product_brand":[],"product_cat":[85],"product_tag":[],"class_list":{"0":"post-902","1":"product","2":"type-product","3":"status-publish","4":"has-post-thumbnail","6":"product_cat-display-showcase","8":"first","9":"instock","10":"shipping-taxable","11":"product-type-simple"},"_links":{"self":[{"href":"https:\/\/www.hommy.com\/es\/wp-json\/wp\/v2\/product\/902","targetHints":{"allow":["GET"]}}],"collection":[{"href":"https:\/\/www.hommy.com\/es\/wp-json\/wp\/v2\/product"}],"about":[{"href":"https:\/\/www.hommy.com\/es\/wp-json\/wp\/v2\/types\/product"}],"replies":[{"embeddable":true,"href":"https:\/\/www.hommy.com\/es\/wp-json\/wp\/v2\/comments?post=902"}],"wp:featuredmedia":[{"embeddable":true,"href":"https:\/\/www.hommy.com\/es\/wp-json\/wp\/v2\/media\/1926"}],"wp:attachment":[{"href":"https:\/\/www.hommy.com\/es\/wp-json\/wp\/v2\/media?parent=902"}],"wp:term":[{"taxonomy":"product_brand","embeddable":true,"href":"https:\/\/www.hommy.com\/es\/wp-json\/wp\/v2\/product_brand?post=902"},{"taxonomy":"product_cat","embeddable":true,"href":"https:\/\/www.hommy.com\/es\/wp-json\/wp\/v2\/product_cat?post=902"},{"taxonomy":"product_tag","embeddable":true,"href":"https:\/\/www.hommy.com\/es\/wp-json\/wp\/v2\/product_tag?post=902"}],"curies":[{"name":"wp","href":"https:\/\/api.w.org\/{rel}","templated":true}]}}