{"id":895,"date":"2024-07-02T17:09:43","date_gmt":"2024-07-02T17:09:43","guid":{"rendered":"http:\/\/localhost\/hommywp\/hm-pm-5-stainless-steel-ice-lolly-machine-maker-price-list\/"},"modified":"2025-08-01T09:57:46","modified_gmt":"2025-08-01T09:57:46","slug":"acero-inoxidable-comercial-maquina-de-paletas-de-hielo-maquina-de-paletas-de-hielo-proceso-de-fabricacion","status":"publish","type":"product","link":"https:\/\/www.hommy.com\/es\/p\/acero-inoxidable-comercial-maquina-de-paletas-de-hielo-maquina-de-paletas-de-hielo-proceso-de-fabricacion\/","title":{"rendered":"Hm-Pm-5 M\u00e1quina y fabricador de caramelos de hielo de acero inoxidable Lista de precios"},"content":{"rendered":"<div>\n<p style=\"text-align: center\"><\/p>\n<h2 style=\"text-align: center\"><span style=\"font-family: arial, helvetica, sans-serif;font-size: 24px\"><strong><span style=\"font-family: arial, helvetica, sans-serif;letter-spacing: 0px\"><a name=\"Ice Popsicle Machine\"><\/a>M\u00e1quina de helados<\/span><\/strong><\/span><\/h2>\n<p style=\"text-align: center\"><span style=\"font-family: arial, helvetica, sans-serif;font-size: 16px\">&nbsp;<a href=\"#Ice Popsicle Machine\" target=\"_self\" data-lv=\"0\" rel=\"noopener\">M\u00e1quina de helados<\/a>|<a href=\"#Product Features\" target=\"_self\" data-lv=\"0\" rel=\"noopener\">Caracter\u00edsticas del producto<\/a>|<a href=\"#PRODUCT SPECIFICATION\" target=\"_self\" data-lv=\"0\" rel=\"noopener\">ESPECIFICACI\u00d3N DEL PRODUCTO<\/a>|<a href=\"#Product Advantage\" target=\"_self\" data-lv=\"0\" rel=\"noopener\">Ventajas del producto<\/a><\/span><\/p>\n<p><\/p>\n<p style=\"text-align: center\">\n<p>Nuestro equipo de controladores de calidad prueba y examina nuestra m\u00e1quina de helados en varias fases de fabricaci\u00f3n.<\/p>\n<p><\/p>\n<p>Contamos con la maquinaria m\u00e1s avanzada y la tecnolog\u00eda m\u00e1s avanzada para ofrecer productos de calidad a nuestros clientes a precios l\u00edderes en la industria. Aparte de esto, tambi\u00e9n ofrecemos productos personalizados para satisfacer las diversas necesidades de nuestros clientes.<\/p>\n<p><\/p>\n<p>Nos aseguramos de que nuestras m\u00e1quinas se entregan a nuestros clientes en las mejores condiciones y est\u00e1n 100% libres de defectos.<\/p>\n<div class=\"d-tem11-graphic tem11-graphic mockup\" data-detail=\"wrap\">\n<div class=\"tab_row\">\n<div class=\"img\" style=\"width: 50%\">\n<p style=\"text-align:center\"><img loading=\"lazy\" decoding=\"async\" title=\"\" alt=\"producto-Hommy-img\" src=\"https:\/\/www.hommy.com\/wp-content\/uploads\/15553787264096.jpg\" width=\"450\" height=\"500\" border=\"0\" vspace=\"0\" style=\"width: 450px;height: 500px\"><\/p>\n<\/div>\n<div class=\"text_box\" style=\"width: 50%\">\n<div class=\"txt\">\n<h2><strong><span style=\"letter-spacing: 0px;font-family: arial, helvetica, sans-serif;font-size: 24px\"><a name=\"Product Features\"><\/a>Caracter\u00edsticas del producto<\/span><\/strong><\/h2>\n<p>&nbsp;<\/p>\n<p style=\"margin-left:32px\"><span style=\"font-family:Calibri;font-size:16px\">-&nbsp;<\/span><span style=\"font-family:Calibri;font-size:16px\">La m\u00e1quina est\u00e1 construida con apariencia de lujo y f\u00e1cil operaci\u00f3n y bajo costo de mantenimiento .<\/span><\/p>\n<p style=\"margin-left:32px\"><span style=\"font-family:Calibri;font-size:16px\">-&nbsp;<\/span><span style=\"font-family:Calibri;font-size:16px\">Material interior del tanque fabricado en acero inoxidable puro que puede resistir la erosi\u00f3n del \u00e1cido clorh\u00eddrico<\/span><\/p>\n<p style=\"margin-left:32px\"><span style=\"font-family:Calibri;font-size:16px\">-&nbsp;<\/span><span style=\"font-family:Calibri;font-size:16px\">Funcionamiento sencillo<\/span><span style=\"font-family:\u5b8b\u4f53;font-size:16px\">.<\/span><\/p>\n<p style=\"margin-left:32px\"><span style=\"font-family:Calibri;font-size:16px\">-&nbsp;<\/span><span style=\"font-family:Calibri;font-size:16px\">Varios tipos de moldes para paletas a elegir .<\/span><\/p>\n<p style=\"margin-left:32px\"><span style=\"font-family:Calibri;font-size:16px\">-&nbsp;<\/span><span style=\"font-family:Calibri;font-size:16px\">Acero inoxidable<\/span><span style=\"font-family:\u5b8b\u4f53;font-size:16px\">l<\/span><span style=\"font-family:Calibri;font-size:16px\">El moho puede resistir la erosi\u00f3n.<\/span><\/p>\n<p style=\"margin-left:32px\"><span style=\"font-family:Calibri;font-size:16px\">-&nbsp;<\/span><span style=\"font-family:Calibri;font-size:16px\">El molde tiene funci\u00f3n de autoconcha y es f\u00e1cil de trabajar <\/span><span style=\"font-family:\u5b8b\u4f53;font-size:16px\">.<\/span><\/p>\n<p style=\"margin-left:32px\"><span style=\"font-family:Calibri;font-size:16px\">-&nbsp;<\/span><span style=\"font-family:Calibri;font-size:16px\">Aire<\/span><span style=\"font-family:\u5b8b\u4f53;font-size:16px\">&nbsp;<\/span><span style=\"font-family:Calibri;font-size:16px\">cubierta a prueba y mantener el uso de materiales mucho tiempo .<\/span><\/p>\n<p style=\"margin-left:32px\"><span style=\"font-family:Calibri;font-size:16px\">-&nbsp;<\/span><span style=\"font-family:Calibri;font-size:16px\">&nbsp;Baja inversi\u00f3n de capital con m\u00e1xima producci\u00f3n<\/span><span style=\"font-family:\u5b8b\u4f53;font-size:16px\">.<\/span><\/p>\n<p style=\"margin-left:32px\"><span style=\"font-family:Calibri;font-size:16px\">-&nbsp;<\/span><span style=\"font-family:Calibri;font-size:16px\">Obtenga beneficios del agua , incre\u00edble potencial de beneficios <\/span><span style=\"font-family:\u5b8b\u4f53;font-size:16px\">.<\/span><\/p>\n<p style=\"margin-left:32px\"><span style=\"font-family:Calibri;font-size:16px\">-&nbsp;<\/span><span style=\"font-family:Calibri;font-size:16px\">Puede utilizar una m\u00e1quina para producir 3 tipos de productos: <\/span><span style=\"font-family:\u5b8b\u4f53;font-size:16px\">P<\/span><span style=\"font-family:Calibri;font-size:16px\">opsicle . peque\u00f1o bloque de hielo , i<\/span><span style=\"font-family:\u5b8b\u4f53;font-size:16px\">c<\/span><span style=\"font-family:Calibri;font-size:16px\">e caramelo .<\/span><\/p>\n<\/div>\n<\/div>\n<\/div>\n<\/div>\n<div class=\"text-left d-tem09-title d-interval\" data-detail=\"wrap\">\n<div class=\"title-header\">\n<h2><strong><span style=\"font-family: arial, helvetica, sans-serif;font-size: 24px\"><a name=\"PRODUCT SPECIFICATION\"><\/a>ESPECIFICACI\u00d3N DEL PRODUCTO<\/span><\/strong><\/p>\n<p> &nbsp; &nbsp; &nbsp; &nbsp; &nbsp; &nbsp;&nbsp;<\/h2>\n<h2><img loading=\"lazy\" decoding=\"async\" src=\"https:\/\/www.hommy.com\/wp-content\/uploads\/16030720699560.png\" title=\"\" alt=\"product-Hommy-HM-PM-5 m\u00e1quina de helados-img\" width=\"1000\" height=\"436\" border=\"0\" vspace=\"0\" style=\"width: 1000px;height: 436px\"><\/h2>\n<h2><strong style=\"color: inherit;font-family: inherit\"><span style=\"letter-spacing: 0px;font-family: arial, helvetica, sans-serif;font-size: 24px\"><br \/><\/span><\/strong><\/h2>\n<h2><strong style=\"color: inherit;font-family: inherit\"><span style=\"letter-spacing: 0px;font-family: arial, helvetica, sans-serif;font-size: 24px\"><a name=\"Product Advantage\"><\/a>Ventajas del producto<\/span><\/strong><br \/><\/h2>\n<\/div>\n<\/div>\n<div class=\"d-tem01-graphic tem01-graphic mockup\" data-detail=\"wrap\">\n<div class=\"cont-section clearfix d-clearfix\">\n<div class=\"col-md-6 col-sm-6 col-xs-6\">\n<div class=\"right-p\">\n<div class=\"description\">\n<p style=\"margin: 0 0 0 28px;text-indent: 0;padding: 0;vertical-align: baseline\"><span style=\"letter-spacing: 0px;font-family: arial, helvetica, sans-serif;font-size: 14px\">1. La m\u00e1quina elige SS304 tanque de agua salada-anti-\u00f3xido de material y el tanque en el interior de elegir todo el tornillo que es de acero inoxidable 304 para garantizar una mayor vida \u00fatil de la m\u00e1quina.<\/span><\/p>\n<\/div>\n<\/div>\n<div class=\"graphic_pic animated wow bounceIn\" data-wow-delay=\".7s\">\n<p style=\"text-align:center\"><img loading=\"lazy\" decoding=\"async\" src=\"https:\/\/www.hommy.com\/wp-content\/uploads\/16030901458965.jpg\" alt=\"producto-Hommy-img\" title=\"\" width=\"350\" height=\"500\" border=\"0\" vspace=\"0\" style=\"width: 350px;height: 500px\"><\/p>\n<\/div>\n<\/div>\n<div class=\"col-md-6 col-sm-6 col-xs-6\">\n<div class=\"right-p\">\n<div class=\"h2 heading\">\n<p style=\"margin: 0 0 0 28px;text-indent: 0;padding: 0;vertical-align: baseline\"><span style=\"letter-spacing: 0px;font-family: arial, helvetica, sans-serif;font-size: 16px\">2. Tenemos diverso molde del caramelo de hielo para que usted lo elija.&nbsp;<\/span><\/p>\n<p style=\"margin: 0 0 0 28px;text-indent: 0;padding: 0;vertical-align: baseline\"><span style=\"letter-spacing: 0px;font-family: arial, helvetica, sans-serif;font-size: 16px\"><br \/><\/span><\/p>\n<p style=\"margin: 0 0 0 28px;text-indent: 0;padding: 0;vertical-align: baseline\"><span style=\"letter-spacing: 0px;font-family: arial, helvetica, sans-serif;font-size: 16px\"><br \/><\/span><\/p>\n<p style=\"margin: 0 0 0 28px;text-indent: 0;padding: 0;vertical-align: baseline\"><span style=\"letter-spacing: 0px;font-family: arial, helvetica, sans-serif;font-size: 16px\"><br \/><\/span><\/p>\n<p style=\"margin: 0 0 0 28px;text-indent: 0;padding: 0;vertical-align: baseline\"><span style=\"letter-spacing: 0px;font-family: arial, helvetica, sans-serif;font-size: 16px\"><br \/><\/span><\/p>\n<\/div>\n<\/div>\n<div class=\"graphic_pic animated wow bounceIn\" data-wow-delay=\".7s\"><img decoding=\"async\" src=\"https:\/\/www.hommy.com\/wp-content\/uploads\/16030901786336.png\" alt=\"producto-Hommy-img\" title=\"\"><br \/>\n &nbsp; &nbsp; &nbsp; &nbsp; &nbsp; &nbsp;<\/div>\n<\/div>\n<\/div>\n<\/div>\n<div class=\"d-tem01-graphic tem01-graphic mockup\" data-detail=\"wrap\">\n<div class=\"cont-section clearfix d-clearfix\">\n<div class=\"col-md-6 col-sm-6 col-xs-6\">\n<div class=\"right-p\">\n<div class=\"h2 heading\">\n<p style=\"margin-left:28px;text-indent:0\"><span style=\"font-family: arial, helvetica, sans-serif\"><span style=\"letter-spacing: 0px;font-size: 16px\">3. La m\u00e1quina dentro del sistema de refrigeraci\u00f3n es muy fuerte producir un lote uno 15-20 minutos , que puede pasar la temperatura&nbsp;<\/span><span style=\"font-size: 16px;letter-spacing: 0px\">-18 o -20 grados .<\/span><\/span><\/p>\n<p style=\"margin-left:28px;text-indent:0\"><\/p>\n<p style=\"margin-left:28px;text-indent:0\"><span style=\"font-family: arial, helvetica, sans-serif\"><span style=\"font-size: 16px;letter-spacing: 0px\"><br \/><\/span><\/span><\/p>\n<\/div>\n<\/div>\n<div class=\"graphic_pic animated wow bounceIn\" data-wow-delay=\".7s\">\n<p style=\"text-align:center\"><img loading=\"lazy\" decoding=\"async\" src=\"https:\/\/www.hommy.com\/wp-content\/uploads\/16030902046059.jpg\" alt=\"producto-Hommy-img\" title=\"\" width=\"300\" height=\"500\" border=\"0\" vspace=\"0\" style=\"width: 300px;height: 500px\"><\/p>\n<\/div>\n<\/div>\n<div class=\"col-md-6 col-sm-6 col-xs-6\">\n<div class=\"right-p\">\n<div class=\"h2 heading\">\n<p style=\"margin-left:28px;text-indent:0\"><span style=\"letter-spacing: 0px;font-size: 16px;font-family: arial, helvetica, sans-serif\">4. Cuando la varilla agitadora de acero inoxidable de alta eficiencia gira, genera un flujo de agua para acelerar la velocidad de enfriamiento.<\/span><\/p>\n<p style=\"margin-left:28px;text-indent:0\"><span style=\"letter-spacing: 0px;font-size: 16px;font-family: arial, helvetica, sans-serif\"><br \/><\/span><\/p>\n<p style=\"margin-left:28px;text-indent:0\"><span style=\"letter-spacing: 0px;font-size: 16px;font-family: arial, helvetica, sans-serif\"><br \/><\/span><\/p>\n<\/div>\n<\/div>\n<div class=\"graphic_pic animated wow bounceIn\" data-wow-delay=\".7s\">\n<p style=\"text-align:center\"><img loading=\"lazy\" decoding=\"async\" src=\"https:\/\/www.hommy.com\/wp-content\/uploads\/16030902351273.jpg\" alt=\"producto-HM-PM-5 m\u00e1quina de polos-Hommy-img\" title=\"\" width=\"300\" height=\"500\" border=\"0\" vspace=\"0\" style=\"width: 300px;height: 500px\"><\/p>\n<\/div>\n<\/div>\n<\/div>\n<\/div>\n<p><span style=\"font-family: arial, helvetica, sans-serif;font-size: 16px\">Documento\uff1a<\/span><img decoding=\"async\" src=\"https:\/\/www.hommy.com\/wp-content\/uploads\/icon_pdf-64.gif\" style=\"margin-right: 2px\" alt=\"producto-Hommy-img-1\" title=\"\"><a href=\"https:\/\/img80002414.weyesimg.com\/uploads\/www.hommy.com\/addon\/16028373965169.pdf\" title=\"16028373965169.pdf\" style=\"font-size: 12px\">16028373965169.pdf<\/a><\/p>\n<h2>\u00bfPor qu\u00e9 mi helado casero no es cremoso?<\/h2>\n<p style=\"margin-top: 5px;margin-bottom: 5px\"><\/p>\n<p style=\"margin-top: 5px;margin-bottom: 5px\">Llevo a\u00f1os haciendo mi propio helado y no he tenido ning\u00fan problema con \u00e9l. Sin embargo, al cabo de unas semanas decid\u00ed hac\u00e9rselo a mi hermano y not\u00e9 que ya no estaba tan cremoso como antes. Pens\u00e9 que tal vez se deb\u00eda a que ten\u00eda m\u00e1s de una semana, as\u00ed que hice una nueva tanda al d\u00eda siguiente. Segu\u00eda igual.<\/p>\n<p style=\"margin-top: 5px;margin-bottom: 5px\"><\/p>\n<h2>\u00bfPor qu\u00e9 me dan n\u00e1useas los polvorones?<\/h2>\n<p style=\"margin-top: 5px;margin-bottom: 5px\"><\/p>\n<p style=\"margin-top: 5px;margin-bottom: 5px\">Tengo un peque\u00f1o problema con el que llevo lidiando desde hace un a\u00f1o. Soy vegana intolerante a la lactosa y hace poco descubr\u00ed la existencia del helado soft serve. Me cuesta bajarlo pero me gusta probarlo. El problema es que cuando como helado cremoso, me sienta fatal. No he tenido problemas con esto durante el \u00faltimo a\u00f1o, pero de repente esta semana, mi est\u00f3mago ha estado en un estado constante de estar en llamas.<\/p>\n<p style=\"margin-top: 5px;margin-bottom: 5px\"><\/p>\n<h2>\u00bfSe estropea el helado soft serve en el congelador?<\/h2>\n<p style=\"margin-top: 5px;margin-bottom: 5px\"><\/p>\n<p style=\"margin-top: 5px;margin-bottom: 5px\">Compr\u00e9 medio litro de helado cremoso en una helader\u00eda local y lleva en el congelador una semana. La semana pasada vino a casa un amigo y, cuando se lo abr\u00ed, ten\u00eda una textura extra\u00f1a...<\/p>\n<\/div><\/div>","protected":false},"excerpt":{"rendered":"<p>Ice Popsicle Machine &nbsp;Ice Popsicle Machine|Product Features|PRODUCT SPECIFICATION|Product Advantage Our ice lolly machine is well-tested and examined at various stages of manufacturing by our team of quality controllers. We are backed with the most advanced machinery and cutting-edge technology to provide quality products to our clients at industry leading prices. Apart from this, we also [&hellip;]<\/p>\n","protected":false},"featured_media":888,"comment_status":"open","ping_status":"open","template":"","meta":{"_swt_meta_header_display":false,"_swt_meta_footer_display":false,"_swt_meta_site_title_display":false,"_swt_meta_sticky_header":false,"_swt_meta_transparent_header":false},"product_brand":[],"product_cat":[84],"product_tag":[],"class_list":{"0":"post-895","1":"product","2":"type-product","3":"status-publish","4":"has-post-thumbnail","6":"product_cat-popsicle-machine","8":"first","9":"instock","10":"shipping-taxable","11":"product-type-simple"},"_links":{"self":[{"href":"https:\/\/www.hommy.com\/es\/wp-json\/wp\/v2\/product\/895","targetHints":{"allow":["GET"]}}],"collection":[{"href":"https:\/\/www.hommy.com\/es\/wp-json\/wp\/v2\/product"}],"about":[{"href":"https:\/\/www.hommy.com\/es\/wp-json\/wp\/v2\/types\/product"}],"replies":[{"embeddable":true,"href":"https:\/\/www.hommy.com\/es\/wp-json\/wp\/v2\/comments?post=895"}],"wp:featuredmedia":[{"embeddable":true,"href":"https:\/\/www.hommy.com\/es\/wp-json\/wp\/v2\/media\/888"}],"wp:attachment":[{"href":"https:\/\/www.hommy.com\/es\/wp-json\/wp\/v2\/media?parent=895"}],"wp:term":[{"taxonomy":"product_brand","embeddable":true,"href":"https:\/\/www.hommy.com\/es\/wp-json\/wp\/v2\/product_brand?post=895"},{"taxonomy":"product_cat","embeddable":true,"href":"https:\/\/www.hommy.com\/es\/wp-json\/wp\/v2\/product_cat?post=895"},{"taxonomy":"product_tag","embeddable":true,"href":"https:\/\/www.hommy.com\/es\/wp-json\/wp\/v2\/product_tag?post=895"}],"curies":[{"name":"wp","href":"https:\/\/api.w.org\/{rel}","templated":true}]}}