{"id":887,"date":"2024-07-02T17:09:38","date_gmt":"2024-07-02T17:09:38","guid":{"rendered":"http:\/\/localhost\/hommywp\/rolling-popsicle-machine-display-freezer-rotating-ice-lolly\/"},"modified":"2025-08-01T09:57:46","modified_gmt":"2025-08-01T09:57:46","slug":"hm-pm-1-maquina-de-paletas-enrollables","status":"publish","type":"product","link":"https:\/\/www.hommy.com\/es\/p\/hm-pm-1-maquina-de-paletas-enrollables\/","title":{"rendered":"M\u00e1quina de paletas rodante y congelador expositor, paleta de hielo giratoria"},"content":{"rendered":"<div>\n<p style=\"text-align: center\"><span style=\"font-family:\u5b8b\u4f53;letter-spacing:0;font-size:29px\"><br \/><\/span><\/p>\n<h2 style=\"text-align: center\"><strong><span style=\"letter-spacing: 0px;font-family: arial, helvetica, sans-serif;font-size: 24px\"><a name=\"DIY POPSICLE MACHINE\"><\/a>M\u00c1QUINA DE HELADOS DIY<\/span><\/strong><\/h2>\n<p style=\"text-align: center\"><a href=\"#DIY POPSICLE MACHINE\" target=\"_self\" data-lv=\"0\" rel=\"noopener\"><span style=\"font-size: 16px\"><span style=\"letter-spacing: 0px;font-family: arial, helvetica, sans-serif\">M\u00c1QUINA DE HELADOS DIY<\/span><\/span><\/a><span style=\"font-size: 16px\"><span style=\"letter-spacing: 0px;font-family: arial, helvetica, sans-serif\">|<a href=\"#Product Features\" target=\"_self\" data-lv=\"0\" rel=\"noopener\">Caracter\u00edsticas del producto<\/a>|<a href=\"#Product specification\" target=\"_self\" data-lv=\"0\" rel=\"noopener\">Especificaci\u00f3n del producto<\/a>|<a href=\"#Product Advantage\" target=\"_self\" data-lv=\"0\" rel=\"noopener\">Ventajas del producto<\/a><\/span><\/span><\/p>\n<p><strong><span style=\"letter-spacing: 0px;font-family: arial, helvetica, sans-serif;font-size: 24px\"><br \/><\/span><\/strong><\/p>\n<p style=\"text-align: center\">&nbsp;&nbsp;&nbsp;&nbsp;<\/p>\n<p>Nuestras m\u00e1quinas de helados son perfectas para los amantes de los helados. Son perfectas para divertirse en verano o en cualquier \u00e9poca del a\u00f1o. Con nuestras m\u00e1quinas, usted puede hacer sus propias paletas y vender al cliente en cualquier momento.<\/p>\n<p>Es una forma divertida, f\u00e1cil y deliciosa de disfrutar de los polos, \u00a1no busque m\u00e1s all\u00e1 de nuestras M\u00e1quinas de Polos Rodantes! Pida la suya hoy mismo y empiece a disfrutar de la comodidad de los polos caseros en cualquier momento y lugar.<\/p>\n<p><\/p>\n<div class=\"d-tem01-graphic tem01-graphic mockup\" data-detail=\"wrap\">\n<div class=\"cont-section clearfix d-clearfix\">\n<div class=\"col-md-6 col-sm-6 col-xs-6\">\n<div class=\"right-p\">\n<div class=\"h2 heading\">\n<p style=\"text-align:center\"><img loading=\"lazy\" decoding=\"async\" src=\"https:\/\/www.hommy.com\/wp-content\/uploads\/16031784192000.jpg\" alt=\"producto-Hommy-img\" style=\"font-size: 14px;width: 400px;height: 500px\" title=\"\" width=\"400\" height=\"500\" border=\"0\" vspace=\"0\"><\/p>\n<p><span style=\"font-size: 14px\">&nbsp; &nbsp; &nbsp; &nbsp; &nbsp; &nbsp; &nbsp;<\/span><\/div>\n<\/div>\n<\/div>\n<div class=\"col-md-6 col-sm-6 col-xs-6\">\n<div class=\"right-p\">\n<div class=\"h2 heading\">\n<h2 style=\"margin: 0px;text-indent: 0px;text-align: justify\"><strong><span style=\"letter-spacing: 0px;font-family: arial, helvetica, sans-serif;font-size: 24px\"><a name=\"Product Features\"><\/a>Caracter\u00edsticas del producto<\/span><\/strong><span style=\"font-family:\u5b8b\u4f53;letter-spacing:0;font-size:29px\"> &nbsp;<\/span><\/h2>\n<p style=\"margin-top:0;margin-right:0;margin-bottom:0;margin-left:0;text-indent:0;text-align:justify\"><span style=\"font-family:\u5b8b\u4f53;letter-spacing:0;font-size:29px\">&nbsp;<\/span><\/p>\n<p style=\"text-align:justify\"><span style=\"letter-spacing: 0px;font-size: 20px;font-family: arial, helvetica, sans-serif\">\u25c6 usted puede hacer DIY diferentes falvour paletas. &nbsp;<\/span><\/p>\n<p style=\"text-align:justify\"><span style=\"letter-spacing: 0px;font-size: 20px;font-family: arial, helvetica, sans-serif\"><span style=\"letter-spacing: 0px;font-family: Calibri;font-size: 20px;text-align: justify\">\u25c6&nbsp;<\/span><span style=\"letter-spacing: 0px;font-size: 20px;font-family: Calibri\">Con homologaci\u00f3n CE, la calidad est\u00e1 garantizada<\/span><\/span><\/p>\n<p style=\"text-align:justify\"><span style=\"letter-spacing: 0px;font-size: 20px;font-family: arial, helvetica, sans-serif\"><span style=\"letter-spacing: 0px;font-family: Calibri;font-size: 20px;text-align: justify\">\u25c6&nbsp;<\/span><span style=\"letter-spacing: 0px;font-size: 20px;font-family: Calibri\">Puede ajustar autom\u00e1ticamente la temperatura. <\/span><\/span><\/p>\n<p style=\"text-align:justify\"><span style=\"font-family: arial, helvetica, sans-serif\"><span style=\"font-family: Calibri;letter-spacing: 0px;font-size: 20px\"><span style=\"font-family: Calibri;font-size: 20px;text-align: justify\">\u25c6&nbsp;<\/span><span style=\"font-family: Calibri\">Con recipiente de refrigeraci\u00f3n de acero inoxidable 304 <\/span><\/span><span style=\"font-family: \u5b8b\u4f53;letter-spacing: 0px;font-size: 20px\">.<\/span><\/span><\/p>\n<p style=\"text-align:justify\"><span style=\"font-family: arial, helvetica, sans-serif\"><span style=\"font-family: Calibri;letter-spacing: 0px;font-size: 20px\"><span style=\"font-family: Calibri;font-size: 20px;text-align: justify\">\u25c6<\/span><span style=\"font-family: Calibri\">Con la fuerza de Enfriamiento r\u00e1pido, alta producci\u00f3n. <\/span><\/span><span style=\"font-family: \u5b8b\u4f53;letter-spacing: 0px;font-size: 20px\">5-8 minutos <\/span><span style=\"font-family: Calibri;letter-spacing: 0px;font-size: 20px\">producir <\/span><span style=\"font-family: \u5b8b\u4f53;letter-spacing: 0px;font-size: 20px\">50 unidades de polos.<\/span><\/span><\/p>\n<p style=\"text-align:justify\"><span style=\"letter-spacing: 0px;font-size: 20px;font-family: arial, helvetica, sans-serif\"><span style=\"letter-spacing: 0px;font-family: Calibri;font-size: 20px;text-align: justify\">\u25c6&nbsp;<\/span> <span style=\"letter-spacing: 0px;font-size: 20px;font-family: Calibri\">Muy f\u00e1cil de manejar y mantener<\/span><\/span><\/p>\n<p style=\"text-align:justify\"><span style=\"letter-spacing: 0px;font-size: 20px;font-family: arial, helvetica, sans-serif\"><span style=\"letter-spacing: 0px;font-family: Calibri;font-size: 20px;text-align: justify\">\u25c6&nbsp;&nbsp;<\/span><span style=\"letter-spacing: 0px;font-size: 20px;font-family: Calibri\">Protecci\u00f3n de sobreintensidad y baja tensi\u00f3n<\/span><\/span><\/p>\n<p style=\"text-align:justify\"><span style=\"letter-spacing: 0px;font-size: 20px;font-family: arial, helvetica, sans-serif\"><span style=\"letter-spacing: 0px;font-family: Calibri;font-size: 20px;text-align: justify\">\u25c6<\/span><span style=\"letter-spacing: 0px;font-size: 20px;font-family: Calibri\">Con manual y v\u00eddeos para ense\u00f1ar a manejar las m\u00e1quinas.<\/span><\/span><\/p>\n<p style=\"text-align:justify\"><span style=\"font-family: arial, helvetica, sans-serif\"><span style=\"font-family: Calibri;letter-spacing: 0px;font-size: 20px\"><span style=\"font-family: Calibri;font-size: 20px;text-align: justify\">\u25c6&nbsp;&nbsp;<\/span><span style=\"font-family: Calibri\">Varios helados\/<\/span><\/span><span style=\"font-family: \u5b8b\u4f53;letter-spacing: 0px;font-size: 20px\">Paletas<\/span><span style=\"font-family: Calibri;letter-spacing: 0px;font-size: 20px\">&nbsp;moldeado para elegir.<\/span><\/span><\/p>\n<\/div>\n<\/div>\n<p>&nbsp; &nbsp; &nbsp; &nbsp; &nbsp; &nbsp;<\/p><\/div>\n<\/div>\n<\/div>\n<h2><strong><span style=\"letter-spacing: 0px;font-family: arial, helvetica, sans-serif;font-size: 24px\"><a name=\"Product specification\"><\/a>Especificaci\u00f3n del producto<\/span><\/strong><\/h2>\n<p><img decoding=\"async\" src=\"https:\/\/www.hommy.com\/wp-content\/uploads\/16031752463335.png\" alt=\"producto-Hommy-img\" title=\"\"><\/p>\n<p><\/p>\n<h2><strong><span style=\"letter-spacing: 0px;font-family: arial, helvetica, sans-serif;font-size: 24px\"><a name=\"Product Advantage\"><\/a>Ventajas del producto<\/span><\/strong><\/h2>\n<p><strong><span style=\"letter-spacing: 0px;font-family: arial, helvetica, sans-serif;font-size: 24px\"><\/span><\/strong><\/p>\n<div class=\"d-tem01-graphic tem01-graphic mockup\" data-detail=\"wrap\">\n<div class=\"cont-section clearfix d-clearfix\">\n<div class=\"col-md-6 col-sm-6 col-xs-6\">\n<div class=\"right-p\">\n<div class=\"h2 heading\">\n<p style=\"margin: 0 0 0 28px;text-indent: 0;padding: 0;vertical-align: baseline\"><span style=\"letter-spacing: 0px;font-family: arial, helvetica, sans-serif;font-size: 16px\">1. Tanque de salmuera SS304 - Material antioxidante, que garantiza una vida \u00fatil m\u00e1s larga para la m\u00e1quina.<\/span><\/p>\n<\/div>\n<\/div>\n<div class=\"graphic_pic animated wow bounceIn\" data-wow-delay=\".7s\">\n<p style=\"text-align:center\"><img loading=\"lazy\" decoding=\"async\" src=\"https:\/\/www.hommy.com\/wp-content\/uploads\/16031753388322.png\" alt=\"producto-Hommy-img\" title=\"\" width=\"350\" height=\"500\" border=\"0\" vspace=\"0\" style=\"width: 350px;height: 500px\"><\/p>\n<\/div>\n<\/div>\n<div class=\"col-md-6 col-sm-6 col-xs-6\">\n<div class=\"right-p\">\n<div class=\"h2 heading\">\n<p><span style=\"letter-spacing: 0px;font-family: arial, helvetica, sans-serif;font-size: 16px\">2. 3 tipos de polos a elegir.<\/span><\/p>\n<\/div>\n<\/div>\n<div class=\"graphic_pic animated wow bounceIn\" data-wow-delay=\".7s\">\n<p style=\"text-align:center\"><img loading=\"lazy\" decoding=\"async\" src=\"https:\/\/www.hommy.com\/wp-content\/uploads\/16031753751185.jpg\" alt=\"producto-Hommy-img\" title=\"\" width=\"350\" height=\"500\" border=\"0\" vspace=\"0\" style=\"width: 350px;height: 500px\"><\/p>\n<\/div>\n<\/div>\n<\/div>\n<\/div>\n<p><\/p>\n<div class=\"d-tem01-graphic tem01-graphic mockup\" data-detail=\"wrap\">\n<div class=\"cont-section clearfix d-clearfix\">\n<div class=\"col-md-6 col-sm-6 col-xs-6\">\n<div class=\"right-p\">\n<div class=\"h2 heading\">\n<p style=\"margin: 0 0 0 28px;text-indent: 0;padding: 0;vertical-align: baseline\"><span style=\"font-family: arial, helvetica, sans-serif;letter-spacing: 0px;font-size: 16px\">3.  La m\u00e1quina dispone de una peque\u00f1a cubeta con funci\u00f3n de descongelaci\u00f3n para el desmoldeo.<\/span><\/p>\n<\/div>\n<\/div>\n<div class=\"graphic_pic animated wow bounceIn\" data-wow-delay=\".7s\">\n<p style=\"text-align:center\"><img loading=\"lazy\" decoding=\"async\" src=\"https:\/\/www.hommy.com\/wp-content\/uploads\/16031754762949.png\" alt=\"product-Hommy-HM-PM-1 M\u00e1quina de paletas rodantes-img\" title=\"\" width=\"350\" height=\"500\" border=\"0\" vspace=\"0\" style=\"width: 350px;height: 500px\"><\/p>\n<\/div>\n<\/div>\n<div class=\"col-md-6 col-sm-6 col-xs-6\">\n<div class=\"right-p\">\n<div class=\"h2 heading\">\n<p><span style=\"font-family: arial, helvetica, sans-serif;letter-spacing: 0px;font-size: 16px\">4. Hay una cubierta de pl\u00e1stico en la parte superior de la m\u00e1quina para mantener el polvo.&nbsp;<\/span><\/p>\n<\/div>\n<\/div>\n<div class=\"graphic_pic animated wow bounceIn\" data-wow-delay=\".7s\">\n<p style=\"text-align:center\"><img loading=\"lazy\" decoding=\"async\" src=\"https:\/\/www.hommy.com\/wp-content\/uploads\/16031754972127.png\" alt=\"product-HM-PM-1 M\u00e1quina de paletas rodantes-Hommy-img\" title=\"\" width=\"350\" height=\"500\" border=\"0\" vspace=\"0\" style=\"width: 350px;height: 500px\"><\/p>\n<\/div>\n<\/div>\n<\/div>\n<\/div>\n<p><\/p>\n<p>Documento\uff1a<img decoding=\"async\" src=\"https:\/\/www.hommy.com\/wp-content\/uploads\/icon_pdf-63.gif\" style=\"margin-right: 2px\" alt=\"producto-Hommy-img-1\" title=\"\"><a href=\"https:\/\/img80002414.weyesimg.com\/uploads\/www.hommy.com\/addon\/16031756847293.pdf\" title=\"16031756847293.pdf\" style=\"font-size: 12px\">16031756847293.pdf<\/a><\/p>\n<h2 style=\"font-family: sans-serif\">\u00bfEs rentable el negocio de los polos?<\/h2>\n<p style=\"margin-top: 5px;margin-bottom: 5px;font-family: sans-serif;font-size: 16px\">El negocio de las paletas es un negocio que consiste en fabricar y vender paletas. Puedes dirigirlo desde tu propia casa o montando una tienda. Si tiene un negocio de polos en casa, puede venderlos a sus clientes en la puerta. Tambi\u00e9n puedes repartirlos a domicilio. Si tiene una tienda, puede venderlos en ella. Tambi\u00e9n puedes repartirlos a domicilio.<\/p>\n<p style=\"margin-top: 5px;margin-bottom: 5px;font-family: sans-serif;font-size: 16px\"><\/p>\n<h2 style=\"font-family: sans-serif\">\u00bfCu\u00e1nto tiempo duran los polos?<\/h2>\n<p style=\"margin-top: 5px;margin-bottom: 5px;font-family: sans-serif;font-size: 16px\">Al comprar polos, \u00bfcu\u00e1l es su vida \u00fatil? Para todos los polos congelados, puede esperar que duren hasta tres meses en el congelador. Es un plazo bastante bueno. Pero ten en cuenta que cuanto m\u00e1s tiempo los guardes, m\u00e1s probabilidades tendr\u00e1s de que se te quemen.<\/p>\n<p style=\"margin-top: 5px;margin-bottom: 5px;font-family: sans-serif;font-size: 16px\"><\/p>\n<h2 style=\"font-family: sans-serif\">\u00bfC\u00f3mo se conservan congelados los alimentos durante un viaje por carretera?&nbsp;<\/h2>\n<p style=\"margin-top: 5px;margin-bottom: 5px;font-family: sans-serif;font-size: 16px\">Esta es una pregunta que nos hacen a menudo. C\u00f3mo conservar los alimentos congelados durante un viaje por carretera. Cuando nos hacen esta pregunta, decimos que puedes meter la comida en una botella de agua fr\u00eda, guardarla en el congelador y se mantendr\u00e1 congelada durante mucho tiempo. Tambi\u00e9n puedes meter la comida en una nevera y guardarla en el maletero del coche.<\/p>\n<\/div><\/div>","protected":false},"excerpt":{"rendered":"<p>DIY POPSICLE MACHINE DIY POPSICLE MACHINE|Product Features|Product specification|Product Advantage &nbsp;&nbsp;&nbsp;&nbsp; Our Rolling Popsicle Machines are perfect for anyone who loves popsicles! They&#039;re perfect for summertime fun, or any time of year. With our machines, you can make your own popsicles and sell to customer anytime. It is a fun, easy, and delicious way to enjoy [&hellip;]<\/p>\n","protected":false},"featured_media":880,"comment_status":"open","ping_status":"open","template":"","meta":{"_swt_meta_header_display":false,"_swt_meta_footer_display":false,"_swt_meta_site_title_display":false,"_swt_meta_sticky_header":false,"_swt_meta_transparent_header":false},"product_brand":[],"product_cat":[84],"product_tag":[],"class_list":{"0":"post-887","1":"product","2":"type-product","3":"status-publish","4":"has-post-thumbnail","6":"product_cat-popsicle-machine","8":"first","9":"instock","10":"shipping-taxable","11":"product-type-simple"},"_links":{"self":[{"href":"https:\/\/www.hommy.com\/es\/wp-json\/wp\/v2\/product\/887","targetHints":{"allow":["GET"]}}],"collection":[{"href":"https:\/\/www.hommy.com\/es\/wp-json\/wp\/v2\/product"}],"about":[{"href":"https:\/\/www.hommy.com\/es\/wp-json\/wp\/v2\/types\/product"}],"replies":[{"embeddable":true,"href":"https:\/\/www.hommy.com\/es\/wp-json\/wp\/v2\/comments?post=887"}],"wp:featuredmedia":[{"embeddable":true,"href":"https:\/\/www.hommy.com\/es\/wp-json\/wp\/v2\/media\/880"}],"wp:attachment":[{"href":"https:\/\/www.hommy.com\/es\/wp-json\/wp\/v2\/media?parent=887"}],"wp:term":[{"taxonomy":"product_brand","embeddable":true,"href":"https:\/\/www.hommy.com\/es\/wp-json\/wp\/v2\/product_brand?post=887"},{"taxonomy":"product_cat","embeddable":true,"href":"https:\/\/www.hommy.com\/es\/wp-json\/wp\/v2\/product_cat?post=887"},{"taxonomy":"product_tag","embeddable":true,"href":"https:\/\/www.hommy.com\/es\/wp-json\/wp\/v2\/product_tag?post=887"}],"curies":[{"name":"wp","href":"https:\/\/api.w.org\/{rel}","templated":true}]}}