{"id":879,"date":"2024-07-02T17:01:35","date_gmt":"2024-07-02T17:01:35","guid":{"rendered":"http:\/\/localhost\/hommywp\/hm-pm-3a-ice-popsicle-machine-supplier-pass-ul-certificate\/"},"modified":"2025-08-01T09:57:45","modified_gmt":"2025-08-01T09:57:45","slug":"maquina-de-paletas-maquina-de-polos-maquina-de-paletas-numero-de-modelo-hm-pm-3","status":"publish","type":"product","link":"https:\/\/www.hommy.com\/es\/p\/maquina-de-paletas-maquina-de-polos-maquina-de-paletas-numero-de-modelo-hm-pm-3\/","title":{"rendered":"Hm-Pm-3a Ice Popsicle M\u00e1quina Proveedor Pase Ul Certificado"},"content":{"rendered":"<div>\n<p>&nbsp;<\/p>\n<h2 style=\"text-align: center\"><strong style=\"color: inherit;font-family: inherit\"><span style=\"letter-spacing: 0px;font-size: 29px;font-family: arial, helvetica, sans-serif\"><a name=\"Ice Popsicle Machine\"><\/a>M\u00e1quina de helados<\/span><\/strong><strong><span style=\"font-size: 24px\"><span style=\"text-align: center;font-family: arial, helvetica, sans-serif\"><a name=\"Popsicle machine \/ ice lolly machine \/ Popsicle maker model\"><\/a><\/span><\/span><\/strong><\/h2>\n<p style=\"text-align: center\"><a href=\"#Ice Popsicle Machine\" target=\"_self\" data-lv=\"0\" rel=\"noopener\"><span style=\"font-size: 16px;font-family: arial, helvetica, sans-serif\">M\u00e1quina de helados<\/span><\/a><span style=\"font-size: 16px;font-family: arial, helvetica, sans-serif\">|<a href=\"#Product Features\" target=\"_self\" data-lv=\"0\" rel=\"noopener\">Caracter\u00edsticas del producto<\/a>|<a href=\"#Product specification\" target=\"_self\" data-lv=\"0\" rel=\"noopener\">Especificaci\u00f3n del producto<\/a>|<a href=\"#PRODUCT ADVANTAGE\" target=\"_self\" data-lv=\"0\" rel=\"noopener\">VENTAJA DEL PRODUCTO<\/a><\/span><\/p>\n<p style=\"text-align: center\"><video src=\"https:\/\/img80002414.weyesimg.com\/uploads\/wij2rdgc.allweyes.com\/video\/15553775925221.mp4\" preload=\"none\" controls=\"\" poster=\"https:\/\/img80002414.weyesimg.com\/uploads\/wij2rdgc.allweyes.com\/images\/15553775679295.jpg\" data-setup=\"{}\" width=\"900\" height=\"640\"><\/video><\/p>\n<p>&nbsp;<\/p>\n<p>La unidad fabricada es de gran facilidad de uso y est\u00e1 disponible en diferentes especificaciones para satisfacer las diversas necesidades de nuestros clientes. Nuestras m\u00e1quinas de paletas de hielo son muy \u00fatiles para servir diferentes sabores de paletas de hielo a nuestros clientes. \u00a1Comprar ahora!<\/p>\n<p><\/p>\n<p>La m\u00e1quina ofrecida de la paleta del hielo se dise\u00f1a usando los componentes \u00f3ptimos de la calidad y se aprecia altamente entre nuestros clientes para su calidad excepcional. Estos se ofrecen en diferentes opciones de embalaje para que las m\u00e1quinas ofrecidas se puede acceder por nuestros estimados clientes desde cualquier lugar. Somos uno de los principales proveedores de la m\u00e1quina de paletas de hielo en China. Estamos ofreciendo la m\u00e1quina Ice Popsicle ofrecido a precios marginales a nuestros clientes.<\/p>\n<div class=\"d-tem11-graphic tem11-graphic mockup\" data-detail=\"wrap\">\n<div class=\"tab_row\">\n<h2 style=\"width: 50%\"><img decoding=\"async\" title=\"\" alt=\"producto-Hommy-img\" src=\"https:\/\/www.hommy.com\/wp-content\/uploads\/15553809099207.jpg\"><\/h2>\n<div class=\"text_box\" style=\"width: 50%\">\n<div class=\"txt\">\n<div class=\"title\">\n<h2><strong><span style=\"text-align: justify;font-family: arial, helvetica, sans-serif;font-size: 24px\"><a name=\"Product Features\"><\/a>Caracter\u00edsticas del producto<\/span><\/strong><\/h2>\n<p><span style=\"font-family: \u5b8b\u4f53;font-size: 29px;text-align: justify\"><br \/><\/span><\/p>\n<\/div>\n<p style=\"margin-left:32px\"><span style=\"font-family:Calibri;font-size:16px\">- La m\u00e1quina est\u00e1 construida con apariencia de lujo y f\u00e1cil operaci\u00f3n y bajo costo de mantenimiento .<\/span><\/p>\n<p style=\"margin-left:32px\"><span style=\"font-family:Calibri;font-size:16px\">- Material interior del tanque fabricado en acero inoxidable puro que puede resistir la erosi\u00f3n del \u00e1cido clorh\u00eddrico<\/span><\/p>\n<p style=\"margin-left:32px\"><span style=\"font-family:Calibri;font-size:16px\">- Funcionamiento sencillo<\/span><span style=\"font-family:\u5b8b\u4f53;font-size:16px\">.<\/span><\/p>\n<p style=\"margin-left:32px\"><span style=\"font-family:Calibri;font-size:16px\">- Varios tipos de moldes para paletas a elegir .<\/span><\/p>\n<p style=\"margin-left:32px\"><span style=\"font-family:Calibri;font-size:16px\">- Acero inoxidable<\/span><span style=\"font-family:\u5b8b\u4f53;font-size:16px\">l<\/span><span style=\"font-family:Calibri;font-size:16px\">El moho puede resistir la erosi\u00f3n.<\/span><\/p>\n<p style=\"margin-left:32px\"><span style=\"font-family:Calibri;font-size:16px\">- El molde tiene funci\u00f3n de autoconcha y es f\u00e1cil de trabajar <\/span><span style=\"font-family:\u5b8b\u4f53;font-size:16px\">.<\/span><\/p>\n<p style=\"margin-left:32px\"><span style=\"font-family:Calibri;font-size:16px\">- Aire<\/span><span style=\"font-family:\u5b8b\u4f53;font-size:16px\">&nbsp;<\/span><span style=\"font-family:Calibri;font-size:16px\">cubierta a prueba y mantener el uso de materiales mucho tiempo .<\/span><\/p>\n<p style=\"margin-left:32px\"><span style=\"font-family:Calibri;font-size:16px\">- Baja inversi\u00f3n de capital con m\u00e1xima producci\u00f3n<\/span><span style=\"font-family:\u5b8b\u4f53;font-size:16px\">.<\/span><\/p>\n<p style=\"margin-left:32px\"><span style=\"font-family:Calibri;font-size:16px\">- Obtenga beneficios del agua , incre\u00edble potencial de beneficios <\/span><span style=\"font-family:\u5b8b\u4f53;font-size:16px\">.<\/span><\/p>\n<p style=\"margin-left:32px\"><span style=\"font-family:Calibri;font-size:16px\">- Puede utilizar una m\u00e1quina para producir 3 tipos de productos: <\/span><span style=\"font-family:\u5b8b\u4f53;font-size:16px\">P<\/span><span style=\"font-family:Calibri;font-size:16px\">opsicle . peque\u00f1o bloque de hielo , i<\/span><span style=\"font-family:\u5b8b\u4f53;font-size:16px\">c<\/span><span style=\"font-family:Calibri;font-size:16px\">e caramelo .<\/span><\/p>\n<\/div>\n<\/div>\n<\/div>\n<\/div>\n<p>&nbsp;<\/p>\n<h2><strong><span style=\"letter-spacing: 0px;font-family: arial, helvetica, sans-serif;font-size: 24px\"><a name=\"Product specification\"><\/a>Especificaci\u00f3n del producto<\/span><\/strong><\/h2>\n<p><span style=\"font-family:\u5b8b\u4f53;letter-spacing:0;font-size:29px\"><img decoding=\"async\" src=\"https:\/\/www.hommy.com\/wp-content\/uploads\/16030697499729.png\" alt=\"producto-Hommy-img\" title=\"\"><\/span><\/p>\n<div class=\"text-left d-tem09-title d-interval\" data-detail=\"wrap\">\n<div class=\"title-header\">\n<h2><strong><span style=\"font-size: 24px;font-family: arial, helvetica, sans-serif\"><a name=\"PRODUCT ADVANTAGE\"><\/a><a name=\"PRODUCT ADVANTAGE\"><\/a>VENTAJA DEL PRODUCTO<\/span><\/strong><\/h2>\n<\/div>\n<\/div>\n<div class=\"d-tem01-graphic tem01-graphic mockup\" data-detail=\"wrap\">\n<div class=\"cont-section clearfix d-clearfix\">\n<div class=\"col-md-6 col-sm-6 col-xs-6\">\n<div class=\"right-p\">\n<div class=\"h2 heading\">\n<p><span style=\"letter-spacing: 0px;font-family: arial, helvetica, sans-serif;font-size: 16px\">1. La m\u00e1quina elige SS304 tanque de agua salada-anti-\u00f3xido de material y el tanque en el interior de elegir todo el tornillo que es de acero inoxidable 304 para garantizar una mayor vida \u00fatil de la m\u00e1quina.<\/span><\/p>\n<p><span style=\"letter-spacing: 0px;font-family: arial, helvetica, sans-serif;font-size: 16px\"><br \/><\/span><\/p>\n<\/div>\n<\/div>\n<div class=\"graphic_pic animated wow bounceIn\" data-wow-delay=\".7s\">\n<p style=\"text-align:center\"><img loading=\"lazy\" decoding=\"async\" src=\"https:\/\/www.hommy.com\/wp-content\/uploads\/16030903719588.jpg\" alt=\"producto-Hommy-img\" title=\"\" width=\"300\" height=\"561\" border=\"0\" vspace=\"0\" style=\"width: 300px;height: 561px\"><\/p>\n<\/div>\n<\/div>\n<div class=\"col-md-6 col-sm-6 col-xs-6\">\n<div class=\"right-p\">\n<div class=\"h2 heading\">\n<p style=\"margin: 0 0 0 28px;text-indent: 0;padding: 0;vertical-align: baseline\"><span style=\"letter-spacing: 0px;font-size: 16px;font-family: arial, helvetica, sans-serif\">2. Tenemos diverso molde del caramelo de hielo para que usted lo elija.<\/span><span style=\"font-family: \u5b8b\u4f53;letter-spacing: 0;font-size: 20px\">&nbsp;<\/span><\/p>\n<p style=\"margin: 0 0 0 28px;text-indent: 0;padding: 0;vertical-align: baseline\"><span style=\"font-family: \u5b8b\u4f53;letter-spacing: 0;font-size: 20px\"><br \/><\/span><\/p>\n<p style=\"margin: 0 0 0 28px;text-indent: 0;padding: 0;vertical-align: baseline\"><\/p>\n<\/div>\n<\/div>\n<div class=\"graphic_pic animated wow bounceIn\" data-wow-delay=\".7s\">\n<p style=\"text-align:center\"><img loading=\"lazy\" decoding=\"async\" src=\"https:\/\/www.hommy.com\/wp-content\/uploads\/16030904051206.jpg\" alt=\"producto-Hommy-img\" title=\"\" width=\"300\" height=\"600\" border=\"0\" vspace=\"0\" style=\"width: 300px;height: 600px\"><\/p>\n<\/div>\n<\/div>\n<\/div>\n<\/div>\n<div class=\"d-tem01-graphic tem01-graphic mockup\" data-detail=\"wrap\">\n<div class=\"cont-section clearfix d-clearfix\">\n<div class=\"col-md-6 col-sm-6 col-xs-6\">\n<div class=\"right-p\">\n<div class=\"h2 heading\">\n<p style=\"margin-left:28px;text-indent:0\"><span style=\"font-family: arial, helvetica, sans-serif\"><span style=\"letter-spacing: 0px;font-size: 16px\">3. La m\u00e1quina dentro del sistema de refrigeraci\u00f3n es muy fuerte producir un lote uno 15-20 minutos , que puede pasar la temperatura&nbsp;<\/span><span style=\"font-size: 16px;letter-spacing: 0px\">-18 o -20 grados .<\/span><\/span><\/p>\n<p style=\"margin-left:28px;text-indent:0\"><span style=\"font-family: arial, helvetica, sans-serif\"><span style=\"font-size: 16px;letter-spacing: 0px\"><br \/><\/span><\/span><\/p>\n<p style=\"margin-left:28px;text-indent:0\"><span style=\"font-family: arial, helvetica, sans-serif\"><span style=\"font-size: 16px;letter-spacing: 0px\"><br \/><\/span><\/span><\/p>\n<\/div>\n<\/div>\n<div class=\"graphic_pic animated wow bounceIn\" data-wow-delay=\".7s\">\n<p style=\"text-align:center\"><img loading=\"lazy\" decoding=\"async\" src=\"https:\/\/www.hommy.com\/wp-content\/uploads\/16030904452766.jpg\" alt=\"product-Hommy-HM-PM-3A La m\u00e1quina de paletas pasa la UL-img\" title=\"\" width=\"300\" height=\"600\" border=\"0\" vspace=\"0\" style=\"width: 300px;height: 600px\"><\/p>\n<\/div>\n<\/div>\n<div class=\"col-md-6 col-sm-6 col-xs-6\">\n<div class=\"right-p\">\n<div class=\"h2 heading\">\n<p style=\"margin-left:28px;text-indent:0\"><span style=\"letter-spacing: 0px;font-size: 16px;font-family: arial, helvetica, sans-serif\">4. Cuando la varilla agitadora de acero inoxidable de alta eficiencia gira, genera un flujo de agua para acelerar la velocidad de enfriamiento.<\/span><\/p>\n<p style=\"margin-left:28px;text-indent:0\"><span style=\"letter-spacing: 0px;font-size: 16px;font-family: arial, helvetica, sans-serif\"><br \/><\/span><\/p>\n<\/div>\n<\/div>\n<div class=\"graphic_pic animated wow bounceIn\" data-wow-delay=\".7s\">\n<p style=\"text-align:center\"><img loading=\"lazy\" decoding=\"async\" src=\"https:\/\/www.hommy.com\/wp-content\/uploads\/16030904795370.jpg\" alt=\"product-HM-PM-3A M\u00e1quina de polos pass UL-Hommy-img\" title=\"\" width=\"200\" height=\"543\" border=\"0\" vspace=\"0\" style=\"width: 200px;height: 543px\"><\/p>\n<\/div>\n<\/div>\n<\/div>\n<\/div>\n<p>Documento\uff1a<img decoding=\"async\" src=\"https:\/\/www.hommy.com\/wp-content\/uploads\/icon_pdf-62.gif\" style=\"margin-right: 2px\" alt=\"producto-Hommy-img-1\" title=\"\"><a href=\"https:\/\/img80002414.weyesimg.com\/uploads\/www.hommy.com\/addon\/16028369874382.pdf\" title=\"16028369874382.pdf\" style=\"font-size: 12px\">16028369874382.pdf<\/a><\/p>\n<h2 style=\"font-family: sans-serif\">\u00bfC\u00f3mo se llama un polo sin palo?<\/h2>\n<p style=\"margin-top: 5px;margin-bottom: 5px;font-family: sans-serif;font-size: 16px\"><\/p>\n<p style=\"margin-top: 5px;margin-bottom: 5px;font-family: sans-serif;font-size: 16px\">Para pasar el invierno sin derretirme ni quemarme las carnes, me gusta tener en el congelador un mont\u00f3n de delicias congeladas. Tambi\u00e9n me gusta tener el congelador lleno de alimentos llenos de sabor. Estas delicias heladas son mucho m\u00e1s divertidas que el helado tradicional, y son estupendas para tus papilas gustativas. Ya se llamen polos, caramelos, sorbetes o cualquier otro nombre, el resultado es b\u00e1sicamente el mismo. Obtendr\u00e1 un refrescante manjar helado en un c\u00f3modo envase.<\/p>\n<p style=\"margin-top: 5px;margin-bottom: 5px;font-family: sans-serif;font-size: 16px\"><\/p>\n<p style=\"margin-top: 5px;margin-bottom: 5px;font-family: sans-serif;font-size: 16px\">Conoc\u00ed este concepto hace a\u00f1os, cuando ten\u00eda unos 13 a\u00f1os. Mi primo acababa de cumplir 18 a\u00f1os y se acercaba su cumplea\u00f1os. \u00c9l y su mujer no se llevaban muy bien, as\u00ed que decid\u00ed que ser\u00eda una idea de regalo perfecta. Mi abuela era una gran cocinera, as\u00ed que era la destinataria perfecta. Sab\u00eda que apreciar\u00eda un regalo \u00fanico y que pod\u00eda hacerlo como quisiera. Quer\u00eda hacer algo que no pudiera<\/p>\n<p style=\"margin-top: 5px;margin-bottom: 5px;font-family: sans-serif;font-size: 16px\"><\/p>\n<h2 style=\"font-family: sans-serif\">\u00bfC\u00f3mo se hacen los polos con moldes?<\/h2>\n<p style=\"margin-top: 5px;margin-bottom: 5px;font-family: sans-serif;font-size: 16px\"><\/p>\n<p style=\"margin-top: 5px;margin-bottom: 5px;font-family: sans-serif;font-size: 16px\">Consigues una m\u00e1quina grande para hacer paletas de hielo que tiene moldes para hacer paletas de hielo y puedes comprar moldes en Michaels. S\u00f3lo tienes que mezclar una bolsa de fruta congelada con agua y a\u00f1adir rocas pop (que a\u00f1aden un poco de aire a la mezcla) y luego ponerlos en los moldes.<\/p>\n<p style=\"margin-top: 5px;margin-bottom: 5px;font-family: sans-serif;font-size: 16px\"><\/p>\n<p style=\"margin-top: 5px;margin-bottom: 5px;font-family: sans-serif;font-size: 16px\">Nosotros utilizamos una batidora de varillas normal para mezclar la fruta y el agua, pero puedes utilizar una batidora de inmersi\u00f3n (en caso de que tu batidora de cocina no sea lo suficientemente potente). A continuaci\u00f3n, a\u00f1adimos un par de cucharaditas de az\u00facar en polvo y un par de cucharadas de leche y lo mezclamos tambi\u00e9n.<\/p>\n<p style=\"margin-top: 5px;margin-bottom: 5px;font-family: sans-serif;font-size: 16px\"><\/p>\n<h2 style=\"font-family: sans-serif\">\u00bfCu\u00e1l es el sabor del polo amarillo?<\/h2>\n<p style=\"margin-top: 5px;margin-bottom: 5px;font-family: sans-serif;font-size: 16px\"><\/p>\n<p style=\"margin-top: 5px;margin-bottom: 5px;font-family: sans-serif;font-size: 16px\">R: Los polos son una forma refrescante, no l\u00e1ctea y sin az\u00facar de disfrutar de un favorito del verano. Los sabores de los polos son creados por nuestro equipo de desarrollo de sabores. Despu\u00e9s pasan por un riguroso proceso de pruebas con nuestro equipo de catadores y el sabor se perfecciona y se embotella. El sabor amarillo es una delicia que le recordar\u00e1 los veranos de su infancia.<\/p>\n<\/div><\/div>","protected":false},"excerpt":{"rendered":"<p>&nbsp; Ice Popsicle Machine Ice Popsicle Machine|Product Features|Product specification|PRODUCT ADVANTAGE &nbsp; The manufactured unit is of great ease to use and is available in different specification for meeting our client&#039;s diverse needs. Our provided Ice Popsicle machines are highly useful for serving different flavours of ice pops to our clients. Buy now! The offered Ice [&hellip;]<\/p>\n","protected":false},"featured_media":872,"comment_status":"open","ping_status":"open","template":"","meta":{"_swt_meta_header_display":false,"_swt_meta_footer_display":false,"_swt_meta_site_title_display":false,"_swt_meta_sticky_header":false,"_swt_meta_transparent_header":false},"product_brand":[],"product_cat":[84],"product_tag":[],"class_list":{"0":"post-879","1":"product","2":"type-product","3":"status-publish","4":"has-post-thumbnail","6":"product_cat-popsicle-machine","8":"first","9":"instock","10":"shipping-taxable","11":"product-type-simple"},"_links":{"self":[{"href":"https:\/\/www.hommy.com\/es\/wp-json\/wp\/v2\/product\/879","targetHints":{"allow":["GET"]}}],"collection":[{"href":"https:\/\/www.hommy.com\/es\/wp-json\/wp\/v2\/product"}],"about":[{"href":"https:\/\/www.hommy.com\/es\/wp-json\/wp\/v2\/types\/product"}],"replies":[{"embeddable":true,"href":"https:\/\/www.hommy.com\/es\/wp-json\/wp\/v2\/comments?post=879"}],"wp:featuredmedia":[{"embeddable":true,"href":"https:\/\/www.hommy.com\/es\/wp-json\/wp\/v2\/media\/872"}],"wp:attachment":[{"href":"https:\/\/www.hommy.com\/es\/wp-json\/wp\/v2\/media?parent=879"}],"wp:term":[{"taxonomy":"product_brand","embeddable":true,"href":"https:\/\/www.hommy.com\/es\/wp-json\/wp\/v2\/product_brand?post=879"},{"taxonomy":"product_cat","embeddable":true,"href":"https:\/\/www.hommy.com\/es\/wp-json\/wp\/v2\/product_cat?post=879"},{"taxonomy":"product_tag","embeddable":true,"href":"https:\/\/www.hommy.com\/es\/wp-json\/wp\/v2\/product_tag?post=879"}],"curies":[{"name":"wp","href":"https:\/\/api.w.org\/{rel}","templated":true}]}}