{"id":871,"date":"2024-07-02T17:01:30","date_gmt":"2024-07-02T17:01:30","guid":{"rendered":"http:\/\/localhost\/hommywp\/hm-pm-3-ice-lolly-popsicle-maker-make-profit-from-water\/"},"modified":"2025-08-01T09:57:45","modified_gmt":"2025-08-01T09:57:45","slug":"hm-pm-3-paletera","status":"publish","type":"product","link":"https:\/\/www.hommy.com\/es\/p\/hm-pm-3-paletera\/","title":{"rendered":"Hm-Pm-3 Ice Lolly Popsicle Maker | Obtenga beneficios del agua"},"content":{"rendered":"<div>\n<p><span style=\"font-family:\u5b8b\u4f53;letter-spacing:0;font-size:29px\"><br \/><\/span><\/p>\n<h2 style=\"text-align: center\"><strong><span style=\"letter-spacing: 0px;font-family: arial, helvetica, sans-serif;font-size: 24px\"><a name=\"Ice Popsicle Machine\"><\/a>M\u00e1quina de helados<\/span><\/strong><\/h2>\n<p style=\"text-align: center\"><a href=\"#Ice Popsicle Machine\" target=\"_self\" data-lv=\"0\" rel=\"noopener\"><span style=\"font-family: arial, helvetica, sans-serif;font-size: 16px\">M\u00e1quina de helados<\/span><\/a><span style=\"font-family: arial, helvetica, sans-serif;font-size: 16px\">|<a href=\"#Product Features\" target=\"_self\" data-lv=\"0\" rel=\"noopener\">Caracter\u00edsticas del producto<\/a>|<a href=\"#Product specification\" target=\"_self\" data-lv=\"0\" rel=\"noopener\">Especificaci\u00f3n del producto<\/a>|<a href=\"#Product Advantage\" target=\"_self\" data-lv=\"0\" rel=\"noopener\">Ventajas del producto<\/a><\/span><\/p>\n<p><\/p>\n<p><\/p>\n<p style=\"text-align: center\">&nbsp;&nbsp;&nbsp;&nbsp;<\/p>\n<p>Tambi\u00e9n somos uno de los portales en l\u00ednea m\u00e1s fiables para <a style=\"color:blue\" href=\"https:\/\/www.hommy.com\/es\/maquina-de-polos\/\">Heladera<\/a>s por la raz\u00f3n de que nuestra gama es diversa y hemos estado operando durante los \u00faltimos 20 a\u00f1os m\u00e1s. En caso de cualquier consulta, puede comunicarse con nosotros en nuestro n\u00famero o p\u00f3ngase en contacto con nosotros a trav\u00e9s de nuestro correo electr\u00f3nico.<\/p>\n<p><\/p>\n<p>Popsicle Maker est\u00e1n disponibles en diferentes especificaciones seg\u00fan las demandas de los clientes.<\/p>\n<p><\/p>\n<p>\u00bfPor qu\u00e9 elegirnos?<\/p>\n<p>He aqu\u00ed la lista de razones por las que deber\u00eda elegirnos:<\/p>\n<p><\/p>\n<p>Las mejores marcas: Ofrecemos una variedad de productos de marca y estos productos s\u00f3lo se venden a trav\u00e9s de nosotros. Por lo tanto, usted puede hacer uso del mejor precio para sus necesidades.<\/p>\n<p><\/p>\n<p>Los clientes pueden ponerse en contacto con nosotros: Nuestro n\u00famero est\u00e1 disponible para nuestros clientes que viven fuera de nuestra ciudad principal. Tambi\u00e9n pueden ponerse en contacto con nosotros a trav\u00e9s de nuestro correo electr\u00f3nico.<\/p>\n<p><\/p>\n<p>Tambi\u00e9n proporcionamos soporte: Tratamos de proporcionar todo el apoyo a nuestros clientes como y cuando sea necesario. Tratamos de proporcionar ayuda en cualquier etapa cuando sea necesario. Por lo tanto, tambi\u00e9n mantenemos las preguntas frecuentes a disposici\u00f3n de nuestros clientes. Estas preguntas frecuentes le ayudar\u00e1 en la comprensi\u00f3n de su m\u00e1quina de helados por completo.<\/p>\n<p><\/p>\n<p>Ofrecemos productos de calidad: Todos nuestros productos est\u00e1n disponibles en el mercado a precios asequibles. Por lo tanto, nunca se puede hacer frente a cualquier problema.<\/p>\n<p><span style=\"font-family: arial, helvetica, sans-serif;font-size: 24px\"><strong><span style=\"font-family: arial, helvetica, sans-serif;letter-spacing: 0px\"><\/span><\/strong><\/span><\/p>\n<div class=\"d-tem01-graphic tem01-graphic mockup\" data-detail=\"wrap\">\n<div class=\"cont-section clearfix d-clearfix\">\n<div class=\"col-md-6 col-sm-6 col-xs-6\">\n<div class=\"right-p\">\n<div class=\"h2 heading\">\n<p style=\"text-align:center\"><img decoding=\"async\" src=\"https:\/\/www.hommy.com\/wp-content\/uploads\/16031765789147.jpg\" alt=\"product-HM-PM-3 Heladera-Hommy-img\" style=\"font-size: 14px\" title=\"\"><\/p>\n<p><span style=\"font-size: 14px\">&nbsp; &nbsp; &nbsp; &nbsp; &nbsp; &nbsp; &nbsp;<\/span><\/div>\n<\/div>\n<\/div>\n<div class=\"col-md-6 col-sm-6 col-xs-6\">\n<div class=\"right-p\">\n<div class=\"h2 heading\">\n<h2 style=\"margin: 0px;text-indent: 0px;text-align: justify\"><strong><span style=\"letter-spacing: 0px;font-family: arial, helvetica, sans-serif;font-size: 24px\"><a name=\"Product Features\"><\/a>Caracter\u00edsticas del producto<\/span><\/strong><span style=\"font-family:\u5b8b\u4f53;letter-spacing:0;font-size:29px\">&nbsp;<\/span><\/h2>\n<h2 style=\"margin: 0px;text-indent: 0px;text-align: justify\"><span style=\"font-family:\u5b8b\u4f53;letter-spacing:0;font-size:29px\">&nbsp;<\/span><\/h2>\n<p style=\"margin-left:32px\"><span style=\"font-family: Calibri;font-size: 16px\">- La m\u00e1quina est\u00e1 construida con apariencia de lujo y f\u00e1cil operaci\u00f3n y bajo costo de mantenimiento .<\/span><\/p>\n<p style=\"margin-left:32px\"><span style=\"font-family: Calibri;font-size: 16px\">- Material interior del tanque fabricado en acero inoxidable puro que puede resistir la erosi\u00f3n del \u00e1cido clorh\u00eddrico<\/span><\/p>\n<p style=\"margin-left:32px\"><span style=\"font-family: arial, helvetica, sans-serif\"><span style=\"font-family: Calibri;font-size: 16px\">- Funcionamiento sencillo<\/span><span style=\"font-family: \u5b8b\u4f53;font-size: 16px\">.<\/span><\/span><\/p>\n<p style=\"margin-left:32px\"><span style=\"font-family: Calibri;font-size: 16px\">- Varios tipos de moldes para paletas a elegir .<\/span><\/p>\n<p style=\"margin-left:32px\"><span style=\"font-family: arial, helvetica, sans-serif\"><span style=\"font-family: Calibri;font-size: 16px\">- Acero inoxidable<\/span><span style=\"font-family: \u5b8b\u4f53;font-size: 16px\">l<\/span><span style=\"font-family: Calibri;font-size: 16px\">El moho puede resistir la erosi\u00f3n.<\/span><\/span><\/p>\n<p style=\"margin-left:32px\"><span style=\"font-family: arial, helvetica, sans-serif\"><span style=\"font-family: Calibri;font-size: 16px\">- El molde tiene funci\u00f3n de autoconcha y es f\u00e1cil de trabajar <\/span><span style=\"font-family: \u5b8b\u4f53;font-size: 16px\">.<\/span><\/span><\/p>\n<p style=\"margin-left:32px\"><span style=\"font-family: arial, helvetica, sans-serif\"><span style=\"font-family: Calibri;font-size: 16px\">- Aire<\/span><span style=\"font-family: \u5b8b\u4f53;font-size: 16px\">&nbsp;<\/span><span style=\"font-family: Calibri;font-size: 16px\">cubierta a prueba y mantener el uso de materiales mucho tiempo .<\/span><\/span><\/p>\n<p style=\"margin-left:32px\"><span style=\"font-family: arial, helvetica, sans-serif\"><span style=\"font-family: Calibri;font-size: 16px\">- Baja inversi\u00f3n de capital con m\u00e1xima producci\u00f3n<\/span><span style=\"font-family: \u5b8b\u4f53;font-size: 16px\">.<\/span><\/span><\/p>\n<p style=\"margin-left:32px\"><span style=\"font-family: arial, helvetica, sans-serif\"><span style=\"font-family: Calibri;font-size: 16px\">- Obtenga beneficios del agua , incre\u00edble potencial de beneficios <\/span><span style=\"font-family: \u5b8b\u4f53;font-size: 16px\">.<\/span><\/span><\/p>\n<p style=\"margin-left:32px\"><span style=\"font-family: arial, helvetica, sans-serif\"><span style=\"font-family: Calibri;font-size: 16px\">- Puede utilizar una m\u00e1quina para producir 3 tipos de productos: <\/span><span style=\"font-family: \u5b8b\u4f53;font-size: 16px\">P<\/span><span style=\"font-family: Calibri;font-size: 16px\">opsicle . peque\u00f1o bloque de hielo , i<\/span><span style=\"font-family: \u5b8b\u4f53;font-size: 16px\">c<\/span><span style=\"font-family: Calibri;font-size: 16px\">e caramelo .<\/span><\/span><\/p>\n<p><span> &nbsp; &nbsp; &nbsp; &nbsp;<\/span><\/div>\n<\/div>\n<\/div>\n<\/div>\n<\/div>\n<h2><span style=\"font-family: arial, helvetica, sans-serif;font-size: 24px\"><strong><span style=\"font-family: arial, helvetica, sans-serif;letter-spacing: 0px\"><a name=\"Product specification\"><\/a>Especificaci\u00f3n del producto<\/span><\/strong><\/span><\/h2>\n<p><span style=\"font-family: arial, helvetica, sans-serif;font-size: 24px\"><strong><span style=\"font-family: arial, helvetica, sans-serif;letter-spacing: 0px\"><img loading=\"lazy\" decoding=\"async\" src=\"https:\/\/www.hommy.com\/wp-content\/uploads\/16031764499547.png\" title=\"\" alt=\"producto-Hommy-img\" width=\"1000\" height=\"436\" border=\"0\" vspace=\"0\" style=\"width: 1000px;height: 436px\"><\/span><\/strong><\/span><\/p>\n<h2><strong><span style=\"letter-spacing: 0px;font-family: arial, helvetica, sans-serif;font-size: 24px\"><br \/><\/span><\/strong><\/h2>\n<h2><strong><span style=\"letter-spacing: 0px;font-family: arial, helvetica, sans-serif;font-size: 24px\"><a name=\"Product Advantage\"><\/a>Ventajas del producto<\/span><\/strong><\/h2>\n<p><strong><span style=\"letter-spacing: 0px;font-family: arial, helvetica, sans-serif;font-size: 24px\"><\/span><\/strong><\/p>\n<div class=\"d-tem01-graphic tem01-graphic mockup\" data-detail=\"wrap\">\n<div class=\"cont-section clearfix d-clearfix\">\n<div class=\"col-md-6 col-sm-6 col-xs-6\">\n<div class=\"right-p\">\n<div class=\"h2 heading\">\n<p style=\"margin: 0 0 0 28px;text-indent: 0;padding: 0;vertical-align: baseline\"><span style=\"letter-spacing: 0px;font-family: arial, helvetica, sans-serif;font-size: 16px\">1. La m\u00e1quina elige SS304 tanque de agua salada-anti-\u00f3xido de material y el tanque en el interior de elegir todo el tornillo que es de acero inoxidable 304 para garantizar una mayor vida \u00fatil de la m\u00e1quina.<\/span><\/p>\n<\/div>\n<\/div>\n<div class=\"graphic_pic animated wow bounceIn\" data-wow-delay=\".7s\">\n<p style=\"text-align:center\"><img loading=\"lazy\" decoding=\"async\" src=\"https:\/\/www.hommy.com\/wp-content\/uploads\/16031768874558.jpg\" alt=\"producto-Hommy-img\" title=\"\" width=\"350\" height=\"500\" border=\"0\" vspace=\"0\" style=\"width: 350px;height: 500px\"><\/p>\n<\/div>\n<\/div>\n<div class=\"col-md-6 col-sm-6 col-xs-6\">\n<div class=\"right-p\">\n<div class=\"h2 heading\">\n<p><span style=\"letter-spacing: 0px;font-family: arial, helvetica, sans-serif;font-size: 16px\">2. Tenemos diverso molde del caramelo de hielo para que usted lo elija.<\/span><\/p>\n<p><span style=\"letter-spacing: 0px;font-family: arial, helvetica, sans-serif;font-size: 16px\"><br \/><\/span><\/p>\n<p><span style=\"letter-spacing: 0px;font-family: arial, helvetica, sans-serif;font-size: 16px\"><br \/><\/span><\/p>\n<\/div>\n<\/div>\n<p style=\"text-align:center\"><img loading=\"lazy\" decoding=\"async\" src=\"https:\/\/www.hommy.com\/wp-content\/uploads\/16031769221882.jpg\" alt=\"producto-Hommy-img\" title=\"\" width=\"350\" height=\"500\" border=\"0\" vspace=\"0\" style=\"width: 350px;height: 500px\"><\/p>\n<p><span style=\"font-size: 16px;font-family: arial, helvetica, sans-serif\"><br \/>\n &nbsp; &nbsp; &nbsp; &nbsp; &nbsp; &nbsp;<\/span><\/p>\n<\/div>\n<\/div>\n<\/div>\n<p><\/p>\n<div class=\"d-tem01-graphic tem01-graphic mockup\" data-detail=\"wrap\">\n<div class=\"cont-section clearfix d-clearfix\">\n<div class=\"col-md-6 col-sm-6 col-xs-6\">\n<div class=\"right-p\">\n<div class=\"h2 heading\">\n<p style=\"margin-left: 28px;text-indent: 0px\"><span style=\"font-size: 16px;font-family: arial, helvetica, sans-serif\"><span style=\"letter-spacing: 0px;font-size: 16px\">3. La m\u00e1quina dentro del sistema de refrigeraci\u00f3n es muy fuerte producir un lote uno 15-20 minutos , que puede pasar la temperatura&nbsp;<\/span><span style=\"font-size: 16px;letter-spacing: 0px\">-18 o -20 grados .<\/span><\/span><\/p>\n<p style=\"margin-left: 28px;text-indent: 0px\"><span style=\"font-size: 16px;font-family: arial, helvetica, sans-serif\"><span style=\"font-size: 16px;letter-spacing: 0px\"><br \/><\/span><\/span><\/p>\n<p style=\"margin-left: 28px;text-indent: 0px\"><span style=\"font-size: 16px;font-family: arial, helvetica, sans-serif\"><span style=\"font-size: 16px;letter-spacing: 0px\"><br \/><\/span><\/span><\/p>\n<\/div>\n<\/div>\n<div class=\"graphic_pic animated wow bounceIn\" data-wow-delay=\".7s\"><img decoding=\"async\" src=\"https:\/\/www.hommy.com\/wp-content\/uploads\/16031769556151.png\" alt=\"product-Hommy-HM-PM-3 Heladera-img\" title=\"\"><br \/>\n &nbsp; &nbsp; &nbsp; &nbsp; &nbsp; &nbsp;<\/div>\n<\/div>\n<div class=\"col-md-6 col-sm-6 col-xs-6\">\n<div class=\"right-p\">\n<div class=\"h2 heading\">\n<p style=\"margin-left:28px;text-indent:0\"><span style=\"letter-spacing: 0px;font-size: 16px;font-family: arial, helvetica, sans-serif\">4. Cuando la varilla agitadora de acero inoxidable de alta eficiencia gira, genera un flujo de agua para acelerar la velocidad de enfriamiento.<\/span><\/p>\n<\/div>\n<\/div>\n<div class=\"graphic_pic animated wow bounceIn\" data-wow-delay=\".7s\">\n<p style=\"text-align:center\"><img loading=\"lazy\" decoding=\"async\" src=\"https:\/\/www.hommy.com\/wp-content\/uploads\/16031773503045.jpg\" alt=\"producto-Hommy-img\" title=\"\" width=\"350\" height=\"500\" border=\"0\" vspace=\"0\" style=\"width: 350px;height: 500px\"><\/p>\n<\/div>\n<\/div>\n<\/div>\n<\/div>\n<p>Documento\uff1a<img decoding=\"async\" src=\"https:\/\/www.hommy.com\/wp-content\/uploads\/icon_pdf-61.gif\" style=\"margin-right: 2px\" alt=\"producto-HM-PM-3 Heladera-Hommy-img-1\" title=\"\"><a href=\"https:\/\/img80002414.weyesimg.com\/uploads\/www.hommy.com\/addon\/16031775674510.pdf\" title=\"16031775674510.pdf\" style=\"font-size: 12px\">16031775674510.pdf<\/a><\/p>\n<h2>\u00bfCu\u00e1nto tardan en congelarse los polos?<\/h2>\n<p style=\"margin-top: 5px;margin-bottom: 5px\">No se tarda nada. Una paleta congelada tarda aproximadamente 1\/2 hora en congelarse.<\/p>\n<p style=\"margin-top: 5px;margin-bottom: 5px\"><\/p>\n<p style=\"margin-top: 5px;margin-bottom: 5px\">Suelo congelarlos en bolsas individuales para que cada miembro de la familia tenga un polo cada uno.<\/p>\n<p style=\"margin-top: 5px;margin-bottom: 5px\"><\/p>\n<p style=\"margin-top: 5px;margin-bottom: 5px\">Hay una buena raz\u00f3n para ello. Si los congelas todos juntos, el aire del centro del polo podr\u00eda derretirse antes de que el exterior se congele lo suficiente como para aguantar. Esto har\u00e1 que el polo quede empapado.<\/p>\n<p style=\"margin-top: 5px;margin-bottom: 5px\"><\/p>\n<p style=\"margin-top: 5px;margin-bottom: 5px\"><\/p>\n<h2>\u00bfCu\u00e1l es el mejor sabor de polo?<\/h2>\n<p style=\"margin-top: 5px;margin-bottom: 5px\">Soy una gran fan de la frambuesa azul. No me gustan la mayor\u00eda de los sabores, pero me encanta el de frambuesa azul. Me parece el m\u00e1s sabroso. He probado otros y me han parecido demasiado \u00e1cidos. Pero la frambuesa azul es agradable, dulce y jugosa. Y est\u00e1 deliciosa.<\/p>\n<p style=\"margin-top: 5px;margin-bottom: 5px\"><\/p>\n<p style=\"margin-top: 5px;margin-bottom: 5px\"><\/p>\n<h2>\u00bfLos polos engordan?<\/h2>\n<p style=\"margin-top: 5px;margin-bottom: 5px\">Averig\u00fc\u00e9moslo.<\/p>\n<p style=\"margin-top: 5px;margin-bottom: 5px\"><\/p>\n<p style=\"margin-top: 5px;margin-bottom: 5px\">Los polos son una delicia. Es divertido hasta que te das cuenta de que no te los puedes comer.<\/p>\n<p style=\"margin-top: 5px;margin-bottom: 5px\"><\/p>\n<p style=\"margin-top: 5px;margin-bottom: 5px\">Seg\u00fan el USDA, un solo polo contiene m\u00e1s de 50 calor\u00edas. Son muchas calor\u00edas en un peque\u00f1o trozo de comida.<\/p>\n<p style=\"margin-top: 5px;margin-bottom: 5px\"><\/p>\n<p style=\"margin-top: 5px;margin-bottom: 5px\">Si nos fijamos en las estad\u00edsticas, podr\u00edamos pensar que los polos son una dieta prohibida. Pero, cuando profundizas en los datos, te das cuenta de que no son tan malos como parecen.<\/p>\n<\/div><\/div>","protected":false},"excerpt":{"rendered":"<p>Ice Popsicle Machine Ice Popsicle Machine|Product Features|Product specification|Product Advantage &nbsp;&nbsp;&nbsp;&nbsp; We are also one of the most trusted online portals for Popsicle makers for the reason that our range is diverse and we have been operating for the past 20 more years. In case of any query, you can reach us on our number or [&hellip;]<\/p>\n","protected":false},"featured_media":864,"comment_status":"open","ping_status":"open","template":"","meta":{"_swt_meta_header_display":false,"_swt_meta_footer_display":false,"_swt_meta_site_title_display":false,"_swt_meta_sticky_header":false,"_swt_meta_transparent_header":false},"product_brand":[],"product_cat":[84],"product_tag":[],"class_list":{"0":"post-871","1":"product","2":"type-product","3":"status-publish","4":"has-post-thumbnail","6":"product_cat-popsicle-machine","8":"first","9":"instock","10":"shipping-taxable","11":"product-type-simple"},"_links":{"self":[{"href":"https:\/\/www.hommy.com\/es\/wp-json\/wp\/v2\/product\/871","targetHints":{"allow":["GET"]}}],"collection":[{"href":"https:\/\/www.hommy.com\/es\/wp-json\/wp\/v2\/product"}],"about":[{"href":"https:\/\/www.hommy.com\/es\/wp-json\/wp\/v2\/types\/product"}],"replies":[{"embeddable":true,"href":"https:\/\/www.hommy.com\/es\/wp-json\/wp\/v2\/comments?post=871"}],"wp:featuredmedia":[{"embeddable":true,"href":"https:\/\/www.hommy.com\/es\/wp-json\/wp\/v2\/media\/864"}],"wp:attachment":[{"href":"https:\/\/www.hommy.com\/es\/wp-json\/wp\/v2\/media?parent=871"}],"wp:term":[{"taxonomy":"product_brand","embeddable":true,"href":"https:\/\/www.hommy.com\/es\/wp-json\/wp\/v2\/product_brand?post=871"},{"taxonomy":"product_cat","embeddable":true,"href":"https:\/\/www.hommy.com\/es\/wp-json\/wp\/v2\/product_cat?post=871"},{"taxonomy":"product_tag","embeddable":true,"href":"https:\/\/www.hommy.com\/es\/wp-json\/wp\/v2\/product_tag?post=871"}],"curies":[{"name":"wp","href":"https:\/\/api.w.org\/{rel}","templated":true}]}}