{"id":863,"date":"2024-07-02T17:01:25","date_gmt":"2024-07-02T17:01:25","guid":{"rendered":"http:\/\/localhost\/hommywp\/hm-pp-250-ice-lolly-popsicle-wrapping-machine-factory\/"},"modified":"2025-08-01T09:57:44","modified_gmt":"2025-08-01T09:57:44","slug":"maquina-envolvedora-de-paletas-hm-pp-250","status":"publish","type":"product","link":"https:\/\/www.hommy.com\/es\/p\/maquina-envolvedora-de-paletas-hm-pp-250\/","title":{"rendered":"Hm-Pp-250 M\u00e1quina envolvedora de polos de hielo F\u00e1brica"},"content":{"rendered":"<div>\n<p><\/p>\n<p><\/p>\n<h2 style=\"text-align: center\"><strong><span style=\"font-family: arial, helvetica, sans-serif;font-size: 24px\"><a name=\"Popsicle Wrapping Machine\"><\/a>Envolvedora de polos<\/span><\/strong><\/h2>\n<p style=\"text-align: center\"><a href=\"#Popsicle Wrapping Machine\" target=\"_self\" data-lv=\"0\" rel=\"noopener\">Envolvedora de polos<\/a>|<a href=\"#Product Features\" target=\"_self\" data-lv=\"0\" rel=\"noopener\">Caracter\u00edsticas del producto<\/a>|<a href=\"#Product specification\" target=\"_self\" data-lv=\"0\" rel=\"noopener\">Especificaci\u00f3n del producto<\/a><\/p>\n<p><\/p>\n<p><\/p>\n<p style=\"text-align: center\">&nbsp;&nbsp;&nbsp;&nbsp;<\/p>\n<p>Si busca una m\u00e1quina envolvedora de paletas fiable y de alta calidad, ha llegado al lugar adecuado. En este campo, nos enorgullecemos de ofrecer a nuestros clientes m\u00e1quinas de gama alta que har\u00e1n que su proceso de envoltura de paletas sea m\u00e1s f\u00e1cil y eficiente. Tanto si es una peque\u00f1a empresa como una gran corporaci\u00f3n, tenemos una m\u00e1quina que satisfar\u00e1 sus necesidades.<\/p>\n<p><\/p>\n<p>Adem\u00e1s de nuestra amplia selecci\u00f3n de m\u00e1quinas, tambi\u00e9n ofrecemos un excelente servicio de atenci\u00f3n al cliente. Nuestro personal experto est\u00e1 siempre disponible para responder a cualquier pregunta que pueda tener y ayudarle a encontrar la m\u00e1quina perfecta para sus necesidades. Entendemos que el proceso de envoltura de paletas puede ser un reto, pero con nuestra ayuda, no tiene por qu\u00e9 serlo.<\/p>\n<p>Visite nuestro sitio web hoy mismo para obtener m\u00e1s informaci\u00f3n sobre nuestros productos y servicios o para realizar un pedido.<\/p>\n<p><\/p>\n<div class=\"d-tem01-graphic tem01-graphic mockup\" data-detail=\"wrap\">\n<div class=\"cont-section clearfix d-clearfix\">\n<div class=\"col-md-6 col-sm-6 col-xs-6\">\n<div class=\"right-p\">\n<p><\/p>\n<p><\/p>\n<p><\/p>\n<p><\/p>\n<p><\/p>\n<p><\/p>\n<p><img decoding=\"async\" src=\"https:\/\/www.hommy.com\/wp-content\/uploads\/16034175671584.png\" alt=\"producto-Hommy-img\" style=\"font-size: 14px\" title=\"\"><span style=\"font-size: 14px\">&nbsp; &nbsp; &nbsp; &nbsp; &nbsp; &nbsp; &nbsp;<\/span><\/p>\n<\/div>\n<\/div>\n<div class=\"col-md-6 col-sm-6 col-xs-6\">\n<div class=\"right-p\">\n<div class=\"h2 heading\">\n<p style=\"margin-top:0;margin-right:0;margin-bottom:0;margin-left:0;text-indent:0;text-align:justify\"><strong><span style=\"letter-spacing: 0px;font-family: arial, helvetica, sans-serif;font-size: 24px\">Caracter\u00edsticas del producto&nbsp;<\/span><\/strong><\/p>\n<p style=\"margin-top:0;margin-right:0;margin-bottom:0;margin-left:0;text-indent:0;text-align:justify\"><strong><span style=\"letter-spacing: 0px;font-family: arial, helvetica, sans-serif;font-size: 24px\">&nbsp;<\/span><\/strong><\/p>\n<p><strong><span style=\"font-family: arial, helvetica, sans-serif;font-size: 24px\">Caracter\u00edsticas&nbsp;<\/span><\/strong><\/p>\n<p><span style=\"font-family:Tahoma;font-size:16px\">&nbsp;<\/span><\/p>\n<p><span style=\"font-family:Tahoma;font-size:16px\">1. Control de doble transductor, corte flexible de la longitud de la bolsa, el operador no necesita ajustar el trabajo de descarga, ahorrando tiempo y ahorrando pel\u00edculas.<\/span><\/p>\n<p><span style=\"font-family:\u5b8b\u4f53;font-size:16px\">2.<\/span><span style=\"font-family:Tahoma;font-size:16px\">Funcionamiento hombre-m\u00e1quina, parametrizaci\u00f3n c\u00f3moda y r\u00e1pida.<\/span><\/p>\n<p><span style=\"font-family:\u5b8b\u4f53;font-size:16px\">3.<\/span><span style=\"font-family:Tahoma;font-size:16px\">Funci\u00f3n de autodiagn\u00f3stico de fallos, visualizaci\u00f3n clara de fallos.<\/span><\/p>\n<p><span style=\"font-family:\u5b8b\u4f53;font-size:16px\">4. <\/span><span style=\"font-family:Tahoma;font-size:16px\">Alta sensibilidad \u00f3ptica el\u00e9ctrica color marca de seguimiento de entrada digital posici\u00f3n de corte que hace que el sellado<\/span><span style=\"font-family:\u5b8b\u4f53;font-size:16px\">&nbsp;<\/span><span style=\"font-family:Tahoma;font-size:16px\">y corte m\u00e1s precisos.<\/span><\/p>\n<p><span style=\"font-family:\u5b8b\u4f53;font-size:16px\">5.<\/span><span style=\"font-family:Tahoma;font-size:16px\">Control PID independiente de la temperatura, adecuado para diversos materiales de envasado.<\/span><\/p>\n<p><span style=\"font-family:\u5b8b\u4f53;font-size:16px\">6.<\/span><span style=\"font-family:Tahoma;font-size:16px\">Al parar la m\u00e1quina en la posici\u00f3n seleccionada, no se pega la cuchilla ni se desperdicia film de embalaje.<\/span><\/p>\n<p><span style=\"font-family:\u5b8b\u4f53;font-size:16px\">7.<\/span><span style=\"font-family:Tahoma;font-size:16px\">Sistema de conducci\u00f3n sencillo, funcionamiento fiable, mantenimiento c\u00f3modo.<\/span><\/p>\n<p><span style=\"font-family:\u5b8b\u4f53;font-size:16px\">8.<\/span><span style=\"font-family:Tahoma;font-size:16px\">Todos los controles se realizan mediante software, lo que facilita el ajuste y la actualizaci\u00f3n de las funciones.<\/span><\/p>\n<p><span style=\"font-family:Tahoma;font-size:16px\">Aplicaci\u00f3n:<\/span><\/p>\n<p><span style=\"font-family:Tahoma;font-size:16px\">Adecuado para embalar objetos regulares como <\/span><span style=\"font-family:\u5b8b\u4f53;font-size:16px\">P<\/span><span style=\"font-family:Tahoma;font-size:16px\">opsic<\/span><span style=\"font-family:\u5b8b\u4f53;font-size:16px\">l<\/span><span style=\"font-family:Tahoma;font-size:16px\">e pegatina , galletas, pan, fideos instant\u00e1neos, pasteles de luna, piezas industriales, cajas o bandejas de papel.<\/span><\/p>\n<\/div>\n<\/div>\n<p><\/p>\n<p>&nbsp; &nbsp; &nbsp; &nbsp; &nbsp; &nbsp;<\/p>\n<\/div>\n<\/div>\n<\/div>\n<p><span style=\"font-size: 24px\"><strong><span style=\"letter-spacing: 0px;font-family: arial, helvetica, sans-serif\"><a name=\"Product specification\"><\/a>Especificaci\u00f3n del producto<\/span><\/strong><\/span><\/p>\n<p><img decoding=\"async\" src=\"https:\/\/www.hommy.com\/wp-content\/uploads\/16034173385730.png\" alt=\"producto-HM-PP-250 Envolvedora de polos-Hommy-img\" title=\"\"><\/p>\n<p><\/p>\n<p>Documento\uff1a<img decoding=\"async\" src=\"https:\/\/www.hommy.com\/wp-content\/uploads\/icon_pdf-60.gif\" style=\"margin-right: 2px\" alt=\"producto-Hommy-img\" title=\"\"><a href=\"https:\/\/img80002414.weyesimg.com\/uploads\/www.hommy.com\/addon\/16034174028532.pdf\" title=\"16034174028532.pdf\" style=\"font-size: 12px\">16034174028532.pdf<\/a><\/p>\n<h2 style=\"font-family: sans-serif\">\u00bfQu\u00e9 es una m\u00e1quina de helados?<br \/><\/h2>\n<p style=\"margin-top: 5px;margin-bottom: 5px;font-family: sans-serif;font-size: 16px\"><\/p>\n<p style=\"margin-top: 5px;margin-bottom: 5px;font-family: sans-serif;font-size: 16px\">Una m\u00e1quina de polos es un tipo de congelador con un dispositivo que calienta una c\u00e1mara cerrada y congela los l\u00edquidos hasta convertirlos en duros y deliciosos polos. Si te gustan los polos, puede que sea el \u00fanico tipo de congelador que necesites.<\/p>\n<p style=\"margin-top: 5px;margin-bottom: 5px;font-family: sans-serif;font-size: 16px\"><\/p>\n<p style=\"margin-top: 5px;margin-bottom: 5px;font-family: sans-serif;font-size: 16px\">Aunque los polos son el tipo de helado m\u00e1s famoso, no son el \u00fanico. Hay muchos tipos de golosinas congeladas, desde el yogur helado hasta el helado y los caramelos. Los polos se suelen hacer con l\u00edquido. Se pueden hacer con zumo, leche, zumo de fruta o agua. Tambi\u00e9n puedes hacerlos con alcohol, como licor fuerte o ginger ale, o l\u00e1cteos, como leche, nata, yogur, crema agria o helado.<\/p>\n<p style=\"margin-top: 5px;margin-bottom: 5px;font-family: sans-serif;font-size: 16px\"><\/p>\n<h2 style=\"font-family: sans-serif\">\u00bfQu\u00e9 da textura a los polos?<\/h2>\n<p style=\"margin-top: 5px;margin-bottom: 5px;font-family: sans-serif;font-size: 16px\"><\/p>\n<p style=\"margin-top: 5px;margin-bottom: 5px;font-family: sans-serif;font-size: 16px\">R: La mayor\u00eda de las helader\u00edas elaboran sus helados con una mezcla de huevos, leche, az\u00facar y otros ingredientes. Los huevos act\u00faan como emulsionantes, ayudando a que la mezcla se \"pegue\" y se mantenga congelada. La leche mantiene la mezcla homog\u00e9nea, los az\u00facares a\u00f1aden dulzor y los dem\u00e1s ingredientes act\u00faan como estabilizadores.<\/p>\n<p style=\"margin-top: 5px;margin-bottom: 5px;font-family: sans-serif;font-size: 16px\"><\/p>\n<h2 style=\"font-family: sans-serif\">\u00bfSe puede congelar el helado?<\/h2>\n<p style=\"margin-top: 5px;margin-bottom: 5px;font-family: sans-serif;font-size: 16px\"><\/p>\n<p style=\"margin-top: 5px;margin-bottom: 5px;font-family: sans-serif;font-size: 16px\">R: La mayor\u00eda de los helados caseros se congelan bien si se hacen s\u00f3lo con huevos, leche, az\u00facar y, por supuesto, un poco de vainilla. Pero como el helado tiene mucha grasa, la superficie de congelaci\u00f3n es mayor, lo que significa que el helado puede extenderse cuando se congela. Esto, a su vez, hace que sea m\u00e1s dif\u00edcil de servir.<\/p>\n<p style=\"margin-top: 5px;margin-bottom: 5px;font-family: sans-serif;font-size: 16px\"><\/p>\n<p style=\"margin-top: 5px;margin-bottom: 5px;font-family: sans-serif;font-size: 16px\">En la mayor\u00eda de los casos, la \u00fanica forma de conseguir que el helado se congele es a\u00f1adirle estabilizantes. Estos incluyen prote\u00ednas, \u00e1cidos, como yogur o suero de leche, e incluso manteca vegetal.<\/p>\n<p style=\"margin-top: 5px;margin-bottom: 5px;font-family: sans-serif;font-size: 16px\"><\/p>\n<h2 style=\"font-family: sans-serif\">\u00bfC\u00f3mo se congelan los polos?<\/h2>\n<p style=\"margin-top: 5px;margin-bottom: 5px;font-family: sans-serif;font-size: 16px\"><\/p>\n<p style=\"margin-top: 5px;margin-bottom: 5px;font-family: sans-serif;font-size: 16px\">R: Los polos se congelan con nitr\u00f3geno l\u00edquido.  Si intentas meterlos en el congelador de lado, los bordes exteriores se descongelar\u00e1n y gotear\u00e1n.  Si los pones en el congelador sobre una superficie plana, los cristales de hielo se expanden y rellenan el interior, dejando un centro blanco y liso.<\/p>\n<\/div><\/div>","protected":false},"excerpt":{"rendered":"<p>Popsicle Wrapping Machine Popsicle Wrapping Machine|Product Features|Product specification &nbsp;&nbsp;&nbsp;&nbsp; If you are in the market for a high-quality, reliable popsicle wrapping machine, you have come to the right place. In this field, we pride ourselves on providing our customers with top-of-the-line machines that will make their popsicle wrapping process easier and more efficient. Whether you [&hellip;]<\/p>\n","protected":false},"featured_media":860,"comment_status":"open","ping_status":"open","template":"","meta":{"_swt_meta_header_display":false,"_swt_meta_footer_display":false,"_swt_meta_site_title_display":false,"_swt_meta_sticky_header":false,"_swt_meta_transparent_header":false},"product_brand":[],"product_cat":[84],"product_tag":[],"class_list":{"0":"post-863","1":"product","2":"type-product","3":"status-publish","4":"has-post-thumbnail","6":"product_cat-popsicle-machine","8":"first","9":"instock","10":"shipping-taxable","11":"product-type-simple"},"_links":{"self":[{"href":"https:\/\/www.hommy.com\/es\/wp-json\/wp\/v2\/product\/863","targetHints":{"allow":["GET"]}}],"collection":[{"href":"https:\/\/www.hommy.com\/es\/wp-json\/wp\/v2\/product"}],"about":[{"href":"https:\/\/www.hommy.com\/es\/wp-json\/wp\/v2\/types\/product"}],"replies":[{"embeddable":true,"href":"https:\/\/www.hommy.com\/es\/wp-json\/wp\/v2\/comments?post=863"}],"wp:featuredmedia":[{"embeddable":true,"href":"https:\/\/www.hommy.com\/es\/wp-json\/wp\/v2\/media\/860"}],"wp:attachment":[{"href":"https:\/\/www.hommy.com\/es\/wp-json\/wp\/v2\/media?parent=863"}],"wp:term":[{"taxonomy":"product_brand","embeddable":true,"href":"https:\/\/www.hommy.com\/es\/wp-json\/wp\/v2\/product_brand?post=863"},{"taxonomy":"product_cat","embeddable":true,"href":"https:\/\/www.hommy.com\/es\/wp-json\/wp\/v2\/product_cat?post=863"},{"taxonomy":"product_tag","embeddable":true,"href":"https:\/\/www.hommy.com\/es\/wp-json\/wp\/v2\/product_tag?post=863"}],"curies":[{"name":"wp","href":"https:\/\/api.w.org\/{rel}","templated":true}]}}