{"id":851,"date":"2024-07-02T17:01:17","date_gmt":"2024-07-02T17:01:17","guid":{"rendered":"http:\/\/localhost\/hommywp\/hm-pm-30-stick-ice-popsicle-maker-equipment-how-much\/"},"modified":"2025-08-01T09:57:44","modified_gmt":"2025-08-01T09:57:44","slug":"hm-pm-30-maquina-para-hacer-polos","status":"publish","type":"product","link":"https:\/\/www.hommy.com\/es\/p\/hm-pm-30-maquina-para-hacer-polos\/","title":{"rendered":"Hm-Pm-30 Equipo Para Hacer Paletas De Hielo Cu\u00e1nto"},"content":{"rendered":"<div>\n<p><\/p>\n<p style=\"text-align: center\"><strong><span style=\"letter-spacing: 0px;font-family: arial, helvetica, sans-serif;font-size: 24px\"><a name=\"Ice Popsicle Machine\"><\/a>M\u00e1quina de helados<\/span><\/strong><\/p>\n<p style=\"text-align: center\"><a href=\"#Ice Popsicle Machine\" target=\"_self\" data-lv=\"0\" rel=\"noopener\"><span style=\"letter-spacing: 0px;font-family: arial, helvetica, sans-serif;font-size: 16px\">M\u00e1quina de helados<\/span><\/a><span style=\"letter-spacing: 0px;font-family: arial, helvetica, sans-serif;font-size: 16px\">|<a href=\"#Product Features\" target=\"_self\" data-lv=\"0\" rel=\"noopener\">Caracter\u00edsticas del producto<\/a>|<a href=\"#Product specification\" target=\"_self\" data-lv=\"0\" rel=\"noopener\">Especificaci\u00f3n del producto<\/a>|<a href=\"#Product Advantage\" target=\"_self\" data-lv=\"0\" rel=\"noopener\">Ventajas del producto<\/a><\/span><\/p>\n<p><span style=\"font-family:\u5b8b\u4f53;letter-spacing:0;font-size:29px\"><br \/><\/span><\/p>\n<p><\/p>\n<p style=\"text-align: center\">&nbsp;&nbsp;&nbsp;&nbsp;<\/p>\n<p>Estas m\u00e1quinas son bien conocidas por su calidad y durabilidad y proporcionan una soluci\u00f3n perfecta para hacer polos comerciales. Viene con una amplia variedad de moldes que ayudan en la creaci\u00f3n de una variedad de sabores. Ofrecemos esta m\u00e1quina a un precio asequible a nuestros clientes.<\/p>\n<div class=\"d-tem01-graphic tem01-graphic mockup\" data-detail=\"wrap\">\n<div class=\"cont-section clearfix d-clearfix\">\n<div class=\"col-md-6 col-sm-6 col-xs-6\">\n<div class=\"right-p\">\n<div class=\"h2 heading\"><img decoding=\"async\" src=\"https:\/\/www.hommy.com\/wp-content\/uploads\/16032688407271.jpg\" alt=\"producto-Hommy-img\" style=\"font-size: 14px\" title=\"\"><span style=\"font-size: 14px\">&nbsp; &nbsp; &nbsp; &nbsp; &nbsp; &nbsp; &nbsp;<\/span><\/div>\n<\/div>\n<\/div>\n<div class=\"col-md-6 col-sm-6 col-xs-6\">\n<div class=\"right-p\">\n<div class=\"h2 heading\">\n<p style=\"margin-top:0;margin-right:0;margin-bottom:0;margin-left:0;text-indent:0;text-align:justify\"><span style=\"letter-spacing: 0px;font-family: arial, helvetica, sans-serif;font-size: 24px\"><a name=\"Product Features\"><\/a>Caracter\u00edsticas del producto<\/span><\/p>\n<p style=\"margin-top:0;margin-right:0;margin-bottom:0;margin-left:0;text-indent:0;text-align:justify\"><span style=\"font-family:\u5b8b\u4f53;letter-spacing:0;font-size:29px\">&nbsp;&nbsp;<\/span><\/p>\n<p style=\"margin-left:32px\"><span style=\"font-family:Calibri;font-size:16px\">-&nbsp;<\/span><span style=\"font-family:Calibri;font-size:16px\">La m\u00e1quina est\u00e1 construida con apariencia de lujo y f\u00e1cil operaci\u00f3n y bajo costo de mantenimiento .<\/span><\/p>\n<p style=\"margin-left:32px\"><span style=\"font-family:Calibri;font-size:16px\">-&nbsp;<\/span><span style=\"font-family:Calibri;font-size:16px\">Material interior del tanque fabricado en acero inoxidable puro que puede resistir la erosi\u00f3n del \u00e1cido clorh\u00eddrico<\/span><\/p>\n<p style=\"margin-left:32px\"><span style=\"font-family:Calibri;font-size:16px\">-&nbsp;<\/span><span style=\"font-family:Calibri;font-size:16px\">Funcionamiento sencillo<\/span><span style=\"font-family:\u5b8b\u4f53;font-size:16px\">.<\/span><\/p>\n<p style=\"margin-left:32px\"><span style=\"font-family:Calibri;font-size:16px\">-&nbsp;<\/span><span style=\"font-family:Calibri;font-size:16px\">Varios tipos de moldes para paletas a elegir .<\/span><\/p>\n<p style=\"margin-left:32px\"><span style=\"font-family:Calibri;font-size:16px\">-&nbsp;<\/span><span style=\"font-family:Calibri;font-size:16px\">Acero inoxidable<\/span><span style=\"font-family:\u5b8b\u4f53;font-size:16px\">l<\/span><span style=\"font-family:Calibri;font-size:16px\">El moho puede resistir la erosi\u00f3n.<\/span><\/p>\n<p style=\"margin-left:32px\"><span style=\"font-family:Calibri;font-size:16px\">-&nbsp;<\/span><span style=\"font-family:Calibri;font-size:16px\">El molde tiene funci\u00f3n de autoconcha y es f\u00e1cil de trabajar <\/span><span style=\"font-family:\u5b8b\u4f53;font-size:16px\">.<\/span><\/p>\n<p style=\"margin-left:32px\"><span style=\"font-family:Calibri;font-size:16px\">-&nbsp;<\/span><span style=\"font-family:Calibri;font-size:16px\">Aire<\/span><span style=\"font-family:\u5b8b\u4f53;font-size:16px\">&nbsp;<\/span><span style=\"font-family:Calibri;font-size:16px\">cubierta a prueba y mantener el uso de materiales mucho tiempo .<\/span><\/p>\n<p style=\"margin-left:32px\"><span style=\"font-family:Calibri;font-size:16px\">-&nbsp;<\/span><span style=\"font-family:Calibri;font-size:16px\">&nbsp;Baja inversi\u00f3n de capital con m\u00e1xima producci\u00f3n<\/span><span style=\"font-family:\u5b8b\u4f53;font-size:16px\">.<\/span><\/p>\n<p style=\"margin-left:32px\"><span style=\"font-family:Calibri;font-size:16px\">-&nbsp;<\/span><span style=\"font-family:Calibri;font-size:16px\">Obtenga beneficios del agua , incre\u00edble potencial de beneficios <\/span><span style=\"font-family:\u5b8b\u4f53;font-size:16px\">.<\/span><\/p>\n<p style=\"margin-left:32px\"><span style=\"font-family:Calibri;font-size:16px\">-&nbsp;<\/span><span style=\"font-family:Calibri;font-size:16px\">Puede utilizar una m\u00e1quina para producir 3 tipos de productos: <\/span><span style=\"font-family:\u5b8b\u4f53;font-size:16px\">P<\/span><span style=\"font-family:Calibri;font-size:16px\">opsicle . peque\u00f1o bloque de hielo , i<\/span><span style=\"font-family:\u5b8b\u4f53;font-size:16px\">c<\/span><span style=\"font-family:Calibri;font-size:16px\">e caramelo .<\/span><\/p>\n<p><span style=\"font-family:Calibri;font-size:16px\">&nbsp;<\/span><\/p>\n<p><span> &nbsp; &nbsp;<\/span><\/div>\n<\/div>\n<\/div>\n<\/div>\n<\/div>\n<p><\/p>\n<p><span style=\"font-size: 24px\"><strong><span style=\"letter-spacing: 0px;font-family: arial, helvetica, sans-serif\"><a name=\"Product specification\"><\/a>Especificaci\u00f3n del producto<\/span><\/strong><\/span><\/p>\n<p><span style=\"font-family:\u5b8b\u4f53;letter-spacing:0;font-size:29px\"><\/span><img loading=\"lazy\" decoding=\"async\" src=\"https:\/\/www.hommy.com\/wp-content\/uploads\/16032687848156.png\" title=\"\" alt=\"producto-Hommy-img\" width=\"1000\" height=\"436\" border=\"0\" vspace=\"0\" style=\"width: 1000px;height: 436px\"><\/p>\n<p><strong><span style=\"letter-spacing: 0px;font-family: arial, helvetica, sans-serif;font-size: 24px\"><br \/><\/span><\/strong><\/p>\n<p><strong><span style=\"letter-spacing: 0px;font-family: arial, helvetica, sans-serif;font-size: 24px\"><a name=\"Product Advantage\"><\/a>Ventajas del producto<\/span><\/strong><\/p>\n<p><strong><span style=\"letter-spacing: 0px;font-family: arial, helvetica, sans-serif;font-size: 24px\"><\/span><\/strong><\/p>\n<div class=\"d-tem01-graphic tem01-graphic mockup\" data-detail=\"wrap\">\n<div class=\"cont-section clearfix d-clearfix\">\n<div class=\"col-md-6 col-sm-6 col-xs-6\">\n<div class=\"right-p\">\n<div class=\"h2 heading\">\n<p style=\"margin: 0 0 0 28px;text-indent: 0;padding: 0;vertical-align: baseline\"><span style=\"letter-spacing: 0px;font-family: arial, helvetica, sans-serif;font-size: 16px\">1. La m\u00e1quina elige SS304 tanque de agua salada-anti-\u00f3xido de material y el tanque en el interior de elegir todo el tornillo que es de acero inoxidable 304 para garantizar una mayor vida \u00fatil de la m\u00e1quina.<\/span><\/p>\n<\/div>\n<\/div>\n<div class=\"graphic_pic animated wow bounceIn\" data-wow-delay=\".7s\">\n<p style=\"text-align:center\"><img loading=\"lazy\" decoding=\"async\" src=\"https:\/\/www.hommy.com\/wp-content\/uploads\/16032689872272.jpg\" alt=\"product-HM-PM-30 Heladera-Hommy-img\" title=\"\" width=\"350\" height=\"500\" border=\"0\" vspace=\"0\" style=\"width: 350px;height: 500px\"><\/p>\n<\/div>\n<\/div>\n<div class=\"col-md-6 col-sm-6 col-xs-6\">\n<div class=\"right-p\">\n<div class=\"h2 heading\">\n<p style=\"margin: 0 0 0 28px;text-indent: 0;padding: 0;vertical-align: baseline\"><span style=\"letter-spacing: 0px;font-family: arial, helvetica, sans-serif;font-size: 16px\">2. Tenemos diferentes moldes de paletas de hielo para que usted elija.<\/span><\/p>\n<p style=\"margin: 0 0 0 28px;text-indent: 0;padding: 0;vertical-align: baseline\"><span style=\"letter-spacing: 0px;font-family: arial, helvetica, sans-serif;font-size: 16px\"><br \/><\/span><\/p>\n<p style=\"margin: 0 0 0 28px;text-indent: 0;padding: 0;vertical-align: baseline\"><span style=\"letter-spacing: 0px;font-family: arial, helvetica, sans-serif;font-size: 16px\"><br \/><\/span><\/p>\n<\/div>\n<\/div>\n<div class=\"graphic_pic animated wow bounceIn\" data-wow-delay=\".7s\"><img decoding=\"async\" src=\"https:\/\/www.hommy.com\/wp-content\/uploads\/16032690125155.png\" alt=\"producto-Hommy-img\" title=\"\"><br \/>\n &nbsp; &nbsp; &nbsp; &nbsp; &nbsp; &nbsp;<\/div>\n<\/div>\n<\/div>\n<\/div>\n<p><strong><span style=\"letter-spacing: 0px;font-family: arial, helvetica, sans-serif;font-size: 24px\"><\/span><\/strong><\/p>\n<div class=\"d-tem01-graphic tem01-graphic mockup\" data-detail=\"wrap\">\n<div class=\"cont-section clearfix d-clearfix\">\n<div class=\"col-md-6 col-sm-6 col-xs-6\">\n<div class=\"right-p\">\n<div class=\"h2 heading\">\n<p style=\"margin-left:28px;text-indent:0\"><span style=\"font-family: arial, helvetica, sans-serif\"><span style=\"letter-spacing: 0px;font-size: 16px\">3. La m\u00e1quina dentro del sistema de refrigeraci\u00f3n es muy fuerte producir un lote uno 15-20 minutos , que puede pasar la temperatura&nbsp;<\/span><span style=\"font-size: 16px;letter-spacing: 0px\">-18 o -20 grados .&nbsp;<\/span><\/span><\/p>\n<p style=\"margin-left:28px;text-indent:0\"><span style=\"font-family: arial, helvetica, sans-serif\"><span style=\"font-size: 16px;letter-spacing: 0px\"><br \/><\/span><\/span><\/p>\n<\/div>\n<\/div>\n<div class=\"graphic_pic animated wow bounceIn\" data-wow-delay=\".7s\">\n<p style=\"text-align:center\"><img loading=\"lazy\" decoding=\"async\" src=\"https:\/\/www.hommy.com\/wp-content\/uploads\/16032690282594.jpg\" alt=\"producto-Hommy-img\" title=\"\" width=\"350\" height=\"500\" border=\"0\" vspace=\"0\" style=\"width: 350px;height: 500px\"><\/p>\n<\/div>\n<\/div>\n<div class=\"col-md-6 col-sm-6 col-xs-6\">\n<div class=\"right-p\">\n<div class=\"h2 heading\">\n<p style=\"margin-left:28px;text-indent:0\"><span style=\"letter-spacing: 0px;font-size: 16px;font-family: arial, helvetica, sans-serif\">4. Cuando la varilla agitadora de acero inoxidable de alta eficiencia gira, genera un flujo de agua para acelerar la velocidad de enfriamiento.<\/span><\/p>\n<p style=\"margin-left:28px;text-indent:0\"><span style=\"letter-spacing: 0px;font-size: 16px;font-family: arial, helvetica, sans-serif\"><br \/><\/span><\/p>\n<p style=\"margin-left:28px;text-indent:0\"><span style=\"letter-spacing: 0px;font-size: 16px;font-family: arial, helvetica, sans-serif\"><br \/><\/span><\/p>\n<\/div>\n<\/div>\n<div class=\"graphic_pic animated wow bounceIn\" data-wow-delay=\".7s\">\n<p style=\"text-align:center\"><img loading=\"lazy\" decoding=\"async\" src=\"https:\/\/www.hommy.com\/wp-content\/uploads\/16032690647697.jpg\" alt=\"product-Hommy-HM-PM-30 Heladera-img\" title=\"\" width=\"350\" height=\"500\" border=\"0\" vspace=\"0\" style=\"width: 350px;height: 500px\"><\/p>\n<\/div>\n<\/div>\n<\/div>\n<\/div>\n<p>Documento\uff1a<img decoding=\"async\" src=\"https:\/\/www.hommy.com\/wp-content\/uploads\/icon_pdf-58.gif\" style=\"margin-right: 2px\" alt=\"producto-Hommy-img-1\" title=\"\"><a href=\"https:\/\/img80002414.weyesimg.com\/uploads\/www.hommy.com\/addon\/16032691673965.pdf\" title=\"16032691673965.pdf\" style=\"font-size: 12px\">16032691673965.pdf<\/a><\/p>\n<h2>\u00bfPor qu\u00e9 los polos no se congelan?<\/h2>\n<p style=\"margin-top: 5px;margin-bottom: 5px\"><\/p>\n<p style=\"margin-top: 5px;margin-bottom: 5px\">Los polos no son un postre s\u00f3lido congelado. Son bebidas heladas hechas con gelatina, que es una mezcla de hidratos de carbono y prote\u00ednas. Lo m\u00e1s habitual es que se haga con pectina y gelatina, pero tambi\u00e9n puede hacerse con otros materiales de uso alimentario.<\/p>\n<p style=\"margin-top: 5px;margin-bottom: 5px\"><\/p>\n<p style=\"margin-top: 5px;margin-bottom: 5px\">Los polos se hacen poniendo la mezcla a base de gelatina en el congelador. Una vez congelada, se agita para crear un granizado y se vierte la mezcla en un molde.<\/p>\n<p style=\"margin-top: 5px;margin-bottom: 5px\"><\/p>\n<h2>\u00bfC\u00f3mo se consigue que los polos se congelen?<\/h2>\n<p style=\"margin-top: 5px;margin-bottom: 5px\"><\/p>\n<p style=\"margin-top: 5px;margin-bottom: 5px\">Acabo de descubrir esta receta y me encantar\u00eda saber c\u00f3mo hacer que los polos se congelen blandos.<\/p>\n<p style=\"margin-top: 5px;margin-bottom: 5px\"><\/p>\n<p style=\"margin-top: 5px;margin-bottom: 5px\">Esto es lo que hice:<\/p>\n<p style=\"margin-top: 5px;margin-bottom: 5px\">1. Hice una mezcla a partes iguales de agua y kool-aid.<\/p>\n<p style=\"margin-top: 5px;margin-bottom: 5px\">2. Puse un poco de mezcla en un tarro de cristal y utilic\u00e9 el tarro como molde para las paletas.<\/p>\n<p style=\"margin-top: 5px;margin-bottom: 5px\">3. Puse las paletas en el congelador y todas se congelaron.<\/p>\n<p style=\"margin-top: 5px;margin-bottom: 5px\"><\/p>\n<h2>\u00bfDe qu\u00e9 sabor es el Mr freeze blanco?<\/h2>\n<p style=\"margin-top: 5px;margin-bottom: 5px\"><\/p>\n<p style=\"margin-top: 5px;margin-bottom: 5px\">Cuando fui a comprarlo hoy, la vendedora me dijo que ya no lo ten\u00edan, pero que ten\u00edan algunos en stock. No he pedido una muestra y no me la ha ofrecido. No s\u00e9 si es porque soy la primera persona que pide una muestra o porque sabe que ya no queda.<\/p>\n<\/div><\/div>","protected":false},"excerpt":{"rendered":"<p>Ice Popsicle Machine Ice Popsicle Machine|Product Features|Product specification|Product Advantage &nbsp;&nbsp;&nbsp;&nbsp; These machines are well-known for its quality and durability and provides a perfect solution for making ice pops commercial. It comes with a wide variety of ice pop moulds that help in creating a variety of flavors. We offer this machine at an affordable price [&hellip;]<\/p>\n","protected":false},"featured_media":844,"comment_status":"open","ping_status":"open","template":"","meta":{"_swt_meta_header_display":false,"_swt_meta_footer_display":false,"_swt_meta_site_title_display":false,"_swt_meta_sticky_header":false,"_swt_meta_transparent_header":false},"product_brand":[],"product_cat":[84],"product_tag":[],"class_list":{"0":"post-851","1":"product","2":"type-product","3":"status-publish","4":"has-post-thumbnail","6":"product_cat-popsicle-machine","8":"first","9":"instock","10":"shipping-taxable","11":"product-type-simple"},"_links":{"self":[{"href":"https:\/\/www.hommy.com\/es\/wp-json\/wp\/v2\/product\/851","targetHints":{"allow":["GET"]}}],"collection":[{"href":"https:\/\/www.hommy.com\/es\/wp-json\/wp\/v2\/product"}],"about":[{"href":"https:\/\/www.hommy.com\/es\/wp-json\/wp\/v2\/types\/product"}],"replies":[{"embeddable":true,"href":"https:\/\/www.hommy.com\/es\/wp-json\/wp\/v2\/comments?post=851"}],"wp:featuredmedia":[{"embeddable":true,"href":"https:\/\/www.hommy.com\/es\/wp-json\/wp\/v2\/media\/844"}],"wp:attachment":[{"href":"https:\/\/www.hommy.com\/es\/wp-json\/wp\/v2\/media?parent=851"}],"wp:term":[{"taxonomy":"product_brand","embeddable":true,"href":"https:\/\/www.hommy.com\/es\/wp-json\/wp\/v2\/product_brand?post=851"},{"taxonomy":"product_cat","embeddable":true,"href":"https:\/\/www.hommy.com\/es\/wp-json\/wp\/v2\/product_cat?post=851"},{"taxonomy":"product_tag","embeddable":true,"href":"https:\/\/www.hommy.com\/es\/wp-json\/wp\/v2\/product_tag?post=851"}],"curies":[{"name":"wp","href":"https:\/\/api.w.org\/{rel}","templated":true}]}}