{"id":836,"date":"2024-07-02T17:01:08","date_gmt":"2024-07-02T17:01:08","guid":{"rendered":"http:\/\/localhost\/hommywp\/stainless-steel-popsicle-ice-lolly-mould-oem-odm-wholesale\/"},"modified":"2025-08-01T09:57:44","modified_gmt":"2025-08-01T09:57:44","slug":"molde-para-paletas","status":"publish","type":"product","link":"https:\/\/www.hommy.com\/es\/p\/molde-para-paletas\/","title":{"rendered":"Molde de helado de acero inoxidable Oem Odm Venta al por mayor"},"content":{"rendered":"<div>\n<p style=\"text-align: center\"><span style=\"color: inherit;font-size: 30px;font-family: arial, helvetica, sans-serif\"><span style=\"letter-spacing: 0px;font-size: 24px\"><br \/><\/span><\/span><\/p>\n<p style=\"text-align: center\"><span style=\"color: inherit;font-size: 30px;font-family: arial, helvetica, sans-serif\"><span style=\"letter-spacing: 0px;font-size: 24px\"><a name=\"Ice Popsicle Mould\"><\/a>Molde para paletas de hielo<\/span><span style=\"letter-spacing: 0px;font-size: 29px\"><\/span><\/span><span style=\"color: inherit;font-family: \u5b8b\u4f53;letter-spacing: 0px;font-size: 29px\">&nbsp;<\/span><\/p>\n<p style=\"text-align: center\"><a href=\"#Ice Popsicle Mould\" target=\"_self\" data-lv=\"0\" rel=\"noopener\"><span style=\"letter-spacing: 0px;font-family: arial, helvetica, sans-serif;font-size: 16px\">Molde para paletas de hielo<\/span><\/a><span style=\"letter-spacing: 0px;font-family: arial, helvetica, sans-serif;font-size: 16px\">|<a href=\"#Product Features\" target=\"_self\" data-lv=\"0\" rel=\"noopener\">Caracter\u00edsticas del producto<\/a>|<a href=\"#Product specification\" target=\"_self\" data-lv=\"0\" rel=\"noopener\">Especificaci\u00f3n del producto<\/a><\/span><\/p>\n<p><\/p>\n<p style=\"text-align: center\">&nbsp;&nbsp;&nbsp;&nbsp;<\/p>\n<p>Somos una empresa impulsada por la calidad dedicada a ofrecer Ice Lolly Mould. Este producto es fabricado por nuestro equipo experimentado utilizando materia prima de grado supremo y sofisticadas t\u00e9cnicas seg\u00fan los est\u00e1ndares de la industria establecidos. Adem\u00e1s, este producto es probado en varios par\u00e1metros de calidad para garantizar su gama libre de defectos. Adem\u00e1s, ofrecemos este molde de paleta de hielo en opciones personalizadas seg\u00fan la necesidad de nuestros estimados clientes a precios asequibles. El producto ofrecido se fabrica utilizando componentes de grado \u00f3ptimo bajo la supervisi\u00f3n de nuestros profesionales cualificados.<\/p>\n<div class=\"d-tem01-graphic tem01-graphic mockup\" data-detail=\"wrap\">\n<div class=\"cont-section clearfix d-clearfix\">\n<div class=\"col-md-6 col-sm-6 col-xs-6\">\n<div class=\"graphic_pic animated wow bounceIn\" data-wow-delay=\".7s\">\n<p style=\"text-align:center\"><img loading=\"lazy\" decoding=\"async\" src=\"https:\/\/www.hommy.com\/wp-content\/uploads\/16032700424971.jpg\" alt=\"producto-Hommy-img\" title=\"\" width=\"350\" height=\"500\" border=\"0\" vspace=\"0\" style=\"width: 350px;height: 500px\"><\/p>\n<\/div>\n<\/div>\n<div class=\"col-md-6 col-sm-6 col-xs-6\">\n<div class=\"right-p\">\n<div class=\"h2 heading\">\n<h2 style=\"margin: 0px;text-indent: 0px;text-align: justify\"><strong><span style=\"letter-spacing: 0px;font-family: arial, helvetica, sans-serif;font-size: 24px\"><a name=\"Product Features\"><\/a>Caracter\u00edsticas del producto<\/span><\/strong><\/h2>\n<p style=\"margin-top:0;margin-right:0;margin-bottom:0;margin-left:0;text-indent:0;text-align:justify\"><span style=\"font-family:\u5b8b\u4f53;letter-spacing:0;font-size:29px\">&nbsp;&nbsp;<\/span><\/p>\n<p style=\"margin-top: 0;margin-right: 0;margin-bottom: 0;padding: 0;vertical-align: baseline\"><span style=\"letter-spacing: 0px;font-size: 16px;font-family: arial, helvetica, sans-serif\">1. El material del uso del molde de la paleta 100% 304 acero inoxidable, que guardan en agua salada por tiempo largo ning\u00fan moho. <\/span><\/p>\n<p style=\"margin-top: 0;margin-right: 0;margin-bottom: 0;padding: 0;vertical-align: baseline\"><span style=\"letter-spacing: 0px;font-size: 16px;font-family: arial, helvetica, sans-serif\">2. Tenemos diverso modelo de la forma para que usted elija. <\/span><\/p>\n<p style=\"margin-top: 0;margin-right: 0;margin-bottom: 0;padding: 0;vertical-align: baseline\"><span style=\"letter-spacing: 0px;font-size: 16px;font-family: arial, helvetica, sans-serif\">3. Tenemos 30pcs o 40pcs para un sistema para que usted elija. <\/span><\/p>\n<p style=\"margin-top: 0;margin-right: 0;margin-bottom: 0;padding: 0;vertical-align: baseline\"><span style=\"letter-spacing: 0px;font-size: 16px;font-family: arial, helvetica, sans-serif\">4. Nos dan la bienvenida el OEM el molde, usted nos da su dise\u00f1o que podemos basar en esto para hacer el molde para usted. <\/span><\/p>\n<p style=\"margin-top: 0;margin-right: 0;margin-bottom: 0;padding: 0;vertical-align: baseline\"><span style=\"letter-spacing: 0px;font-size: 16px;font-family: arial, helvetica, sans-serif\">5. Podemos hacer el molde de la paleta, molde del hielo, molde del bloque de hielo para usted.&nbsp;<\/span><\/p>\n<p><span><\/span><\/div>\n<\/div>\n<\/div>\n<\/div>\n<\/div>\n<h2 style=\"margin: 0px;text-indent: 0px;text-align: justify\"><strong><span style=\"letter-spacing: 0px;font-family: arial, helvetica, sans-serif;font-size: 24px\"><a name=\"Product specification\"><\/a>Especificaci\u00f3n del producto<\/span><\/strong><span style=\"font-family:\u5b8b\u4f53;letter-spacing:0;font-size:29px\">&nbsp;<\/span><\/h2>\n<p><\/p>\n<div class=\"d-tem01-graphic tem01-graphic mockup\" data-detail=\"wrap\">\n<div class=\"cont-section clearfix d-clearfix\">\n<div class=\"col-md-6 col-sm-6 col-xs-6\"><\/p>\n<div class=\"graphic_pic animated wow bounceIn\" data-wow-delay=\".7s\"><img decoding=\"async\" src=\"https:\/\/www.hommy.com\/wp-content\/uploads\/16032699744614.jpg\" alt=\"producto-Hommy-img\" title=\"\"><br \/>\n &nbsp; &nbsp; &nbsp; &nbsp; &nbsp; &nbsp;<\/div>\n<\/div>\n<div class=\"col-md-6 col-sm-6 col-xs-6\"><\/p>\n<p><img decoding=\"async\" src=\"https:\/\/www.hommy.com\/wp-content\/uploads\/16032699869974.jpg\" alt=\"producto-Hommy-img\" title=\"\"><br \/>\n &nbsp; &nbsp; &nbsp; &nbsp; &nbsp; &nbsp;<\/p>\n<p><\/p>\n<\/div>\n<\/div>\n<\/div>\n<p>Documento:<img decoding=\"async\" src=\"http:\/\/admin.allweyes.com\/templates\/admin\/default\/assets\/library\/ueditor\/dialogs\/attachment\/fileTypeImages\/icon_pdf.gif\" style=\"margin-right: 2px\" alt=\"producto-Molde para polos-Hommy-img\" title=\"\"><a href=\"https:\/\/img80002414.weyesimg.com\/uploads\/www.hommy.com\/addon\/16032702047269.pdf\" title=\"16032702047269.pdf\" style=\"font-size: 12px\">16032702047269.pdf<\/a><\/p>\n<h2 style=\"font-family: sans-serif\">\u00bfC\u00f3mo hacer polos sin moldes?<\/h2>\n<p style=\"margin-top: 5px;margin-bottom: 5px;font-family: sans-serif;font-size: 16px\">Para evitar que se salga del congelador, se puede congelar en un molde para magdalenas o en una bolsa ziploc grande.En un bol grande, combinar 8 onzas de agua de coco, 1\/4 de taza de az\u00facar y 1\/4 de taza de pur\u00e9 de peras. Mezcle para disolver el az\u00facar. A\u00f1ada la vainilla y la canela, si lo desea. Mezcle bien. Verter en moldes o en una bolsa ziploc. Congelar durante 1-2 horas o hasta que est\u00e9 firme.<\/p>\n<p style=\"margin-top: 5px;margin-bottom: 5px;font-family: sans-serif;font-size: 16px\"><\/p>\n<h2 style=\"font-family: sans-serif\">\u00bfCu\u00e1l es el sabor de polo m\u00e1s vendido?<\/h2>\n<p style=\"margin-top: 5px;margin-bottom: 5px;font-family: sans-serif;font-size: 16px\">El sabor de polo m\u00e1s vendido es Cherry Limeade. Es el segundo sabor m\u00e1s popular del mundo. A la gente le encanta su sabor agridulce. Es una bebida refrescante con un sabor delicioso.<\/p>\n<p style=\"margin-top: 5px;margin-bottom: 5px;font-family: sans-serif;font-size: 16px\"><\/p>\n<h2 style=\"font-family: sans-serif\">\u00bfC\u00f3mo se mantienen blandos los polos caseros?<\/h2>\n<p style=\"margin-top: 5px;margin-bottom: 5px;font-family: sans-serif;font-size: 16px\">Me encantan los polos. Los hago desde que tengo uso de raz\u00f3n. De peque\u00f1a siempre me gustaban los de zumo de naranja, pero mi madre siempre hac\u00eda los de leche. Creo que he probado toda la gama de frutas, verduras y sabores. Pero mi favorito siempre ha sido el de fresa. Recuerdo que cuando iba a la escuela primaria me hac\u00eda los de fresa con nata. Ese fue uno de los primeros recuerdos que tengo de disfrutar del sabor de los polos caseros de mi madre, que lleva a\u00f1os haci\u00e9ndolos con su propia receta. Las paletas son siempre un gran \u00e9xito con mi familia y las congelamos en peque\u00f1os recipientes para magdalenas.Cada receta de paletas que ella prueba son siempre suaves y deliciosas. Sin embargo, me ha costado encontrar informaci\u00f3n sobre c\u00f3mo mantenerlas blandas durante mucho tiempo. Me han dicho que hay que meterlas en el congelador justo despu\u00e9s de congelarlas o se derretir\u00e1n.<\/p>\n<\/div><\/div>","protected":false},"excerpt":{"rendered":"<p>Ice Popsicle Mould&nbsp; Ice Popsicle Mould|Product Features|Product specification &nbsp;&nbsp;&nbsp;&nbsp; We are a quality driven firm engaged in offering Ice Lolly Mould. This product is manufactured by our experienced team using supreme grade raw material and sophisticated techniques as per the set industry standards. Also, this product is tested on various quality parameters to ensure its [&hellip;]<\/p>\n","protected":false},"featured_media":833,"comment_status":"open","ping_status":"open","template":"","meta":{"_swt_meta_header_display":false,"_swt_meta_footer_display":false,"_swt_meta_site_title_display":false,"_swt_meta_sticky_header":false,"_swt_meta_transparent_header":false},"product_brand":[],"product_cat":[84],"product_tag":[],"class_list":{"0":"post-836","1":"product","2":"type-product","3":"status-publish","4":"has-post-thumbnail","6":"product_cat-popsicle-machine","8":"first","9":"instock","10":"shipping-taxable","11":"product-type-simple"},"_links":{"self":[{"href":"https:\/\/www.hommy.com\/es\/wp-json\/wp\/v2\/product\/836","targetHints":{"allow":["GET"]}}],"collection":[{"href":"https:\/\/www.hommy.com\/es\/wp-json\/wp\/v2\/product"}],"about":[{"href":"https:\/\/www.hommy.com\/es\/wp-json\/wp\/v2\/types\/product"}],"replies":[{"embeddable":true,"href":"https:\/\/www.hommy.com\/es\/wp-json\/wp\/v2\/comments?post=836"}],"wp:featuredmedia":[{"embeddable":true,"href":"https:\/\/www.hommy.com\/es\/wp-json\/wp\/v2\/media\/833"}],"wp:attachment":[{"href":"https:\/\/www.hommy.com\/es\/wp-json\/wp\/v2\/media?parent=836"}],"wp:term":[{"taxonomy":"product_brand","embeddable":true,"href":"https:\/\/www.hommy.com\/es\/wp-json\/wp\/v2\/product_brand?post=836"},{"taxonomy":"product_cat","embeddable":true,"href":"https:\/\/www.hommy.com\/es\/wp-json\/wp\/v2\/product_cat?post=836"},{"taxonomy":"product_tag","embeddable":true,"href":"https:\/\/www.hommy.com\/es\/wp-json\/wp\/v2\/product_tag?post=836"}],"curies":[{"name":"wp","href":"https:\/\/api.w.org\/{rel}","templated":true}]}}