{"id":832,"date":"2024-07-02T17:01:05","date_gmt":"2024-07-02T17:01:05","guid":{"rendered":"http:\/\/localhost\/hommywp\/hm-pp-150-automatic-popsicle-ice-lolly-packing-machine\/"},"modified":"2025-08-01T09:57:44","modified_gmt":"2025-08-01T09:57:44","slug":"envasadora-de-paletas-hm-pp-150","status":"publish","type":"product","link":"https:\/\/www.hommy.com\/es\/p\/envasadora-de-paletas-hm-pp-150\/","title":{"rendered":"Hm-Pp-150 M\u00e1quina envasadora autom\u00e1tica de polos de hielo"},"content":{"rendered":"<div>\n<p><\/p>\n<h2 style=\"text-align: center\"><strong><span style=\"letter-spacing: 0px;font-family: arial, helvetica, sans-serif;font-size: 24px\"><a name=\"Half automatic popsicle packing machine\"><\/a>Envasadora semiautom\u00e1tica de polos<\/span><\/strong><\/h2>\n<p style=\"text-align: center\"><a href=\"http:\/\/\" target=\"_self\" data-lv=\"0\" rel=\"noopener\"><span style=\"letter-spacing: 0px;font-family: arial, helvetica, sans-serif;font-size: 16px\">Envasadora semiautom\u00e1tica de polos<\/span><\/a><span style=\"letter-spacing: 0px;font-family: arial, helvetica, sans-serif;font-size: 16px\">|<a href=\"#Product Features\" target=\"_self\" data-lv=\"0\" rel=\"noopener\">Caracter\u00edsticas del producto<\/a>|<a href=\"#Product specification\" target=\"_self\" data-lv=\"0\" rel=\"noopener\">Especificaci\u00f3n del producto<\/a><\/span><\/p>\n<p><span style=\"font-family:\u5b8b\u4f53;letter-spacing:0;font-size:29px\"><br \/><\/span><\/p>\n<p><\/p>\n<p style=\"text-align: center\">&nbsp;&nbsp;&nbsp;&nbsp;<\/p>\n<p>Esta m\u00e1quina de hielo Lolly Packing es fabricado por nuestro equipo de profesionales expertos utilizando componentes de grado supremo y la mejor materia prima de calidad. Estas m\u00e1quinas de hielo Lolly Packing son muy aclamados en el mercado por su dise\u00f1o elegante, durabilidad y facilidad de mantenimiento. Aparte de esto, estas m\u00e1quinas de hielo Lolly Packing son ampliamente utilizados en la industria alimentaria para el envasado de caramelos de hielo.<\/p>\n<p><\/p>\n<div class=\"d-tem01-graphic tem01-graphic mockup\" data-detail=\"wrap\">\n<div class=\"cont-section clearfix d-clearfix\">\n<div class=\"col-md-6 col-sm-6 col-xs-6\">\n<div class=\"right-p\">\n<div class=\"h2 heading\">\n<p style=\"text-align:center\"><img loading=\"lazy\" decoding=\"async\" src=\"https:\/\/www.hommy.com\/wp-content\/uploads\/16033538988996.jpg\" alt=\"producto-Hommy-img\" style=\"font-size: 14px;width: 400px;height: 500px\" title=\"\" width=\"400\" height=\"500\" border=\"0\" vspace=\"0\"><span style=\"font-size: 14px;font-family: inherit\">&nbsp; &nbsp; &nbsp; &nbsp; &nbsp; &nbsp; &nbsp;<\/span><\/p>\n<\/div>\n<\/div>\n<\/div>\n<div class=\"col-md-6 col-sm-6 col-xs-6\">\n<div class=\"right-p\">\n<div class=\"h2 heading\">\n<h2 style=\"margin: 0px;text-indent: 0px;text-align: justify\"><span style=\"font-size: 24px\"><strong><span style=\"letter-spacing: 0px;font-family: arial, helvetica, sans-serif\"><br \/><\/span><\/strong><\/span><\/h2>\n<h2 style=\"margin: 0px;text-indent: 0px;text-align: justify\"><span style=\"font-size: 24px\"><strong><span style=\"letter-spacing: 0px;font-family: arial, helvetica, sans-serif\"><a name=\"Product Features\"><\/a>Caracter\u00edsticas del producto&nbsp;<\/span><\/strong><\/span><span style=\"letter-spacing: 0px;font-size: 29px;font-family: arial, helvetica, sans-serif\">&nbsp;<\/span><\/h2>\n<p style=\"margin-top:0;margin-right:0;margin-bottom:0;margin-left:0;text-indent:0;text-align:justify\"><span style=\"letter-spacing: 0px;font-size: 29px;font-family: arial, helvetica, sans-serif\"><br \/><\/span><\/p>\n<p><span style=\"font-size: 16px;font-family: arial, helvetica, sans-serif\">1. Puede sellar PP o PE material de la bolsa.<\/span><\/p>\n<p><span style=\"font-size: 16px;font-family: arial, helvetica, sans-serif\">2. Que puede impresi\u00f3n autom\u00e1tica d\u00eda del producto y su logotipo con Ingl\u00e9s .<\/span><\/p>\n<p><span style=\"font-size: 16px;font-family: arial, helvetica, sans-serif\">3. Un minuto puede sellar 50pcs bolsa . <\/span><\/p>\n<p><span style=\"font-size: 16px;font-family: arial, helvetica, sans-serif\">4. El ruido de trabajo de la m\u00e1quina es menor . <\/span><\/p>\n<p><span style=\"font-size: 16px;font-family: arial, helvetica, sans-serif\">Peque\u00f1o tama\u00f1o y f\u00e1cil manejo.&nbsp;<\/span><\/p>\n<p><span style=\"font-family: arial, helvetica, sans-serif\"> &nbsp; &nbsp;<\/span><\/div>\n<\/div>\n<\/div>\n<\/div>\n<\/div>\n<h2><strong><span style=\"letter-spacing: 0px;font-family: arial, helvetica, sans-serif;font-size: 24px\"><a name=\"Product specification\"><\/a>Especificaci\u00f3n del producto<\/span><\/strong><\/h2>\n<p><strong><span style=\"letter-spacing: 0px;font-family: arial, helvetica, sans-serif;font-size: 24px\"><img decoding=\"async\" src=\"https:\/\/www.hommy.com\/wp-content\/uploads\/16033538234319.png\" alt=\"producto-HM-PP-150 Envasadora de polos-Hommy-img\" title=\"\"><\/span><\/strong><\/p>\n<p><span style=\"font-size: 16px\"><span style=\"letter-spacing: 0px;font-family: arial, helvetica, sans-serif\"><br \/><\/span><\/span><\/p>\n<p><span style=\"letter-spacing: 0px;font-family: arial, helvetica, sans-serif;font-size: 16px\">Documento\uff1a<\/span><img decoding=\"async\" src=\"https:\/\/www.hommy.com\/wp-content\/uploads\/icon_pdf-57.gif\" style=\"margin-right: 2px\" alt=\"producto-Hommy-img\" title=\"\"><a href=\"https:\/\/img80002414.weyesimg.com\/uploads\/www.hommy.com\/addon\/16034163906503.pdf\" title=\"16034163906503.pdf\" style=\"font-size: 12px\">16034163906503.pdf<\/a><\/p>\n<p><span style=\"letter-spacing: 0px;font-family: arial, helvetica, sans-serif;font-size: 16px\"><\/span><\/p>\n<h2>\u00bfPuede la batidora Nutribullet picar hielo?<\/h2>\n<p style=\"margin-top: 5px;margin-bottom: 5px\"><\/p>\n<p style=\"margin-top: 5px;margin-bottom: 5px\">Llevo a\u00f1os utilizando una batidora Vitamix. Me encanta. Sin embargo, hace poco me sacaron los dientes delanteros y estoy sintiendo algunas molestias. Tengo una licuadora Nutribullet y me gustar\u00eda utilizarla para aliviar las molestias que tengo.<\/p>\n<p style=\"margin-top: 5px;margin-bottom: 5px\"><\/p>\n<p style=\"margin-top: 5px;margin-bottom: 5px\">Me pregunto si la Nutribullet puede picar hielo.<\/p>\n<p style=\"margin-top: 5px;margin-bottom: 5px\"><\/p>\n<h2>\u00bfC\u00f3mo se hace nata con leche en una batidora?<\/h2>\n<p style=\"margin-top: 5px;margin-bottom: 5px\"><\/p>\n<p style=\"margin-top: 5px;margin-bottom: 5px\">A:<\/p>\n<p style=\"margin-top: 5px;margin-bottom: 5px\"><\/p>\n<p style=\"margin-top: 5px;margin-bottom: 5px\">No tengo batidora, pero supondr\u00eda que de la misma manera que se hacen las natillas.  Mezclas la leche y el az\u00facar y luego calientas la mezcla lentamente hasta 165 grados, removiendo a menudo, y luego la retiras del fuego.<\/p>\n<p style=\"margin-top: 5px;margin-bottom: 5px\">La mezcla resultante se conoce como \"nata montada\", pero no es nata en el verdadero sentido de la palabra.  Es m\u00e1s bien nata montada.<\/p>\n<p style=\"margin-top: 5px;margin-bottom: 5px\"><\/p>\n<p style=\"margin-top: 5px;margin-bottom: 5px\">\u00bfC\u00f3mo se hace un helado suave? De la misma forma que con cualquier otro postre: con helado. La pregunta es, \u00bfc\u00f3mo hacer que el helado sea suave sin sacar el congelador?<\/p>\n<p style=\"margin-top: 5px;margin-bottom: 5px\"><\/p>\n<p style=\"margin-top: 5px;margin-bottom: 5px\">Si es la primera vez que haces helado, probablemente te preguntes: \"\u00bfC\u00f3mo hago para que quede suave?\". La buena noticia es que la suavidad es una cualidad que puedes controlar, as\u00ed que si est\u00e1s dispuesto a tomarte un poco m\u00e1s de tiempo, puedes conseguir una textura m\u00e1s suave y cremosa.<\/p>\n<\/div><\/div>","protected":false},"excerpt":{"rendered":"<p>Half automatic popsicle packing machine Half automatic popsicle packing machine|Product Features|Product specification &nbsp;&nbsp;&nbsp;&nbsp; This Ice Lolly Packing Machine is manufactured by our team of adept professionals using supreme grade components and the best quality raw material. These Ice Lolly Packing Machines are highly acclaimed in the market for their elegant design, durability and ease of [&hellip;]<\/p>\n","protected":false},"featured_media":829,"comment_status":"open","ping_status":"open","template":"","meta":{"_swt_meta_header_display":false,"_swt_meta_footer_display":false,"_swt_meta_site_title_display":false,"_swt_meta_sticky_header":false,"_swt_meta_transparent_header":false},"product_brand":[],"product_cat":[84],"product_tag":[],"class_list":{"0":"post-832","1":"product","2":"type-product","3":"status-publish","4":"has-post-thumbnail","6":"product_cat-popsicle-machine","8":"first","9":"instock","10":"shipping-taxable","11":"product-type-simple"},"_links":{"self":[{"href":"https:\/\/www.hommy.com\/es\/wp-json\/wp\/v2\/product\/832","targetHints":{"allow":["GET"]}}],"collection":[{"href":"https:\/\/www.hommy.com\/es\/wp-json\/wp\/v2\/product"}],"about":[{"href":"https:\/\/www.hommy.com\/es\/wp-json\/wp\/v2\/types\/product"}],"replies":[{"embeddable":true,"href":"https:\/\/www.hommy.com\/es\/wp-json\/wp\/v2\/comments?post=832"}],"wp:featuredmedia":[{"embeddable":true,"href":"https:\/\/www.hommy.com\/es\/wp-json\/wp\/v2\/media\/829"}],"wp:attachment":[{"href":"https:\/\/www.hommy.com\/es\/wp-json\/wp\/v2\/media?parent=832"}],"wp:term":[{"taxonomy":"product_brand","embeddable":true,"href":"https:\/\/www.hommy.com\/es\/wp-json\/wp\/v2\/product_brand?post=832"},{"taxonomy":"product_cat","embeddable":true,"href":"https:\/\/www.hommy.com\/es\/wp-json\/wp\/v2\/product_cat?post=832"},{"taxonomy":"product_tag","embeddable":true,"href":"https:\/\/www.hommy.com\/es\/wp-json\/wp\/v2\/product_tag?post=832"}],"curies":[{"name":"wp","href":"https:\/\/api.w.org\/{rel}","templated":true}]}}