{"id":828,"date":"2024-07-02T17:01:01","date_gmt":"2024-07-02T17:01:01","guid":{"rendered":"http:\/\/localhost\/hommywp\/hm-bd-1580-fast-cooling-ice-lolly-popsicle-freezer-refrigerator\/"},"modified":"2025-08-01T09:57:44","modified_gmt":"2025-08-01T09:57:44","slug":"hm-bd-1580-congelador-de-polos","status":"publish","type":"product","link":"https:\/\/www.hommy.com\/es\/p\/hm-bd-1580-congelador-de-polos\/","title":{"rendered":"Hm-Bd-1580 Frigor\u00edfico Congelador Helado R\u00e1pido Lolly Popsicle"},"content":{"rendered":"<div>\n<h2><span style=\"letter-spacing: 0px;font-family: arial, helvetica, sans-serif;font-size: 24px\"><br \/><\/span><\/h2>\n<h2 style=\"text-align: center\"><strong><span style=\"letter-spacing: 0px;font-family: arial, helvetica, sans-serif;font-size: 24px\"><a name=\"Full Automatic popsicle packing machine\"><\/a>Envasadora autom\u00e1tica de polos<\/span><\/strong><\/h2>\n<p style=\"text-align: center\"><a href=\"http:\/\/Full Automatic popsicle packing machine\" target=\"_self\" data-lv=\"0\" rel=\"noopener nofollow\"><span style=\"letter-spacing: 0px;font-family: arial, helvetica, sans-serif;font-size: 16px\">Envasadora autom\u00e1tica de polos<\/span><\/a><span style=\"letter-spacing: 0px;font-family: arial, helvetica, sans-serif;font-size: 16px\">|<a href=\"http:\/\/Product Features\" target=\"_self\" data-lv=\"0\" rel=\"noopener nofollow\">Caracter\u00edsticas del producto<\/a>|<a href=\"http:\/\/Product specification\" target=\"_self\" data-lv=\"0\" rel=\"noopener nofollow\">Especificaci\u00f3n del producto<\/a><\/span><\/p>\n<p><span style=\"letter-spacing: 0px;font-family: Helvetica;font-size: 20px\">Usted puede comprar Congeladores Popsicle en l\u00ednea de la mejor fuente de venta al por mayor Congelador Popsicle . vendemos Congeladores Popsicle s\u00f3lo a precios de descuento de los fabricantes. Usted puede conseguir Congeladores Popsicle de nuestra tienda al por mayor. Es ampliamente utilizado en el partido, y fiestas, bodas, cumplea\u00f1os, y la familia.<\/span><\/p>\n<p><span style=\"font-family:\u5b8b\u4f53;letter-spacing:0;font-size:29px\"><\/span><\/p>\n<div class=\"d-tem01-graphic tem01-graphic mockup\" data-detail=\"wrap\">\n<div class=\"cont-section clearfix d-clearfix\">\n<div class=\"col-md-6 col-sm-6 col-xs-6\">\n<div class=\"right-p\">\n<div class=\"h2 heading\"><img decoding=\"async\" src=\"https:\/\/www.hommy.com\/wp-content\/uploads\/16034159106362.png\" alt=\"producto-HM-BD-1580 Congelador de polos-Hommy-img\" style=\"font-size: 14px\" title=\"\"><span style=\"font-size: 14px\">&nbsp; &nbsp; &nbsp; &nbsp; &nbsp; &nbsp; &nbsp;<\/span><\/div>\n<\/div>\n<\/div>\n<div class=\"col-md-6 col-sm-6 col-xs-6\">\n<div class=\"right-p\">\n<div class=\"h2 heading\">\n<p style=\"margin-top:0;margin-right:0;margin-bottom:0;margin-left:0;text-indent:0;text-align:justify\"><strong><span style=\"letter-spacing: 0px;font-size: 29px;font-family: arial, helvetica, sans-serif\"><a name=\"Product Features\"><\/a>Caracter\u00edsticas del producto<\/span><\/strong><span style=\"letter-spacing: 0px;font-size: 29px;font-family: arial, helvetica, sans-serif\">&nbsp;<\/span><\/p>\n<p style=\"margin-top:0;margin-right:0;margin-bottom:0;margin-left:0;text-indent:0;text-align:justify\"><span style=\"letter-spacing: 0px;font-size: 29px;font-family: arial, helvetica, sans-serif\">&nbsp;<\/span><\/p>\n<p><span style=\"font-size: 24px\"><strong><span style=\"font-family: arial, helvetica, sans-serif\">Caracter\u00edsticas&nbsp;<\/span><\/strong><\/span><\/p>\n<p><span style=\"font-size: 24px\"><strong><span style=\"font-size: 16px;font-family: arial, helvetica, sans-serif\">Descripci\u00f3n del producto<\/span><\/strong><\/span><\/p>\n<p style=\"margin-left:32px\"><span style=\"font-family: arial, helvetica, sans-serif\"><span style=\"font-family: Calibri;font-size: 16px\">- Puertas cerradas a mariposa: doble espesamiento<\/span><span style=\"font-family: \u5b8b\u4f53;font-size: 16px\">&nbsp;<\/span><span style=\"font-family: Calibri;font-size: 16px\">aislamiento, potencia y durabilidad, y alta calidad<\/span><span style=\"font-family: \u5b8b\u4f53;font-size: 16px\">&nbsp;<\/span><span style=\"font-family: Calibri;font-size: 16px\">l\u00e1minas en color<\/span><\/span><\/p>\n<p style=\"margin-left:32px\"><span style=\"font-family: arial, helvetica, sans-serif\"><span style=\"font-family: Calibri;font-size: 16px\">- Funciones de conversi\u00f3n: un contador de doble uso,<\/span><span style=\"font-family: \u5b8b\u4f53;font-size: 16px\">&nbsp;<\/span><span style=\"font-family: Calibri;font-size: 16px\">dise\u00f1o de la puerta de cristal biselado hueco: t\u00e9rmico<\/span><span style=\"font-family: \u5b8b\u4f53;font-size: 16px\">&nbsp;<\/span><span style=\"font-family: Calibri;font-size: 16px\">propiedades aislantes, y muestran buenos resultados<\/span><\/span><\/p>\n<p style=\"margin-left:32px\"><span style=\"font-family: Calibri;font-size: 16px\">- Proceso de fileteado: el uso de la seguridad, la est\u00e9tica<\/span><\/p>\n<p style=\"margin-left:32px\"><span style=\"font-family: arial, helvetica, sans-serif\"><span style=\"font-family: Calibri;font-size: 16px\">- Gruesa capa de espuma: aislamiento eficaz<\/span><span style=\"font-family: \u5b8b\u4f53;font-size: 16px\">&nbsp;<\/span><span style=\"font-family: Calibri;font-size: 16px\">excelencia <\/span><\/span><\/p>\n<p style=\"margin-left:32px\"><span style=\"font-family: Calibri;font-size: 16px\">- Moxianglun: M\u00f3vil inteligente<\/span><\/p>\n<p style=\"margin-left:32px\"><span style=\"font-family: arial, helvetica, sans-serif\"><span style=\"font-family: Calibri;font-size: 16px\">- Calor eficiente: \u00e1rea de calor-Cant\u00f3n, y m\u00e1s uniforme<\/span><span style=\"font-family: \u5b8b\u4f53;font-size: 16px\">&nbsp;<\/span><span style=\"font-family: Calibri;font-size: 16px\">temperatura interior - Compresor famoso: poco ruido, menos potencia<\/span><\/span><\/p>\n<p><span style=\"font-size: 16px;font-family: arial, helvetica, sans-serif\">consumo, rendimiento y estabilidad<\/span><\/p>\n<p style=\"margin-left:32px\"><span style=\"font-family: arial, helvetica, sans-serif\"><span style=\"font-family: Calibri;font-size: 16px\">- Evaporadores de tubos en D: cuatro refrigeraci\u00f3n, refrigeraci\u00f3n<\/span><span style=\"font-family: \u5b8b\u4f53;font-size: 16px\">&nbsp;<\/span><span style=\"font-family: Calibri;font-size: 16px\">&nbsp;velocidad, larga duraci\u00f3n<\/span><\/span><\/p>\n<\/div>\n<\/div>\n<p><span style=\"font-family: arial, helvetica, sans-serif\"><br \/>\n &nbsp; &nbsp; &nbsp; &nbsp; &nbsp; &nbsp;<\/span><\/div>\n<\/div>\n<\/div>\n<p><span style=\"letter-spacing: 0px;font-size: 29px;font-family: arial, helvetica, sans-serif\"><\/span><\/p>\n<p><span style=\"font-size: 24px\"><strong><span style=\"letter-spacing: 0px;font-family: arial, helvetica, sans-serif\"><a name=\"Product specification\"><\/a>Especificaci\u00f3n del producto<\/span><\/strong><\/span><\/p>\n<p><img loading=\"lazy\" decoding=\"async\" src=\"https:\/\/www.hommy.com\/wp-content\/uploads\/16034156819184.png\" title=\"\" alt=\"producto-Hommy-img\" width=\"1000\" height=\"218\" border=\"0\" vspace=\"0\" style=\"width: 1000px;height: 218px\"><span style=\"font-family:\u5b8b\u4f53;letter-spacing:0;font-size:29px\"><\/span><\/p>\n<p><\/p>\n<p>Documento\uff1a<img decoding=\"async\" src=\"icon_jpg.gif\" style=\"margin-right: 2px\" alt=\"producto-Hommy-img\" title=\"\"><a href=\"https:\/\/img80002414.weyesimg.com\/uploads\/www.hommy.com\/images\/16034163249551.jpg\" title=\"16034163249551.jpg\" style=\"font-size: 12px\">16034163249551.jpg<\/a><\/p>\n<h2 style=\"font-family: sans-serif\">\u00bfC\u00f3mo se fabrican los polos?<\/h2>\n<p style=\"margin-top: 5px;margin-bottom: 5px;font-family: sans-serif;font-size: 16px\">Hay varios m\u00e9todos diferentes para hacer un polo, la mayor\u00eda basados en el grosor del hielo. El m\u00e9todo m\u00e1s f\u00e1cil de usar es el de manivela <a style=\"color:blue\" href=\"\/es\/\">heladora<\/a>. Esto requiere un congelador y una manivela, pero esencialmente s\u00f3lo sirve para un lote peque\u00f1o de helado y es bastante f\u00e1cil.<\/p>\n<p style=\"margin-top: 5px;margin-bottom: 5px;font-family: sans-serif;font-size: 16px\">Otra opci\u00f3n es congelar el helado en una bandeja y prensarlo con una prensa manual para helados, muy parecida a una m\u00e1quina para hacer gofres. Tambi\u00e9n solo permite hacer un lote peque\u00f1o de helado y es m\u00e1s dif\u00edcil de usar.<\/p>\n<p style=\"margin-top: 5px;margin-bottom: 5px;font-family: sans-serif;font-size: 16px\"><\/p>\n<h2 style=\"font-family: sans-serif\">\u00bfC\u00f3mo se llama un polo sin palo?<\/h2>\n<p style=\"margin-top: 5px;margin-bottom: 5px;font-family: sans-serif;font-size: 16px\">Hay muchas maneras de utilizar el nuevo kit Sticky Pops, por ejemplo, como base para una divertida fiesta de cumplea\u00f1os infantil: sacar a los ni\u00f1os al aire libre y construir sus propios castillos de polos, hacer polos caseros con fruta fresca y crear una variedad de bebidas afrutadas y tropicales en casa. Las posibilidades son infinitas.<\/p>\n<p style=\"margin-top: 5px;margin-bottom: 5px;font-family: sans-serif;font-size: 16px\"><\/p>\n<h2 style=\"font-family: sans-serif\">\u00bfC\u00f3mo llaman los canadienses a los polos?<\/h2>\n<p style=\"margin-top: 5px;margin-bottom: 5px;font-family: sans-serif;font-size: 16px\">Respuesta: En Canad\u00e1 se utilizan varios t\u00e9rminos para referirse a los polos. A menudo se utilizan indistintamente. Aunque Canad\u00e1 produce y consume menos de 2.000 millones de polos al a\u00f1o, gran parte de los polos del mundo se producen y venden en este pa\u00eds.<\/p>\n<\/div><\/div>","protected":false},"excerpt":{"rendered":"<p>Full Automatic popsicle packing machine Full Automatic popsicle packing machine|Product Features|Product specification You can buy Popsicle Freezers Online from the best source of wholesale Popsicle Freezer . we sell Popsicle Freezers only at discounted prices from manufacturers. You can get Popsicle Freezers from our Wholesale Shop. It is widely used in party, and parties, wedding, [&hellip;]<\/p>\n","protected":false},"featured_media":826,"comment_status":"open","ping_status":"open","template":"","meta":{"_swt_meta_header_display":false,"_swt_meta_footer_display":false,"_swt_meta_site_title_display":false,"_swt_meta_sticky_header":false,"_swt_meta_transparent_header":false},"product_brand":[],"product_cat":[84],"product_tag":[],"class_list":{"0":"post-828","1":"product","2":"type-product","3":"status-publish","4":"has-post-thumbnail","6":"product_cat-popsicle-machine","8":"first","9":"instock","10":"shipping-taxable","11":"product-type-simple"},"_links":{"self":[{"href":"https:\/\/www.hommy.com\/es\/wp-json\/wp\/v2\/product\/828","targetHints":{"allow":["GET"]}}],"collection":[{"href":"https:\/\/www.hommy.com\/es\/wp-json\/wp\/v2\/product"}],"about":[{"href":"https:\/\/www.hommy.com\/es\/wp-json\/wp\/v2\/types\/product"}],"replies":[{"embeddable":true,"href":"https:\/\/www.hommy.com\/es\/wp-json\/wp\/v2\/comments?post=828"}],"wp:featuredmedia":[{"embeddable":true,"href":"https:\/\/www.hommy.com\/es\/wp-json\/wp\/v2\/media\/826"}],"wp:attachment":[{"href":"https:\/\/www.hommy.com\/es\/wp-json\/wp\/v2\/media?parent=828"}],"wp:term":[{"taxonomy":"product_brand","embeddable":true,"href":"https:\/\/www.hommy.com\/es\/wp-json\/wp\/v2\/product_brand?post=828"},{"taxonomy":"product_cat","embeddable":true,"href":"https:\/\/www.hommy.com\/es\/wp-json\/wp\/v2\/product_cat?post=828"},{"taxonomy":"product_tag","embeddable":true,"href":"https:\/\/www.hommy.com\/es\/wp-json\/wp\/v2\/product_tag?post=828"}],"curies":[{"name":"wp","href":"https:\/\/api.w.org\/{rel}","templated":true}]}}