{"id":82,"date":"2024-07-02T11:52:06","date_gmt":"2024-07-02T11:52:06","guid":{"rendered":"http:\/\/localhost\/hommywp\/hm160e-automatic-compact-size-tabletop-smoothie-maker-for-business\/"},"modified":"2025-09-13T10:05:55","modified_gmt":"2025-09-13T10:05:55","slug":"hm160e-smoothie-maker-automatico-de-sobremesa-de-tamano-compacto-para-empresas","status":"publish","type":"product","link":"https:\/\/www.hommy.com\/es\/p\/hm160e-smoothie-maker-automatico-de-sobremesa-de-tamano-compacto-para-empresas\/","title":{"rendered":"HM160E: M\u00e1quina autom\u00e1tica y compacta para hacer batidos de sobremesa para empresas"},"content":{"rendered":"<p class=\"has-text-align-left\">La HM-160E es una batidora autom\u00e1tica comercial de sobremesa dise\u00f1ada para negocios con espacio limitado. Es perfecta para fruter\u00edas, tiendas de conveniencia, gasolineras, restaurantes y mucho m\u00e1s.<\/p>\n\n\n\n<div class=\"wp-block-group is-vertical is-content-justification-center is-layout-flex wp-container-core-group-is-layout-ce155fab wp-block-group-is-layout-flex\">\n<figure class=\"wp-block-image aligncenter is-style-default wp-duotone-unset-1\"><img decoding=\"async\" src=\"https:\/\/www.hommy.com\/wp-content\/uploads\/17105146304917.jpg\" alt=\"m\u00e1quina de batidos\" title=\"m\u00e1quina de batidos\"\/><\/figure>\n<\/div>\n\n\n\n<h2 class=\"wp-block-heading\"><strong>Selecci\u00f3n de frigor\u00edficos:<\/strong><\/h2>\n\n\n\n<div class=\"wp-block-group is-nowrap is-layout-flex wp-container-core-group-is-layout-6c531013 wp-block-group-is-layout-flex\">\n<figure class=\"wp-block-image size-large\"><img decoding=\"async\" src=\"https:\/\/www.hommy.com\/wp-content\/uploads\/17107557283856-1.jpg\" alt=\"\" title=\"\"><\/figure>\n\n\n\n<figure class=\"wp-block-image size-large\"><img decoding=\"async\" src=\"https:\/\/www.hommy.com\/wp-content\/uploads\/17107557284443-1.jpg\" alt=\"\" title=\"\"><\/figure>\n\n\n\n<figure class=\"wp-block-image size-large\"><img decoding=\"async\" src=\"https:\/\/www.hommy.com\/wp-content\/uploads\/17107557297480-1.jpg\" alt=\"\" title=\"\"><\/figure>\n\n\n\n<figure class=\"wp-block-image size-large\"><img decoding=\"async\" src=\"https:\/\/www.hommy.com\/wp-content\/uploads\/17107557277036-1.jpg\" alt=\"\" title=\"\"><\/figure>\n<\/div>\n\n\n\n<h2 class=\"wp-block-heading\">V\u00eddeo del producto:<\/h2>\n\n\n\n<p>Caliente m\u00e1quina de batidos popular para la venta<\/p>\n\n\n<p><iframe loading=\"lazy\" title=\"m\u00e1quina de batidos con fruta congelada\" width=\"500\" height=\"281\" src=\"https:\/\/www.youtube.com\/embed\/x-XeZtjX6hg?feature=oembed\" frameborder=\"0\" allow=\"accelerometer; autoplay; clipboard-write; encrypted-media; gyroscope; picture-in-picture; web-share\" referrerpolicy=\"strict-origin-when-cross-origin\" allowfullscreen><\/iframe><\/p>\n\n\n<p><iframe loading=\"lazy\" title=\"M\u00e1quina de batidos 24 horas\" width=\"500\" height=\"281\" src=\"https:\/\/www.youtube.com\/embed\/izlN4mk533U?feature=oembed\" frameborder=\"0\" allow=\"accelerometer; autoplay; clipboard-write; encrypted-media; gyroscope; picture-in-picture; web-share\" referrerpolicy=\"strict-origin-when-cross-origin\" allowfullscreen><\/iframe><\/p>\n\n\n\n<div class=\"wp-block-group is-vertical is-content-justification-center is-layout-flex wp-container-core-group-is-layout-ce155fab wp-block-group-is-layout-flex\">\n<h2 class=\"wp-block-heading\">Especificaciones:<\/h2>\n\n\n\n<figure class=\"wp-block-image\"><img decoding=\"async\" src=\"https:\/\/www.hommy.com\/wp-content\/uploads\/17105175578638-2.jpg\" alt=\"producto-Hommy-img\" title=\"\"><\/figure>\n<\/div>\n\n\n\n<p class=\"has-text-align-center\"><\/p>\n\n\n\n<h2 class=\"wp-block-heading\">Proceso de compra del cliente:<\/h2>\n\n\n\n<p><strong>Prepraci\u00f3n:<\/strong>Genere un c\u00f3digo QR en el sitio web e imprima una pegatina para cada vaso. Coloque trozos de fruta en las tazas y aplique la pegatina con el c\u00f3digo QR. (Este paso puede completarse en otro taller de producci\u00f3n, y solo tendr\u00e1s que transportar la mercanc\u00eda).<\/p>\n\n\n\n<p><strong>Productos de carga:<\/strong>Guarde las tazas en un frigor\u00edfico entre -10\u00b0C y -18\u00b0C.<\/p>\n\n\n\n<p><strong>Compras de clientes:<\/strong> El cliente elige lo que quiere de la nevera.<\/p>\n\n\n\n<p>Pague en recepci\u00f3n.<\/p>\n\n\n\n<p>Escanea el c\u00f3digo QR de la m\u00e1quina, que abre autom\u00e1ticamente la puerta.<\/p>\n\n\n\n<p>Coloca el vaso en el soporte situado debajo de la cuchilla mezcladora.<\/p>\n\n\n\n<p>La puerta de la m\u00e1quina se cierra autom\u00e1ticamente y, a continuaci\u00f3n, se mezcla el batido.<\/p>\n\n\n\n<p>El cliente puede ver el progreso en la pantalla.<\/p>\n\n\n\n<p>Una vez completado, \u00a1pueden tomar el batido fresco!<\/p>\n\n\n\n<p>Despu\u00e9s, la m\u00e1quina limpia autom\u00e1ticamente las cuchillas con agua.<\/p>\n\n\n\n<p><\/p>\n\n\n\n<h2 class=\"wp-block-heading\">Caracter\u00edsticas del producto<\/h2>\n\n\n\n<p><strong>Funcionamiento aut\u00f3nomo:&nbsp;<\/strong>La HM160E funciona con un congelador independiente que permite a los clientes crear f\u00e1cilmente batidos con fruta congelada.<\/p>\n\n\n\n<p><strong>Mezcla autom\u00e1tica:&nbsp;<\/strong>La m\u00e1quina mezcla autom\u00e1ticamente las frutas y dispensa de 100 ml a 300 ml de agua o leche para crear un batido perfectamente mezclado en unos 40 segundos.<\/p>\n\n\n\n<p><strong>Control por pantalla t\u00e1ctil:&nbsp;<\/strong>Una gran pantalla t\u00e1ctil de 13,3\u2033 con sistema Android que muestra el progreso de la operaci\u00f3n o reproduce anuncios. Es necesario introducir una contrase\u00f1a para acceder al fondo y modificar los datos de la m\u00e1quina, como el volumen de agua\/leche, el consumo de agua de limpieza y los ajustes de mezcla.<\/p>\n\n\n\n<p><strong>Funcionalidad del c\u00f3digo QR:&nbsp;<\/strong>Cada vaso viene con una pegatina con un c\u00f3digo QR que se puede personalizar para especificar la cantidad de llenado de agua, la velocidad del motor, el tiempo de batido e incluso el volumen de agua de limpieza.<\/p>\n\n\n\n<p><strong>Contador de copas:<\/strong> La m\u00e1quina escanea el c\u00f3digo QR para rastrear y mostrar el n\u00famero total de batidos.<\/p>\n\n\n\n<p><strong>Talla de copa:<\/strong> Elija entre un vaso PET apto para uso alimentario de 14 o 16 oz.<\/p>\n\n\n\n<p><strong>Monitorizaci\u00f3n remota:<\/strong> Supervise y gestione los datos de ventas a distancia.<\/p>\n\n\n\n<p><strong>Limpieza autom\u00e1tica:<\/strong> La m\u00e1quina se limpia autom\u00e1ticamente despu\u00e9s de cada mezcla.<\/p>\n\n\n\n<p><strong>Esterilizaci\u00f3n autom\u00e1tica:<\/strong> Utiliza irradiaci\u00f3n ultravioleta para eliminar bacterias y virus en la m\u00e1quina.<\/p>\n\n\n\n<p><strong>Dise\u00f1o personalizado:<\/strong> Los dise\u00f1os pueden personalizarse seg\u00fan los requisitos del cliente, y se dispone de OEM.<\/p>\n\n\n\n<p><strong>Soporte multiling\u00fce:<\/strong> La m\u00e1quina admite varios idiomas: chino, ingl\u00e9s, alem\u00e1n, \u00e1rabe, malayo, tailand\u00e9s, espa\u00f1ol y coreano.<\/p>\n\n\n\n<p><strong>Sistema de dep\u00f3sito de agua:<\/strong> Incluye un dep\u00f3sito de agua limpia y otro de aguas residuales, lo que elimina la necesidad de una tuber\u00eda de agua o un desag\u00fce en el suelo. Tambi\u00e9n es muy c\u00f3modo de mover<\/p>\n\n\n\n<h2 class=\"wp-block-heading\"><strong>Ventajas del producto<\/strong><\/h2>\n\n\n\n<div class=\"wp-block-group is-horizontal is-content-justification-center is-nowrap is-layout-flex wp-container-core-group-is-layout-2256e7f1 wp-block-group-is-layout-flex\">\n<div class=\"wp-block-group is-vertical is-content-justification-center is-layout-flex wp-container-core-group-is-layout-6363bf74 wp-block-group-is-layout-flex\">\n<figure class=\"wp-block-image\"><img decoding=\"async\" src=\"https:\/\/www.hommy.com\/wp-content\/uploads\/17105175559625-2.jpg\" alt=\"\" title=\"\"><figcaption class=\"wp-element-caption\">1.esc\u00e1ner<\/figcaption><\/figure>\n<\/div>\n\n\n\n<div class=\"wp-block-group is-vertical is-content-justification-center is-layout-flex wp-container-core-group-is-layout-ce155fab wp-block-group-is-layout-flex\">\n<figure class=\"wp-block-image size-large\"><img decoding=\"async\" src=\"https:\/\/www.hommy.com\/wp-content\/uploads\/17105175558461-2.jpg\" alt=\"\" title=\"\"><figcaption class=\"wp-element-caption\">2.Un clic<\/figcaption><\/figure>\n<\/div>\n\n\n\n<div class=\"wp-block-group is-vertical is-content-justification-center is-layout-flex wp-container-core-group-is-layout-ce155fab wp-block-group-is-layout-flex\">\n<figure class=\"wp-block-image size-large\"><img decoding=\"async\" src=\"https:\/\/www.hommy.com\/wp-content\/uploads\/17105175531218-2.jpg\" alt=\"\" title=\"\"><figcaption class=\"wp-element-caption\">3.limpieza<\/figcaption><\/figure>\n<\/div>\n<\/div>\n\n\n\n<div class=\"wp-block-group is-horizontal is-content-justification-center is-nowrap is-layout-flex wp-container-core-group-is-layout-2256e7f1 wp-block-group-is-layout-flex\">\n<div class=\"wp-block-group is-vertical is-layout-flex wp-container-core-group-is-layout-fe9cc265 wp-block-group-is-layout-flex\">\n<figure class=\"wp-block-image size-large\"><img decoding=\"async\" src=\"https:\/\/www.hommy.com\/wp-content\/uploads\/17105175522157-2.jpg\" alt=\"\" title=\"\"><figcaption class=\"wp-element-caption\">4.blender<\/figcaption><\/figure>\n<\/div>\n\n\n\n<div class=\"wp-block-group is-vertical is-layout-flex wp-container-core-group-is-layout-fe9cc265 wp-block-group-is-layout-flex\">\n<figure class=\"wp-block-image size-large\"><img decoding=\"async\" src=\"https:\/\/www.hommy.com\/wp-content\/uploads\/17105175543965-2.jpg\" alt=\"\" title=\"\"><figcaption class=\"wp-element-caption\">5.lanugage<\/figcaption><\/figure>\n<\/div>\n\n\n\n<div class=\"wp-block-group is-vertical is-layout-flex wp-container-core-group-is-layout-fe9cc265 wp-block-group-is-layout-flex\">\n<figure class=\"wp-block-image size-large\"><img decoding=\"async\" src=\"https:\/\/www.hommy.com\/wp-content\/uploads\/17105175568398.jpg\" alt=\"\" title=\"\"><figcaption class=\"wp-element-caption\">6.salida de entrada de agua<\/figcaption><\/figure>\n<\/div>\n<\/div>\n\n\n\n<div class=\"wp-block-group is-horizontal is-content-justification-center is-nowrap is-layout-flex wp-container-core-group-is-layout-2256e7f1 wp-block-group-is-layout-flex\">\n<div class=\"wp-block-group is-vertical is-layout-flex wp-container-core-group-is-layout-fe9cc265 wp-block-group-is-layout-flex\"><\/div>\n\n\n\n<div class=\"wp-block-group is-vertical is-layout-flex wp-container-core-group-is-layout-fe9cc265 wp-block-group-is-layout-flex\">\n<figure class=\"wp-block-image size-large\"><img decoding=\"async\" src=\"https:\/\/www.hommy.com\/wp-content\/uploads\/17105175542633.jpg\" alt=\"\" title=\"\"><figcaption class=\"wp-element-caption\">7.multicolor<\/figcaption><\/figure>\n<\/div>\n\n\n\n<div class=\"wp-block-group is-vertical is-layout-flex wp-container-core-group-is-layout-fe9cc265 wp-block-group-is-layout-flex\"><\/div>\n<\/div>\n\n\n\n<h2 class=\"wp-block-heading\">P\u00f3ngase en contacto con<\/h2>\n\n\n\n<p>Si est\u00e1 interesado en esta u otra de nuestras m\u00e1quinas de batidos, p\u00f3ngase en contacto con nosotros para obtener el precio de la m\u00e1quina y m\u00e1s detalles.<\/p>\n\n\n\n<h2 class=\"wp-block-heading\">PREGUNTAS FRECUENTES<\/h2>\n\n\n\n<p><strong>\u00bfC\u00f3mo se fabrican los batidos en una m\u00e1quina expendedora?<\/strong><\/p>\n\n\n\n<p>La Hommy Smoothie Machine es una forma muy c\u00f3moda y r\u00e1pida de disfrutar de batidos saludables. Acepta pedidos, mezcla aut\u00e9ntica fruta congelada en el vaso y se limpia autom\u00e1ticamente.  Es ideal para universidades, oficinas, comedores, gimnasios, spas, cafeter\u00edas y fruter\u00edas.<\/p>\n\n\n\n<p><strong>\u00bfC\u00f3mo hacer granizado de mango en una m\u00e1quina de batidos?<\/strong><\/p>\n\n\n\n<p>\u00bfPuede una m\u00e1quina expendedora de batidos hacer granizados?  S\u00ed, la m\u00e1quina expendedora de batidos ahora s\u00f3lo hace batidos de frutas saludables, sino que tambi\u00e9n puede hacer granizados de diferentes sabores. .para aprender a hacer granizados en una m\u00e1quina expendedora de batidos, debe conseguir: una m\u00e1quina expendedora de batidos, hielo, sirope para granizados, vasos y pajitas. Te guiaremos para que aprendas a hacer granizados de forma r\u00e1pida y divertida.<\/p>\n\n\n\n<p><strong>\u00bfPor qu\u00e9 son tan populares las m\u00e1quinas expendedoras de batidos?<\/strong><\/p>\n\n\n\n<p>Los smoothies son m\u00e1s populares que nunca. Por su dieta sana a base de fruta\/ingredientes reales, el smoothie puede consumirse como parte de una dieta equilibrada, adem\u00e1s de contribuir a la p\u00e9rdida de peso. Una m\u00e1quina expendedora de batidos puede suministrar batidos saludables de forma m\u00e1s r\u00e1pida, f\u00e1cil y c\u00f3moda.<\/p>","protected":false},"excerpt":{"rendered":"<p>The HM-160E is an automatic, commercial, table-top style smoothie maker designed for businesses with limited space. it&#8217;s perfect for fruit shops, convenience stores, gas stations, restaurants, and more. Refrigerator Selection: Product VIdeo: Hot popular smoothie machine for sale Specifications: Customer Purchasing Process: Prepration:Generate a QR code on the website and print a sticker for each [&hellip;]<\/p>\n","protected":false},"featured_media":69,"comment_status":"closed","ping_status":"closed","template":"","meta":{"_swt_meta_header_display":false,"_swt_meta_footer_display":false,"_swt_meta_site_title_display":false,"_swt_meta_sticky_header":false,"_swt_meta_transparent_header":false},"product_brand":[],"product_cat":[69,68],"product_tag":[],"class_list":{"0":"post-82","1":"product","2":"type-product","3":"status-publish","4":"has-post-thumbnail","6":"product_cat-smoothie-vending-machine","7":"product_cat-vending-machine","9":"first","10":"instock","11":"shipping-taxable","12":"product-type-simple"},"_links":{"self":[{"href":"https:\/\/www.hommy.com\/es\/wp-json\/wp\/v2\/product\/82","targetHints":{"allow":["GET"]}}],"collection":[{"href":"https:\/\/www.hommy.com\/es\/wp-json\/wp\/v2\/product"}],"about":[{"href":"https:\/\/www.hommy.com\/es\/wp-json\/wp\/v2\/types\/product"}],"replies":[{"embeddable":true,"href":"https:\/\/www.hommy.com\/es\/wp-json\/wp\/v2\/comments?post=82"}],"wp:featuredmedia":[{"embeddable":true,"href":"https:\/\/www.hommy.com\/es\/wp-json\/wp\/v2\/media\/69"}],"wp:attachment":[{"href":"https:\/\/www.hommy.com\/es\/wp-json\/wp\/v2\/media?parent=82"}],"wp:term":[{"taxonomy":"product_brand","embeddable":true,"href":"https:\/\/www.hommy.com\/es\/wp-json\/wp\/v2\/product_brand?post=82"},{"taxonomy":"product_cat","embeddable":true,"href":"https:\/\/www.hommy.com\/es\/wp-json\/wp\/v2\/product_cat?post=82"},{"taxonomy":"product_tag","embeddable":true,"href":"https:\/\/www.hommy.com\/es\/wp-json\/wp\/v2\/product_tag?post=82"}],"curies":[{"name":"wp","href":"https:\/\/api.w.org\/{rel}","templated":true}]}}