{"id":817,"date":"2024-07-02T16:38:59","date_gmt":"2024-07-02T16:38:59","guid":{"rendered":"http:\/\/localhost\/hommywp\/china-thai-electric-round-pan-fried-ice-cream-roll-maker-factory\/"},"modified":"2025-08-01T09:57:44","modified_gmt":"2025-08-01T09:57:44","slug":"maquina-para-hacer-rollos-de-helado-frito-tailandes-maquina-para-hacer-rollos-de-helado","status":"publish","type":"product","link":"https:\/\/www.hommy.com\/es\/p\/maquina-para-hacer-rollos-de-helado-frito-tailandes-maquina-para-hacer-rollos-de-helado\/","title":{"rendered":"F\u00e1brica tailandesa del rollo de helado frito de la cacerola redonda el\u00e9ctrica de China"},"content":{"rendered":"<div>\n<p>&nbsp;<\/p>\n<h2 style=\"text-align: center\"><span style=\"font-family: arial, helvetica, sans-serif;font-weight: 700;text-align: center;font-size: 20px\"><a name=\"Thai fried Ice cream roll maker\/High Quality Fried frozen yogurt\/Thai Thailand fried ice cream machine\"><\/a>Thai fried Ice cream roll maker\/High Quality Fried frozen yogurt\/Thai Thailand fried ice cream machine<\/span><\/h2>\n<p style=\"text-align: center\"><\/p>\n<p style=\"text-align: center\"><a href=\"#Thai fried Ice cream roll maker\/High Quality Fried frozen yogurt\/Thai Thailand fried ice cream machine\" target=\"_self\" data-lv=\"0\" rel=\"noopener\"><span style=\"font-family: arial, helvetica, sans-serif\">Thai fried Ice cream roll maker\/High Quality Fried frozen yogurt\/Thai Thailand fried ice cream machine<\/span><\/a><span style=\"font-family: arial, helvetica, sans-serif\">|<a href=\"#PRODUCT FEATURES\" target=\"_self\" data-lv=\"0\" rel=\"noopener\">CARACTER\u00cdSTICAS DEL PRODUCTO<\/a>|<a href=\"#Fried Ice cream roll maker\" target=\"_self\" data-lv=\"0\" rel=\"noopener\">Heladera frita<\/a>|<a href=\"#Product specification\" target=\"_self\" data-lv=\"0\" rel=\"noopener\">Especificaci\u00f3n del producto<\/a>|<a href=\"#Product Features\" target=\"_self\" data-lv=\"0\" rel=\"noopener\">Caracter\u00edsticas del producto<\/a>|<a href=\"#Product Description\" target=\"_self\" data-lv=\"0\" rel=\"noopener\">Descripci\u00f3n del producto<\/a>|<\/span><a href=\"#Operation Demonstration\" target=\"_self\" data-lv=\"0\" rel=\"noopener\"><span style=\"font-family: arial, helvetica, sans-serif\">Demostraci\u00f3n de la operaci\u00f3n<\/span><br \/><\/a><\/p>\n<p style=\"text-align: center\"><video src=\"https:\/\/img80002414.weyesimg.com\/uploads\/wij2rdgc.allweyes.com\/video\/15553215634613.mp4\" preload=\"none\" controls=\"\" poster=\"https:\/\/img80002414.weyesimg.com\/uploads\/wij2rdgc.allweyes.com\/images\/15553215473420.jpg\" data-setup=\"{}\" width=\"900\" height=\"640\"><\/video><\/p>\n<p>&nbsp;<\/p>\n<div class=\"text-left d-tem09-title d-interval\" data-detail=\"wrap\">\n<div class=\"title-header\">\n<p>Nuestra m\u00e1quina para hacer rollos de helado frito se utiliza para hacer helado frito mezclando helado con una masa especial. La m\u00e1quina para hacer helados fritos est\u00e1 disponible en varios tama\u00f1os y formas para su uso en restaurantes, hoteles y otros puntos de venta de alimentos.<\/p>\n<h2><strong><span style=\"font-size: 24px;font-family: arial, helvetica, sans-serif\"><br \/><\/span><\/strong><\/h2>\n<h2><strong><span style=\"font-size: 24px;font-family: arial, helvetica, sans-serif\">CARACTER\u00cdSTICAS DEL PRODUCTO<\/span><\/strong><\/h2>\n<div class=\"subtitle\"><span>La planta de Hommy ocupa una superficie de 30.500 metros cuadrados en la ciudad de Xinhui Jiangmen, y consta de l\u00edneas de producci\u00f3n flexibles, laboratorio de I+D, centro de aprendizaje y taller equipado con equipos de vanguardia.<\/span><\/div>\n<\/div>\n<\/div>\n<p>&nbsp;<\/p>\n<div class=\"d-tem11-graphic tem11-graphic mockup\" data-detail=\"wrap\">\n<div class=\"tab_row\">\n<div class=\"img\" style=\"width: 50%\">\n<p style=\"text-align:center\"><img loading=\"lazy\" decoding=\"async\" title=\"\" alt=\"producto-Hommy-img\" src=\"https:\/\/www.hommy.com\/wp-content\/uploads\/15553218255331.jpg\" width=\"600\" height=\"800\" border=\"0\" vspace=\"0\" style=\"width: 600px;height: 800px\"><\/p>\n<\/div>\n<div class=\"text_box\" style=\"width: 50%\">\n<p>&nbsp;<span style=\"font-size: 24px\"><strong style=\"font-family: arial, helvetica, sans-serif;color: inherit;font-size: 30px\"><span><a name=\"Fried Ice cream roll maker\"><\/a>Heladera frita<\/span><\/strong><\/span><\/p>\n<p>&nbsp;<\/p>\n<p style=\"line-height: 2em\">La sart\u00e9n est\u00e1 hecha de acero inoxidable, puede utilizar agua pura, adem\u00e1s de una f\u00f3rmula preparada y bebidas de frutas, puede crear una variedad de tipos de helados blandos y duros, batidos, hielo, barro de hielo, granizado, hielo de nieve, hielo de frutas, gachas de hielo, frutas, etc. <br \/>Descripci\u00f3n del producto: <br \/>El efecto de alta eficiencia y baja temperatura es excelente y puede superar la temperatura de -25\u00b0C. <br \/>Sistema de control humanizado: basado en su material para configurar el control de temperatura de los l\u00edmites superior e inferior de -19'C a -22C. <br \/>Funci\u00f3n de descongelaci\u00f3n por el pie que es f\u00e1cil de controlar para el trabajador . &nbsp; &nbsp; &nbsp; &nbsp; &nbsp; &nbsp; &nbsp;<br \/>\n &nbsp; &nbsp; &nbsp; &nbsp; &nbsp; &nbsp; &nbsp;<\/p>\n<p>&nbsp;<\/p>\n<\/div>\n<\/div>\n<\/div>\n<p>&nbsp;<\/p>\n<div class=\"text-left d-tem09-title d-interval\" data-detail=\"wrap\">\n<div class=\"title-header\">\n<div class=\"title\"><span style=\"font-size: 24px\"><\/span><\/p>\n<h2 style=\"margin-bottom: 0px;text-align: justify\"><span style=\"font-weight: 700;letter-spacing: 0px;font-size: 24px;font-family: arial, helvetica, sans-serif\"><a name=\"Product specification\"><\/a>Especificaciones del producto\uff1a<\/span><span style=\"font-family: \u5b8b\u4f53;letter-spacing: 0px;font-size: 48px\"><\/span><\/h2>\n<p style=\"margin-bottom: 0px\"><span style=\"font-family: Calibri;font-size: 20px\">Par\u00e1metros t\u00e9cnicos:<\/span><\/p>\n<p><span><\/span><\/div>\n<\/div>\n<\/div>\n<p>&nbsp;<\/p>\n<p style=\"text-align:center\"><img decoding=\"async\" src=\"https:\/\/www.hommy.com\/wp-content\/uploads\/16008276911846.png\" alt=\"producto-Thai frito Helado rollo makerice cream roll m\u00e1quina-Hommy-img\" title=\"\"><\/p>\n<p><\/p>\n<h2 style=\"margin-bottom: 0px\"><span style=\"font-weight: 700;font-size: 24px;font-family: arial, helvetica, sans-serif\"><a name=\"Product Features\"><\/a>Caracter\u00edsticas del producto\uff1a<\/span><\/h2>\n<p style=\"margin-bottom: 0px\"><span style=\"font-family: Calibri;font-size: 16px\">La sart\u00e9n es de acero inoxidable, puede utilizar agua pura, adem\u00e1s de una f\u00f3rmula preparada<\/span><span style=\"font-family: \u5b8b\u4f53;font-size: 16px\">&nbsp;<\/span><span style=\"font-family: Calibri;font-size: 16px\">y bebidas de frutas, puede crear una gran variedad de tipos de hielo blando y duro.<\/span><span style=\"font-family: \u5b8b\u4f53;font-size: 16px\">&nbsp;<\/span><span style=\"font-family: Calibri;font-size: 16px\">nata, batidos, hielo, barro helado, granizado, hielo de nieve, hielo de fruta, gachas de hielo, fruta, etc.<\/span><\/p>\n<p style=\"margin-bottom: 0px\"><span style=\"font-family: Calibri;font-size: 16px\"><br \/><\/span><\/p>\n<h2 style=\"margin-bottom: 0px\"><span style=\"font-weight: 700;font-size: 24px;font-family: arial, helvetica, sans-serif\"><a name=\"Product Description\"><\/a>Descripci\u00f3n del producto:<\/span><\/h2>\n<p style=\"margin-bottom: 0px\"><span style=\"font-family: Calibri;font-size: 16px\">1. Alta eficiencia y efecto de baja temperatura es excelente que puede pasar la temperatura -25 \u00b0 C.<\/span><\/p>\n<p style=\"margin-bottom: 0px\"><span style=\"font-family: Calibri;font-size: 16px\">2. Sistema de control humanizado: en funci\u00f3n de su material para configurar el control de temperatura de los l\u00edmites superior e inferior de -19'C a -22C.<\/span><\/p>\n<p style=\"margin-bottom: 0px\"><span style=\"font-family: Calibri;font-size: 16px\">3. Funci\u00f3n de descongelaci\u00f3n por el pie que es f\u00e1cil de controlador para el trabajador .<\/span><\/p>\n<p><span style=\"font-family: Calibri;font-size: 16px\"><br \/><\/span><\/p>\n<p>&nbsp;<\/p>\n<div class=\"text-left d-tem09-title d-interval\" data-detail=\"wrap\">\n<div class=\"title-header\">\n<h2><strong><span style=\"font-size: 24px;font-family: arial, helvetica, sans-serif\"><a name=\"Operation Demonstration\"><\/a>Demostraci\u00f3n de la operaci\u00f3n:&nbsp;<\/span><\/strong><\/h2>\n<p><span>Operaci\u00f3nDemostraci\u00f3n: La operaci\u00f3n es muy simple, usted puede hacer el SECO para hacer el helado despedido, usted puede agregar m\u00e1s diverso sabor y diverso material para el exsample: az\u00facar, cocinero, fruta y m\u00e1s, usted puede hacer diverso rodillo del helado del gusto.&nbsp;&nbsp;<\/span><\/p>\n<p><span><br \/><\/span><\/p>\n<p style=\"text-align:center\"><span><img loading=\"lazy\" decoding=\"async\" src=\"https:\/\/www.hommy.com\/wp-content\/uploads\/16008277752200.jpg\" title=\"\" alt=\"producto-Hommy-img\" width=\"800\" height=\"233\" border=\"0\" vspace=\"0\" style=\"width: 800px;height: 233px\"><\/span><\/p>\n<\/div>\n<\/div>\n<p style=\"line-height: 2em\"><\/p>\n<p>Documento\uff1a<img decoding=\"async\" src=\"https:\/\/www.hommy.com\/wp-content\/uploads\/icon_pdf-55.gif\" style=\"margin-right: 2px\" alt=\"producto-Hommy-img\" title=\"\"><a href=\"https:\/\/img80002414.weyesimg.com\/uploads\/www.hommy.com\/addon\/16027266629881.pdf\" title=\"16027266629881.pdf\" style=\"font-size: 12px\">16027266629881.pdf<\/a><\/p>\n<h2>\u00bfC\u00f3mo se hace el helado siciliano?&nbsp;<\/h2>\n<p style=\"margin-top: 5px;margin-bottom: 5px\">Sicilia est\u00e1 considerada una de las cunas de la industria heladera italiana. El helado siciliano suele denominarse helado de ricotta. Es cremoso, \u00e1cido y ligero. La ricotta es un queso italiano derivado del suero sobrante de la fabricaci\u00f3n del queso, similar al reques\u00f3n.<\/p>\n<p style=\"margin-top: 5px;margin-bottom: 5px\">Siempre estoy buscando formas de a\u00f1adir un poco de color, un sabor divertido y un poco de fantas\u00eda a mi dieta diaria. Estoy deseando compartir lo que he descubierto con vosotros. El helado siciliano, que es tan sencillo de hacer, sin duda estar\u00e1 pronto en mi mesa.<\/p>\n<p style=\"margin-top: 5px;margin-bottom: 5px\"><\/p>\n<h2>\u00bfC\u00f3mo se llama el helado mexicano?<\/h2>\n<p style=\"margin-top: 5px;margin-bottom: 5px\">El t\u00e9rmino m\u00e1s com\u00fan para helado en M\u00e9xico es helado, que se traduce como \"nieve\" o \"hielo\" (la \"h\" es muda). Es el mismo t\u00e9rmino que se utiliza en EE.UU., pero en M\u00e9xico tambi\u00e9n se usa para el helado que no est\u00e1 congelado. Por ejemplo, a un vendedor ambulante de helados se le puede pedir helado de leche.<\/p>\n<p style=\"margin-top: 5px;margin-bottom: 5px\"><\/p>\n<h2>\u00bfCu\u00e1nto cuesta una m\u00e1quina de batidos de McDonald's?<\/h2>\n<p style=\"margin-top: 5px;margin-bottom: 5px\">Seg\u00fan una lista de precios disponible en el sitio web de McDonald's, una m\u00e1quina de batidos McDonald's b\u00e1sica cuesta 1.400TP4T, mientras que un modelo premium cuesta 1.600TP4T. Los precios incluyen el coste de la m\u00e1quina, el hardware de la m\u00e1quina, el software de la m\u00e1quina, la instalaci\u00f3n.<\/p>\n<\/div><\/div>","protected":false},"excerpt":{"rendered":"<p>&nbsp; Thai fried Ice cream roll maker\/High Quality Fried frozen yogurt\/Thai Thailand fried ice cream machine Thai fried Ice cream roll maker\/High Quality Fried frozen yogurt\/Thai Thailand fried ice cream machine|PRODUCT FEATURES|Fried Ice cream roll maker|Product specification|Product Features|Product Description|Operation Demonstration &nbsp; Our Fried ice cream roll maker is used to make Fried ice cream by [&hellip;]<\/p>\n","protected":false},"featured_media":813,"comment_status":"open","ping_status":"open","template":"","meta":{"_swt_meta_header_display":false,"_swt_meta_footer_display":false,"_swt_meta_site_title_display":false,"_swt_meta_sticky_header":false,"_swt_meta_transparent_header":false},"product_brand":[],"product_cat":[83,77],"product_tag":[],"class_list":{"0":"post-817","1":"product","2":"type-product","3":"status-publish","4":"has-post-thumbnail","6":"product_cat-fried-ice-cream-machine","7":"product_cat-ice-cream-machine","9":"first","10":"instock","11":"shipping-taxable","12":"product-type-simple"},"_links":{"self":[{"href":"https:\/\/www.hommy.com\/es\/wp-json\/wp\/v2\/product\/817","targetHints":{"allow":["GET"]}}],"collection":[{"href":"https:\/\/www.hommy.com\/es\/wp-json\/wp\/v2\/product"}],"about":[{"href":"https:\/\/www.hommy.com\/es\/wp-json\/wp\/v2\/types\/product"}],"replies":[{"embeddable":true,"href":"https:\/\/www.hommy.com\/es\/wp-json\/wp\/v2\/comments?post=817"}],"wp:featuredmedia":[{"embeddable":true,"href":"https:\/\/www.hommy.com\/es\/wp-json\/wp\/v2\/media\/813"}],"wp:attachment":[{"href":"https:\/\/www.hommy.com\/es\/wp-json\/wp\/v2\/media?parent=817"}],"wp:term":[{"taxonomy":"product_brand","embeddable":true,"href":"https:\/\/www.hommy.com\/es\/wp-json\/wp\/v2\/product_brand?post=817"},{"taxonomy":"product_cat","embeddable":true,"href":"https:\/\/www.hommy.com\/es\/wp-json\/wp\/v2\/product_cat?post=817"},{"taxonomy":"product_tag","embeddable":true,"href":"https:\/\/www.hommy.com\/es\/wp-json\/wp\/v2\/product_tag?post=817"}],"curies":[{"name":"wp","href":"https:\/\/api.w.org\/{rel}","templated":true}]}}