{"id":812,"date":"2024-07-02T16:38:55","date_gmt":"2024-07-02T16:38:55","guid":{"rendered":"http:\/\/localhost\/hommywp\/hm-sm-900-mobile-cold-temperature-pan-fried-ice-cream-machine\/"},"modified":"2025-08-01T09:57:43","modified_gmt":"2025-08-01T09:57:43","slug":"hm-sm-900-maquina-de-helados-de-sarten","status":"publish","type":"product","link":"https:\/\/www.hommy.com\/es\/p\/hm-sm-900-maquina-de-helados-de-sarten\/","title":{"rendered":"Hm-Sm-900 M\u00e1quina m\u00f3vil de helado frito a temperatura fr\u00eda"},"content":{"rendered":"<div>\n<p><\/p>\n<p><\/p>\n<h2 style=\"text-align: center\"><span style=\"font-family: Helvetica;letter-spacing: 0;font-size: 29px\"><a name=\"Double Pan Fried Ice Cream Maker\"><\/a><strong>Doble sart\u00e9n <a style=\"color:blue\" href=\"\/es\/\">Heladera<\/a><\/strong>&nbsp;<\/span><\/h2>\n<p style=\"text-align: center\"><a href=\"#Double Pan Fried Ice Cream Maker\" target=\"_self\" data-lv=\"0\" rel=\"noopener\"><span style=\"letter-spacing: 0px;font-size: 16px;font-family: arial, helvetica, sans-serif\">Heladera de doble sart\u00e9n<\/span><\/a><span style=\"letter-spacing: 0px;font-size: 16px;font-family: arial, helvetica, sans-serif\">|<a href=\"#Product specification\" target=\"_self\" data-lv=\"0\" rel=\"noopener\">Especificaci\u00f3n del producto<\/a>|<a href=\"#Product Features\" target=\"_self\" data-lv=\"0\" rel=\"noopener\">Caracter\u00edsticas del producto<\/a>|<a href=\"#Product Description\" target=\"_self\" data-lv=\"0\" rel=\"noopener\">Descripci\u00f3n del producto<\/a>|<a href=\"#Operation Demonstration\" target=\"_self\" data-lv=\"0\" rel=\"noopener\">Demostraci\u00f3n de la operaci\u00f3n<\/a><\/span><\/p>\n<p><\/p>\n<p style=\"text-align: center\">&nbsp;<\/p>\n<p>Pan <a style=\"color:blue\" href=\"https:\/\/www.hommy.com\/es\/maquina-de-helados-fritos\/\">M\u00e1quina de helados fritos<\/a> disponible en varias capacidades y con opciones muy atractivas a precios l\u00edderes en el sector. En caso de que usted est\u00e1 planeando comprar esto, no dude en visitar nuestra sala de exposici\u00f3n en l\u00ednea. Estamos teniendo los mejores precios en el mercado y las entregas oportunas se realizan.<\/p>\n<h2 style=\"margin-bottom: 0px;text-align: justify\"><span style=\"letter-spacing: 0px;font-size: 24px;font-weight: 700;font-family: arial, helvetica, sans-serif\"><a name=\"Product specification\"><\/a>Especificaciones del producto\uff1a<\/span><span style=\"font-family: \u5b8b\u4f53;letter-spacing: 0px;font-size: 48px\"><\/span><\/h2>\n<p style=\"margin-bottom: 0px\"><span style=\"font-family: Calibri;font-size: 20px\">Par\u00e1metros t\u00e9cnicos:<\/span><\/p>\n<p style=\"margin-bottom: 0px\"><span style=\"font-family: Calibri;font-size: 20px\"><br \/><\/span><\/p>\n<p style=\"margin-bottom: 0px\"><span style=\"font-family: Calibri;font-size: 20px\"><br \/><\/span><\/p>\n<p style=\"text-align:center\"><img decoding=\"async\" src=\"https:\/\/www.hommy.com\/wp-content\/uploads\/16007637367973.png\" alt=\"producto-Hommy-img\" title=\"\"><\/p>\n<p><span style=\"font-weight: 700\"><span style=\"font-family: \u5b8b\u4f53;font-size: 24px\"><br \/><\/span><\/span><\/p>\n<h2><span style=\"font-family:\u5b8b\u4f53;font-size:29px\"><\/span><span style=\"font-size: 24px;font-weight: 700;font-family: arial, helvetica, sans-serif\"><a name=\"Product Features\"><\/a>Caracter\u00edsticas del producto\uff1a<\/span><span style=\"font-family:Calibri;font-size:29px\"><\/span><\/h2>\n<p><span style=\"font-family:Calibri;font-size:16px\">La sart\u00e9n es de acero inoxidable, puede utilizar agua pura, adem\u00e1s de una f\u00f3rmula preparada<\/span><span style=\"font-family:\u5b8b\u4f53;font-size:16px\">&nbsp;<\/span><span style=\"font-family:Calibri;font-size:16px\">y bebidas de frutas, puede crear una gran variedad de tipos de hielo blando y duro.<\/span><span style=\"font-family:\u5b8b\u4f53;font-size:16px\">&nbsp;<\/span><span style=\"font-family:Calibri;font-size:16px\">nata, batidos, hielo, barro helado, granizado, hielo de nieve, hielo de fruta, gachas de hielo, fruta, etc.<\/span><\/p>\n<p><span style=\"font-family:Calibri;font-size:16px\"><br \/><\/span><\/p>\n<h2><span style=\"font-size: 24px;font-weight: 700;font-family: arial, helvetica, sans-serif\"><a name=\"Product Description\"><\/a>Descripci\u00f3n del producto:<\/span><\/h2>\n<p style=\"margin-bottom: 0px\"><span style=\"font-family: Calibri;font-size: 16px\">1. Alta eficiencia y efecto de baja temperatura es excelente que puede pasar la temperatura -25 \u00b0 C.<\/span><\/p>\n<p style=\"margin-bottom: 0px\"><span style=\"font-family: Calibri;font-size: 16px\">2. Sistema de control humanizado: en funci\u00f3n de su material para configurar el control de temperatura de los l\u00edmites superior e inferior de -19'C a -22C.<\/span><\/p>\n<p style=\"margin-bottom: 0px\"><span style=\"font-family: Calibri;font-size: 16px\">3. Funci\u00f3n de descongelaci\u00f3n por el pie que es f\u00e1cil de controlador para el trabajador .<\/span><\/p>\n<p style=\"margin-bottom: 0px\"><span style=\"font-family: Calibri;font-size: 16px\"><br \/><\/span><\/p>\n<h2 style=\"margin-bottom: 0px\"><span style=\"font-size: 24px;font-weight: 700;font-family: arial, helvetica, sans-serif\"><a name=\"Operation Demonstration\"><\/a>Demostraci\u00f3n de la operaci\u00f3n:<\/span><\/h2>\n<p style=\"margin-bottom: 0px\"><span style=\"font-family: \u5b8b\u4f53;font-size: 16px\">La operaci\u00f3n es muy simple, usted puede hacer el SECO para hacer el helado despedido, usted puede agregar m\u00e1s diverso sabor y diverso material para el exsample: az\u00facar, cocinero, fruta y m\u00e1s, usted puede hacer diverso rodillo del helado del gusto.&nbsp;<\/span><\/p>\n<p style=\"margin-bottom: 0px\"><span style=\"font-family: \u5b8b\u4f53;font-size: 16px\"><br \/><\/span><\/p>\n<p style=\"text-align: center\"><img loading=\"lazy\" decoding=\"async\" src=\"https:\/\/www.hommy.com\/wp-content\/uploads\/16007638228145.jpg\" title=\"\" alt=\"producto-HM-SM-900 M\u00e1quina de helados fritos-Hommy-img\" width=\"850\" height=\"233\" border=\"0\" vspace=\"0\" style=\"width: 850px;height: 233px\"><\/p>\n<p>Documento\uff1a<img decoding=\"async\" src=\"https:\/\/www.hommy.com\/wp-content\/uploads\/icon_pdf-54.gif\" style=\"margin-right: 2px\" alt=\"producto-Hommy-img\" title=\"\"><a href=\"https:\/\/img80002414.weyesimg.com\/uploads\/www.hommy.com\/addon\/16027279214159.pdf\" title=\"16027279214159.pdf\" style=\"font-size: 12px\">16027279214159.pdf<\/a><\/p>\n<h2>\u00bfPor qu\u00e9 mcdonalds <a style=\"color:blue\" href=\"\/es\/\">m\u00e1quina de helados<\/a> \u00bfnunca funciona?<\/h2>\n<p style=\"margin-top: 5px;margin-bottom: 5px\"><\/p>\n<p style=\"margin-top: 5px;margin-bottom: 5px\">Tengo la m\u00e1quina de helados de mcdonalds desde hace varios a\u00f1os. Iba bien hasta hace un a\u00f1o, entonces dej\u00f3 de funcionar. Se enciende, hace ruido y pita, pero no pasa nada. Cuando voy a arreglarla, no le pasa nada. Simplemente no funciona. \u00bfAlguien sabe qu\u00e9 le puede pasar?<\/p>\n<p style=\"margin-top: 5px;margin-bottom: 5px\"><\/p>\n<h2>Comentarios para \u00bfla m\u00e1quina de helados de mcdonalds nunca funciona?<\/h2>\n<p style=\"margin-top: 5px;margin-bottom: 5px\"><\/p>\n<p style=\"margin-top: 5px;margin-bottom: 5px\">Esto puede ser \u00fatil:<\/p>\n<p style=\"margin-top: 5px;margin-bottom: 5px\">Las dos razones m\u00e1s comunes por las que una m\u00e1quina no funciona son:<\/p>\n<p style=\"margin-top: 5px;margin-bottom: 5px\"><\/p>\n<p style=\"margin-top: 5px;margin-bottom: 5px\">1. Una m\u00e1quina con un motor viejo. Si el motor ha muerto<\/p>\n<p style=\"margin-top: 5px;margin-bottom: 5px\"><\/p>\n<p style=\"margin-top: 5px;margin-bottom: 5px\">\u00bfEs m\u00e1s sano hacer tu propio helado?<\/p>\n<p style=\"margin-top: 5px;margin-bottom: 5px\"><\/p>\n<p style=\"margin-top: 5px;margin-bottom: 5px\">Hazte tu propio helado. Es m\u00e1s barato. T\u00fa controlas los ingredientes. Es una forma estupenda de comer verduras. Y es una buena excusa para hacer m\u00e1s helado de chocolate,<\/p>\n<\/div><\/div>","protected":false},"excerpt":{"rendered":"<p>Double Pan Fried Ice Cream Maker&nbsp; Double Pan Fried Ice Cream Maker|Product specification|Product Features|Product Description|Operation Demonstration &nbsp; Pan Fried Ice Cream Machine available in various capacities and with great attractive options at industry leading prices. In case you are planning to buy this, feel free to visit our online showroom. We are having the best [&hellip;]<\/p>\n","protected":false},"featured_media":1942,"comment_status":"open","ping_status":"open","template":"","meta":{"_swt_meta_header_display":false,"_swt_meta_footer_display":false,"_swt_meta_site_title_display":false,"_swt_meta_sticky_header":false,"_swt_meta_transparent_header":false},"product_brand":[],"product_cat":[83,77],"product_tag":[],"class_list":{"0":"post-812","1":"product","2":"type-product","3":"status-publish","4":"has-post-thumbnail","6":"product_cat-fried-ice-cream-machine","7":"product_cat-ice-cream-machine","9":"first","10":"instock","11":"shipping-taxable","12":"product-type-simple"},"_links":{"self":[{"href":"https:\/\/www.hommy.com\/es\/wp-json\/wp\/v2\/product\/812","targetHints":{"allow":["GET"]}}],"collection":[{"href":"https:\/\/www.hommy.com\/es\/wp-json\/wp\/v2\/product"}],"about":[{"href":"https:\/\/www.hommy.com\/es\/wp-json\/wp\/v2\/types\/product"}],"replies":[{"embeddable":true,"href":"https:\/\/www.hommy.com\/es\/wp-json\/wp\/v2\/comments?post=812"}],"wp:featuredmedia":[{"embeddable":true,"href":"https:\/\/www.hommy.com\/es\/wp-json\/wp\/v2\/media\/1942"}],"wp:attachment":[{"href":"https:\/\/www.hommy.com\/es\/wp-json\/wp\/v2\/media?parent=812"}],"wp:term":[{"taxonomy":"product_brand","embeddable":true,"href":"https:\/\/www.hommy.com\/es\/wp-json\/wp\/v2\/product_brand?post=812"},{"taxonomy":"product_cat","embeddable":true,"href":"https:\/\/www.hommy.com\/es\/wp-json\/wp\/v2\/product_cat?post=812"},{"taxonomy":"product_tag","embeddable":true,"href":"https:\/\/www.hommy.com\/es\/wp-json\/wp\/v2\/product_tag?post=812"}],"curies":[{"name":"wp","href":"https:\/\/api.w.org\/{rel}","templated":true}]}}