{"id":808,"date":"2024-07-02T16:38:51","date_gmt":"2024-07-02T16:38:51","guid":{"rendered":"http:\/\/localhost\/hommywp\/hm-sm-800-portable-double-pan-cold-plate-fried-ice-cream-machine\/"},"modified":"2025-08-01T09:57:42","modified_gmt":"2025-08-01T09:57:42","slug":"hm-sm-800-heladora-de-doble-sarten","status":"publish","type":"product","link":"https:\/\/www.hommy.com\/es\/p\/hm-sm-800-heladora-de-doble-sarten\/","title":{"rendered":"Hm-Sm-800 M\u00e1quina port\u00e1til de helado frito de doble plato fr\u00edo"},"content":{"rendered":"<div>\n<p>&nbsp;&nbsp;&nbsp;&nbsp;<\/p>\n<p><\/p>\n<h2 style=\"text-align: center\"><strong><span style=\"letter-spacing: 0px;font-size: 29px;font-family: arial, helvetica, sans-serif\"><a name=\"Double Pan Fried Ice Cream Maker\"><\/a>Heladera de doble sart\u00e9n<\/span><\/strong><\/h2>\n<p style=\"text-align: center\"><span style=\"font-size: 16px\"><span style=\"letter-spacing: 0px;font-family: arial, helvetica, sans-serif\"><a href=\"#Double Pan Fried Ice Cream Maker\" target=\"_self\" data-lv=\"0\" rel=\"noopener\">Heladera de doble sart\u00e9n<\/a>|<a href=\"#Product specification\" target=\"_self\" data-lv=\"0\" rel=\"noopener\">Especificaci\u00f3n del producto<\/a>|<a href=\"#Product Features\" target=\"_self\" data-lv=\"0\" rel=\"noopener\">Caracter\u00edsticas del producto<\/a>|<a href=\"#Product Description\" target=\"_self\" data-lv=\"0\" rel=\"noopener\">Descripci\u00f3n del producto<\/a>|<a href=\"#Operation Demonstration\" target=\"_self\" data-lv=\"0\" rel=\"noopener\">Demostraci\u00f3n de la operaci\u00f3n<\/a><\/span><\/span><\/p>\n<p><\/p>\n<p style=\"text-align: center\">\n<p>Somos uno de los principales fabricantes de <a style=\"color:blue\" href=\"https:\/\/www.hommy.com\/es\/maquina-de-helados-fritos\/\">M\u00e1quina de helados fritos<\/a>. Nuestros productos son ampliamente demandados en el mercado. Nuestros productos son ampliamente demandados en el mercado.<\/p>\n<h2 style=\"margin-bottom: 0px;text-align: justify\"><strong><span style=\"letter-spacing: 0px;font-size: 24px;font-weight: 700;font-family: arial, helvetica, sans-serif\"><a name=\"Product specification\"><\/a>Especificaciones del producto\uff1a<\/span><\/strong><span style=\"font-family: \u5b8b\u4f53;letter-spacing: 0px;font-size: 48px\"><\/span><\/h2>\n<p style=\"margin-bottom: 0px\"><span style=\"font-family: Calibri;font-size: 20px\">Par\u00e1metros t\u00e9cnicos:<\/span><\/p>\n<p style=\"margin-bottom: 0px\"><span style=\"font-family: Calibri;font-size: 20px\"><br \/><\/span><\/p>\n<p style=\"margin-bottom: 0px\"><span style=\"font-family: Calibri;font-size: 20px\"><br \/><\/span><\/p>\n<p style=\"margin-bottom: 0px\"><span style=\"font-family: Calibri;font-size: 20px\"><\/span><\/p>\n<p style=\"margin-top:0;margin-right:0;margin-bottom:0;margin-left:0;text-indent:0;text-align:justify\"><\/p>\n<p style=\"text-align: center\"><span style=\"font-family: Calibri;font-size: 20px\"><img decoding=\"async\" src=\"https:\/\/www.hommy.com\/wp-content\/uploads\/16007631089986.png\" alt=\"producto-Hommy-img\" title=\"\"><\/span><\/p>\n<p><span style=\"font-family: Calibri;font-size: 20px\"><br \/><\/span><\/p>\n<p><span style=\"font-weight: 700;font-family: \u5b8b\u4f53;font-size: 24px\"><br \/><\/span><\/p>\n<h2><span style=\"font-size: 24px\"><strong><span style=\"font-weight: 700;font-family: arial, helvetica, sans-serif\"><a name=\"Product Features\"><\/a>Caracter\u00edsticas del producto\uff1a<\/span><\/strong><\/span><\/h2>\n<p><span style=\"font-family: Calibri;font-size: 20px\"><\/span><\/p>\n<p><span style=\"font-family:Calibri;font-size:16px\">La sart\u00e9n es de acero inoxidable, puede utilizar agua pura, adem\u00e1s de una f\u00f3rmula preparada<\/span><span style=\"font-family:\u5b8b\u4f53;font-size:16px\">&nbsp;<\/span><span style=\"font-family:Calibri;font-size:16px\">y bebidas de frutas, puede crear una gran variedad de tipos de hielo blando y duro.<\/span><span style=\"font-family:\u5b8b\u4f53;font-size:16px\">&nbsp;<\/span><span style=\"font-family:Calibri;font-size:16px\">nata, batidos, hielo, barro helado, granizado, hielo de nieve, hielo de fruta, gachas de hielo, fruta, etc.<\/span><\/p>\n<p><span style=\"font-weight: 700;font-size: 24px;font-family: \u5b8b\u4f53\"><br \/><\/span><\/p>\n<h2><strong><span style=\"font-weight: 700;font-family: arial, helvetica, sans-serif;font-size: 24px\"><a name=\"Product Description\"><\/a>Descripci\u00f3n del producto:<\/span><\/strong><\/h2>\n<p><span style=\"font-family:Calibri;font-size:16px\">1. Alta eficiencia y efecto de baja temperatura es excelente que puede pasar la temperatura -25 \u00b0 C.<\/span><\/p>\n<p><span style=\"font-family:Calibri;font-size:16px\">2. Sistema de control humanizado: en funci\u00f3n de su material para configurar el control de temperatura de los l\u00edmites superior e inferior de -19'C a -22C.<\/span><\/p>\n<p><span style=\"font-family:Calibri;font-size:16px\">3. Funci\u00f3n de descongelaci\u00f3n por el pie que es f\u00e1cil de controlador para el trabajador .<\/span><\/p>\n<h2><span style=\"font-family: arial, helvetica, sans-serif;font-size: 24px\"><br \/><\/span><\/h2>\n<h2><span style=\"font-family: arial, helvetica, sans-serif;font-size: 24px\"><\/span><\/h2>\n<h2 style=\"margin-bottom: 0px\"><span style=\"font-weight: 700;font-family: arial, helvetica, sans-serif;font-size: 24px\"><a name=\"Operation Demonstration\"><\/a>Demostraci\u00f3n de la operaci\u00f3n:<\/span><\/h2>\n<p style=\"margin-bottom: 0px\"><span style=\"font-family: \u5b8b\u4f53;font-size: 16px\">La operaci\u00f3n es muy simple, usted puede hacer el SECO para hacer el helado despedido, usted puede agregar m\u00e1s diverso sabor y diverso material para el exsample: az\u00facar, cocinero, fruta y m\u00e1s, usted puede hacer diverso rodillo del helado del gusto.&nbsp;<\/span><\/p>\n<p style=\"margin-bottom: 0px\"><span style=\"font-family: \u5b8b\u4f53;font-size: 29px\">&nbsp;<\/span><\/p>\n<p style=\"text-align: center\"><span style=\"font-family: Calibri;font-size: 20px\"><img loading=\"lazy\" decoding=\"async\" src=\"https:\/\/www.hommy.com\/wp-content\/uploads\/16007633417754.jpg\" title=\"\" alt=\"producto-Hommy-img\" width=\"850\" height=\"311\" border=\"0\" vspace=\"0\" style=\"width: 850px;height: 311px\"><\/span><\/p>\n<p>Documento\uff1a<img decoding=\"async\" src=\"https:\/\/www.hommy.com\/wp-content\/uploads\/icon_pdf-53.gif\" style=\"margin-right: 2px\" alt=\"product-HM-SM-800 Heladera de doble sart\u00e9n-Hommy-img\" title=\"\"><a href=\"https:\/\/img80002414.weyesimg.com\/uploads\/www.hommy.com\/addon\/16027272246182.pdf\" title=\"16027272246182.pdf\" style=\"font-size: 12px\">16027272246182.pdf<\/a><\/p>\n<h2 style=\"font-family: sans-serif\">\u00bfDe qu\u00e9 sabor es el helado azul?<\/h2>\n<p style=\"margin-top: 5px;margin-bottom: 5px;font-family: sans-serif;font-size: 16px\">El helado azul es un tipo de helado, normalmente hecho con un sirope de sabor azul, y que suele servirse en un envoltorio de pl\u00e1stico.<\/p>\n<p style=\"margin-top: 5px;margin-bottom: 5px;font-family: sans-serif;font-size: 16px\"><\/p>\n<h2 style=\"font-family: sans-serif\">\u00bfSiguen existiendo los camiones de helados?<\/h2>\n<p style=\"margin-top: 5px;margin-bottom: 5px;font-family: sans-serif;font-size: 16px\">Como ya sabr\u00e1s, nuestro querido amigo Zev es un gran fan de los camiones de helados. Se sabe que les compra un cucurucho en plena noche en las calles de la ciudad. Tambi\u00e9n se sabe que les compra un cucurucho en pleno d\u00eda en las calles de la ciudad.&nbsp;<\/p>\n<p style=\"margin-top: 5px;margin-bottom: 5px;font-family: sans-serif;font-size: 16px\">Cuando era peque\u00f1o, hab\u00eda un tipo de cami\u00f3n de helados que aparec\u00eda regularmente en mi barrio. Aparcaba unas calles m\u00e1s all\u00e1, pon\u00eda m\u00fasica pop a todo volumen y bajaba por la calle sirviendo helado de vainilla o chocolate con salsa de chocolate, virutas y un cucurucho.<\/p>\n<p style=\"margin-top: 5px;margin-bottom: 5px;font-family: sans-serif;font-size: 16px\"><\/p>\n<h2 style=\"font-family: sans-serif\">\u00bfCu\u00e1nto dinero se puede ganar teniendo una helader\u00eda?<\/h2>\n<p style=\"margin-top: 5px;margin-bottom: 5px;font-family: sans-serif;font-size: 16px\">Para ganar dinero con una helader\u00eda, debe conocer los costes de funcionamiento de la misma. Esto le ayudar\u00e1 a saber cu\u00e1nto puede cobrar por los productos y servicios que ofrece. Sin embargo, esto no es todo. Para ganar dinero, hay que tener en cuenta otros costes, como el funcionamiento de la helader\u00eda y las distintas formas de ganar dinero.<\/p>\n<\/div><\/div>","protected":false},"excerpt":{"rendered":"<p>&nbsp;&nbsp;&nbsp;&nbsp; Double Pan Fried Ice Cream Maker Double Pan Fried Ice Cream Maker|Product specification|Product Features|Product Description|Operation Demonstration We are one of the leading manufacturers of Fried Ice Cream Machine. Our products are widely demanded in the market. Our products are widely demanded in the market. Product specification\uff1a Technical Parameters: Product Features\uff1a The pans is made [&hellip;]<\/p>\n","protected":false},"featured_media":1941,"comment_status":"open","ping_status":"open","template":"","meta":{"_swt_meta_header_display":false,"_swt_meta_footer_display":false,"_swt_meta_site_title_display":false,"_swt_meta_sticky_header":false,"_swt_meta_transparent_header":false},"product_brand":[],"product_cat":[83,77],"product_tag":[],"class_list":{"0":"post-808","1":"product","2":"type-product","3":"status-publish","4":"has-post-thumbnail","6":"product_cat-fried-ice-cream-machine","7":"product_cat-ice-cream-machine","9":"first","10":"instock","11":"shipping-taxable","12":"product-type-simple"},"_links":{"self":[{"href":"https:\/\/www.hommy.com\/es\/wp-json\/wp\/v2\/product\/808","targetHints":{"allow":["GET"]}}],"collection":[{"href":"https:\/\/www.hommy.com\/es\/wp-json\/wp\/v2\/product"}],"about":[{"href":"https:\/\/www.hommy.com\/es\/wp-json\/wp\/v2\/types\/product"}],"replies":[{"embeddable":true,"href":"https:\/\/www.hommy.com\/es\/wp-json\/wp\/v2\/comments?post=808"}],"wp:featuredmedia":[{"embeddable":true,"href":"https:\/\/www.hommy.com\/es\/wp-json\/wp\/v2\/media\/1941"}],"wp:attachment":[{"href":"https:\/\/www.hommy.com\/es\/wp-json\/wp\/v2\/media?parent=808"}],"wp:term":[{"taxonomy":"product_brand","embeddable":true,"href":"https:\/\/www.hommy.com\/es\/wp-json\/wp\/v2\/product_brand?post=808"},{"taxonomy":"product_cat","embeddable":true,"href":"https:\/\/www.hommy.com\/es\/wp-json\/wp\/v2\/product_cat?post=808"},{"taxonomy":"product_tag","embeddable":true,"href":"https:\/\/www.hommy.com\/es\/wp-json\/wp\/v2\/product_tag?post=808"}],"curies":[{"name":"wp","href":"https:\/\/api.w.org\/{rel}","templated":true}]}}