{"id":804,"date":"2024-07-02T16:38:48","date_gmt":"2024-07-02T16:38:48","guid":{"rendered":"http:\/\/localhost\/hommywp\/hm-sm-700-square-table-krim-goreng-ice-cream-rolled-machine\/"},"modified":"2025-08-01T09:57:42","modified_gmt":"2025-08-01T09:57:42","slug":"hm-sm-700-maquina-de-rollos-de-helado-frito","status":"publish","type":"product","link":"https:\/\/www.hommy.com\/es\/p\/hm-sm-700-maquina-de-rollos-de-helado-frito\/","title":{"rendered":"Hm-Sm-700 Mesa cuadrada Krim Goreng M\u00e1quina de helado enrollado"},"content":{"rendered":"<div>\n<p style=\"text-align: center\"><span style=\"font-family: Helvetica;letter-spacing: 0;font-size: 29px\"><br \/><\/span><\/p>\n<h2 style=\"text-align: center\"><strong><span style=\"letter-spacing: 0px;font-size: 29px;font-family: arial, helvetica, sans-serif\"><a name=\"Rolled Ice Cream Maker\"><\/a>Heladera de rodillo<\/span><\/strong><span style=\"font-family: Helvetica;letter-spacing: 0;font-size: 29px\">&nbsp;<\/span><\/h2>\n<p style=\"text-align: center\"><span style=\"letter-spacing: 0px;font-family: arial, helvetica, sans-serif;font-size: 16px\"><a href=\"#Rolled Ice Cream Maker\" target=\"_self\" data-lv=\"0\" rel=\"noopener\">Heladera de rodillo<\/a>|<a href=\"#Product specification\" target=\"_self\" data-lv=\"0\" rel=\"noopener\">Especificaci\u00f3n del producto<\/a>|<a href=\"#Product Features\" target=\"_self\" data-lv=\"0\" rel=\"noopener\">Caracter\u00edsticas del producto<\/a>|<a href=\"#Product Description\" target=\"_self\" data-lv=\"0\" rel=\"noopener\">Descripci\u00f3n del producto<\/a>|<a href=\"#Operation Demonstration\" target=\"_self\" data-lv=\"0\" rel=\"noopener\">Demostraci\u00f3n de la operaci\u00f3n<\/a><\/span><\/p>\n<p><span style=\"font-family: Helvetica;letter-spacing: 0;font-size: 29px\"><br \/><\/span><\/p>\n<p style=\"text-align: center\">\n<p>Si usted est\u00e1 en el mercado para una m\u00e1quina de helado enrollado, no hay mejor lugar para comprar que de nuestra f\u00e1brica. Hemos estado en el negocio de la fabricaci\u00f3n y venta de estas m\u00e1quinas durante a\u00f1os, y sabemos exactamente lo que nuestros clientes est\u00e1n buscando.<\/p>\n<p>Usted puede estar seguro de que cuando usted compra una m\u00e1quina de helado enrollado de nuestra f\u00e1brica, usted est\u00e1 recibiendo un producto de alta calidad que le servir\u00e1 bien durante muchos a\u00f1os por venir. Estamos tan seguros de nuestros productos que ofrecemos una garant\u00eda de satisfacci\u00f3n 100%.<\/p>\n<p>Si est\u00e1 buscando una m\u00e1quina enrolladora de helados fiable y asequible, nuestra f\u00e1brica es el lugar perfecto para comenzar su b\u00fasqueda. P\u00f3ngase en contacto con nosotros hoy mismo para obtener m\u00e1s informaci\u00f3n sobre nuestros productos y realizar su pedido.<\/p>\n<h2 style=\"margin: 0px;text-indent: 0px;text-align: justify\"><span style=\"font-family: arial, helvetica, sans-serif\"><strong><span style=\"letter-spacing: 0px;font-size: 24px\"><a name=\"Product specification\"><\/a>Especificaci\u00f3n del producto:<\/span><\/strong><\/span><\/h2>\n<p><span style=\"font-family: Calibri;font-size: 16px\">Par\u00e1metros t\u00e9cnicos:<\/span><\/p>\n<p><span style=\"font-family: Calibri;font-size: 16px\"><br \/><\/span><\/p>\n<p style=\"text-align:center\"><img decoding=\"async\" src=\"https:\/\/www.hommy.com\/wp-content\/uploads\/16007620699771.png\" alt=\"producto-Hommy-img\" title=\"\"><\/p>\n<h2><span style=\"font-size: 29px;font-family: arial, helvetica, sans-serif\"><br \/><\/span><\/h2>\n<h2><span style=\"font-family: arial, helvetica, sans-serif\"><strong><span style=\"font-size: 24px\"><a name=\"Product Features\"><\/a>Caracter\u00edsticas del producto:<\/span><\/strong><strong><span style=\"font-size: 24px\"><\/span><\/strong><\/span><\/h2>\n<p><span style=\"font-family:Calibri;font-size:16px\">La sart\u00e9n es de acero inoxidable, puede utilizar agua pura, adem\u00e1s de una f\u00f3rmula preparada<\/span><span style=\"font-family:\u5b8b\u4f53;font-size:16px\">&nbsp;<\/span><span style=\"font-family:Calibri;font-size:16px\">y bebidas de frutas, puede crear una gran variedad de tipos de hielo blando y duro.<\/span><span style=\"font-family:\u5b8b\u4f53;font-size:16px\">&nbsp;<\/span><span style=\"font-family:Calibri;font-size:16px\">nata, batidos, hielo, barro helado, granizado, hielo de nieve, hielo de fruta, gachas de hielo, fruta, etc.<\/span><\/p>\n<p><span style=\"font-family:Calibri;font-size:16px\"><br \/><\/span><\/p>\n<h2><span style=\"font-family: arial, helvetica, sans-serif\"><strong><span style=\"font-size: 24px\"><a name=\"Product Description\"><\/a>Descripci\u00f3n del producto:<\/span><\/strong><\/span><\/h2>\n<p><span style=\"font-family:Calibri;font-size:16px\">1. Alta eficiencia y efecto de baja temperatura es excelente que puede pasar la temperatura -25 \u00b0 C.<\/span><\/p>\n<p><span style=\"font-family:Calibri;font-size:16px\">2. Sistema de control humanizado: en funci\u00f3n de su material para configurar el control de temperatura de los l\u00edmites superior e inferior de -19'C a -22C.<\/span><\/p>\n<p><span style=\"font-family: Calibri;font-size: 16px\">3. Funci\u00f3n de descongelaci\u00f3n por el pie que es f\u00e1cil de controlador para el trabajador .<\/span><\/p>\n<p><span style=\"font-family:Calibri;font-size:16px\"><br \/><\/span><\/p>\n<h2><span style=\"font-family: arial, helvetica, sans-serif\"><strong><span style=\"font-size: 24px\"><a name=\"Operation Demonstration\"><\/a>Demostraci\u00f3n de la operaci\u00f3n:<\/span><\/strong><\/span><\/h2>\n<p><span style=\"font-size: 16px;font-family: \u5b8b\u4f53\">La operaci\u00f3n es muy simple, usted puede hacer el SECO para hacer el helado despedido, usted puede agregar m\u00e1s diverso sabor y diverso material para el exsample: az\u00facar, cocinero, fruta y m\u00e1s, usted puede hacer diverso rodillo del helado del gusto.&nbsp;<\/span><\/p>\n<p><span style=\"font-family:\u5b8b\u4f53;font-size:29px\">&nbsp;<\/span><\/p>\n<p style=\"text-align: center\"><img loading=\"lazy\" decoding=\"async\" src=\"https:\/\/www.hommy.com\/wp-content\/uploads\/16007621889457.jpg\" title=\"\" alt=\"producto-HM-SM-700 m\u00e1quina para hacer rollos de helado frito-Hommy-img\" width=\"850\" height=\"233\" border=\"0\" vspace=\"0\" style=\"width: 850px;height: 233px\"><\/p>\n<p><\/p>\n<p>Documento\uff1a<img decoding=\"async\" src=\"https:\/\/www.hommy.com\/wp-content\/uploads\/icon_pdf-52.gif\" style=\"margin-right: 2px\" alt=\"producto-Hommy-img\" title=\"\"><a href=\"https:\/\/img80002414.weyesimg.com\/uploads\/www.hommy.com\/addon\/16027286528684.pdf\" title=\"16027286528684.pdf\" style=\"font-size: 12px\">16027286528684.pdf<\/a><\/p>\n<h2>\u00bfEs lo mismo nata montada que nata espesa?<\/h2>\n<p style=\"margin-top: 5px;margin-bottom: 5px\"><\/p>\n<p style=\"margin-top: 5px;margin-bottom: 5px\">\u00bfCu\u00e1l es la diferencia entre nata para montar y nata espesa? No encuentro informaci\u00f3n en Internet. Cre\u00eda que la nata para montar era m\u00e1s ligera que la nata espesa.<\/p>\n<p style=\"margin-top: 5px;margin-bottom: 5px\"><\/p>\n<p style=\"margin-top: 5px;margin-bottom: 5px\"><\/p>\n<h2>\u00bfC\u00f3mo se llama la crema espesa en M\u00e9xico?<\/h2>\n<p style=\"margin-top: 5px;margin-bottom: 5px\"><\/p>\n<p style=\"margin-top: 5px;margin-bottom: 5px\">A:<\/p>\n<p style=\"margin-top: 5px;margin-bottom: 5px\"><\/p>\n<p style=\"margin-top: 5px;margin-bottom: 5px\">En M\u00e9xico la crema es un ingrediente muy importante. En muchas recetas incluso se menciona expl\u00edcitamente. La palabra habitual en los platos que conozco es crema, que es b\u00e1sicamente lo mismo que \"nata espesa\".<\/p>\n<p style=\"margin-top: 5px;margin-bottom: 5px\">En algunos casos es incluso parte integrante del plato, por ejemplo cuando es el \"ingrediente secreto\" del plato. Por ejemplo, el plato m\u00e1s importante de mi infancia eran los huevos a la crema.<\/p>\n<p style=\"margin-top: 5px;margin-bottom: 5px\"><\/p>\n<p style=\"margin-top: 5px;margin-bottom: 5px\"><\/p>\n<h2>\u00bfC\u00f3mo de fr\u00edo tiene que estar el helado para fre\u00edrlo?<\/h2>\n<p style=\"margin-top: 5px;margin-bottom: 5px\"><\/p>\n<p style=\"margin-top: 5px;margin-bottom: 5px\">El helado fr\u00edo es el mejor para fre\u00edr. La fusi\u00f3n del helado crea una base lisa para que penetre el aceite.<\/p>\n<p style=\"margin-top: 5px;margin-bottom: 5px\"><\/p>\n<p style=\"margin-top: 5px;margin-bottom: 5px\">Pero aunque se derrita, sirve para fre\u00edr.<\/p>\n<p style=\"margin-top: 5px;margin-bottom: 5px\"><\/p>\n<p style=\"margin-top: 5px;margin-bottom: 5px\">El aceite penetrar\u00e1 en el helado y el aceite del helado lo freir\u00e1.<\/p>\n<\/div><\/div>","protected":false},"excerpt":{"rendered":"<p>Rolled Ice Cream Maker&nbsp; Rolled Ice Cream Maker|Product specification|Product Features|Product Description|Operation Demonstration If you&#039;re in the market for an Ice Cream Rolled Machine, there&#039;s no better place to buy than from our factory. We&#039;ve been in the business of manufacturing and selling these machines for years, and we know exactly what our customers are looking [&hellip;]<\/p>\n","protected":false},"featured_media":1940,"comment_status":"open","ping_status":"open","template":"","meta":{"_swt_meta_header_display":false,"_swt_meta_footer_display":false,"_swt_meta_site_title_display":false,"_swt_meta_sticky_header":false,"_swt_meta_transparent_header":false},"product_brand":[],"product_cat":[83,77],"product_tag":[],"class_list":{"0":"post-804","1":"product","2":"type-product","3":"status-publish","4":"has-post-thumbnail","6":"product_cat-fried-ice-cream-machine","7":"product_cat-ice-cream-machine","9":"first","10":"instock","11":"shipping-taxable","12":"product-type-simple"},"_links":{"self":[{"href":"https:\/\/www.hommy.com\/es\/wp-json\/wp\/v2\/product\/804","targetHints":{"allow":["GET"]}}],"collection":[{"href":"https:\/\/www.hommy.com\/es\/wp-json\/wp\/v2\/product"}],"about":[{"href":"https:\/\/www.hommy.com\/es\/wp-json\/wp\/v2\/types\/product"}],"replies":[{"embeddable":true,"href":"https:\/\/www.hommy.com\/es\/wp-json\/wp\/v2\/comments?post=804"}],"wp:featuredmedia":[{"embeddable":true,"href":"https:\/\/www.hommy.com\/es\/wp-json\/wp\/v2\/media\/1940"}],"wp:attachment":[{"href":"https:\/\/www.hommy.com\/es\/wp-json\/wp\/v2\/media?parent=804"}],"wp:term":[{"taxonomy":"product_brand","embeddable":true,"href":"https:\/\/www.hommy.com\/es\/wp-json\/wp\/v2\/product_brand?post=804"},{"taxonomy":"product_cat","embeddable":true,"href":"https:\/\/www.hommy.com\/es\/wp-json\/wp\/v2\/product_cat?post=804"},{"taxonomy":"product_tag","embeddable":true,"href":"https:\/\/www.hommy.com\/es\/wp-json\/wp\/v2\/product_tag?post=804"}],"curies":[{"name":"wp","href":"https:\/\/api.w.org\/{rel}","templated":true}]}}