{"id":800,"date":"2024-07-02T16:38:43","date_gmt":"2024-07-02T16:38:43","guid":{"rendered":"http:\/\/localhost\/hommywp\/hm-sm-600-thailand-outdoor-stir-fry-ice-cream-machine-cost\/"},"modified":"2025-08-01T09:57:42","modified_gmt":"2025-08-01T09:57:42","slug":"hm-sm-600-tailandia-maquina-de-helados","status":"publish","type":"product","link":"https:\/\/www.hommy.com\/es\/p\/hm-sm-600-tailandia-maquina-de-helados\/","title":{"rendered":"Hm-Sm-600 Tailandia al aire libre Stir-Fry m\u00e1quina de helados Costo"},"content":{"rendered":"<div>\n<p><\/p>\n<h2 style=\"text-align: center\"><strong><span style=\"letter-spacing: 0px;font-size: 29px;font-family: arial, helvetica, sans-serif\"><a name=\"Rolled Ice Cream Maker\"><\/a>Heladera de rodillo<\/span><\/strong><\/h2>\n<p style=\"text-align: center\"><a href=\"#Rolled Ice Cream Maker\" target=\"_self\" data-lv=\"0\" rel=\"noopener\"><span style=\"font-size: 16px\"><span style=\"letter-spacing: 0px;font-family: arial, helvetica, sans-serif\">Heladera de rodillo<\/span><\/span><\/a><span style=\"font-size: 16px\"><span style=\"letter-spacing: 0px;font-family: arial, helvetica, sans-serif\">|<a href=\"#Product specification\" target=\"_self\" data-lv=\"0\" rel=\"noopener\">Especificaci\u00f3n del producto<\/a>|<a href=\"#Product Features\" target=\"_self\" data-lv=\"0\" rel=\"noopener\">Caracter\u00edsticas del producto<\/a>|<a href=\"#Product Description\" target=\"_self\" data-lv=\"0\" rel=\"noopener\">Descripci\u00f3n del producto<\/a>|<a href=\"#Operation Demonstration\" target=\"_self\" data-lv=\"0\" rel=\"noopener\">Demostraci\u00f3n de la operaci\u00f3n<\/a><\/span><\/span><\/p>\n<p><\/p>\n<p style=\"text-align: center\">&nbsp;&nbsp;&nbsp;&nbsp;<\/p>\n<p>En <a style=\"color:blue\" href=\"https:\/\/www.hommy.com\/es\/maquina-de-helados-fritos\/\">m\u00e1quina de helados fritos<\/a> suele ser el centro de atracci\u00f3n de la ciudad moderna. Est\u00e1 fabricada en acero inoxidable. Estas m\u00e1quinas pueden crear helado enrollado. Cuando se utiliza esta m\u00e1quina, entonces usted tiene la oportunidad de comprar su helado rollo favorito, de la manera que te gusta. Puede utilizar la m\u00e1quina de helado frito para crear los deliciosos sabores de helado. No hay muchas m\u00e1quinas en el mercado que se puede utilizar f\u00e1cilmente y crear el helado frito.<\/p>\n<h2 style=\"margin: 0px;text-indent: 0px;text-align: justify\"><span style=\"font-family: arial, helvetica, sans-serif\"><strong><span style=\"letter-spacing: 0px;font-size: 24px\"><a name=\"Product specification\"><\/a>Especificaciones del producto\uff1a<\/span><\/strong><\/span><span style=\"font-family:\u5b8b\u4f53;letter-spacing:0;font-size:48px\"> <\/span><\/h2>\n<p><span style=\"font-family: Calibri;font-size: 20px\">Par\u00e1metros t\u00e9cnicos:<\/span><\/p>\n<p><span style=\"font-family:Calibri;font-size:16px\"><br \/><\/span><\/p>\n<p style=\"text-align: center\"><img decoding=\"async\" src=\"https:\/\/www.hommy.com\/wp-content\/uploads\/16007611857247.png\" alt=\"producto-Hommy-img\" title=\"\"><\/p>\n<p><\/p>\n<p><span style=\"font-family:\u5b8b\u4f53;font-size:29px\"><br \/><\/span><\/p>\n<h2><span style=\"font-family: arial, helvetica, sans-serif\"><strong><span style=\"font-size: 24px\"><a name=\"Product Features\"><\/a>Caracter\u00edsticas del producto\uff1a<\/span><\/strong><\/span><\/h2>\n<p><span style=\"font-family:Calibri;font-size:16px\">La sart\u00e9n es de acero inoxidable, puede utilizar agua pura, adem\u00e1s de una f\u00f3rmula preparada<\/span><span style=\"font-family:\u5b8b\u4f53;font-size:16px\">&nbsp;<\/span><span style=\"font-family:Calibri;font-size:16px\">y bebidas de frutas, puede crear una gran variedad de tipos de hielo blando y duro.<\/span><span style=\"font-family:\u5b8b\u4f53;font-size:16px\">&nbsp;<\/span><span style=\"font-family:Calibri;font-size:16px\">nata, batidos, hielo, barro helado, granizado, hielo de nieve, hielo de fruta, gachas de hielo, fruta, etc.<\/span><\/p>\n<p><span style=\"font-family:Calibri;font-size:16px\"><br \/><\/span><\/p>\n<h2><span style=\"font-family: arial, helvetica, sans-serif\"><strong><span style=\"font-size: 24px\"><strong><span style=\"font-size: 24px\"><a name=\"Product Description\"><\/a>Descripci\u00f3n del producto:<\/span><\/strong><\/span><\/strong><\/span><\/h2>\n<p><span style=\"font-family:Calibri;font-size:16px\">1. Alta eficiencia y efecto de baja temperatura es excelente que puede pasar la temperatura -25 \u00b0 C.<\/span><\/p>\n<p><span style=\"font-family:Calibri;font-size:16px\">2. Sistema de control humanizado: en funci\u00f3n de su material para configurar el control de temperatura de los l\u00edmites superior e inferior de -19'C a -22C.<\/span><\/p>\n<p><span style=\"font-family:Calibri;font-size:16px\">3. Funci\u00f3n de descongelaci\u00f3n por el pie que es f\u00e1cil de controlador para el trabajador .<\/span><\/p>\n<p><span style=\"font-family:Calibri;font-size:16px\"><br \/><\/span><\/p>\n<h2><span style=\"font-family: arial, helvetica, sans-serif\"><strong><span style=\"font-size: 24px\"><a name=\"Operation Demonstration\"><\/a>Demostraci\u00f3n de la operaci\u00f3n:<\/span><\/strong><\/span><\/h2>\n<p><span style=\"font-family: \u5b8b\u4f53;font-size: 16px\">La operaci\u00f3n es muy simple, usted puede hacer el SECO para hacer el helado despedido, usted puede agregar m\u00e1s diverso sabor y diverso material para el exsample: az\u00facar, cocinero, fruta y m\u00e1s, usted puede hacer diverso rodillo del helado del gusto. <\/span><span style=\"font-family:\u5b8b\u4f53;font-size:29px\">&nbsp;<\/span><\/p>\n<p><span style=\"font-family:\u5b8b\u4f53;font-size:29px\">&nbsp;<\/span><\/p>\n<p style=\"text-align: center\"><img loading=\"lazy\" decoding=\"async\" src=\"https:\/\/www.hommy.com\/wp-content\/uploads\/16007613806711.jpg\" title=\"\" alt=\"producto-HM-SM-600 m\u00e1quina de helados tailandesa-Hommy-img\" width=\"850\" height=\"233\" border=\"0\" vspace=\"0\" style=\"width: 850px;height: 233px\"><\/p>\n<p><\/p>\n<p>Documento\uff1a<img decoding=\"async\" src=\"https:\/\/www.hommy.com\/wp-content\/uploads\/icon_pdf-51.gif\" style=\"margin-right: 2px\" alt=\"producto-Hommy-img\" title=\"\"><a href=\"https:\/\/img80002414.weyesimg.com\/uploads\/www.hommy.com\/addon\/16027282897476.pdf\" title=\"16027282897476.pdf\" style=\"font-size: 12px\">16027282897476.pdf<\/a><\/p>\n<h2>\u00bfHace Cold Stone helados enrollados?<\/h2>\n<p style=\"margin-top: 5px;margin-bottom: 5px\"><\/p>\n<p style=\"margin-top: 5px;margin-bottom: 5px\">En EE.UU., el producto se llama Cold Stone Creamery, pero todos los productos se fabrican en Canad\u00e1.<\/p>\n<p style=\"margin-top: 5px;margin-bottom: 5px\"><\/p>\n<p style=\"margin-top: 5px;margin-bottom: 5px\">\"Estamos en terreno desconocido\", afirma Peter Hahn, Consejero Delegado.<\/p>\n<p style=\"margin-top: 5px;margin-bottom: 5px\"><\/p>\n<p style=\"margin-top: 5px;margin-bottom: 5px\">La empresa factur\u00f3 $200 millones en 2009. La tienda media de Cold Stone tiene unas 150 cajas de helado.<\/p>\n<p style=\"margin-top: 5px;margin-bottom: 5px\"><\/p>\n<h2>\u00bfQu\u00e9 lleva el helado italiano?<\/h2>\n<p style=\"margin-top: 5px;margin-bottom: 5px\"><\/p>\n<p style=\"margin-top: 5px;margin-bottom: 5px\">El gelato italiano es un delicioso manjar que se encuentra en toda Italia. La palabra italiana gelato significa \"helado\" en italiano. El gelato es cremoso, se elabora con leche fresca o nata y tiene una consistencia suave y cremosa. El gelato puede tener muchas formas y texturas y m\u00e1s de 40 sabores diferentes, desde fruta y relleno de nata hasta chocolate y caramelo. Algunos de los sabores de helado m\u00e1s populares son chocolate, miel, pistacho y caf\u00e9.<\/p>\n<p style=\"margin-top: 5px;margin-bottom: 5px\"><\/p>\n<h2>\u00bfC\u00f3mo se hace la nata espesa?<\/h2>\n<p style=\"margin-top: 5px;margin-bottom: 5px\"><\/p>\n<p style=\"margin-top: 5px;margin-bottom: 5px\">La nata espesa es una crema dulce, espesa y deliciosa que se obtiene de las vacas lecheras y que a veces puede utilizarse para cocinar. Tiene un alto contenido en grasa y es muy vers\u00e1til.<\/p>\n<p style=\"margin-top: 5px;margin-bottom: 5px\"><\/p>\n<p style=\"margin-top: 5px;margin-bottom: 5px\">La mejor nata espesa para cocinar es la que se bate con cubitos de hielo para obtener una textura m\u00e1s espesa. Se puede utilizar tal cual o para hacer natillas. Se puede utilizar tanto en platos salados como dulces.<\/p>\n<\/div><\/div>","protected":false},"excerpt":{"rendered":"<p>Rolled Ice Cream Maker Rolled Ice Cream Maker|Product specification|Product Features|Product Description|Operation Demonstration &nbsp;&nbsp;&nbsp;&nbsp; The fried ice cream machine is usually the center of attraction in the modern city. It is made from the stainless steel. These machines can create rolled ice cream. When you use this machine, then you have the chance to buy your [&hellip;]<\/p>\n","protected":false},"featured_media":1939,"comment_status":"open","ping_status":"open","template":"","meta":{"_swt_meta_header_display":false,"_swt_meta_footer_display":false,"_swt_meta_site_title_display":false,"_swt_meta_sticky_header":false,"_swt_meta_transparent_header":false},"product_brand":[],"product_cat":[83,77],"product_tag":[],"class_list":{"0":"post-800","1":"product","2":"type-product","3":"status-publish","4":"has-post-thumbnail","6":"product_cat-fried-ice-cream-machine","7":"product_cat-ice-cream-machine","9":"first","10":"instock","11":"shipping-taxable","12":"product-type-simple"},"_links":{"self":[{"href":"https:\/\/www.hommy.com\/es\/wp-json\/wp\/v2\/product\/800","targetHints":{"allow":["GET"]}}],"collection":[{"href":"https:\/\/www.hommy.com\/es\/wp-json\/wp\/v2\/product"}],"about":[{"href":"https:\/\/www.hommy.com\/es\/wp-json\/wp\/v2\/types\/product"}],"replies":[{"embeddable":true,"href":"https:\/\/www.hommy.com\/es\/wp-json\/wp\/v2\/comments?post=800"}],"wp:featuredmedia":[{"embeddable":true,"href":"https:\/\/www.hommy.com\/es\/wp-json\/wp\/v2\/media\/1939"}],"wp:attachment":[{"href":"https:\/\/www.hommy.com\/es\/wp-json\/wp\/v2\/media?parent=800"}],"wp:term":[{"taxonomy":"product_brand","embeddable":true,"href":"https:\/\/www.hommy.com\/es\/wp-json\/wp\/v2\/product_brand?post=800"},{"taxonomy":"product_cat","embeddable":true,"href":"https:\/\/www.hommy.com\/es\/wp-json\/wp\/v2\/product_cat?post=800"},{"taxonomy":"product_tag","embeddable":true,"href":"https:\/\/www.hommy.com\/es\/wp-json\/wp\/v2\/product_tag?post=800"}],"curies":[{"name":"wp","href":"https:\/\/api.w.org\/{rel}","templated":true}]}}