{"id":796,"date":"2024-07-02T16:38:40","date_gmt":"2024-07-02T16:38:40","guid":{"rendered":"http:\/\/localhost\/hommywp\/hm-sm-500-flat-pan-street-roll-ice-cream-maker-for-sale-price\/"},"modified":"2025-08-01T09:57:42","modified_gmt":"2025-08-01T09:57:42","slug":"heladera-hm-sm-500-roll","status":"publish","type":"product","link":"https:\/\/www.hommy.com\/es\/p\/heladera-hm-sm-500-roll\/","title":{"rendered":"Hm-Sm-500 Plano Pan Calle Rollo Heladora Para La Venta De Precios"},"content":{"rendered":"<div>\n<p><\/p>\n<h2 style=\"text-align: center\"><span style=\"font-size: 29px;text-align: center;font-family: arial, helvetica, sans-serif\"><a name=\"Rolled Ice Cream Maker\"><\/a>Heladera de rodillo<\/span><\/h2>\n<p style=\"text-align: center\"><a href=\"http:\/\/\" target=\"_self\" data-lv=\"0\" rel=\"noopener\"><span style=\"text-align: center;font-family: arial, helvetica, sans-serif;font-size: 16px\">Heladera de rodillo<\/span><\/a><span style=\"text-align: center;font-family: arial, helvetica, sans-serif;font-size: 16px\">|<a href=\"#Product specification\" target=\"_self\" data-lv=\"0\" rel=\"noopener\">Especificaci\u00f3n del producto<\/a>|<a href=\"#Product Features\" target=\"_self\" data-lv=\"0\" rel=\"noopener\">Caracter\u00edsticas del producto<\/a>|<a href=\"#Product Description\" target=\"_self\" data-lv=\"0\" rel=\"noopener\">Descripci\u00f3n del producto<\/a>|<a href=\"#Operation Demonstration\" target=\"_self\" data-lv=\"0\" rel=\"noopener\">Demostraci\u00f3n de la operaci\u00f3n<\/a><\/span><\/p>\n<p><\/p>\n<p style=\"text-align: center\">&nbsp;&nbsp;&nbsp;&nbsp;<\/p>\n<p>contamos con un equipo dedicado que dise\u00f1a y fabrica estos productos con materiales de alta calidad para garantizar que duren mucho tiempo y ofrezcan un excelente rendimiento.ofrecemos una amplia gama de moldes de conos de pizza que se fabrican con materiales de alta calidad y tienen caracter\u00edsticas de alta calidad. Lo bueno de este molde para conos de pizza es que le ahorrar\u00e1 mucho trabajo en la elaboraci\u00f3n de su producto. Obtendr\u00e1 conos de pizza de alta calidad con facilidad. El molde para conos de pizza es muy f\u00e1cil de usar. Puede ajustar el producto seg\u00fan sus necesidades. Es un producto muy duradero. Con mucha experiencia y conocimientos, los productos se fabrican artesanalmente para garantizar la m\u00e1xima calidad. Los productos se fabrican de acuerdo con las normas establecidas. Somos conocidos por la fabricaci\u00f3n de los productos de alta calidad que son muy duraderos y duran mucho tiempo. Usted puede hacer uso de las ventajas de nuestra empresa.<\/p>\n<h2 style=\"margin: 0px;text-indent: 0px;text-align: justify\"><span style=\"font-family: arial, helvetica, sans-serif\"><strong><span style=\"letter-spacing: 0px;font-size: 24px\"><a name=\"Product specification\"><\/a>Especificaciones del producto\uff1a<\/span><\/strong><\/span><span style=\"font-family:\u5b8b\u4f53;letter-spacing:0;font-size:48px\"> <\/span><\/h2>\n<p><span style=\"font-family: Calibri;font-size: 20px\">Par\u00e1metros t\u00e9cnicos:<\/span><\/p>\n<p><span style=\"font-family: Calibri;font-size: 20px\"><br \/><\/span><\/p>\n<p><span style=\"font-family: Calibri;font-size: 20px\"><br \/><\/span><\/p>\n<p style=\"text-align: center\"><img loading=\"lazy\" decoding=\"async\" src=\"https:\/\/www.hommy.com\/wp-content\/uploads\/16007570435675.png\" title=\"\" alt=\"producto-Hommy-img\" width=\"850\" height=\"121\" border=\"0\" vspace=\"0\" style=\"width: 850px;height: 121px\"><\/p>\n<p><\/p>\n<p><strong><span style=\"font-size: 24px;font-family: \u5b8b\u4f53\"><br \/><\/span><\/strong><\/p>\n<h2><span style=\"font-family: arial, helvetica, sans-serif\"><strong><span style=\"font-size: 24px\"><a name=\"Product Features\"><\/a>Caracter\u00edsticas del producto\uff1a<\/span><\/strong><\/span><\/h2>\n<p><span style=\"font-family:Calibri;font-size:16px\">La sart\u00e9n es de acero inoxidable, puede utilizar agua pura, adem\u00e1s de una f\u00f3rmula preparada<\/span><span style=\"font-family:\u5b8b\u4f53;font-size:16px\">&nbsp;<\/span><span style=\"font-family:Calibri;font-size:16px\">y bebidas de frutas, puede crear una gran variedad de tipos de hielo blando y duro.<\/span><span style=\"font-family:\u5b8b\u4f53;font-size:16px\">&nbsp;<\/span><span style=\"font-family:Calibri;font-size:16px\">nata, batidos, hielo, barro helado, granizado, hielo de nieve, hielo de fruta, gachas de hielo, fruta, etc.<\/span><\/p>\n<h2><span style=\"font-size: 24px;font-family: arial, helvetica, sans-serif\"><strong><br \/><\/strong><\/span><\/h2>\n<h2><span style=\"font-size: 24px;font-family: arial, helvetica, sans-serif\"><strong><span style=\"font-weight: 700;font-size: 24px\"><a name=\"Product Description\"><\/a>Descripci\u00f3n del producto:<\/span><\/strong><\/span><\/h2>\n<p><span style=\"font-family:Calibri;font-size:16px\">1.Efecto de alta eficiencia y baja temperatura es excelente que puede pasar la temperatura -25 \u00b0 C.<\/span><\/p>\n<p><span style=\"font-family:Calibri;font-size:16px\">2. Sistema de control humanizado: en funci\u00f3n de su material para configurar el control de temperatura de los l\u00edmites superior e inferior de -19'C a -22C.<\/span><\/p>\n<p><span style=\"font-family:Calibri;font-size:16px\">3. Funci\u00f3n de descongelaci\u00f3n por el pie que es f\u00e1cil de controlador para el trabajador .<\/span><\/p>\n<p><span style=\"font-family:Calibri;font-size:16px\"><br \/><\/span><\/p>\n<h2><span style=\"font-family: arial, helvetica, sans-serif\"><strong><span style=\"font-size: 24px\"><a name=\"Operation Demonstration\"><\/a>Demostraci\u00f3n de la operaci\u00f3n:<\/span><\/strong><\/span><\/h2>\n<p><span style=\"font-size: 16px;font-family: \u5b8b\u4f53\">La operaci\u00f3n es muy simple, usted puede hacer el SECO para hacer el helado despedido, usted puede agregar m\u00e1s diverso sabor y diverso material para el exsample: az\u00facar, cocinero, fruta y m\u00e1s, usted puede hacer diverso rodillo del helado del gusto.<\/span><\/p>\n<p><span style=\"font-size: 16px;font-family: \u5b8b\u4f53\"><br \/><\/span><\/p>\n<p><span style=\"font-size: 16px;font-family: \u5b8b\u4f53\"><\/span><\/p>\n<p style=\"text-align:center\"><img loading=\"lazy\" decoding=\"async\" src=\"https:\/\/www.hommy.com\/wp-content\/uploads\/16007575027895.jpg\" title=\"\" alt=\"producto-Hommy-img\" width=\"850\" height=\"233\" border=\"0\" vspace=\"0\" style=\"width: 850px;height: 233px\"><\/p>\n<p><span style=\"font-size: 16px;font-family: \u5b8b\u4f53\">&nbsp;<\/span><span style=\"font-family:\u5b8b\u4f53;font-size:29px\">&nbsp;<\/span><\/p>\n<p><\/p>\n<p>Documento\uff1a<img decoding=\"async\" src=\"https:\/\/www.hommy.com\/wp-content\/uploads\/icon_pdf-50.gif\" style=\"margin-right: 2px\" alt=\"producto-HM-SM-500 Heladera de rodillo-Hommy-img\" title=\"\"><a href=\"https:\/\/img80002414.weyesimg.com\/uploads\/www.hommy.com\/addon\/16027293528800.pdf\" title=\"16027293528800.pdf\" style=\"font-size: 12px\">16027293528800.pdf<\/a><\/p>\n<h2 style=\"font-family: sans-serif\">\u00bfDe qui\u00e9n es el congelador Taylor?<\/h2>\n<p style=\"margin-top: 5px;margin-bottom: 5px;font-family: sans-serif;font-size: 16px\">Los congeladores Taylor son productos muy buenos, y funcionan muy bien. Sin embargo, en los \u00faltimos a\u00f1os, ha habido una serie de problemas con la electr\u00f3nica interna de los congeladores Taylor que han causado que fallen. Taylor ha tomado recientemente medidas para solucionar estos problemas, y los nuevos congeladores ya no se ven afectados.<\/p>\n<p style=\"margin-top: 5px;margin-bottom: 5px;font-family: sans-serif;font-size: 16px\"><\/p>\n<h2 style=\"font-family: sans-serif\">\u00bfPor qu\u00e9 sabe diferente el helado enrollado?<\/h2>\n<p style=\"margin-top: 5px;margin-bottom: 5px;font-family: sans-serif;font-size: 16px\">Mi helader\u00eda local tiene un nuevo sabor que anuncian, \"Helado enrollado de suero de mantequilla\". Parece y suena incre\u00edble, pero cuando lo pruebo, es s\u00f3lo un sabor de helado de vainilla.<\/p>\n<p style=\"margin-top: 5px;margin-bottom: 5px;font-family: sans-serif;font-size: 16px\"><\/p>\n<h2 style=\"font-family: sans-serif\">\u00bfC\u00f3mo se <a style=\"color:blue\" href=\"\/es\/\">heladora<\/a> \u00bfTrabajar?<\/h2>\n<p style=\"margin-top: 5px;margin-bottom: 5px;font-family: sans-serif;font-size: 16px\">El helado enrollado se forma de forma muy parecida a un helado convencional. <a style=\"color:blue\" href=\"\/es\/\">m\u00e1quina de helados<\/a>En una m\u00e1quina tradicional, el helado se forma congelando una cantidad de nata (normalmente, de un separador de nata, aunque tambi\u00e9n puede ser de leche) y bati\u00e9ndola hasta que est\u00e9 lo bastante blanda como para poder servirla. En cambio, en una m\u00e1quina de helado enrollado, el helado se forma congelando la leche o la nata en un molde preformado y, a continuaci\u00f3n, enrollando una placa de helado congelado. Una vez retirado de la m\u00e1quina, el helado se enrolla en una bandeja con ruedas.<\/p>\n<\/div><\/div>","protected":false},"excerpt":{"rendered":"<p>Rolled Ice Cream Maker Rolled Ice Cream Maker|Product specification|Product Features|Product Description|Operation Demonstration &nbsp;&nbsp;&nbsp;&nbsp; we have a dedicated team who design and manufacture these products with high quality materials to ensure that they last for a long time and offer excellent performance.we offer a wide range of pizza cone moulds that are manufactured using high quality [&hellip;]<\/p>\n","protected":false},"featured_media":1938,"comment_status":"open","ping_status":"open","template":"","meta":{"_swt_meta_header_display":false,"_swt_meta_footer_display":false,"_swt_meta_site_title_display":false,"_swt_meta_sticky_header":false,"_swt_meta_transparent_header":false},"product_brand":[],"product_cat":[83,77],"product_tag":[],"class_list":{"0":"post-796","1":"product","2":"type-product","3":"status-publish","4":"has-post-thumbnail","6":"product_cat-fried-ice-cream-machine","7":"product_cat-ice-cream-machine","9":"first","10":"instock","11":"shipping-taxable","12":"product-type-simple"},"_links":{"self":[{"href":"https:\/\/www.hommy.com\/es\/wp-json\/wp\/v2\/product\/796","targetHints":{"allow":["GET"]}}],"collection":[{"href":"https:\/\/www.hommy.com\/es\/wp-json\/wp\/v2\/product"}],"about":[{"href":"https:\/\/www.hommy.com\/es\/wp-json\/wp\/v2\/types\/product"}],"replies":[{"embeddable":true,"href":"https:\/\/www.hommy.com\/es\/wp-json\/wp\/v2\/comments?post=796"}],"wp:featuredmedia":[{"embeddable":true,"href":"https:\/\/www.hommy.com\/es\/wp-json\/wp\/v2\/media\/1938"}],"wp:attachment":[{"href":"https:\/\/www.hommy.com\/es\/wp-json\/wp\/v2\/media?parent=796"}],"wp:term":[{"taxonomy":"product_brand","embeddable":true,"href":"https:\/\/www.hommy.com\/es\/wp-json\/wp\/v2\/product_brand?post=796"},{"taxonomy":"product_cat","embeddable":true,"href":"https:\/\/www.hommy.com\/es\/wp-json\/wp\/v2\/product_cat?post=796"},{"taxonomy":"product_tag","embeddable":true,"href":"https:\/\/www.hommy.com\/es\/wp-json\/wp\/v2\/product_tag?post=796"}],"curies":[{"name":"wp","href":"https:\/\/api.w.org\/{rel}","templated":true}]}}